{"id":13047,"date":"2023-10-31T20:43:26","date_gmt":"2023-10-31T20:43:26","guid":{"rendered":"https:\/\/djmusicgeek.com\/topp-10-basta-dronor-att-kopa-i-irland-for-manad-ar-uppdaterad\/"},"modified":"2026-02-25T17:34:55","modified_gmt":"2026-02-25T17:34:55","slug":"topp-10-basta-dronor-att-kopa-i-irland-for-manad-ar-uppdaterad","status":"publish","type":"page","link":"https:\/\/djmusicgeek.com\/sv\/topp-10-basta-dronor-att-kopa-i-irland-for-manad-ar-uppdaterad\/","title":{"rendered":"Topp 10 b\u00e4sta dr\u00f6narna att k\u00f6pa p\u00e5 Irland f\u00f6r April 2026 [Uppdaterad]"},"content":{"rendered":"","protected":false},"excerpt":{"rendered":"","protected":false},"author":2,"featured_media":0,"parent":0,"menu_order":0,"comment_status":"closed","ping_status":"closed","template":"sales-template.php","meta":{"_acf_changed":false,"footnotes":""},"class_list":["post-13047","page","type-page","status-publish","hentry"],"acf":{"product_2_supplier":"Shopsta","product_3_supplier":"Amazon","product_4_supplier":"Amazon","product_5_supplier":"Shopsta","product_6_supplier":"Amazon","product_7_supplier":"Amazon","product_8_supplier":"Amazon","product_9_supplier":"Amazon","product_10_supplier":"Amazon","exclude_from_search":true,"product_3_price":"\u20ac69.99","product_price_shortcode":"\u20ac199.99","product_discount_price_shortcode":"\u20ac159.99","product_image_1":"https:\/\/cdn.shopify.com\/s\/files\/1\/0503\/4170\/7969\/products\/720ae794-ace9-4b5b-95c7-e496cc4521b8.jpg?v=1662413123","product_image_2":"https:\/\/djmusicgeek.com\/wp-content\/uploads\/2022\/09\/34a4b5c8-0cb9-484c-bb2f-c0f0fd4990ff.jpg.webp","product_image_3":"https:\/\/djmusicgeek.com\/wp-content\/uploads\/2022\/09\/4drc-f11.jpg","product_image_4":"https:\/\/djmusicgeek.com\/wp-content\/uploads\/2022\/09\/34a4b5c8-0cb9-484c-bb2f-c0f0fd4990ff.jpg.webp","product_image_5":"https:\/\/djmusicgeek.com\/wp-content\/uploads\/2022\/09\/4drc-f11.jpg","product_image_6":"https:\/\/imgaz.staticbg.com\/images\/oaupload\/banggood\/images\/CF\/3A\/771c533e-3f63-400e-b381-a126f6fbbeb0.jpg.webp","product_image_7":"https:\/\/imgaz.staticbg.com\/images\/oaupload\/banggood\/images\/6D\/8F\/f204aa95-4e5f-48db-a676-5df6614c1b85.jpg.webp","product_image_8":"https:\/\/imgaz.staticbg.com\/images\/oaupload\/banggood\/images\/03\/17\/434c53c6-77c2-4462-9876-5e3e474699a4.jpg.webp","product_3_asin":"B09WDBDGBZ","product_4_asin":"B0BKLCFY3J","product_6_asin":"B0CFF1SJ3P","product_7_asin":"B09VCCRRCH","product_8_asin":"B09MVYLN9L","product_9_asin":"B0B45CWJ5H","product_10_asin":"B0B21J2R92","product_2_image_1":"https:\/\/cdn.shopify.com\/s\/files\/1\/0503\/4170\/7969\/products\/4DRC-V4-WIFI-FPV-Drone-WiFi-live-video-FPV-4K-1080P-HD-Wide-Angle-Camera-Foldable_jpg_Q90_jpg_1483x1456_65162d87-3064-4360-bf51-a194c66e40ba.jpg?v=1672377201","product_2_image_2":"https:\/\/cdn.shopify.com\/s\/files\/1\/0503\/4170\/7969\/products\/4DRC-V4-WIFI-FPV-Drone-WiFi-live-video-FPV-4K-1080P-HD-Wide-Angle-Camera-Foldable.jpg_Q90.jpg__1.webp?v=1672377201","product_2_image_3":"https:\/\/cdn.shopify.com\/s\/files\/1\/0503\/4170\/7969\/products\/4DRC-V4-WIFI-FPV-Drone-WiFi-live-video-FPV-4K-1080P-HD-Wide-Angle-Camera-Foldable.jpg_Q90.jpg__2.webp?v=1672377201","product_2_price":"\u20ac139.99","product_2_discount_price":"\u20ac111.99","product_3_image_1":"https:\/\/www.shopsta.co.uk\/cdn\/shop\/files\/H9bd2e6933337414ca9080e6826e29fcaN_1000x1000.webp?v=1698783237","product_3_image_2":"https:\/\/www.shopsta.co.uk\/cdn\/shop\/files\/H747c6c365b134b6f89603c20492cc030S_800x800.webp?v=1698783238","product_3_image_3":"https:\/\/www.shopsta.co.uk\/cdn\/shop\/files\/Hd969eeab219042ac8f821e85075a3b26w_1000x1000.webp?v=1698783238","product_3_discount_price":"\u20ac55.99","product_url":"products\/4drc-f11-pro-gps-5g-wifi-fpv-with-4k-esc-hd-dual-camera-3km-flight-range-brushless-rc-drone-quadcopter-rtf","product_2_asin":"","product_5_asin":"","product_2_url":"products\/4drc-v4-wifi-fpv-drone-with-dual-4k-camera","product_3_url":"products\/e88-pro-drone-4k-dual-camera-aerial-photography-toy-helicopter\/","language_code":"sv","product_name":"4DRC F11 PRO","product_type":"Dr\u00f6nare","product_type_singular":"Dr\u00f6nare f\u00f6r de flesta anv\u00e4ndare","product_full_name":"4DRC F11 PRO 4K dr\u00f6nare med dubbla kameror","bullet_points":"<ul>\n<li>BATTERI MED H\u00d6G KAPACITET: Dr\u00f6naren levereras med ett 7,4 V 3000 mAh Lipo-batteri med h\u00f6g kapacitet som ger en betydande flygtid p\u00e5 cirka 30 minuter.<\/li>\n<li>L\u00c5NGT STYRNINGSAVST\u00c5ND: Tillverkad f\u00f6r anv\u00e4ndning p\u00e5 l\u00e5ngt h\u00e5ll, kan styras upp till ett avst\u00e5nd p\u00e5 hela 3000 m.<\/li>\n<li>KAMEROR AV PROFFSKVALITET: Utrustad med en h\u00f6gkvalitativ Real 4K ESC HD-kamera, plus en sekund\u00e4r 1080P bottenkamera f\u00f6r att f\u00e5nga kvalitetsvideor och bilder fr\u00e5n flygvinklar.<\/li>\n<li>AVANCERAT STYRNINGSSYSTEM: Har ett avancerat GPS-system med en knapptryckning och GPS Intelligent Follow f\u00f6r enkel, handsfree-kontroll.<\/li>\n<li>FLERA FLYGMODELLER: M\u00e5nga funktioner f\u00f6r varierande flygupplevelser, inklusive fotografigenk\u00e4nning med gester, flygplansplanering med flera punkter, omgivning med fasta punkter och funktion f\u00f6r att h\u00e4mta flygplan.<\/li>\n<li>DELNING: Bild- och videodelning f\u00f6r sociala medier s\u00e5 att du omedelbart kan dela med dig av dina \u00e4ventyrliga resor.<\/li>\n<\/ul>\n","features":"<p>OPTIMAL FLYGTID: Denna dr\u00f6nare ger cirka 30 minuters flygtid per laddning, vilket m\u00f6jligg\u00f6r omfattande anv\u00e4ndning och inspelning av flygbilder innan den beh\u00f6ver laddas.<br \/>\nINBYGGD KAMERA: 4DRC F11 Pro \u00e4r utrustad med dubbla kameror f\u00f6r att f\u00e5nga h\u00f6gkvalitativa 4K-bilder och videor, vilket g\u00f6r denna dr\u00f6nare till ett perfekt verktyg f\u00f6r hisnande flygfotografering och videografi.<br \/>\nUT\u00d6KAD R\u00c4CKVIDD: Med sin 2,4G-frekvenskapacitet kan den fj\u00e4rrstyras fr\u00e5n ett imponerande avst\u00e5nd p\u00e5 upp till 3000 m.<br \/>\nSTABILA FLYGALTERNATIV: Den sexaxliga gyrostabilisatorn s\u00e4kerst\u00e4ller en stadig och j\u00e4mn flygning, vilket m\u00f6jligg\u00f6r exakt man\u00f6vrering och tillf\u00f6rlitlig stabilitet under olika f\u00f6rh\u00e5llanden.<br \/>\nGPS-AKTIVERAD: Den inbyggda GPS-funktionen ger f\u00f6rb\u00e4ttrad flygs\u00e4kerhet, t.ex. funktioner f\u00f6r \u00e5terg\u00e5ng till utg\u00e5ngsl\u00e4get n\u00e4r dr\u00f6naren har l\u00e5g str\u00f6mf\u00f6rs\u00f6rjning eller f\u00f6rlorar signalen.<br \/>\nAUTONOMT FLYGL\u00c4GE: Anv\u00e4nd ruttl\u00e4get f\u00f6r flygplanering med flera punkter f\u00f6r att st\u00e4lla in en specifik v\u00e4g som dr\u00f6naren ska f\u00f6lja autonomt, s\u00e5 att du kan fokusera p\u00e5 kameran.<br \/>\nFULLST\u00c4NDIG APP: Dr\u00f6naren levereras med en anv\u00e4ndarv\u00e4nlig app som m\u00f6jligg\u00f6r GPS intelligent f\u00f6ljning, gestfotografigenk\u00e4nning, fast punkt surround och flygplansh\u00e4mtningsfunktion.<br \/>\nHUVUDL\u00d6ST L\u00c4GE: Det praktiska huvudl\u00f6sa l\u00e4get g\u00f6r det enklare f\u00f6r anv\u00e4ndare att anv\u00e4nda och kontrollera dr\u00f6naren, oavsett hur den befinner sig i luften.<\/p>\n","rating":"9.8","intro_text":"<p>P\u00e5 DJ Music Geek handlar det inte bara om beats, vi har vingar ocks\u00e5 &#8211; dr\u00f6narvingar allts\u00e5. Som sj\u00e4lvutn\u00e4mnda dr\u00f6narentusiaster f\u00f6rst\u00e5r vi hur skr\u00e4mmande det kan vara att navigera p\u00e5 den expansiva dr\u00f6narmarknaden. Det finns ett enormt utbud av alternativ och att hitta r\u00e4tt kan ofta k\u00e4nnas som att leta efter en n\u00e5l i en h\u00f6stack. F\u00f6r att spara tid och energi har vi s\u00e5llat bland alla specifikationer och beskrivningar f\u00f6r att hj\u00e4lpa dig att hitta den perfekta dr\u00f6naren som kan lyfta ditt spel.   <\/p>\n","text_before_product_box":"<p>I v\u00e5ra tester visade sig 4DRC F11 PRO 4K Dual Camera Drone vara ett enast\u00e5ende val p\u00e5 grund av dess imponerande funktioner och exceptionella v\u00e4rde f\u00f6r pengarna. Denna quadcopter erbjuder en riktig 4K ESC HD + 1080P-kamera, GPS-retur med en knapp och en flygtid p\u00e5 cirka 30 minuter &#8211; mer \u00e4n tillr\u00e4ckligt f\u00f6r de flesta anv\u00e4ndare. F\u00f6rutom sina h\u00f6gkvalitativa funktioner \u00e4r denna dr\u00f6nare rimligt prissatt, vilket g\u00f6r den till ett kostnadseffektivt val f\u00f6r dem som vill ha avancerad prestanda utan att spr\u00e4nga banken.  <\/p>\n","text_after_product_box":"<p>4DRC F11 PRO 4K Dual Camera Drone stiger h\u00f6gt i rangordningen av topprankade dr\u00f6nare och \u00e4r ett utm\u00e4rkt val f\u00f6r entusiaster. Denna dr\u00f6nare ger enast\u00e5ende valuta f\u00f6r pengarna och erbjuder avancerade funktioner till ett mycket rimligt pris. Det v\u00e4lrenommerade varum\u00e4rket och de avancerade specifikationerna \u00f6vertygar dem som s\u00f6ker b\u00e5de kvalitet och h\u00e5llbarhet.  <\/p>\n<p>Denna dr\u00f6nare \u00e4r fullpackad med funktioner som kommer att imponera p\u00e5 vem som helst. Dess riktiga 4K ESC HD + 1080P bottenkamera s\u00e4kerst\u00e4ller att du tar h\u00f6guppl\u00f6sta videor och bilder med de st\u00f6rsta detaljerna. GPS-positionering, FPV-avst\u00e5nd p\u00e5 ca 2000 m och R\/C-avst\u00e5nd p\u00e5 3000 m ger obegr\u00e4nsade m\u00f6jligheter till utforskning i luften. Dr\u00f6naren levereras med ett h\u00e5llbart 7,4V 3000mAh batteri som lovar en flygtid p\u00e5 cirka 30 minuter, vilket \u00e4r exceptionellt l\u00e4ngre \u00e4n de flesta av dess konkurrenter. Med en justerbar 90\u00b0 HD-vidvinkelkamera kan du garanterat f\u00e5nga fantastiska panoramabilder.    <\/p>\n<p>4DRC F11 PRO 4K Drone \u00e4r ett snitt ovanf\u00f6r resten med unika funktioner som g\u00f6r den anv\u00e4ndarv\u00e4nlig och effektiv. GPS-retur med en knapp, gestfotografigenk\u00e4nning, flerpunktsflygplanering f\u00f6r rutten, surround med fast punkt och flygplansh\u00e4mtningsfunktion kommer att ge alla anv\u00e4ndare en of\u00f6rgl\u00f6mlig flygupplevelse. Dessutom levereras den i ett komplett paket som inneh\u00e5ller en fj\u00e4rrkontroll, ett kraftfullt LiPo-batteri, en USB-laddningskabel, skyddsh\u00f6ljen, reservblad, en skruvmejsel och en anv\u00e4ndarhandbok. Det \u00e4r verkligen den perfekta blandningen av kvalitet, prestanda och pris!   <\/p>\n","why_the_best_text":"<p>Med sitt v\u00e4rde f\u00f6r pengarna \u00e4r 4DRC F11 PRO 4K Dual Camera Drone utan tvekan det b\u00e4sta valet bland sina samtida dr\u00f6nare. Priset ger ett utm\u00e4rkt v\u00e4rde n\u00e4r man beaktar anm\u00e4rkningsv\u00e4rda funktioner som en imponerande dubbelkamera i 4K ESC HD. Detta m\u00f6jligg\u00f6r skarpa flygbilder av h\u00f6g kvalitet och med 120\u00b0 vidvinkel f\u00f6r en bredare vy kommer dina bilder eller videor inte att g\u00f6ra dig besviken. FPV-avst\u00e5ndet \u00e4r cirka 2000 meter, vilket garanterar en stor utstr\u00e4ckning i att f\u00e5nga pittoreska terr\u00e4ng.   <\/p>\n<p>Den h\u00e4r dr\u00f6naren kan flyga upp till 3000 meter med bibeh\u00e5llen kontroll och har en h\u00e5llbar flygtid p\u00e5 cirka 30 minuter med en full laddning p\u00e5 endast 250 minuter. Tack vare GPS-positionering och optiskt fl\u00f6de \u00e4r F11 PRO idealisk f\u00f6r dem som kr\u00e4ver noggrann navigering. Dr\u00f6naren har smarta funktioner som &#8221;one key return&#8221;, &#8221;follow me&#8221;-funktion och &#8221;waypoint&#8221;-flygning, vilket g\u00f6r den anv\u00e4ndarv\u00e4nlig och perfekt \u00e4ven f\u00f6r nyb\u00f6rjare. Dessutom levereras 4DRC F11 PRO med unika och interaktiva funktioner som gestfotografigenk\u00e4nning och multi-point flygplanering f\u00f6r rutten. Det r\u00e5der ingen tvekan om att 4DRC F11 PRO 4K Dual Camera Drone \u00e4r en sofistikerad dr\u00f6nare som erbjuder en blandning av prestanda, kvalitetsbilder och l\u00e4ttanv\u00e4nda kontroller till ett mycket rimligt pris.    <\/p>\n","reviews_text":"<p>Det kan vara sv\u00e5rt att navigera p\u00e5 dr\u00f6narmarknaden, men det kan vara till stor hj\u00e4lp att veta vad man ska leta efter n\u00e4r det g\u00e4ller funktionalitet och v\u00e4rde. H\u00e4r \u00e4r sex saker som du kanske vill t\u00e4nka p\u00e5 n\u00e4r du k\u00f6per en dr\u00f6nare: <\/p>\n<ol>\n<li><b>Kamerakvalitet:<\/b> En av de fr\u00e4msta anledningarna till att m\u00e5nga m\u00e4nniskor k\u00f6per dr\u00f6nare \u00e4r f\u00f6r flygfotografering och videofunktioner. Leta efter dr\u00f6nare med h\u00f6guppl\u00f6sta kameror, eller \u00e5tminstone m\u00f6jlighet att montera en kamera av h\u00f6g kvalitet. <\/li>\n<li><b>Batteritid:<\/b> F\u00f6rs\u00f6k att hitta en dr\u00f6nare med l\u00e5ng batteritid f\u00f6r l\u00e4ngre flygningar. Som framg\u00e5r av exemplet ovan har F11 PRO fr\u00e5n 4DRC en flygtid p\u00e5 cirka 30 minuter, vilket \u00e4r ganska imponerande p\u00e5 marknaden. <\/li>\n<li><b>R\u00e4ckvidd:<\/b> Kontrollera hur l\u00e5ngt dr\u00f6naren kan f\u00e4rdas innan den tappar signalen. Vissa dr\u00f6nare har en r\u00e4ckvidd p\u00e5 flera kilometer, till exempel F11 PRO Drone med en r\u00e4ckvidd p\u00e5 3 km. <\/li>\n<li><b>Pris:<\/b> Dr\u00f6nare kan variera betydligt i pris, och det \u00e4r viktigt att hitta en som passar din budget. Dyrare dr\u00f6nare har ofta mer avancerade funktioner, t.ex. kameror med h\u00f6gre uppl\u00f6sning eller l\u00e4ngre flygtider. <\/li>\n<li><b>GPS-funktioner:<\/b> Vissa dr\u00f6nare har avancerade GPS-funktioner som till exempel m\u00f6jligheten att programmera en flygbana. Dessa extrafunktioner kan vara v\u00e4rdefulla f\u00f6r specifika anv\u00e4ndningsomr\u00e5den som kartl\u00e4ggning eller s\u00f6k- och r\u00e4ddningsarbete. <\/li>\n<li><b>H\u00e5llbarhet:<\/b> Leta efter dr\u00f6nare som \u00e4r tillverkade av h\u00e5llbara material, s\u00e4rskilt om du \u00e4r nyb\u00f6rjare eftersom kraschar och st\u00f6tar kan intr\u00e4ffa. De flesta h\u00f6gkvalitativa dr\u00f6nare \u00e4r tillverkade av h\u00e5llbara plast-, metall- och elektroniska komponenter, vilket resulterar i en produkt som t\u00e5l lite missbruk och \u00e4nd\u00e5 f\u00f6rblir funktionell. <\/li>\n<\/ol>\n","top_pick_box_text":"<p>4DRC F11 PRO 4K Dual Camera Drone sticker ut som det b\u00e4sta valet f\u00f6r dr\u00f6narentusiaster p\u00e5 grund av dess anm\u00e4rkningsv\u00e4rda kapacitet matchad med ett gynnsamt prisklass. Den har en imponerande 4K ESC HD+1080p bottenkamera och ett stort R\/C-avst\u00e5nd p\u00e5 upp till 3000m. Dess anm\u00e4rkningsv\u00e4rda funktioner inkluderar GPS-positionering, 5G WiFi FPV upp till 2000 meter, flera flygl\u00e4gen inklusive waypoint-flygning och follow me-l\u00e4ge.  <\/p>\n<p>Framf\u00f6r allt ger denna dr\u00f6nare utm\u00e4rkt valuta f\u00f6r pengarna med tanke p\u00e5 dess stora utbud av avancerade funktioner som vanligtvis finns p\u00e5 dyrare dr\u00f6nare. Fr\u00e5n en l\u00e5ng flygtid p\u00e5 cirka 30 minuter, en nyckelretur, fullt justerbar kamera till dess gestigenk\u00e4nning f\u00f6r enkel fotografering, levererar denna dr\u00f6nare \u00f6ver f\u00f6rv\u00e4ntningarna f\u00f6r sitt pris. Till r\u00e5ga p\u00e5 allt levereras den med ett 7,4 V 3000 mAh-batteri som lovar l\u00e5ngvarig underh\u00e5llning.  <\/p>\n","bottom_text":"<p>4DRC F11 PRO har imponerande egenskaper som g\u00f6r att den sticker ut p\u00e5 marknaden. Med en exceptionell flygtid, avancerad GPS-teknik och toppmoderna kamerasystem levererar denna dr\u00f6nare \u00f6verl\u00e4gsen prestanda och h\u00f6gkvalitativa bilder. 4DRC F11 PRO utm\u00e4rker sig ocks\u00e5 n\u00e4r det g\u00e4ller anv\u00e4ndarv\u00e4nlighet, med l\u00e4ttanv\u00e4nda kontroller och intuitiva flygl\u00e4gen, vilket g\u00f6r den l\u00e4mplig f\u00f6r dr\u00f6nare p\u00e5 alla erfarenhetsniv\u00e5er. Den har justerbara hastigheter och precisionssp\u00e5rning, vilket ger en j\u00e4mn, l\u00e4ttkontrollerad och stabil flygning varje g\u00e5ng. Vi hoppas att v\u00e5ra omfattande recensioner har varit insiktsfulla och hj\u00e4lpsamma i din s\u00f6kning efter den perfekta dr\u00f6naren.    <\/p>\n","product_2_full_name":"4DRC V Series WIFI FPV-dr\u00f6nare med dubbel 4K-kamera - hopf\u00e4llbar RC-dr\u00f6nare Quadcopter","product_3_full_name":"E88 Pro 4k-dr\u00f6nare - Professionell 4k-dr\u00f6nare med fj\u00e4rrkontroll","product_2_bullet_points":"<ul>\n<li>KAMERA MED H\u00d6G KVALITET: Utrustad med en dubbel 4K ultrah\u00f6guppl\u00f6st kamera, g\u00f6r det m\u00f6jligt att f\u00e5nga fantastiskt skarpa och levande bilder och videor fr\u00e5n unika flygperspektiv.<\/li>\n<li>STABIL FLYGNING: 6 A XIS-gyrot och funktionen f\u00f6r h\u00f6gh\u00e5llningsl\u00e4ge s\u00e4kerst\u00e4ller en stadig och j\u00e4mn flygning, vilket g\u00f6r det l\u00e4ttare f\u00f6r nyb\u00f6rjare att kontrollera och ta kvalitetsbilder.<\/li>\n<li>AVANCERADE FUNKTIONER: Funktioner som \u00e5terg\u00e5ng med en knapp, huvudl\u00f6st l\u00e4ge och flygbana m\u00f6jligg\u00f6r enkel navigering, vilket g\u00f6r den l\u00e4mplig f\u00f6r alla niv\u00e5er av anv\u00e4ndare, fr\u00e5n nyb\u00f6rjare till erfarna dr\u00f6narentusiaster.<\/li>\n<li>F\u00e4llbar och l\u00e4ttviktig: Den vikbara designen p\u00e5 denna quadcopter g\u00f6r den mycket b\u00e4rbar och l\u00e4tt att b\u00e4ra. Dessutom garanterar den l\u00e4tta, h\u00f6gh\u00e5llfasta och konstruktionst\u00e5liga plastkroppen h\u00e5llbarhet. <\/li>\n<li>L\u00c5NG FLYGTID: Med ett kraftfullt 3,7V 1600mAh litiumbatteri ger det en l\u00e5ng flygtid p\u00e5 15-20 minuter, s\u00e5 att du kan njuta av din flygning under en l\u00e4ngre period.<\/li>\n<li>REALTIDS\u00d6VERF\u00d6RING: Dr\u00f6naren st\u00f6der WiFi FPV (First Person View) -\u00f6verf\u00f6ring som m\u00f6jligg\u00f6r realtidsbilder i f\u00f6rsta person direkt p\u00e5 din smartphone via den anslutna appen.<\/li>\n<\/ul>\n","product_3_bullet_points":"<ul>\n<li>E88Pro-dr\u00f6naren f\u00f6rh\u00f6jer utomhus\u00e4ventyren med sin h\u00f6gkvalitativa flygfotografering och l\u00e4ttkontrollerade flygmekanik, tillverkad av slitstark, l\u00e4ttviktig h\u00f6gh\u00e5llfast konstruktionsplast.<\/li>\n<li>Den har en 4K Ultra HD-kamera med ett omkopplingsbart dubbelkamerasystem f\u00f6r vidvinkelbilder, komplett med en unik musikzoomfunktion f\u00f6r att f\u00f6rb\u00e4ttra den filmiska kvaliteten p\u00e5 videor och foton.<\/li>\n<li>Dr\u00f6naren \u00e4r utformad f\u00f6r hobbyister och entusiaster och erbjuder styrning med fyra kanaler f\u00f6r precisionsman\u00f6vrer, inklusive vertikala, horisontella och 360\u00b0 rullande r\u00f6relser f\u00f6r dynamiska panoramabilder.<\/li>\n<li>E88 Pro Drone har en flyghastighetsomkopplare med 3 niv\u00e5er som passar olika f\u00e4rdighetsniv\u00e5er, 2,4 GHz-teknik f\u00f6r minskade st\u00f6rningar och flera funktioner som LED-ljus och h\u00f6jdh\u00e5llning f\u00f6r s\u00e4krare och smidigare flygningar.<\/li>\n<li>Varje E88Pro Drone-paket inneh\u00e5ller dr\u00f6naren, fj\u00e4rrs\u00e4ndaren, 3,7V 1800mAh Lipo-batteri, USB-laddningskabel, skyddsh\u00f6ljen och reservfl\u00e4ktar, men s\u00e4ndarens batterier ing\u00e5r inte.<\/li>\n<li>Den ger upp till 20 minuters flygtid p\u00e5 en enda laddning med en r\u00e4ckvidd p\u00e5 100 meter f\u00f6r fj\u00e4rrkontrollen och laddas upp helt p\u00e5 bara 100 minuter, vilket ger en l\u00e5ng och oavbruten flygupplevelse.<\/li>\n<li>Dess h\u00e5llbara design, tillverkad av h\u00f6gh\u00e5llfast plast, s\u00e4kerst\u00e4ller att dr\u00f6naren kan klara olika utomhusf\u00f6rh\u00e5llanden f\u00f6r l\u00e5ngvarig anv\u00e4ndning.<\/li>\n<li>E88Pro-dronans breda utbud av funktioner, inklusive Wi-Fi FPV och banflygning, tillgodoser b\u00e5de nyb\u00f6rjare och erfarna piloter och ger en omfattande flygupplevelse.<\/li>\n<\/ul>\n","product_2_full_name_new":"4DRC V Series WIFI FPV-dr\u00f6nare med dubbel 4K-kamera - hopf\u00e4llbar RC-dr\u00f6nare Quadcopter","product_3_full_name_new":"E88 Pro 4k-dr\u00f6nare - Professionell 4k-dr\u00f6nare med fj\u00e4rrkontroll"},"yoast_head":"<!-- This site is optimized with the Yoast SEO plugin v27.3 - https:\/\/yoast.com\/product\/yoast-seo-wordpress\/ -->\n<title>Topp 10 b\u00e4sta dr\u00f6narna att k\u00f6pa p\u00e5 Irland f\u00f6r [month_year] [Uppdaterad] - DJ Music Geek<\/title>\n<meta name=\"robots\" content=\"index, follow, max-snippet:-1, max-image-preview:large, max-video-preview:-1\" \/>\n<link rel=\"canonical\" href=\"https:\/\/djmusicgeek.com\/sv\/topp-10-basta-dronor-att-kopa-i-irland-for-manad-ar-uppdaterad\/\" \/>\n<meta property=\"og:locale\" content=\"sv_SE\" \/>\n<meta property=\"og:type\" content=\"article\" \/>\n<meta property=\"og:title\" content=\"Topp 10 b\u00e4sta dr\u00f6narna att k\u00f6pa p\u00e5 Irland f\u00f6r [month_year] [Uppdaterad] - DJ Music Geek\" \/>\n<meta property=\"og:url\" content=\"https:\/\/djmusicgeek.com\/sv\/topp-10-basta-dronor-att-kopa-i-irland-for-manad-ar-uppdaterad\/\" \/>\n<meta property=\"og:site_name\" content=\"DJ Music Geek\" \/>\n<meta property=\"article:modified_time\" content=\"2026-02-25T17:34:55+00:00\" \/>\n<meta name=\"twitter:card\" content=\"summary_large_image\" \/>\n<script type=\"application\/ld+json\" class=\"yoast-schema-graph\">{\"@context\":\"https:\\\/\\\/schema.org\",\"@graph\":[{\"@type\":\"WebPage\",\"@id\":\"https:\\\/\\\/djmusicgeek.com\\\/sv\\\/topp-10-basta-dronor-att-kopa-i-irland-for-manad-ar-uppdaterad\\\/\",\"url\":\"https:\\\/\\\/djmusicgeek.com\\\/sv\\\/topp-10-basta-dronor-att-kopa-i-irland-for-manad-ar-uppdaterad\\\/\",\"name\":\"Topp 10 b\u00e4sta dr\u00f6narna att k\u00f6pa p\u00e5 Irland f\u00f6r [month_year] [Uppdaterad] - DJ Music Geek\",\"isPartOf\":{\"@id\":\"https:\\\/\\\/djmusicgeek.com\\\/#website\"},\"datePublished\":\"2023-10-31T20:43:26+00:00\",\"dateModified\":\"2026-02-25T17:34:55+00:00\",\"breadcrumb\":{\"@id\":\"https:\\\/\\\/djmusicgeek.com\\\/sv\\\/topp-10-basta-dronor-att-kopa-i-irland-for-manad-ar-uppdaterad\\\/#breadcrumb\"},\"inLanguage\":\"sv-SE\",\"potentialAction\":[{\"@type\":\"ReadAction\",\"target\":[\"https:\\\/\\\/djmusicgeek.com\\\/sv\\\/topp-10-basta-dronor-att-kopa-i-irland-for-manad-ar-uppdaterad\\\/\"]}]},{\"@type\":\"BreadcrumbList\",\"@id\":\"https:\\\/\\\/djmusicgeek.com\\\/sv\\\/topp-10-basta-dronor-att-kopa-i-irland-for-manad-ar-uppdaterad\\\/#breadcrumb\",\"itemListElement\":[{\"@type\":\"ListItem\",\"position\":1,\"name\":\"Hem\",\"item\":\"https:\\\/\\\/djmusicgeek.com\\\/\"},{\"@type\":\"ListItem\",\"position\":2,\"name\":\"Topp 10 b\u00e4sta dr\u00f6narna att k\u00f6pa p\u00e5 Irland f\u00f6r February 2026 [Uppdaterad]\"}]},{\"@type\":\"WebSite\",\"@id\":\"https:\\\/\\\/djmusicgeek.com\\\/#website\",\"url\":\"https:\\\/\\\/djmusicgeek.com\\\/\",\"name\":\"DJ Music Geek\",\"description\":\"\",\"potentialAction\":[{\"@type\":\"SearchAction\",\"target\":{\"@type\":\"EntryPoint\",\"urlTemplate\":\"https:\\\/\\\/djmusicgeek.com\\\/?s={search_term_string}\"},\"query-input\":{\"@type\":\"PropertyValueSpecification\",\"valueRequired\":true,\"valueName\":\"search_term_string\"}}],\"inLanguage\":\"sv-SE\"}]}<\/script>\n<!-- \/ Yoast SEO plugin. -->","yoast_head_json":{"title":"Topp 10 b\u00e4sta dr\u00f6narna att k\u00f6pa p\u00e5 Irland f\u00f6r [month_year] [Uppdaterad] - DJ Music Geek","robots":{"index":"index","follow":"follow","max-snippet":"max-snippet:-1","max-image-preview":"max-image-preview:large","max-video-preview":"max-video-preview:-1"},"canonical":"https:\/\/djmusicgeek.com\/sv\/topp-10-basta-dronor-att-kopa-i-irland-for-manad-ar-uppdaterad\/","og_locale":"sv_SE","og_type":"article","og_title":"Topp 10 b\u00e4sta dr\u00f6narna att k\u00f6pa p\u00e5 Irland f\u00f6r [month_year] [Uppdaterad] - DJ Music Geek","og_url":"https:\/\/djmusicgeek.com\/sv\/topp-10-basta-dronor-att-kopa-i-irland-for-manad-ar-uppdaterad\/","og_site_name":"DJ Music Geek","article_modified_time":"2026-02-25T17:34:55+00:00","twitter_card":"summary_large_image","schema":{"@context":"https:\/\/schema.org","@graph":[{"@type":"WebPage","@id":"https:\/\/djmusicgeek.com\/sv\/topp-10-basta-dronor-att-kopa-i-irland-for-manad-ar-uppdaterad\/","url":"https:\/\/djmusicgeek.com\/sv\/topp-10-basta-dronor-att-kopa-i-irland-for-manad-ar-uppdaterad\/","name":"Topp 10 b\u00e4sta dr\u00f6narna att k\u00f6pa p\u00e5 Irland f\u00f6r [month_year] [Uppdaterad] - DJ Music Geek","isPartOf":{"@id":"https:\/\/djmusicgeek.com\/#website"},"datePublished":"2023-10-31T20:43:26+00:00","dateModified":"2026-02-25T17:34:55+00:00","breadcrumb":{"@id":"https:\/\/djmusicgeek.com\/sv\/topp-10-basta-dronor-att-kopa-i-irland-for-manad-ar-uppdaterad\/#breadcrumb"},"inLanguage":"sv-SE","potentialAction":[{"@type":"ReadAction","target":["https:\/\/djmusicgeek.com\/sv\/topp-10-basta-dronor-att-kopa-i-irland-for-manad-ar-uppdaterad\/"]}]},{"@type":"BreadcrumbList","@id":"https:\/\/djmusicgeek.com\/sv\/topp-10-basta-dronor-att-kopa-i-irland-for-manad-ar-uppdaterad\/#breadcrumb","itemListElement":[{"@type":"ListItem","position":1,"name":"Hem","item":"https:\/\/djmusicgeek.com\/"},{"@type":"ListItem","position":2,"name":"Topp 10 b\u00e4sta dr\u00f6narna att k\u00f6pa p\u00e5 Irland f\u00f6r February 2026 [Uppdaterad]"}]},{"@type":"WebSite","@id":"https:\/\/djmusicgeek.com\/#website","url":"https:\/\/djmusicgeek.com\/","name":"DJ Music Geek","description":"","potentialAction":[{"@type":"SearchAction","target":{"@type":"EntryPoint","urlTemplate":"https:\/\/djmusicgeek.com\/?s={search_term_string}"},"query-input":{"@type":"PropertyValueSpecification","valueRequired":true,"valueName":"search_term_string"}}],"inLanguage":"sv-SE"}]}},"_links":{"self":[{"href":"https:\/\/djmusicgeek.com\/sv\/wp-json\/wp\/v2\/pages\/13047","targetHints":{"allow":["GET"]}}],"collection":[{"href":"https:\/\/djmusicgeek.com\/sv\/wp-json\/wp\/v2\/pages"}],"about":[{"href":"https:\/\/djmusicgeek.com\/sv\/wp-json\/wp\/v2\/types\/page"}],"author":[{"embeddable":true,"href":"https:\/\/djmusicgeek.com\/sv\/wp-json\/wp\/v2\/users\/2"}],"replies":[{"embeddable":true,"href":"https:\/\/djmusicgeek.com\/sv\/wp-json\/wp\/v2\/comments?post=13047"}],"version-history":[{"count":2,"href":"https:\/\/djmusicgeek.com\/sv\/wp-json\/wp\/v2\/pages\/13047\/revisions"}],"predecessor-version":[{"id":17293,"href":"https:\/\/djmusicgeek.com\/sv\/wp-json\/wp\/v2\/pages\/13047\/revisions\/17293"}],"wp:attachment":[{"href":"https:\/\/djmusicgeek.com\/sv\/wp-json\/wp\/v2\/media?parent=13047"}],"curies":[{"name":"wp","href":"https:\/\/api.w.org\/{rel}","templated":true}]}}