{"id":12782,"date":"2024-06-14T21:53:57","date_gmt":"2024-06-14T21:53:57","guid":{"rendered":"https:\/\/djmusicgeek.com\/basta-gaming-topp-10-basta-gaming-headset-att-kopa-for\/"},"modified":"2026-03-01T13:47:47","modified_gmt":"2026-03-01T13:47:47","slug":"basta-gaming-topp-10-basta-gaming-headset-att-kopa-for","status":"publish","type":"page","link":"https:\/\/djmusicgeek.com\/sv\/basta-gaming-topp-10-basta-gaming-headset-att-kopa-for\/","title":{"rendered":"Topp 10 b\u00e4sta gamingheadset &#8211;"},"content":{"rendered":"","protected":false},"excerpt":{"rendered":"","protected":false},"author":2,"featured_media":0,"parent":0,"menu_order":0,"comment_status":"closed","ping_status":"closed","template":"sales-template.php","meta":{"_acf_changed":true,"footnotes":""},"class_list":["post-12782","page","type-page","status-publish","hentry"],"acf":{"product_3_supplier":"Amazon","product_4_supplier":"Amazon","product_5_supplier":"Amazon","product_6_supplier":"Amazon","product_7_supplier":"Amazon","product_8_supplier":"Amazon","product_9_supplier":"Amazon","product_10_supplier":"Amazon","product_3_url":"","exclude_from_search":true,"product_2_supplier":"Shopsta","text_before_product_box":"","product_2_asin":"","product_2_shortcode":"","product_2_text_after":"","product_3_full_name":"","product_3_full_name_new":"","product_3_shortcode":"","product_3_text_after":"","product_4_full_name":"","product_4_full_name_new":"","product_4_shortcode":"","product_4_text_after":"","product_5_full_name":"","product_5_full_name_new":"","product_5_shortcode":"","product_5_text_after":"","product_6_full_name":"","product_6_full_name_new":"","product_6_shortcode":"","product_6_text_after":"","product_7_full_name":"","product_7_full_name_new":"","product_7_shortcode":"","product_7_text_after":"","product_8_full_name":"","product_8_full_name_new":"","product_8_shortcode":"","product_8_text_after":"","product_9_full_name":"","product_9_full_name_new":"","product_9_asin":"","product_9_text_after":"","product_9_shortcode":"","product_10_full_name":"","product_10_asin":"","product_10_shortcode":"","product_10_text_after":"","product_3_bullet_points":"","product_3_image_1":"","product_3_image_2":"","product_3_image_3":"","product_price_shortcode":"1,499 Kr","product_discount_price_shortcode":"1,199 Kr","product_2_price":"1,599 Kr","product_2_discount_price":"1,279 Kr","product_3_asin":"B07B81D162","product_4_asin":"B07PRYFGXG","product_5_asin":"B08NTYB4M7","product_6_asin":"B07FZVXS8H","product_7_asin":"B09GW7NHL4","product_8_asin":"B07W5JKB8Z","product_url":"products\/commander-g-series-wireless-edition","product_image_1":"https:\/\/www.shopsta.co.uk\/cdn\/shop\/files\/O1CN01ZcemJx1QlNZq4L8LS__2901482016-0-ampmedia_798x798.jpg?v=1764763575","product_image_2":"https:\/\/www.shopsta.co.uk\/cdn\/shop\/files\/O1CN01IR0kAX1QlNZrMlWQ4__2901482016-0-ampmedia_798x798.jpg?v=1764763575","product_image_3":"https:\/\/www.shopsta.co.uk\/cdn\/shop\/files\/O1CN01ofXqk01QlNZqNuSLV__2901482016-0-ampmedia_798x798.jpg?v=1764763575","product_image_4":"https:\/\/djmusicgeek.com\/wp-content\/uploads\/2025\/12\/commander-top-50.jpeg","product_image_5":"https:\/\/www.shopsta.co.uk\/cdn\/shop\/files\/O1CN01ZcemJx1QlNZq4L8LS__2901482016-0-ampmedia_798x798.jpg?v=1764763575","product_2_url":"products\/somic-g-series-wireless-gaming-headset","product_2_image_1":"https:\/\/djmusicgeek.com\/wp-content\/uploads\/2023\/02\/SOMIC-G760-Wireless-Gamer-Headset-Detachable-Mic-Bluetooth-2-4G-Wired-3in1-Headphone-for-PS5-PS4.jpg_Q90.jpg","product_2_image_2":"https:\/\/djmusicgeek.com\/wp-content\/uploads\/2023\/02\/8c6029491e9d78d6d7c55d6a97d52490_1600x1600_d063843b-7174-45e3-a17a-1f9f816a4166_1360x1360.webp","product_2_image_3":"https:\/\/djmusicgeek.com\/wp-content\/uploads\/2023\/02\/650d93954cd3914c2b7de270df928da5_1600x1600_256d8234-8373-4a0b-8fcc-eed1c89a1b70_1360x1360.webp","product_image_6":"","product_image_7":"","product_image_8":"","language_code":"sv","product_name":"Commander G-serien","product_type":"Headset f\u00f6r spel","product_type_singular":"Headset f\u00f6r spel","product_full_name":"Commander G Series - 160 timmars batteri - 7.1 surroundljud tr\u00e5dl\u00f6st gamingheadset","bullet_points":"<ul>\n<li>SPELA SOM ALDRIG F\u00d6RR: Helt klart v\u00e5rt f\u00f6rstahandsval av tr\u00e5dl\u00f6sa gamingheadset med otroligt riktat ljud och fantastisk komfort.<\/li>\n<li>INBYGGT 7.1 SURROUNDLJUD: Njut av suver\u00e4nt, balanserat 7.1 surroundljud med Commander G Series surroundljud-gamingheadset.<\/li>\n<li>L\u00c5NG BATTERITID: Enormt 160+ timmars batteri och 20ms tr\u00e5dl\u00f6s f\u00f6rdr\u00f6jning ger dig effektivt ljud i realtid.<\/li>\n<li>PROFESSIONELLA 50 MM H\u00d6GTALARE: Stora 50 millimeters h\u00f6gtalarenheter kombinerade med neodymmagneter ger professionell studioljudkvalitet med kraftfull bas, klar s\u00e5ng och skarpa l\u00e5ga, mellanh\u00f6ga och h\u00f6ga toner f\u00f6r att skapa ett perfekt balanserat ljud.<\/li>\n<li>3 GAMING MODES: V\u00e4lj r\u00e4tt l\u00e4ge f\u00f6r dig, med spell\u00e4ge, filml\u00e4ge och musikl\u00e4ge kan du v\u00e4lja den b\u00e4sta EQ som passar din spelstil.<\/li>\n<li>Anpassad ljudchip: Den anpassade virtuella 7.1-surroundljudenheten fr\u00e5n GS g\u00f6r det enklare \u00e4n n\u00e5gonsin att f\u00f6lja fiendens fotsp\u00e5r i spel som Call of Duty. Detta anpassade chip ger exakt ljudprecision i alla riktningar, vilket ger dig nya f\u00f6rdelar i spelet. <\/li>\n<li>KOMPATIBEL MED ALLA KONSOLER: Fungerar tr\u00e5dl\u00f6st med PS5, PS4, PC och Mac. Anv\u00e4nd 3,5 mm h\u00f6rlursuttag f\u00f6r Xbox och andra enheter. <\/li>\n<li>CRYSTAL CLEAR MIC: S\u00e4rskilt utformad f\u00f6r gaming med 160\u00b0 sv\u00e4ngbar arm som stannar p\u00e5 plats n\u00e4r den v\u00e4l \u00e4r placerad. Den h\u00e4r brusreducerande mikrofonen g\u00f6r att du h\u00f6rs tydligt \u00e4ven med kraftigt bakgrundsljud. <\/li>\n<\/ul>\n","features":"<p>7.1 Virtuellt surroundljud<br \/>\n\u00d6ronkuddar f\u00f6r bekv\u00e4mt l\u00e5ngtidsspelande<br \/>\nTydlig mikrofon f\u00f6r chatt<br \/>\nFlexibel justerbar avtagbar mikrofon<br \/>\nEnormt 160+ timmars batteritid<br \/>\nStora 50mm dynamiska h\u00f6gtalare<br \/>\nTr\u00e5dl\u00f6s 2,4GHz-anslutning<br \/>\nFungerar som h\u00f6rlurar f\u00f6r musik<\/p>\n","rating":"9.8","intro_text":"<p>H\u00e4r p\u00e5 DJ Music Geek \u00e4r vi besatta av allt som har med ljud att g\u00f6ra. Med v\u00e5r passion f\u00f6r ljud och k\u00e4rlek till gaming har vi testat de b\u00e4sta gamingheadseten som finns tillg\u00e4ngliga p\u00e5 marknaden att k\u00f6pa f\u00f6r 2026. Gamingheadset \u00e4r nu en mycket viktig del av spelandet, d\u00e4r det finns stora f\u00f6rdelar med att \u00e4ga ett gamingheadset av utm\u00e4rkt kvalitet. Det \u00e4r nu en viktig del av att g\u00f6ra bra ifr\u00e5n sig i spel som Call of Duty, Battlefield, CS:GO, PUBG och Rainbow Six f\u00f6r att bara n\u00e4mna n\u00e5gra.   <\/p>\n<p>Genom att helt enkelt ha ett b\u00e4ttre headset f\u00e5r du en f\u00f6rdel j\u00e4mf\u00f6rt med dina konkurrenter och kan h\u00f6ra dem b\u00e4ttre och p\u00e5 l\u00e4ngre avst\u00e5nd. Inte bara det, att enkelt kunna kommunicera med dina v\u00e4nner och att vara bekv\u00e4m \u00e4r n\u00e5gra andra viktiga faktorer att t\u00e4nka p\u00e5. Den h\u00e4r guiden ger dig n\u00e5gra rekommendationer om v\u00e5ra mest f\u00f6redragna, h\u00f6gkvalitativa, bekv\u00e4ma och b\u00e4sta headsets att v\u00e4lja mellan.  <\/p>\n","text_after_product_box":"<p>S\u00e5 varf\u00f6r \u00e4r Commander G Series det b\u00e4sta valet av alla headset vi har testat? F\u00f6r det f\u00f6rsta var surroundljudet i detta headset det b\u00e4sta av alla v\u00e5ra tester. Vi testade headseten med den senaste Call of Duty f\u00f6r att testa hur l\u00e4tt vi kunde lokalisera fiendens positioner. Du kan tydligt h\u00f6ra riktningsljud som hj\u00e4lper dig att hitta fiender innan du ser dem. Ljudkvaliteten \u00e4r exceptionell och vi vann fler matcher.<\/p>\n<p>Nya Commander G Series \u00e4r premiumseriens toppmodell av gamingheadset med 160 timmars 2,4GHz tr\u00e5dl\u00f6st gaming per laddning. Den tar bort behovet av sladdar som ansluter dig till din konsol eller dator och ger n\u00e4sta generations tr\u00e5dl\u00f6sa 2,4 GHz-spel. Det \u00e4r l\u00e4tt och superbekv\u00e4mt och har allt du kan t\u00e4nka dig n\u00e4r det g\u00e4ller ett h\u00f6gpresterande headset. Den uppgraderade 7.1 virtuella surroundljudenheten med uppdaterade drivrutiner tar verkligen saker till n\u00e4sta niv\u00e5. Det b\u00e4sta med G-serien \u00e4r priset. Med tanke p\u00e5 att liknande headset kostar \u00f6ver 150 \u20ac rekommenderar vi denna modell framf\u00f6r andra eftersom du slipper sladdar, f\u00e5r ett otroligt 160+ timmars batteri och dessutom f\u00e5r uppgraderat ljud.     <\/p>\n<p>Vi rankar detta som v\u00e5rt b\u00e4sta tr\u00e5dl\u00f6sa headset att k\u00f6pa 2026.<\/p>\n<h2 class=\"\">Produkt\u00f6versikt:<\/h2>\n<p>S\u00e5 varf\u00f6r \u00e4r Commander G Series det b\u00e4sta valet av alla headset vi har testat? H\u00e4r \u00e4r 5 sk\u00e4l till varf\u00f6r vi tycker att G:s var b\u00e4st: <\/p>\n<p><strong>1<\/strong> ) F\u00f6r det f\u00f6rsta var surroundljudfunktionerna i detta headset b\u00e4st av alla v\u00e5ra tester. Vi testade headseten med den senaste Call of Duty f\u00f6r att testa hur l\u00e4tt vi kunde lokalisera fiendens positioner. Du kan tydligt h\u00f6ra riktningsljud som hj\u00e4lper dig att hitta fiender innan du ser dem.  <\/p>\n<p><strong>2<\/strong> ) G-serien \u00e4r riktigt bekv\u00e4m. Under v\u00e5ra m\u00e5nga 6-timmarstester upplevde vi inte n\u00e5got verkligt obehag alls. De kl\u00e4mmer inte \u00e5t huvudet, utan sitter ist\u00e4llet riktigt fint och bekv\u00e4mt p\u00e5 toppen. G&#8217;s \u00e4r v\u00e4l vadderade p\u00e5 \u00f6ronen och passar bra \u00f6ver huvudet.   <\/p>\n<p><strong>3<\/strong> ) En annan fantastisk funktion som de byggt in i G-serien \u00e4r den f\u00f6rarl\u00f6sa installationen. Du kan bara koppla in den via en tr\u00e5dl\u00f6s USB-dongel och sedan \u00e4r du ig\u00e5ng med fullt 7.1 virtuellt surroundljud. Du beh\u00f6ver inte installera komplicerade drivrutiner och patchar. Det \u00e4r bara att plugga in och k\u00f6ra.   <\/p>\n","why_the_best_text":"<p>I v\u00e5ra tester uppt\u00e4ckte vi att ett h\u00f6gre pris inte alltid betydde h\u00f6gre kvalitet. N\u00e5gra av de mer v\u00e4lk\u00e4nda m\u00e4rkena som SteelSeries, Astro och Logitech producerade verkligen bra headset, men kostnaden gjorde att de kostade dubbelt eller tre g\u00e5nger s\u00e5 mycket som Commander G Series. N\u00e4r vi j\u00e4mf\u00f6rde saker som komfort, surroundljudets klarhet och \u00f6vergripande funktioner uppt\u00e4ckte vi att Commander G Series \u00f6verlag kom ut p\u00e5 topp med det h\u00f6gsta totala betyget baserat p\u00e5 v\u00e5ra 6 huvudfaktorer: ljud, komfort, batteritid, tillf\u00f6rlitlighet, anslutning och pris.  <\/p>\n","reviews_text":"<p>Det \u00e4r viktigt att titta p\u00e5 vad som kr\u00e4vs av ett bra gamingheadset. Vi har tagit fram 6 viktiga saker som du m\u00e5ste t\u00e4nka p\u00e5 f\u00f6r alla headsets: <\/p>\n<p>1) Bra ljud &#8211; vi kan inte g\u00e5 utan denna viktiga komponent!<br \/>\n2) Komfort &#8211; kan vi spela i timmar utan obehag<br \/>\n3) Batteritid &#8211; hur l\u00e4nge r\u00e4cker batteriet om det \u00e4r tr\u00e5dl\u00f6st?<br \/>\n4) P\u00e5litlighet &#8211; beh\u00f6ver jag oroa mig f\u00f6r byggkvaliteten?<br \/>\n5) Anslutningsm\u00f6jligheter &#8211; hur l\u00e4tt \u00e4r det att ansluta?<br \/>\n6) Pris &#8211; \u00e4r det \u00f6verkomligt eller betalar jag f\u00f6r mycket?<\/p>\n<p>Vi har granskat och best\u00e4llt ovanst\u00e5ende h\u00f6rlurar baserat p\u00e5 dessa faktorer. Det \u00e4r viktigt att t\u00e4cka alla behov n\u00e4r du v\u00e4ljer headset, eftersom det r\u00e4cker med att en aspekt inte fungerar f\u00f6r att f\u00f6rst\u00f6ra din upplevelse. Sammantaget \u00e4r v\u00e5rt f\u00f6rstahandsval Commander G-serien.<\/p>\n","top_pick_box_text":"<p>N\u00e4r det g\u00e4ller ett gamingheadset vill du ha alla funktioner samlade i en snygg design. Commander G Series levererar enligt v\u00e5r \u00e5sikt allt du kan \u00f6nska dig i ett tr\u00e5dl\u00f6st gamingheadset till ett fantastiskt pris. <\/p>\n<p>Med h\u00f6g byggkvalitet, bra batteritid, extremt p\u00e5litlig anslutning och kompatibilitet med alla konsoler ger vi G-serien 9,8 av 10 m\u00f6jliga betyg.<\/p>\n<p>Efter att ha anv\u00e4nt enheten i cirka 5 m\u00e5nader nu med daglig anv\u00e4ndning, kan vi inte se oss sj\u00e4lva byta till en annan enhet inom den n\u00e4rmaste tiden.<\/p>\n<p>F\u00e5 gratis leverans n\u00e4r du handlar p\u00e5 Shopsta.<\/p>\n","bottom_text":"<p>Commander G-serien har stora dynamiska h\u00f6gtalarelement p\u00e5 50 mm, vilket \u00e4r mer \u00e4n tillr\u00e4ckligt f\u00f6r den genomsnittliga anv\u00e4ndaren. Vid full volym kan headsetet anses vara f\u00f6r h\u00f6gt.  Detta \u00e4r dock bra eftersom du kan skr\u00e4ddarsy ljudet efter dina inst\u00e4llningar. Med andra funktioner som bekv\u00e4m \u00f6ronvaddering, 160 timmars batteritid och 3 EQ-l\u00e4gen i spelet ger Commander G Series definitivt den ultimata spelupplevelsen. Om du ska v\u00e4lja den h\u00e4r enheten, se till att du f\u00e5r 20% rabatt p\u00e5 f\u00f6rs\u00e4ljningspriset n\u00e4r du anv\u00e4nder rabattkoden i kassan. Tack f\u00f6r att du l\u00e4ste v\u00e5ra recensioner ovan och vi hoppas att vi har hj\u00e4lpt dig att hitta r\u00e4tt headset som passar dina behov.   <\/p>\n","product_2_full_name":"SOMiC G Series - Tr\u00e5dl\u00f6st 7.1 gamingheadset med avtagbar mikrofon","product_2_bullet_points":"<ul>\n<li>B\u00c4STA PRISV\u00c4RDA GAMINGHEADSET: SOMiC G Series \u00e4r ett stors\u00e4ljande headset k\u00e4nt f\u00f6r sin prestanda och design.<\/li>\n<li>INBYGGT 7.1 SURROUNDLJUD: Njut av suver\u00e4nt, balanserat 7.1 surroundljud med SOMiC G surroundljud-gamingheadset.<\/li>\n<li>PROFESSIONELLA 50 MM H\u00d6GTALARE: Stora 50 millimeters h\u00f6gtalarenheter kombinerade med neodymmagneter ger professionell studioljudkvalitet med kraftfull bas, klar s\u00e5ng och skarpa l\u00e5ga, mellanh\u00f6ga och h\u00f6ga toner f\u00f6r att skapa ett perfekt balanserat ljud.<\/li>\n<li>3 GAMING MODES: V\u00e4lj r\u00e4tt l\u00e4ge f\u00f6r dig, med spell\u00e4ge, filml\u00e4ge och musikl\u00e4ge kan du v\u00e4lja den b\u00e4sta EQ som passar din spelstil.<\/li>\n<li>ANPASSAD LJUDCHIP: Den anpassade virtuella 7.1-surroundljudenheten i G-serien g\u00f6r det enklare \u00e4n n\u00e5gonsin att f\u00f6lja fiendens fotsteg i spel som Call of Duty. Detta anpassade chip ger exakt ljudprecision i alla riktningar, vilket ger dig nya f\u00f6rdelar i spelet. <\/li>\n<li>KOMPATIBEL MED ALLA KONSOLER: Fungerar med PS5, PS4, PC &#038; Mac via USB. Anv\u00e4nd 3,5 mm h\u00f6rlursuttag f\u00f6r Xbox och andra enheter. <\/li>\n<li>CRYSTAL CLEAR MIC: S\u00e4rskilt utformad f\u00f6r gaming med 160\u00b0 sv\u00e4ngbar arm som stannar p\u00e5 plats n\u00e4r den v\u00e4l \u00e4r placerad. Den h\u00e4r brusreducerande mikrofonen g\u00f6r att du h\u00f6rs tydligt \u00e4ven med kraftigt bakgrundsljud. <\/li>\n<\/ul>\n","text_after_product_box_2":"<p><strong>4)<\/strong> Mikrofonen \u00e4r kristallklar, den har till och med en dubbel brusreducerande mikrofon som sitter p\u00e5 utsidan av \u00f6ronk\u00e5pan f\u00f6r att lyssna efter bakgrundsljud och eliminera det fr\u00e5n din r\u00f6stchatt i spelet.<\/p>\n<p><strong>5<\/strong> ) Batteritiden \u00e4r en viktig faktor n\u00e4r det g\u00e4ller tr\u00e5dl\u00f6sa headset, s\u00e5 det \u00e4r b\u00e4st att v\u00e4lja ett headset med bra kapacitet. Commander G Series utm\u00e4rker sig som ett av de b\u00e4sta headseten n\u00e4r det g\u00e4ller batteritid. Hela 160+ timmar utan laddning.  Jag har testat detta sj\u00e4lv och tror faktiskt att den har h\u00e5llit l\u00e4ngre \u00e4n den officiella siffran. Men \u00e4nd\u00e5 \u00e4r 160 timmar en v\u00e4ldigt l\u00e5ng tid utan att beh\u00f6va ladda och en annan bra funktion \u00e4r att du kan ladda och spela samtidigt, vilket \u00e4r trevligt.<\/p>\n","product_2_full_name_new":"SOMiC G Series - Tr\u00e5dl\u00f6st 7.1 gamingheadset med avtagbar mikrofon"},"yoast_head":"<!-- This site is optimized with the Yoast SEO plugin v27.4 - https:\/\/yoast.com\/product\/yoast-seo-wordpress\/ -->\n<title>Topp 10 b\u00e4sta gamingheadset - DJ Music Geek<\/title>\n<meta name=\"robots\" content=\"index, follow, max-snippet:-1, max-image-preview:large, max-video-preview:-1\" \/>\n<link rel=\"canonical\" href=\"https:\/\/djmusicgeek.com\/sv\/basta-gaming-topp-10-basta-gaming-headset-att-kopa-for\/\" \/>\n<meta property=\"og:locale\" content=\"sv_SE\" \/>\n<meta property=\"og:type\" content=\"article\" \/>\n<meta property=\"og:title\" content=\"Topp 10 b\u00e4sta gamingheadset - DJ Music Geek\" \/>\n<meta property=\"og:url\" content=\"https:\/\/djmusicgeek.com\/sv\/basta-gaming-topp-10-basta-gaming-headset-att-kopa-for\/\" \/>\n<meta property=\"og:site_name\" content=\"DJ Music Geek\" \/>\n<meta property=\"article:modified_time\" content=\"2026-03-01T13:47:47+00:00\" \/>\n<meta name=\"twitter:card\" content=\"summary_large_image\" \/>\n<script type=\"application\/ld+json\" class=\"yoast-schema-graph\">{\"@context\":\"https:\\\/\\\/schema.org\",\"@graph\":[{\"@type\":\"WebPage\",\"@id\":\"https:\\\/\\\/djmusicgeek.com\\\/sv\\\/basta-gaming-topp-10-basta-gaming-headset-att-kopa-for\\\/\",\"url\":\"https:\\\/\\\/djmusicgeek.com\\\/sv\\\/basta-gaming-topp-10-basta-gaming-headset-att-kopa-for\\\/\",\"name\":\"Topp 10 b\u00e4sta gamingheadset - DJ Music Geek\",\"isPartOf\":{\"@id\":\"https:\\\/\\\/djmusicgeek.com\\\/#website\"},\"datePublished\":\"2024-06-14T21:53:57+00:00\",\"dateModified\":\"2026-03-01T13:47:47+00:00\",\"breadcrumb\":{\"@id\":\"https:\\\/\\\/djmusicgeek.com\\\/sv\\\/basta-gaming-topp-10-basta-gaming-headset-att-kopa-for\\\/#breadcrumb\"},\"inLanguage\":\"sv-SE\",\"potentialAction\":[{\"@type\":\"ReadAction\",\"target\":[\"https:\\\/\\\/djmusicgeek.com\\\/sv\\\/basta-gaming-topp-10-basta-gaming-headset-att-kopa-for\\\/\"]}]},{\"@type\":\"BreadcrumbList\",\"@id\":\"https:\\\/\\\/djmusicgeek.com\\\/sv\\\/basta-gaming-topp-10-basta-gaming-headset-att-kopa-for\\\/#breadcrumb\",\"itemListElement\":[{\"@type\":\"ListItem\",\"position\":1,\"name\":\"Hem\",\"item\":\"https:\\\/\\\/djmusicgeek.com\\\/\"},{\"@type\":\"ListItem\",\"position\":2,\"name\":\"Topp 10 b\u00e4sta gamingheadset &#8211;\"}]},{\"@type\":\"WebSite\",\"@id\":\"https:\\\/\\\/djmusicgeek.com\\\/#website\",\"url\":\"https:\\\/\\\/djmusicgeek.com\\\/\",\"name\":\"DJ Music Geek\",\"description\":\"\",\"potentialAction\":[{\"@type\":\"SearchAction\",\"target\":{\"@type\":\"EntryPoint\",\"urlTemplate\":\"https:\\\/\\\/djmusicgeek.com\\\/?s={search_term_string}\"},\"query-input\":{\"@type\":\"PropertyValueSpecification\",\"valueRequired\":true,\"valueName\":\"search_term_string\"}}],\"inLanguage\":\"sv-SE\"}]}<\/script>\n<!-- \/ Yoast SEO plugin. -->","yoast_head_json":{"title":"Topp 10 b\u00e4sta gamingheadset - DJ Music Geek","robots":{"index":"index","follow":"follow","max-snippet":"max-snippet:-1","max-image-preview":"max-image-preview:large","max-video-preview":"max-video-preview:-1"},"canonical":"https:\/\/djmusicgeek.com\/sv\/basta-gaming-topp-10-basta-gaming-headset-att-kopa-for\/","og_locale":"sv_SE","og_type":"article","og_title":"Topp 10 b\u00e4sta gamingheadset - DJ Music Geek","og_url":"https:\/\/djmusicgeek.com\/sv\/basta-gaming-topp-10-basta-gaming-headset-att-kopa-for\/","og_site_name":"DJ Music Geek","article_modified_time":"2026-03-01T13:47:47+00:00","twitter_card":"summary_large_image","schema":{"@context":"https:\/\/schema.org","@graph":[{"@type":"WebPage","@id":"https:\/\/djmusicgeek.com\/sv\/basta-gaming-topp-10-basta-gaming-headset-att-kopa-for\/","url":"https:\/\/djmusicgeek.com\/sv\/basta-gaming-topp-10-basta-gaming-headset-att-kopa-for\/","name":"Topp 10 b\u00e4sta gamingheadset - DJ Music Geek","isPartOf":{"@id":"https:\/\/djmusicgeek.com\/#website"},"datePublished":"2024-06-14T21:53:57+00:00","dateModified":"2026-03-01T13:47:47+00:00","breadcrumb":{"@id":"https:\/\/djmusicgeek.com\/sv\/basta-gaming-topp-10-basta-gaming-headset-att-kopa-for\/#breadcrumb"},"inLanguage":"sv-SE","potentialAction":[{"@type":"ReadAction","target":["https:\/\/djmusicgeek.com\/sv\/basta-gaming-topp-10-basta-gaming-headset-att-kopa-for\/"]}]},{"@type":"BreadcrumbList","@id":"https:\/\/djmusicgeek.com\/sv\/basta-gaming-topp-10-basta-gaming-headset-att-kopa-for\/#breadcrumb","itemListElement":[{"@type":"ListItem","position":1,"name":"Hem","item":"https:\/\/djmusicgeek.com\/"},{"@type":"ListItem","position":2,"name":"Topp 10 b\u00e4sta gamingheadset &#8211;"}]},{"@type":"WebSite","@id":"https:\/\/djmusicgeek.com\/#website","url":"https:\/\/djmusicgeek.com\/","name":"DJ Music Geek","description":"","potentialAction":[{"@type":"SearchAction","target":{"@type":"EntryPoint","urlTemplate":"https:\/\/djmusicgeek.com\/?s={search_term_string}"},"query-input":{"@type":"PropertyValueSpecification","valueRequired":true,"valueName":"search_term_string"}}],"inLanguage":"sv-SE"}]}},"_links":{"self":[{"href":"https:\/\/djmusicgeek.com\/sv\/wp-json\/wp\/v2\/pages\/12782","targetHints":{"allow":["GET"]}}],"collection":[{"href":"https:\/\/djmusicgeek.com\/sv\/wp-json\/wp\/v2\/pages"}],"about":[{"href":"https:\/\/djmusicgeek.com\/sv\/wp-json\/wp\/v2\/types\/page"}],"author":[{"embeddable":true,"href":"https:\/\/djmusicgeek.com\/sv\/wp-json\/wp\/v2\/users\/2"}],"replies":[{"embeddable":true,"href":"https:\/\/djmusicgeek.com\/sv\/wp-json\/wp\/v2\/comments?post=12782"}],"version-history":[{"count":2,"href":"https:\/\/djmusicgeek.com\/sv\/wp-json\/wp\/v2\/pages\/12782\/revisions"}],"predecessor-version":[{"id":16700,"href":"https:\/\/djmusicgeek.com\/sv\/wp-json\/wp\/v2\/pages\/12782\/revisions\/16700"}],"wp:attachment":[{"href":"https:\/\/djmusicgeek.com\/sv\/wp-json\/wp\/v2\/media?parent=12782"}],"curies":[{"name":"wp","href":"https:\/\/api.w.org\/{rel}","templated":true}]}}