{"id":12431,"date":"2024-01-19T02:13:41","date_gmt":"2024-01-19T02:13:41","guid":{"rendered":"https:\/\/djmusicgeek.com\/basta-tradlosa-oronproppar-att-kopa-2024\/"},"modified":"2026-03-01T13:46:11","modified_gmt":"2026-03-01T13:46:11","slug":"basta-tradlosa-oronproppar-att-kopa-2024","status":"publish","type":"page","link":"https:\/\/djmusicgeek.com\/sv\/basta-tradlosa-oronproppar-att-kopa-2024\/","title":{"rendered":"Topp 10 B\u00e4sta Tr\u00e5dl\u00f6sa H\u00f6rlurar att K\u00f6pa i Storbritannien f\u00f6r April 2026 [Uppdaterad]"},"content":{"rendered":"","protected":false},"excerpt":{"rendered":"","protected":false},"author":2,"featured_media":0,"parent":0,"menu_order":0,"comment_status":"closed","ping_status":"closed","template":"sales-template.php","meta":{"_acf_changed":false,"footnotes":""},"class_list":["post-12431","page","type-page","status-publish","hentry"],"acf":{"product_2_supplier":"Amazon","product_3_supplier":"Amazon","product_4_supplier":"Amazon","product_5_supplier":"Amazon","product_6_supplier":"Amazon","product_7_supplier":"Amazon","product_8_supplier":"Amazon","product_9_supplier":"Amazon","product_10_supplier":"Amazon","exclude_from_search":true,"product_3_price":"","product_3_url":"","product_url":"https:\/\/www.shopsta.co.uk\/products\/soundpeats-mini-pro-hs-wireless-earbuds-bluetooth-anc-hi-res-sound","product_2_url":"https:\/\/www.shopsta.co.uk\/products\/tribit-flybuds-c2-wireless-bluetooth-earphones-4-mics-call-noise-canceling-crystal-clear-calls-earbuds-32h-playtime-headphones","product_price_shortcode":"\u00a379.99","product_discount_price_shortcode":"\u00a364.00","product_image_1":"https:\/\/cdn.shopify.com\/s\/files\/1\/0503\/4170\/7969\/files\/S01dda507573846b8bf7dfef5c3e59319p.webp?v=1705589004","product_image_2":"https:\/\/cdn.shopify.com\/s\/files\/1\/0503\/4170\/7969\/files\/Sa889552a83924fdb874785ba30cf9192a.webp?v=1705589004","product_image_3":"https:\/\/cdn.shopify.com\/s\/files\/1\/0503\/4170\/7969\/files\/S26bef3b5f5c54c1f9a6041ef40166764p.webp?v=1705589004","product_image_4":"https:\/\/cdn.shopify.com\/s\/files\/1\/0503\/4170\/7969\/files\/S2ab9ef8c42524edaae083d7cdd7137e1r.webp?v=1705589005","product_image_5":"https:\/\/cdn.shopify.com\/s\/files\/1\/0503\/4170\/7969\/files\/Scb1eb558b35d4f34871e168f74f908efC.webp?v=1705589005","product_image_6":"https:\/\/www.shopsta.co.uk\/cdn\/shop\/files\/Sa889552a83924fdb874785ba30cf9192a_1400x1400.webp?v=1705589004","product_image_7":"https:\/\/www.shopsta.co.uk\/cdn\/shop\/files\/S26bef3b5f5c54c1f9a6041ef40166764p_1400x1400.webp?v=1705589004","product_image_8":"https:\/\/www.shopsta.co.uk\/cdn\/shop\/files\/Scb1eb558b35d4f34871e168f74f908efC_1400x1400.webp?v=1705589005","product_2_asin":"B0CHWZ9TZS","product_3_asin":"B0B4KHCQ96","product_4_asin":"B0979QQHFG","product_5_asin":"B09D7PXZV7","product_6_asin":"B09RZKHSD6","product_7_asin":"B09JQQDLXF","product_8_asin":"B095DNPH4R","product_9_asin":"B09RZJZ7YW","product_10_asin":"B0C9NGNBPG","product_2_image_1":"https:\/\/cdn.shopify.com\/s\/files\/1\/0503\/4170\/7969\/files\/Sb63526d4600f46848fe7de0e077cc862U.jpg?v=1695677154","product_2_image_2":"https:\/\/cdn.shopify.com\/s\/files\/1\/0503\/4170\/7969\/files\/Sc78e0c14e4e64fd58f35cba2ded94ad9r.jpg?v=1695677153","product_2_image_3":"https:\/\/cdn.shopify.com\/s\/files\/1\/0503\/4170\/7969\/files\/Seaaf380b94f049b4b91eb37d65f0c0b1L.jpg?v=1695677153","product_2_price":"\u00a347.99","product_2_discount_price":"\u00a338.39","product_3_image_1":"","product_3_image_2":"","product_3_image_3":"","product_3_discount_price":"","language_code":"sv","product_name":"SOUNDPEATS\u00ae Mini Pro","product_type":"Tr\u00e5dl\u00f6sa \u00f6ronsn\u00e4ckor","product_type_singular":"Tr\u00e5dl\u00f6sa h\u00f6rlurar att k\u00f6pa","product_full_name":"SOUNDPEATS\u00ae Mini Pro \u00e4kta tr\u00e5dl\u00f6sa \u00f6ronsn\u00e4ckor","bullet_points":"<ul>\n<li>FANTASTISK LJUDKVALITET: Dessa \u00f6ronsn\u00e4ckor ger ett rikt och detaljerat ljud, b\u00e4ttre \u00e4n CD-skivor, med ett brett uppspelningsband fr\u00e5n 20 Hz till 40 kHz. Njut av ljud som ligger n\u00e4rmast originalinspelningen f\u00f6r en berikande och omslutande ljudupplevelse. <\/li>\n<li>LDAC CODEC TECHNOLOGY: Upplev s\u00f6ml\u00f6s ljud\u00f6verf\u00f6ring med tre g\u00e5nger s\u00e5 mycket information j\u00e4mf\u00f6rt med traditionell Bluetooth SBC-codec. Uppskatta nyanserna i r\u00f6ster och instrument, med ett resultat som ligger n\u00e4ra skaparens ursprungliga avsikt. <\/li>\n<li>AVANCERAD BRUSREDUCERING: Med hybridteknik f\u00f6r aktiv brusreducering med upp till 40 dB reducering neutraliserar den externa ljud, vilket ger ost\u00f6rt ljud \u00e4ven i bullriga milj\u00f6er.<\/li>\n<li>PREMIUM DYNAMIC DRIVER: Inneh\u00e5ller en 10 mm dynamisk driver f\u00f6r att s\u00e4kerst\u00e4lla djup och dynamik i naturliga ljud, vilket ger en otroligt balanserad l\u00e5gfrekvent ljudupplevelse s\u00e5 n\u00e4ra originalljudet som m\u00f6jligt.<\/li>\n<li>P\u00c5LITLIG BATTERILIVSL\u00c4NGD: Njut av upp till 8 timmars kontinuerlig musikuppspelning med enbart \u00f6ronsn\u00e4ckorna och upp till 28 timmar med laddningsfodralet. Perfekt f\u00f6r l\u00e5nga resor, hektiska arbetsdagar och l\u00e5ngvarig ljudunderh\u00e5llning. <\/li>\n<li>OPTIMERAD F\u00d6R KONFERENSER: Med ENC-funktion f\u00f6r brusreducering och 6 mikrofoner som filtrerar bort omgivningsljud, vilket ger tydlig r\u00f6stkvalitet under samtal. Perfekt f\u00f6r distansarbete och webbkonferenser. <\/li>\n<\/ul>\n","features":"<p>FANTASTISK LJUDKVALITET: Njut av ljudet som det \u00e4r t\u00e4nkt att h\u00f6ras. \u00d6ronsn\u00e4ckorna spelar upp h\u00f6guppl\u00f6st ljud som \u00e4r rikt, detaljerat och verklighetstroget. Det breda uppspelningsbandet fr\u00e5n 20 Hz till 40 kHz g\u00f6r att du kan f\u00e5nga varje nyans, vilket ger en verkligt uppslukande ljudupplevelse.  <\/p>\n<p>\u00d6VERL\u00c4GSEN LJUD\u00d6VERF\u00d6RING: Tack vare LDAC-codec-tekniken kan dessa tr\u00e5dl\u00f6sa \u00f6ronsn\u00e4ckor \u00f6verf\u00f6ra 3 g\u00e5nger mer data \u00e4n traditionell Bluetooth SBC-codec, s\u00e5 att du kan uppskatta varje detalj i musiken.  <\/p>\n<p>AVANCERAD BRUSD\u00c4MPNING: Den aktiva hybridtekniken f\u00f6r brusreducering ger en reduktion p\u00e5 upp till 40 dB, vilket effektivt st\u00e4nger ute bakgrundsljud. Njut av en oavbruten och lugn ljudupplevelse, var du \u00e4n befinner dig. <\/p>\n<p>PREMIUM 10MM DYNAMIC DRIVER: Med en 10mm dynamisk driver garanterar dessa \u00f6ronsn\u00e4ckor djup i mellan- och l\u00e5gfrekventa ljud och dynamiken i naturliga ljud. Resultatet \u00e4r en samling frekvenser som \u00e4r v\u00e4lbalanserade och ligger otroligt n\u00e4ra originalinspelningen. <\/p>\n<p>P\u00c5LITLIG BATTERILIVSL\u00c4NGD: Trots sin kompakta design har dessa \u00f6ronsn\u00e4ckor upp till 8 timmars kontinuerlig speltid och ytterligare 20 timmar med laddningsfodralet. Det g\u00f6r dem perfekta f\u00f6r l\u00e5nga pendlingsresor, l\u00e5nga arbetsdagar eller l\u00e4ngre sessioner med ljudunderh\u00e5llning. <\/p>\n<p>OPTIMERADE F\u00d6R SAMTAL: SOUNDPEATS Mini Pro-\u00f6ronsn\u00e4ckorna \u00e4r utrustade med ENC-funktion f\u00f6r brusreducering och 6 mikrofoner &#8211; 3 i varje \u00f6ronsn\u00e4cka &#8211; och \u00e4r utformade f\u00f6r att f\u00f6rb\u00e4ttra din r\u00f6st under samtal genom att filtrera bort omgivande ljud. Perfekt f\u00f6r distansarbete och webbkonferenser. <\/p>\n<p>SPECIFIKATIONER I TOPPKLASS: Dessa \u00f6ronsn\u00e4ckor har en rad avancerade funktioner, inklusive ett Bluetooth-chipset WQ7033AR, ett motst\u00e5nd p\u00e5 32\u03a9, ett frekvensomf\u00e5ng p\u00e5 20-40.000Hz, AAC, SBC, LDAC-codecs, aktiv brusreducering och en Bluetooth-version 5.3.<\/p>\n<p>INNEH\u00c5LL I BOXEN: F\u00f6rutom de tv\u00e5 Mini Pro HS Bluetooth-\u00f6ronsn\u00e4ckorna inneh\u00e5ller f\u00f6rpackningen en Typ-C-laddningskabel, 6 utbytbara \u00f6ronproppar, ett laddningsfodral och en anv\u00e4ndarhandbok.<\/p>\n","rating":"9.8","intro_text":"<p>V\u00e4lkommen till DJ Music Geek, din k\u00e4lla till det senaste och b\u00e4sta inom ljudutrustning. Om du s\u00f6ker oklanderlig ljudkvalitet, s\u00e4ker passform, imponerande batteritid och en s\u00f6ml\u00f6s tr\u00e5dl\u00f6s upplevelse har du kommit r\u00e4tt. Som h\u00e4ngivna audiofiler och teknikentusiaster ger vi dig djupg\u00e5ende, auktoritativa recensioner och rekommendationer f\u00f6r de b\u00e4sta tr\u00e5dl\u00f6sa \u00f6ronsn\u00e4ckorna p\u00e5 marknaden. Fr\u00e5n budgetk\u00f6p till avancerade k\u00f6p, vi har testat och testat allt f\u00f6r att ge dig den information du beh\u00f6ver f\u00f6r att g\u00f6ra r\u00e4tt val. G\u00f6r dig redo att uppgradera din lyssningsupplevelse med tr\u00e5dl\u00f6sa \u00f6ronsn\u00e4ckor som verkligen sl\u00e5r an r\u00e4tt ton.    <\/p>\n","text_before_product_box":"<p>SOUNDPEATS\u00ae Mini Pro True Wireless Earbuds f\u00e5r toppbetyg i v\u00e5ra tester f\u00f6r sin oslagbara blandning av ljudkvalitet, v\u00e4rde och innovativa funktioner. Dessa \u00f6ronsn\u00e4ckor \u00f6vertr\u00e4ffar konkurrenterna med sin h\u00f6guppl\u00f6sta ljuduppspelning och exklusiva LDAC-codec f\u00f6r \u00f6verl\u00e4gsen ljud\u00f6verf\u00f6ring. Till ett \u00f6verkomligt pris ger de ocks\u00e5 utm\u00e4rkt avkastning p\u00e5 investeringen, inklusive funktioner som hybrid aktiv brusreducering och upp till 28 timmars batteritid.  <\/p>\n","text_after_product_box":"<p>N\u00e4r det g\u00e4ller att v\u00e4lja tr\u00e5dl\u00f6sa \u00f6ronsn\u00e4ckor \u00e4r valuta f\u00f6r pengarna av stor betydelse. De tr\u00e5dl\u00f6sa \u00f6ronsn\u00e4ckorna SOUNDPEATS Mini Pro erbjuder just detta. Efter att ha testat den h\u00e4r produkten kan vi garantera att den h\u00e4r produkten levererar o\u00f6vertr\u00e4ffad ljudkvalitet, avancerade funktioner och utm\u00e4rkt livsl\u00e4ngd till ett mycket konkurrenskraftigt pris.    <\/p>\n<p>Med sin h\u00f6guppl\u00f6sta uppspelning av ljudk\u00e4llor och \u00f6verl\u00e4gsna LDAC-codec-teknik blev vi imponerade av den rika, detaljerade och verklighetstrogna ljud\u00e5tergivningen. Produkten ger en berikad och omslutande ljudupplevelse som \u00e4r l\u00e5ngt \u00f6verl\u00e4gsen den som CD-skivor ger. Dessutom har \u00f6ronsn\u00e4ckorna aktiv brusreducering, som effektivt neutraliserar externa ljud &#8211; en verklig tillg\u00e5ng i bullriga milj\u00f6er.  <\/p>\n<p>SOUNDPEATS Mini Pro-\u00f6ronsn\u00e4ckorna har en tillf\u00f6rlitlig batteritid som str\u00e4cker sig upp till 8 timmar med enbart \u00f6ronsn\u00e4ckorna och 28 timmar med laddningsfodralet, vilket g\u00f6r dem perfekta f\u00f6r l\u00e5nga resor och omfattande ljudunderh\u00e5llning. Dessutom fann vi att den h\u00e4r modellen med sin inbyggda ENC-funktion f\u00f6r brusreducering vid samtal och sex mikrofoner \u00e4r enast\u00e5ende f\u00f6r distansarbete och webbkonferenser. S\u00e5 om du \u00e4r p\u00e5 jakt efter en produkt som har den b\u00e4sta balansen mellan f\u00f6rstklassiga funktioner och prisv\u00e4rdhet \u00e4r SOUNDPEATS Mini Pro r\u00e4tt val.  <\/p>\n","why_the_best_text":"<p>N\u00e4r det g\u00e4ller att hitta en upps\u00e4ttning tr\u00e5dl\u00f6sa \u00f6ronsn\u00e4ckor som ger mycket valuta f\u00f6r pengarna, anser vi att SOUNDPEATS\u00ae Mini Pro True Wireless Earbuds sticker ut bland de andra. Med tanke p\u00e5 dess konkurrenskraftiga pris \u00e4r den fullpackad med funktioner som vi personligen har testat och funnit leverera exceptionell prestanda. <\/p>\n<p>En av de mest utm\u00e4rkande egenskaperna hos dessa \u00f6ronsn\u00e4ckor \u00e4r den briljanta ljudkvaliteten. Med en h\u00f6guppl\u00f6st uppspelning som ger \u00f6verl\u00e4gset ljud j\u00e4mf\u00f6rt med CD-skivor kan anv\u00e4ndarna njuta av en berikad och omslutande ljudupplevelse. Dess bredbandiga uppspelning fr\u00e5n 20Hz till 40kHz garanterar ett ljud som ligger n\u00e4rmast originalinspelningen. Dessutom \u00e4r den utrustad med avancerad brusreduceringsteknik som effektivt reducerar omgivningsljud och ger en oavbruten ljudupplevelse.   <\/p>\n<p>Vi blev ocks\u00e5 imponerade av den imponerande batteritiden, upp till 8 timmars kontinuerligt spelande med \u00f6ronsn\u00e4ckorna och totalt 28 timmar med laddningsfodralet &#8211; vilket g\u00f6r den perfekt f\u00f6r l\u00e5nga resor eller l\u00e4ngre ljudunderh\u00e5llningssessioner. Den inbyggda brusreduceringen ENC och de sex mikrofonerna optimerar \u00f6ronsn\u00e4ckorna ytterligare f\u00f6r tydliga samtal, vilket g\u00f6r dem till ett praktiskt val f\u00f6r distansarbete eller webbkonferenser. Sammantaget anser vi att SOUNDPEATS\u00ae Mini Pro erbjuder ett anm\u00e4rkningsv\u00e4rt v\u00e4rde f\u00f6r sitt pris.  <\/p>\n","reviews_text":"<p>Att v\u00e4lja de b\u00e4sta tr\u00e5dl\u00f6sa \u00f6ronsn\u00e4ckorna kan vara sv\u00e5rt med tanke p\u00e5 det stora antalet alternativ som finns p\u00e5 marknaden. H\u00e4r \u00e4r n\u00e5gra viktiga faktorer som du b\u00f6r t\u00e4nka p\u00e5 f\u00f6r att g\u00f6ra det b\u00e4sta valet. <\/p>\n<ol>\n<li>Ljudkvalitet: H\u00f6rlurarna ska erbjuda \u00f6verl\u00e4gsen ljudkvalitet med f\u00f6rm\u00e5gan att leverera ett brett spektrum av ljudfrekvenser, s\u00e5 att du kan njuta av en rik och uppslukande ljudupplevelse.<\/li>\n<li>Brusreducerande funktion: H\u00f6gkvalitativa \u00f6ronsn\u00e4ckor levereras med avancerad brusreduceringsteknik f\u00f6r att neutralisera externa ljud, s\u00e5 att du kan njuta av din musik utan distraktion.<\/li>\n<li>Batteritid: De b\u00e4sta \u00f6ronsn\u00e4ckorna ger en p\u00e5litlig batteritid som r\u00e4cker hela dagen eller en l\u00e5ng resa.<\/li>\n<li>Bekv\u00e4mlighet: H\u00f6rlurarna ska vara bekv\u00e4ma att ha p\u00e5 sig under l\u00e4ngre perioder och sitta s\u00e4kert i \u00f6ronen.<\/li>\n<li>Funktioner i den \u00f6vre prisklassen: T\u00e4nk p\u00e5 funktioner som Bluetooth-chipset och uppspelning av h\u00f6guppl\u00f6sta ljudk\u00e4llor. Dessa bidrar till \u00f6ronsn\u00e4ckornas \u00f6vergripande prestanda. <\/li>\n<li>Priset: T\u00e4nk alltid p\u00e5 prispunkten. De b\u00e4sta \u00f6ronsn\u00e4ckorna erbjuder utm\u00e4rkta funktioner, h\u00e5llbarhet och ljudkvalitet till ett pris du \u00e4r bekv\u00e4m med att betala. <\/li>\n<\/ol>\n","top_pick_box_text":"<p>SOUNDPEATS\u00ae Mini Pro True Wireless Earbuds har avancerade funktioner till ett \u00f6verkomligt pris, vilket g\u00f6r dem till ett utm\u00e4rkt val f\u00f6r prismedvetna konsumenter. Fr\u00e5n h\u00f6guppl\u00f6st ljudkvalitet, LDAC-codec f\u00f6r \u00f6verl\u00e4gsen ljud\u00f6verf\u00f6ring till avancerad brusreduceringsteknik levererar dessa \u00f6ronsn\u00e4ckor ljudprestanda i toppklass. Dessutom har de en tillf\u00f6rlitlig batteritid p\u00e5 upp till 28 timmar med laddningsfodralet, vilket s\u00e4kerst\u00e4ller att du har tillr\u00e4ckligt med str\u00f6m f\u00f6r l\u00e4ngre perioder av ljudunderh\u00e5llning.  <\/p>\n<p>De h\u00e4r \u00f6ronsn\u00e4ckorna utm\u00e4rker sig inte bara f\u00f6r sin fantastiska ljudkvalitet utan ocks\u00e5 f\u00f6r sin funktionalitet i samtal och konferenser &#8211; tack vare ENC-funktionen f\u00f6r brusreducering och sex inbyggda mikrofoner. De erbjuder en o\u00f6vertr\u00e4ffad balans mellan pris, prestanda och extrafunktioner, vilket g\u00f6r dem till ett bra val f\u00f6r alla livsstilar och tillf\u00e4llen. Dessa prisv\u00e4rda tr\u00e5dl\u00f6sa \u00f6ronsn\u00e4ckor fr\u00e5n SOUNDPEATS\u00ae ger verkligen en personlig och omslutande ljudupplevelse.  <\/p>\n","bottom_text":"<p>Sammanfattningsvis \u00e4r de tr\u00e5dl\u00f6sa \u00f6ronsn\u00e4ckorna SOUNDPEATS\u00ae Mini Pro en enast\u00e5ende produkt och ett bra k\u00f6p. Genom v\u00e5ra omfattande tester har de konsekvent bevisat sitt v\u00e4rde och har f\u00f6rstklassiga funktioner som placerar dem f\u00f6re konkurrenterna.   <\/p>\n<p>Deras \u00f6verl\u00e4gsna ljudkvalitet \u00e4r anm\u00e4rkningsv\u00e4rd, med en ljud\u00e5tergivning som \u00e4r s\u00e5 rik och detaljerad att du kan f\u00e5nga varje musikalisk nyans. H\u00f6rlurarnas LDAC-codec-teknik s\u00e4kerst\u00e4ller tre g\u00e5nger mer data\u00f6verf\u00f6ring \u00e4n traditionella Bluetooth-codecs, vilket intensifierar din ljudupplevelse. Tillsammans med den avancerade brusreduceringsfunktionen \u00f6verr\u00f6star dessa \u00f6ronsn\u00e4ckor enkelt bakgrundsljud och skapar en oavbruten ljudmilj\u00f6.    <\/p>\n<p>De 10 mm dynamiska drivelementen garanterar ett balanserat frekvensomr\u00e5de som matchar originalinspelningen, medan den gener\u00f6sa batteritiden ger upp till 8 timmars oavbruten ljuduppspelning, f\u00f6rl\u00e4ngd till 20 timmar med laddningsfodralet. Dessa egenskaper g\u00f6r den till en perfekt f\u00f6ljeslagare f\u00f6r l\u00e5nga arbetsdagar och resor.   <\/p>\n<p>Dessutom \u00e4r de h\u00e4r \u00f6ronsn\u00e4ckorna optimerade f\u00f6r samtal, vilket ger en klar och tydlig r\u00f6stkvalitet vid videokonferenser och samtal. Dess specifikationer, inklusive Bluetooth 5.3-versionen, \u00e4r uppdaterade och inneh\u00e5llet i l\u00e5dan inneh\u00e5ller alla n\u00f6dv\u00e4ndiga tillbeh\u00f6r f\u00f6r omedelbar anv\u00e4ndning. <\/p>\n<p>Av alla tr\u00e5dl\u00f6sa \u00f6ronsn\u00e4ckor som vi har testat \u00e4r SOUNDPEATS\u00ae Mini Pro-\u00f6ronsn\u00e4ckorna de obestridda vinnarna tack vare deras enast\u00e5ende prestanda, \u00f6verl\u00e4gsna funktioner och lysande ljudkvalitet. Deras imponerande egenskaper g\u00f6r att de verkligen skiljer sig fr\u00e5n m\u00e4ngden och garanterar en verkligt omslutande lyssningsupplevelse. <\/p>\n","product_2_full_name":"Tribit FlyBuds C2 Bluetooth tr\u00e5dl\u00f6sa \u00f6ronsn\u00e4ckor med 4 mikrofoner, brusreducering, 32 timmars speltid.","product_2_bullet_points":"<ul>\n<li>KRISTALLKLARA SAMTAL: Konstruerad f\u00f6r utm\u00e4rkt samtalskvalitet, \u00e4ven i bullriga milj\u00f6er, tack vare den unika Qualcomm 4-Mic CVC 8.0 brusreducerande tekniken.<\/li>\n<li>EXCEPTIONELLT LJUD: H\u00f6rlurarnas Qualcomm QCC3040-chip, 13 mm stora dynamiska element och APTX-avkodning av h\u00f6gkvalitativt ljud s\u00e4kerst\u00e4ller f\u00f6rb\u00e4ttrad ljudklarhet och ljud\u00e5tergivning.<\/li>\n<li>JUSTERBARA EQ-INST\u00c4LLNINGAR: Med Tribit-appen kan du enkelt v\u00e4lja mellan 24 olika eq-stilar som jazz, bas, ACG etc. f\u00f6r att se till att din lyssningsupplevelse \u00e4r perfekt anpassad till dina preferenser.<\/li>\n<li>F\u00d6RL\u00c4NGD SPELTID: Utrustade med ett imponerande batteri ger varje h\u00f6rlur 8 timmars speltid per laddning, och med det medf\u00f6ljande laddningsfodralet f\u00e5r du totalt 32 timmars tr\u00e5dl\u00f6st ljud.<\/li>\n<li>TRUE WIRELESS & FAST CONNECTIVITY: Dessa h\u00f6rlurar drivs av den senaste Bluetooth 5.2-tekniken och ger en starkare och stabilare anslutning f\u00f6r oavbruten ljuduppspelning.<\/li>\n<li>KOMFORTABEL OCH L\u00c4TT: Varje h\u00f6rlur v\u00e4ger endast 4 g, vilket ger en bekv\u00e4m och tryckfri lyssningsupplevelse, perfekt f\u00f6r l\u00e5nga anv\u00e4ndningstimmar.<\/li>\n<\/ul>","product_2_text_after":"Tribit FlyBuds C2 \u00e4r v\u00e5rt andrahandsval p\u00e5 grund av dess anm\u00e4rkningsv\u00e4rda egenskaper och stora v\u00e4rde f\u00f6r pengarna. Efter att ha testat uppskattade vi det senaste Qualcomm QCC3040-chipet, som ger \u00f6verl\u00e4gsen ljudavkodning och unik Qualcomm 4-Mic CVC 8.0-teknik, vilket avsev\u00e4rt minskar bakgrundsljud under samtal. Den senaste Bluetooth 5.2 garanterar en stabil och kraftfull anslutning, och den 32 timmar l\u00e5nga batteritiden \u00e4r perfekt f\u00f6r l\u00e5ngvarig anv\u00e4ndning. Trots att den inte har n\u00e5gon kontrollknapp eller vattent\u00e4ta funktioner, g\u00f6r den \u00e4kta tr\u00e5dl\u00f6sa bekv\u00e4mligheten och det praktiska laddningsfodralet den h\u00e4r produkten till en v\u00e4rdig utmanare. Dessutom st\u00f6ds h\u00f6rlurarna av Tribit-appen, som erbjuder 24 olika EQ-stilar att v\u00e4lja mellan, vilket ytterligare \u00f6kar produktens m\u00e5ngsidighet. Med det h\u00f6ga prisv\u00e4rdet passar de h\u00e4r h\u00f6rlurarna f\u00f6r anv\u00e4ndare som vill ha kvalitetsprestanda utan att det ska kosta skjortan.     "},"yoast_head":"<!-- This site is optimized with the Yoast SEO plugin v27.3 - https:\/\/yoast.com\/product\/yoast-seo-wordpress\/ -->\n<title>Topp 10 B\u00e4sta Tr\u00e5dl\u00f6sa H\u00f6rlurar att K\u00f6pa i Storbritannien f\u00f6r [month_year] [Uppdaterad] - DJ Music Geek<\/title>\n<meta name=\"robots\" content=\"index, follow, max-snippet:-1, max-image-preview:large, max-video-preview:-1\" \/>\n<link rel=\"canonical\" href=\"https:\/\/djmusicgeek.com\/sv\/basta-tradlosa-oronproppar-att-kopa-2024\/\" \/>\n<meta property=\"og:locale\" content=\"sv_SE\" \/>\n<meta property=\"og:type\" content=\"article\" \/>\n<meta property=\"og:title\" content=\"Topp 10 B\u00e4sta Tr\u00e5dl\u00f6sa H\u00f6rlurar att K\u00f6pa i Storbritannien f\u00f6r [month_year] [Uppdaterad] - DJ Music Geek\" \/>\n<meta property=\"og:url\" content=\"https:\/\/djmusicgeek.com\/sv\/basta-tradlosa-oronproppar-att-kopa-2024\/\" \/>\n<meta property=\"og:site_name\" content=\"DJ Music Geek\" \/>\n<meta property=\"article:modified_time\" content=\"2026-03-01T13:46:11+00:00\" \/>\n<meta name=\"twitter:card\" content=\"summary_large_image\" \/>\n<script type=\"application\/ld+json\" class=\"yoast-schema-graph\">{\"@context\":\"https:\\\/\\\/schema.org\",\"@graph\":[{\"@type\":\"WebPage\",\"@id\":\"https:\\\/\\\/djmusicgeek.com\\\/sv\\\/basta-tradlosa-oronproppar-att-kopa-2024\\\/\",\"url\":\"https:\\\/\\\/djmusicgeek.com\\\/sv\\\/basta-tradlosa-oronproppar-att-kopa-2024\\\/\",\"name\":\"Topp 10 B\u00e4sta Tr\u00e5dl\u00f6sa H\u00f6rlurar att K\u00f6pa i Storbritannien f\u00f6r [month_year] [Uppdaterad] - DJ Music Geek\",\"isPartOf\":{\"@id\":\"https:\\\/\\\/djmusicgeek.com\\\/#website\"},\"datePublished\":\"2024-01-19T02:13:41+00:00\",\"dateModified\":\"2026-03-01T13:46:11+00:00\",\"breadcrumb\":{\"@id\":\"https:\\\/\\\/djmusicgeek.com\\\/sv\\\/basta-tradlosa-oronproppar-att-kopa-2024\\\/#breadcrumb\"},\"inLanguage\":\"sv-SE\",\"potentialAction\":[{\"@type\":\"ReadAction\",\"target\":[\"https:\\\/\\\/djmusicgeek.com\\\/sv\\\/basta-tradlosa-oronproppar-att-kopa-2024\\\/\"]}]},{\"@type\":\"BreadcrumbList\",\"@id\":\"https:\\\/\\\/djmusicgeek.com\\\/sv\\\/basta-tradlosa-oronproppar-att-kopa-2024\\\/#breadcrumb\",\"itemListElement\":[{\"@type\":\"ListItem\",\"position\":1,\"name\":\"Hem\",\"item\":\"https:\\\/\\\/djmusicgeek.com\\\/\"},{\"@type\":\"ListItem\",\"position\":2,\"name\":\"Topp 10 B\u00e4sta Tr\u00e5dl\u00f6sa H\u00f6rlurar att K\u00f6pa i Storbritannien f\u00f6r March 2026 [Uppdaterad]\"}]},{\"@type\":\"WebSite\",\"@id\":\"https:\\\/\\\/djmusicgeek.com\\\/#website\",\"url\":\"https:\\\/\\\/djmusicgeek.com\\\/\",\"name\":\"DJ Music Geek\",\"description\":\"\",\"potentialAction\":[{\"@type\":\"SearchAction\",\"target\":{\"@type\":\"EntryPoint\",\"urlTemplate\":\"https:\\\/\\\/djmusicgeek.com\\\/?s={search_term_string}\"},\"query-input\":{\"@type\":\"PropertyValueSpecification\",\"valueRequired\":true,\"valueName\":\"search_term_string\"}}],\"inLanguage\":\"sv-SE\"}]}<\/script>\n<!-- \/ Yoast SEO plugin. -->","yoast_head_json":{"title":"Topp 10 B\u00e4sta Tr\u00e5dl\u00f6sa H\u00f6rlurar att K\u00f6pa i Storbritannien f\u00f6r [month_year] [Uppdaterad] - DJ Music Geek","robots":{"index":"index","follow":"follow","max-snippet":"max-snippet:-1","max-image-preview":"max-image-preview:large","max-video-preview":"max-video-preview:-1"},"canonical":"https:\/\/djmusicgeek.com\/sv\/basta-tradlosa-oronproppar-att-kopa-2024\/","og_locale":"sv_SE","og_type":"article","og_title":"Topp 10 B\u00e4sta Tr\u00e5dl\u00f6sa H\u00f6rlurar att K\u00f6pa i Storbritannien f\u00f6r [month_year] [Uppdaterad] - DJ Music Geek","og_url":"https:\/\/djmusicgeek.com\/sv\/basta-tradlosa-oronproppar-att-kopa-2024\/","og_site_name":"DJ Music Geek","article_modified_time":"2026-03-01T13:46:11+00:00","twitter_card":"summary_large_image","schema":{"@context":"https:\/\/schema.org","@graph":[{"@type":"WebPage","@id":"https:\/\/djmusicgeek.com\/sv\/basta-tradlosa-oronproppar-att-kopa-2024\/","url":"https:\/\/djmusicgeek.com\/sv\/basta-tradlosa-oronproppar-att-kopa-2024\/","name":"Topp 10 B\u00e4sta Tr\u00e5dl\u00f6sa H\u00f6rlurar att K\u00f6pa i Storbritannien f\u00f6r [month_year] [Uppdaterad] - DJ Music Geek","isPartOf":{"@id":"https:\/\/djmusicgeek.com\/#website"},"datePublished":"2024-01-19T02:13:41+00:00","dateModified":"2026-03-01T13:46:11+00:00","breadcrumb":{"@id":"https:\/\/djmusicgeek.com\/sv\/basta-tradlosa-oronproppar-att-kopa-2024\/#breadcrumb"},"inLanguage":"sv-SE","potentialAction":[{"@type":"ReadAction","target":["https:\/\/djmusicgeek.com\/sv\/basta-tradlosa-oronproppar-att-kopa-2024\/"]}]},{"@type":"BreadcrumbList","@id":"https:\/\/djmusicgeek.com\/sv\/basta-tradlosa-oronproppar-att-kopa-2024\/#breadcrumb","itemListElement":[{"@type":"ListItem","position":1,"name":"Hem","item":"https:\/\/djmusicgeek.com\/"},{"@type":"ListItem","position":2,"name":"Topp 10 B\u00e4sta Tr\u00e5dl\u00f6sa H\u00f6rlurar att K\u00f6pa i Storbritannien f\u00f6r March 2026 [Uppdaterad]"}]},{"@type":"WebSite","@id":"https:\/\/djmusicgeek.com\/#website","url":"https:\/\/djmusicgeek.com\/","name":"DJ Music Geek","description":"","potentialAction":[{"@type":"SearchAction","target":{"@type":"EntryPoint","urlTemplate":"https:\/\/djmusicgeek.com\/?s={search_term_string}"},"query-input":{"@type":"PropertyValueSpecification","valueRequired":true,"valueName":"search_term_string"}}],"inLanguage":"sv-SE"}]}},"_links":{"self":[{"href":"https:\/\/djmusicgeek.com\/sv\/wp-json\/wp\/v2\/pages\/12431","targetHints":{"allow":["GET"]}}],"collection":[{"href":"https:\/\/djmusicgeek.com\/sv\/wp-json\/wp\/v2\/pages"}],"about":[{"href":"https:\/\/djmusicgeek.com\/sv\/wp-json\/wp\/v2\/types\/page"}],"author":[{"embeddable":true,"href":"https:\/\/djmusicgeek.com\/sv\/wp-json\/wp\/v2\/users\/2"}],"replies":[{"embeddable":true,"href":"https:\/\/djmusicgeek.com\/sv\/wp-json\/wp\/v2\/comments?post=12431"}],"version-history":[{"count":2,"href":"https:\/\/djmusicgeek.com\/sv\/wp-json\/wp\/v2\/pages\/12431\/revisions"}],"predecessor-version":[{"id":17318,"href":"https:\/\/djmusicgeek.com\/sv\/wp-json\/wp\/v2\/pages\/12431\/revisions\/17318"}],"wp:attachment":[{"href":"https:\/\/djmusicgeek.com\/sv\/wp-json\/wp\/v2\/media?parent=12431"}],"curies":[{"name":"wp","href":"https:\/\/api.w.org\/{rel}","templated":true}]}}