{"id":13051,"date":"2023-10-31T20:43:26","date_gmt":"2023-10-31T20:43:26","guid":{"rendered":"https:\/\/djmusicgeek.com\/top-10-best-drones-to-buy-in-ireland-for-month-year-updated\/"},"modified":"2026-02-25T17:34:53","modified_gmt":"2026-02-25T17:34:53","slug":"top-10-best-drones-to-buy-in-ireland-for-month-year-updated","status":"publish","type":"page","link":"https:\/\/djmusicgeek.com\/sl\/top-10-best-drones-to-buy-in-ireland-for-month-year-updated\/","title":{"rendered":"Top 10 najbolj\u0161ih dronov za nakup na Irskem za April 2026 [Posodobljeno]"},"content":{"rendered":"","protected":false},"excerpt":{"rendered":"","protected":false},"author":2,"featured_media":0,"parent":0,"menu_order":0,"comment_status":"closed","ping_status":"closed","template":"sales-template.php","meta":{"_acf_changed":false,"footnotes":""},"class_list":["post-13051","page","type-page","status-publish","hentry"],"acf":{"product_2_supplier":"Shopsta","product_3_supplier":"Amazon","product_4_supplier":"Amazon","product_5_supplier":"Shopsta","product_6_supplier":"Amazon","product_7_supplier":"Amazon","product_8_supplier":"Amazon","product_9_supplier":"Amazon","product_10_supplier":"Amazon","exclude_from_search":true,"product_3_price":"\u20ac69.99","product_price_shortcode":"\u20ac199.99","product_discount_price_shortcode":"\u20ac159.99","product_image_1":"https:\/\/cdn.shopify.com\/s\/files\/1\/0503\/4170\/7969\/products\/720ae794-ace9-4b5b-95c7-e496cc4521b8.jpg?v=1662413123","product_image_2":"https:\/\/djmusicgeek.com\/wp-content\/uploads\/2022\/09\/34a4b5c8-0cb9-484c-bb2f-c0f0fd4990ff.jpg.webp","product_image_3":"https:\/\/djmusicgeek.com\/wp-content\/uploads\/2022\/09\/4drc-f11.jpg","product_image_4":"https:\/\/djmusicgeek.com\/wp-content\/uploads\/2022\/09\/34a4b5c8-0cb9-484c-bb2f-c0f0fd4990ff.jpg.webp","product_image_5":"https:\/\/djmusicgeek.com\/wp-content\/uploads\/2022\/09\/4drc-f11.jpg","product_image_6":"https:\/\/imgaz.staticbg.com\/images\/oaupload\/banggood\/images\/CF\/3A\/771c533e-3f63-400e-b381-a126f6fbbeb0.jpg.webp","product_image_7":"https:\/\/imgaz.staticbg.com\/images\/oaupload\/banggood\/images\/6D\/8F\/f204aa95-4e5f-48db-a676-5df6614c1b85.jpg.webp","product_image_8":"https:\/\/imgaz.staticbg.com\/images\/oaupload\/banggood\/images\/03\/17\/434c53c6-77c2-4462-9876-5e3e474699a4.jpg.webp","product_3_asin":"B09WDBDGBZ","product_4_asin":"B0BKLCFY3J","product_6_asin":"B0CFF1SJ3P","product_7_asin":"B09VCCRRCH","product_8_asin":"B09MVYLN9L","product_9_asin":"B0B45CWJ5H","product_10_asin":"B0B21J2R92","product_2_image_1":"https:\/\/cdn.shopify.com\/s\/files\/1\/0503\/4170\/7969\/products\/4DRC-V4-WIFI-FPV-Drone-WiFi-live-video-FPV-4K-1080P-HD-Wide-Angle-Camera-Foldable_jpg_Q90_jpg_1483x1456_65162d87-3064-4360-bf51-a194c66e40ba.jpg?v=1672377201","product_2_image_2":"https:\/\/cdn.shopify.com\/s\/files\/1\/0503\/4170\/7969\/products\/4DRC-V4-WIFI-FPV-Drone-WiFi-live-video-FPV-4K-1080P-HD-Wide-Angle-Camera-Foldable.jpg_Q90.jpg__1.webp?v=1672377201","product_2_image_3":"https:\/\/cdn.shopify.com\/s\/files\/1\/0503\/4170\/7969\/products\/4DRC-V4-WIFI-FPV-Drone-WiFi-live-video-FPV-4K-1080P-HD-Wide-Angle-Camera-Foldable.jpg_Q90.jpg__2.webp?v=1672377201","product_2_price":"\u20ac139.99","product_2_discount_price":"\u20ac111.99","product_3_image_1":"https:\/\/www.shopsta.co.uk\/cdn\/shop\/files\/H9bd2e6933337414ca9080e6826e29fcaN_1000x1000.webp?v=1698783237","product_3_image_2":"https:\/\/www.shopsta.co.uk\/cdn\/shop\/files\/H747c6c365b134b6f89603c20492cc030S_800x800.webp?v=1698783238","product_3_image_3":"https:\/\/www.shopsta.co.uk\/cdn\/shop\/files\/Hd969eeab219042ac8f821e85075a3b26w_1000x1000.webp?v=1698783238","product_3_discount_price":"\u20ac55.99","product_url":"products\/4drc-f11-pro-gps-5g-wifi-fpv-with-4k-esc-hd-dual-camera-3km-flight-range-brushless-rc-drone-quadcopter-rtf","product_2_asin":"","product_5_asin":"","product_2_url":"products\/4drc-v4-wifi-fpv-drone-with-dual-4k-camera","product_3_url":"products\/e88-pro-drone-4k-dual-camera-aerial-photography-toy-helicopter\/","language_code":"sl","product_name":"4DRC F11 PRO","product_type":"Droni","product_type_singular":"Dron za ve\u010dino uporabnikov","product_full_name":"4DRC F11 PRO 4K Dron z dvojno kamero","bullet_points":"<ul>\n<li>BATERIJA Z VISOKO KAPACITETO: Dron je opremljen z baterijo Lipo 7,4 V 3000 mAh z visoko zmogljivostjo, ki omogo\u010da pribli\u017eno 30 minut letenja.<\/li>\n<li>Velika razdalja nadzora: Izdelan za uporabo na dolge razdalje, z njim je mogo\u010de upravljati do razdalje 3000 m.<\/li>\n<li>FOTOAPARATI PROFESIONALNE KAKOVOSTI: Opremljena je z visokokakovostno kamero Real 4K ESC HD in dodatno spodnjo kamero 1080P za zajemanje kakovostnih videoposnetkov in slik iz zra\u010dnih kotov.<\/li>\n<li>NAPREDNI VODILNI SISTEM: ima napreden sistem GPS za vra\u010danje z eno tipko in inteligentno sledenje GPS za enostaven nadzor brez uporabe rok.<\/li>\n<li>VE\u010c NA\u010cINOV LETENJA: \u0160tevilne funkcije za raznolike izku\u0161nje pri letenju, vklju\u010dno s prepoznavanjem fotografij z gestami, ve\u010dto\u010dkovnim na\u010drtovanjem letenja, okolico s fiksno to\u010dko in funkcijo iskanja zrakoplova.<\/li>\n<li>DELITEV: Slike in videoposnetke lahko takoj delite s svojimi pustolovskimi potovanji.<\/li>\n<\/ul>\n","features":"<p>OPTIMALNI \u010cAS LETENJA: Ta dron zagotavlja pribli\u017eno 30 minut letenja z enim polnjenjem, kar omogo\u010da obse\u017eno uporabo in zajemanje posnetkov letenja, preden ga je treba ponovno napolniti.<br \/>\nVgrajena kamera: 4DRC F11 Pro je opremljen z dvema kamerama za zajemanje visokokakovostnih slik in videoposnetkov 4K, zato je ta dron odli\u010dno orodje za dih jemajo\u010do zra\u010dno fotografijo in videografijo.<br \/>\nRAZ\u0160IRJENO OBMO\u010cJE NADZORA: Z zmogljivostjo frekvence 2,4G ga je mogo\u010de daljinsko upravljati z impresivne razdalje do 3000 m.<br \/>\nSTABILNE MO\u017dNOSTI LETENJA: \u0160estosni \u017eiroskopski stabilizator zagotavlja stabilno in gladko letenje ter omogo\u010da natan\u010dno manevriranje in zanesljivo stabilnost v razli\u010dnih razmerah.<br \/>\nVKLJU\u010cEN GPS: Vgrajena funkcija GPS zagotavlja ve\u010djo varnost letenja, kot so funkcije vrnitve domov, kadar ima dron malo energije ali izgubi signal.<br \/>\nAVTONOMNI NA\u010cIN LETENJA: V na\u010dinu na\u010drtovanja poti z ve\u010d to\u010dkami lahko dolo\u010dite dolo\u010deno pot, po kateri bo dron avtonomno letel, vi pa se boste lahko osredoto\u010dili na delovanje fotoaparata.<br \/>\nPOPOLNOMA VKLJU\u010cENA APLIKACIJA: Dron je opremljen z uporabniku prijazno aplikacijo, ki omogo\u010da inteligentno sledenje GPS, prepoznavanje fotografij z gestami, obkro\u017eanje fiksne to\u010dke in funkcijo priklica zrakoplova.<br \/>\nNA\u010cIN BREZ GLAVE: Prakti\u010dni na\u010din brez glave uporabnikom zagotavlja la\u017eje upravljanje in nadzor, ne glede na to, v kateri smeri je dron v zraku.<\/p>\n","rating":"9.8","intro_text":"<p>V podjetju DJ Music Geek nismo samo za ritme, ampak imamo tudi krila &#8211; in sicer krila dronov. Kot navdu\u0161enci nad droni se zavedamo, kako te\u017eko se je znajti na obse\u017enem trgu dronov. Na voljo je ogromno razli\u010dnih mo\u017enosti, zato se iskanje prave pogosto zdi kot iskanje igle v kupu sena. Da bi vam prihranili \u010das in energijo, smo se prebili skozi morje specifikacij in opisov, polnih besed, ter vam pomagali najti popoln dron, ki bo izbolj\u0161al va\u0161o igro.   <\/p>\n","text_before_product_box":"<p>Pri na\u0161em testiranju se je dron 4DRC F11 PRO 4K z dvojno kamero izkazal za odli\u010dno izbiro zaradi impresivnih funkcij in izjemnega razmerja med kakovostjo in ceno. Ta kvadrokopter ima pravo kamero 4K ESC HD + 1080P, GPS z eno tipko za vrnitev in \u010das letenja pribli\u017eno 30 minut &#8211; ve\u010d kot dovolj za ve\u010dino uporabnikov. Poleg visokokakovostnih funkcij je ta dron cenovno ugoden, zato je stro\u0161kovno u\u010dinkovita izbira za tiste, ki i\u0161\u010dejo vrhunsko zmogljivost, ne da bi pri tem razbili banko.  <\/p>\n","text_after_product_box":"<p>Dron 4DRC F11 PRO 4K z dvojno kamero je visoko na lestvici najbolje ocenjenih dronov in je odli\u010dna izbira za navdu\u0161ence. Ta brezpilotni zrakoplov zagotavlja izjemno razmerje med kakovostjo in ceno, saj ponuja vrhunske funkcije po zelo ugodni ceni. Ugled blagovne znamke in napredne specifikacije so za tiste, ki i\u0161\u010dejo kakovost in vzdr\u017eljivost.  <\/p>\n<p>Ta dron je opremljen s funkcijami, ki bodo navdu\u0161ile vsakogar. Njegova spodnja kamera 4K ESC HD + 1080P zagotavlja snemanje videoposnetkov in slik visoke lo\u010dljivosti z najve\u010djimi podrobnostmi. Dolo\u010danje polo\u017eaja GPS, razdalja FPV pribli\u017eno 2000 m in razdalja R\/C 3000 m odpirajo neomejene mo\u017enosti za raziskovanje iz zraka. Dron je opremljen z vzdr\u017eljivo baterijo 7,4 V 3000 mAh, ki obljublja pribli\u017eno 30 minut letenja, kar je izjemno ve\u010d kot pri ve\u010dini konkurentov. Z nastavljivo \u0161irokokotno 90\u00b0 kamero HD boste zagotovo posneli osupljive panorame.    <\/p>\n<p>Dron 4DRC F11 PRO 4K je bolj\u0161i od ostalih z edinstvenimi funkcijami, zaradi katerih je uporabniku prijazen in u\u010dinkovit. Funkcija vrnitve z eno tipko GPS, prepoznavanje fotografij z gestami, ve\u010dto\u010dkovno na\u010drtovanje leta za pot, obkro\u017eanje fiksne to\u010dke in funkcija iskanja zrakoplova bodo vsakemu uporabniku omogo\u010dili nepozabno izku\u0161njo letenja. Poleg tega je na voljo v kompletu, ki vklju\u010duje daljinski upravljalnik, zmogljivo baterijo LiPo, polnilni kabel USB, za\u0161\u010ditne pokrove, rezervna rezila, izvija\u010d in navodila za uporabo. To je res popolna kombinacija kakovosti, zmogljivosti in cene!   <\/p>\n","why_the_best_text":"<p>Dron 4DRC F11 PRO 4K z dvojno kamero je s svojim razmerjem med ceno in kakovostjo verjetno najbolj\u0161a izbira med sodobnimi droni. Cena ponuja odli\u010dno vrednost, \u010de upo\u0161tevate izjemne funkcije, kot je impresivna dvojna kamera 4K ESC HD. To omogo\u010da ostre in visokokakovostne posnetke iz zraka, s 120\u00b0 \u0161irokim kotom za \u0161ir\u0161i pogled pa va\u0161e slike ali videoposnetki ne bodo razo\u010darali. Razdalja FPV je pribli\u017eno 2000 m, kar zagotavlja velik obseg snemanja slikovitih pokrajin.   <\/p>\n<p>Ta dron lahko leti na razdalji do 3 000 m, pri tem pa ohranja nadzor, in ima vzdr\u017eljiv \u010das letenja, ki traja pribli\u017eno 30 minut s polnim polnjenjem, ki traja le 250 minut. Zaradi dolo\u010danja polo\u017eaja GPS in opti\u010dnega pretoka je F11 PRO idealen za tiste, ki potrebujejo natan\u010dnost pri navigaciji. Dron vklju\u010duje pametne funkcije, kot so vrnitev z eno tipko, funkcija Follow me in letenje po to\u010dkah, zato je uporabniku prijazen in popoln tudi za za\u010detnike. Poleg tega ima 4DRC F11 PRO edinstvene in interaktivne funkcije, kot sta prepoznavanje fotografij z gestami in ve\u010dto\u010dkovno na\u010drtovanje letenja na poti. Brez dvoma je dron 4DRC F11 PRO 4K z dvojno kamero prefinjen dron, ki ponuja kombinacijo zmogljivosti, kakovostnih vizualnih posnetkov in enostavnega upravljanja po zelo ugodni ceni.    <\/p>\n","reviews_text":"<p>Orientacija na trgu dronov je lahko zapletena, vendar vam je lahko v veliko pomo\u010d, \u010de veste, kaj iskati glede na funkcionalnost in vrednost. Tukaj je \u0161est stvari, ki jih boste morda \u017eeleli upo\u0161tevati pri nakupu brezpilotnega letala: <\/p>\n<ol>\n<li><b>Kakovost kamere:<\/b> Eden od glavnih razlogov za nakup brezpilotnih letalnikov je mo\u017enost snemanja fotografij in videoposnetkov iz zraka. Poi\u0161\u010dite drone s kamerami visoke lo\u010dljivosti ali vsaj z mo\u017enostjo namestitve visokokakovostne kamere. <\/li>\n<li><b>\u017divljenjska doba baterije:<\/b> Poi\u0161\u010dite dron z dolgo \u017eivljenjsko dobo baterije za dalj\u0161e polete. Kot je razvidno iz zgornjega primera, traja let F11 PRO podjetja 4DRC pribli\u017eno 30 minut, kar je na trgu precej impresivno. <\/li>\n<li><b>Razpon:<\/b> Preverite, kako dale\u010d lahko brezpilotni zrakoplov potuje, preden izgubi signal. Nekateri droni imajo doseg ve\u010d kilometrov, na primer dron F11 PRO z dosegom 3 km. <\/li>\n<li><b>Cena:<\/b> Cena dronov se lahko precej razlikuje, zato je klju\u010dnega pomena, da najdete tak\u0161nega, ki bo ustrezal va\u0161emu prora\u010dunu. Dra\u017eji droni imajo obi\u010dajno naprednej\u0161e funkcije, kot so kamere vi\u0161je lo\u010dljivosti ali dalj\u0161i \u010das letenja. <\/li>\n<li><b>Funkcije GPS:<\/b> Nekateri droni imajo napredne funkcije GPS, na primer mo\u017enost programiranja poti leta. Te dodatne funkcije so lahko dragocene za posebne namene, kot je kartiranje ali iskanje in re\u0161evanje. <\/li>\n<li><b>Trajnost:<\/b> I\u0161\u010dite brezpilotna letala, ki so izdelana iz trpe\u017enih materialov, \u0161e posebej \u010de ste za\u010detnik, saj lahko pride do padcev in udarcev. Ve\u010dina visokokakovostnih dronov je izdelana iz trpe\u017ene plastike, kovine in elektronskih komponent, zato je izdelek, ki lahko prenese ve\u010d zlorab in \u0161e vedno deluje. <\/li>\n<\/ol>\n","top_pick_box_text":"<p>Dron 4DRC F11 PRO 4K z dvojno kamero je zaradi svojih izjemnih zmogljivosti in ugodne cene najbolj\u0161a izbira za navdu\u0161ence nad droni. Pona\u0161a se z impresivno spodnjo kamero 4K ESC HD+1080p in veliko razdaljo R\/C do 3000 m. Njegove pomembne funkcije vklju\u010dujejo dolo\u010danje polo\u017eaja GPS, 5G WiFi FPV do 2000 m, ve\u010d na\u010dinov letenja, vklju\u010dno z letenjem po to\u010dkah in na\u010dinom &#8220;sledi mi&#8221;.  <\/p>\n<p>Ta dron ponuja odli\u010dno razmerje med kakovostjo in ceno, saj ima veliko naprednih funkcij, ki jih obi\u010dajno najdemo pri dra\u017ejih dronih. Od dolgega \u010dasa letenja (pribli\u017eno 30 minut), vra\u010danja z eno tipko, popolnoma nastavljive kamere do prepoznavanja gest za enostavno fotografiranje, ta dron za svojo ceno presega pri\u010dakovanja. Za povrh je opremljen s 7,4V 3000 mAh baterijo, ki obljublja trajno zabavo.  <\/p>\n","bottom_text":"<p>4DRC F11 PRO odlikujejo impresivne funkcije, zaradi katerih izstopa na trgu. Z izjemnim \u010dasom letenja, napredno tehnologijo GPS in najsodobnej\u0161imi sistemi kamer zagotavlja vrhunsko zmogljivost in visokokakovostne posnetke. 4DRC F11 PRO se odlikuje tudi z vidika prijaznosti do uporabnika, saj je enostaven za uporabo in intuitiven na\u010din letenja, zaradi \u010desar je primeren za uporabnike dronov vseh ravni izku\u0161enj. Ponuja nastavljive hitrosti in natan\u010dno sledenje, kar zagotavlja gladek, enostaven za upravljanje in stabilen let. Upamo, da so bili na\u0161i iz\u010drpni pregledi pou\u010dni in koristni pri iskanju popolnega brezpilotnega letala.    <\/p>\n","product_2_full_name":"4DRC V Series WIFI FPV Drone z dvojno 4K kamero - zlo\u017eljiv RC Drone Quadcopter","product_3_full_name":"E88 Pro 4k Drone - Profesionalni 4k daljinski upravljalnik Drone","product_2_bullet_points":"<ul>\n<li>KAMERA Z VELIKO KAKOVOSTJO: Opremljen je z dvojno kamero 4K ultra visoke lo\u010dljivosti, ki omogo\u010da zajemanje osupljivo ostrih in \u017eivih slik ter videoposnetkov z edinstvenih zra\u010dnih perspektiv.<\/li>\n<li>STABILNO LETENJE: \u017diroskop 6 A XIS in funkcija visokega na\u010dina zadr\u017eanja zagotavljata stabilno in gladko letenje, kar za\u010detnikom olaj\u0161a upravljanje in zajemanje kakovostnih posnetkov.<\/li>\n<li>NAPREDNE FUNKCIJE: Funkcije, kot so vrnitev z enim gumbom, na\u010din brez glave in let po trajektoriji, omogo\u010dajo enostavno navigacijo, zato je primeren za vse ravni uporabnikov, od za\u010detnikov do izku\u0161enih navdu\u0161encev nad droni.<\/li>\n<li>ZLO\u017dLJIVOST IN LAHKO TE\u017dA: Zlo\u017eljiva zasnova tega kvadrokopterja ga naredi zelo prenosnega in enostavnega za prena\u0161anje. Poleg tega je ohi\u0161je iz lahke, visoko trdne in in\u017eenirsko odporne plastike trpe\u017eno. <\/li>\n<li>DOLG \u010cAS LETENJA: Z zmogljivo 3,7V litijevo baterijo 1600 mAh zagotavlja dolgo letenje (15-20 minut), kar vam omogo\u010da dalj\u0161e u\u017eivanje v letu.<\/li>\n<li>PRENOS V REALNEM \u010cASU: Dron podpira prenos WiFi FPV (First Person View), ki omogo\u010da snemanje v realnem \u010dasu, s prvoosebnim pogledom neposredno na va\u0161 pametni telefon prek povezane aplikacije.<\/li>\n<\/ul>\n","product_3_bullet_points":"<ul>\n<li>Dron E88Pro z visokokakovostnimi zra\u010dnimi fotografijami in preprosto obvladljivo mehaniko letenja, izdelano iz trpe\u017ene in lahke in\u017eenirske plastike visoke trdnosti, izbolj\u0161a pustolov\u0161\u010dine na prostem.<\/li>\n<li>Opremljen je s kamero 4K Ultra HD in sistemom dvojne kamere z mo\u017enostjo preklopa za \u0161irokokotne posnetke ter edinstveno funkcijo glasbene pove\u010dave, ki izbolj\u0161a kinematografsko kakovost videoposnetkov in fotografij.<\/li>\n<li>Dron je namenjen ljubiteljem in navdu\u0161encem ter ponuja \u0161tirikanalno krmiljenje za natan\u010dne manevre, vklju\u010dno z navpi\u010dnimi, vodoravnimi in 360-stopinjskimi gibi za dinami\u010dne panoramske posnetke.<\/li>\n<li>Dron E88 Pro ima tristopenjsko stikalo za hitrost letenja, primerno za razli\u010dne ravni znanja, 2,4 GHz tehnologijo za manj motenj in \u0161tevilne funkcije, kot sta LED-svetloba in ohranjanje vi\u0161ine, za varnej\u0161e in bolj gladko letenje.<\/li>\n<li>Vsak paket E88Pro Drone vsebuje dron, daljinski oddajnik, 3,7V 1800mAh baterijo Lipo, polnilni kabel USB, za\u0161\u010ditne pokrove in rezervne ventilatorje, \u010deprav baterije oddajnika niso vklju\u010dene.<\/li>\n<li>Z enim polnjenjem omogo\u010da do 20 minut letenja z dosegom 100 metrov na daljinski upravljalnik in se popolnoma napolni v samo 100 minutah, kar zagotavlja dalj\u0161e in neprekinjeno letenje.<\/li>\n<li>Njegova trpe\u017ena zasnova, izdelana iz visoko trdne plastike, zagotavlja, da je dron odporen na razli\u010dne zunanje razmere za dolgotrajno uporabo.<\/li>\n<li>\u0160irok nabor funkcij drona E88Pro, vklju\u010dno z Wi-Fi FPV in letenjem po trajektoriji, je namenjen tako za\u010detnikom kot izku\u0161enim pilotom, saj zagotavlja celovito izku\u0161njo letenja.<\/li>\n<\/ul>\n","product_2_full_name_new":"4DRC V Series WIFI FPV Drone z dvojno 4K kamero - zlo\u017eljiv RC Drone Quadcopter","product_3_full_name_new":"E88 Pro 4k Drone - Profesionalni 4k daljinski upravljalnik Drone"},"yoast_head":"<!-- This site is optimized with the Yoast SEO plugin v27.3 - https:\/\/yoast.com\/product\/yoast-seo-wordpress\/ -->\n<title>Top 10 najbolj\u0161ih dronov za nakup na Irskem za [month_year] [Posodobljeno] - DJ Music Geek<\/title>\n<meta name=\"robots\" content=\"index, follow, max-snippet:-1, max-image-preview:large, max-video-preview:-1\" \/>\n<link rel=\"canonical\" href=\"https:\/\/djmusicgeek.com\/sl\/top-10-best-drones-to-buy-in-ireland-for-month-year-updated\/\" \/>\n<meta property=\"og:locale\" content=\"sl_SI\" \/>\n<meta property=\"og:type\" content=\"article\" \/>\n<meta property=\"og:title\" content=\"Top 10 najbolj\u0161ih dronov za nakup na Irskem za [month_year] [Posodobljeno] - DJ Music Geek\" \/>\n<meta property=\"og:url\" content=\"https:\/\/djmusicgeek.com\/sl\/top-10-best-drones-to-buy-in-ireland-for-month-year-updated\/\" \/>\n<meta property=\"og:site_name\" content=\"DJ Music Geek\" \/>\n<meta property=\"article:modified_time\" content=\"2026-02-25T17:34:53+00:00\" \/>\n<meta name=\"twitter:card\" content=\"summary_large_image\" \/>\n<script type=\"application\/ld+json\" class=\"yoast-schema-graph\">{\"@context\":\"https:\\\/\\\/schema.org\",\"@graph\":[{\"@type\":\"WebPage\",\"@id\":\"https:\\\/\\\/djmusicgeek.com\\\/sl\\\/top-10-best-drones-to-buy-in-ireland-for-month-year-updated\\\/\",\"url\":\"https:\\\/\\\/djmusicgeek.com\\\/sl\\\/top-10-best-drones-to-buy-in-ireland-for-month-year-updated\\\/\",\"name\":\"Top 10 najbolj\u0161ih dronov za nakup na Irskem za [month_year] [Posodobljeno] - DJ Music Geek\",\"isPartOf\":{\"@id\":\"https:\\\/\\\/djmusicgeek.com\\\/#website\"},\"datePublished\":\"2023-10-31T20:43:26+00:00\",\"dateModified\":\"2026-02-25T17:34:53+00:00\",\"breadcrumb\":{\"@id\":\"https:\\\/\\\/djmusicgeek.com\\\/sl\\\/top-10-best-drones-to-buy-in-ireland-for-month-year-updated\\\/#breadcrumb\"},\"inLanguage\":\"sl-SI\",\"potentialAction\":[{\"@type\":\"ReadAction\",\"target\":[\"https:\\\/\\\/djmusicgeek.com\\\/sl\\\/top-10-best-drones-to-buy-in-ireland-for-month-year-updated\\\/\"]}]},{\"@type\":\"BreadcrumbList\",\"@id\":\"https:\\\/\\\/djmusicgeek.com\\\/sl\\\/top-10-best-drones-to-buy-in-ireland-for-month-year-updated\\\/#breadcrumb\",\"itemListElement\":[{\"@type\":\"ListItem\",\"position\":1,\"name\":\"Domov\",\"item\":\"https:\\\/\\\/djmusicgeek.com\\\/\"},{\"@type\":\"ListItem\",\"position\":2,\"name\":\"Top 10 najbolj\u0161ih dronov za nakup na Irskem za February 2026 [Posodobljeno]\"}]},{\"@type\":\"WebSite\",\"@id\":\"https:\\\/\\\/djmusicgeek.com\\\/#website\",\"url\":\"https:\\\/\\\/djmusicgeek.com\\\/\",\"name\":\"DJ Music Geek\",\"description\":\"\",\"potentialAction\":[{\"@type\":\"SearchAction\",\"target\":{\"@type\":\"EntryPoint\",\"urlTemplate\":\"https:\\\/\\\/djmusicgeek.com\\\/?s={search_term_string}\"},\"query-input\":{\"@type\":\"PropertyValueSpecification\",\"valueRequired\":true,\"valueName\":\"search_term_string\"}}],\"inLanguage\":\"sl-SI\"}]}<\/script>\n<!-- \/ Yoast SEO plugin. -->","yoast_head_json":{"title":"Top 10 najbolj\u0161ih dronov za nakup na Irskem za [month_year] [Posodobljeno] - DJ Music Geek","robots":{"index":"index","follow":"follow","max-snippet":"max-snippet:-1","max-image-preview":"max-image-preview:large","max-video-preview":"max-video-preview:-1"},"canonical":"https:\/\/djmusicgeek.com\/sl\/top-10-best-drones-to-buy-in-ireland-for-month-year-updated\/","og_locale":"sl_SI","og_type":"article","og_title":"Top 10 najbolj\u0161ih dronov za nakup na Irskem za [month_year] [Posodobljeno] - DJ Music Geek","og_url":"https:\/\/djmusicgeek.com\/sl\/top-10-best-drones-to-buy-in-ireland-for-month-year-updated\/","og_site_name":"DJ Music Geek","article_modified_time":"2026-02-25T17:34:53+00:00","twitter_card":"summary_large_image","schema":{"@context":"https:\/\/schema.org","@graph":[{"@type":"WebPage","@id":"https:\/\/djmusicgeek.com\/sl\/top-10-best-drones-to-buy-in-ireland-for-month-year-updated\/","url":"https:\/\/djmusicgeek.com\/sl\/top-10-best-drones-to-buy-in-ireland-for-month-year-updated\/","name":"Top 10 najbolj\u0161ih dronov za nakup na Irskem za [month_year] [Posodobljeno] - DJ Music Geek","isPartOf":{"@id":"https:\/\/djmusicgeek.com\/#website"},"datePublished":"2023-10-31T20:43:26+00:00","dateModified":"2026-02-25T17:34:53+00:00","breadcrumb":{"@id":"https:\/\/djmusicgeek.com\/sl\/top-10-best-drones-to-buy-in-ireland-for-month-year-updated\/#breadcrumb"},"inLanguage":"sl-SI","potentialAction":[{"@type":"ReadAction","target":["https:\/\/djmusicgeek.com\/sl\/top-10-best-drones-to-buy-in-ireland-for-month-year-updated\/"]}]},{"@type":"BreadcrumbList","@id":"https:\/\/djmusicgeek.com\/sl\/top-10-best-drones-to-buy-in-ireland-for-month-year-updated\/#breadcrumb","itemListElement":[{"@type":"ListItem","position":1,"name":"Domov","item":"https:\/\/djmusicgeek.com\/"},{"@type":"ListItem","position":2,"name":"Top 10 najbolj\u0161ih dronov za nakup na Irskem za February 2026 [Posodobljeno]"}]},{"@type":"WebSite","@id":"https:\/\/djmusicgeek.com\/#website","url":"https:\/\/djmusicgeek.com\/","name":"DJ Music Geek","description":"","potentialAction":[{"@type":"SearchAction","target":{"@type":"EntryPoint","urlTemplate":"https:\/\/djmusicgeek.com\/?s={search_term_string}"},"query-input":{"@type":"PropertyValueSpecification","valueRequired":true,"valueName":"search_term_string"}}],"inLanguage":"sl-SI"}]}},"_links":{"self":[{"href":"https:\/\/djmusicgeek.com\/sl\/wp-json\/wp\/v2\/pages\/13051","targetHints":{"allow":["GET"]}}],"collection":[{"href":"https:\/\/djmusicgeek.com\/sl\/wp-json\/wp\/v2\/pages"}],"about":[{"href":"https:\/\/djmusicgeek.com\/sl\/wp-json\/wp\/v2\/types\/page"}],"author":[{"embeddable":true,"href":"https:\/\/djmusicgeek.com\/sl\/wp-json\/wp\/v2\/users\/2"}],"replies":[{"embeddable":true,"href":"https:\/\/djmusicgeek.com\/sl\/wp-json\/wp\/v2\/comments?post=13051"}],"version-history":[{"count":2,"href":"https:\/\/djmusicgeek.com\/sl\/wp-json\/wp\/v2\/pages\/13051\/revisions"}],"predecessor-version":[{"id":17298,"href":"https:\/\/djmusicgeek.com\/sl\/wp-json\/wp\/v2\/pages\/13051\/revisions\/17298"}],"wp:attachment":[{"href":"https:\/\/djmusicgeek.com\/sl\/wp-json\/wp\/v2\/media?parent=13051"}],"curies":[{"name":"wp","href":"https:\/\/api.w.org\/{rel}","templated":true}]}}