{"id":12784,"date":"2024-06-14T21:53:57","date_gmt":"2024-06-14T21:53:57","guid":{"rendered":"https:\/\/djmusicgeek.com\/najboljse-igralne-top-10-najboljsih-igralnih-nastav-za-igranje-za-nakup\/"},"modified":"2026-03-01T13:47:49","modified_gmt":"2026-03-01T13:47:49","slug":"najboljse-igralne-top-10-najboljsih-igralnih-nastav-za-igranje-za-nakup","status":"publish","type":"page","link":"https:\/\/djmusicgeek.com\/sl\/najboljse-igralne-top-10-najboljsih-igralnih-nastav-za-igranje-za-nakup\/","title":{"rendered":"Top 10 najbolj\u0161ih slu\u0161alk za igranje &#8211;"},"content":{"rendered":"","protected":false},"excerpt":{"rendered":"","protected":false},"author":2,"featured_media":0,"parent":0,"menu_order":0,"comment_status":"closed","ping_status":"closed","template":"sales-template.php","meta":{"_acf_changed":false,"footnotes":""},"class_list":["post-12784","page","type-page","status-publish","hentry"],"acf":{"product_3_supplier":"Amazon","product_4_supplier":"Amazon","product_5_supplier":"Amazon","product_6_supplier":"Amazon","product_7_supplier":"Amazon","product_8_supplier":"Amazon","product_9_supplier":"Amazon","product_10_supplier":"Amazon","product_3_url":"","exclude_from_search":true,"product_2_supplier":"Shopsta","product_price_shortcode":"\u20ac124.99","product_discount_price_shortcode":"\u20ac99.99","product_2_price":"\u20ac109.99","product_2_discount_price":"\u20ac87.99","product_3_image_1":"","product_3_image_2":"","product_3_image_3":"","product_3_asin":"B07B81D162","product_4_asin":"B07PRYFGXG","product_5_asin":"B08NTYB4M7","product_6_asin":"B07FZVXS8H","product_7_asin":"B09GW7NHL4","product_8_asin":"B07W5JKB8Z","product_2_asin":"","product_9_asin":"","product_10_asin":"","product_url":"products\/commander-g-series-wireless-edition","product_image_1":"https:\/\/www.shopsta.co.uk\/cdn\/shop\/files\/O1CN01ZcemJx1QlNZq4L8LS__2901482016-0-ampmedia_798x798.jpg?v=1764763575","product_image_2":"https:\/\/www.shopsta.co.uk\/cdn\/shop\/files\/O1CN01IR0kAX1QlNZrMlWQ4__2901482016-0-ampmedia_798x798.jpg?v=1764763575","product_image_3":"https:\/\/www.shopsta.co.uk\/cdn\/shop\/files\/O1CN01ofXqk01QlNZqNuSLV__2901482016-0-ampmedia_798x798.jpg?v=1764763575","product_image_4":"https:\/\/djmusicgeek.com\/wp-content\/uploads\/2025\/12\/commander-top-50.jpeg","product_image_5":"https:\/\/www.shopsta.co.uk\/cdn\/shop\/files\/O1CN01ZcemJx1QlNZq4L8LS__2901482016-0-ampmedia_798x798.jpg?v=1764763575","product_2_url":"products\/somic-g-series-wireless-gaming-headset","product_2_image_1":"https:\/\/djmusicgeek.com\/wp-content\/uploads\/2023\/02\/SOMIC-G760-Wireless-Gamer-Headset-Detachable-Mic-Bluetooth-2-4G-Wired-3in1-Headphone-for-PS5-PS4.jpg_Q90.jpg","product_2_image_2":"https:\/\/djmusicgeek.com\/wp-content\/uploads\/2023\/02\/8c6029491e9d78d6d7c55d6a97d52490_1600x1600_d063843b-7174-45e3-a17a-1f9f816a4166_1360x1360.webp","product_2_image_3":"https:\/\/djmusicgeek.com\/wp-content\/uploads\/2023\/02\/650d93954cd3914c2b7de270df928da5_1600x1600_256d8234-8373-4a0b-8fcc-eed1c89a1b70_1360x1360.webp","product_image_6":"","product_image_7":"","product_image_8":"","language_code":"sl","product_name":"Serija Commander G","product_type":"Gaming slu\u0161alke","product_type_singular":"Gaming slu\u0161alke","product_full_name":"Commander G Series - 160-urna baterija - 7.1 brez\u017ei\u010dne gaming slu\u0161alke s prostorskim zvokom","bullet_points":"<ul>\n<li>IGRO KOT \u0160E NIKOLI PREJ: Z neverjetnim usmerjenim zvokom in neverjetnim udobjem so na\u0161e najbolj\u0161e brez\u017ei\u010dne igralne slu\u0161alke na splo\u0161no.<\/li>\n<li>VGRAJEN 7.1 PROSTORSKI ZVOK: U\u017eivaj v odli\u010dnem, uravnote\u017eenem 7.1 prostorskem zvoku s Commander G Series gaming slu\u0161alkami.<\/li>\n<li>DOLGA \u017dIVLJENJSKA DOBA BATERIJE: Ogromna 160+ urna baterija in 20ms brez\u017ei\u010dna zakasnitev ti omogo\u010data u\u010dinkovit zvok v &#8216;realnem \u010dasu&#8217;.<\/li>\n<li>PROFESIONALNI 50-MILIMETRSKI ZVO\u010cNIKI: Ogromni 50-milimetrski zvo\u010dniki v kombinaciji z neodimijevimi magneti zagotavljajo profesionalno studijsko kakovost zvoka z mo\u010dnimi nizkimi toni, jasnimi vokali ter jasnimi nizkimi, srednjimi in visokimi toni, ki tvorijo popolnoma uravnote\u017een zvok.<\/li>\n<li>3 IGRA\u010cNI NA\u010cINI: Izberite pravi na\u010din za vas, saj lahko z igralnim, filmskim in glasbenim na\u010dinom izberete najbolj\u0161i EQ, ki ustreza va\u0161emu slogu igranja.<\/li>\n<li>PRILAGODNI ZVO\u010cNI \u010cIP: S prilagojeno virtualno enoto prostorskega zvoka GS 7.1 je sledenje sovra\u017enikovim korakom v igrah, kot je Call of Duty, la\u017eje kot kdaj koli prej. Ta \u010dip po meri zagotavlja natan\u010dno natan\u010dnost zvoka v vseh smereh, kar vam daje nove prednosti v igri. <\/li>\n<li>Zdru\u017eljiv z vsemi konzolami: brez\u017ei\u010dno deluje s PS5, PS4, PC in Mac. Uporabite 3,5-milimetrski priklju\u010dek za slu\u0161alke za Xbox in druge naprave. <\/li>\n<li>KRISTALNO \u010cISTI MIKROVODNIK: izdelan posebej za igranje iger s 160-stopinjsko vrtljivo roko, ki po namestitvi ostane na mestu. Mikrofon z odpravljanjem \u0161umov omogo\u010da, da se jasno sli\u0161ite tudi ob mo\u010dnem hrupu iz ozadja. <\/li>\n<\/ul>\n","features":"<p>7.1 Virtualni prostorski zvok<br \/>\nOblazinjenje za udobno dolgotrajno igranje<br \/>\nJasen mikrofon za klepet<br \/>\nPrilagodljiv snemljiv mikrofon<br \/>\nOgromna 160+ urna \u017eivljenjska doba baterije<br \/>\nVeliki 50mm dinami\u010dni zvo\u010dniki<br \/>\nBrez\u017ei\u010dna 2,4GHz povezava<br \/>\nDelujejo kot slu\u0161alke za glasbo<\/p>\n","rating":"9.8","intro_text":"<p>Pri podjetju DJ Music Geek smo obsedeni z vsem, kar se ti\u010de zvoka. Z zdru\u017eitvijo obsedenosti z zvokom in ljubezni do igranja smo preizkusili najbolj\u0161e gaming slu\u0161alke, ki so na voljo na trgu za 2026. Igralne slu\u0161alke so zdaj zelo pomemben del igranja iger, pri \u010demer ima igranje iger z odli\u010dno kakovostnimi slu\u0161alkami velike prednosti. Zdaj je pomemben del uspe\u0161nega igranja iger, kot so Call of Duty, Battlefield, CS:GO, PUBG in Rainbow Six.   <\/p>\n<p>Z bolj\u0161imi slu\u0161alkami boste imeli prednost pred konkurenti in jih boste bolje sli\u0161ali na ve\u010djih razdaljah. Ne le to, tudi preprosto komuniciranje s prijatelji in udobje sta \u0161e nekaj pomembnih dejavnikov, ki jih je treba upo\u0161tevati. V tem vodniku boste na\u0161li nekaj priporo\u010dil za na\u0161e najbolj priljubljene, visokokakovostne, udobne in najbolj\u0161e slu\u0161alke, med katerimi lahko izbirate.  <\/p>\n","text_after_product_box":"<p>Zakaj je torej Commander G Series najbolj\u0161a izbira med vsemi slu\u0161alkami, ki smo jih preizkusili? Prvi\u010d, zmogljivosti prostorskega zvoka teh slu\u0161alk so bile najbolj\u0161e med vsemi na\u0161imi testi. Slu\u0161alke smo preizkusili z najnovej\u0161o igro Call of Duty, da bi ugotovili, kako enostavno je mogo\u010de dolo\u010diti lokacije sovra\u017enikov. Jasno lahko sli\u0161ite usmerjeni zvok, ki vam pomaga natan\u010dno dolo\u010diti sovra\u017enike, \u0161e preden jih vidite. Kakovost zvoka je izjemna, zato smo dobili ve\u010d iger.<\/p>\n<p>Novi Commander G Series je premium linija vrhunskih gaming slu\u0161alk s 160 urami 2,4GHz brez\u017ei\u010dnega igranja na polnjenje. Odpravlja potrebo po \u017eicah, ki vas povezujejo s konzolo ali ra\u010dunalnikom, in omogo\u010da brez\u017ei\u010dno igranje iger naslednje generacije s frekvenco 2,4 GHz. Lahke in zelo udobne slu\u0161alke so opremljene z vsem, kar si lahko zamislite za visoko zmogljive slu\u0161alke. Nadgrajena enota virtualnega prostorskega zvoka 7.1 s posodobljenimi gonilniki poskrbi za resni\u010dno vi\u0161jo raven. Najbolj\u0161a stvar pri seriji G je cena. Glede na to, da podobne slu\u0161alke stanejo ve\u010d kot 150 \u20ac, priporo\u010damo ta model, saj se izogne\u0161 \u017eicam, dobi\u0161 neverjetnih 160+ ur baterije in nadgrajen zvok.     <\/p>\n<p>To ocenjujemo kot na\u0161e najbolj\u0161e brez\u017ei\u010dne slu\u0161alke za nakup v 2026.<\/p>\n<h2 class=\"\">Pregled izdelka:<\/h2>\n<p>Zakaj je torej Commander G Series najbolj\u0161a izbira med vsemi slu\u0161alkami, ki smo jih preizkusili? Tukaj je 5 razlogov, zakaj menimo, da so bili G-ji najbolj\u0161i: <\/p>\n<p><strong>1)<\/strong> Prvi\u010d, zmogljivosti prostorskega zvoka teh slu\u0161alk so bile najbolj\u0161e med vsemi na\u0161imi testi. Slu\u0161alke smo preizkusili z najnovej\u0161o igro Call of Duty, da bi ugotovili, kako enostavno je mogo\u010de dolo\u010diti lokacije sovra\u017enikov. Jasno lahko sli\u0161ite usmerjeni zvok, ki vam pomaga natan\u010dno dolo\u010diti sovra\u017enike, \u0161e preden jih vidite.  <\/p>\n<p><strong>2<\/strong> ) Serija G je zelo udobna. Pri ve\u010d 6-urnih testih nismo ob\u010dutili nobenega pravega nelagodja. Ne stiskajo glave, temve\u010d se lepo in udobno namestijo na glavo. G-ji so dobro podlo\u017eeni na u\u0161esih in se lepo prilegajo vrhu glave.   <\/p>\n<p><strong>3)<\/strong> \u0160e ena odli\u010dna funkcija, ki so jo vgradili v serijo G, je nastavitev brez gonilnika. Preprosto ga lahko priklju\u010dite prek brez\u017ei\u010dnega klju\u010da USB in \u017ee lahko uporabljate virtualni prostorski zvok 7.1. Ni treba name\u0161\u010dati zapletenih gonilnikov in popravkov. Preprosto priklju\u010dite in za\u010dnite uporabljati.   <\/p>\n","why_the_best_text":"<p>Na na\u0161ih testih smo ugotovili, da vi\u0161ja cena ni vedno enaka vi\u0161ji kakovosti. Nekatere bolj znane blagovne znamke, kot so SteelSeries, Astro in Logtiech, so proizvajale res dobre slu\u0161alke, vendar je bila njihova cena dvakrat ali trikrat vi\u0161ja od cene serije Commander G. Ko smo primerjali stvari, kot so udobje, jasnost prostorskega zvoka in splo\u0161ne funkcije, smo ugotovili, da je serija Commander G na splo\u0161no dosegla najvi\u0161jo skupno oceno na podlagi na\u0161ih \u0161estih glavnih dejavnikov: zvok, udobje, trajanje baterije, zanesljivost, povezljivost in cena. <\/p>\n","reviews_text":"<p>Pomembno je, da si ogledate, kaj je potrebno za odli\u010dne igralne slu\u0161alke. Pripravili smo 6 osnovnih elementov, ki jih morate upo\u0161tevati pri vseh slu\u0161alkah: <\/p>\n<p>1) Odli\u010den zvok &#8211; brez te bistvene komponente ne moremo!<br \/>\n2) Udobje &#8211; ali lahko igramo ve\u010d ur brez nelagodja<br \/>\n3) Trajanje baterije &#8211; kako dolgo zdr\u017ei baterija, \u010de je brez\u017ei\u010dna?<br \/>\n4) Zanesljivost &#8211; ali me mora skrbeti kakovost izdelave?<br \/>\n5) Povezljivost &#8211; kako enostavno jo je povezati?<br \/>\n6) Cena &#8211; ali je dostopna ali prepla\u010dujem?<\/p>\n<p>Na podlagi teh dejavnikov smo pregledali in naro\u010dili zgornje slu\u0161alke. Pri izbiri slu\u0161alk je pomembno, da pokrijete vse mo\u017enosti, saj vam lahko le en vidik pokvari izku\u0161njo. Na\u0161a najbolj\u0161a izbira je Commander G Series.<\/p>\n","top_pick_box_text":"<p>Ko gre za igralne slu\u0161alke, \u017eelite imeti vse funkcije v odli\u010dni zasnovi. Commander G Series po na\u0161em mnenju ponuja vse, kar bi si lahko \u017eelel pri brez\u017ei\u010dnih gaming slu\u0161alkah, po fenomenalni ceni. <\/p>\n<p>Zaradi visoke kakovosti izdelave, dolge \u017eivljenjske dobe baterije, izjemno zanesljive povezljivosti in zdru\u017eljivosti z vsemi konzolami smo serijo G ocenili z oceno 9,8 od 10.<\/p>\n<p>Po pribli\u017eno petih mesecih vsakodnevne uporabe enote ne vidimo, da bi kmalu pre\u0161li na drugo enoto.<\/p>\n<p>Brezpla\u010dna dostava ob nakupu pri Shopsta.<\/p>\n","bottom_text":"<p>Serija Commander G ima velike 50-milimetrske dinami\u010dne zvo\u010dnike, kar je ve\u010d kot dovolj za povpre\u010dnega uporabnika. Pri polni glasnosti se lahko slu\u0161alke \u0161tejejo za preglasne.  To je odli\u010dno, saj lahko izhodni zvok prilagodite svojim nastavitvam. Z drugimi funkcijami, kot so udobne blazinice za u\u0161esa, 160-urna baterija in 3 na\u010dini EQ za igre, serija Commander G zagotovo omogo\u010da vrhunsko igralno izku\u0161njo. \u010ce se odlo\u010dite za to enoto, poskrbite za 20 % popust na maloprodajno ceno, \u010de pri nakupu uporabite kodo za popust. Zahvaljujemo se vam za branje na\u0161ih zgornjih pregledov in upamo, da smo vam pomagali najti prave slu\u0161alke, ki bodo ustrezale va\u0161im potrebam.   <\/p>\n","product_2_full_name":"SOMiC G Series - Brez\u017ei\u010dne 7.1 gaming slu\u0161alke s snemljivim mikrofonom","product_2_bullet_points":"<ul>\n<li>NAJBOLJ\u0160E CENOVNO DOSTOPNE GAMING SLU\u0160ALKE: SOMiC G Series so najbolje prodajane slu\u0161alke, znane po svoji zmogljivosti in dizajnu.<\/li>\n<li>VGRAJEN 7.1 PROSTORSKI ZVOK: U\u017eivaj v odli\u010dnem, uravnote\u017eenem 7.1 prostorskem zvoku s SOMiC G gaming slu\u0161alkami s prostorskim zvokom.<\/li>\n<li>PROFESIONALNI 50-MILIMETRSKI ZVO\u010cNIKI: Ogromni 50-milimetrski zvo\u010dniki v kombinaciji z neodimijevimi magneti zagotavljajo profesionalno studijsko kakovost zvoka z mo\u010dnimi nizkimi toni, jasnimi vokali ter jasnimi nizkimi, srednjimi in visokimi toni, ki tvorijo popolnoma uravnote\u017een zvok.<\/li>\n<li>3 IGRA\u010cNI NA\u010cINI: Izberite pravi na\u010din za vas, saj lahko z igralnim, filmskim in glasbenim na\u010dinom izberete najbolj\u0161i EQ, ki ustreza va\u0161emu slogu igranja.<\/li>\n<li>PRILAGODNI ZVO\u010cNI \u010cIP: S prilagojeno enoto virtualnega prostorskega zvoka 7.1 serije G je sledenje sovra\u017enikovim korakom v igrah, kot je Call of Duty, la\u017eje kot kdaj koli prej. Ta \u010dip po meri zagotavlja natan\u010dno natan\u010dnost zvoka v vseh smereh, kar vam daje nove prednosti v igri. <\/li>\n<li>Zdru\u017eljiv z vsemi konzolami: deluje s PS5, PS4, PC in Mac prek USB. Uporabite 3,5-milimetrski priklju\u010dek za slu\u0161alke za Xbox in druge naprave. <\/li>\n<li>KRISTALNO \u010cISTI MIKROVODNIK: izdelan posebej za igranje iger s 160-stopinjsko vrtljivo roko, ki po namestitvi ostane na mestu. Mikrofon z odpravljanjem \u0161umov omogo\u010da, da se jasno sli\u0161ite tudi ob mo\u010dnem hrupu iz ozadja. <\/li>\n<\/ul>\n","text_after_product_box_2":"<p><strong>4)<\/strong> Mikrofon je kristalno \u010dist, ima celo dvojni mikrofon za odpravljanje \u0161umov, ki je name\u0161\u010den na zunanji strani u\u0161esne \u010da\u0161ice in poslu\u0161a \u0161ume iz ozadja ter jih odstranjuje iz glasovnega klepeta v igri.<\/p>\n<p><strong>5)<\/strong> \u017divljenjska doba baterije je pri brez\u017ei\u010dnih slu\u0161alkah pomemben dejavnik, zato je najbolje, da si omislite slu\u0161alke s primerno zmogljivostjo. Commander G Series izstopa kot ene najbolj\u0161ih slu\u0161alk glede \u017eivljenjske dobe baterije. Ogromnih 160+ polnih ur brez polnjenja.  Sam sem to preizku\u0161al in menim, da je trajal dlje od tega uradnega podatka. Vseeno pa je 160 ur zelo dolgo obdobje brez potrebe po polnjenju, dodatna odli\u010dna funkcija pa je, da lahko polni\u0161 in uporablja\u0161 hkrati, kar je super.<\/p>\n","product_2_full_name_new":"SOMiC G Series - Brez\u017ei\u010dne 7.1 gaming slu\u0161alke s snemljivim mikrofonom"},"yoast_head":"<!-- This site is optimized with the Yoast SEO plugin v27.3 - https:\/\/yoast.com\/product\/yoast-seo-wordpress\/ -->\n<title>Top 10 najbolj\u0161ih slu\u0161alk za igranje - DJ Music Geek<\/title>\n<meta name=\"robots\" content=\"index, follow, max-snippet:-1, max-image-preview:large, max-video-preview:-1\" \/>\n<link rel=\"canonical\" href=\"https:\/\/djmusicgeek.com\/sl\/najboljse-igralne-top-10-najboljsih-igralnih-nastav-za-igranje-za-nakup\/\" \/>\n<meta property=\"og:locale\" content=\"sl_SI\" \/>\n<meta property=\"og:type\" content=\"article\" \/>\n<meta property=\"og:title\" content=\"Top 10 najbolj\u0161ih slu\u0161alk za igranje - DJ Music Geek\" \/>\n<meta property=\"og:url\" content=\"https:\/\/djmusicgeek.com\/sl\/najboljse-igralne-top-10-najboljsih-igralnih-nastav-za-igranje-za-nakup\/\" \/>\n<meta property=\"og:site_name\" content=\"DJ Music Geek\" \/>\n<meta property=\"article:modified_time\" content=\"2026-03-01T13:47:49+00:00\" \/>\n<meta name=\"twitter:card\" content=\"summary_large_image\" \/>\n<script type=\"application\/ld+json\" class=\"yoast-schema-graph\">{\"@context\":\"https:\\\/\\\/schema.org\",\"@graph\":[{\"@type\":\"WebPage\",\"@id\":\"https:\\\/\\\/djmusicgeek.com\\\/sl\\\/najboljse-igralne-top-10-najboljsih-igralnih-nastav-za-igranje-za-nakup\\\/\",\"url\":\"https:\\\/\\\/djmusicgeek.com\\\/sl\\\/najboljse-igralne-top-10-najboljsih-igralnih-nastav-za-igranje-za-nakup\\\/\",\"name\":\"Top 10 najbolj\u0161ih slu\u0161alk za igranje - DJ Music Geek\",\"isPartOf\":{\"@id\":\"https:\\\/\\\/djmusicgeek.com\\\/#website\"},\"datePublished\":\"2024-06-14T21:53:57+00:00\",\"dateModified\":\"2026-03-01T13:47:49+00:00\",\"breadcrumb\":{\"@id\":\"https:\\\/\\\/djmusicgeek.com\\\/sl\\\/najboljse-igralne-top-10-najboljsih-igralnih-nastav-za-igranje-za-nakup\\\/#breadcrumb\"},\"inLanguage\":\"sl-SI\",\"potentialAction\":[{\"@type\":\"ReadAction\",\"target\":[\"https:\\\/\\\/djmusicgeek.com\\\/sl\\\/najboljse-igralne-top-10-najboljsih-igralnih-nastav-za-igranje-za-nakup\\\/\"]}]},{\"@type\":\"BreadcrumbList\",\"@id\":\"https:\\\/\\\/djmusicgeek.com\\\/sl\\\/najboljse-igralne-top-10-najboljsih-igralnih-nastav-za-igranje-za-nakup\\\/#breadcrumb\",\"itemListElement\":[{\"@type\":\"ListItem\",\"position\":1,\"name\":\"Domov\",\"item\":\"https:\\\/\\\/djmusicgeek.com\\\/\"},{\"@type\":\"ListItem\",\"position\":2,\"name\":\"Top 10 najbolj\u0161ih slu\u0161alk za igranje &#8211;\"}]},{\"@type\":\"WebSite\",\"@id\":\"https:\\\/\\\/djmusicgeek.com\\\/#website\",\"url\":\"https:\\\/\\\/djmusicgeek.com\\\/\",\"name\":\"DJ Music Geek\",\"description\":\"\",\"potentialAction\":[{\"@type\":\"SearchAction\",\"target\":{\"@type\":\"EntryPoint\",\"urlTemplate\":\"https:\\\/\\\/djmusicgeek.com\\\/?s={search_term_string}\"},\"query-input\":{\"@type\":\"PropertyValueSpecification\",\"valueRequired\":true,\"valueName\":\"search_term_string\"}}],\"inLanguage\":\"sl-SI\"}]}<\/script>\n<!-- \/ Yoast SEO plugin. -->","yoast_head_json":{"title":"Top 10 najbolj\u0161ih slu\u0161alk za igranje - DJ Music Geek","robots":{"index":"index","follow":"follow","max-snippet":"max-snippet:-1","max-image-preview":"max-image-preview:large","max-video-preview":"max-video-preview:-1"},"canonical":"https:\/\/djmusicgeek.com\/sl\/najboljse-igralne-top-10-najboljsih-igralnih-nastav-za-igranje-za-nakup\/","og_locale":"sl_SI","og_type":"article","og_title":"Top 10 najbolj\u0161ih slu\u0161alk za igranje - DJ Music Geek","og_url":"https:\/\/djmusicgeek.com\/sl\/najboljse-igralne-top-10-najboljsih-igralnih-nastav-za-igranje-za-nakup\/","og_site_name":"DJ Music Geek","article_modified_time":"2026-03-01T13:47:49+00:00","twitter_card":"summary_large_image","schema":{"@context":"https:\/\/schema.org","@graph":[{"@type":"WebPage","@id":"https:\/\/djmusicgeek.com\/sl\/najboljse-igralne-top-10-najboljsih-igralnih-nastav-za-igranje-za-nakup\/","url":"https:\/\/djmusicgeek.com\/sl\/najboljse-igralne-top-10-najboljsih-igralnih-nastav-za-igranje-za-nakup\/","name":"Top 10 najbolj\u0161ih slu\u0161alk za igranje - DJ Music Geek","isPartOf":{"@id":"https:\/\/djmusicgeek.com\/#website"},"datePublished":"2024-06-14T21:53:57+00:00","dateModified":"2026-03-01T13:47:49+00:00","breadcrumb":{"@id":"https:\/\/djmusicgeek.com\/sl\/najboljse-igralne-top-10-najboljsih-igralnih-nastav-za-igranje-za-nakup\/#breadcrumb"},"inLanguage":"sl-SI","potentialAction":[{"@type":"ReadAction","target":["https:\/\/djmusicgeek.com\/sl\/najboljse-igralne-top-10-najboljsih-igralnih-nastav-za-igranje-za-nakup\/"]}]},{"@type":"BreadcrumbList","@id":"https:\/\/djmusicgeek.com\/sl\/najboljse-igralne-top-10-najboljsih-igralnih-nastav-za-igranje-za-nakup\/#breadcrumb","itemListElement":[{"@type":"ListItem","position":1,"name":"Domov","item":"https:\/\/djmusicgeek.com\/"},{"@type":"ListItem","position":2,"name":"Top 10 najbolj\u0161ih slu\u0161alk za igranje &#8211;"}]},{"@type":"WebSite","@id":"https:\/\/djmusicgeek.com\/#website","url":"https:\/\/djmusicgeek.com\/","name":"DJ Music Geek","description":"","potentialAction":[{"@type":"SearchAction","target":{"@type":"EntryPoint","urlTemplate":"https:\/\/djmusicgeek.com\/?s={search_term_string}"},"query-input":{"@type":"PropertyValueSpecification","valueRequired":true,"valueName":"search_term_string"}}],"inLanguage":"sl-SI"}]}},"_links":{"self":[{"href":"https:\/\/djmusicgeek.com\/sl\/wp-json\/wp\/v2\/pages\/12784","targetHints":{"allow":["GET"]}}],"collection":[{"href":"https:\/\/djmusicgeek.com\/sl\/wp-json\/wp\/v2\/pages"}],"about":[{"href":"https:\/\/djmusicgeek.com\/sl\/wp-json\/wp\/v2\/types\/page"}],"author":[{"embeddable":true,"href":"https:\/\/djmusicgeek.com\/sl\/wp-json\/wp\/v2\/users\/2"}],"replies":[{"embeddable":true,"href":"https:\/\/djmusicgeek.com\/sl\/wp-json\/wp\/v2\/comments?post=12784"}],"version-history":[{"count":2,"href":"https:\/\/djmusicgeek.com\/sl\/wp-json\/wp\/v2\/pages\/12784\/revisions"}],"predecessor-version":[{"id":16703,"href":"https:\/\/djmusicgeek.com\/sl\/wp-json\/wp\/v2\/pages\/12784\/revisions\/16703"}],"wp:attachment":[{"href":"https:\/\/djmusicgeek.com\/sl\/wp-json\/wp\/v2\/media?parent=12784"}],"curies":[{"name":"wp","href":"https:\/\/api.w.org\/{rel}","templated":true}]}}