{"id":12421,"date":"2024-01-19T02:13:41","date_gmt":"2024-01-19T02:13:41","guid":{"rendered":"https:\/\/djmusicgeek.com\/najboljse-brezzicne-slusalke-za-nakup-2024\/"},"modified":"2026-03-01T13:46:13","modified_gmt":"2026-03-01T13:46:13","slug":"najboljse-brezzicne-slusalke-za-nakup-2024","status":"publish","type":"page","link":"https:\/\/djmusicgeek.com\/sl\/najboljse-brezzicne-slusalke-za-nakup-2024\/","title":{"rendered":"10 najbolj\u0161ih brez\u017ei\u010dnih slu\u0161alk za nakup v Zdru\u017eenem kraljestvu za April 2026 [Posodobljeno]"},"content":{"rendered":"","protected":false},"excerpt":{"rendered":"","protected":false},"author":2,"featured_media":0,"parent":0,"menu_order":0,"comment_status":"closed","ping_status":"closed","template":"sales-template.php","meta":{"_acf_changed":false,"footnotes":""},"class_list":["post-12421","page","type-page","status-publish","hentry"],"acf":{"product_2_supplier":"Amazon","product_3_supplier":"Amazon","product_4_supplier":"Amazon","product_5_supplier":"Amazon","product_6_supplier":"Amazon","product_7_supplier":"Amazon","product_8_supplier":"Amazon","product_9_supplier":"Amazon","product_10_supplier":"Amazon","exclude_from_search":true,"product_3_price":"","product_3_url":"","product_url":"https:\/\/www.shopsta.co.uk\/products\/soundpeats-mini-pro-hs-wireless-earbuds-bluetooth-anc-hi-res-sound","product_2_url":"https:\/\/www.shopsta.co.uk\/products\/tribit-flybuds-c2-wireless-bluetooth-earphones-4-mics-call-noise-canceling-crystal-clear-calls-earbuds-32h-playtime-headphones","product_price_shortcode":"\u00a379.99","product_discount_price_shortcode":"\u00a364.00","product_image_1":"https:\/\/cdn.shopify.com\/s\/files\/1\/0503\/4170\/7969\/files\/S01dda507573846b8bf7dfef5c3e59319p.webp?v=1705589004","product_image_2":"https:\/\/cdn.shopify.com\/s\/files\/1\/0503\/4170\/7969\/files\/Sa889552a83924fdb874785ba30cf9192a.webp?v=1705589004","product_image_3":"https:\/\/cdn.shopify.com\/s\/files\/1\/0503\/4170\/7969\/files\/S26bef3b5f5c54c1f9a6041ef40166764p.webp?v=1705589004","product_image_4":"https:\/\/cdn.shopify.com\/s\/files\/1\/0503\/4170\/7969\/files\/S2ab9ef8c42524edaae083d7cdd7137e1r.webp?v=1705589005","product_image_5":"https:\/\/cdn.shopify.com\/s\/files\/1\/0503\/4170\/7969\/files\/Scb1eb558b35d4f34871e168f74f908efC.webp?v=1705589005","product_image_6":"https:\/\/www.shopsta.co.uk\/cdn\/shop\/files\/Sa889552a83924fdb874785ba30cf9192a_1400x1400.webp?v=1705589004","product_image_7":"https:\/\/www.shopsta.co.uk\/cdn\/shop\/files\/S26bef3b5f5c54c1f9a6041ef40166764p_1400x1400.webp?v=1705589004","product_image_8":"https:\/\/www.shopsta.co.uk\/cdn\/shop\/files\/Scb1eb558b35d4f34871e168f74f908efC_1400x1400.webp?v=1705589005","product_2_asin":"B0CHWZ9TZS","product_3_asin":"B0B4KHCQ96","product_4_asin":"B0979QQHFG","product_5_asin":"B09D7PXZV7","product_6_asin":"B09RZKHSD6","product_7_asin":"B09JQQDLXF","product_8_asin":"B095DNPH4R","product_9_asin":"B09RZJZ7YW","product_10_asin":"B0C9NGNBPG","product_2_image_1":"https:\/\/cdn.shopify.com\/s\/files\/1\/0503\/4170\/7969\/files\/Sb63526d4600f46848fe7de0e077cc862U.jpg?v=1695677154","product_2_image_2":"https:\/\/cdn.shopify.com\/s\/files\/1\/0503\/4170\/7969\/files\/Sc78e0c14e4e64fd58f35cba2ded94ad9r.jpg?v=1695677153","product_2_image_3":"https:\/\/cdn.shopify.com\/s\/files\/1\/0503\/4170\/7969\/files\/Seaaf380b94f049b4b91eb37d65f0c0b1L.jpg?v=1695677153","product_2_price":"\u00a347.99","product_2_discount_price":"\u00a338.39","product_3_image_1":"","product_3_image_2":"","product_3_image_3":"","product_3_discount_price":"","language_code":"sl","product_name":"SOUNDPEATS\u00ae Mini Pro","product_type":"Brez\u017ei\u010dne slu\u0161alke","product_type_singular":"Brez\u017ei\u010dne slu\u0161alke za u\u0161esa za nakup","product_full_name":"SOUNDPEATS\u00ae Mini Pro True Wireless Earbuds","bullet_points":"<ul>\n<li>\u010cUDOVITA KAKOVOST ZVOKA: Te slu\u0161alke zagotavljajo bogat in podroben zvok, bolj\u0161i od CD-jev, s \u0161irokim pasom predvajanja od 20 Hz do 40 kHz. U\u017eivajte v zvoku, ki je najbli\u017eje izvirnemu posnetku, in si privo\u0161\u010dite obogateno in poglobljeno zvo\u010dno izku\u0161njo. <\/li>\n<li>Tehnologija kodekov LDAC: Izkusite nemoten prenos zvoka s trikrat ve\u010djo koli\u010dino informacij v primerjavi z obi\u010dajnim kodekom Bluetooth SBC. Cenite odtenke glasov in instrumentov ter se pribli\u017eajte prvotnemu namenu ustvarjalca. <\/li>\n<li>Napredna tehnologija odpravljanja hrupa: s hibridno tehnologijo aktivnega odpravljanja hrupa, ki zmanj\u0161a hrup do 40 dB, nevtralizira zunanje zvoke in omogo\u010da nemoten zvok tudi v hrupnih okoljih.<\/li>\n<li>PREMIUM DYNAMIC DRIVER: Vgrajen je 10 mm dinami\u010dni gonilnik, ki zagotavlja globino in dinamiko naravnih zvokov ter neverjetno uravnote\u017eeno nizkofrekven\u010dno zvo\u010dno izku\u0161njo, ki je \u010dim bolj podobna izvirnemu zvoku.<\/li>\n<li>Zanesljiva \u017eivljenjska doba baterije: U\u017eivajte do 8 ur neprekinjenega predvajanja glasbe samo s slu\u0161alkami in do 28 ur s polnilnim ohi\u0161jem. Idealen za dolga potovanja, naporne delovne dneve in dalj\u0161o avdio zabavo. <\/li>\n<li>OPTIMIZIRANO ZA KONFERENCE: ima funkcijo odpravljanja \u0161umov ENC in 6 mikrofonov, ki filtrirajo hrup iz okolice ter zagotavljajo jasno kakovost glasu med pogovori. Idealno za delo na daljavo in spletne konference. <\/li>\n<\/ul>\n","features":"<p>\u010cudovita kakovost zvoka: u\u017eivajte v zvoku, kot je ustvarjen za poslu\u0161anje. Slu\u0161alke predvajajo zvok visoke lo\u010dljivosti, ki je bogat, podroben in pristen. \u0160iroko obmo\u010dje predvajanja od 20 Hz do 40 kHz vam omogo\u010da, da zajamete vsako nianso in si tako zagotovite resni\u010dno poglobljeno zvo\u010dno izku\u0161njo.  <\/p>\n<p>IZBOLJ\u0160ANI PRENOS ZVOKA: Zaradi tehnologije kodeka LDAC lahko te brez\u017ei\u010dne slu\u0161alke prena\u0161ajo 3-krat ve\u010d podatkov kot obi\u010dajni kodek Bluetooth SBC, kar vam omogo\u010da, da cenite vsako podrobnost v glasbi.  <\/p>\n<p>Napredna tehnologija odpravljanja hrupa: Hibridna tehnologija aktivnega odpravljanja hrupa omogo\u010da zmanj\u0161anje hrupa do 40 dB in u\u010dinkovito odpravlja hrup iz ozadja. U\u017eivajte v neprekinjeni in mirni zvo\u010dni izku\u0161nji, ne glede na to, kje ste. <\/p>\n<p>PREMIUM 10MM DYNAMIC DRIVER: Te slu\u0161alke z 10 mm dinami\u010dnim gonilnikom zagotavljajo globino zvokov srednjega in nizkega razpona ter dinami\u010dnost naravnih zvokov. Rezultat je zbirka frekvenc, ki je dobro uravnote\u017eena in neverjetno podobna izvirnemu posnetku. <\/p>\n<p>Zanesljiva \u017eivljenjska doba baterije: Kljub kompaktni zasnovi te slu\u0161alke zagotavljajo do 8 ur neprekinjenega predvajanja in dodatnih 20 ur s polnilnim etuijem. Zato so kot nala\u0161\u010d za dolge vo\u017enje na delo, neprekinjene delovne dneve ali dalj\u0161e seanse avdio zabave. <\/p>\n<p>OPTIMIZIRANO ZA POZIVANJE: Slu\u0161alke SOUNDPEATS Mini Pro so opremljene s funkcijo odpravljanja \u0161umov ENC in 6 mikrofoni &#8211; po 3 v vsakem u\u0161esnem vlo\u017eku &#8211; in so zasnovane tako, da s filtriranjem hrupa iz okolice izbolj\u0161ajo va\u0161 glas med klici. Idealno za delo na daljavo in spletne konference. <\/p>\n<p>VRHUNSKE SPECIFIKACIJE: WQ7033AR, upornost 32\u03a9, frekven\u010dni odziv 20-40.000 Hz, kodeki AAC, SBC, LDAC, aktivno odpravljanje \u0161umov in razli\u010dica Bluetooth 5.3.<\/p>\n<p>VSEBINA \u0160KATLE: V \u0161katli so poleg dveh slu\u0161alk Bluetooth Mini Pro HS \u0161e polnilni kabel Type-C, 6 zamenljivih u\u0161esnih nastavkov, polnilno ohi\u0161je in navodila za uporabo.<\/p>\n","rating":"9.8","intro_text":"<p>Dobrodo\u0161li na portalu DJ Music Geek, kjer najdete najnovej\u0161e in najbolj\u0161e informacije o zvo\u010dni opremi. \u010ce i\u0161\u010dete brezhibno kakovost zvoka, varno prileganje, impresivno \u017eivljenjsko dobo baterije in brezhibno brez\u017ei\u010dno izku\u0161njo, ste na pravem mestu. Kot predani avdiofili in tehnolo\u0161ki navdu\u0161enci vam ponujamo poglobljene, avtoritativne preglede in priporo\u010dila za najbolj\u0161e brez\u017ei\u010dne slu\u0161alke na trgu. Preizkusili in preizkusili smo vse, od cenovno ugodnih do vrhunskih izdelkov, da bi vam zagotovili informacije, ki jih potrebujete za pravilno izbiro. Pripravite se na nadgradnjo poslu\u0161anja z brez\u017ei\u010dnimi slu\u0161alkami, ki resni\u010dno zadenejo pravo noto.    <\/p>\n","text_before_product_box":"<p>Brez\u017ei\u010dne slu\u0161alke SOUNDPEATS\u00ae Mini Pro True Wireless Earbuds so pri na\u0161em testiranju dobile najbolj\u0161e ocene zaradi neprekosljive kombinacije kakovosti zvoka, vrednosti in inovativnih funkcij. Te slu\u0161alke za u\u0161esa preka\u0161ajo konkurente s predvajanjem zvoka visoke lo\u010dljivosti in ekskluzivnim kodekom LDAC za vrhunski prenos zvoka. Po dostopni ceni zagotavljajo tudi odli\u010dno donosnost nalo\u017ebe, vklju\u010dno s funkcijami, kot sta hibridno aktivno odpravljanje hrupa in do 28 ur delovanja baterije.  <\/p>\n","text_after_product_box":"<p>Pri izbiri brez\u017ei\u010dnih slu\u0161alk je zelo pomembno razmerje med kakovostjo in ceno. Brez\u017ei\u010dne slu\u0161alke SOUNDPEATS Mini Pro ponujajo prav to. Po testiranju tega izdelka vam lahko zagotovimo, da ta izdelek zagotavlja neprimerljivo kakovost zvoka, napredne funkcije in dolgo \u017eivljenjsko dobo po zelo konkuren\u010dni ceni.    <\/p>\n<p>Zaradi predvajanja zvo\u010dnega vira visoke lo\u010dljivosti in vrhunske tehnologije kodeka LDAC smo bili navdu\u0161eni nad bogatim, podrobnim in realisti\u010dnim zvokom. Izdelek zagotavlja obogateno in poglobljeno zvo\u010dno izku\u0161njo, ki je veliko bolj\u0161a kot pri CD-jih. Poleg tega so slu\u0161alke opremljene z aktivnim odpravljanjem hrupa, ki u\u010dinkovito nevtralizira zunanje zvoke, kar je prava prednost v hrupnih okoljih.  <\/p>\n<p>Slu\u0161alke SOUNDPEATS Mini Pro se pona\u0161ajo z zanesljivo \u017eivljenjsko dobo baterije, ki s samimi slu\u0161alkami traja do 8 ur, s polnilnim etuijem pa 28 ur, zato so idealne za dolga potovanja in obse\u017eno zvo\u010dno zabavo. Poleg tega smo ugotovili, da je ta model z vgrajeno funkcijo odpravljanja \u0161umov ENC in \u0161estimi mikrofoni odli\u010den za delo na daljavo in spletne konference. \u010ce torej i\u0161\u010dete izdelek, ki zagotavlja najbolj\u0161e ravnovesje med vrhunskimi funkcijami in dostopnostjo, je SOUNDPEATS Mini Pro prava izbira.  <\/p>\n","why_the_best_text":"<p>Ko gre za brez\u017ei\u010dne slu\u0161alke, ki ponujajo visoko vrednost za va\u0161 denar, menimo, da so brez\u017ei\u010dne slu\u0161alke SOUNDPEATS\u00ae Mini Pro True Wireless Earbuds izstopajo\u010de med ostalimi. Glede na konkuren\u010dno ceno je opremljen s funkcijami, ki smo jih osebno preizkusili in za katere smo ugotovili, da zagotavljajo izjemno zmogljivost. <\/p>\n<p>Ena od najbolj zna\u010dilnih lastnosti teh slu\u0161alk je odli\u010dna kakovost zvoka. Z visoko lo\u010dljivostjo predvajanja, ki v primerjavi s CD-ji ponuja bolj\u0161i zvok, se lahko uporabniki prepustijo obogateni in poglobljeni zvo\u010dni izku\u0161nji. \u0160irokopasovno predvajanje od 20 Hz do 40 kHz zagotavlja zvok, ki je najbli\u017eje izvirnemu posnetku. Poleg tega je opremljen z napredno tehnologijo odpravljanja \u0161umov, ki u\u010dinkovito zmanj\u0161uje hrup iz okolja in omogo\u010da neprekinjeno zvo\u010dno izku\u0161njo.   <\/p>\n<p>Navdu\u0161eni smo bili tudi nad impresivnim trajanjem baterije, ki zdr\u017ei do 8 ur neprekinjenega predvajanja s slu\u0161alkami in do 28 ur s polnilnim ohi\u0161jem, kar je idealno za dolga potovanja ali dalj\u0161e seanse avdio zabave. Vgrajena funkcija odpravljanja \u0161umov ENC in \u0161est mikrofonov te slu\u0161alke \u0161e dodatno optimizirajo za jasne pogovore, zato so prakti\u010dna izbira za delo na daljavo ali spletne konference. Na splo\u0161no menimo, da SOUNDPEATS\u00ae Mini Pro za svojo ceno ponuja izjemno vrednost.  <\/p>\n","reviews_text":"<p>Izbira najbolj\u0161ih brez\u017ei\u010dnih slu\u0161alk je zaradi velikega \u0161tevila mo\u017enosti, ki so na voljo na trgu, lahko zapletena. Tukaj so klju\u010dni dejavniki, ki jih morate upo\u0161tevati za najbolj\u0161o izbiro. <\/p>\n<ol>\n<li>Kakovost zvoka: Slu\u0161alke morajo ponujati vrhunsko kakovost zvoka, saj lahko zagotavljajo \u0161irok razpon zvo\u010dnih frekvenc, kar vam omogo\u010da bogato in poglobljeno zvo\u010dno izku\u0161njo.<\/li>\n<li>Funkcija odpravljanja \u0161umov: Visokokakovostne slu\u0161alke so opremljene z napredno tehnologijo odpravljanja \u0161umov, ki nevtralizira zunanje zvoke in vam omogo\u010da, da u\u017eivate v glasbi brez motenj.<\/li>\n<li>\u017divljenjska doba baterije: Najbolj\u0161e slu\u0161alke zagotavljajo zanesljivo delovanje baterije, ki lahko zdr\u017ei ves dan ali dolgo potovanje.<\/li>\n<li>Udobje: Slu\u0161alke morajo biti udobne za dolgotrajno no\u0161enje in se dobro prilegati u\u0161esom.<\/li>\n<li>Lastnosti vi\u0161jega razreda: Upo\u0161tevajte funkcije, kot sta \u010dip Bluetooth in predvajanje zvo\u010dnih virov visoke lo\u010dljivosti. Ti prispevajo k splo\u0161ni zmogljivosti slu\u0161alk. <\/li>\n<li>Cena: Vedno upo\u0161tevajte ceno. Najbolj\u0161e slu\u0161alke ponujajo odli\u010dne funkcije, vzdr\u017eljivost in kakovost zvoka po ceni, ki vam ustreza. <\/li>\n<\/ol>\n","top_pick_box_text":"<p>Brez\u017ei\u010dne slu\u0161alke SOUNDPEATS\u00ae Mini Pro True Wireless imajo napredne funkcije po dostopni ceni, zato so odli\u010dna izbira za potro\u0161nike, ki se zavedajo vrednosti. Od kakovosti zvoka visoke lo\u010dljivosti, kodeka LDAC za vrhunski prenos zvoka do napredne tehnologije za odpravljanje \u0161umov &#8211; te slu\u0161alke brez te\u017eav zagotavljajo vrhunsko zvo\u010dno zmogljivost. Poleg tega imajo zanesljivo baterijo, ki s polnilnim ohi\u0161jem zdr\u017ei do 28 ur, kar zagotavlja dovolj energije za dalj\u0161e obdobje avdio zabave.  <\/p>\n<p>Te slu\u0161alke se ne odlikujejo le po izjemni kakovosti zvoka, temve\u010d tudi po funkcionalnosti pri pogovorih in konferencah &#8211; zaradi funkcije odpravljanja \u0161umov pri klicih ENC in \u0161estih vgrajenih mikrofonov. Ponujajo neprekosljivo razmerje med ceno, zmogljivostjo in dodatnimi funkcijami, zato so dobra izbira za vsak \u017eivljenjski slog in vsako prilo\u017enost. Te cenovno ugodne brez\u017ei\u010dne slu\u0161alke SOUNDPEATS\u00ae resni\u010dno zagotavljajo osebno in poglobljeno zvo\u010dno izku\u0161njo.  <\/p>\n","bottom_text":"<p>Na koncu so brez\u017ei\u010dne slu\u0161alke SOUNDPEATS\u00ae Mini Pro izjemen izdelek in odli\u010den nakup. Z na\u0161im obse\u017enim testiranjem so dosledno dokazali svojo vrednost in se pona\u0161ajo z vrhunskimi funkcijami, ki jih postavljajo pred konkurenco.   <\/p>\n<p>Njihova vrhunska kakovost zvoka je izjemna, saj je predvajanje zvoka tako bogato in podrobno, da lahko ujamete vsako glasbeno nianso. Tehnologija kodeka LDAC v slu\u0161alkah zagotavlja trikrat ve\u010dji prenos podatkov kot obi\u010dajni kodeki Bluetooth, kar izbolj\u0161a va\u0161o zvo\u010dno izku\u0161njo. V kombinaciji s funkcijo naprednega odpravljanja \u0161umov te slu\u0161alke brez te\u017eav preglasijo hrup iz ozadja in ustvarijo neprekinjeno zvo\u010dno okolje.    <\/p>\n<p>10 mm dinami\u010dni gonilniki zagotavljajo uravnote\u017een frekven\u010dni razpon, ki se ujema z originalnim posnetkom, medtem ko baterija z dolgo \u017eivljenjsko dobo zagotavlja do 8 ur neprekinjenega predvajanja zvoka, ki se s polnilnim ohi\u0161jem podalj\u0161a na 20 ur. Zaradi teh lastnosti je popoln spremljevalec za dolge delovne dni in potovanja.   <\/p>\n<p>Poleg tega so te slu\u0161alke optimizirane za klice in zagotavljajo jasno in jasno kakovost glasu na videokonferencah in klicih. Njegove specifikacije, vklju\u010dno z razli\u010dico Bluetooth 5.3, so posodobljene, vsebina \u0161katle pa vklju\u010duje vse potrebne dodatke za takoj\u0161njo uporabo. <\/p>\n<p>Na splo\u0161no so med vsemi preizku\u0161enimi brez\u017ei\u010dnimi slu\u0161alkami slu\u0161alke SOUNDPEATS\u00ae Mini Pro nesporni zmagovalci zaradi izjemne zmogljivosti, vrhunskih funkcij in odli\u010dne kakovosti zvoka. Njihove impresivne lastnosti jih resni\u010dno odlikujejo in zagotavljajo resni\u010dno poglobljeno izku\u0161njo poslu\u0161anja. <\/p>\n","product_2_full_name":"Tribit FlyBuds C2 Brez\u017ei\u010dne slu\u0161alke Bluetooth s 4 mikrofoni, odpravljanjem hrupa, 32 ur predvajanja.","product_2_bullet_points":"<ul>\n<li>Kristalno \u010disti klici: zasnovan za vrhunsko kakovost klicev, tudi v hrupnih okoljih, zahvaljujo\u010d edinstveni Qualcommovi tehnologiji odpravljanja \u0161umov 4-Mic CVC 8.0.<\/li>\n<li>IZJEMNI ZVOK: \u010cip Qualcomm QCC3040, 13 mm velik dinami\u010dni gonilnik in visokokakovostno dekodiranje zvoka APTX zagotavljajo ve\u010djo jasnost in zvestobo zvoka.<\/li>\n<li>PRILAGODLJIVE NASTAVITVE EQ: Z aplikacijo Tribit lahko preprosto izbirate med 24 razli\u010dnimi slogi eq, kot so jazz, bas, ACG itd., da bo va\u0161a izku\u0161nja poslu\u0161anja popolnoma prilagojena va\u0161im \u017eeljam.<\/li>\n<li>PODALJ\u0160ANO IGRANJE: S prilo\u017eeno polnilno torbico lahko z impresivno baterijo vsaka slu\u0161alka zagotavlja 8 ur predvajanja z enim polnjenjem, skupaj s prilo\u017eeno polnilno torbico pa kar 32 ur brez\u017ei\u010dnega zvoka.<\/li>\n<li>Resni\u010dna brez\u017ei\u010dna in hitra povezljivost: Te slu\u0161alke, ki jih poganja najnovej\u0161a tehnologija Bluetooth 5.2, zagotavljajo mo\u010dnej\u0161o in stabilnej\u0161o povezavo za neprekinjeno predvajanje zvoka.<\/li>\n<li>Udobne in lahke: Vsaka slu\u0161alka tehta le 4 g, kar zagotavlja udobno poslu\u0161anje brez pritiska in je kot nala\u0161\u010d za dolge ure uporabe.<\/li>\n<\/ul>","product_2_text_after":"Tribit FlyBuds C2 je na\u0161a druga izbira zaradi izjemnih lastnosti in odli\u010dnega razmerja med ceno in kakovostjo. Po testiranju smo cenili njegov najnovej\u0161i \u010dip Qualcomm QCC3040, ki zagotavlja vrhunsko dekodiranje zvoka, in edinstveno tehnologijo Qualcomm 4-Mic CVC 8.0, ki med klici znatno zmanj\u0161a hrup iz ozadja. Najnovej\u0161a tehnologija Bluetooth 5.2 zagotavlja stabilno in zmogljivo povezavo, 32-urno podalj\u0161ano delovanje baterije pa je idealno za dolgotrajno uporabo. Kljub temu, da nima gumba za upravljanje ali vodoodpornih funkcij, je zaradi pravega brez\u017ei\u010dnega udobja in priro\u010dnega ohi\u0161ja za polnjenje ta izdelek vreden tekmovalec. Poleg tega so slu\u0161alke podprte z aplikacijo Tribit App, ki ponuja 24 razli\u010dnih slogov EQ, kar \u0161e pove\u010da vsestranskost izdelka. Te slu\u0161alke z odli\u010dnim razmerjem med ceno in kakovostjo so namenjene uporabnikom, ki i\u0161\u010dejo kakovostno delovanje, ne da bi pri tem razbili banko.     "},"yoast_head":"<!-- This site is optimized with the Yoast SEO plugin v27.3 - https:\/\/yoast.com\/product\/yoast-seo-wordpress\/ -->\n<title>10 najbolj\u0161ih brez\u017ei\u010dnih slu\u0161alk za nakup v Zdru\u017eenem kraljestvu za [month_year] [Posodobljeno] - DJ Music Geek<\/title>\n<meta name=\"robots\" content=\"index, follow, max-snippet:-1, max-image-preview:large, max-video-preview:-1\" \/>\n<link rel=\"canonical\" href=\"https:\/\/djmusicgeek.com\/sl\/najboljse-brezzicne-slusalke-za-nakup-2024\/\" \/>\n<meta property=\"og:locale\" content=\"sl_SI\" \/>\n<meta property=\"og:type\" content=\"article\" \/>\n<meta property=\"og:title\" content=\"10 najbolj\u0161ih brez\u017ei\u010dnih slu\u0161alk za nakup v Zdru\u017eenem kraljestvu za [month_year] [Posodobljeno] - DJ Music Geek\" \/>\n<meta property=\"og:url\" content=\"https:\/\/djmusicgeek.com\/sl\/najboljse-brezzicne-slusalke-za-nakup-2024\/\" \/>\n<meta property=\"og:site_name\" content=\"DJ Music Geek\" \/>\n<meta property=\"article:modified_time\" content=\"2026-03-01T13:46:13+00:00\" \/>\n<meta name=\"twitter:card\" content=\"summary_large_image\" \/>\n<script type=\"application\/ld+json\" class=\"yoast-schema-graph\">{\"@context\":\"https:\\\/\\\/schema.org\",\"@graph\":[{\"@type\":\"WebPage\",\"@id\":\"https:\\\/\\\/djmusicgeek.com\\\/sl\\\/najboljse-brezzicne-slusalke-za-nakup-2024\\\/\",\"url\":\"https:\\\/\\\/djmusicgeek.com\\\/sl\\\/najboljse-brezzicne-slusalke-za-nakup-2024\\\/\",\"name\":\"10 najbolj\u0161ih brez\u017ei\u010dnih slu\u0161alk za nakup v Zdru\u017eenem kraljestvu za [month_year] [Posodobljeno] - DJ Music Geek\",\"isPartOf\":{\"@id\":\"https:\\\/\\\/djmusicgeek.com\\\/#website\"},\"datePublished\":\"2024-01-19T02:13:41+00:00\",\"dateModified\":\"2026-03-01T13:46:13+00:00\",\"breadcrumb\":{\"@id\":\"https:\\\/\\\/djmusicgeek.com\\\/sl\\\/najboljse-brezzicne-slusalke-za-nakup-2024\\\/#breadcrumb\"},\"inLanguage\":\"sl-SI\",\"potentialAction\":[{\"@type\":\"ReadAction\",\"target\":[\"https:\\\/\\\/djmusicgeek.com\\\/sl\\\/najboljse-brezzicne-slusalke-za-nakup-2024\\\/\"]}]},{\"@type\":\"BreadcrumbList\",\"@id\":\"https:\\\/\\\/djmusicgeek.com\\\/sl\\\/najboljse-brezzicne-slusalke-za-nakup-2024\\\/#breadcrumb\",\"itemListElement\":[{\"@type\":\"ListItem\",\"position\":1,\"name\":\"Domov\",\"item\":\"https:\\\/\\\/djmusicgeek.com\\\/\"},{\"@type\":\"ListItem\",\"position\":2,\"name\":\"10 najbolj\u0161ih brez\u017ei\u010dnih slu\u0161alk za nakup v Zdru\u017eenem kraljestvu za March 2026 [Posodobljeno]\"}]},{\"@type\":\"WebSite\",\"@id\":\"https:\\\/\\\/djmusicgeek.com\\\/#website\",\"url\":\"https:\\\/\\\/djmusicgeek.com\\\/\",\"name\":\"DJ Music Geek\",\"description\":\"\",\"potentialAction\":[{\"@type\":\"SearchAction\",\"target\":{\"@type\":\"EntryPoint\",\"urlTemplate\":\"https:\\\/\\\/djmusicgeek.com\\\/?s={search_term_string}\"},\"query-input\":{\"@type\":\"PropertyValueSpecification\",\"valueRequired\":true,\"valueName\":\"search_term_string\"}}],\"inLanguage\":\"sl-SI\"}]}<\/script>\n<!-- \/ Yoast SEO plugin. -->","yoast_head_json":{"title":"10 najbolj\u0161ih brez\u017ei\u010dnih slu\u0161alk za nakup v Zdru\u017eenem kraljestvu za [month_year] [Posodobljeno] - DJ Music Geek","robots":{"index":"index","follow":"follow","max-snippet":"max-snippet:-1","max-image-preview":"max-image-preview:large","max-video-preview":"max-video-preview:-1"},"canonical":"https:\/\/djmusicgeek.com\/sl\/najboljse-brezzicne-slusalke-za-nakup-2024\/","og_locale":"sl_SI","og_type":"article","og_title":"10 najbolj\u0161ih brez\u017ei\u010dnih slu\u0161alk za nakup v Zdru\u017eenem kraljestvu za [month_year] [Posodobljeno] - DJ Music Geek","og_url":"https:\/\/djmusicgeek.com\/sl\/najboljse-brezzicne-slusalke-za-nakup-2024\/","og_site_name":"DJ Music Geek","article_modified_time":"2026-03-01T13:46:13+00:00","twitter_card":"summary_large_image","schema":{"@context":"https:\/\/schema.org","@graph":[{"@type":"WebPage","@id":"https:\/\/djmusicgeek.com\/sl\/najboljse-brezzicne-slusalke-za-nakup-2024\/","url":"https:\/\/djmusicgeek.com\/sl\/najboljse-brezzicne-slusalke-za-nakup-2024\/","name":"10 najbolj\u0161ih brez\u017ei\u010dnih slu\u0161alk za nakup v Zdru\u017eenem kraljestvu za [month_year] [Posodobljeno] - DJ Music Geek","isPartOf":{"@id":"https:\/\/djmusicgeek.com\/#website"},"datePublished":"2024-01-19T02:13:41+00:00","dateModified":"2026-03-01T13:46:13+00:00","breadcrumb":{"@id":"https:\/\/djmusicgeek.com\/sl\/najboljse-brezzicne-slusalke-za-nakup-2024\/#breadcrumb"},"inLanguage":"sl-SI","potentialAction":[{"@type":"ReadAction","target":["https:\/\/djmusicgeek.com\/sl\/najboljse-brezzicne-slusalke-za-nakup-2024\/"]}]},{"@type":"BreadcrumbList","@id":"https:\/\/djmusicgeek.com\/sl\/najboljse-brezzicne-slusalke-za-nakup-2024\/#breadcrumb","itemListElement":[{"@type":"ListItem","position":1,"name":"Domov","item":"https:\/\/djmusicgeek.com\/"},{"@type":"ListItem","position":2,"name":"10 najbolj\u0161ih brez\u017ei\u010dnih slu\u0161alk za nakup v Zdru\u017eenem kraljestvu za March 2026 [Posodobljeno]"}]},{"@type":"WebSite","@id":"https:\/\/djmusicgeek.com\/#website","url":"https:\/\/djmusicgeek.com\/","name":"DJ Music Geek","description":"","potentialAction":[{"@type":"SearchAction","target":{"@type":"EntryPoint","urlTemplate":"https:\/\/djmusicgeek.com\/?s={search_term_string}"},"query-input":{"@type":"PropertyValueSpecification","valueRequired":true,"valueName":"search_term_string"}}],"inLanguage":"sl-SI"}]}},"_links":{"self":[{"href":"https:\/\/djmusicgeek.com\/sl\/wp-json\/wp\/v2\/pages\/12421","targetHints":{"allow":["GET"]}}],"collection":[{"href":"https:\/\/djmusicgeek.com\/sl\/wp-json\/wp\/v2\/pages"}],"about":[{"href":"https:\/\/djmusicgeek.com\/sl\/wp-json\/wp\/v2\/types\/page"}],"author":[{"embeddable":true,"href":"https:\/\/djmusicgeek.com\/sl\/wp-json\/wp\/v2\/users\/2"}],"replies":[{"embeddable":true,"href":"https:\/\/djmusicgeek.com\/sl\/wp-json\/wp\/v2\/comments?post=12421"}],"version-history":[{"count":2,"href":"https:\/\/djmusicgeek.com\/sl\/wp-json\/wp\/v2\/pages\/12421\/revisions"}],"predecessor-version":[{"id":17314,"href":"https:\/\/djmusicgeek.com\/sl\/wp-json\/wp\/v2\/pages\/12421\/revisions\/17314"}],"wp:attachment":[{"href":"https:\/\/djmusicgeek.com\/sl\/wp-json\/wp\/v2\/media?parent=12421"}],"curies":[{"name":"wp","href":"https:\/\/api.w.org\/{rel}","templated":true}]}}