{"id":12353,"date":"2024-05-12T15:00:55","date_gmt":"2024-05-12T15:00:55","guid":{"rendered":"https:\/\/djmusicgeek.com\/top-10-najboljsih-brezzicnih-bluetooth-zvocnikov-za-nakup-za-mesec-leto-eu-updated-2\/"},"modified":"2026-03-01T13:48:03","modified_gmt":"2026-03-01T13:48:03","slug":"top-10-najboljsih-brezzicnih-bluetooth-zvocnikov-za-nakup-za-mesec-leto-eu-updated-2","status":"publish","type":"page","link":"https:\/\/djmusicgeek.com\/sl\/top-10-najboljsih-brezzicnih-bluetooth-zvocnikov-za-nakup-za-mesec-leto-eu-updated-2\/","title":{"rendered":"Top 10 najbolj\u0161ih brez\u017ei\u010dnih zvo\u010dnikov Bluetooth za nakup za"},"content":{"rendered":"","protected":false},"excerpt":{"rendered":"","protected":false},"author":2,"featured_media":0,"parent":0,"menu_order":0,"comment_status":"closed","ping_status":"closed","template":"sales-template.php","meta":{"_acf_changed":false,"footnotes":""},"class_list":["post-12353","page","type-page","status-publish","hentry"],"acf":{"product_2_supplier":"Shopsta","product_3_supplier":"Amazon","product_4_supplier":"Amazon","product_5_supplier":"Amazon","product_6_supplier":"Amazon","product_7_supplier":"Amazon","product_8_supplier":"Amazon","product_9_supplier":"Amazon","product_10_supplier":"Amazon","exclude_from_search":true,"product_3_url":"","product_3_price":"","product_price_shortcode":"\u20ac109.00","product_discount_price_shortcode":"\u20ac87.20","product_image_1":"https:\/\/djmusicgeek.com\/wp-content\/uploads\/2021\/11\/bw-w-series-2-a.jpeg","product_image_2":"https:\/\/djmusicgeek.com\/wp-content\/uploads\/2022\/05\/69378614-8e6b-40ca-85b0-d8e5c32f0356_1000x1000-1.jpg","product_image_3":"https:\/\/djmusicgeek.com\/wp-content\/uploads\/2022\/07\/450acb13-537b-4d2d-9cdb-23d03d1847c2_1000x1000_f5bbaa83-9489-44e2-9679-c0f7576f17cc_1000x1000.jpeg","product_image_4":"https:\/\/djmusicgeek.com\/wp-content\/uploads\/2022\/05\/450acb13-537b-4d2d-9cdb-23d03d1847c2_1000x1000.jpeg","product_image_5":"https:\/\/djmusicgeek.com\/wp-content\/uploads\/2022\/07\/two-w-series-768x709.jpg","product_image_6":"https:\/\/djmusicgeek.com\/wp-content\/uploads\/2022\/06\/xdobo1-3.jpg","product_image_7":"https:\/\/djmusicgeek.com\/wp-content\/uploads\/2022\/07\/c14b9410-6ea7-4111-9fb8-8f2814d297b0-408x510.jpeg","product_image_8":"https:\/\/djmusicgeek.com\/wp-content\/uploads\/2022\/01\/Screenshot-2021-11-20-at-13.55.52-1024x994-1-525x510.jpg","product_3_asin":"B09HGRXXTM","product_4_asin":"B099T738ZC","product_5_asin":"B08YXBSP6X","product_6_asin":"B08GKVL7FN","product_7_asin":"B08YRT9T38","product_8_asin":"B08XYY43ZF","product_9_asin":"B08VDNCZT9","product_10_asin":"B0CD263FWB","product_2_image_1":"https:\/\/djmusicgeek.com\/wp-content\/uploads\/2022\/10\/500-1.jpg","product_2_image_2":"https:\/\/djmusicgeek.com\/wp-content\/uploads\/2022\/05\/ebc28331-c863-45fa-880d-6040d1d82804.jpg.webp","product_2_image_3":"https:\/\/djmusicgeek.com\/wp-content\/uploads\/2022\/10\/500-2-1.jpg","product_2_price":"\u20ac179.00","product_2_discount_price":"\u20ac143.20","product_url":"products\/blitzwolf-w-series-2nd-generation-speaker\/","product_2_asin":"","product_2_url":"products\/500lk-100w-bluetooth-speaker-portable-speakers-quad-drivers-dual-diaphragm-deep-bass-rgb-light-tws-5000mah-outdoors-wireless-speaker-1","product_3_image_1":"","product_3_image_2":"","product_3_image_3":"","product_3_discount_price":"","language_code":"sl","product_name":"Serija BlitzWolf\u00ae W","product_type":"Zvo\u010dnik Bluetooth","product_type_singular":"Zvo\u010dnik Bluetooth","product_full_name":"Brez\u017ei\u010dni vodoodporni zvo\u010dnik Bluetooth serije BlitzWolf\u00ae W","bullet_points":"<ul>\n<li>30 W IZHODNA MO\u010c: Ogromni dvojni gonilniki vam omogo\u010dajo, da se prepustite globokemu, okrepljenemu nizkemu tonu in odli\u010dnemu zvoku.<\/li>\n<li>POLNJENJE NA POTI: Prenosno polnjenje naprav z vgrajeno baterijo z veliko zmogljivostjo 4000 mAh.<\/li>\n<li>IPX6 WATERPROOF: u\u017eivajte v uporabi zvo\u010dnika v mokrem, kolikor \u017eelite. Ta zvo\u010dnik je izdelan tako, da vzdr\u017ei curke vode pod pritiskom, zato ga lahko brez skrbi uporabljate v de\u017eju, pod tu\u0161em ali v bli\u017eini vode.<\/li>\n<li>Resni\u010dna brez\u017ei\u010dna povezljivost: Brez\u017ei\u010dno pove\u017eite 2 zvo\u010dnika za dvojno zabavo. S povezljivostjo Bluetooth 5.0 ima serija W do 240 metrov dosega, da se lahko hitro in enostavno pove\u017ee z va\u0161o napravo.<\/li>\n<li>VE\u010c POVEZAV: Pove\u017eite svojo serijo W prek Bluetootha, uporabite kartico Micro SD, na kateri je vnaprej nalo\u017eena glasba, ali pa uporabite kabel AUX.<\/li>\n<li>ULTRA PRENOSNO: Kompakten, prenosen in enostaven za prena\u0161anje, prenosni zvo\u010dnik bluetooth serije W se zlahka pospravi v nahrbtnik, u\u017eivajte v glasbi med plezanjem, kolesarjenjem, kampiranjem ali na pla\u017ei.<\/li>\n<li>20-urna \u017eivljenjska doba baterije: U\u017eivajte v glasbi do 20 ur, ne da bi jo morali polniti. Izkusite prodorne base in podroben zvok na poti brez skrbi glede trajanja baterije.<\/li>\n<\/ul>\n","rating":"9.8","intro_text":"<p>Ko gre za prenosne zvo\u010dnike, smo jih v preteklih letih preizkusili na desetine. Preizku\u0161amo vse modele vseh oblik, velikosti in specifikacij ter vam pomagamo izbrati model, ki je pravi za vas, zato vam bomo pomagali, ne glede na to, ali i\u0161\u010dete odli\u010den vsestranski zvo\u010dnik, velik zvo\u010dnik za zabavo ali mini prenosni zvo\u010dnik za poslu\u0161anje podkastov. Ne glede na to, kaj poslu\u0161ate, kje poslu\u0161ate in kak\u0161ne so va\u0161e zahteve, boste tukaj na\u0161li najbolj\u0161e zvo\u010dnike bluetooth.<\/p>\n","text_before_product_box":"<p>Serija W zagotavlja izjemen zvok, dolgo \u017eivljenjsko dobo baterije, enostavno prenosljivost in vodoodporno zasnovo po izjemni ceni. Brezpla\u010dna in hitra dostava kamor koli v EU ter brez uvoznih davkov.<\/p>\n","text_after_product_box":"<p>Zakaj je serija BlitzWolf\u00ae W na\u0161a najbolj\u0161a izbira med vsemi zunanjimi zvo\u010dniki, ki smo jih preizkusili? Pri primerjavi zvo\u010dnika z blagovnimi znamkami, kot sta Bose in Sony, ni bilo opazne razlike v zvoku. Vse zvo\u010dnike v tem pregledu smo preizkusili ob poslu\u0161anju razli\u010dne glasbe, od rocka, R&#038;B, jazza in rapa. Serija W zagotavlja jasen in \u010dist zvok, ki se ni poslab\u0161al, ko smo glasnost pove\u010dali na najve\u010djo mo\u017eno mero. Ne glede na to, ali \u017eelite prirediti hladno zabavo na vrtu ali popolno hi\u0161no zabavo, serija W vam je na voljo.<\/p>\n<h2>Prenosljivost<\/h2>\n<p>Serija W je dolga 21 cm, visoka 5,5 cm in \u0161iroka 7 cm. Enota tehta le 689 g, kar jo uvr\u0161\u010da na podro\u010dje ultraprenosnih naprav. Na splo\u0161no smo prenosljivost serije W precej preizkusili. Vzemam ga v parke, ga pospravim v torbo, ga igram v avtu in ga odnesem na vrt. Osebno menim, da je to popolna velikost za brez\u017ei\u010dni zvo\u010dnik, ki ni premajhen, da bi bil zvok ogro\u017een, vendar ni prevelik, da ga ne bi mogli vzeti nikamor!<\/p>\n<h2>\u017divljenjska doba baterije<\/h2>\n<p>Pri brez\u017ei\u010dnih zvo\u010dnikih je baterija zelo pomembna. Menim, da je to poleg kakovosti zvoka drugi najpomembnej\u0161i dejavnik pri odlo\u010danju o nakupu. BlitzWolf W Series ima vgrajeno izjemno baterijo s kapaciteto 4000 mAh, kar pomeni, da lahko z enim polnjenjem predvajate glasbo do 18 ur. Enota ima 3 glavne vhode, USB-C, kartico Micro SD (za predvajanje skladb neposredno s kartice) in vhod za kabel AUX. S priklju\u010dkom USB lahko preprosto napolnite katero koli napravo, s priklju\u010dkom AUX pa se lahko pove\u017eete s katero koli starej\u0161o tehni\u010dno opremo, ki jo \u017eelite uporabljati.<\/p>\n<p>S serijo BlitzWolf W lahko na splo\u0161no pre\u017eivite impresivnih 18 ur igranja!<\/p>\n","why_the_best_text":"<p>Na na\u0161ih testih smo ugotovili, da vi\u0161ja cena ni vedno enaka vi\u0161ji kakovosti. Nekatere bolj znane blagovne znamke, kot so JBL, Sony in Bose, so proizvajale res dobre zvo\u010dnike, vendar je bila njihova cena dvakrat ali trikrat vi\u0161ja od cene serije BlitzWolf\u00ae W. Ko smo primerjali stvari, kot so basi, jasnost zvoka in funkcije, smo ugotovili, da ni bilo bistvenih razlik.<\/p>\n","reviews_text":"<p>Pomembno je preveriti, kaj je potrebno za odli\u010den brez\u017ei\u010dni zvo\u010dnik. Pripravili smo 7 osnovnih elementov, ki jih morate upo\u0161tevati pri vsakem brez\u017ei\u010dnem zvo\u010dniku:<\/p>\n<p>1) Odli\u010den zvok &#8211; brez te bistvene komponente ne moremo!<br \/>\n2) Prenosnost &#8211; ali ga je enostavno prena\u0161ati?<br \/>\n3) \u017divljenjska doba baterije &#8211; kako dolgo zdr\u017ei baterija?<br \/>\n4) Zanesljivost &#8211; ali moram skrbeti za kakovost izdelave?<br \/>\n5) Povezljivost &#8211; kako enostavno je vzpostaviti povezavo?<br \/>\n6) Hidroizolacija &#8211; ali moram skrbeti za de\u017e?<br \/>\n7) Cena &#8211; je cenovno ugodna ali jo prepla\u010dujem?<\/p>\n<p>Na podlagi teh dejavnikov smo pregledali in naro\u010dili zgornje zvo\u010dnike. Pri izbiri zvo\u010dnika bluetooth je pomembno, da pokrijete vse mo\u017enosti, saj vam lahko le en vidik zvo\u010dnika pokvari izku\u0161njo. Na\u0161a najbolj\u0161a izbira je serija BlitzWolf W, ki jo najdete tukaj: https:\/\/www.shopsta.co\/products\/blitzwolf-w-series-2nd-generation-speaker<\/p>\n","top_pick_box_text":"<p>Ko gre za zvo\u010dnik bluetooth, \u017eelite imeti vse funkcije v odli\u010dni zasnovi. Serija BlitzWolf\u00ae W po na\u0161em mnenju zagotavlja vse, kar si lahko \u017eelite od brez\u017ei\u010dnega zvo\u010dnika po izjemni ceni.<\/p>\n<p>Zaradi visoke kakovosti izdelave, odli\u010dnega trajanja baterije, izjemno zanesljive povezljivosti in zdru\u017eljivosti z vsemi napravami ocenjujemo serijo W z 9,8 od 10 mo\u017enih to\u010dk.<\/p>\n<p>Po pribli\u017eno 4 mesecih vsakodnevne uporabe enote ne vidimo, da bi kmalu pre\u0161li na drugo enoto.<\/p>\n<p>Brezpla\u010dna dostava ob nakupu pri Shopsta.<\/p>\n","bottom_text":"<p>Serija W ima 30-vatni zvo\u010dnik, kar je ve\u010d kot dovolj za povpre\u010dnega uporabnika. Pri polni glasnosti se lahko zvo\u010dnik v manj\u0161ih prostorih zdi preglasen. To je odli\u010dno, saj lahko izhodni zvok prilagodite svojim nastavitvam. Z drugimi funkcijami, kot so glasovno aktiviranje, 4000 mAh baterija in robustno zunanje ohi\u0161je, serija W vsekakor omogo\u010da izjemno prenosnost, odli\u010den zvok in tudi odli\u010dno ceno.<\/p>\n","product_2_full_name":"500LK 100W brez\u017ei\u010dni zvo\u010dnik Bluetooth s 5000mAh baterijo","product_2_bullet_points":"<ul>\n<li>MO\u010cAN IZHOD 100 W: 500LK zagotavlja stereo zvok z bogatimi nizkimi toni, \u010dvrstimi srednjimi toni in kristalno \u010distimi visokimi toni. Ekspanzivni zvok je dovolj mo\u010dan, da zapolni vsak prostor. <\/li>\n<li>QUAD DRIVERJI: Kristalno \u010diste visoke tone ter prodorne in globoke nizke tone najbolj\u0161e zvo\u010dne komponente zagotavljajo z izjemno jasnostjo in brez popa\u010denj.<\/li>\n<li>VELIKA BATERIJA 5000 mAh: Dolga \u017eivljenjska doba baterije in podpora USB polnjenju v sili, dovolj dolga za vse dejavnosti na prostem. Brez\u017ei\u010dni prenosni zvo\u010dniki bluetooth morajo biti obvezna oprema v va\u0161em \u017eivljenju. <\/li>\n<li>GLASOVNI POMO\u010cNIK: Enostavno upravljajte svoj pametni telefon z Googlom, Siri itd.<\/li>\n<li>ENOSTAVNO POVEZOVANJE: To je neprekosljiva zvo\u010dna izku\u0161nja, ki ji ni para: brez\u017ei\u010dno pove\u017eite dva zvo\u010dnika in podvojite glasnost ali potopite stereo zvok.<\/li>\n<li>RGB LIGHT: V skladu z glasbo utripa, se fazno spreminja in sije: mavri\u010dni svetlobni \u0161ov. Medtem ko u\u017eivate v glasbi, vam bodo gradientne lu\u010di resni\u010dno pri\u010darale vzdu\u0161je zabave. Ali pa ga izklopite, \u010de vam ne ustreza.  <\/li>\n<li>TRI RE\u017dIMI EQ: S pritiskom na gumb EQ preklapljajte med tremi na\u010dini (Standard, Light, Heavy Bass) in tako prilagodite svoj glasbeni okus.<\/li>\n<li>IPX5 WATERPROOF: kot nala\u0161\u010d za prhanje, pohodni\u0161tvo, kampiranje. Brez skrbi glede vremena in zunanjih razmer bodite Rocker na svojem potovanju. <\/li>\n<\/ul>\n","text_after_product_box_2":"<h2>Kakovost izdelave<\/h2>\n<p>Ob\u010dutek, da je enota vrhunska &#8211; vendar brez cenovne oznake. Kakovost izdelave zvo\u010dnika je odli\u010dna, tu ni poceni upognjene plastike. Gumbi na zgornjem delu naprave so enostavni za pritiskanje in robustni. Zunanja lupina zvo\u010dnika je zelo mo\u010dna, na vsakem vogalu podlage pa so tudi 4 silikonske blazinice proti drsenju. Ti elementi zelo dobro dr\u017eijo zvo\u010dnik na mestu in enota se ne premika, ko se glasba predvaja pri polni glasnosti.<\/p>\n<h2>Povezljivost<\/h2>\n<p>Pri tem nimate te\u017eav, saj se serija W pove\u017ee skoraj z vsem. Na voljo je standardna in najpogosteje uporabljena povezava Bluetooth, kabel AUX in nova impresivna funkcija NFC. To je tehnologija, ki se uporablja v sistemu Apple Pay, kjer lahko telefon komunicira z drugo napravo in po\u0161ilja informacije. Z eno preprosto nastavitvijo telefona iPhone ali telefona s sistemom Android se boste lahko povezali s serijo W v manj\u0161em \u010dasu, kot bi potrebovali prej. To je funkcija, ki je nisem mogel nehati uporabljati, ko sem jo za\u010del uporabljati!<\/p>\n<h2>Hidroizolacija<\/h2>\n<p>Serija BlitzWolf W je popolnoma preizku\u0161en vodoodporen brez\u017ei\u010dni zvo\u010dnik IPX6. Kaj to pomeni? To je standardiziran preskus, ki poka\u017ee, kako odporna je naprava na vodo. IPX6 je dejansko zelo impresiven, saj pomeni, da je naprava &#8220;za\u0161\u010ditena pred vodnim tokom pod visokim pritiskom iz kateregakoli kota&#8221;. To pomeni, da de\u017e ali neurje ne bo imelo \u0161kodljivih u\u010dinkov na enoto. Tu so podeljene najvi\u0161je ocene.<\/p>\n<h2>Povzetek<\/h2>\n<p>Na vrhu na\u0161ega seznama so zaradi cene in prakti\u010dnosti. Zakaj bi pla\u010dali ve\u010d? Ko gre za odli\u010den zunanji zvo\u010dnik bluetooth, bi lahko izbrali drago alternativo, kot je Bose, vendar ko je serija W opremljena z ogromno baterijo 4000 mAh, ki omogo\u010da neprekinjeno predvajanje 18 ur in je vodoodporna po standardu IPX6 za manj kot 100 \u00a3, res dobite veliko ponudbo.<\/p>\n<p>Ali smo omenili, da so zvo\u010dniki tako glasni, da lahko napolnijo 100 kvadratnih metrov veliko polje? Ne glede na to, ali se \u017eelite sprostiti na vrtu, pole\u017eavati na pla\u017ei ali se zabavati na polju, boste s temi zvo\u010dniki lahko poslu\u0161ali vse svoje najljub\u0161e skladbe, ne glede na to, kje ste.<\/p>\n","product_2_full_name_new":"500LK 100W brez\u017ei\u010dni zvo\u010dnik Bluetooth s 5000mAh baterijo","product_3_text_after":"<p>JBL je odli\u010dna blagovna znamka zvo\u010dnikov in Flip 6 je fantasti\u010den zvo\u010dnik bluetooth, ki zagotavlja jasen in \u010dist zvok po srednji do vi\u0161ji ceni. Ponovno menimo, da je \u017eivljenjska doba baterije ena od stvari, ki bi jo lahko izbolj\u0161ali pri tej enoti. Kar zadeva ceno te enote, to ni najdra\u017eji zvo\u010dnik, ki smo ga preizkusili v tem pregledu, \u010deprav glede na to, da je cena 500LK podobna, za ta denar dobite manj funkcij.<\/p>\n","product_4_text_after":"<p>Podjetje Bose izdeluje res dobre zvo\u010dnike, zato je SoundLink Flex uvr\u0161\u010den na \u010detrto mesto na seznamu. Na \u017ealost menimo, da ne boste dobili tako dobrega razmerja med ceno in kakovostjo, saj je cena pribli\u017eno 150 EUR, ob upo\u0161tevanju specifikacij enote pa menimo, da pla\u010date pribli\u017eno 50-70 EUR ve\u010d samo za blagovno znamko. Ne glede na denar je SoundLink Flex odli\u010den zvo\u010dnik in za tiste, ki jim je ta blagovna znamka v\u0161e\u010d, je lahko pravi za vas. Nazadnje menimo, da mora Bose izbolj\u0161ati samo 12 ur delovanja baterije na tej enoti, zagotovo je to dovolj za en dan igranja, vendar ko druge blagovne znamke, kot je BlitzWolf, uporabljajo baterije, ki trajajo do 20 ur, te\u017eko razumemo, zakaj &#8220;premium&#8221; blagovna znamka ne sledi temu zgledu.<\/p>\n","product_5_text_after":"<p>Odli\u010den za vrt \/ zunanje povr\u0161ine in zagotavlja dober in jasen zvok za pribli\u017eno 200 EUR. Vizualno je zvo\u010dnik precej privla\u010den in bi se lepo podal v ve\u010dino okolij. Visoka cena, vendar se na splo\u0161no ustvarja odli\u010den zvok in dobra \u017eivljenjska doba baterije. Zasnova je precej elegantna in podobna seriji BlitzWolf W. <\/p>\n","product_6_text_after":"<p>Podobno kot zgoraj tudi B&#038;O Beolit 20 ni tako zelo prenosen, vendar zagotavlja izjemen zvok. Ko porabite okoli 450 \u00a3, \u010deprav bi pri\u010dakovali, da vsaj odli\u010den zvok. \u010ce i\u0161\u010dete najbolj\u0161o jasnost zvoka, je ta naprava prava za vas. Pripravite se le na 7-urno trajanje baterije.<\/p>\n","product_7_text_after":"<p>\u010ce i\u0161\u010dete vrhunski izdelek in ste zanj pripravljeni pla\u010dati, je Beosound Explore odli\u010dna mo\u017enost. V primerjavi z napravo B&#038;O Beolit 20 je ta enota dejansko prenosna. Explore \u0161e vedno zagotavlja odli\u010den zvok po ceni pribli\u017eno 175 EUR, zato je pomanjkljiv le pri ceni. Pribli\u017eno 80 do 100 EUR ve\u010d kot pri na\u0161em prvem mestu, seriji BlitzWolf W, ne moremo utemeljiti, zakaj bi se odlo\u010dili za ta model, razen \u010de ste resen obo\u017eevalec podjetja B&#038;O. <\/p>\n","product_8_text_after":"<p>To je precej velik zvo\u010dnik, ki bolj spominja na zvo\u010dnik boombox in zagotavlja 70 W izhodnega zvoka, zato je zelo glasen. Njegov najbli\u017eji konkurent na na\u0161em seznamu je 500LK, ki ima dodatnih 30 W mo\u010di in dalj\u0161o \u017eivljenjsko dobo baterije. Na splo\u0161no je W-KING odli\u010den, \u010deprav zelo okoren. Cena zna\u0161a pribli\u017eno 95-100 EUR, zato menimo, da bi bilo vredno dopla\u010dati pribli\u017eno 10 funtov za 500LK glede na dodatno mo\u010d in \u017eivljenjsko dobo baterije.<\/p>\n","product_9_text_after":"<p>JBL Charge 5 se nahaja pri pribli\u017eno 130 funtih. Na zadnjem mestu na\u0161ega seznama se je zna\u0161el iz enega samega razloga: baterija naj bi zdr\u017eala do 20 ur, na na\u0161ih testih pa nam je z razli\u010dno glasnostjo zvoka uspelo dose\u010di le od 4 do 8 ur. Poleg tega bi Charge 5 zasedel 3. ali 4. mesto na na\u0161em seznamu. Na splo\u0161no je zvok in basi odli\u010dne kakovosti, vendar ob primerjavi zvo\u010dnika s podobnimi tekmeci, kot sta BlitzWolf in Bose, menimo, da obstajajo bolj\u0161e mo\u017enosti, ki jih je treba upo\u0161tevati, \u010de primerjamo funkcije izdelka, ceno in kakovost zvoka za ta denar.<\/p>\n","product_10_text_after":"<p>Draga, vendar odli\u010dna izbira za tiste z ve\u010djim prora\u010dunom. Visoka kakovost izdelave in na splo\u0161no dobra \u017eivljenjska doba baterije za izhodno mo\u010d. Priporo\u010damo, da zapravite nekoliko manj, saj se verjetno ne spla\u010da kupiti dobrega zvo\u010dnika bluetooth za pribli\u017eno 300 EUR. Primeren prora\u010dun, s katerim boste od enote dobili najve\u010djo mo\u017eno vrednost, je pribli\u017eno 100-150 EUR.   <\/p>\n"},"yoast_head":"<!-- This site is optimized with the Yoast SEO plugin v27.3 - https:\/\/yoast.com\/product\/yoast-seo-wordpress\/ -->\n<title>Top 10 najbolj\u0161ih brez\u017ei\u010dnih zvo\u010dnikov Bluetooth za nakup za - DJ Music Geek<\/title>\n<meta name=\"robots\" content=\"index, follow, max-snippet:-1, max-image-preview:large, max-video-preview:-1\" \/>\n<link rel=\"canonical\" href=\"https:\/\/djmusicgeek.com\/sl\/top-10-najboljsih-brezzicnih-bluetooth-zvocnikov-za-nakup-za-mesec-leto-eu-updated-2\/\" \/>\n<meta property=\"og:locale\" content=\"sl_SI\" \/>\n<meta property=\"og:type\" content=\"article\" \/>\n<meta property=\"og:title\" content=\"Top 10 najbolj\u0161ih brez\u017ei\u010dnih zvo\u010dnikov Bluetooth za nakup za - DJ Music Geek\" \/>\n<meta property=\"og:url\" content=\"https:\/\/djmusicgeek.com\/sl\/top-10-najboljsih-brezzicnih-bluetooth-zvocnikov-za-nakup-za-mesec-leto-eu-updated-2\/\" \/>\n<meta property=\"og:site_name\" content=\"DJ Music Geek\" \/>\n<meta property=\"article:modified_time\" content=\"2026-03-01T13:48:03+00:00\" \/>\n<meta name=\"twitter:card\" content=\"summary_large_image\" \/>\n<script type=\"application\/ld+json\" class=\"yoast-schema-graph\">{\"@context\":\"https:\\\/\\\/schema.org\",\"@graph\":[{\"@type\":\"WebPage\",\"@id\":\"https:\\\/\\\/djmusicgeek.com\\\/sl\\\/top-10-najboljsih-brezzicnih-bluetooth-zvocnikov-za-nakup-za-mesec-leto-eu-updated-2\\\/\",\"url\":\"https:\\\/\\\/djmusicgeek.com\\\/sl\\\/top-10-najboljsih-brezzicnih-bluetooth-zvocnikov-za-nakup-za-mesec-leto-eu-updated-2\\\/\",\"name\":\"Top 10 najbolj\u0161ih brez\u017ei\u010dnih zvo\u010dnikov Bluetooth za nakup za - DJ Music Geek\",\"isPartOf\":{\"@id\":\"https:\\\/\\\/djmusicgeek.com\\\/#website\"},\"datePublished\":\"2024-05-12T15:00:55+00:00\",\"dateModified\":\"2026-03-01T13:48:03+00:00\",\"breadcrumb\":{\"@id\":\"https:\\\/\\\/djmusicgeek.com\\\/sl\\\/top-10-najboljsih-brezzicnih-bluetooth-zvocnikov-za-nakup-za-mesec-leto-eu-updated-2\\\/#breadcrumb\"},\"inLanguage\":\"sl-SI\",\"potentialAction\":[{\"@type\":\"ReadAction\",\"target\":[\"https:\\\/\\\/djmusicgeek.com\\\/sl\\\/top-10-najboljsih-brezzicnih-bluetooth-zvocnikov-za-nakup-za-mesec-leto-eu-updated-2\\\/\"]}]},{\"@type\":\"BreadcrumbList\",\"@id\":\"https:\\\/\\\/djmusicgeek.com\\\/sl\\\/top-10-najboljsih-brezzicnih-bluetooth-zvocnikov-za-nakup-za-mesec-leto-eu-updated-2\\\/#breadcrumb\",\"itemListElement\":[{\"@type\":\"ListItem\",\"position\":1,\"name\":\"Domov\",\"item\":\"https:\\\/\\\/djmusicgeek.com\\\/\"},{\"@type\":\"ListItem\",\"position\":2,\"name\":\"Top 10 najbolj\u0161ih brez\u017ei\u010dnih zvo\u010dnikov Bluetooth za nakup za\"}]},{\"@type\":\"WebSite\",\"@id\":\"https:\\\/\\\/djmusicgeek.com\\\/#website\",\"url\":\"https:\\\/\\\/djmusicgeek.com\\\/\",\"name\":\"DJ Music Geek\",\"description\":\"\",\"potentialAction\":[{\"@type\":\"SearchAction\",\"target\":{\"@type\":\"EntryPoint\",\"urlTemplate\":\"https:\\\/\\\/djmusicgeek.com\\\/?s={search_term_string}\"},\"query-input\":{\"@type\":\"PropertyValueSpecification\",\"valueRequired\":true,\"valueName\":\"search_term_string\"}}],\"inLanguage\":\"sl-SI\"}]}<\/script>\n<!-- \/ Yoast SEO plugin. -->","yoast_head_json":{"title":"Top 10 najbolj\u0161ih brez\u017ei\u010dnih zvo\u010dnikov Bluetooth za nakup za - DJ Music Geek","robots":{"index":"index","follow":"follow","max-snippet":"max-snippet:-1","max-image-preview":"max-image-preview:large","max-video-preview":"max-video-preview:-1"},"canonical":"https:\/\/djmusicgeek.com\/sl\/top-10-najboljsih-brezzicnih-bluetooth-zvocnikov-za-nakup-za-mesec-leto-eu-updated-2\/","og_locale":"sl_SI","og_type":"article","og_title":"Top 10 najbolj\u0161ih brez\u017ei\u010dnih zvo\u010dnikov Bluetooth za nakup za - DJ Music Geek","og_url":"https:\/\/djmusicgeek.com\/sl\/top-10-najboljsih-brezzicnih-bluetooth-zvocnikov-za-nakup-za-mesec-leto-eu-updated-2\/","og_site_name":"DJ Music Geek","article_modified_time":"2026-03-01T13:48:03+00:00","twitter_card":"summary_large_image","schema":{"@context":"https:\/\/schema.org","@graph":[{"@type":"WebPage","@id":"https:\/\/djmusicgeek.com\/sl\/top-10-najboljsih-brezzicnih-bluetooth-zvocnikov-za-nakup-za-mesec-leto-eu-updated-2\/","url":"https:\/\/djmusicgeek.com\/sl\/top-10-najboljsih-brezzicnih-bluetooth-zvocnikov-za-nakup-za-mesec-leto-eu-updated-2\/","name":"Top 10 najbolj\u0161ih brez\u017ei\u010dnih zvo\u010dnikov Bluetooth za nakup za - DJ Music Geek","isPartOf":{"@id":"https:\/\/djmusicgeek.com\/#website"},"datePublished":"2024-05-12T15:00:55+00:00","dateModified":"2026-03-01T13:48:03+00:00","breadcrumb":{"@id":"https:\/\/djmusicgeek.com\/sl\/top-10-najboljsih-brezzicnih-bluetooth-zvocnikov-za-nakup-za-mesec-leto-eu-updated-2\/#breadcrumb"},"inLanguage":"sl-SI","potentialAction":[{"@type":"ReadAction","target":["https:\/\/djmusicgeek.com\/sl\/top-10-najboljsih-brezzicnih-bluetooth-zvocnikov-za-nakup-za-mesec-leto-eu-updated-2\/"]}]},{"@type":"BreadcrumbList","@id":"https:\/\/djmusicgeek.com\/sl\/top-10-najboljsih-brezzicnih-bluetooth-zvocnikov-za-nakup-za-mesec-leto-eu-updated-2\/#breadcrumb","itemListElement":[{"@type":"ListItem","position":1,"name":"Domov","item":"https:\/\/djmusicgeek.com\/"},{"@type":"ListItem","position":2,"name":"Top 10 najbolj\u0161ih brez\u017ei\u010dnih zvo\u010dnikov Bluetooth za nakup za"}]},{"@type":"WebSite","@id":"https:\/\/djmusicgeek.com\/#website","url":"https:\/\/djmusicgeek.com\/","name":"DJ Music Geek","description":"","potentialAction":[{"@type":"SearchAction","target":{"@type":"EntryPoint","urlTemplate":"https:\/\/djmusicgeek.com\/?s={search_term_string}"},"query-input":{"@type":"PropertyValueSpecification","valueRequired":true,"valueName":"search_term_string"}}],"inLanguage":"sl-SI"}]}},"_links":{"self":[{"href":"https:\/\/djmusicgeek.com\/sl\/wp-json\/wp\/v2\/pages\/12353","targetHints":{"allow":["GET"]}}],"collection":[{"href":"https:\/\/djmusicgeek.com\/sl\/wp-json\/wp\/v2\/pages"}],"about":[{"href":"https:\/\/djmusicgeek.com\/sl\/wp-json\/wp\/v2\/types\/page"}],"author":[{"embeddable":true,"href":"https:\/\/djmusicgeek.com\/sl\/wp-json\/wp\/v2\/users\/2"}],"replies":[{"embeddable":true,"href":"https:\/\/djmusicgeek.com\/sl\/wp-json\/wp\/v2\/comments?post=12353"}],"version-history":[{"count":1,"href":"https:\/\/djmusicgeek.com\/sl\/wp-json\/wp\/v2\/pages\/12353\/revisions"}],"predecessor-version":[{"id":12380,"href":"https:\/\/djmusicgeek.com\/sl\/wp-json\/wp\/v2\/pages\/12353\/revisions\/12380"}],"wp:attachment":[{"href":"https:\/\/djmusicgeek.com\/sl\/wp-json\/wp\/v2\/media?parent=12353"}],"curies":[{"name":"wp","href":"https:\/\/api.w.org\/{rel}","templated":true}]}}