{"id":12786,"date":"2024-06-14T21:53:57","date_gmt":"2024-06-14T21:53:57","guid":{"rendered":"https:\/\/djmusicgeek.com\/melhores-jogos-top-10-melhores-auscultadores-para-jogos-para-comprar\/"},"modified":"2026-03-01T13:47:49","modified_gmt":"2026-03-01T13:47:49","slug":"melhores-jogos-top-10-melhores-auscultadores-para-jogos-para-comprar","status":"publish","type":"page","link":"https:\/\/djmusicgeek.com\/pt-pt\/melhores-jogos-top-10-melhores-auscultadores-para-jogos-para-comprar\/","title":{"rendered":"Os 10 melhores auscultadores gaming &#8211;"},"content":{"rendered":"","protected":false},"excerpt":{"rendered":"","protected":false},"author":2,"featured_media":0,"parent":0,"menu_order":0,"comment_status":"closed","ping_status":"closed","template":"sales-template.php","meta":{"_acf_changed":true,"footnotes":""},"class_list":["post-12786","page","type-page","status-publish","hentry"],"acf":{"product_3_supplier":"Amazon","product_4_supplier":"Amazon","product_5_supplier":"Amazon","product_6_supplier":"Amazon","product_7_supplier":"Amazon","product_8_supplier":"Amazon","product_9_supplier":"Amazon","product_10_supplier":"Amazon","product_3_url":"","exclude_from_search":true,"product_2_supplier":"Shopsta","product_price_shortcode":"\u20ac124.99","product_discount_price_shortcode":"\u20ac99.99","product_2_price":"\u20ac134.95","product_2_discount_price":"\u20ac107.96","text_before_product_box":"","product_2_asin":"","product_2_shortcode":"","product_2_text_after":"","product_3_full_name":"","product_3_full_name_new":"","product_3_shortcode":"","product_3_text_after":"","product_4_full_name":"","product_4_full_name_new":"","product_4_shortcode":"","product_4_text_after":"","product_5_full_name":"","product_5_full_name_new":"","product_5_shortcode":"","product_5_text_after":"","product_6_full_name":"","product_6_full_name_new":"","product_6_shortcode":"","product_6_text_after":"","product_7_full_name":"","product_7_full_name_new":"","product_7_shortcode":"","product_7_text_after":"","product_8_full_name":"","product_8_full_name_new":"","product_8_shortcode":"","product_8_text_after":"","product_9_full_name":"","product_9_full_name_new":"","product_9_asin":"","product_9_text_after":"","product_9_shortcode":"","product_10_full_name":"","product_10_asin":"","product_10_shortcode":"","product_10_text_after":"","product_3_bullet_points":"","product_3_image_1":"","product_3_image_2":"","product_3_image_3":"","product_3_asin":"B07B81D162","product_4_asin":"B07PRYFGXG","product_5_asin":"B08NTYB4M7","product_6_asin":"B07FZVXS8H","product_7_asin":"B09GW7NHL4","product_8_asin":"B07W5JKB8Z","product_url":"products\/commander-g-series-wireless-edition","product_image_1":"https:\/\/www.shopsta.co.uk\/cdn\/shop\/files\/O1CN01ZcemJx1QlNZq4L8LS__2901482016-0-ampmedia_798x798.jpg?v=1764763575","product_image_2":"https:\/\/www.shopsta.co.uk\/cdn\/shop\/files\/O1CN01IR0kAX1QlNZrMlWQ4__2901482016-0-ampmedia_798x798.jpg?v=1764763575","product_image_3":"https:\/\/www.shopsta.co.uk\/cdn\/shop\/files\/O1CN01ofXqk01QlNZqNuSLV__2901482016-0-ampmedia_798x798.jpg?v=1764763575","product_image_4":"https:\/\/djmusicgeek.com\/wp-content\/uploads\/2025\/12\/commander-top-50.jpeg","product_image_5":"https:\/\/www.shopsta.co.uk\/cdn\/shop\/files\/O1CN01ZcemJx1QlNZq4L8LS__2901482016-0-ampmedia_798x798.jpg?v=1764763575","product_2_url":"products\/somic-g-series-wireless-gaming-headset","product_2_image_1":"https:\/\/djmusicgeek.com\/wp-content\/uploads\/2023\/02\/SOMIC-G760-Wireless-Gamer-Headset-Detachable-Mic-Bluetooth-2-4G-Wired-3in1-Headphone-for-PS5-PS4.jpg_Q90.jpg","product_2_image_2":"https:\/\/djmusicgeek.com\/wp-content\/uploads\/2023\/02\/8c6029491e9d78d6d7c55d6a97d52490_1600x1600_d063843b-7174-45e3-a17a-1f9f816a4166_1360x1360.webp","product_2_image_3":"https:\/\/djmusicgeek.com\/wp-content\/uploads\/2023\/02\/650d93954cd3914c2b7de270df928da5_1600x1600_256d8234-8373-4a0b-8fcc-eed1c89a1b70_1360x1360.webp","product_image_6":"","product_image_7":"","product_image_8":"","language_code":"pt-pt","product_name":"S\u00e9rie Commander G","product_type":"Auscultadores para jogos","product_type_singular":"Auscultadores para jogos","product_full_name":"Commander G Series - Bateria de 160 Horas - Headset de Gaming Sem Fios com Som Surround 7.1","bullet_points":"<ul>\n<li>JOGA COMO NUNCA ANTES: Sem d\u00favida a nossa melhor escolha de auscultadores sem fios para jogos, com um som direcional incr\u00edvel e um conforto fant\u00e1stico.<\/li>\n<li>SOM SURROUND 7.1 INTEGRADO: Desfrute de um som surround 7.1 soberbo e equilibrado com o headset de gaming com som surround Commander G Series.<\/li>\n<li>BATERIA DE LONGA DURA\u00c7\u00c3O: Uma enorme bateria de mais de 160 horas e um atraso sem fios de 20ms proporcionam um som &#8216;em tempo real&#8217; eficaz.<\/li>\n<li>ALTIFALANTES PROFISSIONAIS DE 50 MM: As enormes unidades de altifalantes de 50 mil\u00edmetros combinadas com \u00edmanes de neod\u00edmio proporcionam uma qualidade de som de est\u00fadio profissional com graves potentes, vozes claras e tons baixos, m\u00e9dios e altos n\u00edtidos para formar um som equilibrado perfeito.<\/li>\n<li>3 MODOS DE JOGO: Selecciona o modo certo para ti, com o modo de jogo, o modo de filme e o modo de m\u00fasica, podes escolher o melhor EQ para o teu estilo de jogo.<\/li>\n<li>CHIP DE \u00c1UDIO PERSONALIZADO: A unidade de som surround 7.1 virtual GS personalizada torna mais f\u00e1cil do que nunca seguir os passos do inimigo em jogos como o Call of Duty. Este chip personalizado proporciona uma precis\u00e3o de som exacta em todas as direc\u00e7\u00f5es, dando-te novas vantagens no jogo. <\/li>\n<li>COMPAT\u00cdVEL COM TODAS AS CONSOLAS: Funciona sem fios com a PS5, PS4, PC e Mac. Utiliza a tomada de auscultadores de 3,5 mm para a Xbox e outros dispositivos. <\/li>\n<li>MIC CRISTAL CLEAR: Constru\u00eddo especificamente para jogos com bra\u00e7o girat\u00f3rio de 160\u00b0 que permanece no lugar uma vez posicionado. Este microfone com cancelamento de ru\u00eddo permite-te ser ouvido claramente mesmo com muito ru\u00eddo de fundo. <\/li>\n<\/ul>\n","features":"<p>Som Surround Virtual 7.1<br \/>\nAlmofadas auriculares para jogo confort\u00e1vel e prolongado<br \/>\nMicrofone n\u00edtido para chat<br \/>\nMicrofone destac\u00e1vel flex\u00edvel e ajust\u00e1vel<br \/>\nEnorme Dura\u00e7\u00e3o da Bateria de mais de 160 Horas<br \/>\nGrandes Altifalantes Din\u00e2micos de 50mm<br \/>\nConex\u00e3o Sem Fios de 2.4GHz<br \/>\nFunciona como auscultadores para m\u00fasica<\/p>\n","rating":"9.8","intro_text":"<p>Aqui na DJ Music Geek, somos obcecados por tudo o que \u00e9 \u00e1udio. Combinando uma obsess\u00e3o por \u00e1udio e o amor por gaming, test\u00e1mos os melhores headsets de gaming dispon\u00edveis no mercado para comprar para 2026. Os auscultadores para jogos s\u00e3o agora uma parte muito importante dos jogos, havendo enormes vantagens em possuir um auscultador para jogos de excelente qualidade. \u00c9 agora uma parte vital para te sa\u00edres bem em jogos como Call of Duty, Battlefield, CS:GO, PUBG e Rainbow Six, para citar apenas alguns.   <\/p>\n<p>Com uns auscultadores melhores, ter\u00e1s uma vantagem sobre os teus concorrentes e poder\u00e1s ouvi-los melhor e a dist\u00e2ncias maiores. Al\u00e9m disso, a facilidade de comunica\u00e7\u00e3o com os teus amigos e o conforto s\u00e3o outros factores importantes a ter em conta. Este guia vai dar-te algumas recomenda\u00e7\u00f5es dos nossos auscultadores preferidos, de alta qualidade, confort\u00e1veis e melhores para escolheres.  <\/p>\n","text_after_product_box":"<p>Ent\u00e3o, por que \u00e9 que o Commander G Series \u00e9 a melhor escolha entre todos os headsets que test\u00e1mos? Em primeiro lugar, as capacidades de som surround deste auricular foram as melhores de todos os nossos testes. Test\u00e1mos os auscultadores com o mais recente Call of Duty para testar a facilidade com que consegu\u00edamos localizar inimigos. Consegues ouvir claramente o som direcional, o que te ajuda a localizar os inimigos antes de os veres. A qualidade do som \u00e9 excecional e acab\u00e1mos por ganhar mais jogos.<\/p>\n<p>O novo Commander G Series \u00e9 o headset de gaming de linha premium e topo de gama com 160 horas de gaming sem fios de 2.4GHz por carga. Elimina a necessidade de fios para te ligar \u00e0 tua consola ou PC e proporciona jogos sem fios de 2,4 GHz de \u00faltima gera\u00e7\u00e3o. Leve e super confort\u00e1vel, tem tudo o que podes imaginar em termos de auscultadores de alto desempenho. A unidade de som surround virtual 7.1 actualizada com controladores actualizados leva as coisas verdadeiramente para o pr\u00f3ximo n\u00edvel. A melhor coisa da s\u00e9rie G \u00e9 o pre\u00e7o. Considerando que headsets semelhantes custam bem mais de 150\u20ac, recomendamos este modelo em vez de outros, pois evita os fios, obt\u00e9m uma bateria incr\u00edvel de mais de 160 horas e tamb\u00e9m tem um som melhorado.     <\/p>\n<p>Classificamos este como o nosso melhor headset sem fios para comprar em 2026.<\/p>\n<h2 class=\"\">Vis\u00e3o geral do produto:<\/h2>\n<p>Ent\u00e3o, por que \u00e9 que o Commander G Series \u00e9 a melhor escolha entre todos os headsets que test\u00e1mos? Aqui tens 5 raz\u00f5es pelas quais achamos que os G&#8217;s foram os melhores: <\/p>\n<p><strong>1)<\/strong> Em primeiro lugar, as capacidades de som surround deste auricular foram as melhores de todos os nossos testes. Test\u00e1mos os auscultadores com o mais recente Call of Duty para testar a facilidade com que consegu\u00edamos localizar inimigos. Podes ouvir claramente o som direcional que te ajuda a localizar os inimigos antes de os veres.  <\/p>\n<p><strong>2)<\/strong> A s\u00e9rie G \u00e9 muito confort\u00e1vel. Nos nossos m\u00faltiplos testes de 6 horas, n\u00e3o sentimos qualquer desconforto real. N\u00e3o apertam a tua cabe\u00e7a, mas assentam em cima de forma muito agrad\u00e1vel e confort\u00e1vel. Os G&#8217;s s\u00e3o bem acolchoados nas orelhas e encaixam bem no topo da cabe\u00e7a.   <\/p>\n<p><strong>3)<\/strong> Outra carater\u00edstica fant\u00e1stica que incorporaram na S\u00e9rie G \u00e9 a configura\u00e7\u00e3o sem condutor. Basta ligares o dispositivo atrav\u00e9s de um dongle USB sem fios e ter\u00e1s um som surround virtual 7.1 completo. N\u00e3o precisas de instalar controladores e patches complicados. Basta ligar e come\u00e7ar.   <\/p>\n","why_the_best_text":"<p>Nos nossos testes, verific\u00e1mos que um pre\u00e7o mais elevado nem sempre corresponde a uma qualidade superior. Algumas das marcas mais conhecidas, como a SteelSeries, a Astro e a Logtiech, produziram auscultadores realmente bons, mas o seu custo faz com que custem o dobro ou o triplo do pre\u00e7o do Commander G Series. Quando comparamos aspectos como o conforto, a nitidez do som surround e as carater\u00edsticas gerais, conclu\u00edmos que, de um modo geral, a s\u00e9rie Commander G ficou em primeiro lugar com a classifica\u00e7\u00e3o geral mais elevada com base nos nossos 6 factores principais: som, conforto, dura\u00e7\u00e3o da bateria, fiabilidade, conetividade e pre\u00e7o. <\/p>\n","reviews_text":"<p>\u00c9 importante veres o que \u00e9 necess\u00e1rio para um bom auricular para jogos. Apresent\u00e1mos 6 elementos essenciais para qualquer auricular que deves ter em conta: <\/p>\n<p>1) Som excelente &#8211; n\u00e3o podemos passar sem este componente essencial!<br \/>\n2) Conforto &#8211; podemos jogar durante horas sem qualquer desconforto<br \/>\n3) Dura\u00e7\u00e3o da bateria &#8211; quanto tempo dura a bateria se for sem fios?<br \/>\n4) Fiabilidade &#8211; preciso de me preocupar com a qualidade de constru\u00e7\u00e3o?<br \/>\n5) Conectividade &#8211; \u00e9 f\u00e1cil de ligar?<br \/>\n6) Pre\u00e7o &#8211; \u00e9 acess\u00edvel ou estou a pagar demasiado?<\/p>\n<p>Analis\u00e1mos e encomend\u00e1mos os auscultadores acima referidos com base nestes factores. \u00c9 importante cobrir todas as bases ao escolher um auricular, pois basta que um aspeto te deixe ficar mal para arruinar a tua experi\u00eancia. Em suma, a nossa melhor escolha \u00e9 a Commander G Series.<\/p>\n","top_pick_box_text":"<p>Quando se trata de um auricular para jogos, queres todas as funcionalidades num design fant\u00e1stico. Na nossa opini\u00e3o, o Commander G Series oferece tudo o que se pode desejar num headset de gaming sem fios a um pre\u00e7o fenomenal. <\/p>\n<p>Com uma elevada qualidade de constru\u00e7\u00e3o, uma excelente dura\u00e7\u00e3o da bateria, conetividade ultra fi\u00e1vel e compatibilidade com todas as consolas, classificamos a s\u00e9rie G com 9,8 em 10.<\/p>\n<p>Depois de utilizar a unidade durante cerca de 5 meses com uma utiliza\u00e7\u00e3o di\u00e1ria, n\u00e3o nos vemos a mudar para outra unidade t\u00e3o cedo.<\/p>\n<p>Obtenha entrega gratuita ao comprar na Shopsta.<\/p>\n","bottom_text":"<p>A s\u00e9rie Commander G possui altifalantes din\u00e2micos de 50 mm, o que \u00e9 mais do que suficiente para o utilizador m\u00e9dio. No volume m\u00e1ximo, os auscultadores podem ser considerados demasiado altos.  No entanto, isto \u00e9 \u00f3timo porque podes adaptar a sa\u00edda de som \u00e0 tua configura\u00e7\u00e3o. Com outras funcionalidades como acolchoamento confort\u00e1vel para os ouvidos, uma bateria de 160 horas e 3 modos de equaliza\u00e7\u00e3o no jogo, a S\u00e9rie Commander G proporciona, sem d\u00favida, a melhor experi\u00eancia de jogo. Se optares por esta unidade, certifica-te de que obt\u00e9ns 20% de desconto no pre\u00e7o de venda ao p\u00fablico quando utilizares o c\u00f3digo de desconto no checkout. Obrigado por leres as nossas an\u00e1lises e esperamos ter-te ajudado a encontrar o auricular certo para as tuas necessidades.   <\/p>\n","product_2_full_name":"SOMiC G Series - Headset de Gaming Sem Fios 7.1 com Microfone Destac\u00e1vel","product_2_bullet_points":"<ul>\n<li>MELHOR HEADSET DE GAMING ACESS\u00cdVEL: O SOMiC G Series \u00e9 um headset best-seller conhecido pelo seu desempenho e design.<\/li>\n<li>SOM SURROUND 7.1 INTEGRADO: Desfrute de um som surround 7.1 soberbo e equilibrado com o headset de gaming com som surround SOMiC G.<\/li>\n<li>ALTIFALANTES PROFISSIONAIS DE 50 MM: As enormes unidades de altifalantes de 50 mil\u00edmetros combinadas com \u00edmanes de neod\u00edmio proporcionam uma qualidade de som de est\u00fadio profissional com graves potentes, vozes claras e tons baixos, m\u00e9dios e altos n\u00edtidos para formar um som equilibrado perfeito.<\/li>\n<li>3 MODOS DE JOGO: Selecciona o modo certo para ti, com o modo de jogo, o modo de filme e o modo de m\u00fasica, podes escolher o melhor EQ para o teu estilo de jogo.<\/li>\n<li>CHIP DE \u00c1UDIO PERSONALIZADO: A unidade de som surround 7.1 virtual personalizada da S\u00e9rie G torna mais f\u00e1cil do que nunca seguir os passos do inimigo em jogos como o Call of Duty. Este chip personalizado proporciona uma precis\u00e3o de som exacta em todas as direc\u00e7\u00f5es, dando-te novas vantagens no jogo. <\/li>\n<li>COMPAT\u00cdVEL COM TODAS AS CONSOLAS: Funciona com a PS5, PS4, PC e Mac atrav\u00e9s de USB. Utiliza a tomada de auscultadores de 3,5 mm para a Xbox e outros dispositivos. <\/li>\n<li>MIC CRISTAL CLEAR: Constru\u00eddo especificamente para jogos com bra\u00e7o girat\u00f3rio de 160\u00b0 que permanece no lugar uma vez posicionado. Este microfone com cancelamento de ru\u00eddo permite-te ser ouvido claramente mesmo com muito ru\u00eddo de fundo. <\/li>\n<\/ul>\n","text_after_product_box_2":"<p><strong>4)<\/strong> O microfone \u00e9 muito n\u00edtido e tem at\u00e9 um microfone duplo com cancelamento de ru\u00eddo que fica no exterior do auscultador para ouvir o ru\u00eddo de fundo e elimin\u00e1-lo da tua conversa de voz no jogo.<\/p>\n<p><strong>5)<\/strong> A dura\u00e7\u00e3o da bateria \u00e9 um fator importante nos auscultadores sem fios, por isso \u00e9 melhor escolheres um com uma boa capacidade. O Commander G Series destaca-se como um dos melhores headsets em termos de dura\u00e7\u00e3o da bateria. Umas impressionantes mais de 160 horas completas sem carregar.  Eu pr\u00f3prio testei este produto e acredito que durou mais tempo do que este n\u00famero oficial. Mas, ainda assim, 160 horas \u00e9 muito tempo sem precisar de recarregar e outra \u00f3tima caracter\u00edstica \u00e9 que pode carregar e jogar ao mesmo tempo, o que \u00e9 bom.<\/p>\n","product_2_full_name_new":"SOMiC G Series - Headset de Gaming Sem Fios 7.1 com Microfone Destac\u00e1vel"},"yoast_head":"<!-- This site is optimized with the Yoast SEO plugin v27.3 - https:\/\/yoast.com\/product\/yoast-seo-wordpress\/ -->\n<title>Os 10 melhores auscultadores gaming - DJ Music Geek<\/title>\n<meta name=\"robots\" content=\"index, follow, max-snippet:-1, max-image-preview:large, max-video-preview:-1\" \/>\n<link rel=\"canonical\" href=\"https:\/\/djmusicgeek.com\/pt-pt\/melhores-jogos-top-10-melhores-auscultadores-para-jogos-para-comprar\/\" \/>\n<meta property=\"og:locale\" content=\"pt_PT\" \/>\n<meta property=\"og:type\" content=\"article\" \/>\n<meta property=\"og:title\" content=\"Os 10 melhores auscultadores gaming - DJ Music Geek\" \/>\n<meta property=\"og:url\" content=\"https:\/\/djmusicgeek.com\/pt-pt\/melhores-jogos-top-10-melhores-auscultadores-para-jogos-para-comprar\/\" \/>\n<meta property=\"og:site_name\" content=\"DJ Music Geek\" \/>\n<meta property=\"article:modified_time\" content=\"2026-03-01T13:47:49+00:00\" \/>\n<meta name=\"twitter:card\" content=\"summary_large_image\" \/>\n<script type=\"application\/ld+json\" class=\"yoast-schema-graph\">{\"@context\":\"https:\\\/\\\/schema.org\",\"@graph\":[{\"@type\":\"WebPage\",\"@id\":\"https:\\\/\\\/djmusicgeek.com\\\/pt-pt\\\/melhores-jogos-top-10-melhores-auscultadores-para-jogos-para-comprar\\\/\",\"url\":\"https:\\\/\\\/djmusicgeek.com\\\/pt-pt\\\/melhores-jogos-top-10-melhores-auscultadores-para-jogos-para-comprar\\\/\",\"name\":\"Os 10 melhores auscultadores gaming - DJ Music Geek\",\"isPartOf\":{\"@id\":\"https:\\\/\\\/djmusicgeek.com\\\/#website\"},\"datePublished\":\"2024-06-14T21:53:57+00:00\",\"dateModified\":\"2026-03-01T13:47:49+00:00\",\"breadcrumb\":{\"@id\":\"https:\\\/\\\/djmusicgeek.com\\\/pt-pt\\\/melhores-jogos-top-10-melhores-auscultadores-para-jogos-para-comprar\\\/#breadcrumb\"},\"inLanguage\":\"pt-PT\",\"potentialAction\":[{\"@type\":\"ReadAction\",\"target\":[\"https:\\\/\\\/djmusicgeek.com\\\/pt-pt\\\/melhores-jogos-top-10-melhores-auscultadores-para-jogos-para-comprar\\\/\"]}]},{\"@type\":\"BreadcrumbList\",\"@id\":\"https:\\\/\\\/djmusicgeek.com\\\/pt-pt\\\/melhores-jogos-top-10-melhores-auscultadores-para-jogos-para-comprar\\\/#breadcrumb\",\"itemListElement\":[{\"@type\":\"ListItem\",\"position\":1,\"name\":\"In\u00edcio\",\"item\":\"https:\\\/\\\/djmusicgeek.com\\\/\"},{\"@type\":\"ListItem\",\"position\":2,\"name\":\"Os 10 melhores auscultadores gaming &#8211;\"}]},{\"@type\":\"WebSite\",\"@id\":\"https:\\\/\\\/djmusicgeek.com\\\/#website\",\"url\":\"https:\\\/\\\/djmusicgeek.com\\\/\",\"name\":\"DJ Music Geek\",\"description\":\"\",\"potentialAction\":[{\"@type\":\"SearchAction\",\"target\":{\"@type\":\"EntryPoint\",\"urlTemplate\":\"https:\\\/\\\/djmusicgeek.com\\\/?s={search_term_string}\"},\"query-input\":{\"@type\":\"PropertyValueSpecification\",\"valueRequired\":true,\"valueName\":\"search_term_string\"}}],\"inLanguage\":\"pt-PT\"}]}<\/script>\n<!-- \/ Yoast SEO plugin. -->","yoast_head_json":{"title":"Os 10 melhores auscultadores gaming - DJ Music Geek","robots":{"index":"index","follow":"follow","max-snippet":"max-snippet:-1","max-image-preview":"max-image-preview:large","max-video-preview":"max-video-preview:-1"},"canonical":"https:\/\/djmusicgeek.com\/pt-pt\/melhores-jogos-top-10-melhores-auscultadores-para-jogos-para-comprar\/","og_locale":"pt_PT","og_type":"article","og_title":"Os 10 melhores auscultadores gaming - DJ Music Geek","og_url":"https:\/\/djmusicgeek.com\/pt-pt\/melhores-jogos-top-10-melhores-auscultadores-para-jogos-para-comprar\/","og_site_name":"DJ Music Geek","article_modified_time":"2026-03-01T13:47:49+00:00","twitter_card":"summary_large_image","schema":{"@context":"https:\/\/schema.org","@graph":[{"@type":"WebPage","@id":"https:\/\/djmusicgeek.com\/pt-pt\/melhores-jogos-top-10-melhores-auscultadores-para-jogos-para-comprar\/","url":"https:\/\/djmusicgeek.com\/pt-pt\/melhores-jogos-top-10-melhores-auscultadores-para-jogos-para-comprar\/","name":"Os 10 melhores auscultadores gaming - DJ Music Geek","isPartOf":{"@id":"https:\/\/djmusicgeek.com\/#website"},"datePublished":"2024-06-14T21:53:57+00:00","dateModified":"2026-03-01T13:47:49+00:00","breadcrumb":{"@id":"https:\/\/djmusicgeek.com\/pt-pt\/melhores-jogos-top-10-melhores-auscultadores-para-jogos-para-comprar\/#breadcrumb"},"inLanguage":"pt-PT","potentialAction":[{"@type":"ReadAction","target":["https:\/\/djmusicgeek.com\/pt-pt\/melhores-jogos-top-10-melhores-auscultadores-para-jogos-para-comprar\/"]}]},{"@type":"BreadcrumbList","@id":"https:\/\/djmusicgeek.com\/pt-pt\/melhores-jogos-top-10-melhores-auscultadores-para-jogos-para-comprar\/#breadcrumb","itemListElement":[{"@type":"ListItem","position":1,"name":"In\u00edcio","item":"https:\/\/djmusicgeek.com\/"},{"@type":"ListItem","position":2,"name":"Os 10 melhores auscultadores gaming &#8211;"}]},{"@type":"WebSite","@id":"https:\/\/djmusicgeek.com\/#website","url":"https:\/\/djmusicgeek.com\/","name":"DJ Music Geek","description":"","potentialAction":[{"@type":"SearchAction","target":{"@type":"EntryPoint","urlTemplate":"https:\/\/djmusicgeek.com\/?s={search_term_string}"},"query-input":{"@type":"PropertyValueSpecification","valueRequired":true,"valueName":"search_term_string"}}],"inLanguage":"pt-PT"}]}},"_links":{"self":[{"href":"https:\/\/djmusicgeek.com\/pt-pt\/wp-json\/wp\/v2\/pages\/12786","targetHints":{"allow":["GET"]}}],"collection":[{"href":"https:\/\/djmusicgeek.com\/pt-pt\/wp-json\/wp\/v2\/pages"}],"about":[{"href":"https:\/\/djmusicgeek.com\/pt-pt\/wp-json\/wp\/v2\/types\/page"}],"author":[{"embeddable":true,"href":"https:\/\/djmusicgeek.com\/pt-pt\/wp-json\/wp\/v2\/users\/2"}],"replies":[{"embeddable":true,"href":"https:\/\/djmusicgeek.com\/pt-pt\/wp-json\/wp\/v2\/comments?post=12786"}],"version-history":[{"count":2,"href":"https:\/\/djmusicgeek.com\/pt-pt\/wp-json\/wp\/v2\/pages\/12786\/revisions"}],"predecessor-version":[{"id":16705,"href":"https:\/\/djmusicgeek.com\/pt-pt\/wp-json\/wp\/v2\/pages\/12786\/revisions\/16705"}],"wp:attachment":[{"href":"https:\/\/djmusicgeek.com\/pt-pt\/wp-json\/wp\/v2\/media?parent=12786"}],"curies":[{"name":"wp","href":"https:\/\/api.w.org\/{rel}","templated":true}]}}