{"id":12433,"date":"2024-01-19T02:13:41","date_gmt":"2024-01-19T02:13:41","guid":{"rendered":"https:\/\/djmusicgeek.com\/os-melhores-auriculares-sem-fios-para-comprar-2024\/"},"modified":"2026-03-01T13:46:13","modified_gmt":"2026-03-01T13:46:13","slug":"os-melhores-auriculares-sem-fios-para-comprar-2024","status":"publish","type":"page","link":"https:\/\/djmusicgeek.com\/pt-pt\/os-melhores-auriculares-sem-fios-para-comprar-2024\/","title":{"rendered":"Os 10 melhores auriculares sem fios para comprar no Reino Unido para April 2026 [Atualizado]"},"content":{"rendered":"","protected":false},"excerpt":{"rendered":"","protected":false},"author":2,"featured_media":0,"parent":0,"menu_order":0,"comment_status":"closed","ping_status":"closed","template":"sales-template.php","meta":{"_acf_changed":false,"footnotes":""},"class_list":["post-12433","page","type-page","status-publish","hentry"],"acf":{"product_2_supplier":"Amazon","product_3_supplier":"Amazon","product_4_supplier":"Amazon","product_5_supplier":"Amazon","product_6_supplier":"Amazon","product_7_supplier":"Amazon","product_8_supplier":"Amazon","product_9_supplier":"Amazon","product_10_supplier":"Amazon","exclude_from_search":true,"product_3_price":"","product_3_url":"","product_url":"https:\/\/www.shopsta.co.uk\/products\/soundpeats-mini-pro-hs-wireless-earbuds-bluetooth-anc-hi-res-sound","product_2_url":"https:\/\/www.shopsta.co.uk\/products\/tribit-flybuds-c2-wireless-bluetooth-earphones-4-mics-call-noise-canceling-crystal-clear-calls-earbuds-32h-playtime-headphones","product_price_shortcode":"\u00a379.99","product_discount_price_shortcode":"\u00a364.00","product_image_1":"https:\/\/cdn.shopify.com\/s\/files\/1\/0503\/4170\/7969\/files\/S01dda507573846b8bf7dfef5c3e59319p.webp?v=1705589004","product_image_2":"https:\/\/cdn.shopify.com\/s\/files\/1\/0503\/4170\/7969\/files\/Sa889552a83924fdb874785ba30cf9192a.webp?v=1705589004","product_image_3":"https:\/\/cdn.shopify.com\/s\/files\/1\/0503\/4170\/7969\/files\/S26bef3b5f5c54c1f9a6041ef40166764p.webp?v=1705589004","product_image_4":"https:\/\/cdn.shopify.com\/s\/files\/1\/0503\/4170\/7969\/files\/S2ab9ef8c42524edaae083d7cdd7137e1r.webp?v=1705589005","product_image_5":"https:\/\/cdn.shopify.com\/s\/files\/1\/0503\/4170\/7969\/files\/Scb1eb558b35d4f34871e168f74f908efC.webp?v=1705589005","product_image_6":"https:\/\/www.shopsta.co.uk\/cdn\/shop\/files\/Sa889552a83924fdb874785ba30cf9192a_1400x1400.webp?v=1705589004","product_image_7":"https:\/\/www.shopsta.co.uk\/cdn\/shop\/files\/S26bef3b5f5c54c1f9a6041ef40166764p_1400x1400.webp?v=1705589004","product_image_8":"https:\/\/www.shopsta.co.uk\/cdn\/shop\/files\/Scb1eb558b35d4f34871e168f74f908efC_1400x1400.webp?v=1705589005","product_2_asin":"B0CHWZ9TZS","product_3_asin":"B0B4KHCQ96","product_4_asin":"B0979QQHFG","product_5_asin":"B09D7PXZV7","product_6_asin":"B09RZKHSD6","product_7_asin":"B09JQQDLXF","product_8_asin":"B095DNPH4R","product_9_asin":"B09RZJZ7YW","product_10_asin":"B0C9NGNBPG","product_2_image_1":"https:\/\/cdn.shopify.com\/s\/files\/1\/0503\/4170\/7969\/files\/Sb63526d4600f46848fe7de0e077cc862U.jpg?v=1695677154","product_2_image_2":"https:\/\/cdn.shopify.com\/s\/files\/1\/0503\/4170\/7969\/files\/Sc78e0c14e4e64fd58f35cba2ded94ad9r.jpg?v=1695677153","product_2_image_3":"https:\/\/cdn.shopify.com\/s\/files\/1\/0503\/4170\/7969\/files\/Seaaf380b94f049b4b91eb37d65f0c0b1L.jpg?v=1695677153","product_2_price":"\u00a347.99","product_2_discount_price":"\u00a338.39","product_3_image_1":"","product_3_image_2":"","product_3_image_3":"","product_3_discount_price":"","language_code":"pt-pt","product_name":"SOUNDPEATS\u00ae Mini Pro","product_type":"Auriculares sem fios","product_type_singular":"Auscultadores sem fios para comprar","product_full_name":"SOUNDPEATS\u00ae Mini Pro True Wireless Earbuds","bullet_points":"<ul>\n<li>QUALIDADE DE SOM INCR\u00cdVEL: Estes auriculares proporcionam um som rico em detalhes, superior ao dos CDs, com uma banda de reprodu\u00e7\u00e3o ampla de 20Hz a 40kHz. Desfruta de um som mais pr\u00f3ximo da grava\u00e7\u00e3o original para uma experi\u00eancia de \u00e1udio enriquecida e envolvente. <\/li>\n<li>TECNOLOGIA LDAC CODEC: Experimenta uma transmiss\u00e3o de som sem falhas com o triplo da quantidade de informa\u00e7\u00e3o em compara\u00e7\u00e3o com o tradicional codec Bluetooth SBC. Aprecia as nuances das vozes e dos instrumentos, com um resultado pr\u00f3ximo da inten\u00e7\u00e3o original do criador. <\/li>\n<li>CANCELAMENTO AVAN\u00c7ADO DE RU\u00cdDO: Com tecnologia h\u00edbrida de cancelamento de ru\u00eddo ativo para uma redu\u00e7\u00e3o at\u00e9 40 dB, neutraliza os sons externos, permitindo um \u00e1udio sem perturba\u00e7\u00f5es, mesmo em ambientes ruidosos.<\/li>\n<li>DRIVER DIN\u00c2MICO PREMIUM: Incorpora um driver din\u00e2mico de 10 mm para garantir a profundidade e o dinamismo dos sons naturais, proporcionando uma experi\u00eancia de \u00e1udio de baixa frequ\u00eancia incrivelmente equilibrada e o mais pr\u00f3ximo poss\u00edvel do som original.<\/li>\n<li>VIDA \u00daTIL DA BATERIA FI\u00c1VEL: Desfruta de at\u00e9 8 horas de reprodu\u00e7\u00e3o cont\u00ednua de m\u00fasica apenas com os auriculares e at\u00e9 28 horas com o estojo de carregamento. Ideal para viagens longas, dias de trabalho atarefados e entretenimento \u00e1udio prolongado. <\/li>\n<li>OPTIMIZADO PARA CONFER\u00caNCIAS: Inclui a fun\u00e7\u00e3o de cancelamento de ru\u00eddo de chamadas ENC e 6 microfones para filtrar o ru\u00eddo ambiente, garantindo uma qualidade de voz n\u00edtida durante as conversas. Perfeito para trabalho remoto e webconfer\u00eancias. <\/li>\n<\/ul>\n","features":"<p>QUALIDADE DE SOM INCR\u00cdVEL: Desfruta do som tal como foi concebido para ser ouvido. Os auriculares reproduzem som de alta resolu\u00e7\u00e3o que \u00e9 rico, detalhado e fiel \u00e0 vida. A banda de reprodu\u00e7\u00e3o alargada de 20Hz a 40kHz permite-te captar todas as nuances, proporcionando uma experi\u00eancia de \u00e1udio verdadeiramente envolvente.  <\/p>\n<p>TRANSMISS\u00c3O DE SOM SUPERIOR: Gra\u00e7as \u00e0 tecnologia de codec LDAC, estes auriculares sem fios podem transmitir 3 vezes mais dados do que o tradicional codec Bluetooth SBC, permitindo-te apreciar todos os detalhes da m\u00fasica.  <\/p>\n<p>CANCELAMENTO AVAN\u00c7ADO DE RU\u00cdDO: A tecnologia h\u00edbrida de cancelamento ativo de ru\u00eddo proporciona uma redu\u00e7\u00e3o de at\u00e9 40 dB, eliminando eficazmente o ru\u00eddo de fundo. Desfruta de uma experi\u00eancia \u00e1udio tranquila e sem interrup\u00e7\u00f5es, onde quer que estejas. <\/p>\n<p>DRIVER DIN\u00c2MICO PREMIUM DE 10 MM: Com um driver din\u00e2mico de 10 mm, estes auriculares garantem profundidade nos sons de gama m\u00e9dia-baixa e o dinamismo dos sons naturais. O resultado \u00e9 uma cole\u00e7\u00e3o de frequ\u00eancias bem equilibrada e incrivelmente pr\u00f3xima da grava\u00e7\u00e3o original. <\/p>\n<p>VIDA \u00daTIL DA BATERIA FI\u00c1VEL: Apesar do seu design compacto, estes auriculares t\u00eam at\u00e9 8 horas de reprodu\u00e7\u00e3o cont\u00ednua e mais 20 horas com o estojo de carregamento. Isto torna-os perfeitos para longas desloca\u00e7\u00f5es, dias de trabalho cont\u00ednuos ou sess\u00f5es prolongadas de entretenimento \u00e1udio. <\/p>\n<p>OTIMIZADOS PARA AS CHAMADAS: Equipados com a fun\u00e7\u00e3o de cancelamento de ru\u00eddo de chamadas ENC e 6 microfones &#8211; 3 em cada auricular &#8211; os auriculares SOUNDPEATS Mini Pro foram concebidos para melhorar a tua voz durante as chamadas, filtrando o ru\u00eddo ambiente. Ideal para trabalho remoto e webconfer\u00eancias. <\/p>\n<p>ESPECIFICA\u00c7\u00d5ES DE TOPO DE GAMA: Estes auriculares v\u00eam com uma s\u00e9rie de caracter\u00edsticas topo de gama, incluindo um chipset Bluetooth WQ7033AR, uma resist\u00eancia de 32\u03a9, uma gama de resposta de frequ\u00eancia de 20-40.000Hz, codecs AAC, SBC, LDAC, cancelamento de ru\u00eddo ativo e uma vers\u00e3o Bluetooth 5.3.<\/p>\n<p>CONTE\u00daDO DA CAIXA: Para al\u00e9m dos dois Mini Pro HS Bluetooth Earbuds, a caixa inclui um cabo de carregamento Tipo C, 6 pontas de ouvido intercambi\u00e1veis, um estojo de carregamento e um manual do utilizador.<\/p>\n","rating":"9.8","intro_text":"<p>Bem-vindo ao DJ Music Geek, a tua fonte de refer\u00eancia para os melhores e mais recentes equipamentos de \u00e1udio. Se procuras uma qualidade de som impec\u00e1vel, um ajuste seguro, uma dura\u00e7\u00e3o de bateria impressionante e uma experi\u00eancia sem fios perfeita, est\u00e1s no s\u00edtio certo. Como audi\u00f3filos dedicados e entusiastas da tecnologia, trazemos-te an\u00e1lises aprofundadas e autorizadas e recomenda\u00e7\u00f5es para os melhores auriculares sem fios do mercado. Desde compras econ\u00f3micas a compras topo de gama, experiment\u00e1mos e test\u00e1mos tudo para te dar a informa\u00e7\u00e3o necess\u00e1ria para fazeres a escolha certa. Prepara-te para melhorar a tua experi\u00eancia de audi\u00e7\u00e3o com auriculares sem fios que tocam verdadeiramente a nota certa.    <\/p>\n","text_before_product_box":"<p>Os auriculares sem fios SOUNDPEATS\u00ae Mini Pro True Wireless obtiveram a classifica\u00e7\u00e3o m\u00e1xima nos nossos testes pela sua combina\u00e7\u00e3o imbat\u00edvel de qualidade de som, valor e funcionalidades inovadoras. Estes auriculares superam a concorr\u00eancia com a sua reprodu\u00e7\u00e3o de som de alta resolu\u00e7\u00e3o e o codec LDAC exclusivo para uma transmiss\u00e3o de som superior. A um pre\u00e7o acess\u00edvel, tamb\u00e9m oferecem um excelente retorno do investimento, incluindo funcionalidades como o cancelamento de ru\u00eddo ativo h\u00edbrido e at\u00e9 28 horas de autonomia da bateria.  <\/p>\n","text_after_product_box":"<p>Quando se trata de escolher os auriculares sem fios, a rela\u00e7\u00e3o qualidade\/pre\u00e7o \u00e9 muito importante. Os auriculares sem fios SOUNDPEATS Mini Pro oferecem-te isso mesmo. Depois de testar este produto, podemos garantir-te que este produto oferece uma qualidade de \u00e1udio inigual\u00e1vel, funcionalidades avan\u00e7adas e uma excelente longevidade a um pre\u00e7o muito competitivo.    <\/p>\n<p>Com a reprodu\u00e7\u00e3o de fontes de som de alta resolu\u00e7\u00e3o e a tecnologia de codec LDAC superior, fic\u00e1mos impressionados com a sa\u00edda de \u00e1udio rica, detalhada e realista. O produto proporciona uma experi\u00eancia de \u00e1udio enriquecida e envolvente que \u00e9 muito superior \u00e0 dos CDs. Al\u00e9m disso, os auriculares t\u00eam cancelamento de ru\u00eddo ativo, que neutraliza eficazmente os sons externos &#8211; uma verdadeira mais-valia em ambientes ruidosos.  <\/p>\n<p>Os auriculares SOUNDPEATS Mini Pro t\u00eam uma dura\u00e7\u00e3o de bateria fi\u00e1vel que se estende at\u00e9 8 horas apenas com os auriculares e 28 horas com o estojo de carregamento, o que os torna perfeitos para viagens longas e entretenimento \u00e1udio extenso. Al\u00e9m disso, descobrimos que, com a fun\u00e7\u00e3o de cancelamento de ru\u00eddo de chamadas ENC incorporada e seis microfones, este modelo \u00e9 excelente para trabalho remoto e confer\u00eancias na Web. Por isso, se est\u00e1s \u00e0 procura de um produto que consiga o melhor equil\u00edbrio entre caracter\u00edsticas de topo e pre\u00e7o acess\u00edvel, o SOUNDPEATS Mini Pro \u00e9 a escolha certa.  <\/p>\n","why_the_best_text":"<p>Quando se trata de encontrar um conjunto de auriculares sem fios que ofere\u00e7a uma boa rela\u00e7\u00e3o qualidade\/pre\u00e7o, acreditamos que os SOUNDPEATS\u00ae Mini Pro True Wireless Earbuds se destacam entre os restantes. Tendo em conta o seu pre\u00e7o competitivo, vem repleto de funcionalidades que test\u00e1mos pessoalmente e que consider\u00e1mos terem um desempenho excecional. <\/p>\n<p>Uma das caracter\u00edsticas mais distintivas destes auriculares \u00e9 a sua qualidade de som brilhante. Com uma reprodu\u00e7\u00e3o de alta resolu\u00e7\u00e3o que oferece um som superior ao dos CDs, os utilizadores podem desfrutar de uma experi\u00eancia de \u00e1udio enriquecida e envolvente. A sua reprodu\u00e7\u00e3o de banda larga que vai de 20Hz a 40kHz garante um som mais pr\u00f3ximo da grava\u00e7\u00e3o original. Al\u00e9m disso, equipado com tecnologia avan\u00e7ada de cancelamento de ru\u00eddo, reduz eficazmente o ru\u00eddo ambiente, permitindo uma experi\u00eancia de \u00e1udio sem interrup\u00e7\u00f5es.   <\/p>\n<p>Tamb\u00e9m fic\u00e1mos impressionados com a impressionante dura\u00e7\u00e3o da bateria, que suporta at\u00e9 8 horas de reprodu\u00e7\u00e3o cont\u00ednua com os auriculares e um total de 28 horas com o estojo de carregamento &#8211; o que o torna perfeito para viagens longas ou sess\u00f5es de entretenimento \u00e1udio prolongadas. A inclus\u00e3o de uma fun\u00e7\u00e3o de cancelamento de ru\u00eddo de chamadas ENC incorporada e de seis microfones optimiza ainda mais estes auriculares para conversas claras, tornando-os uma escolha pr\u00e1tica para trabalho remoto ou confer\u00eancias na Web. No geral, acreditamos que o SOUNDPEATS\u00ae Mini Pro oferece um valor not\u00e1vel pelo seu pre\u00e7o.  <\/p>\n","reviews_text":"<p>Escolher os melhores auriculares sem fios pode ser complicado, dado o vasto n\u00famero de op\u00e7\u00f5es dispon\u00edveis no mercado. Eis os principais factores que deves ter em conta para fazeres a melhor escolha. <\/p>\n<ol>\n<li>Qualidade de som: Os auriculares devem oferecer uma qualidade de som superior com a capacidade de fornecer uma vasta gama de frequ\u00eancias de \u00e1udio, permitindo-te desfrutar de uma experi\u00eancia de \u00e1udio rica e envolvente.<\/li>\n<li>Fun\u00e7\u00e3o de cancelamento de ru\u00eddo: Os auriculares de alta qualidade v\u00eam com tecnologia avan\u00e7ada de cancelamento de ru\u00eddo para neutralizar os sons externos, permitindo-te desfrutar da tua m\u00fasica sem distrac\u00e7\u00f5es.<\/li>\n<li>Dura\u00e7\u00e3o da bateria: Os melhores auriculares oferecem uma autonomia de bateria fi\u00e1vel que pode durar o dia inteiro ou uma longa viagem.<\/li>\n<li>Conforto: Os auriculares devem ser confort\u00e1veis de usar durante longos per\u00edodos e encaixar bem nos teus ouvidos.<\/li>\n<li>Caracter\u00edsticas de topo de gama: Considera caracter\u00edsticas como o chipset Bluetooth e a reprodu\u00e7\u00e3o de fontes de som de alta resolu\u00e7\u00e3o. Estes contribuem para o desempenho geral dos auriculares. <\/li>\n<li>Pre\u00e7o: Tem sempre em conta o pre\u00e7o. Os melhores auriculares oferecem excelentes caracter\u00edsticas, durabilidade e qualidade de som a um pre\u00e7o que n\u00e3o te custa nada pagar. <\/li>\n<\/ol>\n","top_pick_box_text":"<p>Os auriculares SOUNDPEATS\u00ae Mini Pro True Wireless incluem funcionalidades avan\u00e7adas a um pre\u00e7o acess\u00edvel, o que os torna uma excelente escolha para consumidores preocupados com o valor. Desde a qualidade de som de alta resolu\u00e7\u00e3o, o codec LDAC para uma transmiss\u00e3o de som superior e a tecnologia avan\u00e7ada de cancelamento de ru\u00eddo, estes auriculares proporcionam sem esfor\u00e7o um desempenho de \u00e1udio de topo. Al\u00e9m disso, t\u00eam uma autonomia fi\u00e1vel da bateria de at\u00e9 28 horas com o estojo de carregamento, garantindo-te energia suficiente para longos per\u00edodos de entretenimento \u00e1udio.  <\/p>\n<p>Estes auriculares destacam-se, n\u00e3o s\u00f3 pela sua fant\u00e1stica qualidade de som, mas tamb\u00e9m pela sua funcionalidade em conversas e confer\u00eancias &#8211; gra\u00e7as \u00e0 funcionalidade de cancelamento de ru\u00eddo de chamadas ENC e aos seis microfones incorporados. Oferecem um equil\u00edbrio incompar\u00e1vel entre pre\u00e7o, desempenho e funcionalidades adicionais, o que os torna uma escolha s\u00f3lida para todos os estilos de vida e ocasi\u00f5es. Estes auriculares sem fios da SOUNDPEATS\u00ae, com uma boa rela\u00e7\u00e3o qualidade\/pre\u00e7o, proporcionam uma experi\u00eancia de som pessoal e envolvente.  <\/p>\n","bottom_text":"<p>Em conclus\u00e3o, os auriculares sem fios SOUNDPEATS\u00ae Mini Pro s\u00e3o um produto de destaque e uma \u00f3ptima compra. Atrav\u00e9s dos nossos testes extensivos, provaram consistentemente o seu valor, ostentando caracter\u00edsticas de topo que os colocam \u00e0 frente da concorr\u00eancia.   <\/p>\n<p>A sua qualidade de som superior \u00e9 not\u00e1vel, com uma reprodu\u00e7\u00e3o de som t\u00e3o rica e detalhada que consegues captar todas as nuances musicais. A tecnologia de codec LDAC dos auriculares assegura tr\u00eas vezes mais transmiss\u00e3o de dados do que os codecs Bluetooth tradicionais, intensificando a tua experi\u00eancia de \u00e1udio. Juntamente com a funcionalidade avan\u00e7ada de cancelamento de ru\u00eddo, estes auriculares abafam sem esfor\u00e7o o ru\u00eddo de fundo, criando um ambiente de \u00e1udio sem interrup\u00e7\u00f5es.    <\/p>\n<p>Os controladores din\u00e2micos de 10 mm garantem uma gama de frequ\u00eancias equilibrada que corresponde \u00e0 grava\u00e7\u00e3o original, enquanto a generosa dura\u00e7\u00e3o da bateria proporciona at\u00e9 8 horas de reprodu\u00e7\u00e3o de \u00e1udio sem interrup\u00e7\u00f5es, alargada para 20 horas com o estojo de carregamento. Estas caracter\u00edsticas fazem dele o companheiro perfeito para longos dias de trabalho e viagens.   <\/p>\n<p>Al\u00e9m disso, estes auriculares est\u00e3o optimizados para chamadas, garantindo uma qualidade de voz clara e n\u00edtida nas tuas videoconfer\u00eancias e chamadas. As suas especifica\u00e7\u00f5es, incluindo a vers\u00e3o Bluetooth 5.3, est\u00e3o actualizadas e o conte\u00fado da caixa inclui todos os acess\u00f3rios necess\u00e1rios para uma utiliza\u00e7\u00e3o imediata. <\/p>\n<p>De um modo geral, de todos os auriculares sem fios que test\u00e1mos, os auriculares SOUNDPEATS\u00ae Mini Pro emergiram como os vencedores indiscut\u00edveis gra\u00e7as ao seu desempenho extraordin\u00e1rio, caracter\u00edsticas superiores e qualidade de som brilhante. Os seus impressionantes atributos distinguem-nos verdadeiramente e garantem uma experi\u00eancia de audi\u00e7\u00e3o verdadeiramente envolvente. <\/p>\n","product_2_full_name":"Tribit FlyBuds C2 Auriculares sem fios Bluetooth com 4 microfones, cancelamento de ru\u00eddo, 32 horas de reprodu\u00e7\u00e3o.","product_2_bullet_points":"<ul>\n<li>CHAMADAS CLARAS: Concebido para uma qualidade de chamada excelente, mesmo em ambientes ruidosos, gra\u00e7as \u00e0 tecnologia exclusiva de cancelamento de ru\u00eddo Qualcomm 4-Mic CVC 8.0.<\/li>\n<li>SOM EXCEPCIONAL: O chip Qualcomm QCC3040 dos auscultadores, o driver din\u00e2mico de grandes dimens\u00f5es de 13 mm e a descodifica\u00e7\u00e3o de \u00e1udio de alta qualidade APTX garantem uma clareza e fidelidade de som melhoradas.<\/li>\n<li>DEFINI\u00c7\u00d5ES EQ AJUST\u00c1VEIS: Com a aplica\u00e7\u00e3o Tribit, podes escolher facilmente entre 24 estilos de equaliza\u00e7\u00e3o diferentes, como jazz, baixo, ACG, etc., para garantir que a tua experi\u00eancia de audi\u00e7\u00e3o \u00e9 perfeitamente adaptada \u00e0s tuas prefer\u00eancias.<\/li>\n<li>TEMPO DE REPRODU\u00c7\u00c3O ALARGADO: Equipados com uma bateria impressionante, cada auricular proporciona 8 horas de reprodu\u00e7\u00e3o por carregamento e, com o estojo de carregamento inclu\u00eddo, obt\u00e9ns um total de 32 horas de \u00e1udio sem fios.<\/li>\n<li>VERDADEIRA CONECTIVIDADE SEM FIO E R\u00c1PIDA: Equipados com a mais recente tecnologia Bluetooth 5.2, estes auscultadores garantem uma liga\u00e7\u00e3o mais forte e est\u00e1vel para uma reprodu\u00e7\u00e3o de \u00e1udio sem interrup\u00e7\u00f5es.<\/li>\n<li>CONFORT\u00c1VEL E LEVE: Cada auricular pesa apenas 4g, proporcionando uma experi\u00eancia de audi\u00e7\u00e3o confort\u00e1vel e sem press\u00e3o, perfeita para longas horas de utiliza\u00e7\u00e3o.<\/li>\n<\/ul>","product_2_text_after":"O Tribit FlyBuds C2 \u00e9 a nossa segunda escolha devido \u00e0s suas caracter\u00edsticas not\u00e1veis e \u00e0 sua excelente rela\u00e7\u00e3o qualidade\/pre\u00e7o. Ap\u00f3s os testes, apreci\u00e1mos o seu mais recente chip Qualcomm QCC3040, que proporciona uma descodifica\u00e7\u00e3o de \u00e1udio superior, e a tecnologia exclusiva Qualcomm 4-Mic CVC 8.0, que reduz significativamente o ru\u00eddo de fundo durante as chamadas. O mais recente Bluetooth 5.2 garante uma liga\u00e7\u00e3o est\u00e1vel e potente, e a bateria com autonomia alargada de 32 horas \u00e9 ideal para uma utiliza\u00e7\u00e3o prolongada. Apesar de n\u00e3o ter um bot\u00e3o de controlo ou caracter\u00edsticas \u00e0 prova de \u00e1gua, a verdadeira comodidade sem fios e o pr\u00e1tico estojo de carregamento fazem deste produto um concorrente \u00e0 altura. Al\u00e9m disso, os auriculares s\u00e3o suportados pela aplica\u00e7\u00e3o Tribit, que oferece 24 estilos de equaliza\u00e7\u00e3o diferentes \u00e0 escolha, aumentando ainda mais a versatilidade do produto. Com uma excelente rela\u00e7\u00e3o qualidade\/pre\u00e7o, estes auscultadores destinam-se a utilizadores que procuram um desempenho de qualidade sem gastar muito.     "},"yoast_head":"<!-- This site is optimized with the Yoast SEO plugin v27.3 - https:\/\/yoast.com\/product\/yoast-seo-wordpress\/ -->\n<title>Os 10 melhores auriculares sem fios para comprar no Reino Unido para [month_year] [Atualizado] - DJ Music Geek<\/title>\n<meta name=\"robots\" content=\"index, follow, max-snippet:-1, max-image-preview:large, max-video-preview:-1\" \/>\n<link rel=\"canonical\" href=\"https:\/\/djmusicgeek.com\/pt-pt\/os-melhores-auriculares-sem-fios-para-comprar-2024\/\" \/>\n<meta property=\"og:locale\" content=\"pt_PT\" \/>\n<meta property=\"og:type\" content=\"article\" \/>\n<meta property=\"og:title\" content=\"Os 10 melhores auriculares sem fios para comprar no Reino Unido para [month_year] [Atualizado] - DJ Music Geek\" \/>\n<meta property=\"og:url\" content=\"https:\/\/djmusicgeek.com\/pt-pt\/os-melhores-auriculares-sem-fios-para-comprar-2024\/\" \/>\n<meta property=\"og:site_name\" content=\"DJ Music Geek\" \/>\n<meta property=\"article:modified_time\" content=\"2026-03-01T13:46:13+00:00\" \/>\n<meta name=\"twitter:card\" content=\"summary_large_image\" \/>\n<script type=\"application\/ld+json\" class=\"yoast-schema-graph\">{\"@context\":\"https:\\\/\\\/schema.org\",\"@graph\":[{\"@type\":\"WebPage\",\"@id\":\"https:\\\/\\\/djmusicgeek.com\\\/pt-pt\\\/os-melhores-auriculares-sem-fios-para-comprar-2024\\\/\",\"url\":\"https:\\\/\\\/djmusicgeek.com\\\/pt-pt\\\/os-melhores-auriculares-sem-fios-para-comprar-2024\\\/\",\"name\":\"Os 10 melhores auriculares sem fios para comprar no Reino Unido para [month_year] [Atualizado] - DJ Music Geek\",\"isPartOf\":{\"@id\":\"https:\\\/\\\/djmusicgeek.com\\\/#website\"},\"datePublished\":\"2024-01-19T02:13:41+00:00\",\"dateModified\":\"2026-03-01T13:46:13+00:00\",\"breadcrumb\":{\"@id\":\"https:\\\/\\\/djmusicgeek.com\\\/pt-pt\\\/os-melhores-auriculares-sem-fios-para-comprar-2024\\\/#breadcrumb\"},\"inLanguage\":\"pt-PT\",\"potentialAction\":[{\"@type\":\"ReadAction\",\"target\":[\"https:\\\/\\\/djmusicgeek.com\\\/pt-pt\\\/os-melhores-auriculares-sem-fios-para-comprar-2024\\\/\"]}]},{\"@type\":\"BreadcrumbList\",\"@id\":\"https:\\\/\\\/djmusicgeek.com\\\/pt-pt\\\/os-melhores-auriculares-sem-fios-para-comprar-2024\\\/#breadcrumb\",\"itemListElement\":[{\"@type\":\"ListItem\",\"position\":1,\"name\":\"In\u00edcio\",\"item\":\"https:\\\/\\\/djmusicgeek.com\\\/\"},{\"@type\":\"ListItem\",\"position\":2,\"name\":\"Os 10 melhores auriculares sem fios para comprar no Reino Unido para March 2026 [Atualizado]\"}]},{\"@type\":\"WebSite\",\"@id\":\"https:\\\/\\\/djmusicgeek.com\\\/#website\",\"url\":\"https:\\\/\\\/djmusicgeek.com\\\/\",\"name\":\"DJ Music Geek\",\"description\":\"\",\"potentialAction\":[{\"@type\":\"SearchAction\",\"target\":{\"@type\":\"EntryPoint\",\"urlTemplate\":\"https:\\\/\\\/djmusicgeek.com\\\/?s={search_term_string}\"},\"query-input\":{\"@type\":\"PropertyValueSpecification\",\"valueRequired\":true,\"valueName\":\"search_term_string\"}}],\"inLanguage\":\"pt-PT\"}]}<\/script>\n<!-- \/ Yoast SEO plugin. -->","yoast_head_json":{"title":"Os 10 melhores auriculares sem fios para comprar no Reino Unido para [month_year] [Atualizado] - DJ Music Geek","robots":{"index":"index","follow":"follow","max-snippet":"max-snippet:-1","max-image-preview":"max-image-preview:large","max-video-preview":"max-video-preview:-1"},"canonical":"https:\/\/djmusicgeek.com\/pt-pt\/os-melhores-auriculares-sem-fios-para-comprar-2024\/","og_locale":"pt_PT","og_type":"article","og_title":"Os 10 melhores auriculares sem fios para comprar no Reino Unido para [month_year] [Atualizado] - DJ Music Geek","og_url":"https:\/\/djmusicgeek.com\/pt-pt\/os-melhores-auriculares-sem-fios-para-comprar-2024\/","og_site_name":"DJ Music Geek","article_modified_time":"2026-03-01T13:46:13+00:00","twitter_card":"summary_large_image","schema":{"@context":"https:\/\/schema.org","@graph":[{"@type":"WebPage","@id":"https:\/\/djmusicgeek.com\/pt-pt\/os-melhores-auriculares-sem-fios-para-comprar-2024\/","url":"https:\/\/djmusicgeek.com\/pt-pt\/os-melhores-auriculares-sem-fios-para-comprar-2024\/","name":"Os 10 melhores auriculares sem fios para comprar no Reino Unido para [month_year] [Atualizado] - DJ Music Geek","isPartOf":{"@id":"https:\/\/djmusicgeek.com\/#website"},"datePublished":"2024-01-19T02:13:41+00:00","dateModified":"2026-03-01T13:46:13+00:00","breadcrumb":{"@id":"https:\/\/djmusicgeek.com\/pt-pt\/os-melhores-auriculares-sem-fios-para-comprar-2024\/#breadcrumb"},"inLanguage":"pt-PT","potentialAction":[{"@type":"ReadAction","target":["https:\/\/djmusicgeek.com\/pt-pt\/os-melhores-auriculares-sem-fios-para-comprar-2024\/"]}]},{"@type":"BreadcrumbList","@id":"https:\/\/djmusicgeek.com\/pt-pt\/os-melhores-auriculares-sem-fios-para-comprar-2024\/#breadcrumb","itemListElement":[{"@type":"ListItem","position":1,"name":"In\u00edcio","item":"https:\/\/djmusicgeek.com\/"},{"@type":"ListItem","position":2,"name":"Os 10 melhores auriculares sem fios para comprar no Reino Unido para March 2026 [Atualizado]"}]},{"@type":"WebSite","@id":"https:\/\/djmusicgeek.com\/#website","url":"https:\/\/djmusicgeek.com\/","name":"DJ Music Geek","description":"","potentialAction":[{"@type":"SearchAction","target":{"@type":"EntryPoint","urlTemplate":"https:\/\/djmusicgeek.com\/?s={search_term_string}"},"query-input":{"@type":"PropertyValueSpecification","valueRequired":true,"valueName":"search_term_string"}}],"inLanguage":"pt-PT"}]}},"_links":{"self":[{"href":"https:\/\/djmusicgeek.com\/pt-pt\/wp-json\/wp\/v2\/pages\/12433","targetHints":{"allow":["GET"]}}],"collection":[{"href":"https:\/\/djmusicgeek.com\/pt-pt\/wp-json\/wp\/v2\/pages"}],"about":[{"href":"https:\/\/djmusicgeek.com\/pt-pt\/wp-json\/wp\/v2\/types\/page"}],"author":[{"embeddable":true,"href":"https:\/\/djmusicgeek.com\/pt-pt\/wp-json\/wp\/v2\/users\/2"}],"replies":[{"embeddable":true,"href":"https:\/\/djmusicgeek.com\/pt-pt\/wp-json\/wp\/v2\/comments?post=12433"}],"version-history":[{"count":2,"href":"https:\/\/djmusicgeek.com\/pt-pt\/wp-json\/wp\/v2\/pages\/12433\/revisions"}],"predecessor-version":[{"id":17315,"href":"https:\/\/djmusicgeek.com\/pt-pt\/wp-json\/wp\/v2\/pages\/12433\/revisions\/17315"}],"wp:attachment":[{"href":"https:\/\/djmusicgeek.com\/pt-pt\/wp-json\/wp\/v2\/media?parent=12433"}],"curies":[{"name":"wp","href":"https:\/\/api.w.org\/{rel}","templated":true}]}}