{"id":10918,"date":"2017-01-07T03:49:47","date_gmt":"2017-01-07T03:49:47","guid":{"rendered":"https:\/\/djmusicgeek.com\/sobre\/"},"modified":"2017-01-07T03:49:47","modified_gmt":"2017-01-07T03:49:47","slug":"sobre","status":"publish","type":"page","link":"https:\/\/djmusicgeek.com\/pt-pt\/sobre\/","title":{"rendered":"Sobre DJ Geek Music"},"content":{"rendered":"<div id=\"attachment_633\" style=\"width: 505px\" class=\"wp-caption alignright\"><img loading=\"lazy\" decoding=\"async\" aria-describedby=\"caption-attachment-633\" class=\"wp-image-633\" src=\"https:\/\/djmusicgeek.com\/wp-content\/uploads\/2019\/11\/dj-music-geek-logo.png\" alt=\"Logotipo do DJ Geek Music\" width=\"495\" height=\"35\"><p id=\"caption-attachment-633\" class=\"wp-caption-text\">Logotipo do DJ Geek Music<\/p><\/div>\n<p>Este website visa ajudar as pessoas apaixonadas pela mistura de m\u00fasica a encontrar o seu equipamento ideal. Encontrar\u00e1 numerosas revis\u00f5es de produtos nas sec\u00e7\u00f5es do site, o que dever\u00e1 ajudar os leitores a tomar uma decis\u00e3o para a sua pr\u00f3xima pe\u00e7a. Os produtos aqui listados s\u00e3o considerados como algumas das unidades mais apreciadas da ind\u00fastria DJ da actualidade.<\/p>\n<p>Ser um <a href=\"https:\/\/djmusicgeek.com\/\">DJ<\/a> n\u00e3o \u00e9 uma tarefa f\u00e1cil, e se quiser tornar-se um DJ, tem de se certificar de ter o seu facto claro: a informa\u00e7\u00e3o sobre diversos dispositivos, software, e sistemas, antes de proceder a qualquer decis\u00e3o. \u00c9 muito f\u00e1cil errar, pois a tecnologia actual oferece-nos diferentes meios de criar as <a href=\"https:\/\/djmusicgeek.com\/best-dj-mixers\/\">nossas misturas<\/a>. Por conseguinte, \u00e9 uma decis\u00e3o s\u00e1bia saber em que direc\u00e7\u00e3o quer ir e o que precisa de estar pronto para come\u00e7ar a tomar o caminho escolhido.<\/p>\n<p>Como DJ, precisar\u00e1 de um conjunto de dispositivos para estar pronto para se desviar. Contudo, antes disso, deve responder \u00e0 pergunta &#8220;Como quero que as minhas misturas soem?&#8221;. Depois de se dar uma resposta mais ou menos detalhada e precisa, ser\u00e1 capaz de tomar decis\u00f5es s\u00f3brias, sobre o software e os dispositivos de que necessita. Quer criar m\u00fasica ou apenas misturar faixas? A que g\u00e9neros musicais se aproximar\u00e3o sobretudo as suas misturas? Est\u00e1 a falar a s\u00e9rio sobre ser profissional ou s\u00f3 se quer divertir? As respostas a tais perguntas requerem o seu interesse e tempo, e o nosso website ir\u00e1 ajud\u00e1-lo a tomar uma decis\u00e3o, no caso de estar confuso ou apenas \u00e0 procura de uma nova pe\u00e7a.<\/p>\n<p>As nossas respostas \u00e0s perguntas mais frequentes podem dar-lhe uma vis\u00e3o dos seus planos futuros, que pode encontrar na sec\u00e7\u00e3o do blogue. As informa\u00e7\u00f5es sobre os produtos listados destinam-se a ajud\u00e1-lo a escolher o equipamento certo em rela\u00e7\u00e3o aos seus gostos pessoais.<\/p>\n<p>Nas sec\u00e7\u00f5es dos s\u00edtios que v\u00e3o desde o <a href=\"https:\/\/djmusicgeek.com\/best-dj-software\/\">software de DJ<\/a> a placas de som, encontrar\u00e1 informa\u00e7\u00f5es \u00fateis sobre o equipamento definido e quais s\u00e3o as melhores alternativas tendo em conta os diversos ambientes, a situa\u00e7\u00e3o financeira, e a prefer\u00eancia pessoal.<\/p>\n<p>Alguns dos DJ&#8217;s avan\u00e7ados poder\u00e3o encontrar dicas \u00fateis sobre assuntos como como proceder se n\u00e3o quiserem dividir-se com os vossos dispositivos anal\u00f3gicos e o que fazer quando as vossas escolhas s\u00e3o restritas, entre outros. Ser DJ pode <a href=\"https:\/\/djmusicgeek.com\/do-djs-make-a-lot-of-money\/\">ser caro<\/a>, tendo em conta as pe\u00e7as que tem de adquirir para poder actuar correctamente. No entanto, nem sempre \u00e9 este o caso, pois lendo a partir das nossas an\u00e1lises, \u00e9 poss\u00edvel correr sobre dispositivos convenientes, tais como controladores agrupados a partir dos quais alguns se juntam ao software a pre\u00e7os acess\u00edveis.<\/p>\n<p>Quer esteja intrigado sobre que equipamento precisa, quer precise de uma mudan\u00e7a radical dos seus dispositivos, quer esteja apenas a informar-se sobre o que um DJ precisa para criar as suas misturas usando o seu potencial m\u00e1ximo, est\u00e1 no s\u00edtio certo! Desfrute da sua estadia e continue a misturar-se!<\/p>\n","protected":false},"excerpt":{"rendered":"<p>Este website visa ajudar as pessoas apaixonadas pela mistura de m\u00fasica a encontrar o seu equipamento ideal. Encontrar\u00e1 numerosas revis\u00f5es de produtos nas sec\u00e7\u00f5es do site, o que dever\u00e1 ajudar os leitores a tomar uma decis\u00e3o para a sua pr\u00f3xima pe\u00e7a. Os produtos aqui listados s\u00e3o considerados como algumas das unidades mais apreciadas da ind\u00fastria [&hellip;]<\/p>\n","protected":false},"author":2,"featured_media":0,"parent":0,"menu_order":0,"comment_status":"closed","ping_status":"closed","template":"","meta":{"_acf_changed":false,"footnotes":""},"class_list":["post-10918","page","type-page","status-publish","hentry"],"acf":[],"yoast_head":"<!-- This site is optimized with the Yoast SEO plugin v27.4 - https:\/\/yoast.com\/product\/yoast-seo-wordpress\/ -->\n<title>Sobre o nosso site - A nossa hist\u00f3ria - DJ Music Geek<\/title>\n<meta name=\"description\" content=\"O website DJ Music Geek visa ajudar as pessoas que s\u00e3o apaixonadas por misturar m\u00fasica a encontrar o seu equipamento ideal, incluindo tanto software como hardware.\" \/>\n<meta name=\"robots\" content=\"index, follow, max-snippet:-1, max-image-preview:large, max-video-preview:-1\" \/>\n<link rel=\"canonical\" href=\"https:\/\/djmusicgeek.com\/pt-pt\/sobre\/\" \/>\n<meta property=\"og:locale\" content=\"pt_PT\" \/>\n<meta property=\"og:type\" content=\"article\" \/>\n<meta property=\"og:title\" content=\"Sobre o nosso site - A nossa hist\u00f3ria - DJ Music Geek\" \/>\n<meta property=\"og:description\" content=\"O website DJ Music Geek visa ajudar as pessoas que s\u00e3o apaixonadas por misturar m\u00fasica a encontrar o seu equipamento ideal, incluindo tanto software como hardware.\" \/>\n<meta property=\"og:url\" content=\"https:\/\/djmusicgeek.com\/pt-pt\/sobre\/\" \/>\n<meta property=\"og:site_name\" content=\"DJ Music Geek\" \/>\n<meta property=\"og:image\" content=\"https:\/\/djmusicgeek.com\/wp-content\/uploads\/2019\/11\/dj-music-geek-logo.png\" \/>\n<meta name=\"twitter:card\" content=\"summary_large_image\" \/>\n<meta name=\"twitter:label1\" content=\"Tempo estimado de leitura\" \/>\n\t<meta name=\"twitter:data1\" content=\"3 minutos\" \/>\n<script type=\"application\/ld+json\" class=\"yoast-schema-graph\">{\"@context\":\"https:\\\/\\\/schema.org\",\"@graph\":[{\"@type\":\"WebPage\",\"@id\":\"https:\\\/\\\/djmusicgeek.com\\\/pt-pt\\\/sobre\\\/\",\"url\":\"https:\\\/\\\/djmusicgeek.com\\\/pt-pt\\\/sobre\\\/\",\"name\":\"Sobre o nosso site - A nossa hist\u00f3ria - DJ Music Geek\",\"isPartOf\":{\"@id\":\"https:\\\/\\\/djmusicgeek.com\\\/#website\"},\"primaryImageOfPage\":{\"@id\":\"https:\\\/\\\/djmusicgeek.com\\\/pt-pt\\\/sobre\\\/#primaryimage\"},\"image\":{\"@id\":\"https:\\\/\\\/djmusicgeek.com\\\/pt-pt\\\/sobre\\\/#primaryimage\"},\"thumbnailUrl\":\"https:\\\/\\\/djmusicgeek.com\\\/wp-content\\\/uploads\\\/2019\\\/11\\\/dj-music-geek-logo.png\",\"datePublished\":\"2017-01-07T03:49:47+00:00\",\"description\":\"O website DJ Music Geek visa ajudar as pessoas que s\u00e3o apaixonadas por misturar m\u00fasica a encontrar o seu equipamento ideal, incluindo tanto software como hardware.\",\"breadcrumb\":{\"@id\":\"https:\\\/\\\/djmusicgeek.com\\\/pt-pt\\\/sobre\\\/#breadcrumb\"},\"inLanguage\":\"pt-PT\",\"potentialAction\":[{\"@type\":\"ReadAction\",\"target\":[\"https:\\\/\\\/djmusicgeek.com\\\/pt-pt\\\/sobre\\\/\"]}]},{\"@type\":\"ImageObject\",\"inLanguage\":\"pt-PT\",\"@id\":\"https:\\\/\\\/djmusicgeek.com\\\/pt-pt\\\/sobre\\\/#primaryimage\",\"url\":\"https:\\\/\\\/djmusicgeek.com\\\/wp-content\\\/uploads\\\/2019\\\/11\\\/dj-music-geek-logo.png\",\"contentUrl\":\"https:\\\/\\\/djmusicgeek.com\\\/wp-content\\\/uploads\\\/2019\\\/11\\\/dj-music-geek-logo.png\"},{\"@type\":\"BreadcrumbList\",\"@id\":\"https:\\\/\\\/djmusicgeek.com\\\/pt-pt\\\/sobre\\\/#breadcrumb\",\"itemListElement\":[{\"@type\":\"ListItem\",\"position\":1,\"name\":\"In\u00edcio\",\"item\":\"https:\\\/\\\/djmusicgeek.com\\\/\"},{\"@type\":\"ListItem\",\"position\":2,\"name\":\"Sobre DJ Geek Music\"}]},{\"@type\":\"WebSite\",\"@id\":\"https:\\\/\\\/djmusicgeek.com\\\/#website\",\"url\":\"https:\\\/\\\/djmusicgeek.com\\\/\",\"name\":\"DJ Music Geek\",\"description\":\"\",\"potentialAction\":[{\"@type\":\"SearchAction\",\"target\":{\"@type\":\"EntryPoint\",\"urlTemplate\":\"https:\\\/\\\/djmusicgeek.com\\\/?s={search_term_string}\"},\"query-input\":{\"@type\":\"PropertyValueSpecification\",\"valueRequired\":true,\"valueName\":\"search_term_string\"}}],\"inLanguage\":\"pt-PT\"}]}<\/script>\n<!-- \/ Yoast SEO plugin. -->","yoast_head_json":{"title":"Sobre o nosso site - A nossa hist\u00f3ria - DJ Music Geek","description":"O website DJ Music Geek visa ajudar as pessoas que s\u00e3o apaixonadas por misturar m\u00fasica a encontrar o seu equipamento ideal, incluindo tanto software como hardware.","robots":{"index":"index","follow":"follow","max-snippet":"max-snippet:-1","max-image-preview":"max-image-preview:large","max-video-preview":"max-video-preview:-1"},"canonical":"https:\/\/djmusicgeek.com\/pt-pt\/sobre\/","og_locale":"pt_PT","og_type":"article","og_title":"Sobre o nosso site - A nossa hist\u00f3ria - DJ Music Geek","og_description":"O website DJ Music Geek visa ajudar as pessoas que s\u00e3o apaixonadas por misturar m\u00fasica a encontrar o seu equipamento ideal, incluindo tanto software como hardware.","og_url":"https:\/\/djmusicgeek.com\/pt-pt\/sobre\/","og_site_name":"DJ Music Geek","og_image":[{"url":"https:\/\/djmusicgeek.com\/wp-content\/uploads\/2019\/11\/dj-music-geek-logo.png","type":"","width":"","height":""}],"twitter_card":"summary_large_image","twitter_misc":{"Tempo estimado de leitura":"3 minutos"},"schema":{"@context":"https:\/\/schema.org","@graph":[{"@type":"WebPage","@id":"https:\/\/djmusicgeek.com\/pt-pt\/sobre\/","url":"https:\/\/djmusicgeek.com\/pt-pt\/sobre\/","name":"Sobre o nosso site - A nossa hist\u00f3ria - DJ Music Geek","isPartOf":{"@id":"https:\/\/djmusicgeek.com\/#website"},"primaryImageOfPage":{"@id":"https:\/\/djmusicgeek.com\/pt-pt\/sobre\/#primaryimage"},"image":{"@id":"https:\/\/djmusicgeek.com\/pt-pt\/sobre\/#primaryimage"},"thumbnailUrl":"https:\/\/djmusicgeek.com\/wp-content\/uploads\/2019\/11\/dj-music-geek-logo.png","datePublished":"2017-01-07T03:49:47+00:00","description":"O website DJ Music Geek visa ajudar as pessoas que s\u00e3o apaixonadas por misturar m\u00fasica a encontrar o seu equipamento ideal, incluindo tanto software como hardware.","breadcrumb":{"@id":"https:\/\/djmusicgeek.com\/pt-pt\/sobre\/#breadcrumb"},"inLanguage":"pt-PT","potentialAction":[{"@type":"ReadAction","target":["https:\/\/djmusicgeek.com\/pt-pt\/sobre\/"]}]},{"@type":"ImageObject","inLanguage":"pt-PT","@id":"https:\/\/djmusicgeek.com\/pt-pt\/sobre\/#primaryimage","url":"https:\/\/djmusicgeek.com\/wp-content\/uploads\/2019\/11\/dj-music-geek-logo.png","contentUrl":"https:\/\/djmusicgeek.com\/wp-content\/uploads\/2019\/11\/dj-music-geek-logo.png"},{"@type":"BreadcrumbList","@id":"https:\/\/djmusicgeek.com\/pt-pt\/sobre\/#breadcrumb","itemListElement":[{"@type":"ListItem","position":1,"name":"In\u00edcio","item":"https:\/\/djmusicgeek.com\/"},{"@type":"ListItem","position":2,"name":"Sobre DJ Geek Music"}]},{"@type":"WebSite","@id":"https:\/\/djmusicgeek.com\/#website","url":"https:\/\/djmusicgeek.com\/","name":"DJ Music Geek","description":"","potentialAction":[{"@type":"SearchAction","target":{"@type":"EntryPoint","urlTemplate":"https:\/\/djmusicgeek.com\/?s={search_term_string}"},"query-input":{"@type":"PropertyValueSpecification","valueRequired":true,"valueName":"search_term_string"}}],"inLanguage":"pt-PT"}]}},"_links":{"self":[{"href":"https:\/\/djmusicgeek.com\/pt-pt\/wp-json\/wp\/v2\/pages\/10918","targetHints":{"allow":["GET"]}}],"collection":[{"href":"https:\/\/djmusicgeek.com\/pt-pt\/wp-json\/wp\/v2\/pages"}],"about":[{"href":"https:\/\/djmusicgeek.com\/pt-pt\/wp-json\/wp\/v2\/types\/page"}],"author":[{"embeddable":true,"href":"https:\/\/djmusicgeek.com\/pt-pt\/wp-json\/wp\/v2\/users\/2"}],"replies":[{"embeddable":true,"href":"https:\/\/djmusicgeek.com\/pt-pt\/wp-json\/wp\/v2\/comments?post=10918"}],"version-history":[{"count":0,"href":"https:\/\/djmusicgeek.com\/pt-pt\/wp-json\/wp\/v2\/pages\/10918\/revisions"}],"wp:attachment":[{"href":"https:\/\/djmusicgeek.com\/pt-pt\/wp-json\/wp\/v2\/media?parent=10918"}],"curies":[{"name":"wp","href":"https:\/\/api.w.org\/{rel}","templated":true}]}}