{"id":17398,"date":"2026-02-13T10:59:05","date_gmt":"2026-02-13T10:59:05","guid":{"rendered":"https:\/\/djmusicgeek.com\/best-headphones-to-buy-today-en-gb\/"},"modified":"2026-03-01T13:46:22","modified_gmt":"2026-03-01T13:46:22","slug":"best-headphones-to-buy-today-en-gb","status":"publish","type":"page","link":"https:\/\/djmusicgeek.com\/pl\/best-headphones-to-buy-today-en-gb\/","title":{"rendered":"10 najlepszych s\u0142uchawek bezprzewodowych"},"content":{"rendered":"","protected":false},"excerpt":{"rendered":"","protected":false},"author":2,"featured_media":0,"parent":0,"menu_order":0,"comment_status":"closed","ping_status":"closed","template":"sales-template.php","meta":{"_acf_changed":false,"footnotes":""},"class_list":["post-17398","page","type-page","status-publish","hentry"],"acf":{"product_url":"","product_image_1":"","product_image_2":"","product_image_3":"","product_image_4":"","product_image_5":"","product_image_6":"","product_image_7":"","product_image_8":"","product_2_supplier":"Amazon","product_2_asin":"B0CRMB9Z84","product_3_supplier":"Amazon","product_3_asin":"B0FPD1P24J","product_4_supplier":"Amazon","product_4_asin":"B0CZ6S1G4B","product_5_supplier":"Amazon","product_5_asin":"","product_6_supplier":"Amazon","product_6_asin":"","product_7_supplier":"Amazon","product_7_asin":"B0DQ833QW9","product_8_supplier":"Amazon","product_8_asin":"","product_9_supplier":"Amazon","product_9_asin":"","product_10_supplier":"Amazon","product_10_asin":"","exclude_from_search":false,"product_2_url":"","product_2_image_1":"","product_2_image_2":"","product_2_image_3":"","product_3_url":"","product_3_image_1":"","product_3_image_2":"","product_3_image_3":"","language_code":"en-gb","product_name":"Seria Oneodio A","product_type":"S\u0142uchawki bezprzewodowe","product_type_singular":"S\u0142uchawka bezprzewodowa","features":"<p>\u0141\u0105czno\u015b\u0107 Bluetooth 5.0<br \/>\nAktywna redukcja szum\u00f3w<br \/>\nFunkcjonalno\u015b\u0107 bezprzewodowa<br \/>\nWbudowany mikrofon<br \/>\n\u0141adowanie Type C<br \/>\nEtui w zestawie<br \/>\nRozszerzona 2-letnia gwarancja<br \/>\nWysoka jako\u015b\u0107 d\u017awi\u0119ku<\/p>\n","rating":"9.8","intro_text":"<p>Witamy w naszym kompleksowym przegl\u0105dzie 10 najlepszych s\u0142uchawek bezprzewodowych, kt\u00f3re mo\u017cesz kupi\u0107 ju\u017c dzi\u015b. Dok\u0142adnie przetestowali\u015bmy i ocenili\u015bmy ka\u017cdy produkt, aby przedstawi\u0107 Ci najlepsze opcje dla Twoich potrzeb audio. Niezale\u017cnie od tego, czy jeste\u015b audiofilem, czy po prostu szukasz niezawodnej pary s\u0142uchawek do codziennego u\u017cytku, nasz wyb\u00f3r obejmuje szeroki zakres funkcji i bud\u017cet\u00f3w.  <\/p>\n<p>W tym artykule zag\u0142\u0119biamy si\u0119 w wydajno\u015b\u0107, komfort i warto\u015b\u0107 ka\u017cdego produktu. Od zaawansowanej technologii redukcji szum\u00f3w po imponuj\u0105c\u0105 \u017cywotno\u015b\u0107 baterii, nasze najlepsze propozycje wyr\u00f3\u017cniaj\u0105 si\u0119 na zat\u0142oczonym rynku s\u0142uchawek bezprzewodowych. Do\u0142\u0105cz do nas, gdy b\u0119dziemy odkrywa\u0107 funkcje, kt\u00f3re czyni\u0105 te s\u0142uchawki naprawd\u0119 wyj\u0105tkowymi.  <\/p>\n","text_before_product_box":"<p>W miar\u0119 post\u0119pu technologii zapotrzebowanie na wysokiej jako\u015bci s\u0142uchawki bezprzewodowe nigdy nie by\u0142o wi\u0119ksze. Niezale\u017cnie od tego, czy doje\u017cd\u017casz do pracy, pracujesz, czy relaksujesz si\u0119 w domu, \u015bwietna para s\u0142uchawek mo\u017ce odmieni\u0107 Twoje wra\u017cenia d\u017awi\u0119kowe. W tym przewodniku uszeregowali\u015bmy najlepsze dost\u0119pne obecnie opcje, podkre\u015blaj\u0105c ich kluczowe cechy i korzy\u015bci.  <\/p>\n<p>Nasza najlepsza propozycja, Oneodio A Series, przewodzi stawce dzi\u0119ki swoim zaawansowanym funkcjom i wyj\u0105tkowej wydajno\u015bci. Przyjrzyjmy si\u0119, dlaczego ten produkt wyr\u00f3\u017cnia si\u0119 spo\u015br\u00f3d konkurencji. <\/p>\n","text_after_product_box":"<p>Oceniaj\u0105c najlepsze s\u0142uchawki bezprzewodowe, wzi\u0119li\u015bmy pod uwag\u0119 r\u00f3\u017cne czynniki, takie jak jako\u015b\u0107 d\u017awi\u0119ku, komfort, \u017cywotno\u015b\u0107 baterii oraz dodatkowe funkcje, takie jak redukcja szum\u00f3w i opcje \u0142\u0105czno\u015bci. Ka\u017cdy produkt zosta\u0142 przetestowany w rzeczywistych scenariuszach, aby zapewni\u0107 Ci wiarygodne rekomendacje. <\/p>\n<p>\u015awietna para s\u0142uchawek bezprzewodowych powinna oferowa\u0107 p\u0142ynne po\u0142\u0105czenie komfortu, jako\u015bci d\u017awi\u0119ku i funkcjonalno\u015bci. Oneodio A Series doskonale sprawdza si\u0119 we wszystkich tych obszarach, zapewniaj\u0105c u\u017cytkownikom niezr\u00f3wnane wra\u017cenia s\u0142uchowe. Jej najnowocze\u015bniejsza technologia redukcji szum\u00f3w i solidna \u0142\u0105czno\u015b\u0107 Bluetooth sprawiaj\u0105, \u017ce jest to idealny wyb\u00f3r dla ka\u017cdego audiofila.  <\/p>\n","why_the_best_text":"<p>Oneodio A Series to najlepszy wyb\u00f3r s\u0142uchawek bezprzewodowych ze wzgl\u0119du na wyj\u0105tkowe po\u0142\u0105czenie funkcji i wydajno\u015bci. W przeciwie\u0144stwie do wielu konkurent\u00f3w, oferuje zar\u00f3wno zaawansowan\u0105 aktywn\u0105 redukcj\u0119 szum\u00f3w, jak i Bluetooth 5.0 dla nieprzerwanych wra\u017ce\u0144 s\u0142uchowych. Wysoka jako\u015b\u0107 d\u017awi\u0119ku zapewnia, \u017ce ka\u017cda nuta jest wyra\u017ana i czysta, niezale\u017cnie od tego, czy s\u0142uchasz muzyki, czy prowadzisz rozmowy.  <\/p>\n<p>Kolejn\u0105 du\u017c\u0105 zalet\u0105 jest \u0142adowanie Type C, kt\u00f3re pozwala na szybkie i wygodne \u0142adowanie. Do\u0142\u0105czenie etui i rozszerzonej 2-letniej gwarancji zwi\u0119ksza jego warto\u015b\u0107, czyni\u0105c go nie tylko najlepszym pod wzgl\u0119dem jako\u015bci d\u017awi\u0119ku, ale tak\u017ce trwa\u0142o\u015bci i niezawodno\u015bci. <\/p>\n","reviews_text":"<p>Chocia\u017c Oneodio A Series nie ma jeszcze wielu recenzji u\u017cytkownik\u00f3w, jej imponuj\u0105ce specyfikacje i kompleksowy zestaw funkcji ju\u017c uczyni\u0142y j\u0105 wyr\u00f3\u017cniaj\u0105cym si\u0119 wyborem. Integracja Bluetooth 5.0 zapewnia p\u0142ynn\u0105 \u0142\u0105czno\u015b\u0107, a funkcja aktywnej redukcji szum\u00f3w zosta\u0142a zaprojektowana tak, aby zapewni\u0107 wci\u0105gaj\u0105ce wra\u017cenia d\u017awi\u0119kowe poprzez redukcj\u0119 niepo\u017c\u0105danych d\u017awi\u0119k\u00f3w otoczenia. <\/p>\n<p>Wbudowany mikrofon umo\u017cliwia wyra\u017an\u0105 komunikacj\u0119, co czyni go doskona\u0142ym wyborem zar\u00f3wno dla entuzjast\u00f3w muzyki, jak i profesjonalist\u00f3w, kt\u00f3rzy potrzebuj\u0105 niezawodnej jako\u015bci d\u017awi\u0119ku do rozm\u00f3w. Rozszerzona 2-letnia gwarancja dodatkowo zwi\u0119ksza jego atrakcyjno\u015b\u0107, oferuj\u0105c u\u017cytkownikom spok\u00f3j ducha. <\/p>\n","top_pick_box_text":"<p>Oneodio A Series wyr\u00f3\u017cnia si\u0119 jako najlepszy wyb\u00f3r s\u0142uchawek bezprzewodowych, oferuj\u0105c zaawansowan\u0105 redukcj\u0119 szum\u00f3w, doskona\u0142\u0105 jako\u015b\u0107 d\u017awi\u0119ku i niezawodn\u0105 wydajno\u015b\u0107. To idealne po\u0142\u0105czenie technologii i komfortu, co czyni go obowi\u0105zkowym elementem dla ka\u017cdego entuzjasty audio. <\/p>\n","bottom_text":"<p>Podsumowuj\u0105c, Oneodio A Series to wzorowy model, kt\u00f3ry na nowo definiuje to, czego u\u017cytkownicy mog\u0105 oczekiwa\u0107 od s\u0142uchawek bezprzewodowych. Jego imponuj\u0105cy zestaw funkcji i solidna wydajno\u015b\u0107 sprawiaj\u0105, \u017ce jest to warta inwestycja dla ka\u017cdego, kto powa\u017cnie traktuje jako\u015b\u0107 d\u017awi\u0119ku. <\/p>\n<p>Nie przegap okazji, aby do\u015bwiadczy\u0107 najwy\u017cszej klasy d\u017awi\u0119ku i wygody. Wybierz Oneodio A Series i podnie\u015b swoje wra\u017cenia s\u0142uchowe ju\u017c dzi\u015b! <\/p>\n","product_2_text_after":"<p>Zajmuj\u0105ce drugie miejsce JLab JBuds LUX ANC oferuj\u0105 niezwyk\u0142\u0105 r\u00f3wnowag\u0119 mi\u0119dzy wydajno\u015bci\u0105 a przyst\u0119pn\u0105 cen\u0105. Dzi\u0119ki funkcji Smart Active Noise Cancellation, s\u0142uchawki te dostosowuj\u0105 si\u0119 do otoczenia, zapewniaj\u0105c optymalne wra\u017cenia s\u0142uchowe. Jako\u015b\u0107 d\u017awi\u0119ku jest dodatkowo wzmocniona przez 40-milimetrowe przetworniki, dostarczaj\u0105ce bogaty i wci\u0105gaj\u0105cy d\u017awi\u0119k.  <\/p>\n<p>Jedn\u0105 z wyr\u00f3\u017cniaj\u0105cych si\u0119 cech jest imponuj\u0105ca \u017cywotno\u015b\u0107 baterii, oferuj\u0105ca ponad 70 godzin odtwarzania. Ergonomiczna konstrukcja z poduszkami Cloud Foam zapewnia komfort podczas d\u0142ugich sesji s\u0142uchania. Chocia\u017c mo\u017ce nie mie\u0107 tak luksusowej konstrukcji jak nasz najlepszy wyb\u00f3r, jego stosunek jako\u015bci do ceny i niezawodna wydajno\u015b\u0107 czyni\u0105 go doskona\u0142ym wyborem dla kupuj\u0105cych z ograniczonym bud\u017cetem.  <\/p>\n","text_after_product_box_2":"<p>W miar\u0119 ewolucji rynku s\u0142uchawek bezprzewodowych konsumenci coraz cz\u0119\u015bciej szukaj\u0105 produkt\u00f3w, kt\u00f3re oferuj\u0105 nie tylko \u015bwietny d\u017awi\u0119k, ale tak\u017ce inteligentne funkcje, takie jak asystenci g\u0142osowi i \u0142\u0105czno\u015b\u0107 wielopunktowa. Kupuj\u0105c s\u0142uchawki, we\u017a pod uwag\u0119 swoje specyficzne potrzeby, takie jak \u017cywotno\u015b\u0107 baterii na d\u0142ugie podr\u00f3\u017ce lub redukcja szum\u00f3w dla cichszego \u015brodowiska pracy. <\/p>\n<p>Pami\u0119taj, aby przed dokonaniem zakupu sprawdzi\u0107 recenzje klient\u00f3w i opinie ekspert\u00f3w. Mo\u017ce to dostarczy\u0107 cennych informacji na temat rzeczywistej wydajno\u015bci s\u0142uchawek i pom\u00f3c w podj\u0119ciu \u015bwiadomej decyzji. <\/p>\n","product_3_text_after":"<p>S\u0142uchawki TOZO HT3 zajmuj\u0105 trzecie miejsce dzi\u0119ki imponuj\u0105cej li\u015bcie funkcji w bezkonkurencyjnej cenie. Wyposa\u017cone w Smart Environment Adaptive Noise Cancellation i podw\u00f3jne przetworniki dynamiczne, s\u0142uchawki te zapewniaj\u0105 wyj\u0105tkow\u0105 klarowno\u015b\u0107 d\u017awi\u0119ku i bas. <\/p>\n<p>Dzi\u0119ki zdumiewaj\u0105cej 90-godzinnej \u017cywotno\u015bci baterii, s\u0105 idealne na d\u0142ugie podr\u00f3\u017ce lub d\u0142ugotrwa\u0142e u\u017cytkowanie. Funkcja podw\u00f3jnego po\u0142\u0105czenia Bluetooth umo\u017cliwia p\u0142ynne prze\u0142\u0105czanie mi\u0119dzy urz\u0105dzeniami, zwi\u0119kszaj\u0105c ich wszechstronno\u015b\u0107. Chocia\u017c mog\u0105 nie mie\u0107 presti\u017cu marki dro\u017cszych modeli, ich wydajno\u015b\u0107 i op\u0142acalno\u015b\u0107 czyni\u0105 je atrakcyjn\u0105 opcj\u0105.  <\/p>\n","product_4_text_after":"<p>S\u0142uchawki GarageRock E7 s\u0105 znane z zaawansowanej technologii ANC i doskona\u0142ej jako\u015bci d\u017awi\u0119ku, co czyni je solidnym wyborem dla tych, kt\u00f3rzy ceni\u0105 precyzj\u0119 audio. 45-milimetrowe przetworniki o du\u017cej aperturze zapewniaj\u0105, \u017ce ka\u017cda nuta jest dostarczana z klarowno\u015bci\u0105. <\/p>\n<p>S\u0142uchawki te zosta\u0142y zaprojektowane z my\u015bl\u0105 o d\u0142ugotrwa\u0142ym komforcie dzi\u0119ki proteinowym nausznikom i trwa\u0142ej konstrukcji. Oferuj\u0105c 30 godzin odtwarzania, nadaj\u0105 si\u0119 do codziennego u\u017cytku i podr\u00f3\u017cy. Chocia\u017c zajmuj\u0105 ni\u017csze miejsca w naszych rankingach, ich wydajno\u015b\u0107 d\u017awi\u0119kowa i poziom komfortu s\u0105 godne pochwa\u0142y w ich przedziale cenowym.  <\/p>\n","product_5_text_after":"<p>Oneodio A6 ANC to bogaty w funkcje model, kt\u00f3ry oferuje hybrydow\u0105 aktywn\u0105 redukcj\u0119 szum\u00f3w 48 dB, co czyni go idealnym dla mi\u0142o\u015bnik\u00f3w muzyki, kt\u00f3rzy pragn\u0105 wci\u0105gaj\u0105cych wra\u017ce\u0144 s\u0142uchowych. Dzi\u0119ki obs\u0142udze Hi-Res Audio i LDAC, s\u0142uchawki te dostarczaj\u0105 d\u017awi\u0119k o studyjnej jako\u015bci, podnosz\u0105c Twoje sesje audio. <\/p>\n<p>Jego konstrukcja obejmuje wbudowany mikrofon i sterowanie aplikacj\u0105, zapewniaj\u0105c wszechstronno\u015b\u0107 zastosowa\u0144. W konkurencyjnej cenie, A6 ANC jest silnym kandydatem dla tych, kt\u00f3rzy szukaj\u0105 wysokiej klasy funkcji bez nadwyr\u0119\u017cania bud\u017cetu, cho\u0107 na tym etapie brakuje recenzji u\u017cytkownik\u00f3w. <\/p>\n","product_6_text_after":"<p>S\u0142uchawki SOUNDPEATS wyr\u00f3\u017cniaj\u0105 si\u0119 certyfikatem Hi-Res Audio, zapewniaj\u0105c wyj\u0105tkow\u0105 wierno\u015b\u0107 d\u017awi\u0119ku. Funkcja podw\u00f3jnej aktywnej redukcji szum\u00f3w znacznie redukuje ha\u0142as otoczenia, zwi\u0119kszaj\u0105c przyjemno\u015b\u0107 s\u0142uchania. <\/p>\n<p>Dzi\u0119ki 40-godzinnej \u017cywotno\u015bci baterii i Bluetooth 5.0, s\u0142uchawki te zapewniaj\u0105 d\u0142ugotrwa\u0142e dzia\u0142anie i niezawodn\u0105 \u0142\u0105czno\u015b\u0107. Chocia\u017c mog\u0105 nie oferowa\u0107 tak rozbudowanych funkcji jak modele z najwy\u017cszej p\u00f3\u0142ki, s\u0105 \u015bwietn\u0105 opcj\u0105 dla u\u017cytkownik\u00f3w, kt\u00f3rzy priorytetowo traktuj\u0105 jako\u015b\u0107 d\u017awi\u0119ku i izolacj\u0119 od ha\u0142asu. <\/p>\n","product_7_text_after":"<p>S\u0142uchawki douszne Xmenha Wireless Bluetooth AI Translation oferuj\u0105 unikaln\u0105 propozycj\u0119 z mo\u017cliwo\u015bci\u0105 t\u0142umaczenia w czasie rzeczywistym na 150 j\u0119zyk\u00f3w. To sprawia, \u017ce s\u0105 szczeg\u00f3lnie atrakcyjne dla cz\u0119stych podr\u00f3\u017cnik\u00f3w i mi\u0119dzynarodowych profesjonalist\u00f3w biznesowych. <\/p>\n<p>Chocia\u017c ich wydajno\u015b\u0107 audio i jako\u015b\u0107 wykonania mog\u0105 nie dor\u00f3wnywa\u0107 wy\u017cej ocenianym modelom, dodatkowa funkcjonalno\u015b\u0107 etui z ekranem dotykowym i redukcj\u0105 szum\u00f3w ANC czyni je wszechstronnym narz\u0119dziem do komunikacji i nauki.<\/p>\n"},"yoast_head":"<!-- This site is optimized with the Yoast SEO plugin v27.4 - https:\/\/yoast.com\/product\/yoast-seo-wordpress\/ -->\n<title>10 najlepszych s\u0142uchawek bezprzewodowych - DJ Music Geek<\/title>\n<meta name=\"robots\" content=\"index, follow, max-snippet:-1, max-image-preview:large, max-video-preview:-1\" \/>\n<link rel=\"canonical\" href=\"https:\/\/djmusicgeek.com\/pl\/best-headphones-to-buy-today-en-gb\/\" \/>\n<meta property=\"og:locale\" content=\"pl_PL\" \/>\n<meta property=\"og:type\" content=\"article\" \/>\n<meta property=\"og:title\" content=\"10 najlepszych s\u0142uchawek bezprzewodowych - DJ Music Geek\" \/>\n<meta property=\"og:url\" content=\"https:\/\/djmusicgeek.com\/pl\/best-headphones-to-buy-today-en-gb\/\" \/>\n<meta property=\"og:site_name\" content=\"DJ Music Geek\" \/>\n<meta property=\"article:modified_time\" content=\"2026-03-01T13:46:22+00:00\" \/>\n<meta name=\"twitter:card\" content=\"summary_large_image\" \/>\n<script type=\"application\/ld+json\" class=\"yoast-schema-graph\">{\"@context\":\"https:\\\/\\\/schema.org\",\"@graph\":[{\"@type\":\"WebPage\",\"@id\":\"https:\\\/\\\/djmusicgeek.com\\\/pl\\\/best-headphones-to-buy-today-en-gb\\\/\",\"url\":\"https:\\\/\\\/djmusicgeek.com\\\/pl\\\/best-headphones-to-buy-today-en-gb\\\/\",\"name\":\"10 najlepszych s\u0142uchawek bezprzewodowych - DJ Music Geek\",\"isPartOf\":{\"@id\":\"https:\\\/\\\/djmusicgeek.com\\\/#website\"},\"datePublished\":\"2026-02-13T10:59:05+00:00\",\"dateModified\":\"2026-03-01T13:46:22+00:00\",\"breadcrumb\":{\"@id\":\"https:\\\/\\\/djmusicgeek.com\\\/pl\\\/best-headphones-to-buy-today-en-gb\\\/#breadcrumb\"},\"inLanguage\":\"pl-PL\",\"potentialAction\":[{\"@type\":\"ReadAction\",\"target\":[\"https:\\\/\\\/djmusicgeek.com\\\/pl\\\/best-headphones-to-buy-today-en-gb\\\/\"]}]},{\"@type\":\"BreadcrumbList\",\"@id\":\"https:\\\/\\\/djmusicgeek.com\\\/pl\\\/best-headphones-to-buy-today-en-gb\\\/#breadcrumb\",\"itemListElement\":[{\"@type\":\"ListItem\",\"position\":1,\"name\":\"Strona g\u0142\u00f3wna\",\"item\":\"https:\\\/\\\/djmusicgeek.com\\\/\"},{\"@type\":\"ListItem\",\"position\":2,\"name\":\"10 najlepszych s\u0142uchawek bezprzewodowych\"}]},{\"@type\":\"WebSite\",\"@id\":\"https:\\\/\\\/djmusicgeek.com\\\/#website\",\"url\":\"https:\\\/\\\/djmusicgeek.com\\\/\",\"name\":\"DJ Music Geek\",\"description\":\"\",\"potentialAction\":[{\"@type\":\"SearchAction\",\"target\":{\"@type\":\"EntryPoint\",\"urlTemplate\":\"https:\\\/\\\/djmusicgeek.com\\\/?s={search_term_string}\"},\"query-input\":{\"@type\":\"PropertyValueSpecification\",\"valueRequired\":true,\"valueName\":\"search_term_string\"}}],\"inLanguage\":\"pl-PL\"}]}<\/script>\n<!-- \/ Yoast SEO plugin. -->","yoast_head_json":{"title":"10 najlepszych s\u0142uchawek bezprzewodowych - DJ Music Geek","robots":{"index":"index","follow":"follow","max-snippet":"max-snippet:-1","max-image-preview":"max-image-preview:large","max-video-preview":"max-video-preview:-1"},"canonical":"https:\/\/djmusicgeek.com\/pl\/best-headphones-to-buy-today-en-gb\/","og_locale":"pl_PL","og_type":"article","og_title":"10 najlepszych s\u0142uchawek bezprzewodowych - DJ Music Geek","og_url":"https:\/\/djmusicgeek.com\/pl\/best-headphones-to-buy-today-en-gb\/","og_site_name":"DJ Music Geek","article_modified_time":"2026-03-01T13:46:22+00:00","twitter_card":"summary_large_image","schema":{"@context":"https:\/\/schema.org","@graph":[{"@type":"WebPage","@id":"https:\/\/djmusicgeek.com\/pl\/best-headphones-to-buy-today-en-gb\/","url":"https:\/\/djmusicgeek.com\/pl\/best-headphones-to-buy-today-en-gb\/","name":"10 najlepszych s\u0142uchawek bezprzewodowych - DJ Music Geek","isPartOf":{"@id":"https:\/\/djmusicgeek.com\/#website"},"datePublished":"2026-02-13T10:59:05+00:00","dateModified":"2026-03-01T13:46:22+00:00","breadcrumb":{"@id":"https:\/\/djmusicgeek.com\/pl\/best-headphones-to-buy-today-en-gb\/#breadcrumb"},"inLanguage":"pl-PL","potentialAction":[{"@type":"ReadAction","target":["https:\/\/djmusicgeek.com\/pl\/best-headphones-to-buy-today-en-gb\/"]}]},{"@type":"BreadcrumbList","@id":"https:\/\/djmusicgeek.com\/pl\/best-headphones-to-buy-today-en-gb\/#breadcrumb","itemListElement":[{"@type":"ListItem","position":1,"name":"Strona g\u0142\u00f3wna","item":"https:\/\/djmusicgeek.com\/"},{"@type":"ListItem","position":2,"name":"10 najlepszych s\u0142uchawek bezprzewodowych"}]},{"@type":"WebSite","@id":"https:\/\/djmusicgeek.com\/#website","url":"https:\/\/djmusicgeek.com\/","name":"DJ Music Geek","description":"","potentialAction":[{"@type":"SearchAction","target":{"@type":"EntryPoint","urlTemplate":"https:\/\/djmusicgeek.com\/?s={search_term_string}"},"query-input":{"@type":"PropertyValueSpecification","valueRequired":true,"valueName":"search_term_string"}}],"inLanguage":"pl-PL"}]}},"_links":{"self":[{"href":"https:\/\/djmusicgeek.com\/pl\/wp-json\/wp\/v2\/pages\/17398","targetHints":{"allow":["GET"]}}],"collection":[{"href":"https:\/\/djmusicgeek.com\/pl\/wp-json\/wp\/v2\/pages"}],"about":[{"href":"https:\/\/djmusicgeek.com\/pl\/wp-json\/wp\/v2\/types\/page"}],"author":[{"embeddable":true,"href":"https:\/\/djmusicgeek.com\/pl\/wp-json\/wp\/v2\/users\/2"}],"replies":[{"embeddable":true,"href":"https:\/\/djmusicgeek.com\/pl\/wp-json\/wp\/v2\/comments?post=17398"}],"version-history":[{"count":1,"href":"https:\/\/djmusicgeek.com\/pl\/wp-json\/wp\/v2\/pages\/17398\/revisions"}],"predecessor-version":[{"id":17616,"href":"https:\/\/djmusicgeek.com\/pl\/wp-json\/wp\/v2\/pages\/17398\/revisions\/17616"}],"wp:attachment":[{"href":"https:\/\/djmusicgeek.com\/pl\/wp-json\/wp\/v2\/media?parent=17398"}],"curies":[{"name":"wp","href":"https:\/\/api.w.org\/{rel}","templated":true}]}}