{"id":17365,"date":"2026-02-12T23:44:18","date_gmt":"2026-02-12T23:44:18","guid":{"rendered":"https:\/\/djmusicgeek.com\/best-headphones-to-buy-en-gb\/"},"modified":"2026-03-01T13:46:35","modified_gmt":"2026-03-01T13:46:35","slug":"best-headphones-to-buy-en-gb","status":"publish","type":"page","link":"https:\/\/djmusicgeek.com\/pl\/best-headphones-to-buy-en-gb\/","title":{"rendered":"10 najlepszych s\u0142uchawek bezprzewodowych"},"content":{"rendered":"","protected":false},"excerpt":{"rendered":"","protected":false},"author":2,"featured_media":0,"parent":0,"menu_order":0,"comment_status":"closed","ping_status":"closed","template":"sales-template.php","meta":{"_acf_changed":false,"footnotes":""},"class_list":["post-17365","page","type-page","status-publish","hentry"],"acf":{"product_url":"","product_image_1":"","product_image_2":"","product_image_3":"","product_image_4":"","product_image_5":"","product_image_6":"","product_image_7":"","product_image_8":"","product_2_supplier":"Amazon","product_2_asin":"B0CRMB9Z84","product_3_supplier":"Amazon","product_3_asin":"B0FPD1P24J","product_4_supplier":"Amazon","product_4_asin":"B0CZ6S1G4B","product_5_supplier":"Amazon","product_5_asin":"","product_6_supplier":"Amazon","product_6_asin":"","product_7_supplier":"Amazon","product_7_asin":"","product_8_supplier":"Amazon","product_8_asin":"","product_9_supplier":"Amazon","product_9_asin":"","product_10_supplier":"Amazon","product_10_asin":"","exclude_from_search":false,"product_2_url":"","product_2_image_1":"","product_2_image_2":"","product_2_image_3":"","product_3_url":"","product_3_image_1":"","product_3_image_2":"","product_3_image_3":"","language_code":"pl","product_name":"Seria Oneodio A","product_type":"S\u0142uchawki bezprzewodowe","product_type_singular":"S\u0142uchawka bezprzewodowa","features":"<p>\u0141\u0105czno\u015b\u0107 Bluetooth 5.0<br \/>\nTechnologia aktywnej redukcji szum\u00f3w<br \/>\nWbudowany mikrofon do rozm\u00f3w<br \/>\n\u0141adowanie Type C dla wygody<br \/>\nStylowe etui w zestawie<br \/>\nRozszerzona 2-letnia gwarancja<br \/>\nWygodne nauszniki do d\u0142ugiego noszenia<br \/>\nWysoka jako\u015b\u0107 d\u017awi\u0119ku<\/p>\n","rating":"9.8","intro_text":"<p>Szukasz najlepszych s\u0142uchawek bezprzewodowych dost\u0119pnych obecnie na rynku? Nie szukaj dalej! Przetestowali\u015bmy i zrecenzowali\u015bmy czo\u0142owych kandydat\u00f3w, aby przedstawi\u0107 Ci nasz\u0105 list\u0119 10 najlepszych s\u0142uchawek bezprzewodowych, kt\u00f3re warto kupi\u0107 ju\u017c teraz. S\u0142uchawki bezprzewodowe s\u0105 niezb\u0119dne zar\u00f3wno dla mi\u0142o\u015bnik\u00f3w muzyki, jak i os\u00f3b doje\u017cd\u017caj\u0105cych do pracy, oferuj\u0105c swobod\u0119 od spl\u0105tanych kabli i p\u0142ynne wra\u017cenia d\u017awi\u0119kowe.   <\/p>\n<p>W naszej kompleksowej recenzji zag\u0142\u0119biamy si\u0119 w funkcje, zalety i wady ka\u017cdego produktu, pomagaj\u0105c Ci podj\u0105\u0107 \u015bwiadom\u0105 decyzj\u0119. Niezale\u017cnie od tego, czy szukasz aktywnej redukcji szum\u00f3w, doskona\u0142ej jako\u015bci d\u017awi\u0119ku, czy d\u0142ugotrwa\u0142ego komfortu, nasz przewodnik obejmuje to wszystko. Zanurzmy si\u0119 w \u015bwiat s\u0142uchawek bezprzewodowych i znajd\u017amy idealn\u0105 par\u0119 dla Ciebie!  <\/p>\n","text_before_product_box":"<p>Wyb\u00f3r odpowiednich s\u0142uchawek mo\u017ce by\u0107 trudnym zadaniem, bior\u0105c pod uwag\u0119 tak wiele dost\u0119pnych opcji. Naszym celem jest uproszczenie procesu decyzyjnego poprzez dostarczenie szczeg\u00f3\u0142owych informacji na temat wydajno\u015bci i funkcji ka\u017cdej pary. Od najnowocze\u015bniejszej technologii redukcji szum\u00f3w po wyj\u0105tkow\u0105 \u017cywotno\u015b\u0107 baterii \u2013 wybrane przez nas produkty s\u0105 najwy\u017cszej klasy.  <\/p>\n<p>B\u0105d\u017a na bie\u017c\u0105co, gdy ujawnimy nasz numer jeden, Oneodio A Series, kt\u00f3ry wyr\u00f3\u017cnia si\u0119 wyj\u0105tkow\u0105 wydajno\u015bci\u0105 i niezwyk\u0142\u0105 warto\u015bci\u0105. Czytaj dalej, aby dowiedzie\u0107 si\u0119, dlaczego ten model jest naszym najlepszym wyborem i jak wypadaj\u0105 inni konkurenci w por\u00f3wnaniu. <\/p>\n","text_after_product_box":"<p>Nasza metodologia wyboru najlepszych s\u0142uchawek bezprzewodowych obejmowa\u0142a rygorystyczne testy jako\u015bci d\u017awi\u0119ku, mo\u017cliwo\u015bci redukcji szum\u00f3w, \u017cywotno\u015bci baterii i og\u00f3lnego komfortu. Wzi\u0119li\u015bmy r\u00f3wnie\u017c pod uwag\u0119 opinie u\u017cytkownik\u00f3w i ekspert\u00f3w, aby zapewni\u0107 wszechstronn\u0105 perspektyw\u0119. <\/p>\n<p>\u015awietne s\u0142uchawki bezprzewodowe powinny p\u0142ynnie integrowa\u0107 si\u0119 z Twoim stylem \u017cycia, zapewniaj\u0105c nie tylko doskona\u0142y d\u017awi\u0119k, ale tak\u017ce komfort i wygod\u0119. Niezale\u017cnie od tego, czy u\u017cywasz ich podczas dojazd\u00f3w, treningu, czy przy biurku, odpowiednia para powinna poprawi\u0107 Twoje do\u015bwiadczenie, a nie je utrudnia\u0107. <\/p>\n","why_the_best_text":"<p>Oneodio A Series to nasz najlepszy wyb\u00f3r z kilku powod\u00f3w. Po pierwsze, zaawansowana \u0142\u0105czno\u015b\u0107 Bluetooth 5.0 zapewnia stabilne i p\u0142ynne wra\u017cenia d\u017awi\u0119kowe, pozwalaj\u0105c cieszy\u0107 si\u0119 muzyk\u0105 bez przerw. Funkcja aktywnej redukcji szum\u00f3w jest szczeg\u00f3lnie imponuj\u0105ca, co czyni je idealnymi dla os\u00f3b cz\u0119sto podr\u00f3\u017cuj\u0105cych i przebywaj\u0105cych w ha\u0142a\u015bliwym otoczeniu.  <\/p>\n<p>To, co wyr\u00f3\u017cnia Oneodio A Series spo\u015br\u00f3d konkurencji, to przemy\u015blana konstrukcja i rozszerzona 2-letnia gwarancja. To nie tylko \u015bwiadczy o zaufaniu marki do swojego produktu, ale tak\u017ce zapewnia u\u017cytkownikom spok\u00f3j ducha. Wygodne nauszniki i wysokiej jako\u015bci d\u017awi\u0119k dodatkowo zwi\u0119kszaj\u0105 ich atrakcyjno\u015b\u0107, czyni\u0105c je wszechstronnym wyborem do r\u00f3\u017cnych potrzeb s\u0142uchowych.  <\/p>\n","reviews_text":"<p>Chocia\u017c Oneodio A Series nie otrzyma\u0142y jeszcze recenzji u\u017cytkownik\u00f3w, ich zestaw funkcji i specyfikacje m\u00f3wi\u0105 wiele o ich potencjale. Dzi\u0119ki Bluetooth 5.0, aktywnej redukcji szum\u00f3w i wbudowanemu mikrofonowi, te s\u0142uchawki s\u0105 zaprojektowane, aby sprosta\u0107 potrzebom wsp\u00f3\u0142czesnych u\u017cytkownik\u00f3w. Do\u0142\u0105czenie etui i rozszerzonej 2-letniej gwarancji dodatkowo zwi\u0119ksza ich atrakcyjno\u015b\u0107.  <\/p>\n<p>Opinie ekspert\u00f3w sugeruj\u0105, \u017ce Oneodio A Series to silny konkurent na rynku s\u0142uchawek bezprzewodowych, oferuj\u0105cy po\u0142\u0105czenie stylu, funkcjonalno\u015bci i niezawodno\u015bci. Ich wygodna konstrukcja i wysokiej jako\u015bci d\u017awi\u0119k sprawiaj\u0105, \u017ce s\u0105 obiecuj\u0105cym wyborem zar\u00f3wno dla audiofil\u00f3w, jak i zwyk\u0142ych s\u0142uchaczy. <\/p>\n","top_pick_box_text":"<p>Oneodio A Series wyr\u00f3\u017cnia si\u0119 jako najlepsze s\u0142uchawki bezprzewodowe dzi\u0119ki doskona\u0142ej redukcji szum\u00f3w, wysokiej jako\u015bci d\u017awi\u0119ku i przyjaznym dla u\u017cytkownika funkcjom. Idealne zar\u00f3wno dla mi\u0142o\u015bnik\u00f3w muzyki, jak i profesjonalist\u00f3w. <\/p>\n","bottom_text":"<p>Podsumowuj\u0105c, Oneodio A Series to najlepszy wyb\u00f3r dla ka\u017cdego, kto szuka wysokiej jako\u015bci s\u0142uchawek bezprzewodowych. Po\u0142\u0105czenie zaawansowanych funkcji, komfortu i niezawodno\u015bci sprawia, \u017ce s\u0105 one wyr\u00f3\u017cniaj\u0105c\u0105 si\u0119 opcj\u0105 na rynku. <\/p>\n<p>Gotowy na ulepszenie swoich wra\u017ce\u0144 d\u017awi\u0119kowych? Wybierz Oneodio A Series i ciesz si\u0119 idealnym po\u0142\u0105czeniem stylu i wydajno\u015bci. Nie czekaj \u2014 zdob\u0105d\u017a swoj\u0105 par\u0119 ju\u017c dzi\u015b i do\u015bwiadcz d\u017awi\u0119ku jak nigdy dot\u0105d!  <\/p>\n","product_2_text_after":"<p>S\u0142uchawki JLab JBuds LUX ANC zajmuj\u0105 drugie miejsce, oferuj\u0105c doskona\u0142\u0105 r\u00f3wnowag\u0119 mi\u0119dzy wydajno\u015bci\u0105 a warto\u015bci\u0105. Dzi\u0119ki inteligentnej aktywnej redukcji szum\u00f3w dostosowuj\u0105 si\u0119 do otoczenia, zapewniaj\u0105c, \u017ce mo\u017cesz skupi\u0107 si\u0119 na tym, co wa\u017cne. U\u017cytkownicy chwal\u0105 ich wygodn\u0105 konstrukcj\u0119, d\u0142ug\u0105 \u017cywotno\u015b\u0107 baterii i mo\u017cliwo\u015b\u0107 jednoczesnego \u0142\u0105czenia si\u0119 z wieloma urz\u0105dzeniami.  <\/p>\n<p>Jednak\u017ce, cho\u0107 oferuj\u0105 imponuj\u0105ce funkcje jak na swoj\u0105 cen\u0119, niekt\u00f3rzy u\u017cytkownicy zauwa\u017cyli, \u017ce jako\u015b\u0107 d\u017awi\u0119ku nie dor\u00f3wnuje modelom z wy\u017cszej p\u00f3\u0142ki. Niemniej jednak, dla tych, kt\u00f3rzy szukaj\u0105 niedrogich, ale bogatych w funkcje s\u0142uchawek, JLab JBuds s\u0105 doskona\u0142\u0105 opcj\u0105. <\/p>\n","text_after_product_box_2":"<p>Wraz z rozwojem technologii ewoluuj\u0105 r\u00f3wnie\u017c funkcje i mo\u017cliwo\u015bci s\u0142uchawek bezprzewodowych. Szukaj modeli z najnowszymi wersjami Bluetooth dla lepszej \u0142\u0105czno\u015bci i rozwa\u017c te z konfigurowalnymi profilami d\u017awi\u0119ku, aby dopasowa\u0107 je do swoich preferencji. <\/p>\n<p>Pami\u0119taj, \u017ce inwestowanie w wysokiej jako\u015bci par\u0119 s\u0142uchawek to nie tylko kwestia d\u017awi\u0119ku \u2014 to kwestia poprawy Twoich codziennych do\u015bwiadcze\u0144. We\u017a pod uwag\u0119 swoje specyficzne potrzeby i przypadki u\u017cycia, aby znale\u017a\u0107 najlepsze dopasowanie. <\/p>\n","product_3_text_after":"<p>S\u0142uchawki TOZO HT3 zajmuj\u0105 trzecie miejsce z mocnym zestawem funkcji, w tym redukcj\u0105 szum\u00f3w AI chat i podw\u00f3jn\u0105 \u0142\u0105czno\u015bci\u0105 Bluetooth. Mog\u0105 pochwali\u0107 si\u0119 niesamowit\u0105 90-godzinn\u0105 \u017cywotno\u015bci\u0105 baterii, co czyni je idealnymi na d\u0142ugie podr\u00f3\u017ce lub d\u0142ugotrwa\u0142e u\u017cytkowanie bez cz\u0119stego \u0142adowania. <\/p>\n<p>Chocia\u017c oferuj\u0105 doskona\u0142\u0105 warto\u015b\u0107, niekt\u00f3rzy u\u017cytkownicy wspomnieli, \u017ce jako\u015b\u0107 d\u017awi\u0119ku, cho\u0107 dobra, nie jest tak bogata jak w modelach premium. Niemniej jednak, ich imponuj\u0105ca \u017cywotno\u015b\u0107 baterii i solidny zestaw funkcji sprawiaj\u0105, \u017ce s\u0105 \u015bwietnym, bud\u017cetowym wyborem dla tych, kt\u00f3rzy potrzebuj\u0105 d\u0142ugotrwa\u0142ej wydajno\u015bci. <\/p>\n","product_4_text_after":"<p>S\u0142uchawki GarageRock E7 oferuj\u0105 solidn\u0105 wydajno\u015b\u0107 z aktywn\u0105 redukcj\u0105 szum\u00f3w i g\u0142\u0119bokim basem. Ich wygodne nauszniki proteinowe i 30-godzinna \u017cywotno\u015b\u0107 baterii sprawiaj\u0105, \u017ce nadaj\u0105 si\u0119 do noszenia przez ca\u0142y dzie\u0144. <\/p>\n<p>Pomimo doskona\u0142ej jako\u015bci d\u017awi\u0119ku, niekt\u00f3rzy u\u017cytkownicy zauwa\u017cyli, \u017ce jako\u015b\u0107 wykonania mog\u0142aby by\u0107 lepsza. S\u0105 one niezawodnym wyborem dla tych, kt\u00f3rzy szukaj\u0105 niedrogich, wygodnych s\u0142uchawek z dobr\u0105 wydajno\u015bci\u0105 d\u017awi\u0119ku. <\/p>\n","product_5_text_after":"<p>S\u0142uchawki Oneodio A6 ANC to doskona\u0142a opcja ze \u015bredniej p\u00f3\u0142ki z hybrydow\u0105 aktywn\u0105 redukcj\u0105 szum\u00f3w i d\u017awi\u0119kiem Hi-Res. S\u0105 przeznaczone dla mi\u0142o\u015bnik\u00f3w muzyki, kt\u00f3rzy wymagaj\u0105 wysokiej jako\u015bci d\u017awi\u0119ku i komfortu. <\/p>\n<p>Chocia\u017c brakuje im recenzji u\u017cytkownik\u00f3w, ich bogata w funkcje konstrukcja i konkurencyjna cena sprawiaj\u0105, \u017ce s\u0105 godnym uwagi konkurentem. Idealne dla tych, kt\u00f3rzy chc\u0105 r\u00f3wnowagi mi\u0119dzy cen\u0105 a wydajno\u015bci\u0105, Oneodio A6 oferuje wspania\u0142e wra\u017cenia s\u0142uchowe. <\/p>\n","product_6_text_after":"<p>S\u0142uchawki SOUNDPEATS imponuj\u0105 d\u017awi\u0119kiem certyfikowanym jako wysokiej rozdzielczo\u015bci i podw\u00f3jn\u0105 technologi\u0105 aktywnej redukcji szum\u00f3w. Dzi\u0119ki 40-godzinnej \u017cywotno\u015bci baterii, s\u0105 przeznaczone dla u\u017cytkownik\u00f3w, kt\u00f3rzy ceni\u0105 sobie d\u0142ugotrwa\u0142e odtwarzanie i doskona\u0142\u0105 klarowno\u015b\u0107 d\u017awi\u0119ku. <\/p>\n<p>Jednak brak opinii u\u017cytkownik\u00f3w mo\u017ce by\u0107 czynnikiem do rozwa\u017cenia dla potencjalnych nabywc\u00f3w. Pozostaj\u0105 one interesuj\u0105c\u0105 opcj\u0105 dla tych, kt\u00f3rzy szukaj\u0105 wysokiej jako\u015bci d\u017awi\u0119ku i mo\u017cliwo\u015bci redukcji szum\u00f3w w trwa\u0142ym opakowaniu. <\/p>\n"},"yoast_head":"<!-- This site is optimized with the Yoast SEO plugin v27.4 - https:\/\/yoast.com\/product\/yoast-seo-wordpress\/ -->\n<title>10 najlepszych s\u0142uchawek bezprzewodowych - DJ Music Geek<\/title>\n<meta name=\"robots\" content=\"index, follow, max-snippet:-1, max-image-preview:large, max-video-preview:-1\" \/>\n<link rel=\"canonical\" href=\"https:\/\/djmusicgeek.com\/pl\/best-headphones-to-buy-en-gb\/\" \/>\n<meta property=\"og:locale\" content=\"pl_PL\" \/>\n<meta property=\"og:type\" content=\"article\" \/>\n<meta property=\"og:title\" content=\"10 najlepszych s\u0142uchawek bezprzewodowych - DJ Music Geek\" \/>\n<meta property=\"og:url\" content=\"https:\/\/djmusicgeek.com\/pl\/best-headphones-to-buy-en-gb\/\" \/>\n<meta property=\"og:site_name\" content=\"DJ Music Geek\" \/>\n<meta property=\"article:modified_time\" content=\"2026-03-01T13:46:35+00:00\" \/>\n<meta name=\"twitter:card\" content=\"summary_large_image\" \/>\n<script type=\"application\/ld+json\" class=\"yoast-schema-graph\">{\"@context\":\"https:\\\/\\\/schema.org\",\"@graph\":[{\"@type\":\"WebPage\",\"@id\":\"https:\\\/\\\/djmusicgeek.com\\\/pl\\\/best-headphones-to-buy-en-gb\\\/\",\"url\":\"https:\\\/\\\/djmusicgeek.com\\\/pl\\\/best-headphones-to-buy-en-gb\\\/\",\"name\":\"10 najlepszych s\u0142uchawek bezprzewodowych - DJ Music Geek\",\"isPartOf\":{\"@id\":\"https:\\\/\\\/djmusicgeek.com\\\/#website\"},\"datePublished\":\"2026-02-12T23:44:18+00:00\",\"dateModified\":\"2026-03-01T13:46:35+00:00\",\"breadcrumb\":{\"@id\":\"https:\\\/\\\/djmusicgeek.com\\\/pl\\\/best-headphones-to-buy-en-gb\\\/#breadcrumb\"},\"inLanguage\":\"pl-PL\",\"potentialAction\":[{\"@type\":\"ReadAction\",\"target\":[\"https:\\\/\\\/djmusicgeek.com\\\/pl\\\/best-headphones-to-buy-en-gb\\\/\"]}]},{\"@type\":\"BreadcrumbList\",\"@id\":\"https:\\\/\\\/djmusicgeek.com\\\/pl\\\/best-headphones-to-buy-en-gb\\\/#breadcrumb\",\"itemListElement\":[{\"@type\":\"ListItem\",\"position\":1,\"name\":\"Strona g\u0142\u00f3wna\",\"item\":\"https:\\\/\\\/djmusicgeek.com\\\/\"},{\"@type\":\"ListItem\",\"position\":2,\"name\":\"10 najlepszych s\u0142uchawek bezprzewodowych\"}]},{\"@type\":\"WebSite\",\"@id\":\"https:\\\/\\\/djmusicgeek.com\\\/#website\",\"url\":\"https:\\\/\\\/djmusicgeek.com\\\/\",\"name\":\"DJ Music Geek\",\"description\":\"\",\"potentialAction\":[{\"@type\":\"SearchAction\",\"target\":{\"@type\":\"EntryPoint\",\"urlTemplate\":\"https:\\\/\\\/djmusicgeek.com\\\/?s={search_term_string}\"},\"query-input\":{\"@type\":\"PropertyValueSpecification\",\"valueRequired\":true,\"valueName\":\"search_term_string\"}}],\"inLanguage\":\"pl-PL\"}]}<\/script>\n<!-- \/ Yoast SEO plugin. -->","yoast_head_json":{"title":"10 najlepszych s\u0142uchawek bezprzewodowych - DJ Music Geek","robots":{"index":"index","follow":"follow","max-snippet":"max-snippet:-1","max-image-preview":"max-image-preview:large","max-video-preview":"max-video-preview:-1"},"canonical":"https:\/\/djmusicgeek.com\/pl\/best-headphones-to-buy-en-gb\/","og_locale":"pl_PL","og_type":"article","og_title":"10 najlepszych s\u0142uchawek bezprzewodowych - DJ Music Geek","og_url":"https:\/\/djmusicgeek.com\/pl\/best-headphones-to-buy-en-gb\/","og_site_name":"DJ Music Geek","article_modified_time":"2026-03-01T13:46:35+00:00","twitter_card":"summary_large_image","schema":{"@context":"https:\/\/schema.org","@graph":[{"@type":"WebPage","@id":"https:\/\/djmusicgeek.com\/pl\/best-headphones-to-buy-en-gb\/","url":"https:\/\/djmusicgeek.com\/pl\/best-headphones-to-buy-en-gb\/","name":"10 najlepszych s\u0142uchawek bezprzewodowych - DJ Music Geek","isPartOf":{"@id":"https:\/\/djmusicgeek.com\/#website"},"datePublished":"2026-02-12T23:44:18+00:00","dateModified":"2026-03-01T13:46:35+00:00","breadcrumb":{"@id":"https:\/\/djmusicgeek.com\/pl\/best-headphones-to-buy-en-gb\/#breadcrumb"},"inLanguage":"pl-PL","potentialAction":[{"@type":"ReadAction","target":["https:\/\/djmusicgeek.com\/pl\/best-headphones-to-buy-en-gb\/"]}]},{"@type":"BreadcrumbList","@id":"https:\/\/djmusicgeek.com\/pl\/best-headphones-to-buy-en-gb\/#breadcrumb","itemListElement":[{"@type":"ListItem","position":1,"name":"Strona g\u0142\u00f3wna","item":"https:\/\/djmusicgeek.com\/"},{"@type":"ListItem","position":2,"name":"10 najlepszych s\u0142uchawek bezprzewodowych"}]},{"@type":"WebSite","@id":"https:\/\/djmusicgeek.com\/#website","url":"https:\/\/djmusicgeek.com\/","name":"DJ Music Geek","description":"","potentialAction":[{"@type":"SearchAction","target":{"@type":"EntryPoint","urlTemplate":"https:\/\/djmusicgeek.com\/?s={search_term_string}"},"query-input":{"@type":"PropertyValueSpecification","valueRequired":true,"valueName":"search_term_string"}}],"inLanguage":"pl-PL"}]}},"_links":{"self":[{"href":"https:\/\/djmusicgeek.com\/pl\/wp-json\/wp\/v2\/pages\/17365","targetHints":{"allow":["GET"]}}],"collection":[{"href":"https:\/\/djmusicgeek.com\/pl\/wp-json\/wp\/v2\/pages"}],"about":[{"href":"https:\/\/djmusicgeek.com\/pl\/wp-json\/wp\/v2\/types\/page"}],"author":[{"embeddable":true,"href":"https:\/\/djmusicgeek.com\/pl\/wp-json\/wp\/v2\/users\/2"}],"replies":[{"embeddable":true,"href":"https:\/\/djmusicgeek.com\/pl\/wp-json\/wp\/v2\/comments?post=17365"}],"version-history":[{"count":1,"href":"https:\/\/djmusicgeek.com\/pl\/wp-json\/wp\/v2\/pages\/17365\/revisions"}],"predecessor-version":[{"id":17637,"href":"https:\/\/djmusicgeek.com\/pl\/wp-json\/wp\/v2\/pages\/17365\/revisions\/17637"}],"wp:attachment":[{"href":"https:\/\/djmusicgeek.com\/pl\/wp-json\/wp\/v2\/media?parent=17365"}],"curies":[{"name":"wp","href":"https:\/\/api.w.org\/{rel}","templated":true}]}}