{"id":13027,"date":"2023-11-03T07:56:39","date_gmt":"2023-11-03T07:56:39","guid":{"rendered":"https:\/\/djmusicgeek.com\/top-10-najlepszych-dronow-do-zakupu-w-irlandii-za-miesiac-roku-zaktualizowano-2\/"},"modified":"2026-02-25T17:36:07","modified_gmt":"2026-02-25T17:36:07","slug":"top-10-najlepszych-dronow-do-zakupu-w-irlandii-za-miesiac-roku-zaktualizowano-2","status":"publish","type":"page","link":"https:\/\/djmusicgeek.com\/pl\/top-10-najlepszych-dronow-do-zakupu-w-irlandii-za-miesiac-roku-zaktualizowano-2\/","title":{"rendered":"10 najlepszych dron\u00f3w do kupienia w Irlandii"},"content":{"rendered":"","protected":false},"excerpt":{"rendered":"","protected":false},"author":2,"featured_media":0,"parent":0,"menu_order":0,"comment_status":"closed","ping_status":"closed","template":"sales-template.php","meta":{"_acf_changed":false,"footnotes":""},"class_list":["post-13027","page","type-page","status-publish","hentry"],"acf":{"product_2_supplier":"Shopsta","product_3_supplier":"Amazon","product_4_supplier":"Amazon","product_5_supplier":"Shopsta","product_6_supplier":"Amazon","product_7_supplier":"Amazon","product_8_supplier":"Amazon","product_9_supplier":"Amazon","product_10_supplier":"Amazon","exclude_from_search":true,"product_url":"products\/4drc-f11-pro-gps-5g-wifi-fpv-with-4k-esc-hd-dual-camera-3km-flight-range-brushless-rc-drone-quadcopter-rtf","product_2_url":"products\/4drc-v4-wifi-fpv-drone-with-dual-4k-camera","product_3_price":"\u20ac69.99","product_3_url":"products\/e88-pro-drone-4k-dual-camera-aerial-photography-toy-helicopter\/","product_price_shortcode":"\u20ac199.99","product_discount_price_shortcode":"\u20ac159.99","product_image_1":"https:\/\/cdn.shopify.com\/s\/files\/1\/0503\/4170\/7969\/products\/720ae794-ace9-4b5b-95c7-e496cc4521b8.jpg?v=1662413123","product_image_2":"https:\/\/djmusicgeek.com\/wp-content\/uploads\/2022\/09\/34a4b5c8-0cb9-484c-bb2f-c0f0fd4990ff.jpg.webp","product_image_3":"https:\/\/djmusicgeek.com\/wp-content\/uploads\/2022\/09\/4drc-f11.jpg","product_image_4":"https:\/\/djmusicgeek.com\/wp-content\/uploads\/2022\/09\/34a4b5c8-0cb9-484c-bb2f-c0f0fd4990ff.jpg.webp","product_image_5":"https:\/\/djmusicgeek.com\/wp-content\/uploads\/2022\/09\/4drc-f11.jpg","product_image_6":"https:\/\/imgaz.staticbg.com\/images\/oaupload\/banggood\/images\/CF\/3A\/771c533e-3f63-400e-b381-a126f6fbbeb0.jpg.webp","product_image_7":"https:\/\/imgaz.staticbg.com\/images\/oaupload\/banggood\/images\/6D\/8F\/f204aa95-4e5f-48db-a676-5df6614c1b85.jpg.webp","product_image_8":"https:\/\/imgaz.staticbg.com\/images\/oaupload\/banggood\/images\/03\/17\/434c53c6-77c2-4462-9876-5e3e474699a4.jpg.webp","product_3_asin":"B09WDBDGBZ","product_4_asin":"B0BKLCFY3J","product_6_asin":"B0CFF1SJ3P","product_7_asin":"B0CDWQ15XM","product_8_asin":"B0CS6HVW6P","product_9_asin":"B0BWF4Y1TK","product_10_asin":"B0B21J2R92","product_2_image_1":"https:\/\/cdn.shopify.com\/s\/files\/1\/0503\/4170\/7969\/products\/4DRC-V4-WIFI-FPV-Drone-WiFi-live-video-FPV-4K-1080P-HD-Wide-Angle-Camera-Foldable_jpg_Q90_jpg_1483x1456_65162d87-3064-4360-bf51-a194c66e40ba.jpg?v=1672377201","product_2_image_2":"https:\/\/cdn.shopify.com\/s\/files\/1\/0503\/4170\/7969\/products\/4DRC-V4-WIFI-FPV-Drone-WiFi-live-video-FPV-4K-1080P-HD-Wide-Angle-Camera-Foldable.jpg_Q90.jpg__1.webp?v=1672377201","product_2_image_3":"https:\/\/cdn.shopify.com\/s\/files\/1\/0503\/4170\/7969\/products\/4DRC-V4-WIFI-FPV-Drone-WiFi-live-video-FPV-4K-1080P-HD-Wide-Angle-Camera-Foldable.jpg_Q90.jpg__2.webp?v=1672377201","product_2_price":"\u20ac139.99","product_2_discount_price":"\u20ac111.99","product_3_image_1":"https:\/\/www.shopsta.co.uk\/cdn\/shop\/files\/H9bd2e6933337414ca9080e6826e29fcaN_1000x1000.webp?v=1698783237","product_3_image_2":"https:\/\/www.shopsta.co.uk\/cdn\/shop\/files\/H747c6c365b134b6f89603c20492cc030S_800x800.webp?v=1698783238","product_3_image_3":"https:\/\/www.shopsta.co.uk\/cdn\/shop\/files\/Hd969eeab219042ac8f821e85075a3b26w_1000x1000.webp?v=1698783238","product_3_discount_price":"\u20ac55.99","product_2_asin":"","product_5_asin":"","language_code":"pl","product_name":"4DRC F11 PRO","product_type":"Drony","product_type_singular":"Dron dla wi\u0119kszo\u015bci u\u017cytkownik\u00f3w","product_full_name":"Dron z podw\u00f3jn\u0105 kamer\u0105 4DRC F11 PRO 4K","bullet_points":"<ul>\n<li>AKUMULATOR O WYSOKIEJ POJEMNO\u015aCI: Dron jest wyposa\u017cony w akumulator Lipo 7,4 V 3000 mAh o wysokiej pojemno\u015bci, zapewniaj\u0105cy znaczny czas lotu wynosz\u0105cy oko\u0142o 30 minut.<\/li>\n<li>D\u0141UGI ZASI\u0118G STEROWANIA: Stworzony do u\u017cytku na du\u017cych odleg\u0142o\u015bciach, mo\u017ce by\u0107 sterowany na odleg\u0142o\u015b\u0107 do 3000 m.<\/li>\n<li>KAMERY PROFESJONALNEJ JAKO\u015aCI: Wyposa\u017cony w wysokiej jako\u015bci kamer\u0119 Real 4K ESC HD oraz dodatkow\u0105 doln\u0105 kamer\u0119 1080P do nagrywania wysokiej jako\u015bci film\u00f3w i zdj\u0119\u0107 z lotu ptaka.<\/li>\n<li>ZAAWANSOWANY SYSTEM PROWADZENIA: Wyposa\u017cony w zaawansowany, jednoprzyciskowy system powrotu GPS oraz inteligentny system \u015bledzenia GPS dla \u0142atwego sterowania bez u\u017cycia r\u0105k.<\/li>\n<li>WIELE TRYB\u00d3W LOTU: Wiele funkcji zapewniaj\u0105cych r\u00f3\u017cnorodne wra\u017cenia z lotu, w tym rozpoznawanie fotografii gestami, planowanie lotu z wieloma punktami, otaczanie sta\u0142ego punktu i funkcja wyszukiwania samolotu.<\/li>\n<li>UDOST\u0118PNIANIE: Udost\u0119pnianie zdj\u0119\u0107 i film\u00f3w w serwisach spo\u0142eczno\u015bciowych w celu natychmiastowego dzielenia si\u0119 swoimi przygodowymi podr\u00f3\u017cami.<\/li>\n<\/ul>\n","features":"<p>OPTYMALNY CZAS LOTU: Ten dron zapewnia oko\u0142o 30 minut lotu na jednym \u0142adowaniu, co pozwala na intensywne u\u017cytkowanie i nagrywanie film\u00f3w przed konieczno\u015bci\u0105 ponownego na\u0142adowania.<br \/>\nWBUDOWANA KAMERA: 4DRC F11 Pro jest wyposa\u017cony w dwie kamery do przechwytywania wysokiej jako\u015bci zdj\u0119\u0107 i film\u00f3w 4K, dzi\u0119ki czemu ten dron jest idealnym narz\u0119dziem do zapieraj\u0105cych dech w piersiach zdj\u0119\u0107 i film\u00f3w z powietrza.<br \/>\nZWI\u0118KSZONY ZASI\u0118G STEROWANIA: Dzi\u0119ki cz\u0119stotliwo\u015bci 2,4G mo\u017cna zdalnie sterowa\u0107 urz\u0105dzeniem z imponuj\u0105cej odleg\u0142o\u015bci do 3000 m.<br \/>\nOPCJE STABILNEGO LOTU: Sze\u015bcioosiowy stabilizator \u017cyroskopowy zapewnia stabilny i p\u0142ynny lot, umo\u017cliwiaj\u0105c precyzyjne manewrowanie i niezawodn\u0105 stabilno\u015b\u0107 w r\u00f3\u017cnych warunkach.<br \/>\nGPS ENABLED: Wbudowana funkcja GPS zapewnia zwi\u0119kszone bezpiecze\u0144stwo lotu, takie jak powr\u00f3t do domu, gdy dron ma nisk\u0105 moc lub traci sygna\u0142.<br \/>\nTRYB LOTU AUTONOMICZNEGO: Wykorzystaj tryb wielopunktowego planowania trasy lotu, aby ustawi\u0107 okre\u015blon\u0105 \u015bcie\u017ck\u0119, kt\u00f3r\u0105 dron b\u0119dzie pod\u0105\u017ca\u0142 autonomicznie, pozwalaj\u0105c ci skupi\u0107 si\u0119 na obs\u0142udze kamery.<br \/>\nW PE\u0141NI FUNKCJONALNA APLIKACJA: Dron jest wyposa\u017cony w przyjazn\u0105 dla u\u017cytkownika aplikacj\u0119, kt\u00f3ra umo\u017cliwia inteligentne \u015bledzenie GPS, rozpoznawanie fotografii gestami, otaczanie sta\u0142ego punktu i funkcj\u0119 odzyskiwania samolotu.<br \/>\nTRYB BEZG\u0141OWY: Praktyczny tryb headless zapewnia u\u017cytkownikom \u0142atwiejsz\u0105 obs\u0142ug\u0119 i kontrol\u0119, niezale\u017cnie od orientacji drona w powietrzu.<\/p>\n","rating":"9.8","intro_text":"<p>W DJ Music Geek nie chodzi tylko o bity, mamy te\u017c skrzyd\u0142a &#8211; to znaczy skrzyd\u0142a drona. Jako zdeklarowani entuzja\u015bci dron\u00f3w rozumiemy, jak zniech\u0119caj\u0105ce mo\u017ce by\u0107 poruszanie si\u0119 po ekspansywnym rynku dron\u00f3w. Istnieje ogromny wachlarz opcji, a znalezienie tej w\u0142a\u015bciwej mo\u017ce cz\u0119sto przypomina\u0107 szukanie ig\u0142y w stogu siana. Aby zaoszcz\u0119dzi\u0107 ci czasu i energii, przebrn\u0119li\u015bmy przez morze specyfikacji i opis\u00f3w pe\u0142nych buzzword\u00f3w, aby pom\u00f3c ci znale\u017a\u0107 idealnego drona, kt\u00f3ry podniesie poziom twojej gry.   <\/p>\n","text_before_product_box":"<p>W naszych testach dron 4DRC F11 PRO 4K Dual Camera Drone okaza\u0142 si\u0119 doskona\u0142ym wyborem ze wzgl\u0119du na imponuj\u0105ce funkcje i wyj\u0105tkowy stosunek jako\u015bci do ceny. Ten quadkopter oferuje prawdziw\u0105 kamer\u0119 4K ESC HD + 1080P, GPS z mo\u017cliwo\u015bci\u0105 powrotu jednym przyciskiem i czas lotu wynosz\u0105cy oko\u0142o 30 minut &#8211; wi\u0119cej ni\u017c wystarczaj\u0105co dla wi\u0119kszo\u015bci u\u017cytkownik\u00f3w. Opr\u00f3cz wysokiej jako\u015bci funkcji, dron ten jest przyst\u0119pny cenowo, co czyni go op\u0142acalnym wyborem dla os\u00f3b poszukuj\u0105cych wysokiej wydajno\u015bci bez rozbijania banku.  <\/p>\n","text_after_product_box":"<p>4DRC F11 PRO 4K Dual Camera Drone plasuje si\u0119 wysoko w rankingu najlepiej ocenianych dron\u00f3w i jest doskona\u0142ym wyborem dla entuzjast\u00f3w. Ten dron zapewnia wyj\u0105tkowy stosunek jako\u015bci do ceny, oferuj\u0105c wysokiej klasy funkcje w bardzo rozs\u0105dnej cenie. Renoma marki i zaawansowane specyfikacje stanowi\u0105 idealne rozwi\u0105zanie dla tych, kt\u00f3rzy szukaj\u0105 jako\u015bci i trwa\u0142o\u015bci.  <\/p>\n<p>Ten dron jest wyposa\u017cony w funkcje, kt\u00f3re zrobi\u0105 wra\u017cenie na ka\u017cdym. Prawdziwa kamera 4K ESC HD + dolna kamera 1080P zapewnia nagrywanie film\u00f3w i zdj\u0119\u0107 w wysokiej rozdzielczo\u015bci z najwi\u0119kszymi szczeg\u00f3\u0142ami. Pozycjonowanie GPS, odleg\u0142o\u015b\u0107 FPV oko\u0142o 2000 m i odleg\u0142o\u015b\u0107 R\/C 3000 m otwieraj\u0105 nieograniczone mo\u017cliwo\u015bci eksploracji powietrznej. Dron jest wyposa\u017cony w wytrzyma\u0142\u0105 bateri\u0119 7,4 V 3000 mAh, kt\u00f3ra zapewnia czas lotu wynosz\u0105cy oko\u0142o 30 minut, co jest wyj\u0105tkowo d\u0142u\u017cszym czasem ni\u017c w przypadku wi\u0119kszo\u015bci konkurencyjnych modeli. Dzi\u0119ki regulowanej, szerokok\u0105tnej kamerze HD 90\u00b0 masz gwarancj\u0119 uchwycenia osza\u0142amiaj\u0105cych panoram.    <\/p>\n<p>Dron 4DRC F11 PRO 4K jest lepszy od innych dzi\u0119ki unikalnym funkcjom, kt\u00f3re sprawiaj\u0105, \u017ce jest przyjazny dla u\u017cytkownika i wydajny. Jednoprzyciskowy powr\u00f3t GPS, rozpoznawanie fotografii gestem, wielopunktowe planowanie lotu dla trasy, sta\u0142y punkt przestrzenny i funkcja wyszukiwania samolotu zapewni\u0105 ka\u017cdemu u\u017cytkownikowi niezapomniane wra\u017cenia z lotu. Co wi\u0119cej, w zestawie znajduje si\u0119 pilot zdalnego sterowania, wydajny akumulator LiPo, kabel USB do \u0142adowania, os\u0142ony ochronne, zapasowe ostrza, \u015brubokr\u0119t i instrukcja obs\u0142ugi. To rzeczywi\u015bcie idealne po\u0142\u0105czenie jako\u015bci, wydajno\u015bci i ceny!   <\/p>\n","why_the_best_text":"<p>Dzi\u0119ki swojemu stosunkowi jako\u015bci do ceny, 4DRC F11 PRO 4K Dual Camera Drone jest prawdopodobnie najlepszym wyborem w\u015br\u00f3d wsp\u00f3\u0142czesnych dron\u00f3w. Cena oferuje doskona\u0142\u0105 warto\u015b\u0107, bior\u0105c pod uwag\u0119 niezwyk\u0142e funkcje, takie jak imponuj\u0105ca podw\u00f3jna kamera 4K ESC HD. Pozwala to na uzyskanie wyra\u017anych, wysokiej jako\u015bci zdj\u0119\u0107 lotniczych, a dzi\u0119ki szerokiemu k\u0105towi 120\u00b0 dla szerszego widoku, Twoje zdj\u0119cia lub filmy nie zawiod\u0105. Odleg\u0142o\u015b\u0107 FPV wynosi oko\u0142o 2000 m, co zapewnia szeroki zakres rejestrowania malowniczych teren\u00f3w.   <\/p>\n<p>Ponadto dron ten mo\u017ce lata\u0107 na odleg\u0142o\u015b\u0107 do 3000 m, pozostaj\u0105c pod kontrol\u0105, a jego czas lotu wynosi oko\u0142o 30 minut przy pe\u0142nym na\u0142adowaniu wynosz\u0105cym zaledwie 250 minut. Pozycjonowanie GPS i atrybuty przep\u0142ywu optycznego sprawiaj\u0105, \u017ce F11 PRO jest idealny dla os\u00f3b wymagaj\u0105cych dok\u0142adno\u015bci w nawigacji. Dron posiada inteligentne funkcje, takie jak powr\u00f3t jednym przyciskiem, funkcja &#8222;pod\u0105\u017caj za mn\u0105&#8221; i lot do punktu trasy, dzi\u0119ki czemu jest przyjazny dla u\u017cytkownika i idealny nawet dla pocz\u0105tkuj\u0105cych. Dodatkowo, 4DRC F11 PRO jest wyposa\u017cony w unikalne i interaktywne funkcje, takie jak rozpoznawanie fotografii gestem i wielopunktowe planowanie lotu dla trasy. Bez w\u0105tpienia 4DRC F11 PRO 4K Dual Camera Drone to zaawansowany dron, kt\u00f3ry oferuje po\u0142\u0105czenie wydajno\u015bci, wysokiej jako\u015bci obrazu i \u0142atwych w obs\u0142udze element\u00f3w steruj\u0105cych w bardzo rozs\u0105dnej cenie.    <\/p>\n","reviews_text":"<p>Poruszanie si\u0119 po rynku dron\u00f3w mo\u017ce by\u0107 trudne, ale wiedza o tym, czego szuka\u0107 pod wzgl\u0119dem funkcjonalno\u015bci i warto\u015bci, mo\u017ce by\u0107 bardzo pomocna. Oto sze\u015b\u0107 rzeczy, kt\u00f3re warto wzi\u0105\u0107 pod uwag\u0119 przy zakupie drona: <\/p>\n<ol>\n<li><b>Jako\u015b\u0107 kamery:<\/b> Jednym z g\u0142\u00f3wnych powod\u00f3w, dla kt\u00f3rych wiele os\u00f3b kupuje drony, s\u0105 mo\u017cliwo\u015bci fotografii lotniczej i wideo. Szukaj dron\u00f3w z kamerami o wysokiej rozdzielczo\u015bci lub przynajmniej z mo\u017cliwo\u015bci\u0105 zamontowania kamery wysokiej jako\u015bci. <\/li>\n<li><b>\u017bywotno\u015b\u0107 baterii:<\/b> Postaraj si\u0119 znale\u017a\u0107 drona o d\u0142ugiej \u017cywotno\u015bci baterii, aby m\u00f3c wykonywa\u0107 d\u0142u\u017csze loty. Jak wida\u0107 na powy\u017cszym przyk\u0142adzie, F11 PRO firmy 4DRC ma czas lotu oko\u0142o 30 minut, co jest do\u015b\u0107 imponuj\u0105ce na rynku. <\/li>\n<li><b>Zasi\u0119g:<\/b> Sprawd\u017a, jak daleko dron mo\u017ce si\u0119 przemie\u015bci\u0107 przed utrat\u0105 sygna\u0142u. Niekt\u00f3re drony maj\u0105 zasi\u0119g kilku kilometr\u00f3w, na przyk\u0142ad F11 PRO Drone o zasi\u0119gu 3 km. <\/li>\n<li><b>Cena:<\/b> Drony mog\u0105 znacznie r\u00f3\u017cni\u0107 si\u0119 cen\u0105 i wa\u017cne jest, aby znale\u017a\u0107 taki, kt\u00f3ry pasuje do Twojego bud\u017cetu. Dro\u017csze drony maj\u0105 zwykle bardziej zaawansowane funkcje, takie jak kamery o wy\u017cszej rozdzielczo\u015bci lub d\u0142u\u017cszy czas lotu. <\/li>\n<li><b>Funkcje GPS:<\/b> Niekt\u00f3re drony s\u0105 wyposa\u017cone w zaawansowane funkcje GPS, takie jak mo\u017cliwo\u015b\u0107 zaprogramowania \u015bcie\u017cki lotu. Te dodatkowe funkcje mog\u0105 by\u0107 cenne dla konkretnych zastosowa\u0144, takich jak mapowanie lub poszukiwanie i ratownictwo. <\/li>\n<li><b>Trwa\u0142o\u015b\u0107:<\/b> Szukaj dron\u00f3w wykonanych z trwa\u0142ych materia\u0142\u00f3w, zw\u0142aszcza je\u015bli jeste\u015b pocz\u0105tkuj\u0105cym u\u017cytkownikiem, poniewa\u017c mog\u0105 wyst\u0105pi\u0107 awarie i uderzenia. Wi\u0119kszo\u015b\u0107 wysokiej jako\u015bci dron\u00f3w jest wykonana z wytrzyma\u0142ego plastiku, metalu i komponent\u00f3w elektronicznych, dzi\u0119ki czemu produkt mo\u017ce wytrzyma\u0107 troch\u0119 niew\u0142a\u015bciwego u\u017cytkowania i nadal pozostaje funkcjonalny. <\/li>\n<\/ol>\n","top_pick_box_text":"<p>4DRC F11 PRO 4K Dual Camera Drone wyr\u00f3\u017cnia si\u0119 jako najlepszy wyb\u00f3r dla entuzjast\u00f3w dron\u00f3w ze wzgl\u0119du na swoje niezwyk\u0142e mo\u017cliwo\u015bci w po\u0142\u0105czeniu z korzystnym przedzia\u0142em cenowym. Mo\u017ce pochwali\u0107 si\u0119 imponuj\u0105c\u0105 doln\u0105 kamer\u0105 4K ESC HD+1080p i ogromnym zasi\u0119giem R\/C do 3000 m. Jego godne uwagi funkcje obejmuj\u0105 pozycjonowanie GPS, 5G WiFi FPV do 2000 m, wiele tryb\u00f3w lotu, w tym lot do punktu trasy i tryb pod\u0105\u017cania za mn\u0105.  <\/p>\n<p>Warto zauwa\u017cy\u0107, \u017ce ten dron oferuje doskona\u0142y stosunek jako\u015bci do ceny, bior\u0105c pod uwag\u0119 szeroki wachlarz zaawansowanych funkcji, kt\u00f3re zwykle mo\u017cna znale\u017a\u0107 w dro\u017cszych dronach. Od d\u0142ugiego czasu lotu wynosz\u0105cego oko\u0142o 30 minut, powrotu jednym przyciskiem, w pe\u0142ni regulowanej kamery po rozpoznawanie gest\u00f3w u\u0142atwiaj\u0105ce fotografowanie, ten dron spe\u0142nia oczekiwania w stosunku do swojej ceny. Do tego wszystkiego do\u0142\u0105czona jest bateria 7,4 V 3000 mAh, obiecuj\u0105ca d\u0142ugotrwa\u0142\u0105 rozrywk\u0119.  <\/p>\n","bottom_text":"<p>4DRC F11 PRO posiada imponuj\u0105ce funkcje, kt\u00f3re wyr\u00f3\u017cniaj\u0105 go na rynku. Dzi\u0119ki wyj\u0105tkowemu czasowi lotu, zaawansowanej technologii GPS i najnowocze\u015bniejszym systemom kamer, ten dron zapewnia doskona\u0142\u0105 wydajno\u015b\u0107 i wysokiej jako\u015bci nagrania. 4DRC F11 PRO wyr\u00f3\u017cnia si\u0119 r\u00f3wnie\u017c \u0142atwo\u015bci\u0105 obs\u0142ugi, \u0142atwymi w u\u017cyciu elementami steruj\u0105cymi i intuicyjnymi trybami lotu, dzi\u0119ki czemu jest odpowiedni dla u\u017cytkownik\u00f3w dron\u00f3w na wszystkich poziomach do\u015bwiadczenia. Oferuje regulowane pr\u0119dko\u015bci i precyzyjne \u015bledzenie, zapewniaj\u0105c p\u0142ynny, \u0142atwy do kontrolowania i stabilny lot za ka\u017cdym razem. Mamy nadziej\u0119, \u017ce nasze kompleksowe recenzje by\u0142y wnikliwe i pomocne w poszukiwaniu idealnego drona.    <\/p>\n","product_2_full_name":"4DRC V Series WIFI FPV Drone z podw\u00f3jn\u0105 kamer\u0105 4K - sk\u0142adany dron RC Quadcopter","product_3_full_name":"E88 Pro 4k Drone - profesjonalny dron zdalnie sterowany 4k","product_2_bullet_points":"<ul>\n<li>KAMERA WYSOKIEJ JAKO\u015aCI: Wyposa\u017cona w podw\u00f3jn\u0105 kamer\u0119 4K o ultrawysokiej rozdzielczo\u015bci, pozwala na rejestrowanie niezwykle ostrych i \u017cywych zdj\u0119\u0107 i film\u00f3w z unikalnej perspektywy lotniczej.<\/li>\n<li>STABILNY LOT: \u017byroskop 6 A XIS i funkcja trybu wysokiego wstrzymania zapewniaj\u0105 stabilny i p\u0142ynny lot, u\u0142atwiaj\u0105c pocz\u0105tkuj\u0105cym sterowanie i nagrywanie wysokiej jako\u015bci materia\u0142u filmowego.<\/li>\n<li>ZAAWANSOWANE FUNKCJE: Funkcje takie jak powr\u00f3t jednym przyciskiem, tryb bezg\u0142owy i lot po trajektorii umo\u017cliwiaj\u0105 \u0142atw\u0105 nawigacj\u0119, dzi\u0119ki czemu nadaje si\u0119 dla wszystkich poziom\u00f3w u\u017cytkownik\u00f3w, od pocz\u0105tkuj\u0105cych po do\u015bwiadczonych entuzjast\u00f3w dron\u00f3w.<\/li>\n<li>SK\u0141ADANY I LEKKI: Sk\u0142adana konstrukcja tego quadkoptera sprawia, \u017ce jest on bardzo przeno\u015bny i \u0142atwy do przenoszenia. Ponadto lekka, wytrzyma\u0142a i odporna na uszkodzenia mechaniczne obudowa z tworzywa sztucznego zapewnia trwa\u0142o\u015b\u0107. <\/li>\n<li>D\u0141UGI CZAS LOTU: Dzi\u0119ki wydajnej baterii litowej 3,7 V 1600 mAh zapewnia d\u0142ugi czas lotu wynosz\u0105cy 15-20 minut, pozwalaj\u0105c cieszy\u0107 si\u0119 lotem przez d\u0142u\u017cszy czas.<\/li>\n<li>TRANSMISJA W CZASIE RZECZYWISTYM: Dron obs\u0142uguje transmisj\u0119 WiFi FPV (First Person View), kt\u00f3ra umo\u017cliwia nagrywanie w czasie rzeczywistym z perspektywy pierwszej osoby bezpo\u015brednio na smartfonie za po\u015brednictwem pod\u0142\u0105czonej aplikacji.<\/li>\n<\/ul>\n","product_3_bullet_points":"<ul>\n<li>E88Pro Drone podnosi poziom przyg\u00f3d na \u015bwie\u017cym powietrzu dzi\u0119ki wysokiej jako\u015bci zdj\u0119ciom lotniczym i \u0142atwej do kontrolowania mechanice lotu, zbudowanej z trwa\u0142ych, lekkich i wytrzyma\u0142ych tworzyw sztucznych.<\/li>\n<li>Wyposa\u017cony jest w kamer\u0119 4K Ultra HD z opcjonalnym systemem podw\u00f3jnej kamery do uj\u0119\u0107 szerokok\u0105tnych, wraz z unikaln\u0105 funkcj\u0105 zoomu muzycznego, aby poprawi\u0107 kinow\u0105 jako\u015b\u0107 film\u00f3w i zdj\u0119\u0107.<\/li>\n<li>Zaprojektowany z my\u015bl\u0105 o hobbystach i entuzjastach, dron oferuje czterokana\u0142owe sterowanie umo\u017cliwiaj\u0105ce precyzyjne manewry, w tym ruchy pionowe, poziome i obracanie o 360\u00b0 w celu uzyskania dynamicznych uj\u0119\u0107 panoramicznych.<\/li>\n<li>E88 Pro Drone posiada 3-poziomowy prze\u0142\u0105cznik pr\u0119dko\u015bci lotu odpowiedni dla r\u00f3\u017cnych poziom\u00f3w umiej\u0119tno\u015bci, technologi\u0119 2,4 GHz dla zmniejszenia zak\u0142\u00f3ce\u0144 oraz wiele funkcji, takich jak o\u015bwietlenie LED i utrzymywanie wysoko\u015bci dla bezpieczniejszych i p\u0142ynniejszych lot\u00f3w.<\/li>\n<li>Ka\u017cdy pakiet E88Pro Drone zawiera drona, zdalny nadajnik, akumulator Lipo 3,7 V 1800 mAh, kabel USB do \u0142adowania, os\u0142ony ochronne i zapasowe wentylatory, chocia\u017c baterie nadajnika nie s\u0105 do\u0142\u0105czone.<\/li>\n<li>Zapewnia do 20 minut lotu na jednym \u0142adowaniu z zasi\u0119giem zdalnego sterowania wynosz\u0105cym 100 metr\u00f3w i \u0142aduje si\u0119 w pe\u0142ni w zaledwie 100 minut, zapewniaj\u0105c d\u0142u\u017csze, nieprzerwane wra\u017cenia z lotu.<\/li>\n<li>Jego trwa\u0142a konstrukcja, wykonana z wytrzyma\u0142ych tworzyw sztucznych, zapewnia, \u017ce dron mo\u017ce wytrzyma\u0107 r\u00f3\u017cne warunki zewn\u0119trzne podczas d\u0142ugotrwa\u0142ego u\u017cytkowania.<\/li>\n<li>Szeroka gama funkcji E88Pro Drone, w tym Wi-Fi FPV i lot po trajektorii, zaspokaja potrzeby zar\u00f3wno pocz\u0105tkuj\u0105cych, jak i do\u015bwiadczonych pilot\u00f3w, zapewniaj\u0105c wszechstronne wra\u017cenia z lotu.<\/li>\n<\/ul>\n","product_2_full_name_new":"4DRC V Series WIFI FPV Drone z podw\u00f3jn\u0105 kamer\u0105 4K - sk\u0142adany dron RC Quadcopter"},"yoast_head":"<!-- This site is optimized with the Yoast SEO plugin v27.3 - https:\/\/yoast.com\/product\/yoast-seo-wordpress\/ -->\n<title>10 najlepszych dron\u00f3w do kupienia w Irlandii - DJ Music Geek<\/title>\n<meta name=\"robots\" content=\"index, follow, max-snippet:-1, max-image-preview:large, max-video-preview:-1\" \/>\n<link rel=\"canonical\" href=\"https:\/\/djmusicgeek.com\/pl\/top-10-najlepszych-dronow-do-zakupu-w-irlandii-za-miesiac-roku-zaktualizowano-2\/\" \/>\n<meta property=\"og:locale\" content=\"pl_PL\" \/>\n<meta property=\"og:type\" content=\"article\" \/>\n<meta property=\"og:title\" content=\"10 najlepszych dron\u00f3w do kupienia w Irlandii - DJ Music Geek\" \/>\n<meta property=\"og:url\" content=\"https:\/\/djmusicgeek.com\/pl\/top-10-najlepszych-dronow-do-zakupu-w-irlandii-za-miesiac-roku-zaktualizowano-2\/\" \/>\n<meta property=\"og:site_name\" content=\"DJ Music Geek\" \/>\n<meta property=\"article:modified_time\" content=\"2026-02-25T17:36:07+00:00\" \/>\n<meta name=\"twitter:card\" content=\"summary_large_image\" \/>\n<script type=\"application\/ld+json\" class=\"yoast-schema-graph\">{\"@context\":\"https:\\\/\\\/schema.org\",\"@graph\":[{\"@type\":\"WebPage\",\"@id\":\"https:\\\/\\\/djmusicgeek.com\\\/pl\\\/top-10-najlepszych-dronow-do-zakupu-w-irlandii-za-miesiac-roku-zaktualizowano-2\\\/\",\"url\":\"https:\\\/\\\/djmusicgeek.com\\\/pl\\\/top-10-najlepszych-dronow-do-zakupu-w-irlandii-za-miesiac-roku-zaktualizowano-2\\\/\",\"name\":\"10 najlepszych dron\u00f3w do kupienia w Irlandii - DJ Music Geek\",\"isPartOf\":{\"@id\":\"https:\\\/\\\/djmusicgeek.com\\\/#website\"},\"datePublished\":\"2023-11-03T07:56:39+00:00\",\"dateModified\":\"2026-02-25T17:36:07+00:00\",\"breadcrumb\":{\"@id\":\"https:\\\/\\\/djmusicgeek.com\\\/pl\\\/top-10-najlepszych-dronow-do-zakupu-w-irlandii-za-miesiac-roku-zaktualizowano-2\\\/#breadcrumb\"},\"inLanguage\":\"pl-PL\",\"potentialAction\":[{\"@type\":\"ReadAction\",\"target\":[\"https:\\\/\\\/djmusicgeek.com\\\/pl\\\/top-10-najlepszych-dronow-do-zakupu-w-irlandii-za-miesiac-roku-zaktualizowano-2\\\/\"]}]},{\"@type\":\"BreadcrumbList\",\"@id\":\"https:\\\/\\\/djmusicgeek.com\\\/pl\\\/top-10-najlepszych-dronow-do-zakupu-w-irlandii-za-miesiac-roku-zaktualizowano-2\\\/#breadcrumb\",\"itemListElement\":[{\"@type\":\"ListItem\",\"position\":1,\"name\":\"Strona g\u0142\u00f3wna\",\"item\":\"https:\\\/\\\/djmusicgeek.com\\\/\"},{\"@type\":\"ListItem\",\"position\":2,\"name\":\"10 najlepszych dron\u00f3w do kupienia w Irlandii\"}]},{\"@type\":\"WebSite\",\"@id\":\"https:\\\/\\\/djmusicgeek.com\\\/#website\",\"url\":\"https:\\\/\\\/djmusicgeek.com\\\/\",\"name\":\"DJ Music Geek\",\"description\":\"\",\"potentialAction\":[{\"@type\":\"SearchAction\",\"target\":{\"@type\":\"EntryPoint\",\"urlTemplate\":\"https:\\\/\\\/djmusicgeek.com\\\/?s={search_term_string}\"},\"query-input\":{\"@type\":\"PropertyValueSpecification\",\"valueRequired\":true,\"valueName\":\"search_term_string\"}}],\"inLanguage\":\"pl-PL\"}]}<\/script>\n<!-- \/ Yoast SEO plugin. -->","yoast_head_json":{"title":"10 najlepszych dron\u00f3w do kupienia w Irlandii - DJ Music Geek","robots":{"index":"index","follow":"follow","max-snippet":"max-snippet:-1","max-image-preview":"max-image-preview:large","max-video-preview":"max-video-preview:-1"},"canonical":"https:\/\/djmusicgeek.com\/pl\/top-10-najlepszych-dronow-do-zakupu-w-irlandii-za-miesiac-roku-zaktualizowano-2\/","og_locale":"pl_PL","og_type":"article","og_title":"10 najlepszych dron\u00f3w do kupienia w Irlandii - DJ Music Geek","og_url":"https:\/\/djmusicgeek.com\/pl\/top-10-najlepszych-dronow-do-zakupu-w-irlandii-za-miesiac-roku-zaktualizowano-2\/","og_site_name":"DJ Music Geek","article_modified_time":"2026-02-25T17:36:07+00:00","twitter_card":"summary_large_image","schema":{"@context":"https:\/\/schema.org","@graph":[{"@type":"WebPage","@id":"https:\/\/djmusicgeek.com\/pl\/top-10-najlepszych-dronow-do-zakupu-w-irlandii-za-miesiac-roku-zaktualizowano-2\/","url":"https:\/\/djmusicgeek.com\/pl\/top-10-najlepszych-dronow-do-zakupu-w-irlandii-za-miesiac-roku-zaktualizowano-2\/","name":"10 najlepszych dron\u00f3w do kupienia w Irlandii - DJ Music Geek","isPartOf":{"@id":"https:\/\/djmusicgeek.com\/#website"},"datePublished":"2023-11-03T07:56:39+00:00","dateModified":"2026-02-25T17:36:07+00:00","breadcrumb":{"@id":"https:\/\/djmusicgeek.com\/pl\/top-10-najlepszych-dronow-do-zakupu-w-irlandii-za-miesiac-roku-zaktualizowano-2\/#breadcrumb"},"inLanguage":"pl-PL","potentialAction":[{"@type":"ReadAction","target":["https:\/\/djmusicgeek.com\/pl\/top-10-najlepszych-dronow-do-zakupu-w-irlandii-za-miesiac-roku-zaktualizowano-2\/"]}]},{"@type":"BreadcrumbList","@id":"https:\/\/djmusicgeek.com\/pl\/top-10-najlepszych-dronow-do-zakupu-w-irlandii-za-miesiac-roku-zaktualizowano-2\/#breadcrumb","itemListElement":[{"@type":"ListItem","position":1,"name":"Strona g\u0142\u00f3wna","item":"https:\/\/djmusicgeek.com\/"},{"@type":"ListItem","position":2,"name":"10 najlepszych dron\u00f3w do kupienia w Irlandii"}]},{"@type":"WebSite","@id":"https:\/\/djmusicgeek.com\/#website","url":"https:\/\/djmusicgeek.com\/","name":"DJ Music Geek","description":"","potentialAction":[{"@type":"SearchAction","target":{"@type":"EntryPoint","urlTemplate":"https:\/\/djmusicgeek.com\/?s={search_term_string}"},"query-input":{"@type":"PropertyValueSpecification","valueRequired":true,"valueName":"search_term_string"}}],"inLanguage":"pl-PL"}]}},"_links":{"self":[{"href":"https:\/\/djmusicgeek.com\/pl\/wp-json\/wp\/v2\/pages\/13027","targetHints":{"allow":["GET"]}}],"collection":[{"href":"https:\/\/djmusicgeek.com\/pl\/wp-json\/wp\/v2\/pages"}],"about":[{"href":"https:\/\/djmusicgeek.com\/pl\/wp-json\/wp\/v2\/types\/page"}],"author":[{"embeddable":true,"href":"https:\/\/djmusicgeek.com\/pl\/wp-json\/wp\/v2\/users\/2"}],"replies":[{"embeddable":true,"href":"https:\/\/djmusicgeek.com\/pl\/wp-json\/wp\/v2\/comments?post=13027"}],"version-history":[{"count":2,"href":"https:\/\/djmusicgeek.com\/pl\/wp-json\/wp\/v2\/pages\/13027\/revisions"}],"predecessor-version":[{"id":13112,"href":"https:\/\/djmusicgeek.com\/pl\/wp-json\/wp\/v2\/pages\/13027\/revisions\/13112"}],"wp:attachment":[{"href":"https:\/\/djmusicgeek.com\/pl\/wp-json\/wp\/v2\/media?parent=13027"}],"curies":[{"name":"wp","href":"https:\/\/api.w.org\/{rel}","templated":true}]}}