{"id":12787,"date":"2024-06-14T21:53:57","date_gmt":"2024-06-14T21:53:57","guid":{"rendered":"https:\/\/djmusicgeek.com\/10-najlepszych-zestawow-sluchawkowych-do-gier-ktore-warto-kupic\/"},"modified":"2026-03-01T13:47:52","modified_gmt":"2026-03-01T13:47:52","slug":"10-najlepszych-zestawow-sluchawkowych-do-gier-ktore-warto-kupic","status":"publish","type":"page","link":"https:\/\/djmusicgeek.com\/pl\/10-najlepszych-zestawow-sluchawkowych-do-gier-ktore-warto-kupic\/","title":{"rendered":"Top 10 najlepszych s\u0142uchawek gamingowych &#8211;"},"content":{"rendered":"","protected":false},"excerpt":{"rendered":"","protected":false},"author":2,"featured_media":0,"parent":0,"menu_order":0,"comment_status":"closed","ping_status":"closed","template":"sales-template.php","meta":{"_acf_changed":false,"footnotes":""},"class_list":["post-12787","page","type-page","status-publish","hentry"],"acf":{"product_3_supplier":"Amazon","product_4_supplier":"Amazon","product_5_supplier":"Amazon","product_6_supplier":"Amazon","product_7_supplier":"Amazon","product_8_supplier":"Amazon","product_9_supplier":"Amazon","product_10_supplier":"Amazon","product_3_url":"","exclude_from_search":true,"product_2_supplier":"Shopsta","product_price_shortcode":"\u20ac124.99","product_discount_price_shortcode":"\u20ac99.99","product_2_price":"\u20ac109.99","product_2_discount_price":"\u20ac87.99","product_3_image_1":"","product_3_image_2":"","product_3_image_3":"","product_3_asin":"B07B81D162","product_4_asin":"B07PRYFGXG","product_5_asin":"B08NTYB4M7","product_6_asin":"B07FZVXS8H","product_7_asin":"B09GW7NHL4","product_8_asin":"B07W5JKB8Z","product_2_asin":"","product_9_asin":"","product_10_asin":"","product_url":"products\/commander-g-series-wireless-edition","product_image_1":"https:\/\/www.shopsta.co.uk\/cdn\/shop\/files\/O1CN01ZcemJx1QlNZq4L8LS__2901482016-0-ampmedia_798x798.jpg?v=1764763575","product_image_2":"https:\/\/www.shopsta.co.uk\/cdn\/shop\/files\/O1CN01IR0kAX1QlNZrMlWQ4__2901482016-0-ampmedia_798x798.jpg?v=1764763575","product_image_3":"https:\/\/www.shopsta.co.uk\/cdn\/shop\/files\/O1CN01ofXqk01QlNZqNuSLV__2901482016-0-ampmedia_798x798.jpg?v=1764763575","product_image_4":"https:\/\/djmusicgeek.com\/wp-content\/uploads\/2025\/12\/commander-top-50.jpeg","product_image_5":"https:\/\/www.shopsta.co.uk\/cdn\/shop\/files\/O1CN01ZcemJx1QlNZq4L8LS__2901482016-0-ampmedia_798x798.jpg?v=1764763575","product_2_url":"products\/somic-g-series-wireless-gaming-headset","product_2_image_1":"https:\/\/djmusicgeek.com\/wp-content\/uploads\/2023\/02\/SOMIC-G760-Wireless-Gamer-Headset-Detachable-Mic-Bluetooth-2-4G-Wired-3in1-Headphone-for-PS5-PS4.jpg_Q90.jpg","product_2_image_2":"https:\/\/djmusicgeek.com\/wp-content\/uploads\/2023\/02\/8c6029491e9d78d6d7c55d6a97d52490_1600x1600_d063843b-7174-45e3-a17a-1f9f816a4166_1360x1360.webp","product_2_image_3":"https:\/\/djmusicgeek.com\/wp-content\/uploads\/2023\/02\/650d93954cd3914c2b7de270df928da5_1600x1600_256d8234-8373-4a0b-8fcc-eed1c89a1b70_1360x1360.webp","product_image_6":"","product_image_7":"","product_image_8":"","language_code":"pl","product_name":"Seria Commander G","product_type":"Zestaw s\u0142uchawkowy do gier","product_type_singular":"Zestaw s\u0142uchawkowy do gier","product_full_name":"Commander G Series - 160 godzin pracy baterii - Bezprzewodowe s\u0142uchawki gamingowe z d\u017awi\u0119kiem przestrzennym 7.1","bullet_points":"<ul>\n<li>GRAJ JAK NIGDY DOT\u0104D: Bez w\u0105tpienia nasz najlepszy bezprzewodowy zestaw s\u0142uchawkowy do gier z niesamowitym d\u017awi\u0119kiem kierunkowym i niesamowitym komfortem.<\/li>\n<li>WBUDOWANY D\u0179WI\u0118K PRZESTRZENNY 7.1: Ciesz si\u0119 doskona\u0142ym, zbalansowanym d\u017awi\u0119kiem przestrzennym 7.1 w s\u0142uchawkach gamingowych Commander G Series.<\/li>\n<li>D\u0141UGI CZAS PRACY BATERII: Ogromna bateria dzia\u0142aj\u0105ca ponad 160 godzin i op\u00f3\u017anienie bezprzewodowe 20ms zapewniaj\u0105 efektywny d\u017awi\u0119k w czasie rzeczywistym.<\/li>\n<li>PROFESJONALNE G\u0141O\u015aNIKI 50 MM: Ogromne, 50-milimetrowe g\u0142o\u015bniki w po\u0142\u0105czeniu z magnesami neodymowymi zapewniaj\u0105 profesjonaln\u0105 jako\u015b\u0107 d\u017awi\u0119ku studyjnego z mocnymi basami, czystymi wokalami oraz wyra\u017anymi niskimi, \u015brednimi i wysokimi tonami, tworz\u0105c idealnie zbalansowany d\u017awi\u0119k.<\/li>\n<li>3 TRYBY GRY: Wybierz odpowiedni tryb dla siebie, z trybem gry, trybem filmowym i trybem muzycznym, mo\u017cesz wybra\u0107 najlepszy EQ, aby dopasowa\u0107 go do swojego stylu gry.<\/li>\n<li>CUSTOM AUDIO CHIP: Niestandardowy wirtualny modu\u0142 d\u017awi\u0119ku przestrzennego GS 7.1 sprawia, \u017ce \u015bledzenie krok\u00f3w wroga w grach takich jak Call of Duty jest \u0142atwiejsze ni\u017c kiedykolwiek wcze\u015bniej. Ten niestandardowy chip zapewnia precyzyjny d\u017awi\u0119k we wszystkich kierunkach, daj\u0105c nowe korzy\u015bci w grze. <\/li>\n<li>KOMPATYBILNY ZE WSZYSTKIMI KONSOLAMI: Dzia\u0142a bezprzewodowo z PS5, PS4, PC i Mac. Gniazdo s\u0142uchawkowe 3,5 mm do konsoli Xbox i innych urz\u0105dze\u0144. <\/li>\n<li>KRYSZTA\u0141OWO CZYSTY MIKROFON: Zbudowany specjalnie do gier z obrotowym ramieniem 160\u00b0, kt\u00f3re pozostaje na miejscu po ustawieniu. Mikrofon z redukcj\u0105 szum\u00f3w pozwala na wyra\u017ane s\u0142yszenie nawet przy silnym ha\u0142asie w tle. <\/li>\n<\/ul>\n","features":"<p>Wirtualny d\u017awi\u0119k przestrzenny 7.1<br \/>\nWy\u015bci\u00f3\u0142ka nausznik\u00f3w zapewniaj\u0105ca komfort podczas d\u0142ugiej gry<br \/>\nWyra\u017any mikrofon do czatu<br \/>\nElastyczny, regulowany, od\u0142\u0105czany mikrofon<br \/>\nOgromna \u017cywotno\u015b\u0107 baterii 160+ godzin<br \/>\nDu\u017ce 50mm g\u0142o\u015bniki dynamiczne<br \/>\nBezprzewodowe po\u0142\u0105czenie 2,4GHz<br \/>\nDzia\u0142aj\u0105 jako s\u0142uchawki do muzyki<\/p>\n","rating":"9.8","intro_text":"<p>W DJ Music Geek mamy obsesj\u0119 na punkcie wszystkiego, co audio. \u0141\u0105cz\u0105c pasj\u0119 do d\u017awi\u0119ku z mi\u0142o\u015bci\u0105 do gamingu, przetestowali\u015bmy najlepsze s\u0142uchawki gamingowe dost\u0119pne na rynku w 2026. Gamingowe zestawy s\u0142uchawkowe s\u0105 obecnie bardzo istotn\u0105 cz\u0119\u015bci\u0105 gier, w kt\u00f3rych posiadanie doskona\u0142ej jako\u015bci zestawu s\u0142uchawkowego do gier ma ogromne zalety. Jest to teraz istotna cz\u0119\u015b\u0107 osi\u0105gania dobrych wynik\u00f3w w grach takich jak Call of Duty, Battlefield, CS:GO, PUBG i Rainbow Six, by wymieni\u0107 tylko kilka z nich.   <\/p>\n<p>Posiadaj\u0105c po prostu lepszy zestaw s\u0142uchawkowy, b\u0119dziesz mie\u0107 przewag\u0119 nad konkurentami i b\u0119dziesz w stanie s\u0142ysze\u0107 ich lepiej i z wi\u0119kszej odleg\u0142o\u015bci. Nie tylko to, \u0142atwa komunikacja ze znajomymi i wygoda to kilka innych wa\u017cnych czynnik\u00f3w, kt\u00f3re nale\u017cy wzi\u0105\u0107 pod uwag\u0119. Niniejszy przewodnik zawiera rekomendacje naszych najbardziej preferowanych, wysokiej jako\u015bci, wygodnych i najlepszych zestaw\u00f3w s\u0142uchawkowych do wyboru.  <\/p>\n","text_after_product_box":"<p>Dlaczego wi\u0119c Commander G Series to najlepszy wyb\u00f3r spo\u015br\u00f3d wszystkich testowanych przez nas s\u0142uchawek? Po pierwsze, mo\u017cliwo\u015bci d\u017awi\u0119ku przestrzennego tego zestawu s\u0142uchawkowego by\u0142y najlepsze ze wszystkich naszych test\u00f3w. Przetestowali\u015bmy s\u0142uchawki u\u017cywaj\u0105c najnowszej wersji Call of Duty, aby sprawdzi\u0107 jak \u0142atwo mo\u017cemy zlokalizowa\u0107 pozycje przeciwnik\u00f3w. Wyra\u017anie s\u0142ycha\u0107 d\u017awi\u0119k kierunkowy, kt\u00f3ry pomaga namierzy\u0107 wrog\u00f3w, zanim ich zobaczymy. Jako\u015b\u0107 d\u017awi\u0119ku jest wyj\u0105tkowa i okaza\u0142o si\u0119, \u017ce wygrywamy wi\u0119cej gier.<\/p>\n<p>Nowy Commander G Series to najwy\u017cszej klasy s\u0142uchawki gamingowe z linii premium, oferuj\u0105ce 160 godzin bezprzewodowego grania na cz\u0119stotliwo\u015bci 2,4GHz na jednym \u0142adowaniu. Eliminuje potrzeb\u0119 pod\u0142\u0105czania do konsoli lub komputera za pomoc\u0105 kabli i zapewnia bezprzewodow\u0105 rozgrywk\u0119 nowej generacji w pa\u015bmie 2,4 GHz. Lekki i bardzo wygodny, posiada wszystko, co mo\u017cna sobie wyobrazi\u0107, je\u015bli chodzi o wysokiej jako\u015bci zestaw s\u0142uchawkowy. Ulepszony wirtualny d\u017awi\u0119k przestrzenny 7.1 ze zaktualizowanymi sterownikami przenosi wszystko na wy\u017cszy poziom. Najlepsz\u0105 rzecz\u0105 w serii G jest cena. Bior\u0105c pod uwag\u0119, \u017ce podobne s\u0142uchawki kosztuj\u0105 ponad 150\u20ac, polecamy ten model ponad innymi, poniewa\u017c eliminujesz kable, otrzymujesz niesamowit\u0105 bateri\u0119 dzia\u0142aj\u0105c\u0105 ponad 160 godzin, a tak\u017ce lepsz\u0105 jako\u015b\u0107 d\u017awi\u0119ku.     <\/p>\n<p>Oceniamy je jako najlepsze s\u0142uchawki bezprzewodowe do kupienia w 2026.<\/p>\n<h2 class=\"\">Przegl\u0105d produkt\u00f3w:<\/h2>\n<p>Dlaczego wi\u0119c Commander G Series to najlepszy wyb\u00f3r spo\u015br\u00f3d wszystkich testowanych przez nas s\u0142uchawek? Oto 5 powod\u00f3w, dla kt\u00f3rych uwa\u017camy, \u017ce G by\u0142y najlepsze: <\/p>\n<p><strong>1<\/strong> ) Po pierwsze, mo\u017cliwo\u015bci d\u017awi\u0119ku przestrzennego tego zestawu s\u0142uchawkowego by\u0142y najlepsze ze wszystkich naszych test\u00f3w. Przetestowali\u015bmy s\u0142uchawki u\u017cywaj\u0105c najnowszej wersji Call of Duty, aby sprawdzi\u0107 jak \u0142atwo mo\u017cemy zlokalizowa\u0107 pozycje przeciwnik\u00f3w. Wyra\u017anie s\u0142ycha\u0107 d\u017awi\u0119k kierunkowy, kt\u00f3ry pomaga namierzy\u0107 wrog\u00f3w, zanim ich zobaczymy.  <\/p>\n<p><strong>2<\/strong> ) Seria G jest naprawd\u0119 wygodna. W naszych wielokrotnych 6-godzinnych testach nie do\u015bwiadczyli\u015bmy \u017cadnego prawdziwego dyskomfortu. Nie \u015bciskaj\u0105 g\u0142owy, a zamiast tego le\u017c\u0105 na niej naprawd\u0119 przyjemnie i wygodnie. G&#8217;s s\u0105 dobrze wy\u015bcie\u0142ane na uszach i \u0142adnie dopasowuj\u0105 si\u0119 do czubka g\u0142owy.   <\/p>\n<p><strong>3<\/strong> ) Kolejn\u0105 \u015bwietn\u0105 funkcj\u0105, kt\u00f3r\u0105 wbudowano w seri\u0119 G, jest konfiguracja bez sterownik\u00f3w. Wystarczy pod\u0142\u0105czy\u0107 je za pomoc\u0105 bezprzewodowego klucza USB i ju\u017c mo\u017cna cieszy\u0107 si\u0119 wirtualnym d\u017awi\u0119kiem przestrzennym 7.1. Nie ma potrzeby instalowania skomplikowanych sterownik\u00f3w i poprawek. Wystarczy pod\u0142\u0105czy\u0107 i gotowe.   <\/p>\n","why_the_best_text":"<p>W naszych testach odkryli\u015bmy, \u017ce wy\u017csza cena nie zawsze oznacza\u0142a wy\u017csz\u0105 jako\u015b\u0107. Niekt\u00f3re z bardziej znanych marek jak SteelSeries, Astro i Logtiech rzeczywi\u015bcie produkowa\u0142y bardzo dobre s\u0142uchawki, ale ich cena by\u0142a dwa lub trzy razy wy\u017csza ni\u017c Commander G Series. Por\u00f3wnuj\u0105c takie aspekty jak komfort, czysto\u015b\u0107 d\u017awi\u0119ku przestrzennego i og\u00f3lne funkcje, stwierdzili\u015bmy, \u017ce Commander G Series wypad\u0142y najlepiej, uzyskuj\u0105c najwy\u017csz\u0105 og\u00f3ln\u0105 ocen\u0119 na podstawie naszych 6 g\u0142\u00f3wnych kryteri\u00f3w: d\u017awi\u0119k, komfort, \u017cywotno\u015b\u0107 baterii, niezawodno\u015b\u0107, \u0142\u0105czno\u015b\u0107 i cena.  <\/p>\n","reviews_text":"<p>Wa\u017cne jest, aby przyjrze\u0107 si\u0119 temu, czego wymaga si\u0119 od \u015bwietnego zestawu s\u0142uchawkowego do gier. Opracowali\u015bmy 6 niezb\u0119dnych element\u00f3w ka\u017cdego zestawu s\u0142uchawkowego, kt\u00f3re nale\u017cy wzi\u0105\u0107 pod uwag\u0119: <\/p>\n<p>1) \u015awietny d\u017awi\u0119k &#8211; nie mo\u017cemy obej\u015b\u0107 si\u0119 bez tego niezb\u0119dnego elementu!<br \/>\n2) Komfort &#8211; czy mo\u017cemy gra\u0107 godzinami bez \u017cadnego dyskomfortu<br \/>\n3) \u017bywotno\u015b\u0107 baterii &#8211; jak d\u0142ugo wytrzymuje bateria, je\u015bli jest bezprzewodowa?<br \/>\n4) Niezawodno\u015b\u0107 &#8211; czy musz\u0119 martwi\u0107 si\u0119 o jako\u015b\u0107 wykonania?<br \/>\n5) \u0141\u0105czno\u015b\u0107 &#8211; jak \u0142atwo jest si\u0119 po\u0142\u0105czy\u0107?<br \/>\n6) Cena &#8211; czy jest przyst\u0119pna, czy te\u017c przep\u0142acam?<\/p>\n<p>Sprawdzili\u015bmy i zam\u00f3wili\u015bmy powy\u017csze s\u0142uchawki w oparciu o te czynniki. Przy wyborze zestawu s\u0142uchawkowego wa\u017cne jest uwzgl\u0119dnienie wszystkich aspekt\u00f3w, poniewa\u017c wystarczy, \u017ce jeden z nich zawiedzie, aby zrujnowa\u0107 wra\u017cenia. Podsumowuj\u0105c, naszym najlepszym wyborem jest seria Commander G.<\/p>\n","top_pick_box_text":"<p>Je\u015bli chodzi o zestaw s\u0142uchawkowy do gier, chcesz mie\u0107 wszystkie funkcje w doskona\u0142ej konstrukcji. Commander G Series wed\u0142ug nas zapewnia wszystko, czego mo\u017cesz oczekiwa\u0107 od bezprzewodowych s\u0142uchawek gamingowych, w fenomenalnej cenie. <\/p>\n<p>Dzi\u0119ki wysokiej jako\u015bci wykonania, \u015bwietnej \u017cywotno\u015bci baterii, ultra niezawodnej \u0142\u0105czno\u015bci i kompatybilno\u015bci ze wszystkimi konsolami, oceniamy seri\u0119 G na 9,8 na 10.<\/p>\n<p>Po oko\u0142o 5 miesi\u0105cach codziennego korzystania z urz\u0105dzenia, nie mo\u017cemy sobie wyobrazi\u0107 zmiany na inne urz\u0105dzenie w najbli\u017cszym czasie.<\/p>\n<p>Otrzymasz darmow\u0105 dostaw\u0119 przy zakupie w Shopsta.<\/p>\n","bottom_text":"<p>Seria Commander G wyposa\u017cona jest w pot\u0119\u017cne 50-milimetrowe dynamiczne przetworniki g\u0142o\u015bnikowe, co jest wi\u0119cej ni\u017c wystarczaj\u0105ce dla przeci\u0119tnego u\u017cytkownika. Przy pe\u0142nej g\u0142o\u015bno\u015bci zestaw s\u0142uchawkowy mo\u017cna uzna\u0107 za zbyt g\u0142o\u015bny.  Jest to jednak \u015bwietne rozwi\u0105zanie, poniewa\u017c mo\u017cna dostosowa\u0107 wyj\u015bcie d\u017awi\u0119kowe do swoich ustawie\u0144. Dzi\u0119ki takim funkcjom jak wygodne nauszniki, 160-godzinna bateria i 3 tryby korektora d\u017awi\u0119ku w grze, seria Commander G zdecydowanie zapewnia najlepsze wra\u017cenia z gry. Je\u015bli zdecydujesz si\u0119 na to urz\u0105dzenie, upewnij si\u0119, \u017ce otrzymasz 20% zni\u017cki od ceny detalicznej, korzystaj\u0105c z kodu rabatowego przy kasie. Dzi\u0119kujemy za przeczytanie naszych powy\u017cszych recenzji i mamy nadziej\u0119, \u017ce pomogli\u015bmy Ci znale\u017a\u0107 odpowiedni zestaw s\u0142uchawkowy do Twoich potrzeb.   <\/p>\n","product_2_full_name":"SOMiC G Series - Bezprzewodowe s\u0142uchawki gamingowe 7.1 z od\u0142\u0105czanym mikrofonem","product_2_bullet_points":"<ul>\n<li>NAJLEPSZE PRZYST\u0118PNE CENOWO S\u0141UCHAWKI GAMINGOWE: SOMiC G Series to bestsellerowe s\u0142uchawki znane ze swojej wydajno\u015bci i designu.<\/li>\n<li>WBUDOWANY D\u0179WI\u0118K PRZESTRZENNY 7.1: Ciesz si\u0119 doskona\u0142ym, zbalansowanym d\u017awi\u0119kiem przestrzennym 7.1 w s\u0142uchawkach gamingowych SOMiC G.<\/li>\n<li>PROFESJONALNE G\u0141O\u015aNIKI 50 MM: Ogromne, 50-milimetrowe g\u0142o\u015bniki w po\u0142\u0105czeniu z magnesami neodymowymi zapewniaj\u0105 profesjonaln\u0105 jako\u015b\u0107 d\u017awi\u0119ku studyjnego z mocnymi basami, czystymi wokalami oraz wyra\u017anymi niskimi, \u015brednimi i wysokimi tonami, tworz\u0105c idealnie zbalansowany d\u017awi\u0119k.<\/li>\n<li>3 TRYBY GRY: Wybierz odpowiedni tryb dla siebie, z trybem gry, trybem filmowym i trybem muzycznym, mo\u017cesz wybra\u0107 najlepszy EQ, aby dopasowa\u0107 go do swojego stylu gry.<\/li>\n<li>CUSTOM AUDIO CHIP: Niestandardowa wirtualna jednostka d\u017awi\u0119ku przestrzennego 7.1 z serii G sprawia, \u017ce \u015bledzenie krok\u00f3w wroga w grach takich jak Call of Duty jest \u0142atwiejsze ni\u017c kiedykolwiek wcze\u015bniej. Ten niestandardowy chip zapewnia precyzyjne pozycjonowanie d\u017awi\u0119ku we wszystkich kierunkach, daj\u0105c Ci nowe przewagi w grze.<\/li>\n<li>KOMPATYBILNY ZE WSZYSTKIMI KONSOLAMI: Dzia\u0142a z PS5, PS4, PC i Mac przez USB. U\u017cyj gniazda s\u0142uchawkowego 3,5 mm dla konsoli Xbox i innych urz\u0105dze\u0144.<\/li>\n<li>KRYSZTA\u0141OWO CZYSTY MIKROFON: Zbudowany specjalnie do gier z obrotowym ramieniem 160\u00b0, kt\u00f3re pozostaje na miejscu po ustawieniu. Mikrofon z redukcj\u0105 szum\u00f3w pozwala na wyra\u017ane s\u0142yszenie nawet przy silnym ha\u0142asie w tle. <\/li>\n<\/ul>\n","text_after_product_box_2":"<p><strong>4<\/strong> ) Mikrofon jest krystalicznie czysty, ma nawet podw\u00f3jny mikrofon z redukcj\u0105 szum\u00f3w, kt\u00f3ry znajduje si\u0119 na zewn\u0105trz nausznika, aby nas\u0142uchiwa\u0107 szum\u00f3w t\u0142a i eliminowa\u0107 je z czatu g\u0142osowego w grze.<\/p>\n<p><strong>5<\/strong> ) \u017bywotno\u015b\u0107 baterii ma du\u017ce znaczenie w przypadku bezprzewodowych zestaw\u00f3w s\u0142uchawkowych, wi\u0119c najlepiej jest wybra\u0107 zestaw o przyzwoitej pojemno\u015bci. Commander G Series wyr\u00f3\u017cnia si\u0119 jako jedne z najlepszych s\u0142uchawek pod wzgl\u0119dem \u017cywotno\u015bci baterii. A\u017c 160+ pe\u0142nych godzin bez \u0142adowania.  Sam to testowa\u0142em i faktycznie uwa\u017cam, \u017ce dzia\u0142a\u0142 d\u0142u\u017cej ni\u017c ta oficjalna liczba. Niemniej jednak, 160 godzin to bardzo d\u0142ugi czas bez potrzeby \u0142adowania, a kolejn\u0105 \u015bwietn\u0105 funkcj\u0105 jest mo\u017cliwo\u015b\u0107 \u0142adowania podczas u\u017cytkowania, co jest bardzo wygodne.<\/p>\n","product_2_full_name_new":"SOMiC G Series - Bezprzewodowe s\u0142uchawki gamingowe 7.1 z od\u0142\u0105czanym mikrofonem"},"yoast_head":"<!-- This site is optimized with the Yoast SEO plugin v27.4 - https:\/\/yoast.com\/product\/yoast-seo-wordpress\/ -->\n<title>Top 10 najlepszych s\u0142uchawek gamingowych - DJ Music Geek<\/title>\n<meta name=\"robots\" content=\"index, follow, max-snippet:-1, max-image-preview:large, max-video-preview:-1\" \/>\n<link rel=\"canonical\" href=\"https:\/\/djmusicgeek.com\/pl\/10-najlepszych-zestawow-sluchawkowych-do-gier-ktore-warto-kupic\/\" \/>\n<meta property=\"og:locale\" content=\"pl_PL\" \/>\n<meta property=\"og:type\" content=\"article\" \/>\n<meta property=\"og:title\" content=\"Top 10 najlepszych s\u0142uchawek gamingowych - DJ Music Geek\" \/>\n<meta property=\"og:url\" content=\"https:\/\/djmusicgeek.com\/pl\/10-najlepszych-zestawow-sluchawkowych-do-gier-ktore-warto-kupic\/\" \/>\n<meta property=\"og:site_name\" content=\"DJ Music Geek\" \/>\n<meta property=\"article:modified_time\" content=\"2026-03-01T13:47:52+00:00\" \/>\n<meta name=\"twitter:card\" content=\"summary_large_image\" \/>\n<script type=\"application\/ld+json\" class=\"yoast-schema-graph\">{\"@context\":\"https:\\\/\\\/schema.org\",\"@graph\":[{\"@type\":\"WebPage\",\"@id\":\"https:\\\/\\\/djmusicgeek.com\\\/pl\\\/10-najlepszych-zestawow-sluchawkowych-do-gier-ktore-warto-kupic\\\/\",\"url\":\"https:\\\/\\\/djmusicgeek.com\\\/pl\\\/10-najlepszych-zestawow-sluchawkowych-do-gier-ktore-warto-kupic\\\/\",\"name\":\"Top 10 najlepszych s\u0142uchawek gamingowych - DJ Music Geek\",\"isPartOf\":{\"@id\":\"https:\\\/\\\/djmusicgeek.com\\\/#website\"},\"datePublished\":\"2024-06-14T21:53:57+00:00\",\"dateModified\":\"2026-03-01T13:47:52+00:00\",\"breadcrumb\":{\"@id\":\"https:\\\/\\\/djmusicgeek.com\\\/pl\\\/10-najlepszych-zestawow-sluchawkowych-do-gier-ktore-warto-kupic\\\/#breadcrumb\"},\"inLanguage\":\"pl-PL\",\"potentialAction\":[{\"@type\":\"ReadAction\",\"target\":[\"https:\\\/\\\/djmusicgeek.com\\\/pl\\\/10-najlepszych-zestawow-sluchawkowych-do-gier-ktore-warto-kupic\\\/\"]}]},{\"@type\":\"BreadcrumbList\",\"@id\":\"https:\\\/\\\/djmusicgeek.com\\\/pl\\\/10-najlepszych-zestawow-sluchawkowych-do-gier-ktore-warto-kupic\\\/#breadcrumb\",\"itemListElement\":[{\"@type\":\"ListItem\",\"position\":1,\"name\":\"Strona g\u0142\u00f3wna\",\"item\":\"https:\\\/\\\/djmusicgeek.com\\\/\"},{\"@type\":\"ListItem\",\"position\":2,\"name\":\"Top 10 najlepszych s\u0142uchawek gamingowych &#8211;\"}]},{\"@type\":\"WebSite\",\"@id\":\"https:\\\/\\\/djmusicgeek.com\\\/#website\",\"url\":\"https:\\\/\\\/djmusicgeek.com\\\/\",\"name\":\"DJ Music Geek\",\"description\":\"\",\"potentialAction\":[{\"@type\":\"SearchAction\",\"target\":{\"@type\":\"EntryPoint\",\"urlTemplate\":\"https:\\\/\\\/djmusicgeek.com\\\/?s={search_term_string}\"},\"query-input\":{\"@type\":\"PropertyValueSpecification\",\"valueRequired\":true,\"valueName\":\"search_term_string\"}}],\"inLanguage\":\"pl-PL\"}]}<\/script>\n<!-- \/ Yoast SEO plugin. -->","yoast_head_json":{"title":"Top 10 najlepszych s\u0142uchawek gamingowych - DJ Music Geek","robots":{"index":"index","follow":"follow","max-snippet":"max-snippet:-1","max-image-preview":"max-image-preview:large","max-video-preview":"max-video-preview:-1"},"canonical":"https:\/\/djmusicgeek.com\/pl\/10-najlepszych-zestawow-sluchawkowych-do-gier-ktore-warto-kupic\/","og_locale":"pl_PL","og_type":"article","og_title":"Top 10 najlepszych s\u0142uchawek gamingowych - DJ Music Geek","og_url":"https:\/\/djmusicgeek.com\/pl\/10-najlepszych-zestawow-sluchawkowych-do-gier-ktore-warto-kupic\/","og_site_name":"DJ Music Geek","article_modified_time":"2026-03-01T13:47:52+00:00","twitter_card":"summary_large_image","schema":{"@context":"https:\/\/schema.org","@graph":[{"@type":"WebPage","@id":"https:\/\/djmusicgeek.com\/pl\/10-najlepszych-zestawow-sluchawkowych-do-gier-ktore-warto-kupic\/","url":"https:\/\/djmusicgeek.com\/pl\/10-najlepszych-zestawow-sluchawkowych-do-gier-ktore-warto-kupic\/","name":"Top 10 najlepszych s\u0142uchawek gamingowych - DJ Music Geek","isPartOf":{"@id":"https:\/\/djmusicgeek.com\/#website"},"datePublished":"2024-06-14T21:53:57+00:00","dateModified":"2026-03-01T13:47:52+00:00","breadcrumb":{"@id":"https:\/\/djmusicgeek.com\/pl\/10-najlepszych-zestawow-sluchawkowych-do-gier-ktore-warto-kupic\/#breadcrumb"},"inLanguage":"pl-PL","potentialAction":[{"@type":"ReadAction","target":["https:\/\/djmusicgeek.com\/pl\/10-najlepszych-zestawow-sluchawkowych-do-gier-ktore-warto-kupic\/"]}]},{"@type":"BreadcrumbList","@id":"https:\/\/djmusicgeek.com\/pl\/10-najlepszych-zestawow-sluchawkowych-do-gier-ktore-warto-kupic\/#breadcrumb","itemListElement":[{"@type":"ListItem","position":1,"name":"Strona g\u0142\u00f3wna","item":"https:\/\/djmusicgeek.com\/"},{"@type":"ListItem","position":2,"name":"Top 10 najlepszych s\u0142uchawek gamingowych &#8211;"}]},{"@type":"WebSite","@id":"https:\/\/djmusicgeek.com\/#website","url":"https:\/\/djmusicgeek.com\/","name":"DJ Music Geek","description":"","potentialAction":[{"@type":"SearchAction","target":{"@type":"EntryPoint","urlTemplate":"https:\/\/djmusicgeek.com\/?s={search_term_string}"},"query-input":{"@type":"PropertyValueSpecification","valueRequired":true,"valueName":"search_term_string"}}],"inLanguage":"pl-PL"}]}},"_links":{"self":[{"href":"https:\/\/djmusicgeek.com\/pl\/wp-json\/wp\/v2\/pages\/12787","targetHints":{"allow":["GET"]}}],"collection":[{"href":"https:\/\/djmusicgeek.com\/pl\/wp-json\/wp\/v2\/pages"}],"about":[{"href":"https:\/\/djmusicgeek.com\/pl\/wp-json\/wp\/v2\/types\/page"}],"author":[{"embeddable":true,"href":"https:\/\/djmusicgeek.com\/pl\/wp-json\/wp\/v2\/users\/2"}],"replies":[{"embeddable":true,"href":"https:\/\/djmusicgeek.com\/pl\/wp-json\/wp\/v2\/comments?post=12787"}],"version-history":[{"count":2,"href":"https:\/\/djmusicgeek.com\/pl\/wp-json\/wp\/v2\/pages\/12787\/revisions"}],"predecessor-version":[{"id":16708,"href":"https:\/\/djmusicgeek.com\/pl\/wp-json\/wp\/v2\/pages\/12787\/revisions\/16708"}],"wp:attachment":[{"href":"https:\/\/djmusicgeek.com\/pl\/wp-json\/wp\/v2\/media?parent=12787"}],"curies":[{"name":"wp","href":"https:\/\/api.w.org\/{rel}","templated":true}]}}