{"id":17706,"date":"2026-02-25T19:26:17","date_gmt":"2026-02-25T19:26:17","guid":{"rendered":"https:\/\/djmusicgeek.com\/best-running-shoes-2026-en\/"},"modified":"2026-02-25T19:26:17","modified_gmt":"2026-02-25T19:26:17","slug":"best-running-shoes-2026-en","status":"publish","type":"page","link":"https:\/\/djmusicgeek.com\/lv\/best-running-shoes-2026-en\/","title":{"rendered":"10 lab\u0101kie skrie\u0161anas apavi"},"content":{"rendered":"","protected":false},"excerpt":{"rendered":"","protected":false},"author":2,"featured_media":0,"parent":0,"menu_order":0,"comment_status":"closed","ping_status":"closed","template":"sales-template.php","meta":{"_acf_changed":false,"footnotes":""},"class_list":["post-17706","page","type-page","status-publish","hentry"],"acf":{"product_2_supplier":"Amazon","product_2_asin":"B0D79LNLT7","product_3_supplier":"Amazon","product_3_asin":"B0D31VBRRP","product_4_supplier":"Amazon","product_4_asin":"B0FCMJ19N3","product_5_supplier":"Amazon","product_5_asin":"B0F9LH3TWT","product_6_supplier":"Amazon","product_6_asin":"B0D2BQQH3F","product_7_supplier":"Amazon","product_7_asin":"B0D2DGZNFR","product_8_supplier":"Amazon","product_8_asin":"B0BQNB7D8L","product_9_supplier":"Amazon","product_9_asin":"B0CL6Y7VG6","product_10_supplier":"Amazon","product_10_asin":"B0CF2QQZTT","exclude_from_search":true,"language_code":"lv","product_name":"adidas Adizero EVO SL","product_type":"Skrie\u0161anas apavi","product_type_singular":"Skrie\u0161anas apavs","features":"<p>\u012apa\u0161i viegla amortiz\u0101cija ar Lightstrike Pro<br \/>\nEner\u0123ijas atdeve liel\u0101kam \u0101trumam<br \/>\nAizsarg\u0101jo\u0161a auklu aizdares sist\u0113ma<br \/>\nSint\u0113tiska un tekstila virspuse<br \/>\nTekstila odere<br \/>\nIztur\u012bga zole<br \/>\nRakstur\u012bgais 3 sv\u012btru dizains<br \/>\nIde\u0101li piem\u0113roti da\u017e\u0101d\u0101m skrie\u0161anas aktivit\u0101t\u0113m<\/p>\n","rating":"9.8","intro_text":"<p>Laipni l\u016bdzam m\u016bsu visaptvero\u0161aj\u0101 2026. gada 10 lab\u0101ko skrie\u0161anas apavu apskat\u0101. Neatkar\u012bgi no t\u0101, vai esi pieredz\u0113jis maratonists vai sv\u0113tdienas skr\u0113j\u0113js, piem\u0113rots skrie\u0161anas apavu p\u0101ris var b\u016btiski ietekm\u0113t komfortu un sniegumu. Esam test\u0113ju\u0161i un izv\u0113rt\u0113ju\u0161i lab\u0101kos skrie\u0161anas apavus, kas pieejami Apvienot\u0101s Karalistes tirg\u016b, aptverot da\u017e\u0101das bud\u017eeta iesp\u0113jas un vajadz\u012bbas.  <\/p>\n<p>\u0160aj\u0101 ce\u013cved\u012b m\u0113s tevi iepaz\u012bstin\u0101sim ar katra apava galvenaj\u0101m iez\u012bm\u0113m, veiktsp\u0113jas r\u0101d\u012bt\u0101jiem un cenas un kvalit\u0101tes attiec\u012bbu. No premium klases variantiem ar jaun\u0101kaj\u0101m tehnolo\u0123ij\u0101m l\u012bdz bud\u017eetam draudz\u012bg\u0101m izv\u0113l\u0113m, kas nepie\u013cauj kompromisus kvalit\u0101tes zi\u0146\u0101 \u2013 m\u0113s par visu esam par\u016bp\u0113ju\u0161ies. Ienirsim skrie\u0161anas apavu pasaul\u0113 un atrad\u012bsim tev piem\u0113rot\u0101ko p\u0101ri.  <\/p>\n","text_before_product_box":"<p>Pareizu skrie\u0161anas apavu izv\u0113le ir iz\u0161\u0137iro\u0161a gan sniegumam, gan traumu nov\u0113r\u0161anai. T\u0101 k\u0101 ir pieejams tik daudz iesp\u0113ju, var b\u016bt gr\u016bti izlemt, kur\u0161 p\u0101ris b\u016bs tavs lab\u0101kais pavadonis uz ce\u013ca. M\u016bsu izlase koncentr\u0113jas uz augst\u0101k nov\u0113rt\u0113tajiem apaviem, kas nodro\u0161ina komfortu, iztur\u012bbu un visp\u0101r\u0113jo veiktsp\u0113ju.  <\/p>\n<p>Pirms \u0137eramies pie detaliz\u0113tiem apskatiem, apskat\u012bsim da\u017eus galvenos apsv\u0113rumus. Komforts, atbalsts un amortiz\u0101cija ir b\u016btiski faktori, ta\u010du neaizmirsti par elpojam\u012bbas un svara noz\u012bmi. Viegls apavs var iev\u0113rojami uzlabot tavu skrie\u0161anas pieredzi.  <\/p>\n","text_after_product_box":"<p>M\u016bsu metodolo\u0123ija \u0161o lab\u0101ko skrie\u0161anas apavu atlas\u0113 ietv\u0113ra stingru test\u0113\u0161anu un atsauksmes gan no amatieriem, gan profesion\u0101liem skr\u0113j\u0113jiem. M\u0113s \u0146\u0113m\u0101m v\u0113r\u0101 t\u0101dus faktorus k\u0101 amortiz\u0101cija, atbalsts, iztur\u012bba un lietot\u0101ju atsauksmes. Ir svar\u012bgi atcer\u0113ties, ka lab\u0101kais skrie\u0161anas apavs ir tas, kas perfekti atbilst tavas p\u0113das formai un skrie\u0161anas stilam.  <\/p>\n<p>Lielisks skrie\u0161anas apavs nodro\u0161ina l\u012bdzsvaru starp komfortu un veiktsp\u0113ju. Mekl\u0113 t\u0101das funkcijas k\u0101 atsauc\u012bga amortiz\u0101cija un elpojo\u0161i materi\u0101li. \u0160ie elementi ne tikai uzlabo tavu skrie\u0161anas pieredzi, bet ar\u012b pal\u012bdz nov\u0113rst bie\u017e\u0101k sastopam\u0101s traumas, kas saist\u012btas ar \u0161o sporta veidu.  <\/p>\n","why_the_best_text":"<p>adidas Adizero EVO SL izce\u013cas k\u0101 lab\u0101k\u0101 izv\u0113le 2026. gadam, pateicoties izcilajam komforta, stila un veiktsp\u0113jas apvienojumam. Lightstrike Pro tehnolo\u0123ija nodro\u0161ina nep\u0101rsp\u0113jamu amortiz\u0101ciju un ener\u0123ijas atdevi, izce\u013cot tos konkurentu vid\u016b. <\/p>\n<p>T\u0101 vieglais dizains nodro\u0161ina, ka vari saglab\u0101t \u0101trumu, neupur\u0113jot komfortu, un dro\u0161\u0101 auklu aizdares sist\u0113ma pied\u0101v\u0101 cie\u0161u piek\u013cau\u0161anos jebkuram skr\u0113j\u0113jam. Neatkar\u012bgi no t\u0101, vai sprintosi pa skrejce\u013cu vai skriesi pa parku, \u0161ie apavi nodro\u0161ina perfektu atbalsta un elast\u012bbas l\u012bdzsvaru. <\/p>\n","reviews_text":"<p>adidas Adizero EVO SL sa\u0146em saj\u016bsmas pilnas atsauksmes no skr\u0113j\u0113jiem, kuri nov\u0113rt\u0113 t\u0101 vieglo dizainu un iespaid\u012bgo ener\u0123ijas atdevi. Lietot\u0101ji ir uzslav\u0113ju\u0161i apavus par lielisko sa\u0137eri un komfortu, atz\u012bm\u0113jot, ka tie izcili darbojas uz da\u017e\u0101diem segumiem. <\/p>\n<p>Atsauksmes uzsver, k\u0101 \u0161ie apavi ir p\u0101rsniegu\u0161i cer\u012bbas veiktsp\u0113jas un komforta zi\u0146\u0101, padarot tos par iecien\u012btu izv\u0113li gan viegliem skr\u0113jieniem, gan intens\u012bviem treni\u0146iem. Inovat\u012bvu materi\u0101lu un klasisku dizaina elementu, piem\u0113ram, 3 sv\u012btru, kombin\u0101cija padara tos par izcilu izv\u0113li. <\/p>\n","top_pick_box_text":"<p>adidas Adizero EVO SL ir m\u016bsu galven\u0101 izv\u0113le k\u0101 lab\u0101kais 2026. gada skrie\u0161anas apavs. Ar savu moderno Lightstrike Pro amortiz\u0101ciju un ener\u0123ijas atdevi tas pied\u0101v\u0101 nep\u0101rsp\u0113jamu veiktsp\u0113ju \u0101truma cien\u012bt\u0101jiem. Stila un funkcionalit\u0101tes apvienojums padara tos par oblig\u0101tu pirkumu ikvienam nopietnam skr\u0113j\u0113jam.  <\/p>\n<p>Ide\u0101li piem\u0113roti gan sacens\u012bbu skr\u0113j\u0113jiem, gan fitnesa entuziastiem, \u0161ie apavi nodro\u0161ina izcilu komfortu un atbalstu. To vieglais dizains un dro\u0161\u0101 fiks\u0101cija nodro\u0161ina, ka vari koncentr\u0113ties uz skr\u0113jienu bez trauc\u0113k\u013ciem. Izbaudi perfektu skr\u0113jienu ar adidas Adizero EVO SL.  <\/p>\n","bottom_text":"<p>P\u0113c 2026. gada lab\u0101ko skrie\u0161anas apavu izv\u0113rt\u0113\u0161anas adidas Adizero EVO SL k\u013c\u016bst par p\u0101rliecino\u0161u uzvar\u0113t\u0101ju. Ar sav\u0101m inovat\u012bvaj\u0101m funkcij\u0101m un izcilo veiktsp\u0113ju tas ir ide\u0101ls pavadonis ikvienam skr\u0113j\u0113jam. <\/p>\n<p>Negaidi vairs ne mirkli, lai uzlabotu savu skrie\u0161anas sniegumu. Izv\u0113lies adidas Adizero EVO SL un izbaudi at\u0161\u0137ir\u012bbu pats. Lai veiksm\u012bgs skr\u0113jiens!  <\/p>\n","product_2_text_after":"<p>ASICS sievie\u0161u Novablast 5 kedas ir \u012bsts dzin\u0113jsp\u0113ks t\u0101m, kuras mekl\u0113 vienm\u0113r\u012bgu un ener\u0123isku gaitu. To unik\u0101lais dizains ir piem\u0113rots gan treni\u0146iem, gan garo distan\u010du sacens\u012bb\u0101m, nodro\u0161inot nepiecie\u0161amo atbalstu un komfortu ilgsto\u0161iem skr\u0113jieniem. <\/p>\n<p>Lai gan t\u0101m var neb\u016bt tik viegla saj\u016bta k\u0101 adidas Adizero EVO SL, Novablast 5 izce\u013cas ar amortiz\u0101cijas un stabilit\u0101tes l\u012bdzsvaru. \u0160ie apavi ir lieliski piem\u0113roti skr\u0113j\u0113j\u0101m, kuras nov\u0113rt\u0113 stabilu strukt\u016bru zem k\u0101j\u0101m, padarot tos par dro\u0161u izv\u0113li t\u0101m, kur\u0101m ir ba\u017eas par pron\u0101ciju. <\/p>\n<p>Ierindojoties otraj\u0101 viet\u0101, t\u0101 ir lieliska iesp\u0113ja t\u0101m, kuras nov\u0113rt\u0113 ASICS pieeju komfortam un veiktsp\u0113jai, pat ja cena ir nedaudz augst\u0101ka. Ja mekl\u0113 uzticamas kedas, kas nodro\u0161ina rezult\u0101tu vis\u0101s jom\u0101s, Novablast 5 ir apsv\u0113r\u0161anas v\u0113rtas. <\/p>\n","text_after_product_box_2":"<p>K\u0101 2026. gada tendence skrie\u0161anas apavi k\u013c\u016bst videi draudz\u012bg\u0101ki, z\u012bmoliem koncentr\u0113joties uz ilgtsp\u0113j\u012bgiem materi\u0101liem un ra\u017eo\u0161anas procesiem. \u0160\u012bs p\u0101rmai\u0146as ne tikai n\u0101k par labu videi, bet bie\u017ei vien rada \u0113rt\u0101kus un inovat\u012bv\u0101kus apavus. <\/p>\n<p>P\u0113rkot skrie\u0161anas apavus, \u0146em v\u0113r\u0101 skrie\u0161anas virsmu un distanci. \u0160osejas skr\u0113j\u0113ji var\u0113tu dot priek\u0161roku amortiz\u0101cijai un vieglam dizainam, savuk\u0101rt taku skr\u0113j\u0113ji var\u0113tu koncentr\u0113ties uz sa\u0137eri un stabilit\u0101ti. Neaizmirsti \u0146emt v\u0113r\u0101 ar\u012b specifiskas vajadz\u012bbas, piem\u0113ram, p\u0113das velves atbalstu vai plat\u0101kas formas iesp\u0113jas.  <\/p>\n","product_3_text_after":"<p>On v\u012brie\u0161u Cloudsurfer 2 ir rad\u012bti tiem, kuri k\u0101ro p\u0113c komforta un stila. \u0160ie apavi, kas paz\u012bstami ar savu rakstur\u012bgo zoles tehnolo\u0123iju, pied\u0101v\u0101 unik\u0101lu skrie\u0161anas pieredzi, kas daudziem lietot\u0101jiem \u0161\u0137iet aizraujo\u0161a. Amortiz\u0101cijas sist\u0113ma piel\u0101gojas tavam solim, nodro\u0161inot personaliz\u0113tu piegul\u0161anu un saj\u016btu.  <\/p>\n<p>Lai gan to cena ir augst\u0101ka nek\u0101 da\u017eiem citiem mode\u013ciem, Cloudsurfer 2 kvalit\u0101te un komforts attaisno ieguld\u012bjumu. Tie ir \u012bpa\u0161i piem\u0113roti gar\u0101m pastaig\u0101m un skr\u0113jieniem, kur komforts ir vissvar\u012bg\u0101kais. Tom\u0113r to veiktsp\u0113ja var\u0113tu neatbilst visaugst\u0101k ierindoto adidas Adizero EVO SL veikl\u012bbai.  <\/p>\n<p>Ja esi gatavs ieguld\u012bt premium klases apavos, kas sola \u0113rtu gaitu un modernu est\u0113tiku, On v\u012brie\u0161u Cloudsurfer 2 ir uzteicama izv\u0113le.<\/p>\n","product_4_text_after":"<p>PUMA Velocity Nitro 4 ir pieejama izv\u0113le, kas netaupa uz funkcij\u0101m. Ar savu NITROFOAM starpzoli un uzlaboto elpojam\u012bbu \u0161ie apavi ir izstr\u0101d\u0101ti pla\u0161am skr\u0113j\u0113ju lokam. Tie pied\u0101v\u0101 iespaid\u012bgu sa\u0137eri, pateicoties PUMAGRIP zolei, nodro\u0161inot stabilit\u0101ti uz da\u017e\u0101d\u0101m virsm\u0101m.  <\/p>\n<p>Lai gan tiem var neb\u016bt t\u0101ds pats ener\u0123ijas atdeves l\u012bmenis k\u0101 adidas Adizero EVO SL, Velocity Nitro 4 nodro\u0161ina uzticamu un \u0113rtu pieredzi ikdienas skrie\u0161anai. T\u0101 ir lieliska izv\u0113le tiem, kuri nov\u0113rt\u0113 cenas un kvalit\u0101tes attiec\u012bbu viegl\u0101 iepakojum\u0101. <\/p>\n<p>PUMA fokuss uz daudzpus\u012bbu un komfortu padara \u0161os apavus par lielisku izv\u0113li skr\u0113j\u0113jiem, kuri v\u0113las uzticamu partneri da\u017e\u0101d\u0101m distanc\u0113m un apst\u0101k\u013ciem, neizt\u0113r\u0113jot veselu bag\u0101t\u012bbu.<\/p>\n","product_5_text_after":"<p>Saucony Ride 19 ir daudzpus\u012bgs skrie\u0161anas apavs, kas pied\u0101v\u0101 komforta un atsauc\u012bbas apvienojumu. \u0160is neitr\u0101lais apavs izce\u013cas ar vienm\u0113r\u012bgu gaitu, padarot to par ide\u0101lu izv\u0113li skr\u0113j\u0113jiem, kuriem pat\u012bk l\u012bdzsvarota saj\u016bta. T\u0101 viegl\u0101k\u0101 un m\u012bkst\u0101k\u0101 konstrukcija uzlabo skrie\u0161anas pieredzi.  <\/p>\n<p>Lai gan tie izce\u013cas ar komfortu, da\u017ei var\u0113tu uzskat\u012bt, ka tiem tr\u016bkst modern\u0101ko tehnolo\u0123iju, kas redzamas augst\u0101k ierindotajos apavos, piem\u0113ram, adidas Adizero EVO SL. Tom\u0113r to pieejam\u012bba un uzticam\u012bba padara tos par popul\u0101ru izv\u0113li starp tiem, kuri mekl\u0113 uzticamus ikdienas treni\u0146u apavus. <\/p>\n<p>Ja esi skr\u0113j\u0113js, kur\u0161 nov\u0113rt\u0113 komfortu un daudzpus\u012bbu, Saucony Ride 19 ir stabila izv\u0113le, ko apsv\u0113rt.<\/p>\n","product_6_text_after":"<p>New Balance v\u012brie\u0161u Fresh Foam X 1080 V14 ir apliecin\u0101jums New Balance ap\u0146\u0113m\u012bbai nodro\u0161in\u0101t komfortu un veiktsp\u0113ju. Ar savu Fresh Foam amortiz\u0101ciju \u0161ie apavi nodro\u0161ina pat\u012bkamu skrie\u0161anas pieredzi, kas ir ide\u0101li piem\u0113rota tiem, kuri par priorit\u0101ti izvirza m\u012bkstu piezem\u0113\u0161anos. <\/p>\n<p>Lai gan tie ir augstu nov\u0113rt\u0113ti, tie glu\u017ei neatbilst uz \u0101trumu orient\u0113tajam adidas Adizero EVO SL dizainam. Tom\u0113r to ide\u0101l\u0101 piegul\u0161ana un izcil\u0101 amortiz\u0101cija padara tos par iecien\u012btiem skr\u0113j\u0113ju vid\u016b, kuriem skr\u0113jienos nepiecie\u0161ams papildu atbalsts un komforts. <\/p>\n<p>Tiem, kuri mekl\u0113 apavus, kas rada saj\u016btu k\u0101 skrienot pa m\u0101ko\u0146iem, Fresh Foam X 1080 V14 ir lieliska izv\u0113le, pied\u0101v\u0101jot gan iztur\u012bbu, gan komfortu par sapr\u0101t\u012bgu cenu.<\/p>\n","product_7_text_after":"<p>NIKE v\u012brie\u0161u Pegasus 41 ir klasiska izv\u0113le skr\u0113j\u0113jiem, kuri nov\u0113rt\u0113 atsauc\u012bgu gaitu. Apr\u012bkoti ar div\u0101m Air Zoom vien\u012bb\u0101m un ReactX putu starpzoli, tie pied\u0101v\u0101 ener\u0123isku saj\u016btu, ko m\u012bl daudzi skr\u0113j\u0113ji. <\/p>\n<p>Lai gan tie nodro\u0161ina lielisku amortiz\u0101ciju un atsp\u0113rienu, tie var nepied\u0101v\u0101t t\u0101das pa\u0161as viegluma priek\u0161roc\u012bbas k\u0101 adidas Adizero EVO SL. Tom\u0113r to uzticam\u012bba un komforts padara tos par pamatelementu daudziem ikdienas skr\u0113j\u0113jiem. <\/p>\n<p>Tiem, kuri v\u0113las uzticamus apavus ar pier\u0101d\u012btu v\u0113sturi, Pegasus 41 ir v\u0113r\u0101 \u0146emams kandid\u0101ts, \u012bpa\u0161i skrie\u0161anai pa ietv\u0113m un ce\u013ciem.<\/p>\n","product_8_text_after":"<p>Mizuno Unisex Wave Prophecy 12 pied\u0101v\u0101 unik\u0101lu amortiz\u0101cijas un stabilit\u0101tes apvienojumu, kas paredz\u0113ts tiem, kuri dod priek\u0161roku stingr\u0101kai saj\u016btai. T\u0101 dubult\u0101 Wave platforma nodro\u0161ina maksim\u0101lu atbalstu, padarot tos piem\u0113rotus skr\u0113j\u0113jiem, kuriem nepiecie\u0161ama papildu stabilit\u0101te. <\/p>\n<p>Lai gan tie izce\u013cas ar iztur\u012bbu un atbalstu, tie var neatbilst visaugst\u0101k ierindoto apavu, piem\u0113ram, adidas Adizero EVO SL, vieglajai un ener\u0123iskajai saj\u016btai. Tom\u0113r to videi draudz\u012bgais dizains ir pluss videi draudz\u012bgiem skr\u0113j\u0113jiem. <\/p>\n<p>Ja stabilit\u0101te ir tava priorit\u0101te un tu nov\u0113rt\u0113 ilgtsp\u0113j\u012bgu praksi, Wave Prophecy 12 ir apsv\u0113r\u0161anas v\u0113rti apavi.<\/p>\n","product_9_text_after":"<p>Brooks Glycerin 20 tiek slav\u0113ti par to m\u012bksto amortiz\u0101ciju un komfortu, padarot tos par lielisku izv\u0113li garo distan\u010du skr\u0113j\u0113jiem, kuriem nepiecie\u0161ams papildu atbalsts. To DNA LOFT amortiz\u0101cija nodro\u0161ina m\u012bkstu un vienm\u0113r\u012bgu gaitu, kas ir ide\u0101li piem\u0113rota tiem, kam ir plat\u0101kas p\u0113das. <\/p>\n<p>Neraugoties uz komfortu, tie var nepied\u0101v\u0101t t\u0101du pa\u0161u \u0101truma uzlabo\u0161anas l\u012bmeni k\u0101 adidas Adizero EVO SL. Tom\u0113r to komforta un piegul\u0161anas reput\u0101cija padara tos par uzticamu izv\u0113li daudziem. <\/p>\n<p>Ja mekl\u0113 apavus, kuros priorit\u0101te ir komforts un amortiz\u0101cija, Glycerin 20 ir uzticama un iem\u012b\u013cota izv\u0113le.<\/p>\n","product_10_text_after":"<p>Salomon Speedcross Peak ir paredz\u0113ti taku skr\u0113j\u0113jiem, kuriem nepiecie\u0161ama aizsardz\u012bba un sa\u0137ere. To Sensifit konstrukcija un Contagrip zole nodro\u0161ina dro\u0161u fiks\u0101ciju un lielisku sa\u0137eri uz nel\u012bdzenas virsmas. <\/p>\n<p>Lai gan t\u0101 ir lieliska izv\u0113le tak\u0101m, tie var nedarboties tik labi uz ce\u013ciem, sal\u012bdzinot ar adidas Adizero EVO SL. Tom\u0113r to iztur\u012bba un dizains padara tos par stabilu izv\u0113li tiem, kuri bie\u017ei skrien bezce\u013ca apst\u0101k\u013cos. <\/p>\n<p>Taku entuziastiem, kuri mekl\u0113 apavus, kas sp\u0113j tikt gal\u0101 ar nel\u012bdzen\u0101m tak\u0101m, Speedcross Peak ir uzticama un pieejama izv\u0113le.<\/p>\n"},"yoast_head":"<!-- This site is optimized with the Yoast SEO plugin v27.4 - https:\/\/yoast.com\/product\/yoast-seo-wordpress\/ -->\n<title>10 lab\u0101kie skrie\u0161anas apavi - DJ Music Geek<\/title>\n<meta name=\"robots\" content=\"index, follow, max-snippet:-1, max-image-preview:large, max-video-preview:-1\" \/>\n<link rel=\"canonical\" href=\"https:\/\/djmusicgeek.com\/best-running-shoes-2026-en\/\" \/>\n<meta property=\"og:locale\" content=\"lv_LV\" \/>\n<meta property=\"og:type\" content=\"article\" \/>\n<meta property=\"og:title\" content=\"10 lab\u0101kie skrie\u0161anas apavi - DJ Music Geek\" \/>\n<meta property=\"og:url\" content=\"https:\/\/djmusicgeek.com\/best-running-shoes-2026-en\/\" \/>\n<meta property=\"og:site_name\" content=\"DJ Music Geek\" \/>\n<meta name=\"twitter:card\" content=\"summary_large_image\" \/>\n<script type=\"application\/ld+json\" class=\"yoast-schema-graph\">{\"@context\":\"https:\\\/\\\/schema.org\",\"@graph\":[{\"@type\":\"WebPage\",\"@id\":\"https:\\\/\\\/djmusicgeek.com\\\/best-running-shoes-2026-en\\\/\",\"url\":\"https:\\\/\\\/djmusicgeek.com\\\/best-running-shoes-2026-en\\\/\",\"name\":\"10 lab\u0101kie skrie\u0161anas apavi - DJ Music Geek\",\"isPartOf\":{\"@id\":\"https:\\\/\\\/djmusicgeek.com\\\/#website\"},\"datePublished\":\"2026-02-25T19:26:17+00:00\",\"breadcrumb\":{\"@id\":\"https:\\\/\\\/djmusicgeek.com\\\/best-running-shoes-2026-en\\\/#breadcrumb\"},\"inLanguage\":\"lv-LV\",\"potentialAction\":[{\"@type\":\"ReadAction\",\"target\":[\"https:\\\/\\\/djmusicgeek.com\\\/best-running-shoes-2026-en\\\/\"]}]},{\"@type\":\"BreadcrumbList\",\"@id\":\"https:\\\/\\\/djmusicgeek.com\\\/best-running-shoes-2026-en\\\/#breadcrumb\",\"itemListElement\":[{\"@type\":\"ListItem\",\"position\":1,\"name\":\"S\u0101kums\",\"item\":\"https:\\\/\\\/djmusicgeek.com\\\/\"},{\"@type\":\"ListItem\",\"position\":2,\"name\":\"10 lab\u0101kie skrie\u0161anas apavi\"}]},{\"@type\":\"WebSite\",\"@id\":\"https:\\\/\\\/djmusicgeek.com\\\/#website\",\"url\":\"https:\\\/\\\/djmusicgeek.com\\\/\",\"name\":\"DJ Music Geek\",\"description\":\"\",\"potentialAction\":[{\"@type\":\"SearchAction\",\"target\":{\"@type\":\"EntryPoint\",\"urlTemplate\":\"https:\\\/\\\/djmusicgeek.com\\\/?s={search_term_string}\"},\"query-input\":{\"@type\":\"PropertyValueSpecification\",\"valueRequired\":true,\"valueName\":\"search_term_string\"}}],\"inLanguage\":\"lv-LV\"}]}<\/script>\n<!-- \/ Yoast SEO plugin. -->","yoast_head_json":{"title":"10 lab\u0101kie skrie\u0161anas apavi - DJ Music Geek","robots":{"index":"index","follow":"follow","max-snippet":"max-snippet:-1","max-image-preview":"max-image-preview:large","max-video-preview":"max-video-preview:-1"},"canonical":"https:\/\/djmusicgeek.com\/best-running-shoes-2026-en\/","og_locale":"lv_LV","og_type":"article","og_title":"10 lab\u0101kie skrie\u0161anas apavi - DJ Music Geek","og_url":"https:\/\/djmusicgeek.com\/best-running-shoes-2026-en\/","og_site_name":"DJ Music Geek","twitter_card":"summary_large_image","schema":{"@context":"https:\/\/schema.org","@graph":[{"@type":"WebPage","@id":"https:\/\/djmusicgeek.com\/best-running-shoes-2026-en\/","url":"https:\/\/djmusicgeek.com\/best-running-shoes-2026-en\/","name":"10 lab\u0101kie skrie\u0161anas apavi - DJ Music Geek","isPartOf":{"@id":"https:\/\/djmusicgeek.com\/#website"},"datePublished":"2026-02-25T19:26:17+00:00","breadcrumb":{"@id":"https:\/\/djmusicgeek.com\/best-running-shoes-2026-en\/#breadcrumb"},"inLanguage":"lv-LV","potentialAction":[{"@type":"ReadAction","target":["https:\/\/djmusicgeek.com\/best-running-shoes-2026-en\/"]}]},{"@type":"BreadcrumbList","@id":"https:\/\/djmusicgeek.com\/best-running-shoes-2026-en\/#breadcrumb","itemListElement":[{"@type":"ListItem","position":1,"name":"S\u0101kums","item":"https:\/\/djmusicgeek.com\/"},{"@type":"ListItem","position":2,"name":"10 lab\u0101kie skrie\u0161anas apavi"}]},{"@type":"WebSite","@id":"https:\/\/djmusicgeek.com\/#website","url":"https:\/\/djmusicgeek.com\/","name":"DJ Music Geek","description":"","potentialAction":[{"@type":"SearchAction","target":{"@type":"EntryPoint","urlTemplate":"https:\/\/djmusicgeek.com\/?s={search_term_string}"},"query-input":{"@type":"PropertyValueSpecification","valueRequired":true,"valueName":"search_term_string"}}],"inLanguage":"lv-LV"}]}},"_links":{"self":[{"href":"https:\/\/djmusicgeek.com\/lv\/wp-json\/wp\/v2\/pages\/17706","targetHints":{"allow":["GET"]}}],"collection":[{"href":"https:\/\/djmusicgeek.com\/lv\/wp-json\/wp\/v2\/pages"}],"about":[{"href":"https:\/\/djmusicgeek.com\/lv\/wp-json\/wp\/v2\/types\/page"}],"author":[{"embeddable":true,"href":"https:\/\/djmusicgeek.com\/lv\/wp-json\/wp\/v2\/users\/2"}],"replies":[{"embeddable":true,"href":"https:\/\/djmusicgeek.com\/lv\/wp-json\/wp\/v2\/comments?post=17706"}],"version-history":[{"count":0,"href":"https:\/\/djmusicgeek.com\/lv\/wp-json\/wp\/v2\/pages\/17706\/revisions"}],"wp:attachment":[{"href":"https:\/\/djmusicgeek.com\/lv\/wp-json\/wp\/v2\/media?parent=17706"}],"curies":[{"name":"wp","href":"https:\/\/api.w.org\/{rel}","templated":true}]}}