{"id":17684,"date":"2026-02-25T21:29:14","date_gmt":"2026-02-25T21:29:14","guid":{"rendered":"https:\/\/djmusicgeek.com\/best-cordless-vacuum-2026-en-2\/"},"modified":"2026-02-25T21:29:14","modified_gmt":"2026-02-25T21:29:14","slug":"best-cordless-vacuum-2026-en-2","status":"publish","type":"page","link":"https:\/\/djmusicgeek.com\/lv\/best-cordless-vacuum-2026-en-2\/","title":{"rendered":"10 lab\u0101kie bezvadu putek\u013cs\u016bc\u0113ji"},"content":{"rendered":"","protected":false},"excerpt":{"rendered":"","protected":false},"author":2,"featured_media":0,"parent":0,"menu_order":0,"comment_status":"closed","ping_status":"closed","template":"sales-template.php","meta":{"_acf_changed":false,"footnotes":""},"class_list":["post-17684","page","type-page","status-publish","hentry"],"acf":{"product_3_supplier":"Amazon","product_3_asin":"B0979R48CX","product_4_supplier":"Amazon","product_4_asin":"B0C55RP9QP","product_5_supplier":"Amazon","product_5_asin":"B0DK7GHJTX","product_6_supplier":"Amazon","product_6_asin":"B0DCGLPW84","product_7_supplier":"Amazon","product_7_asin":"B0CMDFZ213","product_8_supplier":"Amazon","product_8_asin":"B0D1QXN6C1","product_9_supplier":"Amazon","product_9_asin":"B0B42P2TXX","product_10_supplier":"Amazon","product_10_asin":"B0DZXXWJMH","exclude_from_search":true,"language_code":"lv","product_name":"Andeman 3500PA Mini","product_type":"Bezvadu putek\u013cs\u016bc\u0113ji","product_type_singular":"Bezvadu putek\u013cs\u016bc\u0113js","features":"<p>P\u0101rn\u0113s\u0101jams un viegls dizains<br \/>\nJaud\u012bga 3500 PA s\u016bk\u0161ana<br \/>\nUzl\u0101d\u0113jams litija jonu akumulators<br \/>\nKompakts un viegli uzglab\u0101jams<br \/>\n120 W augstas efektivit\u0101tes motors<br \/>\nIde\u0101li piem\u0113rots automa\u0161\u012bnu saloniem un maz\u0101m telp\u0101m<br \/>\nMazg\u0101jams un atk\u0101rtoti lietojams filtrs<br \/>\n\u0100tr\u0101s uzl\u0101des tehnolo\u0123ija<\/p>\n","rating":"9.8","intro_text":"<p>Laipni l\u016bdzam m\u016bsu visaptvero\u0161aj\u0101 2026. gada 10 lab\u0101ko bezvadu putek\u013cs\u016bc\u0113ju apskat\u0101. \u0160aj\u0101 ce\u013cved\u012b m\u0113s esam r\u016bp\u012bgi test\u0113ju\u0161i un nov\u0113rt\u0113ju\u0161i pla\u0161u mode\u013cu kl\u0101stu, lai pied\u0101v\u0101tu tev lab\u0101k\u0101s iesp\u0113jas, kas \u0161obr\u012bd pieejamas Apvienot\u0101s Karalistes tirg\u016b. Neatkar\u012bgi no t\u0101, vai mekl\u0113 jaun\u0101ko Dyson inov\u0101ciju, bud\u017eetam draudz\u012bgu izv\u0113li vai putek\u013cs\u016bc\u0113ju, kas \u012bpa\u0161i izstr\u0101d\u0101ts m\u0101jdz\u012bvnieku \u012bpa\u0161niekiem, m\u0113s tev pal\u012bdz\u0113sim.  <\/p>\n<p>Bezvadu putek\u013cs\u016bc\u0113ji ir rad\u012bju\u0161i revol\u016bciju uzkop\u0161an\u0101, pied\u0101v\u0101jot nep\u0101rsp\u0113jamu \u0113rt\u012bbu un mobilit\u0101ti. Lasi t\u0101l\u0101k, lai uzzin\u0101tu, kuri mode\u013ci izc\u0113l\u0101s m\u016bsu stingraj\u0101s p\u0101rbaud\u0113s, un atrastu sav\u0101m vajadz\u012bb\u0101m piem\u0113rot\u0101ko bezvadu putek\u013cs\u016bc\u0113ju. <\/p>\n","text_before_product_box":"<p>M\u016bsu mekl\u0113jumi p\u0113c 2026. gada lab\u0101kajiem bezvadu putek\u013cs\u016bc\u0113jiem m\u016bs aizveda pie da\u017e\u0101diem mode\u013ciem, no kuriem katram ir unik\u0101las funkcijas un iesp\u0113jas. M\u0113s koncentr\u0113j\u0101mies uz t\u0101diem aspektiem k\u0101 s\u016bk\u0161anas jauda, akumulatora darb\u012bbas laiks, lieto\u0161anas \u0113rtums un daudzpus\u012bba da\u017e\u0101dos t\u012br\u012b\u0161anas scen\u0101rijos. <\/p>\n<p>M\u0113s esam apkopoju\u0161i atzi\u0146as gan no lietot\u0101ju atsauksm\u0113m, gan ekspertu viedok\u013ciem, lai nodro\u0161in\u0101tu, ka m\u016bsu izv\u0113l\u0113tie mode\u013ci ne tikai labi darbojas testos, bet ar\u012b atbilst re\u0101l\u0101s dz\u012bves pras\u012bb\u0101m. Sagatavojies izp\u0113t\u012bt m\u016bsu lab\u0101ko izlasi un uzzini, k\u0101p\u0113c Andeman 3500PA Mini ir m\u016bsu pirm\u0101 izv\u0113le. <\/p>\n","text_after_product_box":"<p>Lai noteiktu lab\u0101kos bezvadu putek\u013cs\u016bc\u0113jus, m\u0113s izmantoj\u0101m r\u016bp\u012bgu metodolo\u0123iju, kas ietv\u0113ra praktisku test\u0113\u0161anu un klientu atsauksmju anal\u012bzi. M\u0113s nov\u0113rt\u0113j\u0101m katru modeli, pamatojoties uz s\u016bk\u0161anas veiktsp\u0113ju, akumulatora ilgm\u016b\u017e\u012bbu, apkopes vienk\u0101r\u0161\u012bbu un visp\u0101r\u0113jo cenas un kvalit\u0101tes attiec\u012bbu. <\/p>\n<p>Kas padara bezvadu putek\u013cs\u016bc\u0113ju lielisku? T\u0101 ir jaud\u012bgas s\u016bk\u0161anas, ilgm\u016b\u017e\u012bga akumulatora, ergonomiska dizaina un piel\u0101gojam\u012bbas da\u017e\u0101d\u0101m virsm\u0101m kombin\u0101cija. \u0160ie faktori nodro\u0161ina, ka t\u012br\u012b\u0161anas pieredze ir ne tikai efekt\u012bva, bet ar\u012b pat\u012bkama.  <\/p>\n","why_the_best_text":"<p>Andeman 3500PA Mini izce\u013cas k\u0101 2026. gada lab\u0101kais bezvadu putek\u013cs\u016bc\u0113js, pateicoties t\u0101 izcilajam jaudas, mobilit\u0101tes un cenas l\u012bdzsvaram. At\u0161\u0137ir\u012bb\u0101 no liel\u0101kiem mode\u013ciem \u0161is rokas variants pied\u0101v\u0101 iev\u0113rojamu s\u016bk\u0161anu bez lieka smaguma, padarot to ide\u0101li piem\u0113rotu \u0101trai uzkop\u0161anai un automa\u0161\u012bnu apkopei. <\/p>\n<p>T\u0101 pieejam\u0101 cena \u2014 39,99 GBP \u2014 apvienojum\u0101 ar t\u0101d\u0101m modern\u0101m funkcij\u0101m k\u0101 120 W motors un \u0101tr\u0101s uzl\u0101des tehnolo\u0123ija nodro\u0161ina izcilu v\u0113rt\u012bbu. Sal\u012bdzinot ar d\u0101rg\u0101kiem mode\u013ciem, Andeman 3500PA Mini nodro\u0161ina l\u012bdz\u012bgu veiktsp\u0113ju, padarot to par skaidru uzvar\u0113t\u0101ju bud\u017eeta zi\u0146\u0101 dom\u0101jo\u0161iem pat\u0113r\u0113t\u0101jiem. <\/p>\n","reviews_text":"<p>Andeman 3500PA Mini bezvadu rokas putek\u013cs\u016bc\u0113js ir \u0101tri guvis atzin\u012bbu savas iespaid\u012bg\u0101s mobilit\u0101tes un jaudas d\u0113\u013c. Lietot\u0101ji nov\u0113rt\u0113 t\u0101 sp\u0113ju viegli piek\u013c\u016bt \u0161aur\u0101m viet\u0101m un t\u0101 efekt\u012bvo darb\u012bbu automa\u0161\u012bnu salonos. <\/p>\n<p>Ekspertu atsauksm\u0113s uzsv\u0113rta putek\u013cs\u016bc\u0113ja sp\u0113c\u012bg\u0101 s\u016bk\u0161anas jauda, kas ir p\u0101rsteidzo\u0161a t\u0101 kompaktajam izm\u0113ram. Turkl\u0101t \u0101tr\u0101s uzl\u0101des tehnolo\u0123ija un atk\u0101rtoti lietojamais filtrs padara to par praktisku izv\u0113li tiem, kas mekl\u0113 viegli kopjamu t\u012br\u012b\u0161anas r\u012bku. <\/p>\n","top_pick_box_text":"<p>Andeman 3500PA Mini bezvadu rokas putek\u013cs\u016bc\u0113js ir m\u016bsu 2026. gada galven\u0101 izv\u0113le, pied\u0101v\u0101jot nep\u0101rsp\u0113jamu v\u0113rt\u012bbu un praktiskumu. Ar savu jaud\u012bgo 3500 PA s\u016bk\u0161anu, p\u0101rn\u0113s\u0101jamo dizainu un \u0101tr\u0101s uzl\u0101des tehnolo\u0123iju tas ir lieliski piem\u0113rots t\u012br\u012b\u0161anai ce\u013c\u0101 un maz\u0101s telp\u0101s. <\/p>\n<p>\u0160is putek\u013cs\u016bc\u0113js ir ide\u0101li piem\u0113rots automa\u0161\u012bnu \u012bpa\u0161niekiem un tiem, kas dz\u012bvo kompaktos dz\u012bvok\u013cos, jo tas apvieno iespaid\u012bgu jaudu ar lieto\u0161anas \u0113rtumu. Neatkar\u012bgi no t\u0101, vai c\u012bnies ar m\u0101jdz\u012bvnieku spalv\u0101m vai ikdienas putek\u013ciem, Andeman 3500PA Mini nodro\u0161ina nemain\u012bgus rezult\u0101tus, neizt\u0113r\u0113jot veselu bag\u0101t\u012bbu. <\/p>\n","bottom_text":"<p>Nosl\u0113gum\u0101 j\u0101saka, ka Andeman 3500PA Mini bezvadu rokas putek\u013cs\u016bc\u0113js ir izcila izv\u0113le ikvienam, kur\u0161 mekl\u0113 efekt\u012bvu un bud\u017eetam draudz\u012bgu t\u012br\u012b\u0161anas risin\u0101jumu. T\u0101 jaudas un \u0113rt\u012bbas apvienojums padara to par galveno ieteikumu 2026. gadam. <\/p>\n<p>Nepalaid gar\u0101m \u0161o izcilo putek\u013cs\u016bc\u0113ju. Noklik\u0161\u0137ini uz zem\u0101k eso\u0161\u0101s saites, lai to ieg\u0101d\u0101tos un izbaud\u012btu t\u012br\u012b\u0161anu bez raiz\u0113m jau \u0161odien! <\/p>\n","product_2_bullet_points":"<ul><li>Elegants, m\u016bsdien\u012bgs dizains ar paman\u0101mu za\u013cu apdari, kas izce\u013cas.<\/li><li>Nodro\u0161ina jaud\u012bgu t\u012br\u012b\u0161anu ar 2500 apgr.\/min motoru, kas ir ide\u0101li piem\u0113rots ikdienas net\u012brumiem.<\/li><li>Komplekt\u0101 ir paroc\u012bgi piederumi daudzpus\u012bgai t\u012br\u012b\u0161anai uz da\u017e\u0101d\u0101m virsm\u0101m.<\/li><li>Uzl\u0101d\u0113jamais akumulators nodro\u0161ina bezvadu \u0113rt\u012bbas un elast\u012bbu.<\/li><li>Viegls un viegli manevr\u0113jams, lieliski piem\u0113rots \u0101trai uzkop\u0161anai.<\/li><li>Izstr\u0101d\u0101ts efektivit\u0101tei, padarot to par lielisku izv\u0113li aiz\u0146emt\u0101m m\u0101jsaimniec\u012bb\u0101m.<\/li><\/ul>","product_2_text_after":"<p>Bezvadu k\u0101ta putek\u013cs\u016bc\u0113js ar 2500 apgr.\/min pied\u0101v\u0101 stabilu veiktsp\u0113ju ar iespaid\u012bgu grie\u0161an\u0101s \u0101trumu un paroc\u012bgiem piederumiem. Lietot\u0101jiem \u012bpa\u0161i pat\u012bk t\u0101 elegant\u0101 za\u013c\u0101 apdare un bezvadu darb\u012bbas \u0113rt\u012bbas. <\/p>\n<p>Lai gan tas glu\u017ei nesasniedz m\u016bsu galven\u0101s izv\u0113les jaudu, t\u0101 daudzpus\u012bba un stil\u012bgais dizains padara to par cien\u012bgu konkurentu, \u012bpa\u0161i tiem, kas nov\u0113rt\u0113 est\u0113tisko pievilc\u012bbu l\u012bdztekus funkcionalit\u0101tei. Tas ir lieliski piem\u0113rots ikdienas t\u012br\u012b\u0161anas darbiem, ta\u010du var\u0113tu rasties gr\u016bt\u012bbas ar lieliem net\u012brumiem liel\u0101k\u0101s m\u0101j\u0101s. <\/p>\n","text_after_product_box_2":"<p>Bezvadu putek\u013cs\u016bc\u0113ju tendences past\u0101v\u012bgi att\u012bst\u0101s, ra\u017eot\u0101jiem cen\u0161oties uzlabot efektivit\u0101ti un ilgtsp\u0113ju. T\u0101das funkcijas k\u0101 HEPA filtri, modernas akumulatoru tehnolo\u0123ijas un vied\u0101 savienojam\u012bba k\u013c\u016bst arvien izplat\u012bt\u0101kas. <\/p>\n<p>P\u0113rkot bezvadu putek\u013cs\u016bc\u0113ju, apsver savas m\u0101jas izm\u0113ru, virsmu veidus, kuras bie\u017ei t\u012bri, un visas specifisk\u0101s vajadz\u012bbas, piem\u0113ram, m\u0101jdz\u012bvnieku spalvu sav\u0101k\u0161anu. \u0160ie faktori pal\u012bdz\u0113s tev izv\u0113l\u0113ties modeli, kas vislab\u0101k atbilst tavam dz\u012bvesveidam. <\/p>\n","product_3_text_after":"<p>Dyson V15 Detect bezvadu k\u0101ta putek\u013cs\u016bc\u0113js ir premium klases risin\u0101jums, kas apvieno progres\u012bvas tehnolo\u0123ijas ar izcilu t\u012br\u012b\u0161anas jaudu. Tam ir l\u0101zers sl\u0113ptu putek\u013cu noteik\u0161anai, padarot to par lielisku izv\u0113li pedantiskiem t\u012br\u012bt\u0101jiem. <\/p>\n<p>Lai gan t\u0101 cena ir augst\u0101ka, uzlabot\u0101s funkcijas un uzticam\u0101 veiktsp\u0113ja attaisno ieguld\u012bjumu tiem, kas mekl\u0113 lab\u0101ko bezvadu t\u012br\u012b\u0161anas tehnolo\u0123iju jom\u0101. Tom\u0113r tas ir maz\u0101k draudz\u012bgs bud\u017eetam sal\u012bdzin\u0101jum\u0101 ar citiem m\u016bsu sarakst\u0101 iek\u013cautajiem mode\u013ciem. <\/p>\n","product_4_text_after":"<p>Dyson Gen5detect bezvadu putek\u013cs\u016bc\u0113js lepojas ar n\u0101kam\u0101s paaudzes tehnolo\u0123ij\u0101m, tostarp jaud\u012bgu motoru un viediem sensoriem. Tas ir paredz\u0113ts tiem, kas sav\u0101s m\u0101j\u0101s pieprasa visaugst\u0101ko t\u012br\u012bbas l\u012bmeni. <\/p>\n<p>\u0160is modelis ir ide\u0101li piem\u0113rots tehnolo\u0123iju entuziastiem un tiem, kam ir liel\u0101kas t\u012br\u012b\u0161anas vajadz\u012bbas. Tom\u0113r t\u0101 augst\u0101k\u0101 cena var attur\u0113t bud\u017eeta zi\u0146\u0101 dom\u012bgus pirc\u0113jus, padarot to maz\u0101k pieejamu, neskatoties uz t\u0101 izcilaj\u0101m iesp\u0113j\u0101m. <\/p>\n","product_5_text_after":"<p>Vax HomePro Pet-Design bezvadu k\u0101ta putek\u013cs\u016bc\u0113js ir \u012bpa\u0161i piel\u0101gots m\u0101jdz\u012bvnieku \u012bpa\u0161niekiem, pied\u0101v\u0101jot efekt\u012bvu spalvu sav\u0101k\u0161anu un alerg\u0113nu kontroli. T\u0101 specializ\u0113tie r\u012bki un sp\u0113c\u012bg\u0101 s\u016bk\u0161ana padara to par stabilu izv\u0113li m\u0101jdz\u012bvniekiem draudz\u012bg\u0101m m\u0101jsaimniec\u012bb\u0101m. <\/p>\n<p>Lai gan tas nav l\u0113t\u0101kais m\u016bsu sarakst\u0101, t\u0101 koncentr\u0113\u0161an\u0101s uz m\u0101jdz\u012bvnieku rad\u012btajiem t\u012br\u012b\u0161anas izaicin\u0101jumiem nodro\u0161ina lielisku v\u0113rt\u012bbu tiem, kam nepiecie\u0161ams \u012bpa\u0161s risin\u0101jums m\u0101jdz\u012bvnieku spalv\u0101m.<\/p>\n","product_6_text_after":"<p>Dyson V8 Advanced bezvadu putek\u013cs\u016bc\u0113js ir uzticama izv\u0113le tiem, kas mekl\u0113 l\u012bdzsvaru starp veiktsp\u0113ju un cenu. Tas ir paz\u012bstams ar savu jaud\u012bgo s\u016bk\u0161anu un daudzpus\u012bbu, un ir labi piem\u0113rots da\u017e\u0101diem t\u012br\u012b\u0161anas uzdevumiem. <\/p>\n<p>Lai gan tam nav jaun\u0101ko tehnolo\u0123iju, kas atrodamas jaun\u0101kajos Dyson mode\u013cos, t\u0101 p\u0101rbaud\u012bt\u0101 v\u0113rt\u012bba un pieejam\u0101 cena padara to par popul\u0101ru izv\u0113li daudz\u0101s m\u0101jsaimniec\u012bb\u0101s.<\/p>\n","product_7_text_after":"<p>Dyson V8 Absolute bezvadu putek\u013cs\u016bc\u0113js pied\u0101v\u0101 sp\u0113c\u012bgu veiktsp\u0113ju un virkni piederumu da\u017e\u0101d\u0101m virsm\u0101m. T\u0101 ir lieliska vid\u0113j\u0101s klases iesp\u0113ja tiem, kas v\u0113las Dyson kvalit\u0101ti bez premium cenas. <\/p>\n<p>\u0160is modelis ir lieliski piem\u0113rots ikdienas m\u0101jas uzkop\u0161anai, lai gan tam var tr\u016bkt da\u017eu uzlaboto funkciju, kas redzamas d\u0101rg\u0101kos Dyson mode\u013cos.<\/p>\n","product_8_text_after":"<p>Tineco bezvadu putek\u013cs\u016bc\u0113js Pure One A30S ir paz\u012bstams ar savu viedo tehnolo\u0123iju un efekt\u012bvaj\u0101m t\u012br\u012b\u0161anas iesp\u0113j\u0101m. Lietot\u0101ji nov\u0113rt\u0113 t\u0101 intuit\u012bv\u0101s vad\u012bbas ier\u012bces un eleganto dizainu. <\/p>\n<p>Lai gan tas pied\u0101v\u0101 labu funkciju un cenas l\u012bdzsvaru, tas var\u0113tu nesasniegt da\u017eu d\u0101rg\u0101ku konkurentu dzi\u013c\u0101s t\u012br\u012b\u0161anas jaudu, padarot to par lab\u0101ku izv\u0113li maz\u0101k\u0101m m\u0101j\u0101m vai dz\u012bvok\u013ciem.<\/p>\n","product_9_text_after":"<p>Shark Stratos bezvadu k\u0101ta putek\u013cs\u016bc\u0113js Pet Pro ir izstr\u0101d\u0101ts, lai viegli tiktu gal\u0101 ar m\u0101jdz\u012bvnieku spalv\u0101m. T\u0101 jaud\u012bg\u0101 s\u016bk\u0161ana un specializ\u0113tie piederumi padara to par iecien\u012btu izv\u0113li m\u0101jdz\u012bvnieku \u012bpa\u0161niekiem. <\/p>\n<p>Lai gan tas ir diezgan sp\u0113j\u012bgs, t\u0101 nedaudz augst\u0101k\u0101 cena sal\u012bdzin\u0101jum\u0101 ar l\u012bdz\u012bgiem mode\u013ciem var b\u016bt apsv\u0113rums tiem, kam ir ierobe\u017eots bud\u017eets.<\/p>\n","product_10_text_after":"<p>Hoover HF1 Plus bezvadu k\u0101ta putek\u013cs\u016bc\u0113js ir bud\u017eetam draudz\u012bgs variants, kas pied\u0101v\u0101 piekl\u0101j\u012bgu veiktsp\u0113ju par savu cenu. Tas ir viegls un viegli manevr\u0113jams, padarot to piem\u0113rotu \u0101trai uzkop\u0161anai. <\/p>\n<p>Lai gan tas nepied\u0101v\u0101 d\u0101rg\u0101ku mode\u013cu jaudu vai funkcijas, t\u0101 ir lieliska s\u0101kuma l\u012bme\u0146a izv\u0113le tiem, kas pirmo reizi izmanto bezvadu putek\u013cs\u016bc\u0113jus.<\/p>\n"},"yoast_head":"<!-- This site is optimized with the Yoast SEO plugin v27.4 - https:\/\/yoast.com\/product\/yoast-seo-wordpress\/ -->\n<title>10 lab\u0101kie bezvadu putek\u013cs\u016bc\u0113ji - DJ Music Geek<\/title>\n<meta name=\"robots\" content=\"index, follow, max-snippet:-1, max-image-preview:large, max-video-preview:-1\" \/>\n<link rel=\"canonical\" href=\"https:\/\/djmusicgeek.com\/best-cordless-vacuum-2026-en-2\/\" \/>\n<meta property=\"og:locale\" content=\"lv_LV\" \/>\n<meta property=\"og:type\" content=\"article\" \/>\n<meta property=\"og:title\" content=\"10 lab\u0101kie bezvadu putek\u013cs\u016bc\u0113ji - DJ Music Geek\" \/>\n<meta property=\"og:url\" content=\"https:\/\/djmusicgeek.com\/best-cordless-vacuum-2026-en-2\/\" \/>\n<meta property=\"og:site_name\" content=\"DJ Music Geek\" \/>\n<meta name=\"twitter:card\" content=\"summary_large_image\" \/>\n<script type=\"application\/ld+json\" class=\"yoast-schema-graph\">{\"@context\":\"https:\\\/\\\/schema.org\",\"@graph\":[{\"@type\":\"WebPage\",\"@id\":\"https:\\\/\\\/djmusicgeek.com\\\/best-cordless-vacuum-2026-en-2\\\/\",\"url\":\"https:\\\/\\\/djmusicgeek.com\\\/best-cordless-vacuum-2026-en-2\\\/\",\"name\":\"10 lab\u0101kie bezvadu putek\u013cs\u016bc\u0113ji - DJ Music Geek\",\"isPartOf\":{\"@id\":\"https:\\\/\\\/djmusicgeek.com\\\/#website\"},\"datePublished\":\"2026-02-25T21:29:14+00:00\",\"breadcrumb\":{\"@id\":\"https:\\\/\\\/djmusicgeek.com\\\/best-cordless-vacuum-2026-en-2\\\/#breadcrumb\"},\"inLanguage\":\"lv-LV\",\"potentialAction\":[{\"@type\":\"ReadAction\",\"target\":[\"https:\\\/\\\/djmusicgeek.com\\\/best-cordless-vacuum-2026-en-2\\\/\"]}]},{\"@type\":\"BreadcrumbList\",\"@id\":\"https:\\\/\\\/djmusicgeek.com\\\/best-cordless-vacuum-2026-en-2\\\/#breadcrumb\",\"itemListElement\":[{\"@type\":\"ListItem\",\"position\":1,\"name\":\"S\u0101kums\",\"item\":\"https:\\\/\\\/djmusicgeek.com\\\/\"},{\"@type\":\"ListItem\",\"position\":2,\"name\":\"10 lab\u0101kie bezvadu putek\u013cs\u016bc\u0113ji\"}]},{\"@type\":\"WebSite\",\"@id\":\"https:\\\/\\\/djmusicgeek.com\\\/#website\",\"url\":\"https:\\\/\\\/djmusicgeek.com\\\/\",\"name\":\"DJ Music Geek\",\"description\":\"\",\"potentialAction\":[{\"@type\":\"SearchAction\",\"target\":{\"@type\":\"EntryPoint\",\"urlTemplate\":\"https:\\\/\\\/djmusicgeek.com\\\/?s={search_term_string}\"},\"query-input\":{\"@type\":\"PropertyValueSpecification\",\"valueRequired\":true,\"valueName\":\"search_term_string\"}}],\"inLanguage\":\"lv-LV\"}]}<\/script>\n<!-- \/ Yoast SEO plugin. -->","yoast_head_json":{"title":"10 lab\u0101kie bezvadu putek\u013cs\u016bc\u0113ji - DJ Music Geek","robots":{"index":"index","follow":"follow","max-snippet":"max-snippet:-1","max-image-preview":"max-image-preview:large","max-video-preview":"max-video-preview:-1"},"canonical":"https:\/\/djmusicgeek.com\/best-cordless-vacuum-2026-en-2\/","og_locale":"lv_LV","og_type":"article","og_title":"10 lab\u0101kie bezvadu putek\u013cs\u016bc\u0113ji - DJ Music Geek","og_url":"https:\/\/djmusicgeek.com\/best-cordless-vacuum-2026-en-2\/","og_site_name":"DJ Music Geek","twitter_card":"summary_large_image","schema":{"@context":"https:\/\/schema.org","@graph":[{"@type":"WebPage","@id":"https:\/\/djmusicgeek.com\/best-cordless-vacuum-2026-en-2\/","url":"https:\/\/djmusicgeek.com\/best-cordless-vacuum-2026-en-2\/","name":"10 lab\u0101kie bezvadu putek\u013cs\u016bc\u0113ji - DJ Music Geek","isPartOf":{"@id":"https:\/\/djmusicgeek.com\/#website"},"datePublished":"2026-02-25T21:29:14+00:00","breadcrumb":{"@id":"https:\/\/djmusicgeek.com\/best-cordless-vacuum-2026-en-2\/#breadcrumb"},"inLanguage":"lv-LV","potentialAction":[{"@type":"ReadAction","target":["https:\/\/djmusicgeek.com\/best-cordless-vacuum-2026-en-2\/"]}]},{"@type":"BreadcrumbList","@id":"https:\/\/djmusicgeek.com\/best-cordless-vacuum-2026-en-2\/#breadcrumb","itemListElement":[{"@type":"ListItem","position":1,"name":"S\u0101kums","item":"https:\/\/djmusicgeek.com\/"},{"@type":"ListItem","position":2,"name":"10 lab\u0101kie bezvadu putek\u013cs\u016bc\u0113ji"}]},{"@type":"WebSite","@id":"https:\/\/djmusicgeek.com\/#website","url":"https:\/\/djmusicgeek.com\/","name":"DJ Music Geek","description":"","potentialAction":[{"@type":"SearchAction","target":{"@type":"EntryPoint","urlTemplate":"https:\/\/djmusicgeek.com\/?s={search_term_string}"},"query-input":{"@type":"PropertyValueSpecification","valueRequired":true,"valueName":"search_term_string"}}],"inLanguage":"lv-LV"}]}},"_links":{"self":[{"href":"https:\/\/djmusicgeek.com\/lv\/wp-json\/wp\/v2\/pages\/17684","targetHints":{"allow":["GET"]}}],"collection":[{"href":"https:\/\/djmusicgeek.com\/lv\/wp-json\/wp\/v2\/pages"}],"about":[{"href":"https:\/\/djmusicgeek.com\/lv\/wp-json\/wp\/v2\/types\/page"}],"author":[{"embeddable":true,"href":"https:\/\/djmusicgeek.com\/lv\/wp-json\/wp\/v2\/users\/2"}],"replies":[{"embeddable":true,"href":"https:\/\/djmusicgeek.com\/lv\/wp-json\/wp\/v2\/comments?post=17684"}],"version-history":[{"count":0,"href":"https:\/\/djmusicgeek.com\/lv\/wp-json\/wp\/v2\/pages\/17684\/revisions"}],"wp:attachment":[{"href":"https:\/\/djmusicgeek.com\/lv\/wp-json\/wp\/v2\/media?parent=17684"}],"curies":[{"name":"wp","href":"https:\/\/api.w.org\/{rel}","templated":true}]}}