{"id":17396,"date":"2026-02-13T10:59:05","date_gmt":"2026-02-13T10:59:05","guid":{"rendered":"https:\/\/djmusicgeek.com\/best-headphones-to-buy-today-en-gb\/"},"modified":"2026-03-01T13:46:24","modified_gmt":"2026-03-01T13:46:24","slug":"best-headphones-to-buy-today-en-gb","status":"publish","type":"page","link":"https:\/\/djmusicgeek.com\/lv\/best-headphones-to-buy-today-en-gb\/","title":{"rendered":"10 lab\u0101k\u0101s bezvadu austi\u0146as"},"content":{"rendered":"","protected":false},"excerpt":{"rendered":"","protected":false},"author":2,"featured_media":0,"parent":0,"menu_order":0,"comment_status":"closed","ping_status":"closed","template":"sales-template.php","meta":{"_acf_changed":false,"footnotes":""},"class_list":["post-17396","page","type-page","status-publish","hentry"],"acf":{"product_url":"","product_image_1":"","product_image_2":"","product_image_3":"","product_image_4":"","product_image_5":"","product_image_6":"","product_image_7":"","product_image_8":"","product_2_supplier":"Amazon","product_2_asin":"B0CRMB9Z84","product_3_supplier":"Amazon","product_3_asin":"B0FPD1P24J","product_4_supplier":"Amazon","product_4_asin":"B0CZ6S1G4B","product_5_supplier":"Amazon","product_5_asin":"","product_6_supplier":"Amazon","product_6_asin":"","product_7_supplier":"Amazon","product_7_asin":"B0DQ833QW9","product_8_supplier":"Amazon","product_8_asin":"","product_9_supplier":"Amazon","product_9_asin":"","product_10_supplier":"Amazon","product_10_asin":"","exclude_from_search":false,"product_2_url":"","product_2_image_1":"","product_2_image_2":"","product_2_image_3":"","product_3_url":"","product_3_image_1":"","product_3_image_2":"","product_3_image_3":"","language_code":"en-gb","product_name":"Oneodio A s\u0113rija","product_type":"Bezvadu austi\u0146as","product_type_singular":"Bezvadu austi\u0146a","features":"<p>Bluetooth 5.0 savienojam\u012bba<br \/>\nAkt\u012bv\u0101 trok\u0161\u0146u sl\u0101p\u0113\u0161ana<br \/>\nBezvadu funkcionalit\u0101te<br \/>\nIeb\u016bv\u0113ts mikrofons<br \/>\nC tipa uzl\u0101de<br \/>\nKomplekt\u0101 iek\u013cauts futr\u0101lis<br \/>\nPagarin\u0101ta 2 gadu garantija<br \/>\nAugstas kvalit\u0101tes ska\u0146as veiktsp\u0113ja<\/p>\n","rating":"9.8","intro_text":"<p>Laipni l\u016bdzam m\u016bsu visaptvero\u0161aj\u0101 apskat\u0101 par 10 lab\u0101kaj\u0101m bezvadu austi\u0146\u0101m, ko vari ieg\u0101d\u0101ties \u0161odien. M\u0113s esam r\u016bp\u012bgi p\u0101rbaud\u012bju\u0161i un nov\u0113rt\u0113ju\u0161i katru produktu, lai pied\u0101v\u0101tu tev lab\u0101k\u0101s iesp\u0113jas tav\u0101m audio vajadz\u012bb\u0101m. Neatkar\u012bgi no t\u0101, vai esi audiofils vai vienk\u0101r\u0161i mekl\u0113 uzticamas austi\u0146as ikdienas lieto\u0161anai, m\u016bsu izv\u0113le aptver pla\u0161u funkciju un bud\u017eetu kl\u0101stu.  <\/p>\n<p>\u0160aj\u0101 rakst\u0101 m\u0113s iedzi\u013cin\u0101mies katra produkta veiktsp\u0113j\u0101, komfort\u0101 un v\u0113rt\u012bb\u0101. No progres\u012bvas trok\u0161\u0146u sl\u0101p\u0113\u0161anas tehnolo\u0123ijas l\u012bdz iespaid\u012bgam akumulatora darb\u012bbas laikam, m\u016bsu lab\u0101kie varianti izce\u013cas p\u0101rpild\u012btaj\u0101 bezvadu austi\u0146u tirg\u016b. Pievienojies mums, lai izp\u0113t\u012btu funkcijas, kas padara \u0161\u012bs austi\u0146as patiesi izcilas.  <\/p>\n","text_before_product_box":"<p>Tehnolo\u0123ij\u0101m att\u012bstoties, piepras\u012bjums p\u0113c augstas kvalit\u0101tes bezvadu austi\u0146\u0101m nekad nav bijis liel\u0101ks. Neatkar\u012bgi no t\u0101, vai brauc uz darbu, str\u0101d\u0101 vai atp\u016bties m\u0101j\u0101s, lieliskas austi\u0146as var p\u0101rveidot tavu audio pieredzi. \u0160aj\u0101 ce\u013cved\u012b m\u0113s esam sarindoju\u0161i \u0161odien pieejam\u0101s lab\u0101k\u0101s iesp\u0113jas, izce\u013cot to galven\u0101s funkcijas un priek\u0161roc\u012bbas.  <\/p>\n<p>M\u016bsu lab\u0101k\u0101 izv\u0113le, Oneodio A s\u0113rija, ir l\u012bderis ar sav\u0101m progres\u012bvaj\u0101m funkcij\u0101m un izcilu veiktsp\u0113ju. Izp\u0113t\u012bsim, k\u0101p\u0113c \u0161is produkts izce\u013cas starp konkurentiem. <\/p>\n","text_after_product_box":"<p>Nov\u0113rt\u0113jot lab\u0101k\u0101s bezvadu austi\u0146as, m\u0113s \u0146\u0113m\u0101m v\u0113r\u0101 da\u017e\u0101dus faktorus, piem\u0113ram, ska\u0146as kvalit\u0101ti, komfortu, akumulatora darb\u012bbas laiku un papildu funkcijas, piem\u0113ram, trok\u0161\u0146u sl\u0101p\u0113\u0161anu un savienojam\u012bbas iesp\u0113jas. Katrs produkts tika p\u0101rbaud\u012bts re\u0101l\u0101s situ\u0101cij\u0101s, lai nodro\u0161in\u0101tu tev uzticamus ieteikumus. <\/p>\n<p>Lielisk\u0101m bezvadu austi\u0146\u0101m vajadz\u0113tu pied\u0101v\u0101t nevainojamu komforta, ska\u0146as kvalit\u0101tes un funkcionalit\u0101tes apvienojumu. Oneodio A s\u0113rija izce\u013cas vis\u0101s \u0161aj\u0101s jom\u0101s, nodro\u0161inot lietot\u0101jiem nep\u0101rsp\u0113jamu klaus\u012b\u0161an\u0101s pieredzi. T\u0101s modern\u0101 trok\u0161\u0146u sl\u0101p\u0113\u0161anas tehnolo\u0123ija un robust\u0101 Bluetooth savienojam\u012bba padara to par ide\u0101lu izv\u0113li jebkuram audiofilam.  <\/p>\n","why_the_best_text":"<p>Oneodio A s\u0113rija ir lab\u0101k\u0101 bezvadu austi\u0146u izv\u0113le, pateicoties t\u0101s izcilajai funkciju un veiktsp\u0113jas kombin\u0101cijai. At\u0161\u0137ir\u012bb\u0101 no daudziem konkurentiem, t\u0101 pied\u0101v\u0101 gan progres\u012bvu akt\u012bvo trok\u0161\u0146u sl\u0101p\u0113\u0161anu, gan Bluetooth 5.0 nep\u0101rtrauktai klaus\u012b\u0161an\u0101s pieredzei. T\u0101s augstas kvalit\u0101tes ska\u0146a nodro\u0161ina, ka katra nots ir skaidra un dzidra, neatkar\u012bgi no t\u0101, vai klausies m\u016bziku vai veic zvanus.  <\/p>\n<p>V\u0113l viena liela priek\u0161roc\u012bba ir C tipa uzl\u0101de, kas nodro\u0161ina \u0101tru un \u0113rtu uzl\u0101di. Futr\u0101\u013ca un pagarin\u0101t\u0101s 2 gadu garantijas iek\u013cau\u0161ana palielina t\u0101s v\u0113rt\u012bbu, padarot to par izcilu ne tikai audio kvalit\u0101tes, bet ar\u012b iztur\u012bbas un uzticam\u012bbas zi\u0146\u0101. <\/p>\n","reviews_text":"<p>Lai gan Oneodio A s\u0113rijai v\u0113l nav daudz lietot\u0101ju atsauksmju, t\u0101s iespaid\u012bg\u0101s specifik\u0101cijas un visaptvero\u0161ais funkciju kopums jau ir padar\u012bjis to par izcilu izv\u0113li. Bluetooth 5.0 integr\u0101cija nodro\u0161ina nevainojamu savienojam\u012bbu, savuk\u0101rt akt\u012bv\u0101 trok\u0161\u0146u sl\u0101p\u0113\u0161anas funkcija ir paredz\u0113ta, lai nodro\u0161in\u0101tu ieskaujo\u0161u audio pieredzi, samazinot nev\u0113lamus apk\u0101rt\u0113j\u0101s vides trok\u0161\u0146us. <\/p>\n<p>T\u0101s ieb\u016bv\u0113tais mikrofons nodro\u0161ina skaidru sazi\u0146u, padarot to par lielisku izv\u0113li gan m\u016bzikas entuziastiem, gan profesion\u0101\u013ciem, kuriem nepiecie\u0161ama uzticama audio kvalit\u0101te zvaniem. Pagarin\u0101t\u0101 2 gadu garantija v\u0113l vair\u0101k palielina t\u0101s pievilc\u012bbu, pied\u0101v\u0101jot lietot\u0101jiem sirdsmieru. <\/p>\n","top_pick_box_text":"<p>Oneodio A s\u0113rija izce\u013cas k\u0101 lab\u0101k\u0101 bezvadu austi\u0146u izv\u0113le, pied\u0101v\u0101jot progres\u012bvu trok\u0161\u0146u sl\u0101p\u0113\u0161anu, izcilu ska\u0146as kvalit\u0101ti un uzticamu veiktsp\u0113ju. Tas ir ide\u0101ls tehnolo\u0123iju un komforta apvienojums, padarot to par oblig\u0101tu priek\u0161metu jebkuram audio entuziastam. <\/p>\n","bottom_text":"<p>Nosl\u0113gum\u0101, Oneodio A s\u0113rija ir izcils modelis, kas no jauna defin\u0113 to, ko lietot\u0101ji var sagaid\u012bt no bezvadu austi\u0146\u0101m. T\u0101s iespaid\u012bgais funkciju kopums un robust\u0101 veiktsp\u0113ja padara to par v\u0113rt\u012bgu ieguld\u012bjumu ikvienam, kam ir svar\u012bga audio kvalit\u0101te. <\/p>\n<p>Nepalaid gar\u0101m iesp\u0113ju izbaud\u012bt augst\u0101k\u0101s klases ska\u0146u un \u0113rt\u012bbas. Izv\u0113lies Oneodio A s\u0113riju un uzlabo savu klaus\u012b\u0161an\u0101s pieredzi jau \u0161odien! <\/p>\n","product_2_text_after":"<p>Otraj\u0101 viet\u0101 ierindot\u0101s JLab JBuds LUX ANC pied\u0101v\u0101 iev\u0113rojamu veiktsp\u0113jas un pieejam\u012bbas l\u012bdzsvaru. Ar savu viedo akt\u012bvo trok\u0161\u0146u sl\u0101p\u0113\u0161anu \u0161\u012bs austi\u0146as piel\u0101gojas tavai apk\u0101rtnei, nodro\u0161inot optim\u0101lu klaus\u012b\u0161an\u0101s pieredzi. Ska\u0146as kvalit\u0101ti v\u0113l vair\u0101k uzlabo 40 mm draiveri, kas nodro\u0161ina bag\u0101t\u012bgu un ieskaujo\u0161u audio.  <\/p>\n<p>Viena no izcil\u0101kaj\u0101m funkcij\u0101m ir iespaid\u012bgais akumulatora darb\u012bbas laiks, kas pied\u0101v\u0101 vair\u0101k nek\u0101 70 stundas atska\u0146o\u0161anas. Ergonomiskais dizains ar Cloud Foam spilventi\u0146iem nodro\u0161ina komfortu garu klaus\u012b\u0161an\u0101s sesiju laik\u0101. Lai gan t\u0101m var neb\u016bt m\u016bsu lab\u0101k\u0101s izv\u0113les premium klases konstrukcijas, to cenas un veiktsp\u0113jas attiec\u012bba padara t\u0101s par lielisku izv\u0113li pirc\u0113jiem ar ierobe\u017eotu bud\u017eetu.  <\/p>\n","text_after_product_box_2":"<p>T\u0101 k\u0101 bezvadu austi\u0146u tirgus turpina att\u012bst\u012bties, pat\u0113r\u0113t\u0101ji arvien vair\u0101k mekl\u0113 produktus, kas pied\u0101v\u0101 ne tikai lielisku audio, bet ar\u012b vied\u0101s funkcijas, piem\u0113ram, balss asistentus un daudzpunktu savienojam\u012bbu. P\u0113rkot austi\u0146as, \u0146em v\u0113r\u0101 savas \u012bpa\u0161\u0101s vajadz\u012bbas, piem\u0113ram, akumulatora darb\u012bbas laiku gariem ce\u013cojumiem vai trok\u0161\u0146u sl\u0101p\u0113\u0161anu klus\u0101kai darba videi. <\/p>\n<p>Pirms pirkuma veik\u0161anas atceries p\u0101rbaud\u012bt klientu atsauksmes un ekspertu viedok\u013cus. Tas var sniegt v\u0113rt\u012bgu ieskatu austi\u0146u re\u0101laj\u0101 veiktsp\u0113j\u0101 un pal\u012bdz\u0113t tev pie\u0146emt apzin\u0101tu l\u0113mumu. <\/p>\n","product_3_text_after":"<p>TOZO HT3 austi\u0146as ie\u0146em tre\u0161o poz\u012bciju, pateicoties to iespaid\u012bgajam funkciju sarakstam par nep\u0101rsp\u0113jamu cenu. Ar viedo vides adapt\u012bvo trok\u0161\u0146u sl\u0101p\u0113\u0161anu un diviem dinamiskajiem draiveriem \u0161\u012bs austi\u0146as nodro\u0161ina izcilu ska\u0146as skaidr\u012bbu un basus. <\/p>\n<p>Ar p\u0101rsteidzo\u0161u 90 stundu akumulatora darb\u012bbas laiku t\u0101s ir ide\u0101li piem\u0113rotas gariem ce\u013cojumiem vai ilgsto\u0161ai lieto\u0161anai. Divk\u0101r\u0161\u0101 Bluetooth savienojuma funkcija \u013cauj nevainojami p\u0101rsl\u0113gties starp ier\u012bc\u0113m, palielinot to daudzpus\u012bbu. Lai gan t\u0101m var tr\u016bkt augst\u0101kas klases mode\u013cu z\u012bmola presti\u017ea, to veiktsp\u0113ja un izmaksu efektivit\u0101te padara t\u0101s par p\u0101rliecino\u0161u iesp\u0113ju.  <\/p>\n","product_4_text_after":"<p>GarageRock E7 austi\u0146as ir paz\u012bstamas ar savu progres\u012bvo ANC tehnolo\u0123iju un augst\u0101k\u0101s klases ska\u0146as kvalit\u0101ti, padarot t\u0101s par stabilu izv\u0113li tiem, kas nov\u0113rt\u0113 audio precizit\u0101ti. 45 mm lieli diafragmas draiveri nodro\u0161ina, ka katra nots tiek atska\u0146ota ar skaidr\u012bbu. <\/p>\n<p>\u0160\u012bs austi\u0146as ir paredz\u0113tas ilgsto\u0161am komfortam ar prote\u012bna ausu spilventi\u0146iem un iztur\u012bgu konstrukciju. Pied\u0101v\u0101jot 30 stundas atska\u0146o\u0161anas, t\u0101s ir piem\u0113rotas ikdienas lieto\u0161anai un ce\u013co\u0161anai. Lai gan t\u0101s m\u016bsu reitingos atrodas zem\u0101k, to ska\u0146as veiktsp\u0113ja un komforta l\u012bmenis ir slav\u0113jami par to cenu diapazonu.  <\/p>\n","product_5_text_after":"<p>Oneodio A6 ANC ir funkcij\u0101m bag\u0101ts modelis, kas pied\u0101v\u0101 48 dB hibr\u012bda akt\u012bvo trok\u0161\u0146u sl\u0101p\u0113\u0161anu, padarot to ide\u0101li piem\u0113rotu m\u016bzikas m\u012b\u013cot\u0101jiem, kuri v\u0113las ieskaujo\u0161u klaus\u012b\u0161an\u0101s pieredzi. Ar Hi-Res Audio un LDAC atbalstu \u0161\u012bs austi\u0146as nodro\u0161ina studijas kvalit\u0101tes ska\u0146u, uzlabojot tavas audio sesijas. <\/p>\n<p>T\u0101s dizains ietver ieb\u016bv\u0113tu mikrofonu un lietotnes vad\u012bbu, nodro\u0161inot daudzpus\u012bbu da\u017e\u0101diem lietojumiem. Ar konkur\u0113tsp\u0113j\u012bgu cenu A6 ANC ir sp\u0113c\u012bgs pretendents tiem, kas mekl\u0113 augst\u0101k\u0101s klases funkcijas, nesaboj\u0101jot bud\u017eetu, lai gan \u0161aj\u0101 posm\u0101 tai tr\u016bkst lietot\u0101ju atsauksmju. <\/p>\n","product_6_text_after":"<p>SOUNDPEATS austi\u0146as izce\u013cas ar savu Hi-Res Audio sertifik\u0101ciju, nodro\u0161inot izcilu ska\u0146as precizit\u0101ti. Divk\u0101r\u0161\u0101 akt\u012bv\u0101 trok\u0161\u0146u sl\u0101p\u0113\u0161anas funkcija iev\u0113rojami samazina apk\u0101rt\u0113j\u0101s vides trok\u0161\u0146us, uzlabojot tavu klaus\u012b\u0161an\u0101s prieku. <\/p>\n<p>Ar 40 stundu akumulatora darb\u012bbas laiku un Bluetooth 5.0 \u0161\u012bs austi\u0146as nodro\u0161ina ilgm\u016b\u017e\u012bbu un uzticamu savienojam\u012bbu. Lai gan t\u0101s var nepied\u0101v\u0101t pla\u0161as funkcijas k\u0101 augst\u0101k\u0101s klases mode\u013ci, t\u0101s ir lieliska iesp\u0113ja lietot\u0101jiem, kuri priorit\u0101ti pie\u0161\u0137ir ska\u0146as kvalit\u0101tei un trok\u0161\u0146u izol\u0101cijai. <\/p>\n","product_7_text_after":"<p>Xmenha Wireless Bluetooth AI Translation Earbuds pied\u0101v\u0101 unik\u0101lu risin\u0101jumu ar re\u0101llaika tulko\u0161anas iesp\u0113j\u0101m 150 valod\u0101s. Tas padara t\u0101s \u012bpa\u0161i pievilc\u012bgas bie\u017eiem ce\u013cot\u0101jiem un starptautiskiem biznesa profesion\u0101\u013ciem. <\/p>\n<p>Lai gan to audio veiktsp\u0113ja un konstrukcijas kvalit\u0101te var neatbilst augst\u0101k nov\u0113rt\u0113tajiem mode\u013ciem, pievienot\u0101 sk\u0101rienekr\u0101na futr\u0101\u013ca un ANC trok\u0161\u0146u sl\u0101p\u0113\u0161anas funkcionalit\u0101te padara t\u0101s par daudzpus\u012bgu r\u012bku sazi\u0146ai un m\u0101c\u012bb\u0101m.<\/p>\n"},"yoast_head":"<!-- This site is optimized with the Yoast SEO plugin v27.4 - https:\/\/yoast.com\/product\/yoast-seo-wordpress\/ -->\n<title>10 lab\u0101k\u0101s bezvadu austi\u0146as - DJ Music Geek<\/title>\n<meta name=\"robots\" content=\"index, follow, max-snippet:-1, max-image-preview:large, max-video-preview:-1\" \/>\n<link rel=\"canonical\" href=\"https:\/\/djmusicgeek.com\/lv\/best-headphones-to-buy-today-en-gb\/\" \/>\n<meta property=\"og:locale\" content=\"lv_LV\" \/>\n<meta property=\"og:type\" content=\"article\" \/>\n<meta property=\"og:title\" content=\"10 lab\u0101k\u0101s bezvadu austi\u0146as - DJ Music Geek\" \/>\n<meta property=\"og:url\" content=\"https:\/\/djmusicgeek.com\/lv\/best-headphones-to-buy-today-en-gb\/\" \/>\n<meta property=\"og:site_name\" content=\"DJ Music Geek\" \/>\n<meta property=\"article:modified_time\" content=\"2026-03-01T13:46:24+00:00\" \/>\n<meta name=\"twitter:card\" content=\"summary_large_image\" \/>\n<script type=\"application\/ld+json\" class=\"yoast-schema-graph\">{\"@context\":\"https:\\\/\\\/schema.org\",\"@graph\":[{\"@type\":\"WebPage\",\"@id\":\"https:\\\/\\\/djmusicgeek.com\\\/lv\\\/best-headphones-to-buy-today-en-gb\\\/\",\"url\":\"https:\\\/\\\/djmusicgeek.com\\\/lv\\\/best-headphones-to-buy-today-en-gb\\\/\",\"name\":\"10 lab\u0101k\u0101s bezvadu austi\u0146as - DJ Music Geek\",\"isPartOf\":{\"@id\":\"https:\\\/\\\/djmusicgeek.com\\\/#website\"},\"datePublished\":\"2026-02-13T10:59:05+00:00\",\"dateModified\":\"2026-03-01T13:46:24+00:00\",\"breadcrumb\":{\"@id\":\"https:\\\/\\\/djmusicgeek.com\\\/lv\\\/best-headphones-to-buy-today-en-gb\\\/#breadcrumb\"},\"inLanguage\":\"lv-LV\",\"potentialAction\":[{\"@type\":\"ReadAction\",\"target\":[\"https:\\\/\\\/djmusicgeek.com\\\/lv\\\/best-headphones-to-buy-today-en-gb\\\/\"]}]},{\"@type\":\"BreadcrumbList\",\"@id\":\"https:\\\/\\\/djmusicgeek.com\\\/lv\\\/best-headphones-to-buy-today-en-gb\\\/#breadcrumb\",\"itemListElement\":[{\"@type\":\"ListItem\",\"position\":1,\"name\":\"S\u0101kums\",\"item\":\"https:\\\/\\\/djmusicgeek.com\\\/\"},{\"@type\":\"ListItem\",\"position\":2,\"name\":\"10 lab\u0101k\u0101s bezvadu austi\u0146as\"}]},{\"@type\":\"WebSite\",\"@id\":\"https:\\\/\\\/djmusicgeek.com\\\/#website\",\"url\":\"https:\\\/\\\/djmusicgeek.com\\\/\",\"name\":\"DJ Music Geek\",\"description\":\"\",\"potentialAction\":[{\"@type\":\"SearchAction\",\"target\":{\"@type\":\"EntryPoint\",\"urlTemplate\":\"https:\\\/\\\/djmusicgeek.com\\\/?s={search_term_string}\"},\"query-input\":{\"@type\":\"PropertyValueSpecification\",\"valueRequired\":true,\"valueName\":\"search_term_string\"}}],\"inLanguage\":\"lv-LV\"}]}<\/script>\n<!-- \/ Yoast SEO plugin. -->","yoast_head_json":{"title":"10 lab\u0101k\u0101s bezvadu austi\u0146as - DJ Music Geek","robots":{"index":"index","follow":"follow","max-snippet":"max-snippet:-1","max-image-preview":"max-image-preview:large","max-video-preview":"max-video-preview:-1"},"canonical":"https:\/\/djmusicgeek.com\/lv\/best-headphones-to-buy-today-en-gb\/","og_locale":"lv_LV","og_type":"article","og_title":"10 lab\u0101k\u0101s bezvadu austi\u0146as - DJ Music Geek","og_url":"https:\/\/djmusicgeek.com\/lv\/best-headphones-to-buy-today-en-gb\/","og_site_name":"DJ Music Geek","article_modified_time":"2026-03-01T13:46:24+00:00","twitter_card":"summary_large_image","schema":{"@context":"https:\/\/schema.org","@graph":[{"@type":"WebPage","@id":"https:\/\/djmusicgeek.com\/lv\/best-headphones-to-buy-today-en-gb\/","url":"https:\/\/djmusicgeek.com\/lv\/best-headphones-to-buy-today-en-gb\/","name":"10 lab\u0101k\u0101s bezvadu austi\u0146as - DJ Music Geek","isPartOf":{"@id":"https:\/\/djmusicgeek.com\/#website"},"datePublished":"2026-02-13T10:59:05+00:00","dateModified":"2026-03-01T13:46:24+00:00","breadcrumb":{"@id":"https:\/\/djmusicgeek.com\/lv\/best-headphones-to-buy-today-en-gb\/#breadcrumb"},"inLanguage":"lv-LV","potentialAction":[{"@type":"ReadAction","target":["https:\/\/djmusicgeek.com\/lv\/best-headphones-to-buy-today-en-gb\/"]}]},{"@type":"BreadcrumbList","@id":"https:\/\/djmusicgeek.com\/lv\/best-headphones-to-buy-today-en-gb\/#breadcrumb","itemListElement":[{"@type":"ListItem","position":1,"name":"S\u0101kums","item":"https:\/\/djmusicgeek.com\/"},{"@type":"ListItem","position":2,"name":"10 lab\u0101k\u0101s bezvadu austi\u0146as"}]},{"@type":"WebSite","@id":"https:\/\/djmusicgeek.com\/#website","url":"https:\/\/djmusicgeek.com\/","name":"DJ Music Geek","description":"","potentialAction":[{"@type":"SearchAction","target":{"@type":"EntryPoint","urlTemplate":"https:\/\/djmusicgeek.com\/?s={search_term_string}"},"query-input":{"@type":"PropertyValueSpecification","valueRequired":true,"valueName":"search_term_string"}}],"inLanguage":"lv-LV"}]}},"_links":{"self":[{"href":"https:\/\/djmusicgeek.com\/lv\/wp-json\/wp\/v2\/pages\/17396","targetHints":{"allow":["GET"]}}],"collection":[{"href":"https:\/\/djmusicgeek.com\/lv\/wp-json\/wp\/v2\/pages"}],"about":[{"href":"https:\/\/djmusicgeek.com\/lv\/wp-json\/wp\/v2\/types\/page"}],"author":[{"embeddable":true,"href":"https:\/\/djmusicgeek.com\/lv\/wp-json\/wp\/v2\/users\/2"}],"replies":[{"embeddable":true,"href":"https:\/\/djmusicgeek.com\/lv\/wp-json\/wp\/v2\/comments?post=17396"}],"version-history":[{"count":1,"href":"https:\/\/djmusicgeek.com\/lv\/wp-json\/wp\/v2\/pages\/17396\/revisions"}],"predecessor-version":[{"id":17619,"href":"https:\/\/djmusicgeek.com\/lv\/wp-json\/wp\/v2\/pages\/17396\/revisions\/17619"}],"wp:attachment":[{"href":"https:\/\/djmusicgeek.com\/lv\/wp-json\/wp\/v2\/media?parent=17396"}],"curies":[{"name":"wp","href":"https:\/\/api.w.org\/{rel}","templated":true}]}}