{"id":17369,"date":"2026-02-12T23:44:18","date_gmt":"2026-02-12T23:44:18","guid":{"rendered":"https:\/\/djmusicgeek.com\/best-headphones-to-buy-en-gb\/"},"modified":"2026-03-01T13:46:37","modified_gmt":"2026-03-01T13:46:37","slug":"best-headphones-to-buy-en-gb","status":"publish","type":"page","link":"https:\/\/djmusicgeek.com\/lv\/best-headphones-to-buy-en-gb\/","title":{"rendered":"10 lab\u0101k\u0101s bezvadu austi\u0146as"},"content":{"rendered":"","protected":false},"excerpt":{"rendered":"","protected":false},"author":2,"featured_media":0,"parent":0,"menu_order":0,"comment_status":"closed","ping_status":"closed","template":"sales-template.php","meta":{"_acf_changed":false,"footnotes":""},"class_list":["post-17369","page","type-page","status-publish","hentry"],"acf":{"product_url":"","product_image_1":"","product_image_2":"","product_image_3":"","product_image_4":"","product_image_5":"","product_image_6":"","product_image_7":"","product_image_8":"","product_2_supplier":"Amazon","product_2_asin":"B0CRMB9Z84","product_3_supplier":"Amazon","product_3_asin":"B0FPD1P24J","product_4_supplier":"Amazon","product_4_asin":"B0CZ6S1G4B","product_5_supplier":"Amazon","product_5_asin":"","product_6_supplier":"Amazon","product_6_asin":"","product_7_supplier":"Amazon","product_7_asin":"","product_8_supplier":"Amazon","product_8_asin":"","product_9_supplier":"Amazon","product_9_asin":"","product_10_supplier":"Amazon","product_10_asin":"","exclude_from_search":false,"product_2_url":"","product_2_image_1":"","product_2_image_2":"","product_2_image_3":"","product_3_url":"","product_3_image_1":"","product_3_image_2":"","product_3_image_3":"","language_code":"lv","product_name":"Oneodio A s\u0113rija","product_type":"Bezvadu austi\u0146as","product_type_singular":"Bezvadu austi\u0146a","features":"<p>Bluetooth 5.0 savienojam\u012bba<br \/>\nAkt\u012bv\u0101 trok\u0161\u0146u sl\u0101p\u0113\u0161anas tehnolo\u0123ija<br \/>\nIeb\u016bv\u0113ts mikrofons zvaniem<br \/>\nC tipa uzl\u0101de \u0113rt\u012bbai<br \/>\nIek\u013cauts stil\u012bgs p\u0101rn\u0113s\u0101\u0161anas futr\u0101lis<br \/>\nPagarin\u0101ta 2 gadu garantija<br \/>\n\u0112rti ausu polsteri ilgsto\u0161ai valk\u0101\u0161anai<br \/>\nAugstas iz\u0161\u0137irtsp\u0113jas ska\u0146as kvalit\u0101te<\/p>\n","rating":"9.8","intro_text":"<p>Vai mekl\u0113 lab\u0101k\u0101s bezvadu austi\u0146as, kas \u0161obr\u012bd pieejamas tirg\u016b? Nemekl\u0113 t\u0101l\u0101k! M\u0113s esam test\u0113ju\u0161i un izv\u0113rt\u0113ju\u0161i galvenos pretendentus, lai pied\u0101v\u0101tu tev sarakstu ar 10 lab\u0101kaj\u0101m bezvadu austi\u0146\u0101m, ko ieg\u0101d\u0101ties tie\u0161i tagad. Bezvadu austi\u0146as ir neaizst\u0101jamas gan m\u016bzikas m\u012b\u013cot\u0101jiem, gan tiem, kas ikdien\u0101 p\u0101rvietojas ar transportu, pied\u0101v\u0101jot br\u012bv\u012bbu no sapinu\u0161iem vadiem un nevainojamu audio pieredzi.   <\/p>\n<p>M\u016bsu visaptvero\u0161aj\u0101 apskat\u0101 m\u0113s iedzi\u013cin\u0101mies katra produkta funkcij\u0101s, plusos un m\u012bnusos, pal\u012bdzot tev pie\u0146emt pamatotu l\u0113mumu. Neatkar\u012bgi no t\u0101, vai mekl\u0113 akt\u012bvo trok\u0161\u0146u sl\u0101p\u0113\u0161anu, izcilu ska\u0146as kvalit\u0101ti vai ilgsto\u0161u komfortu, m\u016bsu ce\u013cvedis aptver visu. Ienirsim bezvadu austi\u0146u pasaul\u0113 un atrad\u012bsim tev piem\u0113rot\u0101ko p\u0101ri!  <\/p>\n","text_before_product_box":"<p>Pareizo austi\u0146u izv\u0113le var b\u016bt sare\u017e\u0123\u012bts uzdevums, jo ir pieejams tik daudz iesp\u0113ju. M\u016bsu m\u0113r\u0137is ir vienk\u0101r\u0161ot tavu l\u0113mumu pie\u0146em\u0161anas procesu, sniedzot detaliz\u0113tu ieskatu katra p\u0101ra veiktsp\u0113j\u0101 un funkcij\u0101s. No modern\u0101kaj\u0101m trok\u0161\u0146u sl\u0101p\u0113\u0161anas tehnolo\u0123ij\u0101m l\u012bdz izcilam akumulatora darb\u012bbas laikam \u2013 m\u016bsu atlas\u012btie produkti ir augst\u0101k\u0101 l\u012bme\u0146a.  <\/p>\n<p>Seko l\u012bdzi, jo m\u0113s atkl\u0101sim savu pirmo izv\u0113li \u2013 Oneodio A s\u0113riju, kas izce\u013cas ar izcilu veiktsp\u0113ju un izcilu v\u0113rt\u012bbu. Lasi t\u0101l\u0101k, lai uzzin\u0101tu, k\u0101p\u0113c \u0161is modelis ir m\u016bsu galven\u0101 izv\u0113le un k\u0101 citi pretendenti izskat\u0101s sal\u012bdzin\u0101jum\u0101. <\/p>\n","text_after_product_box":"<p>M\u016bsu metodolo\u0123ija lab\u0101ko bezvadu austi\u0146u atlasei ietv\u0113ra stingru ska\u0146as kvalit\u0101tes, trok\u0161\u0146u sl\u0101p\u0113\u0161anas sp\u0113ju, akumulatora darb\u012bbas laika un visp\u0101r\u0113j\u0101 komforta test\u0113\u0161anu. M\u0113s \u0146\u0113m\u0101m v\u0113r\u0101 ar\u012b lietot\u0101ju atsauksmes un ekspertu viedok\u013cus, lai nodro\u0161in\u0101tu vispus\u012bgu skat\u012bjumu. <\/p>\n<p>Lielisk\u0101m bezvadu austi\u0146\u0101m vajadz\u0113tu neman\u0101mi iek\u013cauties tav\u0101 dz\u012bvesveid\u0101, nodro\u0161inot ne tikai lielisku audio, bet ar\u012b komfortu un \u0113rt\u012bbas. Neatkar\u012bgi no t\u0101, vai izmanto t\u0101s ce\u013c\u0101 uz darbu, treni\u0146a laik\u0101 vai pie rakst\u0101mgalda, pareizajam p\u0101rim vajadz\u0113tu uzlabot tavu pieredzi, nevis to trauc\u0113t. <\/p>\n","why_the_best_text":"<p>Oneodio A s\u0113rija ir m\u016bsu galven\u0101 izv\u0113le vair\u0101ku iemeslu d\u0113\u013c. Pirmk\u0101rt, t\u0101s modern\u0101 Bluetooth 5.0 savienojam\u012bba nodro\u0161ina stabilu un vienm\u0113r\u012bgu audio pieredzi, \u013caujot baud\u012bt m\u016bziku bez p\u0101rtraukumiem. Akt\u012bv\u0101s trok\u0161\u0146u sl\u0101p\u0113\u0161anas funkcija ir \u012bpa\u0161i iespaid\u012bga, padarot t\u0101s ide\u0101li piem\u0113rotas bie\u017eiem ce\u013cot\u0101jiem un tiem, kas atrodas trok\u0161\u0146ain\u0101 vid\u0113.  <\/p>\n<p>Tas, kas at\u0161\u0137ir Oneodio A s\u0113riju no konkurentiem, ir t\u0101s p\u0101rdom\u0101tais dizains un pagarin\u0101t\u0101 2 gadu garantija. Tas ne tikai apliecina z\u012bmola p\u0101rliec\u012bbu par savu produktu, bet ar\u012b sniedz mieru lietot\u0101jiem. \u0112rtie ausu polsteri un augstas iz\u0161\u0137irtsp\u0113jas ska\u0146as kvalit\u0101te v\u0113l vair\u0101k uzlabo to pievilc\u012bbu, padarot t\u0101s par daudzpus\u012bgu izv\u0113li da\u017e\u0101d\u0101m klaus\u012b\u0161an\u0101s vajadz\u012bb\u0101m.  <\/p>\n","reviews_text":"<p>Lai gan Oneodio A s\u0113rija v\u0113l nav sa\u0146\u0113musi lietot\u0101ju atsauksmes, t\u0101s funkciju kopums un specifik\u0101cijas dai\u013crun\u012bgi liecina par t\u0101s potenci\u0101lu. Ar Bluetooth 5.0, akt\u012bvo trok\u0161\u0146u sl\u0101p\u0113\u0161anu un ieb\u016bv\u0113tu mikrofonu \u0161\u012bs austi\u0146as ir izstr\u0101d\u0101tas, lai atbilstu m\u016bsdienu lietot\u0101ju vajadz\u012bb\u0101m. P\u0101rn\u0113s\u0101\u0161anas futr\u0101lis un pagarin\u0101t\u0101 2 gadu garantija v\u0113l vair\u0101k palielina to pievilc\u012bbu.  <\/p>\n<p>Ekspertu viedok\u013ci liecina, ka Oneodio A s\u0113rija ir sp\u0113c\u012bgs konkurents bezvadu austi\u0146u tirg\u016b, pied\u0101v\u0101jot stila, funkciju un uzticam\u012bbas apvienojumu. To \u0113rtais dizains un augstas iz\u0161\u0137irtsp\u0113jas ska\u0146a padara t\u0101s par daudzsolo\u0161u izv\u0113li gan audiofiliem, gan ikdienas klaus\u012bt\u0101jiem. <\/p>\n","top_pick_box_text":"<p>Oneodio A s\u0113rija izce\u013cas k\u0101 lab\u0101k\u0101s bezvadu austi\u0146as ar izcilu trok\u0161\u0146u sl\u0101p\u0113\u0161anu, augstas kvalit\u0101tes ska\u0146u un lietot\u0101jam draudz\u012bg\u0101m funkcij\u0101m. Ide\u0101li piem\u0113rotas gan m\u016bzikas m\u012b\u013cot\u0101jiem, gan profesion\u0101\u013ciem. <\/p>\n","bottom_text":"<p>Nosl\u0113gum\u0101 j\u0101saka, ka Oneodio A s\u0113rija ir izcil\u0101k\u0101 izv\u0113le ikvienam, kur\u0161 mekl\u0113 augstas kvalit\u0101tes bezvadu austi\u0146as. To moderno funkciju, komforta un uzticam\u012bbas kombin\u0101cija padara t\u0101s par izcilu iesp\u0113ju tirg\u016b. <\/p>\n<p>Vai esi gatavs uzlabot savu audio pieredzi? Izv\u0113lies Oneodio A s\u0113riju un izbaudi perfektu stila un veiktsp\u0113jas apvienojumu. Negaidi \u2013 ieg\u0101d\u0101jies savu p\u0101ri jau \u0161odien un piedz\u012bvo ska\u0146u k\u0101 v\u0113l nekad!  <\/p>\n","product_2_text_after":"<p>JLab JBuds LUX ANC austi\u0146as ierindojas m\u016bsu otraj\u0101 viet\u0101, pied\u0101v\u0101jot lielisku veiktsp\u0113jas un v\u0113rt\u012bbas l\u012bdzsvaru. Ar viedo akt\u012bvo trok\u0161\u0146u sl\u0101p\u0113\u0161anu t\u0101s piel\u0101gojas tavai videi, nodro\u0161inot, ka vari koncentr\u0113ties uz svar\u012bg\u0101ko. Lietot\u0101ji slav\u0113 to \u0113rto dizainu, ilgo akumulatora darb\u012bbas laiku un iesp\u0113ju vienlaikus izveidot savienojumu ar vair\u0101k\u0101m ier\u012bc\u0113m.  <\/p>\n<p>Tom\u0113r, lai gan t\u0101s pied\u0101v\u0101 iespaid\u012bgas funkcijas par savu cenu, da\u017ei lietot\u0101ji ir atz\u012bm\u0113ju\u0161i, ka ska\u0146as kvalit\u0101te glu\u017ei nesasniedz augst\u0101k\u0101s klases mode\u013cu l\u012bmeni. Tom\u0113r tiem, kas mekl\u0113 pieejamas, bet funkcij\u0101m bag\u0101tas austi\u0146as, JLab JBuds ir lielisks variants. <\/p>\n","text_after_product_box_2":"<p>Tehnolo\u0123ij\u0101m att\u012bstoties, pilnveidojas ar\u012b bezvadu austi\u0146u funkcijas un iesp\u0113jas. Mekl\u0113 mode\u013cus ar jaun\u0101kaj\u0101m Bluetooth versij\u0101m lab\u0101kam savienojumam un apsver tos, kuriem ir piel\u0101gojami ska\u0146as profili atbilsto\u0161i tav\u0101m v\u0113lm\u0113m. <\/p>\n<p>Atceries, ka ieguld\u012bjums kvalitat\u012bv\u0101s austi\u0146\u0101s nav saist\u012bts tikai ar ska\u0146u \u2013 tas ir par tavas ikdienas pieredzes uzlabo\u0161anu. Apsver savas specifisk\u0101s vajadz\u012bbas un lieto\u0161anas veidus, lai atrastu vispiem\u0113rot\u0101ko variantu. <\/p>\n","product_3_text_after":"<p>TOZO HT3 austi\u0146as ierindojas tre\u0161aj\u0101 viet\u0101 ar sp\u0113c\u012bgu funkciju kl\u0101stu, tostarp AI t\u0113rz\u0113\u0161anas trok\u0161\u0146u sl\u0101p\u0113\u0161anu un dubulto Bluetooth savienojam\u012bbu. T\u0101s lepojas ar neticamu 90 stundu akumulatora darb\u012bbas laiku, padarot t\u0101s ide\u0101li piem\u0113rotas gariem braucieniem vai ilgsto\u0161ai lieto\u0161anai bez bie\u017eas uzl\u0101des. <\/p>\n<p>Lai gan t\u0101s pied\u0101v\u0101 lielisku v\u0113rt\u012bbu, da\u017ei lietot\u0101ji min\u0113ja, ka ska\u0146as kvalit\u0101te, lai ar\u012b laba, nav tik bag\u0101t\u012bga k\u0101 premium mode\u013ciem. Tom\u0113r to iespaid\u012bgais akumulatora darb\u012bbas laiks un robustais funkciju kl\u0101sts padara t\u0101s par lielisku bud\u017eeta izv\u0113li tiem, kam nepiecie\u0161ama ilgsto\u0161a veiktsp\u0113ja. <\/p>\n","product_4_text_after":"<p>GarageRock E7 austi\u0146as pied\u0101v\u0101 stabilu veiktsp\u0113ju ar akt\u012bvo trok\u0161\u0146u sl\u0101p\u0113\u0161anu un dzi\u013cu basu ska\u0146as kvalit\u0101ti. To \u0113rtie prote\u012bna ausu spilventi\u0146i un 30 stundu akumulatora darb\u012bbas laiks padara t\u0101s piem\u0113rotas valk\u0101\u0161anai visas dienas garum\u0101. <\/p>\n<p>Neskatoties uz lielisko ska\u0146as kvalit\u0101ti, da\u017ei lietot\u0101ji atz\u012bm\u0113ja, ka uzb\u016bves kvalit\u0101ti var\u0113tu uzlabot. T\u0101s ir uzticama izv\u0113le tiem, kas mekl\u0113 pieejamas, \u0113rtas austi\u0146as ar labu ska\u0146as veiktsp\u0113ju. <\/p>\n","product_5_text_after":"<p>Oneodio A6 ANC austi\u0146as ir lielisks vid\u0113j\u0101s klases variants ar hibr\u012bda akt\u012bvo trok\u0161\u0146u sl\u0101p\u0113\u0161anu un Hi-Res audio kvalit\u0101ti. T\u0101s ir paredz\u0113tas aizraut\u012bgiem m\u016bzikas m\u012b\u013cot\u0101jiem, kuri pieprasa augstas kvalit\u0101tes ska\u0146u un komfortu. <\/p>\n<p>Lai gan t\u0101m tr\u016bkst lietot\u0101ju atsauksmju, to funkcij\u0101m bag\u0101tais dizains un konkur\u0113tsp\u0113j\u012bg\u0101 cena padara t\u0101s par iev\u0113r\u012bbas cien\u012bgu pretendentu. Ide\u0101li piem\u0113rotas tiem, kas v\u0113las l\u012bdzsvaru starp cenu un veiktsp\u0113ju, Oneodio A6 pied\u0101v\u0101 lielisku klaus\u012b\u0161an\u0101s pieredzi. <\/p>\n","product_6_text_after":"<p>SOUNDPEATS austi\u0146as p\u0101rsteidz ar savu augstas iz\u0161\u0137irtsp\u0113jas audio sertific\u0113to ska\u0146u un dubulto akt\u012bvo trok\u0161\u0146u sl\u0101p\u0113\u0161anas tehnolo\u0123iju. Ar 40 stundu akumulatora darb\u012bbas laiku t\u0101s ir piem\u0113rotas lietot\u0101jiem, kuri nov\u0113rt\u0113 ilgsto\u0161u atska\u0146o\u0161anas laiku un izcilu ska\u0146as skaidr\u012bbu. <\/p>\n<p>Tom\u0113r lietot\u0101ju atsauksmju tr\u016bkums var\u0113tu b\u016bt apsv\u0113rums potenci\u0101lajiem pirc\u0113jiem. T\u0101s joproj\u0101m ir interesanta iesp\u0113ja tiem, kas mekl\u0113 kvalitat\u012bvu ska\u0146u un trok\u0161\u0146u sl\u0101p\u0113\u0161anas sp\u0113jas iztur\u012bg\u0101 iepakojum\u0101. <\/p>\n"},"yoast_head":"<!-- This site is optimized with the Yoast SEO plugin v27.4 - https:\/\/yoast.com\/product\/yoast-seo-wordpress\/ -->\n<title>10 lab\u0101k\u0101s bezvadu austi\u0146as - DJ Music Geek<\/title>\n<meta name=\"robots\" content=\"index, follow, max-snippet:-1, max-image-preview:large, max-video-preview:-1\" \/>\n<link rel=\"canonical\" href=\"https:\/\/djmusicgeek.com\/lv\/best-headphones-to-buy-en-gb\/\" \/>\n<meta property=\"og:locale\" content=\"lv_LV\" \/>\n<meta property=\"og:type\" content=\"article\" \/>\n<meta property=\"og:title\" content=\"10 lab\u0101k\u0101s bezvadu austi\u0146as - DJ Music Geek\" \/>\n<meta property=\"og:url\" content=\"https:\/\/djmusicgeek.com\/lv\/best-headphones-to-buy-en-gb\/\" \/>\n<meta property=\"og:site_name\" content=\"DJ Music Geek\" \/>\n<meta property=\"article:modified_time\" content=\"2026-03-01T13:46:37+00:00\" \/>\n<meta name=\"twitter:card\" content=\"summary_large_image\" \/>\n<script type=\"application\/ld+json\" class=\"yoast-schema-graph\">{\"@context\":\"https:\\\/\\\/schema.org\",\"@graph\":[{\"@type\":\"WebPage\",\"@id\":\"https:\\\/\\\/djmusicgeek.com\\\/lv\\\/best-headphones-to-buy-en-gb\\\/\",\"url\":\"https:\\\/\\\/djmusicgeek.com\\\/lv\\\/best-headphones-to-buy-en-gb\\\/\",\"name\":\"10 lab\u0101k\u0101s bezvadu austi\u0146as - DJ Music Geek\",\"isPartOf\":{\"@id\":\"https:\\\/\\\/djmusicgeek.com\\\/#website\"},\"datePublished\":\"2026-02-12T23:44:18+00:00\",\"dateModified\":\"2026-03-01T13:46:37+00:00\",\"breadcrumb\":{\"@id\":\"https:\\\/\\\/djmusicgeek.com\\\/lv\\\/best-headphones-to-buy-en-gb\\\/#breadcrumb\"},\"inLanguage\":\"lv-LV\",\"potentialAction\":[{\"@type\":\"ReadAction\",\"target\":[\"https:\\\/\\\/djmusicgeek.com\\\/lv\\\/best-headphones-to-buy-en-gb\\\/\"]}]},{\"@type\":\"BreadcrumbList\",\"@id\":\"https:\\\/\\\/djmusicgeek.com\\\/lv\\\/best-headphones-to-buy-en-gb\\\/#breadcrumb\",\"itemListElement\":[{\"@type\":\"ListItem\",\"position\":1,\"name\":\"S\u0101kums\",\"item\":\"https:\\\/\\\/djmusicgeek.com\\\/\"},{\"@type\":\"ListItem\",\"position\":2,\"name\":\"10 lab\u0101k\u0101s bezvadu austi\u0146as\"}]},{\"@type\":\"WebSite\",\"@id\":\"https:\\\/\\\/djmusicgeek.com\\\/#website\",\"url\":\"https:\\\/\\\/djmusicgeek.com\\\/\",\"name\":\"DJ Music Geek\",\"description\":\"\",\"potentialAction\":[{\"@type\":\"SearchAction\",\"target\":{\"@type\":\"EntryPoint\",\"urlTemplate\":\"https:\\\/\\\/djmusicgeek.com\\\/?s={search_term_string}\"},\"query-input\":{\"@type\":\"PropertyValueSpecification\",\"valueRequired\":true,\"valueName\":\"search_term_string\"}}],\"inLanguage\":\"lv-LV\"}]}<\/script>\n<!-- \/ Yoast SEO plugin. -->","yoast_head_json":{"title":"10 lab\u0101k\u0101s bezvadu austi\u0146as - DJ Music Geek","robots":{"index":"index","follow":"follow","max-snippet":"max-snippet:-1","max-image-preview":"max-image-preview:large","max-video-preview":"max-video-preview:-1"},"canonical":"https:\/\/djmusicgeek.com\/lv\/best-headphones-to-buy-en-gb\/","og_locale":"lv_LV","og_type":"article","og_title":"10 lab\u0101k\u0101s bezvadu austi\u0146as - DJ Music Geek","og_url":"https:\/\/djmusicgeek.com\/lv\/best-headphones-to-buy-en-gb\/","og_site_name":"DJ Music Geek","article_modified_time":"2026-03-01T13:46:37+00:00","twitter_card":"summary_large_image","schema":{"@context":"https:\/\/schema.org","@graph":[{"@type":"WebPage","@id":"https:\/\/djmusicgeek.com\/lv\/best-headphones-to-buy-en-gb\/","url":"https:\/\/djmusicgeek.com\/lv\/best-headphones-to-buy-en-gb\/","name":"10 lab\u0101k\u0101s bezvadu austi\u0146as - DJ Music Geek","isPartOf":{"@id":"https:\/\/djmusicgeek.com\/#website"},"datePublished":"2026-02-12T23:44:18+00:00","dateModified":"2026-03-01T13:46:37+00:00","breadcrumb":{"@id":"https:\/\/djmusicgeek.com\/lv\/best-headphones-to-buy-en-gb\/#breadcrumb"},"inLanguage":"lv-LV","potentialAction":[{"@type":"ReadAction","target":["https:\/\/djmusicgeek.com\/lv\/best-headphones-to-buy-en-gb\/"]}]},{"@type":"BreadcrumbList","@id":"https:\/\/djmusicgeek.com\/lv\/best-headphones-to-buy-en-gb\/#breadcrumb","itemListElement":[{"@type":"ListItem","position":1,"name":"S\u0101kums","item":"https:\/\/djmusicgeek.com\/"},{"@type":"ListItem","position":2,"name":"10 lab\u0101k\u0101s bezvadu austi\u0146as"}]},{"@type":"WebSite","@id":"https:\/\/djmusicgeek.com\/#website","url":"https:\/\/djmusicgeek.com\/","name":"DJ Music Geek","description":"","potentialAction":[{"@type":"SearchAction","target":{"@type":"EntryPoint","urlTemplate":"https:\/\/djmusicgeek.com\/?s={search_term_string}"},"query-input":{"@type":"PropertyValueSpecification","valueRequired":true,"valueName":"search_term_string"}}],"inLanguage":"lv-LV"}]}},"_links":{"self":[{"href":"https:\/\/djmusicgeek.com\/lv\/wp-json\/wp\/v2\/pages\/17369","targetHints":{"allow":["GET"]}}],"collection":[{"href":"https:\/\/djmusicgeek.com\/lv\/wp-json\/wp\/v2\/pages"}],"about":[{"href":"https:\/\/djmusicgeek.com\/lv\/wp-json\/wp\/v2\/types\/page"}],"author":[{"embeddable":true,"href":"https:\/\/djmusicgeek.com\/lv\/wp-json\/wp\/v2\/users\/2"}],"replies":[{"embeddable":true,"href":"https:\/\/djmusicgeek.com\/lv\/wp-json\/wp\/v2\/comments?post=17369"}],"version-history":[{"count":1,"href":"https:\/\/djmusicgeek.com\/lv\/wp-json\/wp\/v2\/pages\/17369\/revisions"}],"predecessor-version":[{"id":17641,"href":"https:\/\/djmusicgeek.com\/lv\/wp-json\/wp\/v2\/pages\/17369\/revisions\/17641"}],"wp:attachment":[{"href":"https:\/\/djmusicgeek.com\/lv\/wp-json\/wp\/v2\/media?parent=17369"}],"curies":[{"name":"wp","href":"https:\/\/api.w.org\/{rel}","templated":true}]}}