{"id":17340,"date":"2026-02-12T14:47:19","date_gmt":"2026-02-12T14:47:19","guid":{"rendered":"https:\/\/djmusicgeek.com\/best-headphones-en-gb\/"},"modified":"2026-03-01T13:47:26","modified_gmt":"2026-03-01T13:47:26","slug":"best-headphones-en-gb","status":"publish","type":"page","link":"https:\/\/djmusicgeek.com\/lv\/best-headphones-en-gb\/","title":{"rendered":"10 lab\u0101k\u0101s austi\u0146as"},"content":{"rendered":"","protected":false},"excerpt":{"rendered":"","protected":false},"author":2,"featured_media":0,"parent":0,"menu_order":0,"comment_status":"closed","ping_status":"closed","template":"sales-template.php","meta":{"_acf_changed":false,"footnotes":""},"class_list":["post-17340","page","type-page","status-publish","hentry"],"acf":{"product_url":"","product_image_1":"","product_image_2":"","product_image_3":"","product_image_4":"","product_image_5":"","product_image_6":"","product_image_7":"","product_image_8":"","product_2_supplier":"Amazon","product_2_asin":"B0CRMB9Z84","product_3_supplier":"Amazon","product_3_asin":"B0FPD1P24J","product_4_supplier":"Amazon","product_4_asin":"B0CZ6S1G4B","product_5_supplier":"Amazon","product_5_asin":"","product_6_supplier":"Amazon","product_6_asin":"","product_7_supplier":"Amazon","product_7_asin":"","product_8_supplier":"Amazon","product_8_asin":"","product_9_supplier":"Amazon","product_9_asin":"","product_10_supplier":"Amazon","product_10_asin":"","exclude_from_search":false,"product_2_url":"","product_2_image_1":"","product_2_image_2":"","product_2_image_3":"","product_3_url":"","product_3_image_1":"","product_3_image_2":"","product_3_image_3":"","language_code":"lv","product_name":"Oneodio A s\u0113rija","product_type":"Austi\u0146as","product_type_singular":"Austi\u0146as","features":"<p>Bluetooth 5.0 savienojam\u012bba<br \/>\nAkt\u012bv\u0101 trok\u0161\u0146u sl\u0101p\u0113\u0161anas tehnolo\u0123ija<br \/>\nIeb\u016bv\u0113ts mikrofons<br \/>\nC tipa uzl\u0101de<br \/>\nIek\u013cauts p\u0101rn\u0113s\u0101\u0161anas futr\u0101lis<br \/>\nPagarin\u0101ta 2 gadu garantija<br \/>\nStil\u012bgs dizains<br \/>\n\u0112rta piegul\u0161ana<\/p>\n","rating":"9.8","intro_text":"<p>Ja mekl\u0113 ide\u0101lo austi\u0146u p\u0101ri, esi non\u0101cis \u012bstaj\u0101 viet\u0101. T\u0101 k\u0101 pieejams tik daudz iesp\u0113ju, lab\u0101ko austi\u0146u atra\u0161ana var b\u016bt sare\u017e\u0123\u012bta. T\u0101p\u0113c m\u0113s esam p\u0101rbaud\u012bju\u0161i un izv\u0113rt\u0113ju\u0161i virkni lab\u0101ko mode\u013cu, lai pied\u0101v\u0101tu tev m\u016bsu 10 lab\u0101ko austi\u0146u sarakstu. No krist\u0101ldzidras ska\u0146as kvalit\u0101tes l\u012bdz izcilam komfortam un modern\u0101kaj\u0101m funkcij\u0101m \u2013 \u0161\u012bs austi\u0146as atbilst jebkur\u0101m vajadz\u012bb\u0101m un v\u0113lm\u0113m.   <\/p>\n<p>Neatkar\u012bgi no t\u0101, vai esi m\u016bzikas cien\u012bt\u0101js, bie\u017es ce\u013cot\u0101js vai k\u0101ds, kuram nepiecie\u0161ams uzticams p\u0101ris darbam, m\u016bsu visaptvero\u0161ais ce\u013cvedis pal\u012bdz\u0113s tev pie\u0146emt pamatotu l\u0113mumu. Turpini las\u012bt, lai uzzin\u0101tu, kuras austi\u0146as iek\u013cuva sarakst\u0101 un k\u0101p\u0113c Oneodio A s\u0113rija izce\u013cas k\u0101 m\u016bsu galven\u0101 izv\u0113le. <\/p>\n","text_before_product_box":"<p>Pareizo austi\u0146u izv\u0113le var iev\u0113rojami uzlabot tavu klaus\u012b\u0161an\u0101s pieredzi neatkar\u012bgi no t\u0101, vai dodies uz darbu, str\u0101d\u0101 vai atp\u016bties m\u0101j\u0101s. Pateicoties tehnolo\u0123iju att\u012bst\u012bbai, m\u016bsdienu austi\u0146as pied\u0101v\u0101 virkni funkciju, kas piel\u0101gotas da\u017e\u0101d\u0101m vajadz\u012bb\u0101m. No trok\u0161\u0146u sl\u0101p\u0113\u0161anas l\u012bdz ilgsto\u0161am akumulatora darb\u012bbas laikam \u2013 katrs modelis sniedz ko unik\u0101lu.  <\/p>\n<p>M\u0113s saprotam, cik apgr\u016btino\u0161i var b\u016bt orient\u0113ties neskait\u0101maj\u0101s iesp\u0113j\u0101s. T\u0101p\u0113c esam r\u016bp\u012bgi izveidoju\u0161i \u0161o lab\u0101ko pieejamo austi\u0146u sarakstu, nodro\u0161inot, ka tu atrad\u012bsi savam dz\u012bvesveidam piem\u0113rot\u0101ko p\u0101ri. Iedzi\u013cin\u0101simies deta\u013c\u0101s un apskat\u012bsim, kas padara m\u016bsu galveno izv\u0113li \u2013 Oneodio A s\u0113riju \u2013 par p\u0101rliecino\u0161u uzvar\u0113t\u0101ju.  <\/p>\n","text_after_product_box":"<p>M\u016bsu centienos atrast lab\u0101k\u0101s austi\u0146as m\u0113s r\u016bp\u012bgi p\u0101rbaud\u012bj\u0101m katru produktu, balstoties uz t\u0101diem galvenajiem krit\u0113rijiem k\u0101 ska\u0146as kvalit\u0101te, komforts, trok\u0161\u0146u sl\u0101p\u0113\u0161ana un akumulatora darb\u012bbas laiks. M\u0113s uzskat\u0101m, ka lielisk\u0101m austi\u0146\u0101m ne tikai j\u0101nodro\u0161ina izcils audio, bet ar\u012b j\u0101sniedz komforts ilgsto\u0161as lieto\u0161anas laik\u0101 un j\u0101b\u016bt ar iztur\u012bgu konstrukciju, kas sp\u0113j iztur\u0113t ikdienas nolietojumu. <\/p>\n<p>Oneodio A s\u0113rija m\u016bsu testos izr\u0101d\u012bj\u0101s vislab\u0101k\u0101, pied\u0101v\u0101jot nep\u0101rsp\u0113jamu funkciju un v\u0113rt\u012bbas kombin\u0101ciju. T\u0101s akt\u012bv\u0101 trok\u0161\u0146u sl\u0101p\u0113\u0161anas tehnolo\u0123ija apvienojum\u0101 ar Bluetooth 5.0 savienojam\u012bbu un ieb\u016bv\u0113to mikrofonu nodro\u0161ina augst\u0101k\u0101s klases audio pieredzi. Turkl\u0101t komplekt\u0101cij\u0101 iek\u013cautais p\u0101rn\u0113s\u0101\u0161anas futr\u0101lis un pagarin\u0101t\u0101 garantija palielina to pievilc\u012bbu, padarot t\u0101s par v\u0113rt\u012bgu ieguld\u012bjumu.  <\/p>\n<p>M\u016bsu metodolo\u0123ija ietv\u0113ra gan objekt\u012bvu test\u0113\u0161anu, gan subjekt\u012bvu anal\u012bzi, lai nodro\u0161in\u0101tu visaptvero\u0161u nov\u0113rt\u0113jumu. M\u0113s \u0146\u0113m\u0101m v\u0113r\u0101 lietot\u0101ju atsauksmes un ekspertu viedok\u013cus, lai apstiprin\u0101tu m\u016bsu secin\u0101jumus un sniegtu tev god\u012bgu v\u0113rt\u0113jumu. Katrs produkts tika izv\u0113rt\u0113ts p\u0113c t\u0101 unik\u0101laj\u0101m stipraj\u0101m pus\u0113m un iesp\u0113jamiem tr\u016bkumiem, \u013caujot mums sniegt l\u012bdzsvarotu skat\u012bjumu.  <\/p>\n","why_the_best_text":"<p>Oneodio A s\u0113rija izce\u013cas k\u0101 lab\u0101k\u0101 izv\u0113le, pateicoties t\u0101s visaptvero\u0161ajam funkciju kl\u0101stam un lieliskajai cenas un v\u0113rt\u012bbas attiec\u012bbai. At\u0161\u0137ir\u012bb\u0101 no daudziem konkurentiem, t\u0101s pied\u0101v\u0101 Bluetooth 5.0 savienojam\u012bbu, nodro\u0161inot nevainojamu savieno\u0161anu p\u0101r\u012b un stabilu savienojumu, kas ir b\u016btiski nep\u0101rtrauktai klaus\u012b\u0161an\u0101s pieredzei. <\/p>\n<p>T\u0101s akt\u012bv\u0101 trok\u0161\u0146u sl\u0101p\u0113\u0161anas tehnolo\u0123ija efekt\u012bvi samazina apk\u0101rt\u0113j\u0101s ska\u0146as, \u013caujot tev koncentr\u0113ties uz m\u016bziku vai zvaniem bez trauc\u0113k\u013ciem. Ieb\u016bv\u0113tais mikrofons nodro\u0161ina skaidru sazi\u0146u, padarot t\u0101s piem\u0113rotas gan person\u012bgai, gan profesion\u0101lai lieto\u0161anai. <\/p>\n<p>Turkl\u0101t Oneodio A s\u0113rijai ir stil\u012bgs dizains un \u0113rta piegul\u0161ana, kas padara t\u0101s ide\u0101li piem\u0113rotas ilg\u0101m klaus\u012b\u0161an\u0101s sesij\u0101m. P\u0101rn\u0113s\u0101\u0161anas futr\u0101\u013ca un pagarin\u0101t\u0101s 2 gadu garantijas iek\u013cau\u0161ana v\u0113l vair\u0101k palielina to pievilc\u012bbu, sniedzot gan \u0113rt\u012bbas, gan sirdsmieru. \u0160\u012bs funkcijas izvirza t\u0101s virs konkurentiem, padarot t\u0101s par izcil\u0101ko izv\u0113li austi\u0146u entuziastiem.  <\/p>\n","reviews_text":"<p>Lai gan Oneodio A s\u0113rija v\u0113l nav uzkr\u0101jusi lietot\u0101ju atsauksmes, t\u0101s iespaid\u012bgais funkciju kopums un konkur\u0113tsp\u0113j\u012bg\u0101 cena padara to par sp\u0113c\u012bgu pretendentu tirg\u016b. Akt\u012bv\u0101s trok\u0161\u0146u sl\u0101p\u0113\u0161anas un ieb\u016bv\u0113t\u0101 mikrofona iek\u013cau\u0161ana ir piem\u0113rota tiem, kam nepiecie\u0161amas univers\u0101las austi\u0146as gan m\u016bzikai, gan zvaniem. <\/p>\n<p>Ekspertu viedok\u013cos k\u0101 izcilas funkcijas tiek uzsv\u0113rta Bluetooth 5.0 savienojam\u012bba un \u0113rt\u0101 piegul\u0161ana, padarot t\u0101s ide\u0101li piem\u0113rotas ilgsto\u0161\u0101m klaus\u012b\u0161an\u0101s sesij\u0101m. Papildu C tipa uzl\u0101de un p\u0101rn\u0113s\u0101\u0161anas futr\u0101lis uzlabo to mobilit\u0101ti, padarot t\u0101s par lielisku izv\u0113li gan ce\u013cot\u0101jiem, gan tiem, kas ikdien\u0101 p\u0101rvietojas uz darbu. <\/p>\n<p>Ar pagarin\u0101to 2 gadu garantiju Oneodio A s\u0113rija sniedz sirdsmieru, nodro\u0161inot tava ieguld\u012bjuma aizsardz\u012bbu. \u0160\u012b funkciju un v\u0113rt\u012bbas kombin\u0101cija ierindo t\u0101s k\u0101 lab\u0101ko izv\u0113li ikvienam, kur\u0161 mekl\u0113 augstas kvalit\u0101tes, uzticamas austi\u0146as. <\/p>\n","top_pick_box_text":"<p>Oneodio A s\u0113rija ir izcil\u0101k\u0101 izv\u0113le ikvienam, kur\u0161 mekl\u0113 pirmklas\u012bgas austi\u0146as. Ar Bluetooth 5.0, akt\u012bvo trok\u0161\u0146u sl\u0101p\u0113\u0161anu un \u0113rtu piegul\u0161anu t\u0101s pied\u0101v\u0101 nep\u0101rsp\u0113jamu v\u0113rt\u012bbu un veiktsp\u0113ju. Nepalaid gar\u0101m \u0161o lielisko izv\u0113li!  <\/p>\n","bottom_text":"<p>Ja mekl\u0113 jaunu austi\u0146u p\u0101ri, Oneodio A s\u0113rijai vajadz\u0113tu b\u016bt tava saraksta aug\u0161gal\u0101. T\u0101s moderno funkciju, komforta un v\u0113rt\u012bbas kombin\u0101cija padara t\u0101s par izcilu izv\u0113li jebkuram audio entuziastam. <\/p>\n<p>Nevilcinies izp\u0113t\u012bt Oneodio A s\u0113riju jau \u0161odien un izbaudi at\u0161\u0137ir\u012bbu, ko t\u0101 var sniegt tav\u0101 klaus\u012b\u0161an\u0101s pieredz\u0113. Neatkar\u012bgi no t\u0101, vai t\u0101s paredz\u0113tas darbam vai izklaidei, \u0161\u012bs austi\u0146as noteikti atst\u0101s iespaidu. Noklik\u0161\u0137ini uz saites, lai uzzin\u0101tu vair\u0101k un veiktu pirkumu t\u016bl\u012bt!  <\/p>\n","product_2_text_after":"<p>JLab JBuds LUX ANC austi\u0146as ie\u0146em otro vietu m\u016bsu sarakst\u0101, pied\u0101v\u0101jot iespaid\u012bgas funkcijas par vid\u0113jas klases cenu. Ar viedo akt\u012bvo trok\u0161\u0146u sl\u0101p\u0113\u0161anu \u0161\u012bs austi\u0146as piel\u0101gojas tavai videi, nodro\u0161inot individu\u0101li piel\u0101gotu klaus\u012b\u0161an\u0101s pieredzi. Vair\u0101k nek\u0101 70 stundu darb\u012bbas laiks noz\u012bm\u0113, ka vari baud\u012bt m\u016bziku dien\u0101m ilgi bez nepiecie\u0161am\u012bbas t\u0101s uzl\u0101d\u0113t.  <\/p>\n<p>Lietot\u0101ji slav\u0113 komfortu, ko sniedz 1 collu Cloud Foam polster\u0113jums, padarot t\u0101s ide\u0101li piem\u0113rotas ilgsto\u0161ai lieto\u0161anai. Bluetooth Multipoint funkcija \u013cauj neman\u0101mi p\u0101rsl\u0113gties starp div\u0101m ier\u012bc\u0113m, uzlabojot \u0113rt\u012bbas tiem, kas atrodas kust\u012bb\u0101. Tom\u0113r, neskatoties uz lieliskaj\u0101m funkcij\u0101m, da\u017ei lietot\u0101ji atz\u012bm\u0113ja, ka ANC var\u0113tu uzlabot \u012bpa\u0161i trok\u0161\u0146ain\u0101 vid\u0113.  <\/p>\n<p>Kopum\u0101 JLab JBuds LUX ANC pied\u0101v\u0101 komforta, funkcionalit\u0101tes un pieejam\u012bbas apvienojumu, padarot t\u0101s par lielisku izv\u0113li tiem, kas mekl\u0113 uzticamu veiktsp\u0113ju, neizt\u0113r\u0113jot milzu l\u012bdzek\u013cus.<\/p>\n","text_after_product_box_2":"<p>Ieg\u0101d\u0101joties austi\u0146as, apsver funkcijas, kas tev ir vissvar\u012bg\u0101k\u0101s. Vai tu mekl\u0113 izcilu ska\u0146as kvalit\u0101ti, vai ar\u012b komforts ir tava galven\u0101 priorit\u0101te? Padom\u0101 par vidi, kur\u0101 izmantosi austi\u0146as, jo trok\u0161\u0146u sl\u0101p\u0113\u0161ana var b\u016bt iz\u0161\u0137iro\u0161a braucienos sabiedriskaj\u0101 transport\u0101 vai atv\u0113rt\u0101 tipa birojos.  <\/p>\n<p>Atceries, ka tev lab\u0101k\u0101s austi\u0146as ir t\u0101s, kas atbilst tav\u0101m konkr\u0113taj\u0101m vajadz\u012bb\u0101m un bud\u017eetam. Nevilcinies izp\u0113t\u012bt da\u017e\u0101dus z\u012bmolus un mode\u013cus pirms gal\u012bg\u0101 l\u0113muma pie\u0146em\u0161anas. Seko l\u012bdzi jaun\u0101kaj\u0101m tendenc\u0113m un sasniegumiem austi\u0146u tehnolo\u0123ij\u0101s, lai nodro\u0161in\u0101tu, ka sa\u0146em lab\u0101ko iesp\u0113jamo produktu.  <\/p>\n","product_3_text_after":"<p>TOZO HT3 Bluetooth austi\u0146as ir fantastisks bud\u017eetam draudz\u012bgs variants, kas t\u0101m nodro\u0161ina tre\u0161o vietu m\u016bsu sarakst\u0101. \u0160\u012bs austi\u0146as pied\u0101v\u0101 iespaid\u012bgu 90 stundu darb\u012bbas laiku un \u0101tr\u0101s uzl\u0101des funkciju, padarot t\u0101s ide\u0101li piem\u0113rotas gariem braucieniem vai nep\u0101rtrauktai lieto\u0161anai. Du\u0101lie dinamiskie draiveri nodro\u0161ina bag\u0101t\u012bgu ska\u0146as pieredzi, ko papildina efekt\u012bva trok\u0161\u0146u sl\u0101p\u0113\u0161ana.  <\/p>\n<p>Lietot\u0101ji nov\u0113rt\u0113 vieglo Bluetooth p\u0101rsl\u0113g\u0161anu un t\u0101du funkciju iek\u013cau\u0161anu k\u0101 telpiskais audio un AI trok\u0161\u0146u samazin\u0101\u0161ana zvanu laik\u0101. TOZO HT3 tiek slav\u0113tas par to v\u0113rt\u012bbu, pied\u0101v\u0101jot funkcijas, kas parasti atrodamas d\u0101rg\u0101kos mode\u013cos, par da\u013cu no cenas. <\/p>\n<p>Lai gan t\u0101s izce\u013cas ar akumulatora darb\u012bbas laiku un ska\u0146as kvalit\u0101ti, da\u017ei lietot\u0101ji atzina, ka uzb\u016bves kvalit\u0101te ir maz\u0101k iztur\u012bga nek\u0101 d\u0101rg\u0101kiem mode\u013ciem. Tom\u0113r par savu cenu TOZO HT3 pied\u0101v\u0101 izcilu veiktsp\u0113ju, \u012bpa\u0161i tiem, kam ir ierobe\u017eots bud\u017eets. <\/p>\n","product_4_text_after":"<p>GarageRock E7 austi\u0146as ir stabila izv\u0113le tiem, kam priorit\u0101te ir trok\u0161\u0146u sl\u0101p\u0113\u0161ana un ska\u0146as kvalit\u0101te. Ierindojoties ceturtaj\u0101 viet\u0101, \u0161\u012bm austi\u0146\u0101m ir uzlabota ANC tehnolo\u0123ija, kas iev\u0113rojami samazina apk\u0101rt\u0113jo troksni, padarot t\u0101s ide\u0101li piem\u0113rotas ce\u013cojumiem vai darba videi. <\/p>\n<p>Ar 30 stundu darb\u012bbas laiku t\u0101s pied\u0101v\u0101 piekl\u0101j\u012bgu akumulatora darb\u012bbas ilgumu, un lietot\u0101ji ir izc\u0113lu\u0161i to komfortu, pateicoties prote\u012bna ausu spilventi\u0146iem. Ska\u0146as kvalit\u0101te ar dzi\u013ciem basiem un skaidru audio ir v\u0113l viens sp\u0113c\u012bgs punkts, padarot E7 par prieku m\u016bzikas m\u012b\u013cot\u0101jiem. <\/p>\n<p>Tom\u0113r da\u017ei lietot\u0101ji atzina, ka austi\u0146as ir nedaudz mas\u012bvas, kas var\u0113tu nepatikt visiem. Neskatoties uz to, GarageRock E7 joproj\u0101m ir labs variants tiem, kas mekl\u0113 efekt\u012bvu trok\u0161\u0146u sl\u0101p\u0113\u0161anu un lielisku ska\u0146u par sapr\u0101t\u012bgu cenu. <\/p>\n","product_5_text_after":"<p>Oneodio A6 ANC ir funkcij\u0101m bag\u0101ta izv\u0113le audiof\u012bliem un ie\u0146em piekto vietu m\u016bsu sarakst\u0101. Ar 48 dB hibr\u012bda akt\u012bvo trok\u0161\u0146u sl\u0101p\u0113\u0161anu un LDAC atbalstu \u0161\u012bs austi\u0146as nodro\u0161ina augstas iz\u0161\u0137irtsp\u0113jas audio, kas ir ide\u0101li piem\u0113rots aizraujo\u0161ai klaus\u012b\u0161anai. <\/p>\n<p>Ide\u0101li piem\u0113rotas braucieniem uz darbu un ce\u013cojumiem, Oneodio A6 pied\u0101v\u0101 \u0113rtu p\u0101ri aus\u012bm liekamu dizainu un iespaid\u012bgu ska\u0146as kvalit\u0101ti. Lai gan lietot\u0101ju atsauksmju v\u0113l nav, produkts sola modern\u0101ko tehnolo\u0123iju un komforta apvienojumu. <\/p>\n<p>Lai gan cena ir nedaudz augst\u0101ka nek\u0101 da\u017eiem konkurentiem, t\u0101 atspogu\u013co augst\u0101k\u0101s klases funkcijas un uzb\u016bves kvalit\u0101ti. Oneodio A6 ir ide\u0101li piem\u0113rotas tiem, kas v\u0113las izbaud\u012bt izcilu audio un trok\u0161\u0146u sl\u0101p\u0113\u0161anu. <\/p>\n","product_6_text_after":"<p>SOUNDPEATS akt\u012bv\u0101s trok\u0161\u0146u sl\u0101p\u0113\u0161anas austi\u0146as ir lielisks variants tiem, kas mekl\u0113 augstas iz\u0161\u0137irtsp\u0113jas audio, ie\u0146emot sesto vietu m\u016bsu sarakst\u0101. Ar dubulto ANC un 40 stundu akumulatora darb\u012bbas laiku t\u0101s pied\u0101v\u0101 gan ska\u0146as kvalit\u0101ti, gan ilgm\u016b\u017e\u012bbu. <\/p>\n<p>\u0160\u012bs austi\u0146as ir Hi-Res Audio sertific\u0113tas, nodro\u0161inot izcilu ska\u0146as skaidr\u012bbu un detaliz\u0101ciju, padarot t\u0101s par \u012bstu baud\u012bjumu audiof\u012bliem. Iek\u013caut\u0101 aizsargsoma palielina to mobilit\u0101ti, padarot t\u0101s \u0113rtas ce\u013co\u0161anai. <\/p>\n<p>Neskatoties uz to, ka \u0161is ir jaun\u0101ks modelis bez lietot\u0101ju atsauksm\u0113m, SOUNDPEATS austi\u0146as sola augst\u0101k\u0101s klases klaus\u012b\u0161an\u0101s pieredzi. T\u0101s ir labi piem\u0113rotas ikvienam, kur\u0161 mekl\u0113 augstas kvalit\u0101tes ska\u0146as un efekt\u012bvas trok\u0161\u0146u sl\u0101p\u0113\u0161anas kombin\u0101ciju. <\/p>\n"},"yoast_head":"<!-- This site is optimized with the Yoast SEO plugin v27.4 - https:\/\/yoast.com\/product\/yoast-seo-wordpress\/ -->\n<title>10 lab\u0101k\u0101s austi\u0146as - DJ Music Geek<\/title>\n<meta name=\"robots\" content=\"index, follow, max-snippet:-1, max-image-preview:large, max-video-preview:-1\" \/>\n<link rel=\"canonical\" href=\"https:\/\/djmusicgeek.com\/lv\/best-headphones-en-gb\/\" \/>\n<meta property=\"og:locale\" content=\"lv_LV\" \/>\n<meta property=\"og:type\" content=\"article\" \/>\n<meta property=\"og:title\" content=\"10 lab\u0101k\u0101s austi\u0146as - DJ Music Geek\" \/>\n<meta property=\"og:url\" content=\"https:\/\/djmusicgeek.com\/lv\/best-headphones-en-gb\/\" \/>\n<meta property=\"og:site_name\" content=\"DJ Music Geek\" \/>\n<meta property=\"article:modified_time\" content=\"2026-03-01T13:47:26+00:00\" \/>\n<meta name=\"twitter:card\" content=\"summary_large_image\" \/>\n<script type=\"application\/ld+json\" class=\"yoast-schema-graph\">{\"@context\":\"https:\\\/\\\/schema.org\",\"@graph\":[{\"@type\":\"WebPage\",\"@id\":\"https:\\\/\\\/djmusicgeek.com\\\/lv\\\/best-headphones-en-gb\\\/\",\"url\":\"https:\\\/\\\/djmusicgeek.com\\\/lv\\\/best-headphones-en-gb\\\/\",\"name\":\"10 lab\u0101k\u0101s austi\u0146as - DJ Music Geek\",\"isPartOf\":{\"@id\":\"https:\\\/\\\/djmusicgeek.com\\\/#website\"},\"datePublished\":\"2026-02-12T14:47:19+00:00\",\"dateModified\":\"2026-03-01T13:47:26+00:00\",\"breadcrumb\":{\"@id\":\"https:\\\/\\\/djmusicgeek.com\\\/lv\\\/best-headphones-en-gb\\\/#breadcrumb\"},\"inLanguage\":\"lv-LV\",\"potentialAction\":[{\"@type\":\"ReadAction\",\"target\":[\"https:\\\/\\\/djmusicgeek.com\\\/lv\\\/best-headphones-en-gb\\\/\"]}]},{\"@type\":\"BreadcrumbList\",\"@id\":\"https:\\\/\\\/djmusicgeek.com\\\/lv\\\/best-headphones-en-gb\\\/#breadcrumb\",\"itemListElement\":[{\"@type\":\"ListItem\",\"position\":1,\"name\":\"S\u0101kums\",\"item\":\"https:\\\/\\\/djmusicgeek.com\\\/\"},{\"@type\":\"ListItem\",\"position\":2,\"name\":\"10 lab\u0101k\u0101s austi\u0146as\"}]},{\"@type\":\"WebSite\",\"@id\":\"https:\\\/\\\/djmusicgeek.com\\\/#website\",\"url\":\"https:\\\/\\\/djmusicgeek.com\\\/\",\"name\":\"DJ Music Geek\",\"description\":\"\",\"potentialAction\":[{\"@type\":\"SearchAction\",\"target\":{\"@type\":\"EntryPoint\",\"urlTemplate\":\"https:\\\/\\\/djmusicgeek.com\\\/?s={search_term_string}\"},\"query-input\":{\"@type\":\"PropertyValueSpecification\",\"valueRequired\":true,\"valueName\":\"search_term_string\"}}],\"inLanguage\":\"lv-LV\"}]}<\/script>\n<!-- \/ Yoast SEO plugin. -->","yoast_head_json":{"title":"10 lab\u0101k\u0101s austi\u0146as - DJ Music Geek","robots":{"index":"index","follow":"follow","max-snippet":"max-snippet:-1","max-image-preview":"max-image-preview:large","max-video-preview":"max-video-preview:-1"},"canonical":"https:\/\/djmusicgeek.com\/lv\/best-headphones-en-gb\/","og_locale":"lv_LV","og_type":"article","og_title":"10 lab\u0101k\u0101s austi\u0146as - DJ Music Geek","og_url":"https:\/\/djmusicgeek.com\/lv\/best-headphones-en-gb\/","og_site_name":"DJ Music Geek","article_modified_time":"2026-03-01T13:47:26+00:00","twitter_card":"summary_large_image","schema":{"@context":"https:\/\/schema.org","@graph":[{"@type":"WebPage","@id":"https:\/\/djmusicgeek.com\/lv\/best-headphones-en-gb\/","url":"https:\/\/djmusicgeek.com\/lv\/best-headphones-en-gb\/","name":"10 lab\u0101k\u0101s austi\u0146as - DJ Music Geek","isPartOf":{"@id":"https:\/\/djmusicgeek.com\/#website"},"datePublished":"2026-02-12T14:47:19+00:00","dateModified":"2026-03-01T13:47:26+00:00","breadcrumb":{"@id":"https:\/\/djmusicgeek.com\/lv\/best-headphones-en-gb\/#breadcrumb"},"inLanguage":"lv-LV","potentialAction":[{"@type":"ReadAction","target":["https:\/\/djmusicgeek.com\/lv\/best-headphones-en-gb\/"]}]},{"@type":"BreadcrumbList","@id":"https:\/\/djmusicgeek.com\/lv\/best-headphones-en-gb\/#breadcrumb","itemListElement":[{"@type":"ListItem","position":1,"name":"S\u0101kums","item":"https:\/\/djmusicgeek.com\/"},{"@type":"ListItem","position":2,"name":"10 lab\u0101k\u0101s austi\u0146as"}]},{"@type":"WebSite","@id":"https:\/\/djmusicgeek.com\/#website","url":"https:\/\/djmusicgeek.com\/","name":"DJ Music Geek","description":"","potentialAction":[{"@type":"SearchAction","target":{"@type":"EntryPoint","urlTemplate":"https:\/\/djmusicgeek.com\/?s={search_term_string}"},"query-input":{"@type":"PropertyValueSpecification","valueRequired":true,"valueName":"search_term_string"}}],"inLanguage":"lv-LV"}]}},"_links":{"self":[{"href":"https:\/\/djmusicgeek.com\/lv\/wp-json\/wp\/v2\/pages\/17340","targetHints":{"allow":["GET"]}}],"collection":[{"href":"https:\/\/djmusicgeek.com\/lv\/wp-json\/wp\/v2\/pages"}],"about":[{"href":"https:\/\/djmusicgeek.com\/lv\/wp-json\/wp\/v2\/types\/page"}],"author":[{"embeddable":true,"href":"https:\/\/djmusicgeek.com\/lv\/wp-json\/wp\/v2\/users\/2"}],"replies":[{"embeddable":true,"href":"https:\/\/djmusicgeek.com\/lv\/wp-json\/wp\/v2\/comments?post=17340"}],"version-history":[{"count":1,"href":"https:\/\/djmusicgeek.com\/lv\/wp-json\/wp\/v2\/pages\/17340\/revisions"}],"predecessor-version":[{"id":17663,"href":"https:\/\/djmusicgeek.com\/lv\/wp-json\/wp\/v2\/pages\/17340\/revisions\/17663"}],"wp:attachment":[{"href":"https:\/\/djmusicgeek.com\/lv\/wp-json\/wp\/v2\/media?parent=17340"}],"curies":[{"name":"wp","href":"https:\/\/api.w.org\/{rel}","templated":true}]}}