{"id":12779,"date":"2024-06-14T21:53:57","date_gmt":"2024-06-14T21:53:57","guid":{"rendered":"https:\/\/djmusicgeek.com\/labakas-spelesanas-top-10-labakas-spelesanas-ieskanotajierices-ko-iegadaties\/"},"modified":"2026-03-01T13:47:54","modified_gmt":"2026-03-01T13:47:54","slug":"labakas-spelesanas-top-10-labakas-spelesanas-ieskanotajierices-ko-iegadaties","status":"publish","type":"page","link":"https:\/\/djmusicgeek.com\/lv\/labakas-spelesanas-top-10-labakas-spelesanas-ieskanotajierices-ko-iegadaties\/","title":{"rendered":"10 lab\u0101k\u0101s sp\u0113\u013cu austi\u0146as \u2013"},"content":{"rendered":"","protected":false},"excerpt":{"rendered":"","protected":false},"author":2,"featured_media":0,"parent":0,"menu_order":0,"comment_status":"closed","ping_status":"closed","template":"sales-template.php","meta":{"_acf_changed":false,"footnotes":""},"class_list":["post-12779","page","type-page","status-publish","hentry"],"acf":{"product_3_supplier":"Amazon","product_4_supplier":"Amazon","product_5_supplier":"Amazon","product_6_supplier":"Amazon","product_7_supplier":"Amazon","product_8_supplier":"Amazon","product_9_supplier":"Amazon","product_10_supplier":"Amazon","product_3_url":"","exclude_from_search":true,"product_2_supplier":"Shopsta","product_price_shortcode":"\u20ac124.99","product_discount_price_shortcode":"\u20ac99.99","product_2_price":"\u20ac109.99","product_2_discount_price":"\u20ac87.99","product_3_image_1":"","product_3_image_2":"","product_3_image_3":"","product_3_asin":"B07B81D162","product_4_asin":"B07PRYFGXG","product_5_asin":"B08NTYB4M7","product_6_asin":"B07FZVXS8H","product_7_asin":"B09GW7NHL4","product_8_asin":"B07W5JKB8Z","product_2_asin":"","product_9_asin":"","product_10_asin":"","product_url":"products\/commander-g-series-wireless-edition","product_image_1":"https:\/\/www.shopsta.co.uk\/cdn\/shop\/files\/O1CN01ZcemJx1QlNZq4L8LS__2901482016-0-ampmedia_798x798.jpg?v=1764763575","product_image_2":"https:\/\/www.shopsta.co.uk\/cdn\/shop\/files\/O1CN01IR0kAX1QlNZrMlWQ4__2901482016-0-ampmedia_798x798.jpg?v=1764763575","product_image_3":"https:\/\/www.shopsta.co.uk\/cdn\/shop\/files\/O1CN01ofXqk01QlNZqNuSLV__2901482016-0-ampmedia_798x798.jpg?v=1764763575","product_image_4":"https:\/\/djmusicgeek.com\/wp-content\/uploads\/2025\/12\/commander-top-50.jpeg","product_image_5":"https:\/\/www.shopsta.co.uk\/cdn\/shop\/files\/O1CN01ZcemJx1QlNZq4L8LS__2901482016-0-ampmedia_798x798.jpg?v=1764763575","product_2_url":"products\/somic-g-series-wireless-gaming-headset","product_2_image_1":"https:\/\/djmusicgeek.com\/wp-content\/uploads\/2023\/02\/SOMIC-G760-Wireless-Gamer-Headset-Detachable-Mic-Bluetooth-2-4G-Wired-3in1-Headphone-for-PS5-PS4.jpg_Q90.jpg","product_2_image_2":"https:\/\/djmusicgeek.com\/wp-content\/uploads\/2023\/02\/8c6029491e9d78d6d7c55d6a97d52490_1600x1600_d063843b-7174-45e3-a17a-1f9f816a4166_1360x1360.webp","product_2_image_3":"https:\/\/djmusicgeek.com\/wp-content\/uploads\/2023\/02\/650d93954cd3914c2b7de270df928da5_1600x1600_256d8234-8373-4a0b-8fcc-eed1c89a1b70_1360x1360.webp","product_image_6":"","product_image_7":"","product_image_8":"","language_code":"lv","product_name":"Commander G s\u0113rija","product_type":"Sp\u0113\u013cu austi\u0146as","product_type_singular":"Sp\u0113\u013cu austi\u0146as","product_full_name":"Commander G Series \u2014 160 stundu akumulators \u2014 7.1 Surround Sound bezvadu sp\u0113\u013cu austi\u0146as","bullet_points":"<ul>\n<li>SP\u0112LE K\u0100 V\u0112L NEKAD AGR\u0100K: M\u016bsu lab\u0101k\u0101s bezvadu sp\u0113\u013cu austi\u0146as kopum\u0101 ar neticami virz\u012btu ska\u0146u un p\u0101rsteidzo\u0161u komfortu.<\/li>\n<li>IEB\u016aV\u0112TA 7.1 SURROUND SKA\u0145A: Izbaudiet izcilu, sabalans\u0113tu 7.1 surround ska\u0146u ar Commander G Series surround ska\u0146as sp\u0113\u013cu austi\u0146\u0101m.<\/li>\n<li>ILGS AKUMULATORA DARBM\u016a\u017dS: Liels 160+ stundu akumulators un 20 ms bezvadu aizkave nodro\u0161ina efekt\u012bvu &#8220;re\u0101llaika&#8221; ska\u0146u.<\/li>\n<li>PROFESION\u0100LI 50 MM SKA\u013bRU\u0145I: Milz\u012bgie 50 mm ska\u013cru\u0146i kop\u0101 ar neod\u012bma magn\u0113tiem nodro\u0161ina profesion\u0101lu studijas ska\u0146as kvalit\u0101ti ar sp\u0113c\u012bgiem basiem, skaidru vok\u0101lu un skaidriem zemiem, vid\u0113jiem un augstiem to\u0146iem, veidojot perfekti sabalans\u0113tu ska\u0146u.<\/li>\n<li>3 sp\u0113l\u0113\u0161anas re\u017e\u012bmi: Izv\u0113lieties sev piem\u0113rot\u0101ko re\u017e\u012bmu, jo ar sp\u0113les re\u017e\u012bmu, filmu re\u017e\u012bmu un m\u016bzikas re\u017e\u012bmu varat izv\u0113l\u0113ties lab\u0101ko EQ, kas atbilst j\u016bsu sp\u0113les stilam.<\/li>\n<li>Piel\u0101gotais GS virtu\u0101lais 7.1 telpiskais ska\u0146as bloks \u013cauj viegl\u0101k nek\u0101 jebkad iepriek\u0161 izsekot ienaidnieka p\u0113d\u0101m t\u0101d\u0101s sp\u0113l\u0113s k\u0101 Call of Duty. \u0160\u012b piel\u0101got\u0101 mikrosh\u0113ma nodro\u0161ina prec\u012bzu ska\u0146as precizit\u0101ti visos virzienos, sniedzot jums jaunas priek\u0161roc\u012bbas sp\u0113l\u0113. <\/li>\n<li>DER\u012aGA AR VISIEM KONSOLIEM: darbojas ar PS5, PS4, PC un Mac bezvadu re\u017e\u012bm\u0101. Izmantojiet 3,5 mm austi\u0146u ligzdu Xbox un cit\u0101m ier\u012bc\u0113m. <\/li>\n<li>KRIST\u0100LU T\u012aRS MIKROFONS: \u012bpa\u0161i paredz\u0113ts sp\u0113l\u0113m ar 160\u00b0 pagrie\u017eamu roku, kas p\u0113c novieto\u0161anas paliek sav\u0101 viet\u0101. \u0160is troksni sl\u0101p\u0113jo\u0161ais mikrofons \u013cauj skaidri dzird\u0113t pat sp\u0113c\u012bga fona trok\u0161\u0146a apst\u0101k\u013cos. <\/li>\n<\/ul>\n","features":"<p>7.1 Virtu\u0101l\u0101 Surround Ska\u0146a<br \/>\nAusu polster\u0113jums \u0113rtai ilgsto\u0161ai sp\u0113l\u0113\u0161anai<br \/>\nSkaidrs mikrofons t\u0113rz\u0113\u0161anai<br \/>\nElast\u012bgs regul\u0113jams no\u0146emams mikrofons<br \/>\nMilz\u012bgs 160+ stundu akumulatora darb\u012bbas laiks<br \/>\nLieli 50 mm dinamiskie ska\u013cru\u0146i<br \/>\nBezvadu 2,4 GHz savienojums<br \/>\nDarbojas k\u0101 austi\u0146as m\u016bzikai<\/p>\n","rating":"9.8","intro_text":"<p>\u0160eit, uz\u0146\u0113mum\u0101 DJ Music Geek, m\u0113s esam aps\u0113sti ar visu, kas saist\u012bts ar audio. Apvienojot aizrau\u0161anos ar audio un m\u012blest\u012bbu pret sp\u0113l\u0113m, m\u0113s esam p\u0101rbaud\u012bju\u0161i lab\u0101k\u0101s sp\u0113\u013cu austi\u0146as, kas pieejamas tirg\u016b, lai ieg\u0101d\u0101tos 2026. Sp\u0113\u013cu austi\u0146as tagad ir \u013coti svar\u012bga sp\u0113\u013cu sast\u0101vda\u013ca, un lieliskas kvalit\u0101tes sp\u0113\u013cu austi\u0146as sniedz milz\u012bgas priek\u0161roc\u012bbas. Tagad t\u0101 ir b\u016btiska, lai g\u016btu labus rezult\u0101tus t\u0101d\u0101s sp\u0113l\u0113s k\u0101 Call of Duty, Battlefield, CS:GO, PUBG un Rainbow Six, ja minam tikai da\u017eas no t\u0101m.   <\/p>\n<p>Vienk\u0101r\u0161i ar lab\u0101k\u0101m austi\u0146\u0101m j\u016bs ieg\u016bsiet priek\u0161roc\u012bbas sal\u012bdzin\u0101jum\u0101 ar konkurentiem un var\u0113siet vi\u0146us lab\u0101k dzird\u0113t no liel\u0101kiem att\u0101lumiem. Ne tikai tas, bet ar\u012b viegla sazi\u0146a ar draugiem un \u0113rt\u012bbas ir da\u017ei citi svar\u012bgi faktori, kas j\u0101\u0146em v\u0113r\u0101. \u0160aj\u0101 rokasgr\u0101mat\u0101 atrad\u012bsiet ieteikumus par m\u016bsu v\u0113lam\u0101kaj\u0101m, kvalitat\u012bv\u0101kaj\u0101m, \u0113rt\u0101kaj\u0101m un lab\u0101kaj\u0101m austi\u0146\u0101m, no kur\u0101m izv\u0113l\u0113ties.  <\/p>\n","text_after_product_box":"<p>T\u0101tad, k\u0101p\u0113c Commander G Series ir lab\u0101k\u0101 izv\u0113le no vis\u0101m austi\u0146\u0101m, ko esam test\u0113ju\u0161i? Pirmk\u0101rt, \u0161o austi\u0146u telpisk\u0101s ska\u0146as iesp\u0113jas bija vislab\u0101k\u0101s no visiem m\u016bsu testiem. M\u0113s p\u0101rbaud\u012bj\u0101m austi\u0146as, izmantojot jaun\u0101ko Call of Duty, lai p\u0101rbaud\u012btu, cik viegli varam noteikt ienaidnieka atra\u0161an\u0101s vietu. J\u016bs varat skaidri dzird\u0113t virziena ska\u0146u, kas pal\u012bdz jums noteikt ienaidniekus, pirms tos ieraug\u0101t. Ska\u0146as kvalit\u0101te ir izcila, un m\u0113s uzvar\u0113j\u0101m vair\u0101k sp\u0113\u013cu.<\/p>\n<p>Jaun\u0101 Commander G Series ir augst\u0101k\u0101s klases sp\u0113\u013cu austi\u0146u l\u012bnija ar 160 stund\u0101m 2,4 GHz bezvadu sp\u0113l\u0113\u0161anas ar vienu uzl\u0101di. Tas nov\u0113r\u0161 nepiecie\u0161am\u012bbu p\u0113c vadiem, kas savieno j\u016bs ar konsoli vai datoru, un nodro\u0161ina n\u0101kam\u0101s paaudzes 2,4 GHz bezvadu sp\u0113\u013cu sp\u0113l\u0113\u0161anu. Vieglas un \u013coti \u0113rtas austi\u0146as ir apr\u012bkotas ar visu, ko varat iedom\u0101ties par augstas veiktsp\u0113jas austi\u0146\u0101m. Uzlabotais 7.1 virtu\u0101l\u0101s telpisk\u0101s ska\u0146as bloks ar atjaunin\u0101tiem draiveriem nodro\u0161ina patiesi augst\u0101ku l\u012bmeni. G s\u0113rijas lab\u0101k\u0101 \u012bpa\u0161\u012bba ir cena. \u0145emot v\u0113r\u0101, ka l\u012bdz\u012bgas austi\u0146as maks\u0101 krietni virs 150 \u20ac, m\u0113s ieteiktu \u0161o modeli sal\u012bdzin\u0101jum\u0101 ar citiem, jo j\u016bs izvair\u0101ties no vadiem, ieg\u016bstat neticamu 160+ stundu akumulatoru un ar\u012b uzlabotu ska\u0146u.     <\/p>\n<p>M\u0113s v\u0113rt\u0113jam \u0161\u012bs k\u0101 m\u016bsu lab\u0101k\u0101s bezvadu austi\u0146as, ko ieg\u0101d\u0101ties 2026.<\/p>\n<h2 class=\"\">Produkta p\u0101rskats:<\/h2>\n<p>T\u0101tad, k\u0101p\u0113c Commander G Series ir lab\u0101k\u0101 izv\u0113le no vis\u0101m austi\u0146\u0101m, ko esam test\u0113ju\u0161i? L\u016bk, 5 iemesli, k\u0101p\u0113c, m\u016bsupr\u0101t, G&#8217;s bija lab\u0101kie: <\/p>\n<p><strong>1)<\/strong> Pirmk\u0101rt, \u0161o austi\u0146u telpisk\u0101s ska\u0146as iesp\u0113jas bija vislab\u0101k\u0101s no visiem m\u016bsu testiem. M\u0113s p\u0101rbaud\u012bj\u0101m austi\u0146as, izmantojot jaun\u0101ko Call of Duty, lai p\u0101rbaud\u012btu, cik viegli varam noteikt ienaidnieka atra\u0161an\u0101s vietu. Varat skaidri dzird\u0113t virziena ska\u0146u, kas pal\u012bdz prec\u012bzi noteikt ienaidniekus, pirms tos paman\u0101t.  <\/p>\n<p><strong>2)<\/strong> G s\u0113rija ir patie\u0161\u0101m \u0113rta. M\u016bsu vair\u0101kk\u0101rt\u0113jos 6 stundu testos m\u0113s nepiedz\u012bvoj\u0101m nek\u0101du re\u0101lu diskomfortu. T\u0101s nespie\u017e galvu, bet gan \u013coti labi un \u0113rti s\u0113\u017e uz galvas. G ir labi polster\u0113tas ausis un labi piegu\u013c galvas virspusei.   <\/p>\n<p><strong>3)<\/strong> V\u0113l viena lieliska funkcija, kas ieb\u016bv\u0113ta G s\u0113rij\u0101, ir bezvad\u012bt\u0101ja iestat\u012b\u0161ana. Varat vienk\u0101r\u0161i piesl\u0113gt, izmantojot bezvadu USB dongle, un j\u016bs varat izmantot pilnu 7.1 virtu\u0101lo telpisko ska\u0146u. Nav nepiecie\u0161ams instal\u0113t sare\u017e\u0123\u012btus draiverus un iel\u0101pus. Vienk\u0101r\u0161i pievienojiet un izmantojiet.   <\/p>\n","why_the_best_text":"<p>M\u016bsu testos m\u0113s atkl\u0101j\u0101m, ka augst\u0101ka cena ne vienm\u0113r noz\u012bm\u0113 augst\u0101ku kvalit\u0101ti. Da\u017ei no lab\u0101k zin\u0101majiem z\u012bmoliem, piem\u0113ram, SteelSeries, Astro un Logitech, patie\u0161\u0101m ra\u017eoja labas austi\u0146as, ta\u010du to cena bija divreiz vai tr\u012bsreiz liel\u0101ka nek\u0101 Commander G Series. Sal\u012bdzinot t\u0101das lietas k\u0101 komfortu, telpisko ska\u0146as skaidr\u012bbu un kop\u0113j\u0101s funkcijas, m\u0113s atkl\u0101j\u0101m, ka kopum\u0101 Commander G Series ieguva visaugst\u0101ko v\u0113rt\u0113jumu, pamatojoties uz m\u016bsu 6 galvenajiem faktoriem: ska\u0146a, komforts, akumulatora darb\u012bbas laiks, uzticam\u012bba, savienojam\u012bba un cena.  <\/p>\n","reviews_text":"<p>Ir svar\u012bgi apskat\u012bt, kas ir nepiecie\u0161ams lielisk\u0101m sp\u0113\u013cu austi\u0146\u0101m. Esam apkopoju\u0161i 6 svar\u012bg\u0101k\u0101s lietas, kas jums j\u0101\u0146em v\u0113r\u0101, lai ieg\u0101d\u0101tos jebkuras austi\u0146as: <\/p>\n<p>1) Lieliska ska\u0146a &#8211; m\u0113s nevaram iztikt bez \u0161\u012b b\u016btisk\u0101 komponenta!<br \/>\n2) Komforts &#8211; vai m\u0113s varam sp\u0113l\u0113t stund\u0101m ilgi bez diskomforta<br \/>\n3) Akumulatora darb\u012bbas laiks &#8211; cik ilgi darbojas akumulators, ja tas ir bezvadu?<br \/>\n4) Uzticam\u012bba &#8211; vai man ir j\u0101uztraucas par uzb\u016bves kvalit\u0101ti?<br \/>\n5) Savienojam\u012bba &#8211; cik viegli to piesl\u0113gt?<br \/>\n6) Cena &#8211; vai t\u0101 ir pieejama, vai es maks\u0101ju p\u0101r\u0101k daudz?<\/p>\n<p>Pamatojoties uz \u0161iem faktoriem, m\u0113s esam p\u0101rskat\u012bju\u0161i un pas\u016bt\u012bju\u0161i iepriek\u0161 min\u0113t\u0101s austi\u0146as. Izv\u0113loties austi\u0146as, ir svar\u012bgi aptvert visus aspektus, jo ir nepiecie\u0161ams tikai viens aspekts, kas j\u016bs var\u0113tu pievilt, lai saboj\u0101tu j\u016bsu pieredzi. Kopum\u0101 m\u016bsu lab\u0101k\u0101 izv\u0113le ir Commander G s\u0113rija.<\/p>\n","top_pick_box_text":"<p>Kad runa ir par sp\u0113\u013cu austi\u0146\u0101m, jums ir nepiecie\u0161amas visas funkcijas, kas apvienotas lielisk\u0101 dizain\u0101. M\u016bsupr\u0101t, Commander G Series nodro\u0161ina visu, ko j\u016bs var\u0113tu v\u0113l\u0113ties bezvadu sp\u0113\u013cu austi\u0146\u0101s par fenomen\u0101lu cenu. <\/p>\n<p>G s\u0113rijas t\u0101lru\u0146iem ir augsta uzb\u016bves kvalit\u0101te, lielisks akumulatora darb\u012bbas laiks, \u012bpa\u0161i uzticama savienojam\u012bba un savietojam\u012bba ar vis\u0101m konsol\u0113m, t\u0101p\u0113c m\u0113s G s\u0113rijai pie\u0161\u0137iram 9,8 no 10 ball\u0113m.<\/p>\n<p>P\u0113c ier\u012bces lieto\u0161anas aptuveni 5 m\u0113ne\u0161us ar ikdienas lieto\u0161anu, m\u0113s nevaram redz\u0113t sevi p\u0101rejot uz citu ier\u012bci tuv\u0101kaj\u0101 laik\u0101.<\/p>\n<p>Sa\u0146em bezmaksas pieg\u0101di, ieg\u0101d\u0101joties veikal\u0101 Shopsta.<\/p>\n","bottom_text":"<p>Commander G s\u0113rijas ska\u013cru\u0146iem ir lieli 50 mm dinamiskie ska\u013cru\u0146i, kas ir vair\u0101k nek\u0101 pietiekami vid\u0113jam lietot\u0101jam. Piln\u0101 ska\u013cum\u0101 austi\u0146as var uzskat\u012bt par p\u0101r\u0101k ska\u013c\u0101m.  Tas ir lieliski, jo varat piel\u0101got ska\u0146as izvadi atbilsto\u0161i iestat\u012bjumiem. Ar cit\u0101m funkcij\u0101m, piem\u0113ram, \u0113rtiem ausu spilventi\u0146iem, 160 stundu akumulatoru un 3 sp\u0113les EQ re\u017e\u012bmiem, Commander G s\u0113rija noteikti nodro\u0161ina vislab\u0101ko sp\u0113l\u0113\u0161anas pieredzi. Ja gatavojaties ieg\u0101d\u0101ties \u0161o ier\u012bci, p\u0101rliecinieties, ka sa\u0146emat 20% atlaidi no mazumtirdzniec\u012bbas cenas, kad pie kases izmantojat atlaides kodu. Paldies, ka izlas\u012bj\u0101t m\u016bsu iepriek\u0161 min\u0113tos p\u0101rskatus, un m\u0113s ceram, ka esam jums pal\u012bdz\u0113ju\u0161i atrast pareiz\u0101s austi\u0146as, kas atbilst j\u016bsu vajadz\u012bb\u0101m.   <\/p>\n","product_2_full_name":"SOMiC G Series \u2014 bezvadu 7.1 sp\u0113\u013cu austi\u0146as ar no\u0146emamu mikrofonu","product_2_bullet_points":"<ul>\n<li>LAB\u0100K\u0100S PIEEJAM\u0100S SP\u0112\u013bU AUSTI\u0145AS: SOMiC G Series ir vislab\u0101k p\u0101rdot\u0101s austi\u0146as, kas paz\u012bstamas ar savu veiktsp\u0113ju un dizainu.<\/li>\n<li>IEB\u016aV\u0112TA 7.1 SURROUND SKA\u0145A: Izbaudiet izcilu, sabalans\u0113tu 7.1 surround ska\u0146u ar SOMiC G surround ska\u0146as sp\u0113\u013cu austi\u0146\u0101m.<\/li>\n<li>PROFESION\u0100LI 50 MM SKA\u013bRU\u0145I: Milz\u012bgie 50 mm ska\u013cru\u0146i kop\u0101 ar neod\u012bma magn\u0113tiem nodro\u0161ina profesion\u0101lu studijas ska\u0146as kvalit\u0101ti ar sp\u0113c\u012bgiem basiem, skaidru vok\u0101lu un skaidriem zemiem, vid\u0113jiem un augstiem to\u0146iem, veidojot perfekti sabalans\u0113tu ska\u0146u.<\/li>\n<li>3 sp\u0113l\u0113\u0161anas re\u017e\u012bmi: Izv\u0113lieties sev piem\u0113rot\u0101ko re\u017e\u012bmu, jo ar sp\u0113les re\u017e\u012bmu, filmu re\u017e\u012bmu un m\u016bzikas re\u017e\u012bmu varat izv\u0113l\u0113ties lab\u0101ko EQ, kas atbilst j\u016bsu sp\u0113les stilam.<\/li>\n<li>Piel\u0101gotais G s\u0113rijas virtu\u0101lais 7.1 telpiskais ska\u0146as bloks \u013cauj viegl\u0101k nek\u0101 jebkad iepriek\u0161 izsekot ienaidnieka so\u013ciem t\u0101d\u0101s sp\u0113l\u0113s k\u0101 Call of Duty. \u0160\u012b piel\u0101got\u0101 mikrosh\u0113ma nodro\u0161ina prec\u012bzu ska\u0146as precizit\u0101ti visos virzienos, sniedzot jums jaunas priek\u0161roc\u012bbas sp\u0113l\u0113. <\/li>\n<li>DER\u012aGA AR VISIEM CONSOLES: darbojas ar PS5, PS4, PC un Mac, izmantojot USB. Izmantojiet 3,5 mm austi\u0146u ligzdu Xbox un cit\u0101m ier\u012bc\u0113m. <\/li>\n<li>KRIST\u0100LU T\u012aRS MIKROFONS: \u012bpa\u0161i paredz\u0113ts sp\u0113l\u0113m ar 160\u00b0 pagrie\u017eamu roku, kas p\u0113c novieto\u0161anas paliek sav\u0101 viet\u0101. \u0160is troksni sl\u0101p\u0113jo\u0161ais mikrofons \u013cauj skaidri dzird\u0113t pat sp\u0113c\u012bga fona trok\u0161\u0146a apst\u0101k\u013cos. <\/li>\n<\/ul>\n","text_after_product_box_2":"<p><strong>4)<\/strong> Mikrofons ir krist\u0101ldzidrs, tam ir pat dubults trok\u0161\u0146u sl\u0101p\u0113\u0161anas mikrofons, kas atrodas uz austi\u0146as \u0101r\u0113j\u0101s da\u013cas, lai uzklaus\u012btu fona troksni un nov\u0113rstu to no sp\u0113les balss t\u0113rz\u0113\u0161anas laik\u0101.<\/p>\n<p><strong>5)<\/strong> Bezvadu austi\u0146\u0101s akumulatora darb\u012bbas laiks ir svar\u012bgs faktors, t\u0101p\u0113c vislab\u0101k ir ieg\u0101d\u0101ties bezvadu austi\u0146as ar pien\u0101c\u012bgu ietilp\u012bbu. Commander G Series izce\u013cas k\u0101 vienas no lab\u0101kaj\u0101m austi\u0146\u0101m akumulatora darb\u012bbas zi\u0146\u0101. Milz\u012bgas 160+ pilnas stundas bez uzl\u0101des.  Es pats esmu to p\u0101rbaud\u012bjis un uzskatu, ka tas ir kalpojis ilg\u0101k nek\u0101 \u0161is ofici\u0101lais skaitlis. Bet tom\u0113r 160 stundas ir \u013coti ilgs laiks, lai iztiktu bez uzl\u0101des, un v\u0113l viena lieliska funkcija ir t\u0101, ka j\u016bs varat uzl\u0101d\u0113t un sp\u0113l\u0113t vienlaikus, kas ir jauki.<\/p>\n","product_2_full_name_new":"SOMiC G Series \u2014 bezvadu 7.1 sp\u0113\u013cu austi\u0146as ar no\u0146emamu mikrofonu"},"yoast_head":"<!-- This site is optimized with the Yoast SEO plugin v27.5 - https:\/\/yoast.com\/product\/yoast-seo-wordpress\/ -->\n<title>10 lab\u0101k\u0101s sp\u0113\u013cu austi\u0146as \u2013 - DJ Music Geek<\/title>\n<meta name=\"robots\" content=\"index, follow, max-snippet:-1, max-image-preview:large, max-video-preview:-1\" \/>\n<link rel=\"canonical\" href=\"https:\/\/djmusicgeek.com\/lv\/labakas-spelesanas-top-10-labakas-spelesanas-ieskanotajierices-ko-iegadaties\/\" \/>\n<meta property=\"og:locale\" content=\"lv_LV\" \/>\n<meta property=\"og:type\" content=\"article\" \/>\n<meta property=\"og:title\" content=\"10 lab\u0101k\u0101s sp\u0113\u013cu austi\u0146as \u2013 - DJ Music Geek\" \/>\n<meta property=\"og:url\" content=\"https:\/\/djmusicgeek.com\/lv\/labakas-spelesanas-top-10-labakas-spelesanas-ieskanotajierices-ko-iegadaties\/\" \/>\n<meta property=\"og:site_name\" content=\"DJ Music Geek\" \/>\n<meta property=\"article:modified_time\" content=\"2026-03-01T13:47:54+00:00\" \/>\n<meta name=\"twitter:card\" content=\"summary_large_image\" \/>\n<script type=\"application\/ld+json\" class=\"yoast-schema-graph\">{\"@context\":\"https:\\\/\\\/schema.org\",\"@graph\":[{\"@type\":\"WebPage\",\"@id\":\"https:\\\/\\\/djmusicgeek.com\\\/lv\\\/labakas-spelesanas-top-10-labakas-spelesanas-ieskanotajierices-ko-iegadaties\\\/\",\"url\":\"https:\\\/\\\/djmusicgeek.com\\\/lv\\\/labakas-spelesanas-top-10-labakas-spelesanas-ieskanotajierices-ko-iegadaties\\\/\",\"name\":\"10 lab\u0101k\u0101s sp\u0113\u013cu austi\u0146as \u2013 - DJ Music Geek\",\"isPartOf\":{\"@id\":\"https:\\\/\\\/djmusicgeek.com\\\/#website\"},\"datePublished\":\"2024-06-14T21:53:57+00:00\",\"dateModified\":\"2026-03-01T13:47:54+00:00\",\"breadcrumb\":{\"@id\":\"https:\\\/\\\/djmusicgeek.com\\\/lv\\\/labakas-spelesanas-top-10-labakas-spelesanas-ieskanotajierices-ko-iegadaties\\\/#breadcrumb\"},\"inLanguage\":\"lv-LV\",\"potentialAction\":[{\"@type\":\"ReadAction\",\"target\":[\"https:\\\/\\\/djmusicgeek.com\\\/lv\\\/labakas-spelesanas-top-10-labakas-spelesanas-ieskanotajierices-ko-iegadaties\\\/\"]}]},{\"@type\":\"BreadcrumbList\",\"@id\":\"https:\\\/\\\/djmusicgeek.com\\\/lv\\\/labakas-spelesanas-top-10-labakas-spelesanas-ieskanotajierices-ko-iegadaties\\\/#breadcrumb\",\"itemListElement\":[{\"@type\":\"ListItem\",\"position\":1,\"name\":\"S\u0101kums\",\"item\":\"https:\\\/\\\/djmusicgeek.com\\\/\"},{\"@type\":\"ListItem\",\"position\":2,\"name\":\"10 lab\u0101k\u0101s sp\u0113\u013cu austi\u0146as \u2013\"}]},{\"@type\":\"WebSite\",\"@id\":\"https:\\\/\\\/djmusicgeek.com\\\/#website\",\"url\":\"https:\\\/\\\/djmusicgeek.com\\\/\",\"name\":\"DJ Music Geek\",\"description\":\"\",\"potentialAction\":[{\"@type\":\"SearchAction\",\"target\":{\"@type\":\"EntryPoint\",\"urlTemplate\":\"https:\\\/\\\/djmusicgeek.com\\\/?s={search_term_string}\"},\"query-input\":{\"@type\":\"PropertyValueSpecification\",\"valueRequired\":true,\"valueName\":\"search_term_string\"}}],\"inLanguage\":\"lv-LV\"}]}<\/script>\n<!-- \/ Yoast SEO plugin. -->","yoast_head_json":{"title":"10 lab\u0101k\u0101s sp\u0113\u013cu austi\u0146as \u2013 - DJ Music Geek","robots":{"index":"index","follow":"follow","max-snippet":"max-snippet:-1","max-image-preview":"max-image-preview:large","max-video-preview":"max-video-preview:-1"},"canonical":"https:\/\/djmusicgeek.com\/lv\/labakas-spelesanas-top-10-labakas-spelesanas-ieskanotajierices-ko-iegadaties\/","og_locale":"lv_LV","og_type":"article","og_title":"10 lab\u0101k\u0101s sp\u0113\u013cu austi\u0146as \u2013 - DJ Music Geek","og_url":"https:\/\/djmusicgeek.com\/lv\/labakas-spelesanas-top-10-labakas-spelesanas-ieskanotajierices-ko-iegadaties\/","og_site_name":"DJ Music Geek","article_modified_time":"2026-03-01T13:47:54+00:00","twitter_card":"summary_large_image","schema":{"@context":"https:\/\/schema.org","@graph":[{"@type":"WebPage","@id":"https:\/\/djmusicgeek.com\/lv\/labakas-spelesanas-top-10-labakas-spelesanas-ieskanotajierices-ko-iegadaties\/","url":"https:\/\/djmusicgeek.com\/lv\/labakas-spelesanas-top-10-labakas-spelesanas-ieskanotajierices-ko-iegadaties\/","name":"10 lab\u0101k\u0101s sp\u0113\u013cu austi\u0146as \u2013 - DJ Music Geek","isPartOf":{"@id":"https:\/\/djmusicgeek.com\/#website"},"datePublished":"2024-06-14T21:53:57+00:00","dateModified":"2026-03-01T13:47:54+00:00","breadcrumb":{"@id":"https:\/\/djmusicgeek.com\/lv\/labakas-spelesanas-top-10-labakas-spelesanas-ieskanotajierices-ko-iegadaties\/#breadcrumb"},"inLanguage":"lv-LV","potentialAction":[{"@type":"ReadAction","target":["https:\/\/djmusicgeek.com\/lv\/labakas-spelesanas-top-10-labakas-spelesanas-ieskanotajierices-ko-iegadaties\/"]}]},{"@type":"BreadcrumbList","@id":"https:\/\/djmusicgeek.com\/lv\/labakas-spelesanas-top-10-labakas-spelesanas-ieskanotajierices-ko-iegadaties\/#breadcrumb","itemListElement":[{"@type":"ListItem","position":1,"name":"S\u0101kums","item":"https:\/\/djmusicgeek.com\/"},{"@type":"ListItem","position":2,"name":"10 lab\u0101k\u0101s sp\u0113\u013cu austi\u0146as \u2013"}]},{"@type":"WebSite","@id":"https:\/\/djmusicgeek.com\/#website","url":"https:\/\/djmusicgeek.com\/","name":"DJ Music Geek","description":"","potentialAction":[{"@type":"SearchAction","target":{"@type":"EntryPoint","urlTemplate":"https:\/\/djmusicgeek.com\/?s={search_term_string}"},"query-input":{"@type":"PropertyValueSpecification","valueRequired":true,"valueName":"search_term_string"}}],"inLanguage":"lv-LV"}]}},"_links":{"self":[{"href":"https:\/\/djmusicgeek.com\/lv\/wp-json\/wp\/v2\/pages\/12779","targetHints":{"allow":["GET"]}}],"collection":[{"href":"https:\/\/djmusicgeek.com\/lv\/wp-json\/wp\/v2\/pages"}],"about":[{"href":"https:\/\/djmusicgeek.com\/lv\/wp-json\/wp\/v2\/types\/page"}],"author":[{"embeddable":true,"href":"https:\/\/djmusicgeek.com\/lv\/wp-json\/wp\/v2\/users\/2"}],"replies":[{"embeddable":true,"href":"https:\/\/djmusicgeek.com\/lv\/wp-json\/wp\/v2\/comments?post=12779"}],"version-history":[{"count":2,"href":"https:\/\/djmusicgeek.com\/lv\/wp-json\/wp\/v2\/pages\/12779\/revisions"}],"predecessor-version":[{"id":16701,"href":"https:\/\/djmusicgeek.com\/lv\/wp-json\/wp\/v2\/pages\/12779\/revisions\/16701"}],"wp:attachment":[{"href":"https:\/\/djmusicgeek.com\/lv\/wp-json\/wp\/v2\/media?parent=12779"}],"curies":[{"name":"wp","href":"https:\/\/api.w.org\/{rel}","templated":true}]}}