{"id":17682,"date":"2026-02-25T21:29:14","date_gmt":"2026-02-25T21:29:14","guid":{"rendered":"https:\/\/djmusicgeek.com\/best-cordless-vacuum-2026-en-2\/"},"modified":"2026-02-25T21:29:14","modified_gmt":"2026-02-25T21:29:14","slug":"best-cordless-vacuum-2026-en-2","status":"publish","type":"page","link":"https:\/\/djmusicgeek.com\/lt\/best-cordless-vacuum-2026-en-2\/","title":{"rendered":"10 geriausi\u0173 belaid\u017ei\u0173 dulki\u0173 siurbli\u0173"},"content":{"rendered":"","protected":false},"excerpt":{"rendered":"","protected":false},"author":2,"featured_media":0,"parent":0,"menu_order":0,"comment_status":"closed","ping_status":"closed","template":"sales-template.php","meta":{"_acf_changed":false,"footnotes":""},"class_list":["post-17682","page","type-page","status-publish","hentry"],"acf":{"product_3_supplier":"Amazon","product_3_asin":"B0979R48CX","product_4_supplier":"Amazon","product_4_asin":"B0C55RP9QP","product_5_supplier":"Amazon","product_5_asin":"B0DK7GHJTX","product_6_supplier":"Amazon","product_6_asin":"B0DCGLPW84","product_7_supplier":"Amazon","product_7_asin":"B0CMDFZ213","product_8_supplier":"Amazon","product_8_asin":"B0D1QXN6C1","product_9_supplier":"Amazon","product_9_asin":"B0B42P2TXX","product_10_supplier":"Amazon","product_10_asin":"B0DZXXWJMH","exclude_from_search":true,"language_code":"lt","product_name":"Andeman 3500PA Mini","product_type":"Belaid\u017eiai dulki\u0173 siurbliai","product_type_singular":"Belaidis dulki\u0173 siurblys","features":"<p>Ne\u0161iojamas ir lengvas dizainas<br \/>\nGalinga 3500PA siurbimo galia<br \/>\n\u012ekraunamas li\u010dio jon\u0173 akumuliatorius<br \/>\nKompakti\u0161kas ir lengvai laikomas<br \/>\n120 W didelio efektyvumo variklis<br \/>\nIdealus automobilio salonams ir ma\u017eoms erdv\u0117ms<br \/>\nPlaunamas ir daugkartinio naudojimo filtras<br \/>\nGreito \u012fkrovimo technologija<\/p>\n","rating":"9.8","intro_text":"<p>Sveiki atvyk\u0119 \u012f m\u016bs\u0173 i\u0161sami\u0105 10 geriausi\u0173 belaid\u017ei\u0173 dulki\u0173 siurbli\u0173 2026 m. ap\u017evalg\u0105. \u0160iame vadove kruop\u0161\u010diai i\u0161band\u0117me ir \u012fvertinome daugyb\u0119 modeli\u0173, kad gal\u0117tume jums pristatyti geriausius \u0161iandien Jungtin\u0117s Karalyst\u0117s rinkoje prieinamus variantus. Nesvarbu, ar ie\u0161kote naujausios Dyson inovacijos, ekonomi\u0161ko pasirinkimo ar dulki\u0173 siurblio, specialiai sukurto augintini\u0173 savininkams, mes jums pad\u0117sime.  <\/p>\n<p>Belaid\u017eiai dulki\u0173 siurbliai suk\u0117l\u0117 revoliucij\u0105 m\u016bs\u0173 valymo b\u016bduose, suteikdami neprilygstam\u0105 patogum\u0105 ir mobilum\u0105. Skaitykite toliau ir su\u017einokite, kurie modeliai i\u0161siskyr\u0117 m\u016bs\u0173 kruop\u0161\u010diuose bandymuose, ir raskite tobul\u0105 belaid\u012f dulki\u0173 siurbl\u012f, atitinkant\u012f j\u016bs\u0173 poreikius. <\/p>\n","text_before_product_box":"<p>M\u016bs\u0173 kelion\u0117 ie\u0161kant geriausi\u0173 belaid\u017ei\u0173 dulki\u0173 siurbli\u0173 2026 m. mus nuved\u0117 per \u012fvairius modelius, kiekvienas su savo unikaliomis savyb\u0117mis ir galimyb\u0117mis. D\u0117mes\u012f sutelk\u0117me \u012f tokius aspektus kaip siurbimo galia, akumuliatoriaus tarnavimo laikas, naudojimo paprastumas ir universalumas \u012fvairiose valymo situacijose. <\/p>\n<p>Surinkome \u012f\u017evalgas i\u0161 naudotoj\u0173 atsiliepim\u0173 ir ekspert\u0173 nuomoni\u0173, kad u\u017etikrintume, jog m\u016bs\u0173 geriausi pasirinkimai ne tik gerai veikia testuose, bet ir atitinka realaus pasaulio reikalavimus. Pasireng\u0119 susipa\u017einti su m\u016bs\u0173 geriausiais pasirinkimais ir su\u017einoti, kod\u0117l Andeman 3500PA Mini yra m\u016bs\u0173 pirmasis pasirinkimas. <\/p>\n","text_after_product_box":"<p>Nor\u0117dami nustatyti geriausius belaid\u017eius dulki\u0173 siurblius, taik\u0117me i\u0161sami\u0105 metodik\u0105, apiman\u010di\u0105 praktin\u012f testavim\u0105 ir klient\u0173 atsiliepim\u0173 analiz\u0119. Kiekvien\u0105 model\u012f vertinome pagal siurbimo efektyvum\u0105, akumuliatoriaus ilgaam\u017ei\u0161kum\u0105, prie\u017ei\u016bros paprastum\u0105 ir bendr\u0105 vert\u0119 u\u017e pinigus. <\/p>\n<p>Kas daro puik\u0173 belaid\u012f dulki\u0173 siurbl\u012f? Tai galingo siurbimo, ilgai veikian\u010dio akumuliatoriaus, ergonomi\u0161ko dizaino ir prisitaikymo prie \u012fvairi\u0173 pavir\u0161i\u0173 derinys. \u0160ie veiksniai u\u017etikrina, kad valymo patirtis b\u016bt\u0173 ne tik veiksminga, bet ir maloni.  <\/p>\n","why_the_best_text":"<p>Andeman 3500PA Mini i\u0161siskiria kaip geriausias belaidis dulki\u0173 siurblys 2026 m. d\u0117l i\u0161skirtinio galios, ne\u0161iojamumo ir kainos balanso. Skirtingai nei didesni modeliai, \u0161is rankinis variantas si\u016blo puik\u0173 siurbim\u0105 be didelio dyd\u017eio, tod\u0117l idealiai tinka greitam valymui ir automobilio prie\u017ei\u016brai. <\/p>\n<p>Jo prieinama 39,99 GBP kaina kartu su pa\u017eangiomis funkcijomis, tokiomis kaip 120 W variklis ir greito \u012fkrovimo technologija, u\u017etikrina puiki\u0105 vert\u0119. Palyginti su brangesniais modeliais, Andeman 3500PA Mini suteikia pana\u0161\u0173 veikim\u0105, tod\u0117l tai ai\u0161kus nugal\u0117tojas biud\u017eetui jautriems vartotojams. <\/p>\n","reviews_text":"<p>Andeman 3500PA Mini belaidis rankinis dulki\u0173 siurblys greitai \u012fgijo populiarum\u0105 d\u0117l \u012fsp\u016bdingo ne\u0161iojamumu ir galios. Naudotojai vertina jo geb\u0117jim\u0105 lengvai jud\u0117ti ank\u0161tose erdv\u0117se ir efektyv\u0173 veikim\u0105 automobilio salonuose. <\/p>\n<p>Ekspert\u0173 ap\u017evalgose pabr\u0117\u017eiamas dulki\u0173 siurblio stiprus siurbimo paj\u0117gumas, kuris stebina, atsi\u017evelgiant \u012f jo kompakti\u0161k\u0105 dyd\u012f. Be to, greito \u012fkrovimo technologija ir daugkartinio naudojimo filtras daro j\u012f prakti\u0161k\u0173 pasirinkim\u0173 tiems, kurie ie\u0161ko ma\u017eai prie\u017ei\u016bros reikalaujan\u010dio valymo \u012frankio. <\/p>\n","top_pick_box_text":"<p>Andeman 3500PA Mini belaidis rankinis dulki\u0173 siurblys yra m\u016bs\u0173 geriausias pasirinkimas 2026 m., si\u016blantis neprilygstam\u0105 vert\u0119 ir prakti\u0161kum\u0105. Su galinga 3500PA siurbimo galia, ne\u0161iojamuoju dizainu ir greito \u012fkrovimo technologija jis puikiai tinka valymui kelyje ir ma\u017eose erdv\u0117se. <\/p>\n<p>\u0160is dulki\u0173 siurblys idealiai tinka automobili\u0173 savininkams ir gyvenantiems kompakti\u0161kuose butuose, nes jis derina \u012fsp\u016bding\u0105 gali\u0105 su naudojimo paprastumu. Nesvarbu, ar kovojate su augintini\u0173 plaukais, ar kasdiene dulk\u0117mis, Andeman 3500PA Mini u\u017etikrina nuoseklius rezultatus nei\u0161tu\u0161tindamas j\u016bs\u0173 pinigin\u0117s. <\/p>\n","bottom_text":"<p>Apibendrinant, Andeman 3500PA Mini belaidis rankinis dulki\u0173 siurblys yra i\u0161skirtinis pasirinkimas visiems, ie\u0161kant veiksmingo, ekonomi\u0161ko valymo sprendimo. Jo galios ir patogumo derinys daro j\u012f geriausiu 2026 m. rekomendavimu. <\/p>\n<p>Nepraleiskite \u0161io i\u0161skirtinio dulki\u0173 siurblio. Spustel\u0117kite \u017eemiau esan\u010di\u0105 nuorod\u0105, kad \u012fsigytum\u0117te ir patirtum\u0117te nesud\u0117ting\u0105 valym\u0105 jau \u0161iandien! <\/p>\n","product_2_bullet_points":"<ul><li>Eleganti\u0161ko, \u0161iuolaikinio dizaino su ry\u0161kia \u017ealia apdaila, kuri i\u0161siskiria.<\/li><li>U\u017etikrina galing\u0105 valym\u0105 su 2500 aps.\/min. varikliu, idealiai tinkant\u012f kasdieniam ne\u0161varumui.<\/li><li>Komplekte yra patogi\u0173 pried\u0173 universaliam valymui \u012fvairiuose pavir\u0161iuose.<\/li><li>\u012ekraunamas akumuliatorius u\u017etikrina belaid\u012f patogum\u0105 ir lankstum\u0105.<\/li><li>Lengvas ir lengvai manevruojamas, puikiai tinkantis greitam tvarkymui.<\/li><li>Sukurtas efektyvumui, tod\u0117l tai puikus pasirinkimas u\u017esi\u0117musiems nam\u0173 \u016bkiams.<\/li><\/ul>","product_2_text_after":"<p>Belaidis stovo dulki\u0173 siurblys 2500 aps.\/min. si\u016blo tvirt\u0105 veikim\u0105 su \u012fsp\u016bdingu sukimosi grei\u010diu ir patogiais priedais. Naudotojai ypa\u010d m\u0117gsta jo eleganti\u0161k\u0173 \u017eali\u0105 apdail\u0105 ir belaid\u017eio veikimo patogum\u0105. <\/p>\n<p>Nors jis n\u0117ra visi\u0161kai toks galingas kaip m\u016bs\u0173 geriausias pasirinkimas, jo universalumas ir stilingas dizainas daro j\u012f vertu konkurentu, ypa\u010d tiems, kurie vertina estetin\u012f patrauklum\u0105 kartu su funkcionalumu. Jis puikiai tinka kasdieniam valymui, ta\u010diau gali susidurti su sunkumais valant stipriai u\u017eter\u0161tas vietas didesniuose namuose. <\/p>\n","text_after_product_box_2":"<p>Belaid\u017ei\u0173 dulki\u0173 siurbli\u0173 tendencijos nuolat kei\u010diasi, o gamintojai stengiasi didinti efektyvum\u0105 ir tvarum\u0105. Tokios funkcijos kaip HEPA filtrai, pa\u017eangios akumuliatori\u0173 technologijos ir i\u0161manusis ry\u0161ys tampa vis labiau paplitusios. <\/p>\n<p>Pirkdami belaid\u012f dulki\u0173 siurbl\u012f, atsi\u017evelkite \u012f savo nam\u0173 dyd\u012f, da\u017enai valom\u0173 pavir\u0161i\u0173 tipus ir bet kokius specialius poreikius, pavyzd\u017eiui, augintini\u0173 plauk\u0173 \u0161alinim\u0105. \u0160ie veiksniai pad\u0117s jums pasirinkti model\u012f, geriausiai atitinkant\u012f j\u016bs\u0173 gyvenimo b\u016bd\u0105. <\/p>\n","product_3_text_after":"<p>Dyson V15 Detect belaidis stovo valiklis yra auk\u0161\u010diausios klas\u0117s variantas, derinantis pa\u017eangiausi\u0105 technologij\u0105 su i\u0161skirtiniu valymo paj\u0117gumu. Jame yra lazeris pasl\u0117ptoms dulk\u0117ms aptikti, tod\u0117l tai puikus pasirinkimas kruop\u0161tiems valytojams. <\/p>\n<p>Nors jo kaina yra auk\u0161tesn\u0117, pa\u017eangios funkcijos ir patikimas veikimas pateisina investicij\u0105 tiems, kurie ie\u0161ko geriausios belaid\u017eio valymo technologijos. Ta\u010diau jis yra ma\u017eiau ekonomi\u0161kas, palyginti su kitais m\u016bs\u0173 s\u0105ra\u0161e esan\u010diais modeliais. <\/p>\n","product_4_text_after":"<p>Dyson Gen5detect belaidis dulki\u0173 siurblys pasi\u017eymi naujos kartos technologija, \u012fskaitant galing\u0105 varikl\u012f ir i\u0161maniuosius jutiklius. Jis sukurtas tiems, kurie reikalauja auk\u0161\u010diausio \u0161varos lygio savo namuose. <\/p>\n<p>\u0160is modelis idealiai tinka technologij\u0173 entuziastams ir tiems, kuriems reikia didesni\u0173 valymo galimybi\u0173. Ta\u010diau jo auk\u0161tesn\u0117 kaina gali atgrasyti biud\u017eetui jautrius pirk\u0117jus, tod\u0117l jis yra ma\u017eiau prieinamas, nepaisant puiki\u0173 galimybi\u0173. <\/p>\n","product_5_text_after":"<p>Vax HomePro Pet-Design belaidis stovo dulki\u0173 siurblys specialiai pritaikytas augintini\u0173 savininkams, si\u016blantis veiksming\u0105 plauk\u0173 \u0161alinim\u0105 ir alergen\u0173 kontrol\u0119. Jo specializuoti \u012frankiai ir tvirtas siurbimas daro j\u012f tvirtu pasirinkimu augintini\u0173 myl\u0117toj\u0173 namams. <\/p>\n<p>Nors jis n\u0117ra pigiausias m\u016bs\u0173 s\u0105ra\u0161e, jo d\u0117mesys su augintiniais susijusioms valymo problemoms suteikia puiki\u0105 vert\u0119 tiems, kuriems reikia specialaus augintini\u0173 plauk\u0173 \u0161alinimo sprendimo.<\/p>\n","product_6_text_after":"<p>Dyson V8 Advanced belaidis dulki\u0173 siurblys yra patikimas pasirinkimas tiems, kurie ie\u0161ko balanso tarp veikimo ir kainos. \u017dinomas d\u0117l galingo siurbimo ir universalumo, jis puikiai tinka \u012fvairioms valymo u\u017eduotims. <\/p>\n<p>Nors jame n\u0117ra naujausi\u0173 technologij\u0173, rast\u0173 naujuose Dyson modeliuose, jo \u012frodytas patikimumas ir prieinamumas daro j\u012f populiariu pasirinkimu daugeliui nam\u0173 \u016bki\u0173.<\/p>\n","product_7_text_after":"<p>Dyson V8 Absolute belaidis dulki\u0173 siurblys si\u016blo tvirt\u0105 veikim\u0105 ir \u012fvairi\u0173 pried\u0173 skirtingiems pavir\u0161iams. Tai puikus vidutin\u0117s klas\u0117s variantas tiems, kurie nori Dyson kokyb\u0117s be auk\u0161\u010diausios klas\u0117s kainos. <\/p>\n<p>\u0160is modelis puikiai tinka kasdieniam nam\u0173 valymui, nors jame gali tr\u016bkti kai kuri\u0173 pa\u017eangi\u0173 funkcij\u0173, matom\u0173 auk\u0161tesn\u0117s klas\u0117s Dyson modeliuose.<\/p>\n","product_8_text_after":"<p>Tineco belaidis dulki\u0173 siurblys Pure One A30S \u017einomas d\u0117l i\u0161maniosios technologijos ir efektyvi\u0173 valymo galimybi\u0173. Naudotojai vertina jo intuityvius valdiklius ir eleganti\u0161k\u0173 dizain\u0105. <\/p>\n<p>Nors jis si\u016blo ger\u0105 funkcij\u0173 ir prieinamumo balans\u0105, jis gali neatitikti gilaus valymo galios kai kuri\u0173 brangesni\u0173 konkurent\u0173, tod\u0117l tai geresnis pasirinkimas ma\u017eesniems namams ar butams.<\/p>\n","product_9_text_after":"<p>Shark Stratos belaidis stovo dulki\u0173 siurblys Pet Pro sukurtas lengvai susidoroti su augintini\u0173 plaukais. Jo galinga siurbimo galia ir specializuoti priedai daro j\u012f pagrindiniu pasirinkimu augintini\u0173 savininkams. <\/p>\n<p>Nors jis yra gana paj\u0117gus, jo \u0161iek tiek auk\u0161tesn\u0117 kaina, palyginti su pana\u0161iais modeliais, gali b\u016bti svarstytina tiems, kuri\u0173 biud\u017eetas ribotas.<\/p>\n","product_10_text_after":"<p>Hoover HF1 Plus belaidis stovo dulki\u0173 siurblys yra ekonomi\u0161kas variantas, si\u016blantis pador\u0173 veikim\u0105 u\u017e savo kain\u0105. Jis lengvas ir lengvai manevruojamas, tod\u0117l tinka greitam valymui. <\/p>\n<p>Nors jis nesi\u016blo brangesni\u0173 modeli\u0173 galios ar funkcij\u0173, tai puikus pradinio lygio pasirinkimas tiems, kurie tik pradeda naudoti belaid\u017eius dulki\u0173 siurblius.<\/p>\n"},"yoast_head":"<!-- This site is optimized with the Yoast SEO plugin v27.4 - https:\/\/yoast.com\/product\/yoast-seo-wordpress\/ -->\n<title>10 geriausi\u0173 belaid\u017ei\u0173 dulki\u0173 siurbli\u0173 - DJ Music Geek<\/title>\n<meta name=\"robots\" content=\"index, follow, max-snippet:-1, max-image-preview:large, max-video-preview:-1\" \/>\n<link rel=\"canonical\" href=\"https:\/\/djmusicgeek.com\/best-cordless-vacuum-2026-en-2\/\" \/>\n<meta property=\"og:locale\" content=\"lt_LT\" \/>\n<meta property=\"og:type\" content=\"article\" \/>\n<meta property=\"og:title\" content=\"10 geriausi\u0173 belaid\u017ei\u0173 dulki\u0173 siurbli\u0173 - DJ Music Geek\" \/>\n<meta property=\"og:url\" content=\"https:\/\/djmusicgeek.com\/best-cordless-vacuum-2026-en-2\/\" \/>\n<meta property=\"og:site_name\" content=\"DJ Music Geek\" \/>\n<meta name=\"twitter:card\" content=\"summary_large_image\" \/>\n<script type=\"application\/ld+json\" class=\"yoast-schema-graph\">{\"@context\":\"https:\\\/\\\/schema.org\",\"@graph\":[{\"@type\":\"WebPage\",\"@id\":\"https:\\\/\\\/djmusicgeek.com\\\/best-cordless-vacuum-2026-en-2\\\/\",\"url\":\"https:\\\/\\\/djmusicgeek.com\\\/best-cordless-vacuum-2026-en-2\\\/\",\"name\":\"10 geriausi\u0173 belaid\u017ei\u0173 dulki\u0173 siurbli\u0173 - DJ Music Geek\",\"isPartOf\":{\"@id\":\"https:\\\/\\\/djmusicgeek.com\\\/#website\"},\"datePublished\":\"2026-02-25T21:29:14+00:00\",\"breadcrumb\":{\"@id\":\"https:\\\/\\\/djmusicgeek.com\\\/best-cordless-vacuum-2026-en-2\\\/#breadcrumb\"},\"inLanguage\":\"lt-LT\",\"potentialAction\":[{\"@type\":\"ReadAction\",\"target\":[\"https:\\\/\\\/djmusicgeek.com\\\/best-cordless-vacuum-2026-en-2\\\/\"]}]},{\"@type\":\"BreadcrumbList\",\"@id\":\"https:\\\/\\\/djmusicgeek.com\\\/best-cordless-vacuum-2026-en-2\\\/#breadcrumb\",\"itemListElement\":[{\"@type\":\"ListItem\",\"position\":1,\"name\":\"Pagrindinis\",\"item\":\"https:\\\/\\\/djmusicgeek.com\\\/\"},{\"@type\":\"ListItem\",\"position\":2,\"name\":\"10 geriausi\u0173 belaid\u017ei\u0173 dulki\u0173 siurbli\u0173\"}]},{\"@type\":\"WebSite\",\"@id\":\"https:\\\/\\\/djmusicgeek.com\\\/#website\",\"url\":\"https:\\\/\\\/djmusicgeek.com\\\/\",\"name\":\"DJ Music Geek\",\"description\":\"\",\"potentialAction\":[{\"@type\":\"SearchAction\",\"target\":{\"@type\":\"EntryPoint\",\"urlTemplate\":\"https:\\\/\\\/djmusicgeek.com\\\/?s={search_term_string}\"},\"query-input\":{\"@type\":\"PropertyValueSpecification\",\"valueRequired\":true,\"valueName\":\"search_term_string\"}}],\"inLanguage\":\"lt-LT\"}]}<\/script>\n<!-- \/ Yoast SEO plugin. -->","yoast_head_json":{"title":"10 geriausi\u0173 belaid\u017ei\u0173 dulki\u0173 siurbli\u0173 - DJ Music Geek","robots":{"index":"index","follow":"follow","max-snippet":"max-snippet:-1","max-image-preview":"max-image-preview:large","max-video-preview":"max-video-preview:-1"},"canonical":"https:\/\/djmusicgeek.com\/best-cordless-vacuum-2026-en-2\/","og_locale":"lt_LT","og_type":"article","og_title":"10 geriausi\u0173 belaid\u017ei\u0173 dulki\u0173 siurbli\u0173 - DJ Music Geek","og_url":"https:\/\/djmusicgeek.com\/best-cordless-vacuum-2026-en-2\/","og_site_name":"DJ Music Geek","twitter_card":"summary_large_image","schema":{"@context":"https:\/\/schema.org","@graph":[{"@type":"WebPage","@id":"https:\/\/djmusicgeek.com\/best-cordless-vacuum-2026-en-2\/","url":"https:\/\/djmusicgeek.com\/best-cordless-vacuum-2026-en-2\/","name":"10 geriausi\u0173 belaid\u017ei\u0173 dulki\u0173 siurbli\u0173 - DJ Music Geek","isPartOf":{"@id":"https:\/\/djmusicgeek.com\/#website"},"datePublished":"2026-02-25T21:29:14+00:00","breadcrumb":{"@id":"https:\/\/djmusicgeek.com\/best-cordless-vacuum-2026-en-2\/#breadcrumb"},"inLanguage":"lt-LT","potentialAction":[{"@type":"ReadAction","target":["https:\/\/djmusicgeek.com\/best-cordless-vacuum-2026-en-2\/"]}]},{"@type":"BreadcrumbList","@id":"https:\/\/djmusicgeek.com\/best-cordless-vacuum-2026-en-2\/#breadcrumb","itemListElement":[{"@type":"ListItem","position":1,"name":"Pagrindinis","item":"https:\/\/djmusicgeek.com\/"},{"@type":"ListItem","position":2,"name":"10 geriausi\u0173 belaid\u017ei\u0173 dulki\u0173 siurbli\u0173"}]},{"@type":"WebSite","@id":"https:\/\/djmusicgeek.com\/#website","url":"https:\/\/djmusicgeek.com\/","name":"DJ Music Geek","description":"","potentialAction":[{"@type":"SearchAction","target":{"@type":"EntryPoint","urlTemplate":"https:\/\/djmusicgeek.com\/?s={search_term_string}"},"query-input":{"@type":"PropertyValueSpecification","valueRequired":true,"valueName":"search_term_string"}}],"inLanguage":"lt-LT"}]}},"_links":{"self":[{"href":"https:\/\/djmusicgeek.com\/lt\/wp-json\/wp\/v2\/pages\/17682","targetHints":{"allow":["GET"]}}],"collection":[{"href":"https:\/\/djmusicgeek.com\/lt\/wp-json\/wp\/v2\/pages"}],"about":[{"href":"https:\/\/djmusicgeek.com\/lt\/wp-json\/wp\/v2\/types\/page"}],"author":[{"embeddable":true,"href":"https:\/\/djmusicgeek.com\/lt\/wp-json\/wp\/v2\/users\/2"}],"replies":[{"embeddable":true,"href":"https:\/\/djmusicgeek.com\/lt\/wp-json\/wp\/v2\/comments?post=17682"}],"version-history":[{"count":0,"href":"https:\/\/djmusicgeek.com\/lt\/wp-json\/wp\/v2\/pages\/17682\/revisions"}],"wp:attachment":[{"href":"https:\/\/djmusicgeek.com\/lt\/wp-json\/wp\/v2\/media?parent=17682"}],"curies":[{"name":"wp","href":"https:\/\/api.w.org\/{rel}","templated":true}]}}