{"id":17399,"date":"2026-02-13T10:59:05","date_gmt":"2026-02-13T10:59:05","guid":{"rendered":"https:\/\/djmusicgeek.com\/best-headphones-to-buy-today-en-gb\/"},"modified":"2026-03-01T13:46:23","modified_gmt":"2026-03-01T13:46:23","slug":"best-headphones-to-buy-today-en-gb","status":"publish","type":"page","link":"https:\/\/djmusicgeek.com\/lt\/best-headphones-to-buy-today-en-gb\/","title":{"rendered":"10 geriausi\u0173 belaid\u017ei\u0173 ausini\u0173"},"content":{"rendered":"","protected":false},"excerpt":{"rendered":"","protected":false},"author":2,"featured_media":0,"parent":0,"menu_order":0,"comment_status":"closed","ping_status":"closed","template":"sales-template.php","meta":{"_acf_changed":false,"footnotes":""},"class_list":["post-17399","page","type-page","status-publish","hentry"],"acf":{"product_url":"","product_image_1":"","product_image_2":"","product_image_3":"","product_image_4":"","product_image_5":"","product_image_6":"","product_image_7":"","product_image_8":"","product_2_supplier":"Amazon","product_2_asin":"B0CRMB9Z84","product_3_supplier":"Amazon","product_3_asin":"B0FPD1P24J","product_4_supplier":"Amazon","product_4_asin":"B0CZ6S1G4B","product_5_supplier":"Amazon","product_5_asin":"","product_6_supplier":"Amazon","product_6_asin":"","product_7_supplier":"Amazon","product_7_asin":"B0DQ833QW9","product_8_supplier":"Amazon","product_8_asin":"","product_9_supplier":"Amazon","product_9_asin":"","product_10_supplier":"Amazon","product_10_asin":"","exclude_from_search":false,"product_2_url":"","product_2_image_1":"","product_2_image_2":"","product_2_image_3":"","product_3_url":"","product_3_image_1":"","product_3_image_2":"","product_3_image_3":"","language_code":"lt","product_name":"Oneodio A serija","product_type":"Belaid\u0117s ausin\u0117s","product_type_singular":"Belaid\u0117 ausin\u0117","features":"<p>\u201eBluetooth 5.0\u201c ry\u0161ys<br \/>\nAktyvus triuk\u0161mo slopinimas<br \/>\nBelaid\u0117 funkcija<br \/>\nIntegruotas mikrofonas<br \/>\nC tipo \u012fkrovimas<br \/>\nPridedamas d\u0117klas<br \/>\nI\u0161pl\u0117stin\u0117 2 met\u0173 garantija<br \/>\nAuk\u0161tos kokyb\u0117s garso na\u0161umas<\/p>\n","rating":"9.8","intro_text":"<p>Sveiki atvyk\u0119 \u012f m\u016bs\u0173 i\u0161sami\u0105 10 geriausi\u0173 belaid\u017ei\u0173 ausini\u0173, kurias galite \u012fsigyti \u0161iandien, ap\u017evalg\u0105. Kruop\u0161\u010diai i\u0161band\u0117me ir per\u017ei\u016br\u0117jome kiekvien\u0105 gamin\u012f, kad pateiktume jums geriausius variantus j\u016bs\u0173 garso poreikiams. Nesvarbu, ar esate audiofilas, ar tiesiog ie\u0161kote patikimos ausini\u0173 poros kasdieniam naudojimui, m\u016bs\u0173 pasirinkimas apima plat\u0173 funkcij\u0173 ir biud\u017eet\u0173 spektr\u0105.  <\/p>\n<p>\u0160iame straipsnyje gilinam\u0117s \u012f kiekvieno produkto na\u0161um\u0105, patogum\u0105 ir vert\u0119. Nuo pa\u017eangios triuk\u0161mo slopinimo technologijos iki \u012fsp\u016bdingo baterijos veikimo laiko, m\u016bs\u0173 geriausi pasirinkimai i\u0161siskiria perpildytoje belaid\u017ei\u0173 ausini\u0173 rinkoje. Prisijunkite prie m\u016bs\u0173 ir i\u0161nagrin\u0117kite funkcijas, d\u0117l kuri\u0173 \u0161ios ausin\u0117s yra i\u0161ties i\u0161skirtin\u0117s.  <\/p>\n","text_before_product_box":"<p>Tobul\u0117jant technologijoms, auk\u0161tos kokyb\u0117s belaid\u017ei\u0173 ausini\u0173 paklausa niekada nebuvo didesn\u0117. Nesvarbu, ar va\u017eiuojate \u012f darb\u0105, dirbate, ar ilsit\u0117s namuose, puiki ausini\u0173 pora gali pakeisti j\u016bs\u0173 garso patirt\u012f. \u0160iame vadove mes sudar\u0117me geriausi\u0173 \u0161iandien prieinam\u0173 variant\u0173 reiting\u0105, pabr\u0117\u017edami j\u0173 pagrindines savybes ir privalumus.  <\/p>\n<p>M\u016bs\u0173 geriausias pasirinkimas, \u201eOneodio A Series\u201c, pirmauja su savo pa\u017eangiomis funkcijomis ir i\u0161skirtiniu na\u0161umu. Panagrin\u0117kime, kod\u0117l \u0161is produktas i\u0161siskiria tarp konkurent\u0173. <\/p>\n","text_after_product_box":"<p>Vertindami geriausias belaides ausines, atsi\u017evelg\u0117me \u012f \u012fvairius veiksnius, tokius kaip garso kokyb\u0117, patogumas, baterijos veikimo laikas ir papildomos funkcijos, pavyzd\u017eiui, triuk\u0161mo slopinimas ir ry\u0161io galimyb\u0117s. Kiekvienas produktas buvo i\u0161bandytas realiose situacijose, siekiant u\u017etikrinti, kad pateiktume jums patikimas rekomendacijas. <\/p>\n<p>Puiki belaid\u017ei\u0173 ausini\u0173 pora tur\u0117t\u0173 pasi\u016blyti skland\u0173 patogumo, garso kokyb\u0117s ir funkcionalumo derin\u012f. \u201eOneodio A Series\u201c puikiai tinka visose \u0161iose srityse, suteikdama vartotojams neprilygstam\u0105 klausymosi patirt\u012f. Jos pa\u017eangiausia triuk\u0161mo slopinimo technologija ir patikimas \u201eBluetooth\u201c ry\u0161ys daro jas puikiu pasirinkimu bet kuriam audiofilui.  <\/p>\n","why_the_best_text":"<p>\u201eOneodio A Series\u201c yra geriausias belaid\u017ei\u0173 ausini\u0173 pasirinkimas d\u0117l i\u0161skirtinio funkcij\u0173 ir na\u0161umo derinio. Skirtingai nuo daugelio konkurent\u0173, ji si\u016blo tiek pa\u017eang\u0173 aktyv\u0173 triuk\u0161mo slopinim\u0105, tiek \u201eBluetooth 5.0\u201c nepertraukiamam klausymuisi. Jos auk\u0161tos kokyb\u0117s garsas u\u017etikrina, kad kiekviena nata b\u016bt\u0173 ai\u0161ki ir ry\u0161ki, nesvarbu, ar klausot\u0117s muzikos, ar skambinate.  <\/p>\n<p>Kitas didelis privalumas yra C tipo \u012fkrovimas, kuris leid\u017eia greitai ir patogiai \u012fkrauti. D\u0117klo ir i\u0161pl\u0117stin\u0117s 2 met\u0173 garantijos \u012ftraukimas padidina jos vert\u0119, tod\u0117l ji yra ne tik geriausiai veikianti garso kokyb\u0117s, bet ir ilgaam\u017ei\u0161kumo bei patikimumo at\u017evilgiu. <\/p>\n","reviews_text":"<p>Nors \u201eOneodio A Series\u201c dar neturi daug vartotoj\u0173 atsiliepim\u0173, jos \u012fsp\u016bdingos specifikacijos ir i\u0161samus funkcij\u0173 rinkinys jau padar\u0117 j\u0105 i\u0161skirtiniu pasirinkimu. \u201eBluetooth 5.0\u201c integravimas u\u017etikrina skland\u0173 ry\u0161\u012f, o aktyvaus triuk\u0161mo slopinimo funkcija sukurta siekiant suteikti \u012ftraukian\u010di\u0105 garso patirt\u012f, suma\u017einant nepageidaujamus aplinkos garsus. <\/p>\n<p>Integruotas mikrofonas leid\u017eia ai\u0161kiai bendrauti, tod\u0117l tai puikus pasirinkimas tiek muzikos entuziastams, tiek profesionalams, kuriems reikalinga patikima garso kokyb\u0117 skambu\u010diams. I\u0161pl\u0117stin\u0117 2 met\u0173 garantija dar labiau padidina jos patrauklum\u0105, suteikdama vartotojams ramyb\u0119. <\/p>\n","top_pick_box_text":"<p>\u201eOneodio A Series\u201c i\u0161siskiria kaip geriausias belaid\u017ei\u0173 ausini\u0173 pasirinkimas, si\u016blantis pa\u017eang\u0173 triuk\u0161mo slopinim\u0105, puiki\u0105 garso kokyb\u0119 ir patikim\u0105 na\u0161um\u0105. Tai puikus technologijos ir patogumo derinys, tod\u0117l tai b\u016btina tur\u0117ti bet kuriam garso entuziastui. <\/p>\n","bottom_text":"<p>Apibendrinant, \u201eOneodio A Series\u201c yra pavyzdinis modelis, kuris i\u0161 naujo apibr\u0117\u017eia, ko vartotojai gali tik\u0117tis i\u0161 belaid\u017ei\u0173 ausini\u0173. Jos \u012fsp\u016bdingas funkcij\u0173 rinkinys ir patikimas na\u0161umas daro j\u0105 verta investicija kiekvienam, rimtai vertinan\u010diam garso kokyb\u0119. <\/p>\n<p>Nepraleiskite progos patirti auk\u0161\u010diausios klas\u0117s gars\u0105 ir patogum\u0105. Pasirinkite \u201eOneodio A Series\u201c ir pakelkite savo klausymosi patirt\u012f jau \u0161iandien! <\/p>\n","product_2_text_after":"<p>Antr\u0105 viet\u0105 u\u017e\u0117musios \u201eJLab JBuds LUX ANC\u201c si\u016blo puik\u0173 na\u0161umo ir prieinamos kainos balans\u0105. Su savo i\u0161maniuoju aktyviu triuk\u0161mo slopinimu, \u0161ios ausin\u0117s prisitaiko prie j\u016bs\u0173 aplinkos, u\u017etikrindamos optimali\u0105 klausymosi patirt\u012f. Garso kokyb\u0119 dar labiau pagerina 40 mm garsiakalbiai, u\u017etikrinantys sodr\u0173 ir \u012ftraukiant\u012f gars\u0105.  <\/p>\n<p>Viena i\u0161 i\u0161skirtini\u0173 savybi\u0173 yra \u012fsp\u016bdingas baterijos veikimo laikas, si\u016blantis daugiau nei 70 valand\u0173 grojimo. Ergonomi\u0161kas dizainas su \u201eCloud Foam\u201c pagalv\u0117l\u0117mis u\u017etikrina patogum\u0105 ilg\u0173 klausymosi sesij\u0173 metu. Nors jos gali netur\u0117ti tokios auk\u0161\u010diausios kokyb\u0117s konstrukcijos kaip m\u016bs\u0173 geriausias pasirinkimas, j\u0173 kainos ir kokyb\u0117s santykis bei patikimas na\u0161umas daro jas puikiu pasirinkimu pirk\u0117jams, atsi\u017evelgiantiems \u012f biud\u017eet\u0105.  <\/p>\n","text_after_product_box_2":"<p>Belaid\u017ei\u0173 ausini\u0173 rinkai toliau tobul\u0117jant, vartotojai vis da\u017eniau ie\u0161ko produkt\u0173, kurie si\u016blo ne tik puik\u0173 gars\u0105, bet ir i\u0161mani\u0105sias funkcijas, tokias kaip balso asistentai ir daugiata\u0161kis ry\u0161ys. Pirkdami ausines, atsi\u017evelkite \u012f savo konkre\u010dius poreikius, pavyzd\u017eiui, baterijos veikimo laik\u0105 ilgoms kelion\u0117ms arba triuk\u0161mo slopinim\u0105 tylesnei darbo aplinkai. <\/p>\n<p>Prie\u0161 pirkdami, nepamir\u0161kite patikrinti klient\u0173 atsiliepim\u0173 ir ekspert\u0173 nuomoni\u0173. Tai gali suteikti verting\u0173 \u012f\u017evalg\u0173 apie real\u0173 ausini\u0173 veikim\u0105 ir pad\u0117ti priimti pagr\u012fst\u0105 sprendim\u0105. <\/p>\n","product_3_text_after":"<p>\u201eTOZO HT3\u201c ausin\u0117s u\u017eima tre\u010di\u0105 viet\u0105 d\u0117l \u012fsp\u016bdingo funkcij\u0173 s\u0105ra\u0161o u\u017e neprilygstam\u0105 kain\u0105. Su i\u0161maniuoju aplinkos prisitaikan\u010diu triuk\u0161mo slopinimu ir dvigubais dinaminiais garsiakalbiais, \u0161ios ausin\u0117s u\u017etikrina i\u0161skirtin\u012f garso ai\u0161kum\u0105 ir \u017eemus da\u017enius. <\/p>\n<p>Su stulbinan\u010diu 90 valand\u0173 baterijos veikimo laiku, jos puikiai tinka ilgoms kelion\u0117ms ar ilgalaikiam naudojimui. Dvigubo \u201eBluetooth\u201c ry\u0161io funkcija leid\u017eia skland\u017eiai perjungti \u012frenginius, padidindama j\u0173 universalum\u0105. Nors joms gali tr\u016bkti auk\u0161tesn\u0117s klas\u0117s modeli\u0173 prek\u0117s \u017eenklo presti\u017eo, j\u0173 na\u0161umas ir ekonomi\u0161kumas daro jas patraukliu pasirinkimu.  <\/p>\n","product_4_text_after":"<p>\u201eGarageRock E7\u201c ausin\u0117s yra \u017einomos d\u0117l savo pa\u017eangios ANC technologijos ir auk\u0161\u010diausios kokyb\u0117s garso, tod\u0117l tai yra tvirtas pasirinkimas tiems, kurie vertina garso tikslum\u0105. 45 mm didel\u0117s diafragmos garsiakalbiai u\u017etikrina, kad kiekviena nata b\u016bt\u0173 perduodama ai\u0161kiai. <\/p>\n<p>\u0160ios ausin\u0117s sukurtos ilgalaikiam patogumui su baltym\u0173 aus\u0173 pagalv\u0117l\u0117mis ir patvaria konstrukcija. Si\u016blydamos 30 valand\u0173 grojimo, jos tinka kasdieniam naudojimui ir kelion\u0117ms. Nors jos yra \u017eemiau m\u016bs\u0173 reitinguose, j\u0173 garso na\u0161umas ir patogumo lygis yra pagirtini atsi\u017evelgiant \u012f j\u0173 kain\u0173 diapazon\u0105.  <\/p>\n","product_5_text_after":"<p>\u201eOneodio A6 ANC\u201c yra daug funkcij\u0173 turintis modelis, si\u016blantis 48 dB hibridin\u012f aktyv\u0173 triuk\u0161mo slopinim\u0105, tod\u0117l jis idealiai tinka muzikos m\u0117g\u0117jams, kurie trok\u0161ta \u012ftraukian\u010dios klausymosi patirties. Su \u201eHi-Res Audio\u201c ir LDAC palaikymu, \u0161ios ausin\u0117s u\u017etikrina studijos kokyb\u0117s gars\u0105, pakeldamos j\u016bs\u0173 garso sesijas \u012f nauj\u0105 lyg\u012f. <\/p>\n<p>Jos dizainas apima integruot\u0105 mikrofon\u0105 ir program\u0117l\u0117s valdym\u0105, suteikiant\u012f universalumo \u012fvairiems naudojimo b\u016bdams. Konkurencinga kaina, \u201eA6 ANC\u201c yra stiprus pretendentas tiems, kurie ie\u0161ko auk\u0161\u010diausios klas\u0117s funkcij\u0173, nevir\u0161ijant biud\u017eeto, nors \u0161iuo etapu jai tr\u016bksta vartotoj\u0173 atsiliepim\u0173. <\/p>\n","product_6_text_after":"<p>\u201eSOUNDPEATS\u201c ausin\u0117s i\u0161siskiria \u201eHi-Res Audio\u201c sertifikatu, u\u017etikrinan\u010diu i\u0161skirtin\u012f garso tikslum\u0105. Dviguba aktyvaus triuk\u0161mo slopinimo funkcija \u017eymiai suma\u017eina aplinkos triuk\u0161m\u0105, padidindama j\u016bs\u0173 klausymosi malonum\u0105. <\/p>\n<p>Su 40 valand\u0173 baterijos veikimo laiku ir \u201eBluetooth 5.0\u201c, \u0161ios ausin\u0117s u\u017etikrina ilgaam\u017ei\u0161kum\u0105 ir patikim\u0105 ry\u0161\u012f. Nors jos gali nepasi\u016blyti tiek daug funkcij\u0173 kaip auk\u0161\u010diausios klas\u0117s modeliai, jos yra puikus pasirinkimas vartotojams, kuriems svarbiausia garso kokyb\u0117 ir triuk\u0161mo izoliacija. <\/p>\n","product_7_text_after":"<p>\u201eXmenha Wireless Bluetooth AI Translation Earbuds\u201c si\u016blo unikal\u0173 pasi\u016blym\u0105 su realaus laiko vertimo galimyb\u0117mis 150 kalb\u0173. Tai daro jas ypa\u010d patraukliomis da\u017enai keliaujantiems ir tarptautiniams verslo profesionalams. <\/p>\n<p>Nors j\u0173 garso na\u0161umas ir konstrukcijos kokyb\u0117 gali neprilygti auk\u0161tesnio reitingo modeliams, prid\u0117ta jutiklinio ekrano d\u0117klo ir ANC triuk\u0161mo slopinimo funkcija daro jas universaliu \u012frankiu bendravimui ir mokymuisi.<\/p>\n"},"yoast_head":"<!-- This site is optimized with the Yoast SEO plugin v27.4 - https:\/\/yoast.com\/product\/yoast-seo-wordpress\/ -->\n<title>10 geriausi\u0173 belaid\u017ei\u0173 ausini\u0173 - DJ Music Geek<\/title>\n<meta name=\"robots\" content=\"index, follow, max-snippet:-1, max-image-preview:large, max-video-preview:-1\" \/>\n<link rel=\"canonical\" href=\"https:\/\/djmusicgeek.com\/lt\/best-headphones-to-buy-today-en-gb\/\" \/>\n<meta property=\"og:locale\" content=\"lt_LT\" \/>\n<meta property=\"og:type\" content=\"article\" \/>\n<meta property=\"og:title\" content=\"10 geriausi\u0173 belaid\u017ei\u0173 ausini\u0173 - DJ Music Geek\" \/>\n<meta property=\"og:url\" content=\"https:\/\/djmusicgeek.com\/lt\/best-headphones-to-buy-today-en-gb\/\" \/>\n<meta property=\"og:site_name\" content=\"DJ Music Geek\" \/>\n<meta property=\"article:modified_time\" content=\"2026-03-01T13:46:23+00:00\" \/>\n<meta name=\"twitter:card\" content=\"summary_large_image\" \/>\n<script type=\"application\/ld+json\" class=\"yoast-schema-graph\">{\"@context\":\"https:\\\/\\\/schema.org\",\"@graph\":[{\"@type\":\"WebPage\",\"@id\":\"https:\\\/\\\/djmusicgeek.com\\\/lt\\\/best-headphones-to-buy-today-en-gb\\\/\",\"url\":\"https:\\\/\\\/djmusicgeek.com\\\/lt\\\/best-headphones-to-buy-today-en-gb\\\/\",\"name\":\"10 geriausi\u0173 belaid\u017ei\u0173 ausini\u0173 - DJ Music Geek\",\"isPartOf\":{\"@id\":\"https:\\\/\\\/djmusicgeek.com\\\/#website\"},\"datePublished\":\"2026-02-13T10:59:05+00:00\",\"dateModified\":\"2026-03-01T13:46:23+00:00\",\"breadcrumb\":{\"@id\":\"https:\\\/\\\/djmusicgeek.com\\\/lt\\\/best-headphones-to-buy-today-en-gb\\\/#breadcrumb\"},\"inLanguage\":\"lt-LT\",\"potentialAction\":[{\"@type\":\"ReadAction\",\"target\":[\"https:\\\/\\\/djmusicgeek.com\\\/lt\\\/best-headphones-to-buy-today-en-gb\\\/\"]}]},{\"@type\":\"BreadcrumbList\",\"@id\":\"https:\\\/\\\/djmusicgeek.com\\\/lt\\\/best-headphones-to-buy-today-en-gb\\\/#breadcrumb\",\"itemListElement\":[{\"@type\":\"ListItem\",\"position\":1,\"name\":\"Pagrindinis\",\"item\":\"https:\\\/\\\/djmusicgeek.com\\\/\"},{\"@type\":\"ListItem\",\"position\":2,\"name\":\"10 geriausi\u0173 belaid\u017ei\u0173 ausini\u0173\"}]},{\"@type\":\"WebSite\",\"@id\":\"https:\\\/\\\/djmusicgeek.com\\\/#website\",\"url\":\"https:\\\/\\\/djmusicgeek.com\\\/\",\"name\":\"DJ Music Geek\",\"description\":\"\",\"potentialAction\":[{\"@type\":\"SearchAction\",\"target\":{\"@type\":\"EntryPoint\",\"urlTemplate\":\"https:\\\/\\\/djmusicgeek.com\\\/?s={search_term_string}\"},\"query-input\":{\"@type\":\"PropertyValueSpecification\",\"valueRequired\":true,\"valueName\":\"search_term_string\"}}],\"inLanguage\":\"lt-LT\"}]}<\/script>\n<!-- \/ Yoast SEO plugin. -->","yoast_head_json":{"title":"10 geriausi\u0173 belaid\u017ei\u0173 ausini\u0173 - DJ Music Geek","robots":{"index":"index","follow":"follow","max-snippet":"max-snippet:-1","max-image-preview":"max-image-preview:large","max-video-preview":"max-video-preview:-1"},"canonical":"https:\/\/djmusicgeek.com\/lt\/best-headphones-to-buy-today-en-gb\/","og_locale":"lt_LT","og_type":"article","og_title":"10 geriausi\u0173 belaid\u017ei\u0173 ausini\u0173 - DJ Music Geek","og_url":"https:\/\/djmusicgeek.com\/lt\/best-headphones-to-buy-today-en-gb\/","og_site_name":"DJ Music Geek","article_modified_time":"2026-03-01T13:46:23+00:00","twitter_card":"summary_large_image","schema":{"@context":"https:\/\/schema.org","@graph":[{"@type":"WebPage","@id":"https:\/\/djmusicgeek.com\/lt\/best-headphones-to-buy-today-en-gb\/","url":"https:\/\/djmusicgeek.com\/lt\/best-headphones-to-buy-today-en-gb\/","name":"10 geriausi\u0173 belaid\u017ei\u0173 ausini\u0173 - DJ Music Geek","isPartOf":{"@id":"https:\/\/djmusicgeek.com\/#website"},"datePublished":"2026-02-13T10:59:05+00:00","dateModified":"2026-03-01T13:46:23+00:00","breadcrumb":{"@id":"https:\/\/djmusicgeek.com\/lt\/best-headphones-to-buy-today-en-gb\/#breadcrumb"},"inLanguage":"lt-LT","potentialAction":[{"@type":"ReadAction","target":["https:\/\/djmusicgeek.com\/lt\/best-headphones-to-buy-today-en-gb\/"]}]},{"@type":"BreadcrumbList","@id":"https:\/\/djmusicgeek.com\/lt\/best-headphones-to-buy-today-en-gb\/#breadcrumb","itemListElement":[{"@type":"ListItem","position":1,"name":"Pagrindinis","item":"https:\/\/djmusicgeek.com\/"},{"@type":"ListItem","position":2,"name":"10 geriausi\u0173 belaid\u017ei\u0173 ausini\u0173"}]},{"@type":"WebSite","@id":"https:\/\/djmusicgeek.com\/#website","url":"https:\/\/djmusicgeek.com\/","name":"DJ Music Geek","description":"","potentialAction":[{"@type":"SearchAction","target":{"@type":"EntryPoint","urlTemplate":"https:\/\/djmusicgeek.com\/?s={search_term_string}"},"query-input":{"@type":"PropertyValueSpecification","valueRequired":true,"valueName":"search_term_string"}}],"inLanguage":"lt-LT"}]}},"_links":{"self":[{"href":"https:\/\/djmusicgeek.com\/lt\/wp-json\/wp\/v2\/pages\/17399","targetHints":{"allow":["GET"]}}],"collection":[{"href":"https:\/\/djmusicgeek.com\/lt\/wp-json\/wp\/v2\/pages"}],"about":[{"href":"https:\/\/djmusicgeek.com\/lt\/wp-json\/wp\/v2\/types\/page"}],"author":[{"embeddable":true,"href":"https:\/\/djmusicgeek.com\/lt\/wp-json\/wp\/v2\/users\/2"}],"replies":[{"embeddable":true,"href":"https:\/\/djmusicgeek.com\/lt\/wp-json\/wp\/v2\/comments?post=17399"}],"version-history":[{"count":1,"href":"https:\/\/djmusicgeek.com\/lt\/wp-json\/wp\/v2\/pages\/17399\/revisions"}],"predecessor-version":[{"id":17618,"href":"https:\/\/djmusicgeek.com\/lt\/wp-json\/wp\/v2\/pages\/17399\/revisions\/17618"}],"wp:attachment":[{"href":"https:\/\/djmusicgeek.com\/lt\/wp-json\/wp\/v2\/media?parent=17399"}],"curies":[{"name":"wp","href":"https:\/\/api.w.org\/{rel}","templated":true}]}}