{"id":12789,"date":"2024-06-14T21:53:57","date_gmt":"2024-06-14T21:53:57","guid":{"rendered":"https:\/\/djmusicgeek.com\/geriausios-zaidimu-top-10-geriausiu-zaidimu-gaudykliu-prietaisu-pirkti\/"},"modified":"2026-03-01T13:47:53","modified_gmt":"2026-03-01T13:47:53","slug":"geriausios-zaidimu-top-10-geriausiu-zaidimu-gaudykliu-prietaisu-pirkti","status":"publish","type":"page","link":"https:\/\/djmusicgeek.com\/lt\/geriausios-zaidimu-top-10-geriausiu-zaidimu-gaudykliu-prietaisu-pirkti\/","title":{"rendered":"10 geriausi\u0173 \u017eaidim\u0173 ausini\u0173 &#8211;"},"content":{"rendered":"","protected":false},"excerpt":{"rendered":"","protected":false},"author":2,"featured_media":0,"parent":0,"menu_order":0,"comment_status":"closed","ping_status":"closed","template":"sales-template.php","meta":{"_acf_changed":false,"footnotes":""},"class_list":["post-12789","page","type-page","status-publish","hentry"],"acf":{"product_3_supplier":"Amazon","product_4_supplier":"Amazon","product_5_supplier":"Amazon","product_6_supplier":"Amazon","product_7_supplier":"Amazon","product_8_supplier":"Amazon","product_9_supplier":"Amazon","product_10_supplier":"Amazon","product_3_url":"","exclude_from_search":true,"product_2_supplier":"Shopsta","product_price_shortcode":"\u20ac124.99","product_discount_price_shortcode":"\u20ac99.99","product_2_price":"\u20ac109.99","product_2_discount_price":"\u20ac87.99","product_3_image_1":"","product_3_image_2":"","product_3_image_3":"","product_3_asin":"B07B81D162","product_4_asin":"B07PRYFGXG","product_5_asin":"B08NTYB4M7","product_6_asin":"B07FZVXS8H","product_7_asin":"B09GW7NHL4","product_8_asin":"B07W5JKB8Z","product_2_asin":"","product_9_asin":"","product_10_asin":"","product_url":"products\/commander-g-series-wireless-edition","product_image_1":"https:\/\/www.shopsta.co.uk\/cdn\/shop\/files\/O1CN01ZcemJx1QlNZq4L8LS__2901482016-0-ampmedia_798x798.jpg?v=1764763575","product_image_2":"https:\/\/www.shopsta.co.uk\/cdn\/shop\/files\/O1CN01IR0kAX1QlNZrMlWQ4__2901482016-0-ampmedia_798x798.jpg?v=1764763575","product_image_3":"https:\/\/www.shopsta.co.uk\/cdn\/shop\/files\/O1CN01ofXqk01QlNZqNuSLV__2901482016-0-ampmedia_798x798.jpg?v=1764763575","product_image_4":"https:\/\/djmusicgeek.com\/wp-content\/uploads\/2025\/12\/commander-top-50.jpeg","product_image_5":"https:\/\/www.shopsta.co.uk\/cdn\/shop\/files\/O1CN01ZcemJx1QlNZq4L8LS__2901482016-0-ampmedia_798x798.jpg?v=1764763575","product_2_url":"products\/somic-g-series-wireless-gaming-headset","product_2_image_1":"https:\/\/djmusicgeek.com\/wp-content\/uploads\/2023\/02\/SOMIC-G760-Wireless-Gamer-Headset-Detachable-Mic-Bluetooth-2-4G-Wired-3in1-Headphone-for-PS5-PS4.jpg_Q90.jpg","product_2_image_2":"https:\/\/djmusicgeek.com\/wp-content\/uploads\/2023\/02\/8c6029491e9d78d6d7c55d6a97d52490_1600x1600_d063843b-7174-45e3-a17a-1f9f816a4166_1360x1360.webp","product_2_image_3":"https:\/\/djmusicgeek.com\/wp-content\/uploads\/2023\/02\/650d93954cd3914c2b7de270df928da5_1600x1600_256d8234-8373-4a0b-8fcc-eed1c89a1b70_1360x1360.webp","product_image_6":"","product_image_7":"","product_image_8":"","language_code":"lt","product_name":"G serijos \"Commander","product_type":"\u017daidim\u0173 ausin\u0117s","product_type_singular":"\u017daidim\u0173 ausin\u0117s","product_full_name":"Commander G serija - 160 valand\u0173 baterija - 7.1 erdvinio garso belaid\u0117s \u017eaidim\u0173 ausin\u0117s","bullet_points":"<ul>\n<li>\u017dAIDIMAS KAIP NIEKADA ANKS\u010cIAU: M\u016bs\u0173 geriausios belaid\u0117s \u017eaidim\u0173 ausin\u0117s, pasi\u017eymin\u010dios ne\u012ftik\u0117tinu kryptiniu garsu ir nuostabiu komfortu.<\/li>\n<li>7.1 ERDVINIS GARSAS \u012eMONTUOTAS: M\u0117gaukit\u0117s puikiu, subalansuotu 7.1 erdviniu garsu su Commander G serijos erdvinio garso \u017eaidim\u0173 ausin\u0117mis.<\/li>\n<li>ILGAS BATERIJOS VEIKIMO LAIKAS: Did\u017eiul\u0117 160+ valand\u0173 baterija ir 20 ms belaid\u017eio ry\u0161io delsimas suteikia efektyv\u0173 \u201erealaus laiko\u201c gars\u0105.<\/li>\n<li>PROFESIONAL\u016aS 50 MM GARSIAKALBIAI: Did\u017eiuliai 50 mm garsiakalbiai su neodimio magnetais u\u017etikrina profesionali\u0105 studijin\u0119 garso kokyb\u0119: galingi \u017eemieji da\u017eniai, ai\u0161kus vokalas, ai\u0161k\u016bs \u017eemi, vidutiniai ir auk\u0161ti tonai, tod\u0117l garsas puikiai subalansuotas.<\/li>\n<li>3 \u017eaidimo re\u017eimai: pasirinkite jums tinkam\u0105 re\u017eim\u0105, nes \u017eaidim\u0173, film\u0173 ir muzikos re\u017eimai leid\u017eia pasirinkti geriausiai j\u016bs\u0173 \u017eaidimo stili\u0173 atitinkant\u012f EQ.<\/li>\n<li>Specialiai pritaikytas garso lustas: su specialiai pritaikytu GS virtualiu 7.1 erdvinio garso \u012frenginiu steb\u0117ti prie\u0161o \u017eingsnius tokiuose \u017eaidimuose kaip &#8222;Call of Duty&#8221; lengviau nei bet kada anks\u010diau. \u0160is specialus lustas u\u017etikrina garso tikslum\u0105 visomis kryptimis ir suteikia nauj\u0173 privalum\u0173 \u017eaidime. <\/li>\n<li>DERINAMAS SU VISOMIS KONSOL\u0116MIS: veikia su PS5, PS4, PC ir Mac belaid\u017eiu ry\u0161iu. Naudokite 3,5 mm ausini\u0173 lizd\u0105 &#8222;Xbox&#8221; ir kitiems \u012frenginiams. <\/li>\n<li>KRYSTALINIO TIKRUMO MIC: specialiai sukurtas \u017eaidimams, su 160\u00b0 pasukama rankena, kuri pasilieka savo vietoje. \u0160is triuk\u0161m\u0105 slopinantis mikrofonas leid\u017eia ai\u0161kiai gird\u0117ti net ir esant dideliam foniniam triuk\u0161mui. <\/li>\n<\/ul>\n","features":"<p>7.1 Virtualus erdvinis garsas<br \/>\nAus\u0173 pamink\u0161tinimai patogiam ilgalaikiam \u017eaidimui<br \/>\nAi\u0161kus mikrofonas pokalbiams<br \/>\nLankstus reguliuojamas nuimamas mikrofonas<br \/>\nDid\u017eiul\u0117 160+ valand\u0173 baterijos veikimo trukm\u0117<br \/>\nDideli 50 mm dinaminiai garsiakalbiai<br \/>\nBelaidis 2.4GHz ry\u0161ys<br \/>\nVeikia kaip ausin\u0117s muzikai<\/p>\n","rating":"9.8","intro_text":"<p>\u010cia, &#8222;DJ Music Geek&#8221;, esame aps\u0117sti visko, kas susij\u0119 su garsu. Sujung\u0119 aistr\u0105 garsui ir meil\u0119 \u017eaidimams, i\u0161band\u0117me geriausias \u017eaidim\u0173 ausines, kurias galima \u012fsigyti rinkoje 2026. \u017daidim\u0173 ausin\u0117s dabar yra labai svarbi \u017eaidim\u0173 dalis, o tur\u0117ti puikios kokyb\u0117s \u017eaidim\u0173 ausines yra labai naudinga. Dabar tai labai svarbi dalis, norint gerai \u017eaisti tokius \u017eaidimus kaip &#8222;Call of Duty&#8221;, &#8222;Battlefield&#8221;, &#8222;CS:GO&#8221;, PUBG ir &#8222;Rainbow Six&#8221;.   <\/p>\n<p>Tur\u0117dami geresnes ausines tur\u0117site prana\u0161um\u0105 prie\u0161 savo konkurentus ir gal\u0117site juos geriau gird\u0117ti didesniu atstumu. Ne tik tai, bet ir lengvas bendravimas su draugais ir patogumas &#8211; dar keli svarb\u016bs veiksniai, \u012f kuriuos reikia atsi\u017evelgti. \u0160iame vadove pateiksime kelet\u0105 rekomendacij\u0173, i\u0161 kuri\u0173 galite rinktis labiausiai m\u0117gstamas, kokybi\u0161kas, patogias ir geriausias ausines.  <\/p>\n","text_after_product_box":"<p>Taigi, kod\u0117l Commander G serija yra geriausias pasirinkimas i\u0161 vis\u0173 m\u016bs\u0173 i\u0161bandyt\u0173 ausini\u0173? Pirma, \u0161ios ausin\u0117s pasi\u017eym\u0117jo geriausiomis erdvinio garso galimyb\u0117mis i\u0161 vis\u0173 m\u016bs\u0173 bandym\u0173. Mes i\u0161band\u0117me ausines naudodami naujausi\u0105 Call of Duty, kad patikrintume, kaip lengvai galime nustatyti prie\u0161o vietas. Ai\u0161kiai girdite kryptin\u012f gars\u0105, kuris padeda nustatyti prie\u0161us dar prie\u0161 juos pamatant. Garso kokyb\u0117 yra i\u0161skirtin\u0117 ir mes laimime daugiau \u017eaidim\u0173.<\/p>\n<p>Naujoji Commander G serija yra auk\u0161\u010diausios klas\u0117s \u017eaidim\u0173 ausin\u0117s su 160 valand\u0173 2.4GHz belaid\u017eiu \u017eaidimu per \u012fkrovim\u0105. Jis pa\u0161alina laid\u0173, jungian\u010di\u0173 jus prie konsol\u0117s ar kompiuterio, poreik\u012f ir suteikia galimyb\u0119 \u017eaisti naujos kartos 2,4 GHz belaid\u017eiu ry\u0161iu. Lengvos ir itin patogios ausin\u0117s turi visk\u0105, apie k\u0105 galite pagalvoti, kalbant apie auk\u0161tos kokyb\u0117s ausines. Atnaujintas 7.1 virtualaus erdvinio garso \u012frenginys su atnaujintomis tvarkykl\u0117mis perkelia visk\u0105 \u012f kit\u0105 lyg\u012f. Geriausias G serijos telefon\u0173 bruo\u017eas &#8211; kaina. Atsi\u017evelgiant \u012f tai, kad pana\u0161ios ausin\u0117s kainuoja gerokai daugiau nei 150 \u20ac, rekomenduotume \u0161\u012f model\u012f, nes i\u0161vengiate laid\u0173, gaunate ne\u012ftik\u0117tin\u0105 160+ valand\u0173 baterij\u0105 ir taip pat patobulint\u0105 gars\u0105.     <\/p>\n<p>Vertiname tai kaip geriausias belaid\u0117s ausines, kurias galima \u012fsigyti 2026.<\/p>\n<h2 class=\"\">Produkto ap\u017evalga:<\/h2>\n<p>Taigi, kod\u0117l Commander G serija yra geriausias pasirinkimas i\u0161 vis\u0173 m\u016bs\u0173 i\u0161bandyt\u0173 ausini\u0173? \u0160tai 5 prie\u017eastys, kod\u0117l manome, kad &#8222;G&#8221; buvo geriausi: <\/p>\n<p><strong>1)<\/strong> Pirma, \u0161ios ausin\u0117s pasi\u017eymi geriausiomis erdvinio garso galimyb\u0117mis i\u0161 vis\u0173 m\u016bs\u0173 bandym\u0173. Mes i\u0161band\u0117me ausines naudodami naujausi\u0105 Call of Duty, kad patikrintume, kaip lengvai galime nustatyti prie\u0161o vietas. Ai\u0161kiai girdite kryptin\u012f gars\u0105, kuris padeda nustatyti prie\u0161us dar prie\u0161 juos pamatant.  <\/p>\n<p><strong>2)<\/strong> G serijos modeliai yra tikrai patog\u016bs. Atlikdami daugkartinius 6 valand\u0173 trukm\u0117s bandymus nepatyr\u0117me jokio tikro diskomforto. Jie nespaud\u017eia galvos, o labai gra\u017eiai ir patogiai priglunda prie jos vir\u0161aus. &#8222;G&#8221; yra gerai pamink\u0161tintos ausys ir puikiai priglunda prie galvos vir\u0161aus.   <\/p>\n<p><strong>3)<\/strong> Dar viena puiki G serijos modelio funkcija &#8211; be vairuotojo veikianti s\u0105ranka. Galite tiesiog prijungti per belaid\u012f USB rakt\u0105 ir naudotis virtualiu 7.1 erdviniu garsu. Nereikia diegti sud\u0117ting\u0173 tvarkykli\u0173 ir patais\u0173. Tiesiog prijunkite ir prad\u0117kite veikti.   <\/p>\n","why_the_best_text":"<p>M\u016bs\u0173 bandymuose nustat\u0117me, kad didesn\u0117 kaina ne visada rei\u0161kia auk\u0161tesn\u0119 kokyb\u0119. Kai kurie geriau \u017einomi preki\u0173 \u017eenklai, tokie kaip SteelSeries, Astro ir Logtiech, gamino tikrai geras ausines, ta\u010diau j\u0173 kaina buvo dvigubai ar trigubai didesn\u0117 nei Commander G serijos. Lygindami tokius dalykus kaip patogumas, erdvinio garso ai\u0161kumas ir bendros funkcijos, nustat\u0117me, kad Commander G serija u\u017e\u0117m\u0117 pirm\u0105j\u0105 viet\u0105 su auk\u0161\u010diausiu bendru \u012fvertinimu pagal m\u016bs\u0173 6 pagrindinius veiksnius: gars\u0105, patogum\u0105, baterijos veikimo laik\u0105, patikimum\u0105, ry\u0161\u012f ir kain\u0105.  <\/p>\n","reviews_text":"<p>Svarbu atkreipti d\u0117mes\u012f \u012f tai, ko reikia puikioms \u017eaidim\u0173 ausin\u0117ms. Pateik\u0117me 6 b\u016btiniausius dalykus, \u012f kuriuos turite atsi\u017evelgti bet kokioms ausin\u0117ms: <\/p>\n<p>1) Puikus garsas &#8211; negalime apsieiti be \u0161io esminio komponento!<br \/>\n2) Patogumas &#8211; ar galime \u017eaisti valand\u0173 valandas be jokio diskomforto<br \/>\n3) Baterijos veikimo laikas &#8211; kiek laiko veikia baterija, jei ji yra belaid\u0117?<br \/>\n4) Patikimumas &#8211; ar reikia nerimauti d\u0117l surinkimo kokyb\u0117s?<br \/>\n5) Jungiamumas &#8211; kaip lengva prijungti?<br \/>\n6) Kaina &#8211; ar ji prieinama, ar nepermok\u0117siu?<\/p>\n<p>Atsi\u017evelgdami \u012f \u0161iuos veiksnius, per\u017ei\u016br\u0117jome ir u\u017esak\u0117me min\u0117tas ausines. Renkantis ausines svarbu apr\u0117pti visus aspektus, nes u\u017etenka, kad tik vienas aspektas jus nuvilt\u0173, ir j\u016bs\u0173 patirtis bus sugadinta. Apskritai m\u016bs\u0173 geriausias pasirinkimas yra &#8222;Commander G&#8221; serija.<\/p>\n","top_pick_box_text":"<p>Kai kalbama apie \u017eaidim\u0173 ausines, norite, kad visos funkcijos b\u016bt\u0173 supakuotos \u012f puik\u0173 dizain\u0105. M\u016bs\u0173 nuomone, Commander G serija suteikia visk\u0105, ko galite nor\u0117ti i\u0161 belaid\u017ei\u0173 \u017eaidim\u0173 ausini\u0173 u\u017e fenomenali\u0105 kain\u0105. <\/p>\n<p>D\u0117l auk\u0161tos surinkimo kokyb\u0117s, puikios baterijos veikimo trukm\u0117s, itin patikimo ry\u0161io ir suderinamumo su visomis konsol\u0117mis G serij\u0105 vertiname 9,8 balo i\u0161 10.<\/p>\n<p>Po ma\u017edaug 5 m\u0117nesi\u0173 kasdienio naudojimo, mes negalime \u012fsivaizduoti, kad netrukus pereisime prie kito \u012frenginio.<\/p>\n<p>Gaukite nemokam\u0105 pristatym\u0105, kai perkate per Shopsta.<\/p>\n","bottom_text":"<p>&#8222;Commander G Series&#8221; turi did\u017eiulius 50 mm dinamini\u0173 garsiakalbi\u0173 garsiakalbius, kuri\u0173 daugiau nei pakanka vidutiniam naudotojui. Visi\u0161kai garsiai veikian\u010dios ausin\u0117s gali b\u016bti laikomos per garsiomis.  Tai puiku, nes galite pritaikyti garso i\u0161vest\u012f pagal savo nustatymus. Su kitomis funkcijomis, tokiomis kaip patogios aus\u0173 pagalv\u0117l\u0117s, 160 valand\u0173 baterija ir 3 \u017eaidimo EQ re\u017eimai, \u201eCommander G Series\u201c tikrai leid\u017eia pasiekti auk\u0161\u010diausi\u0105 \u017eaidim\u0173 patirt\u012f. Jei ketinate rinktis \u0161\u012f \u012frengin\u012f, \u012fsitikinkite, kad naudodami nuolaidos kod\u0105 kasoje gausite 20 % nuolaid\u0105 nuo ma\u017emenin\u0117s kainos. D\u0117kojame, kad perskait\u0117te m\u016bs\u0173 ap\u017evalgas, ir tikim\u0117s, kad pad\u0117jome jums rasti j\u016bs\u0173 poreikius atitinkan\u010dias ausines.   <\/p>\n","product_2_full_name":"SOMiC G serija - belaid\u0117s 7.1 \u017eaidim\u0173 ausin\u0117s su nuimamu mikrofonu","product_2_bullet_points":"<ul>\n<li>GERIAUSIOS PRIEINAMOS \u017dAIDIM\u0172 AUSIN\u0116S: SOMiC G serija yra geriausiai parduodamos ausin\u0117s, \u017einomos d\u0117l savo na\u0161umo ir dizaino.<\/li>\n<li>7.1 ERDVINIS GARSAS \u012eMONTUOTAS: M\u0117gaukit\u0117s puikiu, subalansuotu 7.1 erdviniu garsu su SOMiC G erdvinio garso \u017eaidim\u0173 ausin\u0117mis.<\/li>\n<li>PROFESIONAL\u016aS 50 MM GARSIAKALBIAI: Did\u017eiuliai 50 mm garsiakalbiai su neodimio magnetais u\u017etikrina profesionali\u0105 studijin\u0119 garso kokyb\u0119: galingi \u017eemieji da\u017eniai, ai\u0161kus vokalas, ai\u0161k\u016bs \u017eemi, vidutiniai ir auk\u0161ti tonai, tod\u0117l garsas puikiai subalansuotas.<\/li>\n<li>3 \u017eaidimo re\u017eimai: pasirinkite jums tinkam\u0105 re\u017eim\u0105, nes \u017eaidim\u0173, film\u0173 ir muzikos re\u017eimai leid\u017eia pasirinkti geriausiai j\u016bs\u0173 \u017eaidimo stili\u0173 atitinkant\u012f EQ.<\/li>\n<li>Specialiai pritaikytas garso lustas: G serijos virtualus 7.1 erdvinio garso \u012frenginys leid\u017eia lengviau nei bet kada anks\u010diau sekti prie\u0161o \u017eingsnius tokiuose \u017eaidimuose kaip &#8222;Call of Duty&#8221;. \u0160is specialus lustas u\u017etikrina garso tikslum\u0105 visomis kryptimis ir suteikia nauj\u0173 privalum\u0173 \u017eaidime. <\/li>\n<li>DERINAMAS SU VISOMIS KONSOL\u0116MIS: veikia su PS5, PS4, PC ir Mac per USB. Naudokite 3,5 mm ausini\u0173 lizd\u0105 &#8222;Xbox&#8221; ir kitiems \u012frenginiams. <\/li>\n<li>KRYSTALINIO TIKRUMO MIC: specialiai sukurtas \u017eaidimams, su 160\u00b0 pasukama rankena, kuri pasilieka savo vietoje. \u0160is triuk\u0161m\u0105 slopinantis mikrofonas leid\u017eia ai\u0161kiai gird\u0117ti net ir esant dideliam foniniam triuk\u0161mui. <\/li>\n<\/ul>\n","text_after_product_box_2":"<p><strong>4)<\/strong> Mikrofonas yra kri\u0161tolo skaidrumo, jis netgi turi dvigub\u0105 triuk\u0161mo slopinimo mikrofon\u0105, kuris yra ausin\u0117s i\u0161or\u0117je, kad klausyt\u0173si foninio triuk\u0161mo ir pa\u0161alint\u0173 j\u012f i\u0161 \u017eaidimo balso pokalbi\u0173.<\/p>\n<p><strong>5)<\/strong> Naudojant belaides ausines labai svarbu atsi\u017evelgti \u012f akumuliatoriaus veikimo laik\u0105, tod\u0117l geriausia rinktis tinkamos talpos ausines. Commander G serija i\u0161siskiria kaip viena geriausi\u0173 ausini\u0173 pagal baterijos veikimo laik\u0105. Net 160+ piln\u0173 valand\u0173 be \u012fkrovimo.  Pats tai i\u0161band\u017eiau ir manau, kad jis veik\u0117 ilgiau nei \u0161is oficialus skai\u010dius. Vis d\u0117lto, 160 valand\u0173 yra labai ilgas laikas be \u012fkrovimo, o dar viena puiki savyb\u0117 yra ta, kad galite \u012fkrauti ir \u017eaisti tuo pa\u010diu metu, kas yra patogu.<\/p>\n","product_2_full_name_new":"SOMiC G serija - belaid\u0117s 7.1 \u017eaidim\u0173 ausin\u0117s su nuimamu mikrofonu"},"yoast_head":"<!-- This site is optimized with the Yoast SEO plugin v27.3 - https:\/\/yoast.com\/product\/yoast-seo-wordpress\/ -->\n<title>10 geriausi\u0173 \u017eaidim\u0173 ausini\u0173 - DJ Music Geek<\/title>\n<meta name=\"robots\" content=\"index, follow, max-snippet:-1, max-image-preview:large, max-video-preview:-1\" \/>\n<link rel=\"canonical\" href=\"https:\/\/djmusicgeek.com\/lt\/geriausios-zaidimu-top-10-geriausiu-zaidimu-gaudykliu-prietaisu-pirkti\/\" \/>\n<meta property=\"og:locale\" content=\"lt_LT\" \/>\n<meta property=\"og:type\" content=\"article\" \/>\n<meta property=\"og:title\" content=\"10 geriausi\u0173 \u017eaidim\u0173 ausini\u0173 - DJ Music Geek\" \/>\n<meta property=\"og:url\" content=\"https:\/\/djmusicgeek.com\/lt\/geriausios-zaidimu-top-10-geriausiu-zaidimu-gaudykliu-prietaisu-pirkti\/\" \/>\n<meta property=\"og:site_name\" content=\"DJ Music Geek\" \/>\n<meta property=\"article:modified_time\" content=\"2026-03-01T13:47:53+00:00\" \/>\n<meta name=\"twitter:card\" content=\"summary_large_image\" \/>\n<script type=\"application\/ld+json\" class=\"yoast-schema-graph\">{\"@context\":\"https:\\\/\\\/schema.org\",\"@graph\":[{\"@type\":\"WebPage\",\"@id\":\"https:\\\/\\\/djmusicgeek.com\\\/lt\\\/geriausios-zaidimu-top-10-geriausiu-zaidimu-gaudykliu-prietaisu-pirkti\\\/\",\"url\":\"https:\\\/\\\/djmusicgeek.com\\\/lt\\\/geriausios-zaidimu-top-10-geriausiu-zaidimu-gaudykliu-prietaisu-pirkti\\\/\",\"name\":\"10 geriausi\u0173 \u017eaidim\u0173 ausini\u0173 - DJ Music Geek\",\"isPartOf\":{\"@id\":\"https:\\\/\\\/djmusicgeek.com\\\/#website\"},\"datePublished\":\"2024-06-14T21:53:57+00:00\",\"dateModified\":\"2026-03-01T13:47:53+00:00\",\"breadcrumb\":{\"@id\":\"https:\\\/\\\/djmusicgeek.com\\\/lt\\\/geriausios-zaidimu-top-10-geriausiu-zaidimu-gaudykliu-prietaisu-pirkti\\\/#breadcrumb\"},\"inLanguage\":\"lt-LT\",\"potentialAction\":[{\"@type\":\"ReadAction\",\"target\":[\"https:\\\/\\\/djmusicgeek.com\\\/lt\\\/geriausios-zaidimu-top-10-geriausiu-zaidimu-gaudykliu-prietaisu-pirkti\\\/\"]}]},{\"@type\":\"BreadcrumbList\",\"@id\":\"https:\\\/\\\/djmusicgeek.com\\\/lt\\\/geriausios-zaidimu-top-10-geriausiu-zaidimu-gaudykliu-prietaisu-pirkti\\\/#breadcrumb\",\"itemListElement\":[{\"@type\":\"ListItem\",\"position\":1,\"name\":\"Pagrindinis\",\"item\":\"https:\\\/\\\/djmusicgeek.com\\\/\"},{\"@type\":\"ListItem\",\"position\":2,\"name\":\"10 geriausi\u0173 \u017eaidim\u0173 ausini\u0173 &#8211;\"}]},{\"@type\":\"WebSite\",\"@id\":\"https:\\\/\\\/djmusicgeek.com\\\/#website\",\"url\":\"https:\\\/\\\/djmusicgeek.com\\\/\",\"name\":\"DJ Music Geek\",\"description\":\"\",\"potentialAction\":[{\"@type\":\"SearchAction\",\"target\":{\"@type\":\"EntryPoint\",\"urlTemplate\":\"https:\\\/\\\/djmusicgeek.com\\\/?s={search_term_string}\"},\"query-input\":{\"@type\":\"PropertyValueSpecification\",\"valueRequired\":true,\"valueName\":\"search_term_string\"}}],\"inLanguage\":\"lt-LT\"}]}<\/script>\n<!-- \/ Yoast SEO plugin. -->","yoast_head_json":{"title":"10 geriausi\u0173 \u017eaidim\u0173 ausini\u0173 - DJ Music Geek","robots":{"index":"index","follow":"follow","max-snippet":"max-snippet:-1","max-image-preview":"max-image-preview:large","max-video-preview":"max-video-preview:-1"},"canonical":"https:\/\/djmusicgeek.com\/lt\/geriausios-zaidimu-top-10-geriausiu-zaidimu-gaudykliu-prietaisu-pirkti\/","og_locale":"lt_LT","og_type":"article","og_title":"10 geriausi\u0173 \u017eaidim\u0173 ausini\u0173 - DJ Music Geek","og_url":"https:\/\/djmusicgeek.com\/lt\/geriausios-zaidimu-top-10-geriausiu-zaidimu-gaudykliu-prietaisu-pirkti\/","og_site_name":"DJ Music Geek","article_modified_time":"2026-03-01T13:47:53+00:00","twitter_card":"summary_large_image","schema":{"@context":"https:\/\/schema.org","@graph":[{"@type":"WebPage","@id":"https:\/\/djmusicgeek.com\/lt\/geriausios-zaidimu-top-10-geriausiu-zaidimu-gaudykliu-prietaisu-pirkti\/","url":"https:\/\/djmusicgeek.com\/lt\/geriausios-zaidimu-top-10-geriausiu-zaidimu-gaudykliu-prietaisu-pirkti\/","name":"10 geriausi\u0173 \u017eaidim\u0173 ausini\u0173 - DJ Music Geek","isPartOf":{"@id":"https:\/\/djmusicgeek.com\/#website"},"datePublished":"2024-06-14T21:53:57+00:00","dateModified":"2026-03-01T13:47:53+00:00","breadcrumb":{"@id":"https:\/\/djmusicgeek.com\/lt\/geriausios-zaidimu-top-10-geriausiu-zaidimu-gaudykliu-prietaisu-pirkti\/#breadcrumb"},"inLanguage":"lt-LT","potentialAction":[{"@type":"ReadAction","target":["https:\/\/djmusicgeek.com\/lt\/geriausios-zaidimu-top-10-geriausiu-zaidimu-gaudykliu-prietaisu-pirkti\/"]}]},{"@type":"BreadcrumbList","@id":"https:\/\/djmusicgeek.com\/lt\/geriausios-zaidimu-top-10-geriausiu-zaidimu-gaudykliu-prietaisu-pirkti\/#breadcrumb","itemListElement":[{"@type":"ListItem","position":1,"name":"Pagrindinis","item":"https:\/\/djmusicgeek.com\/"},{"@type":"ListItem","position":2,"name":"10 geriausi\u0173 \u017eaidim\u0173 ausini\u0173 &#8211;"}]},{"@type":"WebSite","@id":"https:\/\/djmusicgeek.com\/#website","url":"https:\/\/djmusicgeek.com\/","name":"DJ Music Geek","description":"","potentialAction":[{"@type":"SearchAction","target":{"@type":"EntryPoint","urlTemplate":"https:\/\/djmusicgeek.com\/?s={search_term_string}"},"query-input":{"@type":"PropertyValueSpecification","valueRequired":true,"valueName":"search_term_string"}}],"inLanguage":"lt-LT"}]}},"_links":{"self":[{"href":"https:\/\/djmusicgeek.com\/lt\/wp-json\/wp\/v2\/pages\/12789","targetHints":{"allow":["GET"]}}],"collection":[{"href":"https:\/\/djmusicgeek.com\/lt\/wp-json\/wp\/v2\/pages"}],"about":[{"href":"https:\/\/djmusicgeek.com\/lt\/wp-json\/wp\/v2\/types\/page"}],"author":[{"embeddable":true,"href":"https:\/\/djmusicgeek.com\/lt\/wp-json\/wp\/v2\/users\/2"}],"replies":[{"embeddable":true,"href":"https:\/\/djmusicgeek.com\/lt\/wp-json\/wp\/v2\/comments?post=12789"}],"version-history":[{"count":2,"href":"https:\/\/djmusicgeek.com\/lt\/wp-json\/wp\/v2\/pages\/12789\/revisions"}],"predecessor-version":[{"id":16699,"href":"https:\/\/djmusicgeek.com\/lt\/wp-json\/wp\/v2\/pages\/12789\/revisions\/16699"}],"wp:attachment":[{"href":"https:\/\/djmusicgeek.com\/lt\/wp-json\/wp\/v2\/media?parent=12789"}],"curies":[{"name":"wp","href":"https:\/\/api.w.org\/{rel}","templated":true}]}}