{"id":12417,"date":"2024-01-19T02:13:41","date_gmt":"2024-01-19T02:13:41","guid":{"rendered":"https:\/\/djmusicgeek.com\/geriausios-belaides-ausines-kurias-galima-isigyti-2024-m\/"},"modified":"2026-03-01T13:46:11","modified_gmt":"2026-03-01T13:46:11","slug":"geriausios-belaides-ausines-kurias-galima-isigyti-2024-m","status":"publish","type":"page","link":"https:\/\/djmusicgeek.com\/lt\/geriausios-belaides-ausines-kurias-galima-isigyti-2024-m\/","title":{"rendered":"10 geriausi\u0173 belaid\u017ei\u0173 ausini\u0173, kurias galima \u012fsigyti JK April 2026 [Atnaujinta]"},"content":{"rendered":"","protected":false},"excerpt":{"rendered":"","protected":false},"author":2,"featured_media":0,"parent":0,"menu_order":0,"comment_status":"closed","ping_status":"closed","template":"sales-template.php","meta":{"_acf_changed":false,"footnotes":""},"class_list":["post-12417","page","type-page","status-publish","hentry"],"acf":{"product_2_supplier":"Amazon","product_3_supplier":"Amazon","product_4_supplier":"Amazon","product_5_supplier":"Amazon","product_6_supplier":"Amazon","product_7_supplier":"Amazon","product_8_supplier":"Amazon","product_9_supplier":"Amazon","product_10_supplier":"Amazon","exclude_from_search":true,"product_3_price":"","product_3_url":"","product_url":"https:\/\/www.shopsta.co.uk\/products\/soundpeats-mini-pro-hs-wireless-earbuds-bluetooth-anc-hi-res-sound","product_2_url":"https:\/\/www.shopsta.co.uk\/products\/tribit-flybuds-c2-wireless-bluetooth-earphones-4-mics-call-noise-canceling-crystal-clear-calls-earbuds-32h-playtime-headphones","product_price_shortcode":"\u00a379.99","product_discount_price_shortcode":"\u00a364.00","product_image_1":"https:\/\/cdn.shopify.com\/s\/files\/1\/0503\/4170\/7969\/files\/S01dda507573846b8bf7dfef5c3e59319p.webp?v=1705589004","product_image_2":"https:\/\/cdn.shopify.com\/s\/files\/1\/0503\/4170\/7969\/files\/Sa889552a83924fdb874785ba30cf9192a.webp?v=1705589004","product_image_3":"https:\/\/cdn.shopify.com\/s\/files\/1\/0503\/4170\/7969\/files\/S26bef3b5f5c54c1f9a6041ef40166764p.webp?v=1705589004","product_image_4":"https:\/\/cdn.shopify.com\/s\/files\/1\/0503\/4170\/7969\/files\/S2ab9ef8c42524edaae083d7cdd7137e1r.webp?v=1705589005","product_image_5":"https:\/\/cdn.shopify.com\/s\/files\/1\/0503\/4170\/7969\/files\/Scb1eb558b35d4f34871e168f74f908efC.webp?v=1705589005","product_image_6":"https:\/\/www.shopsta.co.uk\/cdn\/shop\/files\/Sa889552a83924fdb874785ba30cf9192a_1400x1400.webp?v=1705589004","product_image_7":"https:\/\/www.shopsta.co.uk\/cdn\/shop\/files\/S26bef3b5f5c54c1f9a6041ef40166764p_1400x1400.webp?v=1705589004","product_image_8":"https:\/\/www.shopsta.co.uk\/cdn\/shop\/files\/Scb1eb558b35d4f34871e168f74f908efC_1400x1400.webp?v=1705589005","product_2_asin":"B0CHWZ9TZS","product_3_asin":"B0B4KHCQ96","product_4_asin":"B0979QQHFG","product_5_asin":"B09D7PXZV7","product_6_asin":"B09RZKHSD6","product_7_asin":"B09JQQDLXF","product_8_asin":"B095DNPH4R","product_9_asin":"B09RZJZ7YW","product_10_asin":"B0C9NGNBPG","product_2_image_1":"https:\/\/cdn.shopify.com\/s\/files\/1\/0503\/4170\/7969\/files\/Sb63526d4600f46848fe7de0e077cc862U.jpg?v=1695677154","product_2_image_2":"https:\/\/cdn.shopify.com\/s\/files\/1\/0503\/4170\/7969\/files\/Sc78e0c14e4e64fd58f35cba2ded94ad9r.jpg?v=1695677153","product_2_image_3":"https:\/\/cdn.shopify.com\/s\/files\/1\/0503\/4170\/7969\/files\/Seaaf380b94f049b4b91eb37d65f0c0b1L.jpg?v=1695677153","product_2_price":"\u00a347.99","product_2_discount_price":"\u00a338.39","product_3_image_1":"","product_3_image_2":"","product_3_image_3":"","product_3_discount_price":"","language_code":"lt","product_name":"SOUNDPEATS\u00ae Mini Pro","product_type":"Belaid\u0117s ausin\u0117s","product_type_singular":"Belaid\u0117s ausin\u0117s pirkti","product_full_name":"Tikrai belaid\u0117s ausin\u0117s SOUNDPEATS\u00ae Mini Pro","bullet_points":"<ul>\n<li>Nuostabi garso kokyb\u0117: \u0161ios ausin\u0117s atkuria detal\u0173 gars\u0105, kuris yra geresnis nei kompaktiniuose diskuose, ir pasi\u017eymi pla\u010dia atk\u016brimo juosta nuo 20 Hz iki 40 kHz. M\u0117gaukit\u0117s garsu, kuris yra artimiausias originaliam \u012fra\u0161ui, ir m\u0117gaukit\u0117s dar turtingesne ir \u012ftraukian\u010dia garso patirtimi. <\/li>\n<li>LDAC KODEKSO TECHNOLOGIJA: m\u0117gaukit\u0117s skland\u017eiu garso perdavimu su trigubai didesniu informacijos kiekiu, palyginti su tradiciniu &#8222;Bluetooth&#8221; SBC kodeku. \u012evertinkite bals\u0173 ir instrument\u0173 niuansus, o rezultatas bus artimas pirminiam k\u016br\u0117jo sumanymui. <\/li>\n<li>Pa\u017eangus triuk\u0161mo slopinimas: hibridin\u0117 aktyvaus triuk\u0161mo slopinimo technologija, suma\u017einanti triuk\u0161m\u0105 iki 40 dB, neutralizuoja i\u0161orinius garsus, tod\u0117l garsas netrikdomas net ir triuk\u0161mingoje aplinkoje.<\/li>\n<li>PREMIUM DYNAMIC DRIVER: 10 mm dinaminis garsiakalbis u\u017etikrina nat\u016brali\u0173 gars\u0173 gyl\u012f ir dinami\u0161kum\u0105, tod\u0117l \u017eem\u0173 da\u017eni\u0173 garsas yra ne\u012ftik\u0117tinai subalansuotas ir kuo artimesnis originaliam garsui.<\/li>\n<li>Patikimas akumuliatoriaus veikimo laikas: M\u0117gaukit\u0117s iki 8 valand\u0173 nepertraukiamo muzikos grojimo vien tik su ausin\u0117mis ir iki 28 valand\u0173 su \u012fkrovimo d\u0117klu. Idealiai tinka ilgoms kelion\u0117ms, \u012ftemptoms darbo dienoms ir ilgesn\u0117ms garso pramogoms. <\/li>\n<li>OPTIMIZUOTAS KONFERENCIJOMS: ENC skambu\u010di\u0173 triuk\u0161mo slopinimo funkcija ir 6 mikrofonai, filtruojantys aplinkos triuk\u0161m\u0105, u\u017etikrina ai\u0161ki\u0105 balso kokyb\u0119 pokalbi\u0173 metu. Puikiai tinka darbui nuotoliniu b\u016bdu ir internetin\u0117ms konferencijoms. <\/li>\n<\/ul>\n","features":"<p>Nuostabi garso kokyb\u0117: m\u0117gaukit\u0117s garsu taip, kaip jis turi b\u016bti girdimas. Ausin\u0117s atkuria didel\u0117s rai\u0161kos gars\u0105, kuris yra sodrus, detalus ir tikrovi\u0161kas. Plati atk\u016brimo juosta nuo 20 Hz iki 40 kHz leid\u017eia u\u017efiksuoti kiekvien\u0105 niuans\u0105, tod\u0117l garsas i\u0161ties \u012ftraukiantis.  <\/p>\n<p>PUIKUS GARSO PERDAVIMAS: d\u0117l LDAC kodeko technologijos \u0161ios belaid\u0117s ausin\u0117s gali perduoti 3 kartus daugiau duomen\u0173 nei tradicinis &#8222;Bluetooth&#8221; SBC kodekas, tod\u0117l gal\u0117site \u012fvertinti kiekvien\u0105 muzikos detal\u0119.  <\/p>\n<p>Pa\u017eangus triuk\u0161mo slopinimas: Hibridin\u0117 aktyvi triuk\u0161mo slopinimo technologija suma\u017eina triuk\u0161m\u0105 iki 40 dB, tod\u0117l veiksmingai pa\u0161alinamas foninis triuk\u0161mas. M\u0117gaukit\u0117s nepertraukiama ir ramia garso patirtimi, kad ir kur b\u016btum\u0117te. <\/p>\n<p>PREMIUM 10 mm dinaminis garsiakalbis: 10 mm dinaminis garsiakalbis u\u017etikrina vidutinio ir \u017eemo diapazono gars\u0173 gyl\u012f ir nat\u016brali\u0173 gars\u0173 dinami\u0161kum\u0105. Rezultatas &#8211; gerai subalansuotas ir ne\u012ftik\u0117tinai artimas originaliam \u012fra\u0161ui da\u017eni\u0173 rinkinys. <\/p>\n<p>Patikimas baterijos veikimo laikas: nepaisant kompakti\u0161ko dizaino, \u0161ios ausin\u0117s gali nepertraukiamai veikti iki 8 valand\u0173, o su \u012fkrovimo d\u0117klu &#8211; dar 20 valand\u0173. Tod\u0117l jos puikiai tinka ilgoms kelion\u0117ms \u012f darb\u0105 ir atgal, nepertraukiamoms darbo dienoms ar ilgesniems garso pramog\u0173 seansams. <\/p>\n<p>Skambu\u010diams: &#8222;SOUNDPEATS Mini Pro&#8221; ausin\u0117s su ENC skambu\u010di\u0173 triuk\u0161mo slopinimo funkcija ir 6 mikrofonais &#8211; po 3 kiekviename ausies kau\u0161elyje &#8211; skirtos pagerinti bals\u0105 skambu\u010di\u0173 metu filtruojant aplinkos triuk\u0161m\u0105. Puikiai tinka darbui nuotoliniu b\u016bdu ir internetin\u0117ms konferencijoms. <\/p>\n<p>AUK\u0160\u010cIAUSIOS KLAS\u0116S SPECIFIKACIJOS: WQ7033AR &#8222;Bluetooth&#8221; mikroschem\u0173 rinkin\u012f, 32 \u03a9 var\u017e\u0105, 20-40 000 Hz da\u017eni\u0173 diapazon\u0105, AAC, SBC, LDAC kodekus, aktyv\u0173 triuk\u0161mo slopinim\u0105 ir 5.3 &#8222;Bluetooth&#8221; versij\u0105.<\/p>\n<p>D\u0116\u017dUT\u0116S TURINYS: Kartu su dviem &#8222;Mini Pro HS&#8221; &#8222;Bluetooth&#8221; ausin\u0117mis d\u0117\u017eut\u0117je yra C tipo \u012fkrovimo kabelis, 6 kei\u010diami aus\u0173 antgaliai, \u012fkrovimo d\u0117klas ir naudotojo vadovas.<\/p>\n","rating":"9.8","intro_text":"<p>Sveiki atvyk\u0119 \u012f &#8222;DJ Music Geek&#8221; &#8211; naujausios ir geriausios garso \u012frangos \u0161altin\u012f. Jei ie\u0161kote nepriekai\u0161tingos garso kokyb\u0117s, patikimo d\u0117v\u0117jimo, \u012fsp\u016bdingo baterijos veikimo laiko ir vientisos belaid\u017eio ry\u0161io patirties, esate tinkamoje vietoje. Esame atsidav\u0119 audiofilai ir technologij\u0173 entuziastai, tod\u0117l pateikiame i\u0161samias, autoritetingas geriausi\u0173 rinkoje esan\u010di\u0173 belaid\u017ei\u0173 ausini\u0173 ap\u017evalgas ir rekomendacijas. I\u0161band\u0117me ir i\u0161band\u0117me visas priemones &#8211; nuo pigi\u0173 iki auk\u0161\u010diausios klas\u0117s pirkini\u0173, kad gautum\u0117te reikiam\u0105 informacij\u0105 ir gal\u0117tum\u0117te teisingai pasirinkti. Pasiruo\u0161kite patobulinti klausymosi patirt\u012f su belaid\u0117mis ausin\u0117mis, kurios i\u0161 ties\u0173 skamb\u0117s teisingai.    <\/p>\n","text_before_product_box":"<p>&#8222;SOUNDPEATS\u00ae Mini Pro True Wireless Earbuds&#8221; m\u016bs\u0173 bandymuose peln\u0117 auk\u0161\u010diausius \u012fvertinimus u\u017e neprilygstam\u0105 garso kokyb\u0117s, vert\u0117s ir naujovi\u0161k\u0173 funkcij\u0173 derin\u012f. \u0160ie ausinukai lenkia konkurentus d\u0117l auk\u0161tos rai\u0161kos garso atk\u016brimo ir i\u0161skirtinio LDAC kodeko, u\u017etikrinan\u010dio puik\u0173 garso perdavim\u0105. U\u017e prieinam\u0105 kain\u0105 jie taip pat u\u017etikrina puiki\u0105 investicij\u0173 gr\u0105\u017e\u0105, \u012fskaitant tokias funkcijas kaip hibridinis aktyvus triuk\u0161mo slopinimas ir iki 28 valand\u0173 veikiantis akumuliatorius.  <\/p>\n","text_after_product_box":"<p>Renkantis belaides ausines labai svarbu \u012fvertinti kainos ir kokyb\u0117s santyk\u012f. SOUNDPEATS Mini Pro belaid\u0117s ausin\u0117s kaip tik tai ir si\u016blo. I\u0161band\u0119 \u0161\u012f gamin\u012f, galime garantuoti, kad \u0161is gaminys u\u017etikrina neprilygstam\u0105 garso kokyb\u0119, pa\u017eangias funkcijas ir puik\u0173 ilgaam\u017ei\u0161kum\u0105 u\u017e labai konkurencing\u0105 kain\u0105.    <\/p>\n<p>Didel\u0117s rai\u0161kos garso \u0161altinio atk\u016brimas ir auk\u0161\u010diausios kokyb\u0117s LDAC kodeko technologija mus su\u017eav\u0117jo sodriu, detaliu ir tikrovi\u0161ku garsu. \u0160is gaminys suteikia turting\u0105 ir \u012ftraukian\u010di\u0105 garso patirt\u012f, kuri yra daug geresn\u0117 nei kompaktini\u0173 disk\u0173. Be to, ausin\u0117se yra aktyvi triuk\u0161mo slopinimo funkcija, kuri veiksmingai neutralizuoja i\u0161orinius garsus &#8211; tai tikras privalumas triuk\u0161mingoje aplinkoje.  <\/p>\n<p>&#8222;SOUNDPEATS Mini Pro&#8221; ausin\u0117s pasi\u017eymi patikima baterija, kurios veikimo laikas vien ausini\u0173 d\u0117kluose siekia 8 valandas, o su \u012fkrovimo d\u0117klu &#8211; 28 valandas, tod\u0117l puikiai tinka ilgoms kelion\u0117ms ir ilgoms garso pramogoms. Be to, nustat\u0117me, kad d\u0117l integruotos ENC skambu\u010di\u0173 triuk\u0161mo slopinimo funkcijos ir \u0161e\u0161i\u0173 mikrofon\u0173 \u0161is modelis puikiai tinka darbui nuotoliniu b\u016bdu ir internetin\u0117ms konferencijoms. Taigi, jei ie\u0161kote gaminio, kuriame b\u016bt\u0173 geriausiai suderintos auk\u0161\u010diausio lygio funkcijos ir prieinama kaina, &#8222;SOUNDPEATS Mini Pro&#8221; yra tinkamas pasirinkimas.  <\/p>\n","why_the_best_text":"<p>Kai reikia rasti belaid\u017ei\u0173 ausini\u0173 rinkin\u012f, kuris b\u016bt\u0173 vertingas u\u017e j\u016bs\u0173 pinigus, manome, kad &#8222;SOUNDPEATS\u00ae Mini Pro True Wireless Earbuds&#8221; i\u0161siskiria i\u0161 kit\u0173. Atsi\u017evelgiant \u012f jo konkurencing\u0105 kain\u0105, jis turi daugyb\u0119 funkcij\u0173, kurias asmeni\u0161kai i\u0161band\u0117me ir \u012fsitikinome, kad jos u\u017etikrina i\u0161skirtin\u012f na\u0161um\u0105. <\/p>\n<p>Viena i\u0161 labiausiai i\u0161siskirian\u010di\u0173 \u0161i\u0173 ausini\u0173 savybi\u0173 &#8211; puiki garso kokyb\u0117. D\u0117l didel\u0117s rai\u0161kos atk\u016brimo, kuris u\u017etikrina geresn\u012f gars\u0105, palyginti su kompaktiniais diskais, naudotojai gali m\u0117gautis turtinga ir \u012ftraukian\u010dia garso patirtimi. D\u0117l pla\u010dios atk\u016brimo juostos nuo 20 Hz iki 40 kHz u\u017etikrinamas garsas, artimiausias originaliam \u012fra\u0161ui. Be to, \u012frengta pa\u017eangi triuk\u0161mo slopinimo technologija veiksmingai ma\u017eina aplinkos triuk\u0161m\u0105 ir leid\u017eia m\u0117gautis nepertraukiamu garsu.   <\/p>\n<p>Mus taip pat su\u017eav\u0117jo \u012fsp\u016bdingas baterijos veikimo laikas &#8211; su ausin\u0117mis ji nepertraukiamai veikia iki 8 valand\u0173, o su \u012fkrovimo d\u0117klu &#8211; net 28 valandas, tod\u0117l puikiai tinka ilgoms kelion\u0117ms ar ilgesniems garso pramog\u0173 seansams. Integruota ENC skambu\u010di\u0173 triuk\u0161mo slopinimo funkcija ir \u0161e\u0161i mikrofonai dar labiau optimizuoja \u0161ias ausines, kad pokalbiai b\u016bt\u0173 ai\u0161k\u016bs, tod\u0117l jos yra prakti\u0161kas pasirinkimas dirbant nuotoliniu b\u016bdu ar rengiant internetines konferencijas. Apskritai manome, kad SOUNDPEATS\u00ae Mini Pro u\u017e savo kain\u0105 si\u016blo puiki\u0105 vert\u0119.  <\/p>\n","reviews_text":"<p>I\u0161sirinkti geriausias belaides ausines gali b\u016bti sud\u0117tinga, nes rinkoje yra daugyb\u0117 variant\u0173. \u0160tai pagrindiniai veiksniai, \u012f kuriuos tur\u0117tum\u0117te atsi\u017evelgti, kad pasirinktum\u0117te geriausi\u0105 variant\u0105. <\/p>\n<ol>\n<li>Garso kokyb\u0117: Ausin\u0117s turi b\u016bti auk\u0161\u010diausios kokyb\u0117s, pasi\u017eym\u0117ti pla\u010diu garso da\u017eni\u0173 diapazonu, kad gal\u0117tum\u0117te m\u0117gautis sodriu ir \u012ftraukian\u010diu garsu.<\/li>\n<li>Triuk\u0161mo slopinimo funkcija: Auk\u0161tos kokyb\u0117s ausin\u0117s turi pa\u017eangi\u0105 triuk\u0161mo slopinimo technologij\u0105, kuri neutralizuoja i\u0161orinius garsus, tod\u0117l galite m\u0117gautis muzika netrukdomi.<\/li>\n<li>Baterijos veikimo laikas: Geriausios ausin\u0117s pasi\u017eymi patikimu baterijos veikimo laiku, kuris gali trukti vis\u0105 dien\u0105 ar ilg\u0105 kelion\u0119.<\/li>\n<li>Patogumas: Ausin\u0117s turi b\u016bti patogios d\u0117v\u0117ti ilg\u0105 laik\u0105 ir tvirtai priglusti prie aus\u0173.<\/li>\n<li>Auk\u0161tesn\u0117s klas\u0117s ypatyb\u0117s: \u012evertinkite tokias funkcijas kaip &#8222;Bluetooth&#8221; mikroschem\u0173 rinkinys ir didel\u0117s skiriamosios gebos garso \u0161altini\u0173 atk\u016brimas. Tai prisideda prie bendro ausini\u0173 na\u0161umo. <\/li>\n<li>Kaina: Visada atsi\u017evelkite \u012f kain\u0105. Geriausios ausin\u0117s pasi\u017eymi puikiomis funkcijomis, ilgaam\u017ei\u0161kumu ir garso kokybe u\u017e jums priimtin\u0105 kain\u0105. <\/li>\n<\/ol>\n","top_pick_box_text":"<p>&#8222;SOUNDPEATS\u00ae Mini Pro True Wireless Earbuds&#8221; turi pa\u017eangias funkcijas u\u017e prieinam\u0105 kain\u0105, tod\u0117l yra puikus pasirinkimas vert\u0119 vertinantiems vartotojams. Nuo auk\u0161tos rai\u0161kos garso kokyb\u0117s, LDAC kodeko, u\u017etikrinan\u010dio puik\u0173 garso perdavim\u0105, iki pa\u017eangios triuk\u0161mo slopinimo technologijos &#8211; \u0161ios ausin\u0117s be vargo u\u017etikrina auk\u0161\u010diausio lygio garso kokyb\u0119. Be to, j\u0173 baterija su \u012fkrovimo d\u0117klu veikia patikimai iki 28 valand\u0173, tod\u0117l jums u\u017eteks energijos ilgesniam garso pramog\u0173 naudojimui.  <\/p>\n<p>\u0160ios ausin\u0117s i\u0161siskiria ne tik nuostabia garso kokybe, bet ir funkcionalumu pokalbi\u0173 ir konferencij\u0173 metu &#8211; d\u0117l ENC skambu\u010di\u0173 triuk\u0161mo slopinimo funkcijos ir \u0161e\u0161i\u0173 \u012fmontuot\u0173 mikrofon\u0173. Jie pasi\u017eymi neprilygstama kainos, na\u0161umo ir papildom\u0173 funkcij\u0173 pusiausvyra, tod\u0117l yra tinkamas pasirinkimas bet kokiam gyvenimo b\u016bdui ir progai. \u0160ios belaid\u0117s SOUNDPEATS\u00ae belaid\u0117s ausin\u0117s u\u017e ger\u0105 kain\u0105 i\u0161 ties\u0173 suteikia asmenin\u0119 ir svaiginan\u010di\u0105 garso patirt\u012f.  <\/p>\n","bottom_text":"<p>Apibendrinant galima teigti, kad &#8222;SOUNDPEATS\u00ae Mini Pro&#8221; belaid\u0117s ausin\u0117s yra i\u0161skirtinis produktas ir puikus pirkinys. Atlik\u0119 i\u0161samius bandymus, nuolat \u012frodome, kad jie yra vertingi ir pasi\u017eymi auk\u0161\u010diausios kokyb\u0117s funkcijomis, d\u0117l kuri\u0173 lenkia konkurentus.   <\/p>\n<p>J\u0173 auk\u0161\u010diausia garso kokyb\u0117 yra nepaprasta &#8211; garsas atkuriamas taip sodriai ir detaliai, kad galite u\u017efiksuoti kiekvien\u0105 muzikin\u012f niuans\u0105. Ausini\u0173 LDAC kodeko technologija u\u017etikrina tris kartus didesn\u012f duomen\u0173 perdavim\u0105 nei tradiciniai &#8222;Bluetooth&#8221; kodekai, tod\u0117l garsas sklinda dar intensyviau. Kartu su pa\u017eangia triuk\u0161mo slopinimo funkcija \u0161ios ausin\u0117s be vargo slopina fonin\u012f triuk\u0161m\u0105 ir sukuria nepertraukiam\u0105 garso aplink\u0105.    <\/p>\n<p>10 mm dinaminiai garsiakalbiai u\u017etikrina subalansuot\u0105 da\u017eni\u0173 diapazon\u0105, atitinkant\u012f original\u0173 \u012fra\u0161\u0105, o talpi baterija u\u017etikrina iki 8 valand\u0173 nenutr\u016bkstamo garso atk\u016brimo, kuris su \u012fkrovimo d\u0117klu pailg\u0117ja iki 20 valand\u0173. D\u0117l \u0161i\u0173 savybi\u0173 jis puikiai tinka ilgoms darbo dienoms ir kelion\u0117ms.   <\/p>\n<p>Be to, \u0161ios ausin\u0117s optimizuotos skambu\u010diams, tod\u0117l vaizdo konferencij\u0173 ir skambu\u010di\u0173 metu u\u017etikrinama ai\u0161ki ir ry\u0161ki balso kokyb\u0117. Jo specifikacijos, \u012fskaitant &#8222;Bluetooth 5.3&#8221; versij\u0105, yra naujausios, o d\u0117\u017eut\u0117je yra visi priedai, reikalingi naudoti i\u0161 karto. <\/p>\n<p>Apskritai, i\u0161 vis\u0173 m\u016bs\u0173 i\u0161bandyt\u0173 belaid\u017ei\u0173 ausini\u0173 &#8222;SOUNDPEATS\u00ae Mini Pro&#8221; ausin\u0117s neabejotinai nugal\u0117jo d\u0117l savo i\u0161skirtinio na\u0161umo, puiki\u0173 funkcij\u0173 ir puikios garso kokyb\u0117s. \u012esp\u016bdingos j\u0173 savyb\u0117s i\u0161ties i\u0161skiria juos i\u0161 kit\u0173 ir u\u017etikrina i\u0161ties svaiginan\u010di\u0105 klausymo patirt\u012f. <\/p>\n","product_2_full_name":"Tribit FlyBuds C2 \"Bluetooth\" belaid\u0117s ausin\u0117s su 4 mikrofonais, triuk\u0161mo slopinimo funkcija, 32 val. veikimo trukm\u0117.","product_2_bullet_points":"<ul>\n<li>Kri\u0161tolinio skaidrumo skambu\u010diai: d\u0117l unikalios \"Qualcomm 4-Mic CVC 8.0\" triuk\u0161mo slopinimo technologijos, sukurtos siekiant u\u017etikrinti puiki\u0105 skambu\u010di\u0173 kokyb\u0119 net ir triuk\u0161mingoje aplinkoje.<\/li>\n<li>I\u0160SKIRTINIS Garsas: \"Qualcomm QCC3040\" lustas, 13 mm didelis dinaminis garsiakalbis ir APTX auk\u0161tos kokyb\u0117s garso dekodavimas u\u017etikrina didesn\u012f garso ai\u0161kum\u0105 ir i\u0161tikimyb\u0119.<\/li>\n<li>REGULIUOJAMI EQ NUSTATYMAI: Galite lengvai pasirinkti vien\u0105 i\u0161 24 skirting\u0173 ekvalizavimo stili\u0173, pvz., d\u017eiazo, boso, ACG ir kt.<\/li>\n<li>ILGESNIS \u017dAIDIMO LAIKAS: \u012erengta \u012fsp\u016bdinga baterija, tod\u0117l kiekviena ausin\u0117 vienu \u012fkrovimu veikia 8 valandas, o su pridedamu \u012fkrovimo d\u0117klu - i\u0161 viso 32 valandas belaid\u017eio garso.<\/li>\n<li>Tikras belaidis ir greitas ry\u0161ys: \u0161ios ausin\u0117s naudoja naujausi\u0105 \"Bluetooth 5.2\" technologij\u0105, tod\u0117l u\u017etikrina stipresn\u012f ir stabilesn\u012f ry\u0161\u012f, kad garsas b\u016bt\u0173 atkuriamas nepertraukiamai.<\/li>\n<li>Patogios ir lengvos: kiekviena ausin\u0117 sveria tik 4 g, tod\u0117l ausin\u0117s yra patogios ir nespaud\u017eian\u010dios, puikiai tinka ilgoms naudojimo valandoms.<\/li>\n<\/ul>","product_2_text_after":"\"Tribit FlyBuds C2\" yra m\u016bs\u0173 antrasis pasirinkimas d\u0117l puiki\u0173 savybi\u0173 ir kainos bei kokyb\u0117s santykio. I\u0161band\u0119 \u012fvertinome naujausi\u0105 \"Qualcomm QCC3040\" lust\u0105, u\u017etikrinant\u012f puik\u0173 garso atkodavim\u0105, ir unikali\u0105 \"Qualcomm 4-Mic CVC 8.0\" technologij\u0105, kuri gerokai suma\u017eina fonin\u012f triuk\u0161m\u0105 pokalbi\u0173 metu. Naujausia \"Bluetooth 5.2\" u\u017etikrina stabil\u0173 ir galing\u0105 ry\u0161\u012f, o 32 valandas veikiantis akumuliatorius idealiai tinka ilgam naudojimui. Nepaisant to, kad n\u0117ra valdymo mygtuko ar vandeniui atspari\u0173 funkcij\u0173, d\u0117l tikro belaid\u017eio ry\u0161io patogumo ir patogaus \u012fkrovimo d\u0117klo \u0161is gaminys yra vertas d\u0117mesio. Be to, ausines palaiko \"Tribit\" program\u0117l\u0117, kurioje galima rinktis i\u0161 24 skirting\u0173 EQ stili\u0173, o tai dar labiau padidina gaminio universalum\u0105. \u0160ios ausin\u0117s pasi\u017eymi puikiu kainos ir kokyb\u0117s santykiu, tod\u0117l tinka naudotojams, ie\u0161kantiems kokybi\u0161ko veikimo, bet nepermokantiems.     "},"yoast_head":"<!-- This site is optimized with the Yoast SEO plugin v27.3 - https:\/\/yoast.com\/product\/yoast-seo-wordpress\/ -->\n<title>10 geriausi\u0173 belaid\u017ei\u0173 ausini\u0173, kurias galima \u012fsigyti JK [month_year] [Atnaujinta] - DJ Music Geek<\/title>\n<meta name=\"robots\" content=\"index, follow, max-snippet:-1, max-image-preview:large, max-video-preview:-1\" \/>\n<link rel=\"canonical\" href=\"https:\/\/djmusicgeek.com\/lt\/geriausios-belaides-ausines-kurias-galima-isigyti-2024-m\/\" \/>\n<meta property=\"og:locale\" content=\"lt_LT\" \/>\n<meta property=\"og:type\" content=\"article\" \/>\n<meta property=\"og:title\" content=\"10 geriausi\u0173 belaid\u017ei\u0173 ausini\u0173, kurias galima \u012fsigyti JK [month_year] [Atnaujinta] - DJ Music Geek\" \/>\n<meta property=\"og:url\" content=\"https:\/\/djmusicgeek.com\/lt\/geriausios-belaides-ausines-kurias-galima-isigyti-2024-m\/\" \/>\n<meta property=\"og:site_name\" content=\"DJ Music Geek\" \/>\n<meta property=\"article:modified_time\" content=\"2026-03-01T13:46:11+00:00\" \/>\n<meta name=\"twitter:card\" content=\"summary_large_image\" \/>\n<script type=\"application\/ld+json\" class=\"yoast-schema-graph\">{\"@context\":\"https:\\\/\\\/schema.org\",\"@graph\":[{\"@type\":\"WebPage\",\"@id\":\"https:\\\/\\\/djmusicgeek.com\\\/lt\\\/geriausios-belaides-ausines-kurias-galima-isigyti-2024-m\\\/\",\"url\":\"https:\\\/\\\/djmusicgeek.com\\\/lt\\\/geriausios-belaides-ausines-kurias-galima-isigyti-2024-m\\\/\",\"name\":\"10 geriausi\u0173 belaid\u017ei\u0173 ausini\u0173, kurias galima \u012fsigyti JK [month_year] [Atnaujinta] - DJ Music Geek\",\"isPartOf\":{\"@id\":\"https:\\\/\\\/djmusicgeek.com\\\/#website\"},\"datePublished\":\"2024-01-19T02:13:41+00:00\",\"dateModified\":\"2026-03-01T13:46:11+00:00\",\"breadcrumb\":{\"@id\":\"https:\\\/\\\/djmusicgeek.com\\\/lt\\\/geriausios-belaides-ausines-kurias-galima-isigyti-2024-m\\\/#breadcrumb\"},\"inLanguage\":\"lt-LT\",\"potentialAction\":[{\"@type\":\"ReadAction\",\"target\":[\"https:\\\/\\\/djmusicgeek.com\\\/lt\\\/geriausios-belaides-ausines-kurias-galima-isigyti-2024-m\\\/\"]}]},{\"@type\":\"BreadcrumbList\",\"@id\":\"https:\\\/\\\/djmusicgeek.com\\\/lt\\\/geriausios-belaides-ausines-kurias-galima-isigyti-2024-m\\\/#breadcrumb\",\"itemListElement\":[{\"@type\":\"ListItem\",\"position\":1,\"name\":\"Pagrindinis\",\"item\":\"https:\\\/\\\/djmusicgeek.com\\\/\"},{\"@type\":\"ListItem\",\"position\":2,\"name\":\"10 geriausi\u0173 belaid\u017ei\u0173 ausini\u0173, kurias galima \u012fsigyti JK March 2026 [Atnaujinta]\"}]},{\"@type\":\"WebSite\",\"@id\":\"https:\\\/\\\/djmusicgeek.com\\\/#website\",\"url\":\"https:\\\/\\\/djmusicgeek.com\\\/\",\"name\":\"DJ Music Geek\",\"description\":\"\",\"potentialAction\":[{\"@type\":\"SearchAction\",\"target\":{\"@type\":\"EntryPoint\",\"urlTemplate\":\"https:\\\/\\\/djmusicgeek.com\\\/?s={search_term_string}\"},\"query-input\":{\"@type\":\"PropertyValueSpecification\",\"valueRequired\":true,\"valueName\":\"search_term_string\"}}],\"inLanguage\":\"lt-LT\"}]}<\/script>\n<!-- \/ Yoast SEO plugin. -->","yoast_head_json":{"title":"10 geriausi\u0173 belaid\u017ei\u0173 ausini\u0173, kurias galima \u012fsigyti JK [month_year] [Atnaujinta] - DJ Music Geek","robots":{"index":"index","follow":"follow","max-snippet":"max-snippet:-1","max-image-preview":"max-image-preview:large","max-video-preview":"max-video-preview:-1"},"canonical":"https:\/\/djmusicgeek.com\/lt\/geriausios-belaides-ausines-kurias-galima-isigyti-2024-m\/","og_locale":"lt_LT","og_type":"article","og_title":"10 geriausi\u0173 belaid\u017ei\u0173 ausini\u0173, kurias galima \u012fsigyti JK [month_year] [Atnaujinta] - DJ Music Geek","og_url":"https:\/\/djmusicgeek.com\/lt\/geriausios-belaides-ausines-kurias-galima-isigyti-2024-m\/","og_site_name":"DJ Music Geek","article_modified_time":"2026-03-01T13:46:11+00:00","twitter_card":"summary_large_image","schema":{"@context":"https:\/\/schema.org","@graph":[{"@type":"WebPage","@id":"https:\/\/djmusicgeek.com\/lt\/geriausios-belaides-ausines-kurias-galima-isigyti-2024-m\/","url":"https:\/\/djmusicgeek.com\/lt\/geriausios-belaides-ausines-kurias-galima-isigyti-2024-m\/","name":"10 geriausi\u0173 belaid\u017ei\u0173 ausini\u0173, kurias galima \u012fsigyti JK [month_year] [Atnaujinta] - DJ Music Geek","isPartOf":{"@id":"https:\/\/djmusicgeek.com\/#website"},"datePublished":"2024-01-19T02:13:41+00:00","dateModified":"2026-03-01T13:46:11+00:00","breadcrumb":{"@id":"https:\/\/djmusicgeek.com\/lt\/geriausios-belaides-ausines-kurias-galima-isigyti-2024-m\/#breadcrumb"},"inLanguage":"lt-LT","potentialAction":[{"@type":"ReadAction","target":["https:\/\/djmusicgeek.com\/lt\/geriausios-belaides-ausines-kurias-galima-isigyti-2024-m\/"]}]},{"@type":"BreadcrumbList","@id":"https:\/\/djmusicgeek.com\/lt\/geriausios-belaides-ausines-kurias-galima-isigyti-2024-m\/#breadcrumb","itemListElement":[{"@type":"ListItem","position":1,"name":"Pagrindinis","item":"https:\/\/djmusicgeek.com\/"},{"@type":"ListItem","position":2,"name":"10 geriausi\u0173 belaid\u017ei\u0173 ausini\u0173, kurias galima \u012fsigyti JK March 2026 [Atnaujinta]"}]},{"@type":"WebSite","@id":"https:\/\/djmusicgeek.com\/#website","url":"https:\/\/djmusicgeek.com\/","name":"DJ Music Geek","description":"","potentialAction":[{"@type":"SearchAction","target":{"@type":"EntryPoint","urlTemplate":"https:\/\/djmusicgeek.com\/?s={search_term_string}"},"query-input":{"@type":"PropertyValueSpecification","valueRequired":true,"valueName":"search_term_string"}}],"inLanguage":"lt-LT"}]}},"_links":{"self":[{"href":"https:\/\/djmusicgeek.com\/lt\/wp-json\/wp\/v2\/pages\/12417","targetHints":{"allow":["GET"]}}],"collection":[{"href":"https:\/\/djmusicgeek.com\/lt\/wp-json\/wp\/v2\/pages"}],"about":[{"href":"https:\/\/djmusicgeek.com\/lt\/wp-json\/wp\/v2\/types\/page"}],"author":[{"embeddable":true,"href":"https:\/\/djmusicgeek.com\/lt\/wp-json\/wp\/v2\/users\/2"}],"replies":[{"embeddable":true,"href":"https:\/\/djmusicgeek.com\/lt\/wp-json\/wp\/v2\/comments?post=12417"}],"version-history":[{"count":2,"href":"https:\/\/djmusicgeek.com\/lt\/wp-json\/wp\/v2\/pages\/12417\/revisions"}],"predecessor-version":[{"id":17317,"href":"https:\/\/djmusicgeek.com\/lt\/wp-json\/wp\/v2\/pages\/12417\/revisions\/17317"}],"wp:attachment":[{"href":"https:\/\/djmusicgeek.com\/lt\/wp-json\/wp\/v2\/media?parent=12417"}],"curies":[{"name":"wp","href":"https:\/\/api.w.org\/{rel}","templated":true}]}}