{"id":12780,"date":"2024-06-14T21:53:57","date_gmt":"2024-06-14T21:53:57","guid":{"rendered":"https:\/\/djmusicgeek.com\/le-10-migliori-cuffie-da-gioco-da-acquistare-per-il-gaming\/"},"modified":"2026-03-01T13:47:55","modified_gmt":"2026-03-01T13:47:55","slug":"le-10-migliori-cuffie-da-gioco-da-acquistare-per-il-gaming","status":"publish","type":"page","link":"https:\/\/djmusicgeek.com\/it\/le-10-migliori-cuffie-da-gioco-da-acquistare-per-il-gaming\/","title":{"rendered":"Le 10 migliori cuffie da gaming &#8211;"},"content":{"rendered":"","protected":false},"excerpt":{"rendered":"","protected":false},"author":2,"featured_media":0,"parent":0,"menu_order":0,"comment_status":"closed","ping_status":"closed","template":"sales-template.php","meta":{"_acf_changed":false,"footnotes":""},"class_list":["post-12780","page","type-page","status-publish","hentry"],"acf":{"product_3_supplier":"Amazon","product_4_supplier":"Amazon","product_5_supplier":"Amazon","product_6_supplier":"Amazon","product_7_supplier":"Amazon","product_8_supplier":"Amazon","product_9_supplier":"Amazon","product_10_supplier":"Amazon","product_3_url":"","exclude_from_search":true,"product_2_supplier":"Shopsta","product_price_shortcode":"\u20ac124.99","product_discount_price_shortcode":"\u20ac99.99","product_2_price":"\u20ac109.99","product_2_discount_price":"\u20ac87.99","product_3_image_1":"","product_3_image_2":"","product_3_image_3":"","product_3_asin":"B07B81D162","product_4_asin":"B07PRYFGXG","product_5_asin":"B08NTYB4M7","product_6_asin":"B07FZVXS8H","product_7_asin":"B09GW7NHL4","product_8_asin":"B07W5JKB8Z","product_2_asin":"","product_9_asin":"","product_10_asin":"","product_url":"products\/commander-g-series-wireless-edition","product_image_1":"https:\/\/www.shopsta.co.uk\/cdn\/shop\/files\/O1CN01ZcemJx1QlNZq4L8LS__2901482016-0-ampmedia_798x798.jpg?v=1764763575","product_image_2":"https:\/\/www.shopsta.co.uk\/cdn\/shop\/files\/O1CN01IR0kAX1QlNZrMlWQ4__2901482016-0-ampmedia_798x798.jpg?v=1764763575","product_image_3":"https:\/\/www.shopsta.co.uk\/cdn\/shop\/files\/O1CN01ofXqk01QlNZqNuSLV__2901482016-0-ampmedia_798x798.jpg?v=1764763575","product_image_4":"https:\/\/djmusicgeek.com\/wp-content\/uploads\/2025\/12\/commander-top-50.jpeg","product_image_5":"https:\/\/www.shopsta.co.uk\/cdn\/shop\/files\/O1CN01ZcemJx1QlNZq4L8LS__2901482016-0-ampmedia_798x798.jpg?v=1764763575","product_2_url":"products\/somic-g-series-wireless-gaming-headset","product_2_image_1":"https:\/\/djmusicgeek.com\/wp-content\/uploads\/2023\/02\/SOMIC-G760-Wireless-Gamer-Headset-Detachable-Mic-Bluetooth-2-4G-Wired-3in1-Headphone-for-PS5-PS4.jpg_Q90.jpg","product_2_image_2":"https:\/\/djmusicgeek.com\/wp-content\/uploads\/2023\/02\/8c6029491e9d78d6d7c55d6a97d52490_1600x1600_d063843b-7174-45e3-a17a-1f9f816a4166_1360x1360.webp","product_2_image_3":"https:\/\/djmusicgeek.com\/wp-content\/uploads\/2023\/02\/650d93954cd3914c2b7de270df928da5_1600x1600_256d8234-8373-4a0b-8fcc-eed1c89a1b70_1360x1360.webp","product_image_6":"","product_image_7":"","product_image_8":"","language_code":"it","product_name":"Serie Commander G","product_type":"Cuffie da gioco","product_type_singular":"Cuffie da gioco","product_full_name":"Commander G Series - Batteria da 160 ore - Cuffie da gaming wireless con audio Surround 7.1","bullet_points":"<ul>\n<li>GIOCA COME MAI PRIMA D&#8217;ORA: Le cuffie da gioco wireless sono la nostra scelta migliore in assoluto, con un audio direzionale incredibile e un comfort straordinario.<\/li>\n<li>AUDIO SURROUND 7.1 INTEGRATO: Goditi un audio surround 7.1 superbo ed equilibrato con le cuffie da gaming con audio surround Commander G Series.<\/li>\n<li>LUNGA DURATA DELLA BATTERIA: Un&#8217;enorme batteria da oltre 160 ore e un ritardo wireless di 20 ms ti offrono un suono efficace &#8216;in tempo reale&#8217;.<\/li>\n<li>ALTOPARLANTI PROFESSIONALI DA 50 MM: Gli enormi altoparlanti da 50 millimetri combinati con magneti al neodimio offrono una qualit\u00e0 audio professionale da studio con bassi potenti, voci chiare e toni bassi, medi e alti nitidi per un suono perfettamente bilanciato.<\/li>\n<li>3 MODALIT\u00c0 DI GIOCO: seleziona la modalit\u00e0 pi\u00f9 adatta a te: con la modalit\u00e0 gioco, la modalit\u00e0 film e la modalit\u00e0 musica puoi scegliere l&#8217;equalizzatore pi\u00f9 adatto al tuo stile di gioco.<\/li>\n<li>CHIP AUDIO PERSONALIZZATO: l&#8217;unit\u00e0 audio surround virtuale 7.1 personalizzata GS consente di seguire i passi dei nemici in giochi come Call of Duty pi\u00f9 facilmente che mai. Questo chip personalizzato offre una precisione sonora millimetrica in tutte le direzioni, offrendoti nuovi vantaggi nel gioco. <\/li>\n<li>COMPATIBILE CON TUTTE LE CONSOLE: funziona con PS5, PS4, PC e Mac in modalit\u00e0 wireless. Usa il jack per cuffie da 3,5 mm per Xbox e altri dispositivi. <\/li>\n<li>MIC CRYSTAL CLEAR: costruito appositamente per il gioco con braccio girevole a 160\u00b0 che rimane in posizione una volta posizionato. Questo microfono a cancellazione di rumore ti permette di essere ascoltato chiaramente anche in presenza di forti rumori di fondo. <\/li>\n<\/ul>\n","features":"<p>Audio Surround Virtuale 7.1<br \/>\nCuscinetti auricolari per un gioco confortevole e prolungato<br \/>\nMicrofono chiaro per la chat<br \/>\nMicrofono flessibile, regolabile e staccabile<br \/>\nEnorme durata della batteria di oltre 160 ore<br \/>\nGrandi altoparlanti dinamici da 50 mm<br \/>\nConnessione wireless a 2.4GHz<br \/>\nFunziona come cuffie per la musica<\/p>\n","rating":"9.8","intro_text":"<p>Qui a DJ Music Geek siamo ossessionati da tutto ci\u00f2 che \u00e8 audio. Combinando la passione per l&#8217;audio e l&#8217;amore per il gaming, abbiamo testato le migliori cuffie da gaming disponibili sul mercato da acquistare per 2026. Le cuffie da gioco sono ormai una parte fondamentale del gioco e i vantaggi di possederne una di ottima qualit\u00e0 sono enormi. Ora \u00e8 una parte fondamentale per ottenere buoni risultati in giochi come Call of Duty, Battlefield, CS:GO, PUBG e Rainbow Six, solo per citarne alcuni.   <\/p>\n<p>Semplicemente avendo una cuffia migliore, avrai un vantaggio rispetto ai tuoi concorrenti e potrai sentirli meglio e a distanze maggiori. Inoltre, comunicare facilmente con i tuoi amici e sentirti a tuo agio sono altri fattori importanti da considerare. Questa guida ti dar\u00e0 alcuni consigli sulle nostre cuffie preferite, di alta qualit\u00e0, comode e migliori tra cui scegliere.  <\/p>\n","text_after_product_box":"<p>Allora, perch\u00e9 la Commander G Series \u00e8 la scelta migliore tra tutte le cuffie che abbiamo testato? Innanzitutto le capacit\u00e0 audio surround di queste cuffie sono state le migliori di tutti i nostri test. Abbiamo testato le cuffie usando l&#8217;ultimo Call of Duty per verificare con quale facilit\u00e0 potessimo individuare le posizioni dei nemici. Puoi sentire chiaramente il suono direzionale che ti aiuta a individuare i nemici prima di vederli. La qualit\u00e0 del suono \u00e8 eccezionale e ci siamo trovati a vincere pi\u00f9 partite.<\/p>\n<p>La nuova Commander G Series \u00e8 la cuffia da gaming di punta della linea premium con 160 ore di gaming wireless a 2.4GHz per carica. Elimina i fili che ti collegano alla tua console o al tuo PC e ti permette di giocare senza fili a 2,4 GHz di ultima generazione. Leggere e super confortevoli, sono dotate di tutto ci\u00f2 che si pu\u00f2 pensare in termini di cuffie ad alte prestazioni. L&#8217;unit\u00e0 audio surround virtuale 7.1 aggiornata con driver aggiornati porta le cose a un livello superiore. La cosa migliore della Serie G \u00e8 il prezzo. Considerando che cuffie simili superano di gran lunga i 150 \u20ac, consiglieremmo questo modello rispetto ad altri, poich\u00e9 eviti i cavi, ottieni un&#8217;incredibile batteria da oltre 160 ore e hai anche un audio migliorato.     <\/p>\n<p>Valutiamo queste come le nostre migliori cuffie wireless da acquistare nel 2026.<\/p>\n<h2 class=\"\">Panoramica del prodotto:<\/h2>\n<p>Allora, perch\u00e9 la Commander G Series \u00e8 la scelta migliore tra tutte le cuffie che abbiamo testato? Ecco 5 motivi per cui pensiamo che le G siano state le migliori: <\/p>\n<p><strong>1)<\/strong> Innanzitutto le capacit\u00e0 audio surround di queste cuffie sono state le migliori di tutti i nostri test. Abbiamo testato le cuffie usando l&#8217;ultimo Call of Duty per verificare con quale facilit\u00e0 potessimo individuare le posizioni dei nemici. Puoi sentire chiaramente il suono direzionale che ti aiuta a individuare i nemici prima di vederli.  <\/p>\n<p><strong>2<\/strong> ) La Serie G \u00e8 davvero comoda. Durante i nostri test multipli di 6 ore, non abbiamo riscontrato alcun disagio. Non stringono la testa, ma si posizionano sopra in modo molto comodo e confortevole. Le G sono ben imbottite sulle orecchie e si adattano bene alla parte superiore della testa.   <\/p>\n<p><strong>3<\/strong> ) Un&#8217;altra grande caratteristica della Serie G \u00e8 la configurazione senza driver. Basta collegarlo tramite un dongle USB wireless per ottenere un suono surround virtuale 7.1 completo. Non \u00e8 necessario installare driver e patch complicati. Basta collegarsi e partire.   <\/p>\n","why_the_best_text":"<p>Nei nostri test abbiamo scoperto che un prezzo pi\u00f9 alto non sempre corrisponde a una qualit\u00e0 superiore. Alcuni dei marchi pi\u00f9 noti, come SteelSeries, Astro e Logtiech, hanno prodotto cuffie davvero valide, ma il loro costo \u00e8 doppio o triplo rispetto alla Commander G Series. Confrontando aspetti come il comfort, la nitidezza del suono surround e le caratteristiche generali, abbiamo scoperto che la serie Commander G ha ottenuto la valutazione complessiva pi\u00f9 alta in base ai 6 fattori principali: suono, comfort, durata della batteria, affidabilit\u00e0, connettivit\u00e0 e prezzo. <\/p>\n","reviews_text":"<p>\u00c8 importante considerare i requisiti di un&#8217;ottima cuffia da gioco. Abbiamo pensato a 6 elementi essenziali per ogni cuffia che devi prendere in considerazione: <\/p>\n<p>1) Ottimo suono &#8211; non possiamo fare a meno di questo componente essenziale!<br \/>\n2) Comfort &#8211; possiamo giocare per ore senza alcun disagio<br \/>\n3) Durata della batteria &#8211; quanto dura la batteria se \u00e8 wireless?<br \/>\n4) Affidabilit\u00e0 &#8211; devo preoccuparmi della qualit\u00e0 costruttiva?<br \/>\n5) Connettivit\u00e0 &#8211; quanto \u00e8 facile connettersi?<br \/>\n6) Prezzo &#8211; \u00e8 conveniente o sto pagando troppo?<\/p>\n<p>Abbiamo esaminato e ordinato le cuffie di cui sopra in base a questi fattori. \u00c8 importante coprire tutte le basi quando si sceglie una cuffia, perch\u00e9 basta che un solo aspetto ti deluda per rovinare la tua esperienza. Nel complesso, la nostra scelta migliore \u00e8 la Serie G Commander.<\/p>\n","top_pick_box_text":"<p>Quando si tratta di cuffie da gioco, vuoi che tutte le funzioni siano racchiuse in un ottimo design. La Commander G Series, a nostro parere, offre tutto ci\u00f2 che si potrebbe desiderare in delle cuffie da gaming wireless a un prezzo eccezionale. <\/p>\n<p>Grazie all&#8217;elevata qualit\u00e0 costruttiva, all&#8217;ottima durata della batteria, alla connettivit\u00e0 ultra affidabile e alla compatibilit\u00e0 con tutte le console, valutiamo la Serie G con un punteggio di 9,8 su 10.<\/p>\n<p>Dopo aver utilizzato l&#8217;unit\u00e0 per circa 5 mesi con un uso quotidiano, non possiamo pensare di passare presto a un&#8217;altra unit\u00e0.<\/p>\n<p>Spedizione gratuita se acquistato su Shopsta.<\/p>\n","bottom_text":"<p>La serie Commander G \u00e8 dotata di enormi altoparlanti dinamici da 50 mm, pi\u00f9 che sufficienti per l&#8217;utente medio. Al massimo volume, le cuffie potrebbero essere considerate troppo rumorose.  \u00c8 comunque un&#8217;ottima soluzione, in quanto \u00e8 possibile adattare l&#8217;uscita del suono alle proprie impostazioni. Con altre caratteristiche come i cuscinetti auricolari confortevoli, una batteria da 160 ore e 3 modalit\u00e0 EQ di gioco, la serie Commander G offre sicuramente l&#8217;esperienza di gioco definitiva. Se scegli questa unit\u00e0, assicurati di ottenere uno sconto del 20% sul prezzo di vendita al dettaglio utilizzando il codice di sconto al momento del pagamento. Grazie per aver letto le nostre recensioni e speriamo di averti aiutato a trovare le cuffie giuste per le tue esigenze.   <\/p>\n","product_2_full_name":"SOMiC G Series - Cuffie da gaming wireless 7.1 con microfono staccabile","product_2_bullet_points":"<ul>\n<li>LE MIGLIORI CUFFIE DA GAMING ECONOMICHE: La SOMiC G Series \u00e8 una cuffia best-seller nota per le sue prestazioni e il suo design.<\/li>\n<li>AUDIO SURROUND 7.1 INTEGRATO: Goditi un audio surround 7.1 superbo ed equilibrato con le cuffie da gaming con audio surround SOMiC G.<\/li>\n<li>ALTOPARLANTI PROFESSIONALI DA 50 MM: Gli enormi altoparlanti da 50 millimetri combinati con magneti al neodimio offrono una qualit\u00e0 audio professionale da studio con bassi potenti, voci chiare e toni bassi, medi e alti nitidi per un suono perfettamente bilanciato.<\/li>\n<li>3 MODALIT\u00c0 DI GIOCO: seleziona la modalit\u00e0 pi\u00f9 adatta a te: con la modalit\u00e0 gioco, la modalit\u00e0 film e la modalit\u00e0 musica puoi scegliere l&#8217;equalizzatore pi\u00f9 adatto al tuo stile di gioco.<\/li>\n<li>CHIP AUDIO PERSONALIZZATO: l&#8217;unit\u00e0 audio surround virtuale 7.1 personalizzata della Serie G consente di seguire i passi dei nemici in giochi come Call of Duty pi\u00f9 facilmente che mai. Questo chip personalizzato offre una precisione sonora millimetrica in tutte le direzioni, offrendoti nuovi vantaggi nel gioco. <\/li>\n<li>COMPATIBILE CON TUTTE LE CONSOLE: funziona con PS5, PS4, PC e Mac via USB. Usa il jack per cuffie da 3,5 mm per Xbox e altri dispositivi. <\/li>\n<li>MIC CRYSTAL CLEAR: costruito appositamente per il gioco con braccio girevole a 160\u00b0 che rimane in posizione una volta posizionato. Questo microfono a cancellazione di rumore ti permette di essere ascoltato chiaramente anche in presenza di forti rumori di fondo. <\/li>\n<\/ul>\n","text_after_product_box_2":"<p><strong>4)<\/strong> Il microfono \u00e8 chiarissimo e dispone anche di un doppio microfono a cancellazione di rumore che si trova all&#8217;esterno del padiglione auricolare per ascoltare i rumori di fondo ed eliminarli dalla chat vocale in gioco.<\/p>\n<p><strong>5<\/strong> ) La durata della batteria \u00e8 un fattore importante per le cuffie wireless, quindi \u00e8 meglio acquistarne una con una buona capacit\u00e0. La Commander G Series si distingue come una delle migliori cuffie per durata della batteria. Un&#8217;enorme autonomia di oltre 160 ore complete senza ricarica.  L&#8217;ho testato personalmente e credo che sia durato pi\u00f9 a lungo di questa cifra ufficiale. Ma comunque, 160 ore sono un tempo molto lungo senza dover ricaricare e un&#8217;altra ottima caratteristica \u00e8 che puoi caricare e giocare contemporaneamente, il che \u00e8 comodo.<\/p>\n","product_2_full_name_new":"SOMiC G Series - Cuffie da gaming wireless 7.1 con microfono staccabile"},"yoast_head":"<!-- This site is optimized with the Yoast SEO plugin v27.3 - https:\/\/yoast.com\/product\/yoast-seo-wordpress\/ -->\n<title>Le 10 migliori cuffie da gaming - DJ Music Geek<\/title>\n<meta name=\"robots\" content=\"index, follow, max-snippet:-1, max-image-preview:large, max-video-preview:-1\" \/>\n<link rel=\"canonical\" href=\"https:\/\/djmusicgeek.com\/it\/le-10-migliori-cuffie-da-gioco-da-acquistare-per-il-gaming\/\" \/>\n<meta property=\"og:locale\" content=\"it_IT\" \/>\n<meta property=\"og:type\" content=\"article\" \/>\n<meta property=\"og:title\" content=\"Le 10 migliori cuffie da gaming - DJ Music Geek\" \/>\n<meta property=\"og:url\" content=\"https:\/\/djmusicgeek.com\/it\/le-10-migliori-cuffie-da-gioco-da-acquistare-per-il-gaming\/\" \/>\n<meta property=\"og:site_name\" content=\"DJ Music Geek\" \/>\n<meta property=\"article:modified_time\" content=\"2026-03-01T13:47:55+00:00\" \/>\n<meta name=\"twitter:card\" content=\"summary_large_image\" \/>\n<script type=\"application\/ld+json\" class=\"yoast-schema-graph\">{\"@context\":\"https:\\\/\\\/schema.org\",\"@graph\":[{\"@type\":\"WebPage\",\"@id\":\"https:\\\/\\\/djmusicgeek.com\\\/it\\\/le-10-migliori-cuffie-da-gioco-da-acquistare-per-il-gaming\\\/\",\"url\":\"https:\\\/\\\/djmusicgeek.com\\\/it\\\/le-10-migliori-cuffie-da-gioco-da-acquistare-per-il-gaming\\\/\",\"name\":\"Le 10 migliori cuffie da gaming - DJ Music Geek\",\"isPartOf\":{\"@id\":\"https:\\\/\\\/djmusicgeek.com\\\/#website\"},\"datePublished\":\"2024-06-14T21:53:57+00:00\",\"dateModified\":\"2026-03-01T13:47:55+00:00\",\"breadcrumb\":{\"@id\":\"https:\\\/\\\/djmusicgeek.com\\\/it\\\/le-10-migliori-cuffie-da-gioco-da-acquistare-per-il-gaming\\\/#breadcrumb\"},\"inLanguage\":\"it-IT\",\"potentialAction\":[{\"@type\":\"ReadAction\",\"target\":[\"https:\\\/\\\/djmusicgeek.com\\\/it\\\/le-10-migliori-cuffie-da-gioco-da-acquistare-per-il-gaming\\\/\"]}]},{\"@type\":\"BreadcrumbList\",\"@id\":\"https:\\\/\\\/djmusicgeek.com\\\/it\\\/le-10-migliori-cuffie-da-gioco-da-acquistare-per-il-gaming\\\/#breadcrumb\",\"itemListElement\":[{\"@type\":\"ListItem\",\"position\":1,\"name\":\"Home\",\"item\":\"https:\\\/\\\/djmusicgeek.com\\\/\"},{\"@type\":\"ListItem\",\"position\":2,\"name\":\"Le 10 migliori cuffie da gaming &#8211;\"}]},{\"@type\":\"WebSite\",\"@id\":\"https:\\\/\\\/djmusicgeek.com\\\/#website\",\"url\":\"https:\\\/\\\/djmusicgeek.com\\\/\",\"name\":\"DJ Music Geek\",\"description\":\"\",\"potentialAction\":[{\"@type\":\"SearchAction\",\"target\":{\"@type\":\"EntryPoint\",\"urlTemplate\":\"https:\\\/\\\/djmusicgeek.com\\\/?s={search_term_string}\"},\"query-input\":{\"@type\":\"PropertyValueSpecification\",\"valueRequired\":true,\"valueName\":\"search_term_string\"}}],\"inLanguage\":\"it-IT\"}]}<\/script>\n<!-- \/ Yoast SEO plugin. -->","yoast_head_json":{"title":"Le 10 migliori cuffie da gaming - DJ Music Geek","robots":{"index":"index","follow":"follow","max-snippet":"max-snippet:-1","max-image-preview":"max-image-preview:large","max-video-preview":"max-video-preview:-1"},"canonical":"https:\/\/djmusicgeek.com\/it\/le-10-migliori-cuffie-da-gioco-da-acquistare-per-il-gaming\/","og_locale":"it_IT","og_type":"article","og_title":"Le 10 migliori cuffie da gaming - DJ Music Geek","og_url":"https:\/\/djmusicgeek.com\/it\/le-10-migliori-cuffie-da-gioco-da-acquistare-per-il-gaming\/","og_site_name":"DJ Music Geek","article_modified_time":"2026-03-01T13:47:55+00:00","twitter_card":"summary_large_image","schema":{"@context":"https:\/\/schema.org","@graph":[{"@type":"WebPage","@id":"https:\/\/djmusicgeek.com\/it\/le-10-migliori-cuffie-da-gioco-da-acquistare-per-il-gaming\/","url":"https:\/\/djmusicgeek.com\/it\/le-10-migliori-cuffie-da-gioco-da-acquistare-per-il-gaming\/","name":"Le 10 migliori cuffie da gaming - DJ Music Geek","isPartOf":{"@id":"https:\/\/djmusicgeek.com\/#website"},"datePublished":"2024-06-14T21:53:57+00:00","dateModified":"2026-03-01T13:47:55+00:00","breadcrumb":{"@id":"https:\/\/djmusicgeek.com\/it\/le-10-migliori-cuffie-da-gioco-da-acquistare-per-il-gaming\/#breadcrumb"},"inLanguage":"it-IT","potentialAction":[{"@type":"ReadAction","target":["https:\/\/djmusicgeek.com\/it\/le-10-migliori-cuffie-da-gioco-da-acquistare-per-il-gaming\/"]}]},{"@type":"BreadcrumbList","@id":"https:\/\/djmusicgeek.com\/it\/le-10-migliori-cuffie-da-gioco-da-acquistare-per-il-gaming\/#breadcrumb","itemListElement":[{"@type":"ListItem","position":1,"name":"Home","item":"https:\/\/djmusicgeek.com\/"},{"@type":"ListItem","position":2,"name":"Le 10 migliori cuffie da gaming &#8211;"}]},{"@type":"WebSite","@id":"https:\/\/djmusicgeek.com\/#website","url":"https:\/\/djmusicgeek.com\/","name":"DJ Music Geek","description":"","potentialAction":[{"@type":"SearchAction","target":{"@type":"EntryPoint","urlTemplate":"https:\/\/djmusicgeek.com\/?s={search_term_string}"},"query-input":{"@type":"PropertyValueSpecification","valueRequired":true,"valueName":"search_term_string"}}],"inLanguage":"it-IT"}]}},"_links":{"self":[{"href":"https:\/\/djmusicgeek.com\/it\/wp-json\/wp\/v2\/pages\/12780","targetHints":{"allow":["GET"]}}],"collection":[{"href":"https:\/\/djmusicgeek.com\/it\/wp-json\/wp\/v2\/pages"}],"about":[{"href":"https:\/\/djmusicgeek.com\/it\/wp-json\/wp\/v2\/types\/page"}],"author":[{"embeddable":true,"href":"https:\/\/djmusicgeek.com\/it\/wp-json\/wp\/v2\/users\/2"}],"replies":[{"embeddable":true,"href":"https:\/\/djmusicgeek.com\/it\/wp-json\/wp\/v2\/comments?post=12780"}],"version-history":[{"count":2,"href":"https:\/\/djmusicgeek.com\/it\/wp-json\/wp\/v2\/pages\/12780\/revisions"}],"predecessor-version":[{"id":16704,"href":"https:\/\/djmusicgeek.com\/it\/wp-json\/wp\/v2\/pages\/12780\/revisions\/16704"}],"wp:attachment":[{"href":"https:\/\/djmusicgeek.com\/it\/wp-json\/wp\/v2\/media?parent=12780"}],"curies":[{"name":"wp","href":"https:\/\/api.w.org\/{rel}","templated":true}]}}