{"id":10915,"date":"2017-01-07T03:49:47","date_gmt":"2017-01-07T03:49:47","guid":{"rendered":"https:\/\/djmusicgeek.com\/circa\/"},"modified":"2017-01-07T03:49:47","modified_gmt":"2017-01-07T03:49:47","slug":"circa","status":"publish","type":"page","link":"https:\/\/djmusicgeek.com\/it\/circa\/","title":{"rendered":"Informazioni su DJ Music Geek"},"content":{"rendered":"<div id=\"attachment_633\" style=\"width: 505px\" class=\"wp-caption alignright\"><img loading=\"lazy\" decoding=\"async\" aria-describedby=\"caption-attachment-633\" class=\"wp-image-633\" src=\"https:\/\/djmusicgeek.com\/wp-content\/uploads\/2019\/11\/dj-music-geek-logo.png\" alt=\"Logo DJ Music Geek\" width=\"495\" height=\"35\"><p id=\"caption-attachment-633\" class=\"wp-caption-text\">Logo DJ Music Geek<\/p><\/div>\n<p>Questo sito web si propone di aiutare le persone appassionate di mixaggio musicale a trovare l&#8217;attrezzatura ottimale. Nelle sezioni del sito troverete numerose recensioni di prodotti, che dovrebbero aiutare i lettori a prendere una decisione per il loro prossimo pezzo. I prodotti qui elencati sono considerati tra i pi\u00f9 apprezzati dell&#8217;attuale industria dei DJ.<\/p>\n<p>Essere un <a href=\"https:\/\/djmusicgeek.com\/\">DJ<\/a> non \u00e8 un compito facile e, se volete diventarlo, dovete assicurarvi di conoscere bene i fatti: le informazioni sui diversi dispositivi, software e sistemi, prima di prendere qualsiasi decisione. \u00c8 molto facile sbagliare, dato che la tecnologia odierna ci offre diversi mezzi per creare <a href=\"https:\/\/djmusicgeek.com\/best-dj-mixers\/\">i nostri mix<\/a>. Pertanto, \u00e8 una decisione saggia sapere in quale direzione si vuole andare e di cosa si ha bisogno per essere pronti a intraprendere il percorso scelto.<\/p>\n<p>In qualit\u00e0 di DJ, avrete bisogno di una serie di dispositivi per essere pronti ad andare alla deriva. Tuttavia, prima di questo, dovreste rispondere alla domanda &#8220;Come voglio che suonino i miei mix?&#8221;. Dopo esservi dati una risposta pi\u00f9 o meno dettagliata e precisa, sarete in grado di prendere decisioni sobrie sul software e sui dispositivi di cui avete bisogno. Volete creare musica o solo mixare brani? A quali generi musicali si avvicinano maggiormente i vostri mix? Avete intenzione di diventare professionisti o volete solo divertirvi? Le risposte a queste domande richiedono il vostro interesse e il vostro tempo, e il nostro sito vi aiuter\u00e0 a prendere una decisione, nel caso in cui siate confusi o semplicemente alla ricerca di un nuovo pezzo.<\/p>\n<p>Le nostre risposte alle domande pi\u00f9 frequenti potrebbero darvi un&#8217;idea dei vostri piani futuri, che potete trovare nella sezione blog. Le informazioni sui prodotti elencati hanno lo scopo di aiutarvi a scegliere l&#8217;apparecchiatura giusta in base ai vostri gusti personali.<\/p>\n<p>Nelle sezioni dei siti che spaziano dal <a href=\"https:\/\/djmusicgeek.com\/best-dj-software\/\">software per DJ<\/a> alle schede audio, troverete informazioni utili sulle apparecchiature definite e su quali siano le migliori alternative considerando i diversi ambienti, la situazione finanziaria e le preferenze personali.<\/p>\n<p>Alcuni DJ avanzati potrebbero trovare utili suggerimenti su questioni quali come procedere se non si vuole dividere con i dispositivi analogici e cosa fare quando le scelte sono limitate, tra le altre cose. Essere un DJ pu\u00f2 essere <a href=\"https:\/\/djmusicgeek.com\/do-djs-make-a-lot-of-money\/\">costoso<\/a>, considerando i componenti che si devono acquistare per poter operare correttamente. Tuttavia, non \u00e8 sempre cos\u00ec: leggendo le nostre recensioni, \u00e8 possibile imbattersi in dispositivi convenienti, come i controller in bundle, alcuni dei quali vengono forniti insieme al software a prezzi accessibili.<\/p>\n<p>Che siate perplessi su quale attrezzatura vi serva, che abbiate bisogno di un cambiamento radicale dei vostri dispositivi o che vi stiate semplicemente informando su ci\u00f2 di cui un DJ ha bisogno per creare i suoi mix sfruttando il suo massimo potenziale, siete nel posto giusto! Godetevi il vostro soggiorno e continuate a mescolare!<\/p>\n","protected":false},"excerpt":{"rendered":"<p>Questo sito web si propone di aiutare le persone appassionate di mixaggio musicale a trovare l&#8217;attrezzatura ottimale. Nelle sezioni del sito troverete numerose recensioni di prodotti, che dovrebbero aiutare i lettori a prendere una decisione per il loro prossimo pezzo. I prodotti qui elencati sono considerati tra i pi\u00f9 apprezzati dell&#8217;attuale industria dei DJ. Essere [&hellip;]<\/p>\n","protected":false},"author":2,"featured_media":0,"parent":0,"menu_order":0,"comment_status":"closed","ping_status":"closed","template":"","meta":{"_acf_changed":false,"footnotes":""},"class_list":["post-10915","page","type-page","status-publish","hentry"],"acf":[],"yoast_head":"<!-- This site is optimized with the Yoast SEO plugin v27.4 - https:\/\/yoast.com\/product\/yoast-seo-wordpress\/ -->\n<title>Il nostro sito web - La nostra storia - DJ Music Geek<\/title>\n<meta name=\"description\" content=\"Il sito DJ Music Geek si propone di aiutare le persone appassionate di mixaggio musicale a trovare l&#039;attrezzatura ottimale, sia software che hardware.\" \/>\n<meta name=\"robots\" content=\"index, follow, max-snippet:-1, max-image-preview:large, max-video-preview:-1\" \/>\n<link rel=\"canonical\" href=\"https:\/\/djmusicgeek.com\/it\/circa\/\" \/>\n<meta property=\"og:locale\" content=\"it_IT\" \/>\n<meta property=\"og:type\" content=\"article\" \/>\n<meta property=\"og:title\" content=\"Il nostro sito web - La nostra storia - DJ Music Geek\" \/>\n<meta property=\"og:description\" content=\"Il sito DJ Music Geek si propone di aiutare le persone appassionate di mixaggio musicale a trovare l&#039;attrezzatura ottimale, sia software che hardware.\" \/>\n<meta property=\"og:url\" content=\"https:\/\/djmusicgeek.com\/it\/circa\/\" \/>\n<meta property=\"og:site_name\" content=\"DJ Music Geek\" \/>\n<meta property=\"og:image\" content=\"https:\/\/djmusicgeek.com\/wp-content\/uploads\/2019\/11\/dj-music-geek-logo.png\" \/>\n<meta name=\"twitter:card\" content=\"summary_large_image\" \/>\n<meta name=\"twitter:label1\" content=\"Tempo di lettura stimato\" \/>\n\t<meta name=\"twitter:data1\" content=\"2 minuti\" \/>\n<script type=\"application\/ld+json\" class=\"yoast-schema-graph\">{\"@context\":\"https:\\\/\\\/schema.org\",\"@graph\":[{\"@type\":\"WebPage\",\"@id\":\"https:\\\/\\\/djmusicgeek.com\\\/it\\\/circa\\\/\",\"url\":\"https:\\\/\\\/djmusicgeek.com\\\/it\\\/circa\\\/\",\"name\":\"Il nostro sito web - La nostra storia - DJ Music Geek\",\"isPartOf\":{\"@id\":\"https:\\\/\\\/djmusicgeek.com\\\/#website\"},\"primaryImageOfPage\":{\"@id\":\"https:\\\/\\\/djmusicgeek.com\\\/it\\\/circa\\\/#primaryimage\"},\"image\":{\"@id\":\"https:\\\/\\\/djmusicgeek.com\\\/it\\\/circa\\\/#primaryimage\"},\"thumbnailUrl\":\"https:\\\/\\\/djmusicgeek.com\\\/wp-content\\\/uploads\\\/2019\\\/11\\\/dj-music-geek-logo.png\",\"datePublished\":\"2017-01-07T03:49:47+00:00\",\"description\":\"Il sito DJ Music Geek si propone di aiutare le persone appassionate di mixaggio musicale a trovare l'attrezzatura ottimale, sia software che hardware.\",\"breadcrumb\":{\"@id\":\"https:\\\/\\\/djmusicgeek.com\\\/it\\\/circa\\\/#breadcrumb\"},\"inLanguage\":\"it-IT\",\"potentialAction\":[{\"@type\":\"ReadAction\",\"target\":[\"https:\\\/\\\/djmusicgeek.com\\\/it\\\/circa\\\/\"]}]},{\"@type\":\"ImageObject\",\"inLanguage\":\"it-IT\",\"@id\":\"https:\\\/\\\/djmusicgeek.com\\\/it\\\/circa\\\/#primaryimage\",\"url\":\"https:\\\/\\\/djmusicgeek.com\\\/wp-content\\\/uploads\\\/2019\\\/11\\\/dj-music-geek-logo.png\",\"contentUrl\":\"https:\\\/\\\/djmusicgeek.com\\\/wp-content\\\/uploads\\\/2019\\\/11\\\/dj-music-geek-logo.png\"},{\"@type\":\"BreadcrumbList\",\"@id\":\"https:\\\/\\\/djmusicgeek.com\\\/it\\\/circa\\\/#breadcrumb\",\"itemListElement\":[{\"@type\":\"ListItem\",\"position\":1,\"name\":\"Home\",\"item\":\"https:\\\/\\\/djmusicgeek.com\\\/\"},{\"@type\":\"ListItem\",\"position\":2,\"name\":\"Informazioni su DJ Music Geek\"}]},{\"@type\":\"WebSite\",\"@id\":\"https:\\\/\\\/djmusicgeek.com\\\/#website\",\"url\":\"https:\\\/\\\/djmusicgeek.com\\\/\",\"name\":\"DJ Music Geek\",\"description\":\"\",\"potentialAction\":[{\"@type\":\"SearchAction\",\"target\":{\"@type\":\"EntryPoint\",\"urlTemplate\":\"https:\\\/\\\/djmusicgeek.com\\\/?s={search_term_string}\"},\"query-input\":{\"@type\":\"PropertyValueSpecification\",\"valueRequired\":true,\"valueName\":\"search_term_string\"}}],\"inLanguage\":\"it-IT\"}]}<\/script>\n<!-- \/ Yoast SEO plugin. -->","yoast_head_json":{"title":"Il nostro sito web - La nostra storia - DJ Music Geek","description":"Il sito DJ Music Geek si propone di aiutare le persone appassionate di mixaggio musicale a trovare l'attrezzatura ottimale, sia software che hardware.","robots":{"index":"index","follow":"follow","max-snippet":"max-snippet:-1","max-image-preview":"max-image-preview:large","max-video-preview":"max-video-preview:-1"},"canonical":"https:\/\/djmusicgeek.com\/it\/circa\/","og_locale":"it_IT","og_type":"article","og_title":"Il nostro sito web - La nostra storia - DJ Music Geek","og_description":"Il sito DJ Music Geek si propone di aiutare le persone appassionate di mixaggio musicale a trovare l'attrezzatura ottimale, sia software che hardware.","og_url":"https:\/\/djmusicgeek.com\/it\/circa\/","og_site_name":"DJ Music Geek","og_image":[{"url":"https:\/\/djmusicgeek.com\/wp-content\/uploads\/2019\/11\/dj-music-geek-logo.png","type":"","width":"","height":""}],"twitter_card":"summary_large_image","twitter_misc":{"Tempo di lettura stimato":"2 minuti"},"schema":{"@context":"https:\/\/schema.org","@graph":[{"@type":"WebPage","@id":"https:\/\/djmusicgeek.com\/it\/circa\/","url":"https:\/\/djmusicgeek.com\/it\/circa\/","name":"Il nostro sito web - La nostra storia - DJ Music Geek","isPartOf":{"@id":"https:\/\/djmusicgeek.com\/#website"},"primaryImageOfPage":{"@id":"https:\/\/djmusicgeek.com\/it\/circa\/#primaryimage"},"image":{"@id":"https:\/\/djmusicgeek.com\/it\/circa\/#primaryimage"},"thumbnailUrl":"https:\/\/djmusicgeek.com\/wp-content\/uploads\/2019\/11\/dj-music-geek-logo.png","datePublished":"2017-01-07T03:49:47+00:00","description":"Il sito DJ Music Geek si propone di aiutare le persone appassionate di mixaggio musicale a trovare l'attrezzatura ottimale, sia software che hardware.","breadcrumb":{"@id":"https:\/\/djmusicgeek.com\/it\/circa\/#breadcrumb"},"inLanguage":"it-IT","potentialAction":[{"@type":"ReadAction","target":["https:\/\/djmusicgeek.com\/it\/circa\/"]}]},{"@type":"ImageObject","inLanguage":"it-IT","@id":"https:\/\/djmusicgeek.com\/it\/circa\/#primaryimage","url":"https:\/\/djmusicgeek.com\/wp-content\/uploads\/2019\/11\/dj-music-geek-logo.png","contentUrl":"https:\/\/djmusicgeek.com\/wp-content\/uploads\/2019\/11\/dj-music-geek-logo.png"},{"@type":"BreadcrumbList","@id":"https:\/\/djmusicgeek.com\/it\/circa\/#breadcrumb","itemListElement":[{"@type":"ListItem","position":1,"name":"Home","item":"https:\/\/djmusicgeek.com\/"},{"@type":"ListItem","position":2,"name":"Informazioni su DJ Music Geek"}]},{"@type":"WebSite","@id":"https:\/\/djmusicgeek.com\/#website","url":"https:\/\/djmusicgeek.com\/","name":"DJ Music Geek","description":"","potentialAction":[{"@type":"SearchAction","target":{"@type":"EntryPoint","urlTemplate":"https:\/\/djmusicgeek.com\/?s={search_term_string}"},"query-input":{"@type":"PropertyValueSpecification","valueRequired":true,"valueName":"search_term_string"}}],"inLanguage":"it-IT"}]}},"_links":{"self":[{"href":"https:\/\/djmusicgeek.com\/it\/wp-json\/wp\/v2\/pages\/10915","targetHints":{"allow":["GET"]}}],"collection":[{"href":"https:\/\/djmusicgeek.com\/it\/wp-json\/wp\/v2\/pages"}],"about":[{"href":"https:\/\/djmusicgeek.com\/it\/wp-json\/wp\/v2\/types\/page"}],"author":[{"embeddable":true,"href":"https:\/\/djmusicgeek.com\/it\/wp-json\/wp\/v2\/users\/2"}],"replies":[{"embeddable":true,"href":"https:\/\/djmusicgeek.com\/it\/wp-json\/wp\/v2\/comments?post=10915"}],"version-history":[{"count":0,"href":"https:\/\/djmusicgeek.com\/it\/wp-json\/wp\/v2\/pages\/10915\/revisions"}],"wp:attachment":[{"href":"https:\/\/djmusicgeek.com\/it\/wp-json\/wp\/v2\/media?parent=10915"}],"curies":[{"name":"wp","href":"https:\/\/api.w.org\/{rel}","templated":true}]}}