{"id":17710,"date":"2026-02-25T19:26:17","date_gmt":"2026-02-25T19:26:17","guid":{"rendered":"https:\/\/djmusicgeek.com\/best-running-shoes-2026-en\/"},"modified":"2026-02-25T19:26:17","modified_gmt":"2026-02-25T19:26:17","slug":"best-running-shoes-2026-en","status":"publish","type":"page","link":"https:\/\/djmusicgeek.com\/hu\/best-running-shoes-2026-en\/","title":{"rendered":"Top 10 legjobb fut\u00f3cip\u0151"},"content":{"rendered":"","protected":false},"excerpt":{"rendered":"","protected":false},"author":2,"featured_media":0,"parent":0,"menu_order":0,"comment_status":"closed","ping_status":"closed","template":"sales-template.php","meta":{"_acf_changed":false,"footnotes":""},"class_list":["post-17710","page","type-page","status-publish","hentry"],"acf":{"product_2_supplier":"Amazon","product_2_asin":"B0D79LNLT7","product_3_supplier":"Amazon","product_3_asin":"B0D31VBRRP","product_4_supplier":"Amazon","product_4_asin":"B0FCMJ19N3","product_5_supplier":"Amazon","product_5_asin":"B0F9LH3TWT","product_6_supplier":"Amazon","product_6_asin":"B0D2BQQH3F","product_7_supplier":"Amazon","product_7_asin":"B0D2DGZNFR","product_8_supplier":"Amazon","product_8_asin":"B0BQNB7D8L","product_9_supplier":"Amazon","product_9_asin":"B0CL6Y7VG6","product_10_supplier":"Amazon","product_10_asin":"B0CF2QQZTT","exclude_from_search":true,"language_code":"hu","product_name":"adidas Adizero EVO SL","product_type":"Fut\u00f3cip\u0151k","product_type_singular":"Fut\u00f3cip\u0151","features":"<p>Szuper k\u00f6nny\u0171 p\u00e1rn\u00e1z\u00e1s Lightstrike Pro technol\u00f3gi\u00e1val<br \/>\nEnergiavisszaad\u00e1s a fokozott sebess\u00e9g\u00e9rt<br \/>\nV\u00e9d\u0151 f\u0171z\u0151rendszer<br \/>\nSzintetikus \u00e9s textil fels\u0151r\u00e9sz<br \/>\nTextil b\u00e9l\u00e9s<br \/>\nTart\u00f3s talp<br \/>\nJellegzetes 3 cs\u00edkos diz\u00e1jn<br \/>\nIde\u00e1lis k\u00fcl\u00f6nf\u00e9le fut\u00e1si tev\u00e9kenys\u00e9gekhez<\/p>\n","rating":"9.8","intro_text":"<p>\u00dcdv\u00f6zl\u00fcnk a 2026-os Top 10 legjobb fut\u00f3cip\u0151 \u00e1tfog\u00f3 \u00e9rt\u00e9kel\u00e9s\u00e9ben. Ak\u00e1r tapasztalt maratonfut\u00f3 vagy, ak\u00e1r alkalmi kocog\u00f3, a megfelel\u0151 fut\u00f3cip\u0151 \u00f3ri\u00e1si k\u00fcl\u00f6nbs\u00e9get jelenthet a k\u00e9nyelem \u00e9s a teljes\u00edtm\u00e9ny ter\u00e9n. Tesztelt\u00fck \u00e9s \u00e9rt\u00e9kelt\u00fck a brit piacon el\u00e9rhet\u0151 legjobb fut\u00f3cip\u0151k v\u00e1logat\u00e1s\u00e1t, k\u00fcl\u00f6nb\u00f6z\u0151 k\u00f6lts\u00e9gvet\u00e9sekre \u00e9s ig\u00e9nyekre szabva.  <\/p>\n<p>Ebben az \u00fatmutat\u00f3ban v\u00e9gigvezet\u00fcnk az egyes cip\u0151k kiemelked\u0151 jellemz\u0151in, teljes\u00edtm\u00e9nymutat\u00f3in \u00e9s \u00e1r-\u00e9rt\u00e9k ar\u00e1ny\u00e1n. A legmodernebb technol\u00f3gi\u00e1t k\u00edn\u00e1l\u00f3 pr\u00e9mium lehet\u0151s\u00e9gekt\u0151l a min\u0151s\u00e9gben nem enged\u0151, kedvez\u0151 \u00e1r\u00fa v\u00e1laszt\u00e9kig mindenre kiterjed\u00fcnk. Mer\u00fclj\u00fcnk el a fut\u00f3cip\u0151k vil\u00e1g\u00e1ban, \u00e9s tal\u00e1ljuk meg a sz\u00e1modra t\u00f6k\u00e9letes p\u00e1rt.  <\/p>\n","text_before_product_box":"<p>A megfelel\u0151 fut\u00f3cip\u0151 kiv\u00e1laszt\u00e1sa kulcsfontoss\u00e1g\u00fa mind a teljes\u00edtm\u00e9ny, mind a s\u00e9r\u00fcl\u00e9sek megel\u0151z\u00e9se szempontj\u00e1b\u00f3l. A rengeteg el\u00e9rhet\u0151 lehet\u0151s\u00e9g miatt t\u00falterhel\u0151 lehet eld\u00f6nteni, melyik p\u00e1r lesz a legjobb t\u00e1rsad az \u00faton. V\u00e1logat\u00e1sunk a legmagasabb \u00e9rt\u00e9kel\u00e9s\u0171 cip\u0151kre \u00f6sszpontos\u00edt, amelyek k\u00e9nyelem, tart\u00f3ss\u00e1g \u00e9s \u00e1ltal\u00e1nos teljes\u00edtm\u00e9ny ter\u00e9n kiemelked\u0151ek.  <\/p>\n<p>Miel\u0151tt belev\u00e1gn\u00e1nk a r\u00e9szletes \u00e9rt\u00e9kel\u00e9sekbe, tekints\u00fcnk \u00e1t n\u00e9h\u00e1ny kulcsfontoss\u00e1g\u00fa szempontot. A k\u00e9nyelem, a t\u00e1maszt\u00e1s \u00e9s a p\u00e1rn\u00e1z\u00e1s alapvet\u0151 t\u00e9nyez\u0151k, de ne becs\u00fcld al\u00e1 a l\u00e9g\u00e1tereszt\u0151 k\u00e9pess\u00e9g \u00e9s a s\u00faly fontoss\u00e1g\u00e1t sem. Egy k\u00f6nny\u0171 cip\u0151 jelent\u0151sen jav\u00edthatja a fut\u00e1si \u00e9lm\u00e9nyedet.  <\/p>\n","text_after_product_box":"<p>A legjobb fut\u00f3cip\u0151k kiv\u00e1laszt\u00e1s\u00e1n\u00e1l alkalmazott m\u00f3dszertanunk alapos tesztel\u00e9st \u00e9s visszajelz\u00e9seket foglalt mag\u00e1ban mind alkalmi, mind profi fut\u00f3kt\u00f3l. Olyan t\u00e9nyez\u0151ket vett\u00fcnk figyelembe, mint a p\u00e1rn\u00e1z\u00e1s, a t\u00e1maszt\u00e1s, a tart\u00f3ss\u00e1g \u00e9s a felhaszn\u00e1l\u00f3i v\u00e9lem\u00e9nyek. Fontos megjegyezni, hogy a legjobb fut\u00f3cip\u0151 az, amely t\u00f6k\u00e9letesen illeszkedik a l\u00e1bad form\u00e1j\u00e1hoz \u00e9s fut\u00e1si st\u00edlusodhoz.  <\/p>\n<p>Egy nagyszer\u0171 fut\u00f3cip\u0151 egyens\u00falyt teremt a k\u00e9nyelem \u00e9s a teljes\u00edtm\u00e9ny k\u00f6z\u00f6tt. Keress olyan jellemz\u0151ket, mint a rugalmas p\u00e1rn\u00e1z\u00e1s \u00e9s a l\u00e9g\u00e1tereszt\u0151 anyagok. Ezek az elemek nemcsak jav\u00edtj\u00e1k a fut\u00e1si \u00e9lm\u00e9nyedet, hanem seg\u00edtenek megel\u0151zni a sporttal kapcsolatos gyakori s\u00e9r\u00fcl\u00e9seket is.  <\/p>\n","why_the_best_text":"<p>Az adidas Adizero EVO SL a legjobb v\u00e1laszt\u00e1s 2026-ban a k\u00e9nyelem, a st\u00edlus \u00e9s a teljes\u00edtm\u00e9ny kiv\u00e1l\u00f3 kever\u00e9ke miatt. A Lightstrike Pro technol\u00f3gia p\u00e1ratlan p\u00e1rn\u00e1z\u00e1st \u00e9s energiavisszaad\u00e1st biztos\u00edt, megk\u00fcl\u00f6nb\u00f6ztetve a versenyt\u00e1rsakt\u00f3l. <\/p>\n<p>K\u00f6nny\u0171 kialak\u00edt\u00e1sa biztos\u00edtja, hogy fenntarthasd a sebess\u00e9get a k\u00e9nyelem fel\u00e1ldoz\u00e1sa n\u00e9lk\u00fcl, a biztons\u00e1gos f\u0171z\u0151rendszer pedig szoros illeszked\u00e9st k\u00edn\u00e1l minden fut\u00f3 sz\u00e1m\u00e1ra. Ak\u00e1r a p\u00e1ly\u00e1n sprintelj, ak\u00e1r a parkban kocogj, ezek a cip\u0151k t\u00f6k\u00e9letes egyens\u00falyt biztos\u00edtanak a t\u00e1maszt\u00e1s \u00e9s a rugalmass\u00e1g k\u00f6z\u00f6tt. <\/p>\n","reviews_text":"<p>Az adidas Adizero EVO SL lelkes \u00e9rt\u00e9kel\u00e9seket kap azokt\u00f3l a fut\u00f3kt\u00f3l, akik \u00e9rt\u00e9kelik k\u00f6nny\u0171 kialak\u00edt\u00e1s\u00e1t \u00e9s leny\u0171g\u00f6z\u0151 energiavisszaad\u00e1s\u00e1t. A felhaszn\u00e1l\u00f3k dics\u00e9rt\u00e9k a cip\u0151t kiv\u00e1l\u00f3 tapad\u00e1s\u00e1\u00e9rt \u00e9s k\u00e9nyelm\u00e9\u00e9rt, megjegyezve, hogy kiv\u00e9telesen j\u00f3l teljes\u00edt k\u00fcl\u00f6nb\u00f6z\u0151 terepen. <\/p>\n<p>A visszajelz\u00e9sek kiemelik, hogy ezek a cip\u0151k teljes\u00edtm\u00e9ny \u00e9s k\u00e9nyelem ter\u00e9n fel\u00fclm\u00falt\u00e1k a v\u00e1rakoz\u00e1sokat, \u00edgy kedvencc\u00e9 v\u00e1ltak mind az alkalmi kocog\u00e1sokhoz, mind az intenz\u00edv edz\u00e9sekhez. Az innovat\u00edv anyagok \u00e9s a klasszikus diz\u00e1jnelemek, mint a 3 cs\u00edk kombin\u00e1ci\u00f3ja kiemelked\u0151 v\u00e1laszt\u00e1ss\u00e1 teszi. <\/p>\n","top_pick_box_text":"<p>Az adidas Adizero EVO SL a mi els\u0151 sz\u00e1m\u00fa v\u00e1laszt\u00e1sunk a 2026-os \u00e9v legjobb fut\u00f3cip\u0151j\u00e9nek. \u00c9lvonalbeli Lightstrike Pro p\u00e1rn\u00e1z\u00e1s\u00e1val \u00e9s energiavisszaad\u00e1s\u00e1val p\u00e1ratlan teljes\u00edtm\u00e9nyt k\u00edn\u00e1l a sebess\u00e9g szerelmeseinek. A st\u00edlus \u00e9s a funkcionalit\u00e1s kombin\u00e1ci\u00f3ja n\u00e9lk\u00fcl\u00f6zhetetlenn\u00e9 teszi minden komoly fut\u00f3 sz\u00e1m\u00e1ra.  <\/p>\n<p>Ide\u00e1lis mind a versenyszer\u0171en fut\u00f3k, mind a fitnesz rajong\u00f3k sz\u00e1m\u00e1ra, ez a cip\u0151 kiv\u00e9teles k\u00e9nyelmet \u00e9s t\u00e1maszt\u00e1st ny\u00fajt. K\u00f6nny\u0171 kialak\u00edt\u00e1sa \u00e9s biztons\u00e1gos illeszked\u00e9se biztos\u00edtja, hogy a fut\u00e1sodra \u00f6sszpontos\u00edthass figyelemelterel\u00e9s n\u00e9lk\u00fcl. Tapasztald meg a t\u00f6k\u00e9letes fut\u00e1st az adidas Adizero EVO SL-lel.  <\/p>\n","bottom_text":"<p>A 2026-os legjobb fut\u00f3cip\u0151k \u00e1ttekint\u00e9se ut\u00e1n az adidas Adizero EVO SL egy\u00e9rtelm\u0171 gy\u0151ztesk\u00e9nt ker\u00fcl ki. Innovat\u00edv jellemz\u0151ivel \u00e9s kiemelked\u0151 teljes\u00edtm\u00e9ny\u00e9vel ide\u00e1lis t\u00e1rs minden fut\u00f3 sz\u00e1m\u00e1ra. <\/p>\n<p>Ne v\u00e1rj tov\u00e1bb, hogy fejleszd fut\u00e1si j\u00e1t\u00e9kodat. V\u00e1laszd az adidas Adizero EVO SL-t, \u00e9s tapasztald meg magad a k\u00fcl\u00f6nbs\u00e9get. J\u00f3 fut\u00e1st!  <\/p>\n","product_2_text_after":"<p>Az ASICS Women&#8217;s Novablast 5 Sneaker egy er\u0151m\u0171 azok sz\u00e1m\u00e1ra, akik sima \u00e9s energikus fut\u00e1st keresnek. Egyedi kialak\u00edt\u00e1sa mind az edz\u00e9shez, mind a hossz\u00fa t\u00e1v\u00fa versenyekhez alkalmas, biztos\u00edtva a sz\u00fcks\u00e9ges t\u00e1maszt\u00e1st \u00e9s k\u00e9nyelmet a hosszabb fut\u00e1sokhoz. <\/p>\n<p>B\u00e1r lehet, hogy nem olyan k\u00f6nny\u0171 \u00e9rz\u00e9s, mint az adidas Adizero EVO SL, a Novablast 5 kiv\u00e1l\u00f3an teljes\u00edt a p\u00e1rn\u00e1z\u00e1s \u00e9s a stabilit\u00e1s egyens\u00faly\u00e1nak biztos\u00edt\u00e1s\u00e1ban. Ez a cip\u0151 t\u00f6k\u00e9letes azoknak a fut\u00f3knak, akik \u00e9rt\u00e9kelik a robusztus szerkezetet a l\u00e1buk alatt, \u00edgy szil\u00e1rd v\u00e1laszt\u00e1s a pron\u00e1ci\u00f3s probl\u00e9m\u00e1kkal k\u00fczd\u0151k sz\u00e1m\u00e1ra. <\/p>\n<p>M\u00e1sodik helyen \u00e1ll, kiv\u00e1l\u00f3 lehet\u0151s\u00e9g azok sz\u00e1m\u00e1ra, akik \u00e9rt\u00e9kelik az ASICS megk\u00f6zel\u00edt\u00e9s\u00e9t a k\u00e9nyelemhez \u00e9s a teljes\u00edtm\u00e9nyhez, m\u00e9g ha kiss\u00e9 magasabb \u00e1ron is. Ha megb\u00edzhat\u00f3 sportcip\u0151t keresel, amely minden fronton teljes\u00edt, a Novablast 5 megfontoland\u00f3. <\/p>\n","text_after_product_box_2":"<p>2026-os trendk\u00e9nt a fut\u00f3cip\u0151k egyre k\u00f6rnyezetbar\u00e1tabb\u00e1 v\u00e1lnak, a m\u00e1rk\u00e1k a fenntarthat\u00f3 anyagokra \u00e9s gy\u00e1rt\u00e1si folyamatokra \u00f6sszpontos\u00edtanak. Ez a v\u00e1lt\u00e1s nemcsak a k\u00f6rnyezetnek kedvez, hanem gyakran k\u00e9nyelmesebb \u00e9s innovat\u00edvabb cip\u0151ket eredm\u00e9nyez. <\/p>\n<p>Fut\u00f3cip\u0151 v\u00e1s\u00e1rl\u00e1sakor vedd figyelembe a fut\u00e1si fel\u00fcletet \u00e9s a t\u00e1vols\u00e1got. Az \u00faton fut\u00f3k a p\u00e1rn\u00e1z\u00e1st \u00e9s a k\u00f6nny\u0171 kialak\u00edt\u00e1st r\u00e9szes\u00edthetik el\u0151nyben, m\u00edg a terepfut\u00f3k a tapad\u00e1sra \u00e9s a stabilit\u00e1sra \u00f6sszpontos\u00edthatnak. Ne felejtsd el figyelembe venni az olyan speci\u00e1lis ig\u00e9nyeket sem, mint a bolt\u00edv t\u00e1maszt\u00e1sa vagy a sz\u00e9les fazon.  <\/p>\n","product_3_text_after":"<p>Az On Mens Cloudsurfer 2 azok sz\u00e1m\u00e1ra k\u00e9sz\u00fclt, akik k\u00e9nyelmet \u00e9s st\u00edlust keresnek. Jellegzetes talptechnol\u00f3gi\u00e1j\u00e1r\u00f3l ismert, ez a cip\u0151 egyedi fut\u00e1si \u00e9lm\u00e9nyt k\u00edn\u00e1l, amelyet sok felhaszn\u00e1l\u00f3 f\u00fcgg\u0151s\u00e9get okoz\u00f3nak tal\u00e1l. A p\u00e1rn\u00e1z\u00e1si rendszer alkalmazkodik a l\u00e9p\u00e9sedhez, szem\u00e9lyre szabott illeszked\u00e9st \u00e9s \u00e9rz\u00e9st biztos\u00edtva.  <\/p>\n<p>B\u00e1r magasabb \u00e1ron van, mint n\u00e9h\u00e1ny m\u00e1s modell, a Cloudsurfer 2 min\u0151s\u00e9ge \u00e9s k\u00e9nyelme igazolja a befektet\u00e9st. K\u00fcl\u00f6n\u00f6sen alkalmas hossz\u00fa s\u00e9t\u00e1khoz \u00e9s fut\u00e1sokhoz, ahol a k\u00e9nyelem a legfontosabb. Teljes\u00edtm\u00e9nye azonban nem biztos, hogy el\u00e9ri a legjobban rangsorolt adidas Adizero EVO SL mozg\u00e9konys\u00e1g\u00e1t.  <\/p>\n<p>Ha hajland\u00f3 vagy befektetni egy pr\u00e9mium cip\u0151be, amely k\u00e9nyelmes fut\u00e1st \u00e9s modern eszt\u00e9tik\u00e1t \u00edg\u00e9r, az On Mens Cloudsurfer 2 dics\u00e9retre m\u00e9lt\u00f3 v\u00e1laszt\u00e1s.<\/p>\n","product_4_text_after":"<p>A PUMA Velocity Nitro 4 egy megfizethet\u0151 lehet\u0151s\u00e9g, amely nem sp\u00f3rol a jellemz\u0151k\u00f6n. NITROFOAM k\u00f6z\u00e9ptalp\u00e1val \u00e9s jav\u00edtott l\u00e9g\u00e1tereszt\u0151 k\u00e9pess\u00e9g\u00e9vel ez a cip\u0151 a fut\u00f3k sz\u00e9les k\u00f6r\u00e9t szolg\u00e1lja ki. Leny\u0171g\u00f6z\u0151 tapad\u00e1st k\u00edn\u00e1l a PUMAGRIP k\u00fcls\u0151 talpnak k\u00f6sz\u00f6nhet\u0151en, stabilit\u00e1st biztos\u00edtva k\u00fcl\u00f6nb\u00f6z\u0151 fel\u00fcleteken.  <\/p>\n<p>B\u00e1r lehet, hogy nem ugyanolyan szint\u0171 energiavisszaad\u00e1st ny\u00fajt, mint az adidas Adizero EVO SL, a Velocity Nitro 4 megb\u00edzhat\u00f3 \u00e9s k\u00e9nyelmes \u00e9lm\u00e9nyt biztos\u00edt a mindennapi fut\u00e1shoz. Kiv\u00e1l\u00f3 v\u00e1laszt\u00e1s azok sz\u00e1m\u00e1ra, akik \u00e9rt\u00e9kelik az \u00e1r-\u00e9rt\u00e9k ar\u00e1nyt egy k\u00f6nny\u0171 csomagban. <\/p>\n<p>A PUMA sokoldal\u00fas\u00e1gra \u00e9s k\u00e9nyelemre val\u00f3 \u00f6sszpontos\u00edt\u00e1sa ezt a cip\u0151t nagyszer\u0171 lehet\u0151s\u00e9gg\u00e9 teszi azoknak a fut\u00f3knak, akik megb\u00edzhat\u00f3 t\u00e1rsat szeretn\u00e9nek k\u00fcl\u00f6nb\u00f6z\u0151 t\u00e1vols\u00e1gokhoz \u00e9s k\u00f6r\u00fclm\u00e9nyekhez an\u00e9lk\u00fcl, hogy t\u00fal sokat k\u00f6lten\u00e9nek.<\/p>\n","product_5_text_after":"<p>A Saucony Ride 19 egy sokoldal\u00fa fut\u00f3cip\u0151, amely a k\u00e9nyelem \u00e9s a reag\u00e1l\u00f3k\u00e9pess\u00e9g kever\u00e9k\u00e9t k\u00edn\u00e1lja. Ez a semleges cip\u0151 kiv\u00e1l\u00f3an teljes\u00edt a sima fut\u00e1s biztos\u00edt\u00e1s\u00e1ban, ide\u00e1lis v\u00e1laszt\u00e1s azoknak a fut\u00f3knak, akik kiegyens\u00falyozott \u00e9rz\u00e9st szeretnek. K\u00f6nnyebb \u00e9s puh\u00e1bb szerkezete jav\u00edtja a fut\u00e1si \u00e9lm\u00e9nyt.  <\/p>\n<p>B\u00e1r kiv\u00e1l\u00f3an teljes\u00edt a k\u00e9nyelem ter\u00e9n, egyesek hi\u00e1nyolhatj\u00e1k a magasabban rangsorolt cip\u0151kben, mint az adidas Adizero EVO SL l\u00e1that\u00f3 \u00e9lvonalbeli technol\u00f3gi\u00e1t. Megfizethet\u0151s\u00e9ge \u00e9s megb\u00edzhat\u00f3s\u00e1ga azonban n\u00e9pszer\u0171 v\u00e1laszt\u00e1ss\u00e1 teszi azok k\u00f6r\u00e9ben, akik megb\u00edzhat\u00f3 mindennapi edz\u0151cip\u0151t keresnek. <\/p>\n<p>Ha olyan fut\u00f3 vagy, aki \u00e9rt\u00e9keli a k\u00e9nyelmet \u00e9s a sokoldal\u00fas\u00e1got, a Saucony Ride 19 szil\u00e1rd lehet\u0151s\u00e9g.<\/p>\n","product_6_text_after":"<p>A New Balance Men&#8217;s Fresh Foam X 1080 V14 a New Balance elk\u00f6telezetts\u00e9g\u00e9nek bizony\u00edt\u00e9ka a k\u00e9nyelem \u00e9s a teljes\u00edtm\u00e9ny ir\u00e1nt. Fresh Foam p\u00e1rn\u00e1z\u00e1s\u00e1val ez a cip\u0151 puha fut\u00e1si \u00e9lm\u00e9nyt ny\u00fajt, ide\u00e1lis azoknak, akik a l\u00e1gy landol\u00e1st r\u00e9szes\u00edtik el\u0151nyben. <\/p>\n<p>B\u00e1r magasan \u00e9rt\u00e9kelt, nem eg\u00e9szen \u00e9ri el az adidas Adizero EVO SL sebess\u00e9gorient\u00e1lt kialak\u00edt\u00e1s\u00e1t. T\u00f6k\u00e9letes illeszked\u00e9se \u00e9s kiv\u00e1l\u00f3 p\u00e1rn\u00e1z\u00e1sa azonban kedvencc\u00e9 teszi azok k\u00f6r\u00e9ben a fut\u00f3k k\u00f6r\u00e9ben, akiknek extra t\u00e1maszt\u00e1sra \u00e9s k\u00e9nyelemre van sz\u00fcks\u00e9g\u00fck fut\u00e1saik sor\u00e1n. <\/p>\n<p>Azok sz\u00e1m\u00e1ra, akik olyan cip\u0151t keresnek, amely \u00fagy \u00e9rz\u0151dik, mintha felh\u0151k\u00f6n futn\u00e1nak, a Fresh Foam X 1080 V14 kiv\u00e1l\u00f3 v\u00e1laszt\u00e1s, tart\u00f3ss\u00e1got \u00e9s k\u00e9nyelmet k\u00edn\u00e1lva \u00e9sszer\u0171 \u00e1ron.<\/p>\n","product_7_text_after":"<p>A NIKE Men&#8217;s Pegasus 41 klasszikus v\u00e1laszt\u00e1s azoknak a fut\u00f3knak, akik \u00e9rt\u00e9kelik a reag\u00e1l\u00f3k\u00e9pes fut\u00e1st. K\u00e9t Air Zoom egys\u00e9ggel \u00e9s ReactX hab k\u00f6z\u00e9ptalppal felszerelve energikus \u00e9rz\u00e9st k\u00edn\u00e1l, amelyet sok fut\u00f3 szeret. <\/p>\n<p>B\u00e1r nagyszer\u0171 p\u00e1rn\u00e1z\u00e1st \u00e9s rugalmass\u00e1got biztos\u00edt, lehet, hogy nem k\u00edn\u00e1lja ugyanazt a k\u00f6nny\u0171 el\u0151nyt, mint az adidas Adizero EVO SL. Megb\u00edzhat\u00f3s\u00e1ga \u00e9s k\u00e9nyelme azonban sok napi fut\u00f3 alapj\u00e1v\u00e1 teszi. <\/p>\n<p>Azok sz\u00e1m\u00e1ra, akik megb\u00edzhat\u00f3 cip\u0151t szeretn\u00e9nek bev\u00e1lt teljes\u00edtm\u00e9nnyel, a Pegasus 41 m\u00e9lt\u00f3 versenyz\u0151, k\u00fcl\u00f6n\u00f6sen a j\u00e1rd\u00e1n \u00e9s utakon fut\u00f3k sz\u00e1m\u00e1ra.<\/p>\n","product_8_text_after":"<p>A Mizuno Unisex Wave Prophecy 12 a p\u00e1rn\u00e1z\u00e1s \u00e9s a stabilit\u00e1s egyedi kever\u00e9k\u00e9t k\u00edn\u00e1lja, azok sz\u00e1m\u00e1ra tervezve, akik kem\u00e9nyebb \u00e9rz\u00e9st r\u00e9szes\u00edtenek el\u0151nyben. Dupla Wave platformja maxim\u00e1lis t\u00e1maszt\u00e1st ny\u00fajt, \u00edgy alkalmas a fokozott stabilit\u00e1st ig\u00e9nyl\u0151 fut\u00f3k sz\u00e1m\u00e1ra. <\/p>\n<p>B\u00e1r kiv\u00e1l\u00f3an teljes\u00edt tart\u00f3ss\u00e1g \u00e9s t\u00e1maszt\u00e1s ter\u00e9n, lehet, hogy nem \u00e9ri el a legjobban rangsorolt cip\u0151k, mint az adidas Adizero EVO SL k\u00f6nny\u0171 \u00e9s energikus \u00e9rz\u00e9s\u00e9t. K\u00f6rnyezetbar\u00e1t kialak\u00edt\u00e1sa azonban plusz a k\u00f6rnyezettudatos fut\u00f3k sz\u00e1m\u00e1ra. <\/p>\n<p>Ha a stabilit\u00e1s a priorit\u00e1sod, \u00e9s \u00e9rt\u00e9keled a fenntarthat\u00f3 gyakorlatokat, a Wave Prophecy 12 egy megfontoland\u00f3 cip\u0151.<\/p>\n","product_9_text_after":"<p>A Brooks Glycerin 20 puha p\u00e1rn\u00e1z\u00e1s\u00e1r\u00f3l \u00e9s k\u00e9nyelm\u00e9r\u0151l h\u00edres, kiv\u00e1l\u00f3 v\u00e1laszt\u00e1s azoknak a hossz\u00fat\u00e1vfut\u00f3knak, akiknek extra t\u00e1maszt\u00e1sra van sz\u00fcks\u00e9g\u00fck. DNA LOFT p\u00e1rn\u00e1z\u00e1sa l\u00e1gy \u00e9s sima fut\u00e1st biztos\u00edt, ide\u00e1lis a sz\u00e9lesebb l\u00e1b\u00faak sz\u00e1m\u00e1ra. <\/p>\n<p>K\u00e9nyelme ellen\u00e9re lehet, hogy nem k\u00edn\u00e1lja ugyanazt a sebess\u00e9gn\u00f6vel\u0151 szintet, mint az adidas Adizero EVO SL. A k\u00e9nyelem \u00e9s az illeszked\u00e9s ter\u00e9n szerzett h\u00edrneve azonban megb\u00edzhat\u00f3 v\u00e1laszt\u00e1ss\u00e1 teszi sokak sz\u00e1m\u00e1ra. <\/p>\n<p>Ha olyan cip\u0151t keresel, amely a k\u00e9nyelmet \u00e9s a p\u00e1rn\u00e1z\u00e1st helyezi el\u0151t\u00e9rbe, a Glycerin 20 egy megb\u00edzhat\u00f3 \u00e9s szeretett lehet\u0151s\u00e9g.<\/p>\n","product_10_text_after":"<p>A Salomon Speedcross Peak terepfut\u00f3k sz\u00e1m\u00e1ra k\u00e9sz\u00fclt, akiknek v\u00e9delemre \u00e9s tapad\u00e1sra van sz\u00fcks\u00e9g\u00fck. Sensifit szerkezete \u00e9s Contagrip k\u00fcls\u0151 talpa biztons\u00e1gos illeszked\u00e9st \u00e9s kiv\u00e1l\u00f3 tapad\u00e1st biztos\u00edt egyenetlen terepen. <\/p>\n<p>B\u00e1r kiv\u00e1l\u00f3 v\u00e1laszt\u00e1s terepekhez, lehet, hogy nem teljes\u00edt olyan j\u00f3l utakon, mint az adidas Adizero EVO SL. Tart\u00f3ss\u00e1ga \u00e9s kialak\u00edt\u00e1sa azonban szil\u00e1rd v\u00e1laszt\u00e1ss\u00e1 teszi azok sz\u00e1m\u00e1ra, akik gyakran futnak terepen. <\/p>\n<p>A terep szerelmesei sz\u00e1m\u00e1ra, akik olyan cip\u0151t keresnek, amely megbirk\u00f3zik a zord \u00f6sv\u00e9nyekkel, a Speedcross Peak megb\u00edzhat\u00f3 \u00e9s megfizethet\u0151 lehet\u0151s\u00e9g.<\/p>\n"},"yoast_head":"<!-- This site is optimized with the Yoast SEO plugin v27.4 - https:\/\/yoast.com\/product\/yoast-seo-wordpress\/ -->\n<title>Top 10 legjobb fut\u00f3cip\u0151 - DJ Music Geek<\/title>\n<meta name=\"robots\" content=\"index, follow, max-snippet:-1, max-image-preview:large, max-video-preview:-1\" \/>\n<link rel=\"canonical\" href=\"https:\/\/djmusicgeek.com\/best-running-shoes-2026-en\/\" \/>\n<meta property=\"og:locale\" content=\"hu_HU\" \/>\n<meta property=\"og:type\" content=\"article\" \/>\n<meta property=\"og:title\" content=\"Top 10 legjobb fut\u00f3cip\u0151 - DJ Music Geek\" \/>\n<meta property=\"og:url\" content=\"https:\/\/djmusicgeek.com\/best-running-shoes-2026-en\/\" \/>\n<meta property=\"og:site_name\" content=\"DJ Music Geek\" \/>\n<meta name=\"twitter:card\" content=\"summary_large_image\" \/>\n<script type=\"application\/ld+json\" class=\"yoast-schema-graph\">{\"@context\":\"https:\\\/\\\/schema.org\",\"@graph\":[{\"@type\":\"WebPage\",\"@id\":\"https:\\\/\\\/djmusicgeek.com\\\/best-running-shoes-2026-en\\\/\",\"url\":\"https:\\\/\\\/djmusicgeek.com\\\/best-running-shoes-2026-en\\\/\",\"name\":\"Top 10 legjobb fut\u00f3cip\u0151 - DJ Music Geek\",\"isPartOf\":{\"@id\":\"https:\\\/\\\/djmusicgeek.com\\\/#website\"},\"datePublished\":\"2026-02-25T19:26:17+00:00\",\"breadcrumb\":{\"@id\":\"https:\\\/\\\/djmusicgeek.com\\\/best-running-shoes-2026-en\\\/#breadcrumb\"},\"inLanguage\":\"hu\",\"potentialAction\":[{\"@type\":\"ReadAction\",\"target\":[\"https:\\\/\\\/djmusicgeek.com\\\/best-running-shoes-2026-en\\\/\"]}]},{\"@type\":\"BreadcrumbList\",\"@id\":\"https:\\\/\\\/djmusicgeek.com\\\/best-running-shoes-2026-en\\\/#breadcrumb\",\"itemListElement\":[{\"@type\":\"ListItem\",\"position\":1,\"name\":\"Kezd\u0151lap\",\"item\":\"https:\\\/\\\/djmusicgeek.com\\\/\"},{\"@type\":\"ListItem\",\"position\":2,\"name\":\"Top 10 legjobb fut\u00f3cip\u0151\"}]},{\"@type\":\"WebSite\",\"@id\":\"https:\\\/\\\/djmusicgeek.com\\\/#website\",\"url\":\"https:\\\/\\\/djmusicgeek.com\\\/\",\"name\":\"DJ Music Geek\",\"description\":\"\",\"potentialAction\":[{\"@type\":\"SearchAction\",\"target\":{\"@type\":\"EntryPoint\",\"urlTemplate\":\"https:\\\/\\\/djmusicgeek.com\\\/?s={search_term_string}\"},\"query-input\":{\"@type\":\"PropertyValueSpecification\",\"valueRequired\":true,\"valueName\":\"search_term_string\"}}],\"inLanguage\":\"hu\"}]}<\/script>\n<!-- \/ Yoast SEO plugin. -->","yoast_head_json":{"title":"Top 10 legjobb fut\u00f3cip\u0151 - DJ Music Geek","robots":{"index":"index","follow":"follow","max-snippet":"max-snippet:-1","max-image-preview":"max-image-preview:large","max-video-preview":"max-video-preview:-1"},"canonical":"https:\/\/djmusicgeek.com\/best-running-shoes-2026-en\/","og_locale":"hu_HU","og_type":"article","og_title":"Top 10 legjobb fut\u00f3cip\u0151 - DJ Music Geek","og_url":"https:\/\/djmusicgeek.com\/best-running-shoes-2026-en\/","og_site_name":"DJ Music Geek","twitter_card":"summary_large_image","schema":{"@context":"https:\/\/schema.org","@graph":[{"@type":"WebPage","@id":"https:\/\/djmusicgeek.com\/best-running-shoes-2026-en\/","url":"https:\/\/djmusicgeek.com\/best-running-shoes-2026-en\/","name":"Top 10 legjobb fut\u00f3cip\u0151 - DJ Music Geek","isPartOf":{"@id":"https:\/\/djmusicgeek.com\/#website"},"datePublished":"2026-02-25T19:26:17+00:00","breadcrumb":{"@id":"https:\/\/djmusicgeek.com\/best-running-shoes-2026-en\/#breadcrumb"},"inLanguage":"hu","potentialAction":[{"@type":"ReadAction","target":["https:\/\/djmusicgeek.com\/best-running-shoes-2026-en\/"]}]},{"@type":"BreadcrumbList","@id":"https:\/\/djmusicgeek.com\/best-running-shoes-2026-en\/#breadcrumb","itemListElement":[{"@type":"ListItem","position":1,"name":"Kezd\u0151lap","item":"https:\/\/djmusicgeek.com\/"},{"@type":"ListItem","position":2,"name":"Top 10 legjobb fut\u00f3cip\u0151"}]},{"@type":"WebSite","@id":"https:\/\/djmusicgeek.com\/#website","url":"https:\/\/djmusicgeek.com\/","name":"DJ Music Geek","description":"","potentialAction":[{"@type":"SearchAction","target":{"@type":"EntryPoint","urlTemplate":"https:\/\/djmusicgeek.com\/?s={search_term_string}"},"query-input":{"@type":"PropertyValueSpecification","valueRequired":true,"valueName":"search_term_string"}}],"inLanguage":"hu"}]}},"_links":{"self":[{"href":"https:\/\/djmusicgeek.com\/hu\/wp-json\/wp\/v2\/pages\/17710","targetHints":{"allow":["GET"]}}],"collection":[{"href":"https:\/\/djmusicgeek.com\/hu\/wp-json\/wp\/v2\/pages"}],"about":[{"href":"https:\/\/djmusicgeek.com\/hu\/wp-json\/wp\/v2\/types\/page"}],"author":[{"embeddable":true,"href":"https:\/\/djmusicgeek.com\/hu\/wp-json\/wp\/v2\/users\/2"}],"replies":[{"embeddable":true,"href":"https:\/\/djmusicgeek.com\/hu\/wp-json\/wp\/v2\/comments?post=17710"}],"version-history":[{"count":0,"href":"https:\/\/djmusicgeek.com\/hu\/wp-json\/wp\/v2\/pages\/17710\/revisions"}],"wp:attachment":[{"href":"https:\/\/djmusicgeek.com\/hu\/wp-json\/wp\/v2\/media?parent=17710"}],"curies":[{"name":"wp","href":"https:\/\/api.w.org\/{rel}","templated":true}]}}