{"id":17394,"date":"2026-02-13T10:59:05","date_gmt":"2026-02-13T10:59:05","guid":{"rendered":"https:\/\/djmusicgeek.com\/best-headphones-to-buy-today-en-gb\/"},"modified":"2026-03-01T13:46:27","modified_gmt":"2026-03-01T13:46:27","slug":"best-headphones-to-buy-today-en-gb","status":"publish","type":"page","link":"https:\/\/djmusicgeek.com\/hu\/best-headphones-to-buy-today-en-gb\/","title":{"rendered":"A 10 legjobb vezet\u00e9k n\u00e9lk\u00fcli fejhallgat\u00f3"},"content":{"rendered":"","protected":false},"excerpt":{"rendered":"","protected":false},"author":2,"featured_media":0,"parent":0,"menu_order":0,"comment_status":"closed","ping_status":"closed","template":"sales-template.php","meta":{"_acf_changed":false,"footnotes":""},"class_list":["post-17394","page","type-page","status-publish","hentry"],"acf":{"product_url":"","product_image_1":"","product_image_2":"","product_image_3":"","product_image_4":"","product_image_5":"","product_image_6":"","product_image_7":"","product_image_8":"","product_2_supplier":"Amazon","product_2_asin":"B0CRMB9Z84","product_3_supplier":"Amazon","product_3_asin":"B0FPD1P24J","product_4_supplier":"Amazon","product_4_asin":"B0CZ6S1G4B","product_5_supplier":"Amazon","product_5_asin":"","product_6_supplier":"Amazon","product_6_asin":"","product_7_supplier":"Amazon","product_7_asin":"B0DQ833QW9","product_8_supplier":"Amazon","product_8_asin":"","product_9_supplier":"Amazon","product_9_asin":"","product_10_supplier":"Amazon","product_10_asin":"","exclude_from_search":false,"product_2_url":"","product_2_image_1":"","product_2_image_2":"","product_2_image_3":"","product_3_url":"","product_3_image_1":"","product_3_image_2":"","product_3_image_3":"","language_code":"hu-hu","product_name":"Oneodio A sorozat","product_type":"Vezet\u00e9k n\u00e9lk\u00fcli fejhallgat\u00f3k","product_type_singular":"Vezet\u00e9k n\u00e9lk\u00fcli fejhallgat\u00f3","features":"<p>Bluetooth 5.0 csatlakoz\u00e1s<br \/>\nAkt\u00edv zajsz\u0171r\u00e9s<br \/>\nVezet\u00e9k n\u00e9lk\u00fcli funkcionalit\u00e1s<br \/>\nBe\u00e9p\u00edtett mikrofon<br \/>\nC t\u00edpus\u00fa t\u00f6lt\u00e9s<br \/>\nHordt\u00e1ska mell\u00e9kelve<br \/>\nMeghosszabb\u00edtott 2 \u00e9v garancia<br \/>\nKiv\u00e1l\u00f3 min\u0151s\u00e9g\u0171 hangteljes\u00edtm\u00e9ny<\/p>\n","rating":"9.8","intro_text":"<p>\u00dcdv\u00f6zl\u00fcnk a 10 legjobb vezet\u00e9k n\u00e9lk\u00fcli fejhallgat\u00f3 r\u00e9szletes \u00e1ttekint\u00e9s\u00e9ben, amit ma megv\u00e1s\u00e1rolhatsz. Gondosan tesztelt\u00fck \u00e9s \u00e9rt\u00e9kelt\u00fck az egyes term\u00e9keket, hogy a legjobb lehet\u0151s\u00e9geket k\u00edn\u00e1ljuk hangz\u00e1si ig\u00e9nyeidhez. Ak\u00e1r audiofil vagy, ak\u00e1r csak egy megb\u00edzhat\u00f3 fejhallgat\u00f3t keresel mindennapi haszn\u00e1latra, v\u00e1laszt\u00e9kunk a funkci\u00f3k \u00e9s k\u00f6lts\u00e9gvet\u00e9sek sz\u00e9les sk\u00e1l\u00e1j\u00e1t fedi le.  <\/p>\n<p>Ebben a cikkben minden term\u00e9k teljes\u00edtm\u00e9ny\u00e9t, k\u00e9nyelm\u00e9t \u00e9s \u00e9rt\u00e9k\u00e9t vizsg\u00e1ljuk. A fejlett zajsz\u0171r\u0151 technol\u00f3gi\u00e1t\u00f3l az leny\u0171g\u00f6z\u0151 akkumul\u00e1tor-\u00fczemid\u0151ig, a legjobb v\u00e1laszt\u00e1saink kiemelkednek a vezet\u00e9k n\u00e9lk\u00fcli fejhallgat\u00f3k zs\u00fafolt piac\u00e1n. Tarts vel\u00fcnk, mik\u00f6zben felfedezz\u00fck azokat a funkci\u00f3kat, amelyek igaz\u00e1n kiv\u00e9teless\u00e9 teszik ezeket a fejhallgat\u00f3kat.  <\/p>\n","text_before_product_box":"<p>Ahogy a technol\u00f3gia fejl\u0151dik, a kiv\u00e1l\u00f3 min\u0151s\u00e9g\u0171 vezet\u00e9k n\u00e9lk\u00fcli fejhallgat\u00f3k ir\u00e1nti ig\u00e9ny soha nem volt nagyobb. Ak\u00e1r ing\u00e1zol, dolgozol vagy otthon pihensz, egy nagyszer\u0171 fejhallgat\u00f3 \u00e1talak\u00edthatja a hang\u00e9lm\u00e9nyedet. Ebben az \u00fatmutat\u00f3ban rangsoroltuk a ma el\u00e9rhet\u0151 legjobb lehet\u0151s\u00e9geket, kiemelve kulcsfontoss\u00e1g\u00fa funkci\u00f3ikat \u00e9s el\u0151nyeiket.  <\/p>\n<p>A mi els\u0151 sz\u00e1m\u00fa v\u00e1laszt\u00e1sunk, a Oneodio A Series, fejlett funkci\u00f3ival \u00e9s kiv\u00e9teles teljes\u00edtm\u00e9ny\u00e9vel vezeti a mez\u0151nyt. N\u00e9zz\u00fck meg, mi\u00e9rt emelkedik ki ez a term\u00e9k a versenyt\u00e1rsai k\u00f6z\u00fcl. <\/p>\n","text_after_product_box":"<p>A legjobb vezet\u00e9k n\u00e9lk\u00fcli fejhallgat\u00f3k \u00e9rt\u00e9kel\u00e9sekor sz\u00e1mos t\u00e9nyez\u0151t vett\u00fcnk figyelembe, mint p\u00e9ld\u00e1ul a hangmin\u0151s\u00e9g, a k\u00e9nyelem, az akkumul\u00e1tor-\u00fczemid\u0151 \u00e9s az olyan tov\u00e1bbi funkci\u00f3k, mint a zajsz\u0171r\u00e9s \u00e9s a csatlakoz\u00e1si lehet\u0151s\u00e9gek. Minden term\u00e9ket val\u00f3s \u00e9lethelyzetekben tesztelt\u00fcnk, hogy megb\u00edzhat\u00f3 aj\u00e1nl\u00e1sokat ny\u00fajthassunk neked. <\/p>\n<p>Egy nagyszer\u0171 vezet\u00e9k n\u00e9lk\u00fcli fejhallgat\u00f3nak a k\u00e9nyelem, a hangmin\u0151s\u00e9g \u00e9s a funkcionalit\u00e1s z\u00f6kken\u0151mentes \u00f6tv\u00f6zet\u00e9t kell k\u00edn\u00e1lnia. A Oneodio A Series mindezeken a ter\u00fcleteken kiemelked\u0151, p\u00e1ratlan hallgat\u00e1si \u00e9lm\u00e9nyt ny\u00fajtva a felhaszn\u00e1l\u00f3knak. A legmodernebb zajsz\u0171r\u0151 technol\u00f3gi\u00e1ja \u00e9s robusztus Bluetooth-kapcsolata t\u00f6k\u00e9letes v\u00e1laszt\u00e1ss\u00e1 teszi b\u00e1rmely audiofil sz\u00e1m\u00e1ra.  <\/p>\n","why_the_best_text":"<p>A Oneodio A Series a legjobb vezet\u00e9k n\u00e9lk\u00fcli fejhallgat\u00f3 v\u00e1laszt\u00e1s a funkci\u00f3k \u00e9s a teljes\u00edtm\u00e9ny kiv\u00e9teles kombin\u00e1ci\u00f3ja miatt. Sok versenyt\u00e1rs\u00e1val ellent\u00e9tben fejlett akt\u00edv zajsz\u0171r\u00e9st \u00e9s Bluetooth 5.0-t is k\u00edn\u00e1l a zavartalan zenehallgat\u00e1si \u00e9lm\u00e9ny\u00e9rt. Kiv\u00e1l\u00f3 min\u0151s\u00e9g\u0171 hangz\u00e1sa biztos\u00edtja, hogy minden hang tiszta \u00e9s \u00e9les legyen, ak\u00e1r zen\u00e9t hallgatsz, ak\u00e1r h\u00edv\u00e1sokat bonyol\u00edtasz.  <\/p>\n<p>Egy m\u00e1sik jelent\u0151s el\u0151ny a C t\u00edpus\u00fa t\u00f6lt\u00e9s, amely gyors \u00e9s k\u00e9nyelmes felt\u00f6lt\u00e9st tesz lehet\u0151v\u00e9. A hordt\u00e1ska \u00e9s a meghosszabb\u00edtott 2 \u00e9ves garancia tov\u00e1bb n\u00f6veli az \u00e9rt\u00e9k\u00e9t, \u00edgy nemcsak hangmin\u0151s\u00e9gben, hanem tart\u00f3ss\u00e1gban \u00e9s megb\u00edzhat\u00f3s\u00e1gban is kiemelked\u0151 teljes\u00edtm\u00e9nyt ny\u00fajt. <\/p>\n","reviews_text":"<p>B\u00e1r a Oneodio A Series-r\u0151l m\u00e9g nincs sok felhaszn\u00e1l\u00f3i v\u00e9lem\u00e9ny, leny\u0171g\u00f6z\u0151 specifik\u00e1ci\u00f3i \u00e9s \u00e1tfog\u00f3 funkci\u00f3k\u00e9szlete m\u00e1ris kiemelked\u0151 v\u00e1laszt\u00e1ss\u00e1 tette. A Bluetooth 5.0 integr\u00e1ci\u00f3ja z\u00f6kken\u0151mentes csatlakoz\u00e1st biztos\u00edt, m\u00edg az akt\u00edv zajsz\u0171r\u0151 funkci\u00f3t \u00fagy tervezt\u00e9k, hogy mag\u00e1val ragad\u00f3 hang\u00e9lm\u00e9nyt ny\u00fajtson a nem k\u00edv\u00e1nt k\u00f6rnyezeti zajok cs\u00f6kkent\u00e9s\u00e9vel. <\/p>\n<p>Be\u00e9p\u00edtett mikrofonja tiszta kommunik\u00e1ci\u00f3t tesz lehet\u0151v\u00e9, \u00edgy kiv\u00e1l\u00f3 v\u00e1laszt\u00e1s zeneim\u00e1d\u00f3k \u00e9s szakemberek sz\u00e1m\u00e1ra egyar\u00e1nt, akik megb\u00edzhat\u00f3 hangmin\u0151s\u00e9get ig\u00e9nyelnek a h\u00edv\u00e1sokhoz. A meghosszabb\u00edtott 2 \u00e9ves garancia tov\u00e1bb n\u00f6veli vonzerej\u00e9t, nyugalmat biztos\u00edtva a felhaszn\u00e1l\u00f3knak. <\/p>\n","top_pick_box_text":"<p>A Oneodio A Series kiemelkedik, mint a vezet\u00e9k n\u00e9lk\u00fcli fejhallgat\u00f3k v\u00e9gs\u0151 v\u00e1laszt\u00e1sa, fejlett zajsz\u0171r\u00e9st, kiv\u00e1l\u00f3 hangmin\u0151s\u00e9get \u00e9s megb\u00edzhat\u00f3 teljes\u00edtm\u00e9nyt k\u00edn\u00e1lva. A technol\u00f3gia \u00e9s a k\u00e9nyelem t\u00f6k\u00e9letes \u00f6tv\u00f6zete, \u00edgy minden audiofil sz\u00e1m\u00e1ra k\u00f6telez\u0151 darab. <\/p>\n","bottom_text":"<p>\u00d6sszefoglalva, a Oneodio A Series egy p\u00e9lda\u00e9rt\u00e9k\u0171 modell, amely \u00fajradefini\u00e1lja, mit v\u00e1rhatnak a felhaszn\u00e1l\u00f3k a vezet\u00e9k n\u00e9lk\u00fcli fejhallgat\u00f3kt\u00f3l. Leny\u0171g\u00f6z\u0151 funkci\u00f3k\u00e9szlete \u00e9s robusztus teljes\u00edtm\u00e9nye m\u00e9lt\u00f3 befektet\u00e9ss\u00e9 teszi mindenki sz\u00e1m\u00e1ra, aki komolyan veszi a hangmin\u0151s\u00e9get. <\/p>\n<p>Ne maradj le a cs\u00facsmin\u0151s\u00e9g\u0171 hangz\u00e1s \u00e9s k\u00e9nyelem \u00e9lm\u00e9ny\u00e9r\u0151l. V\u00e1laszd a Oneodio A Series-t, \u00e9s emeld magasabb szintre a zenehallgat\u00e1si \u00e9lm\u00e9nyedet m\u00e9g ma! <\/p>\n","product_2_text_after":"<p>A m\u00e1sodik helyen a JLab JBuds LUX ANC \u00e1ll, amely figyelemre m\u00e9lt\u00f3 egyens\u00falyt k\u00edn\u00e1l a teljes\u00edtm\u00e9ny \u00e9s a megfizethet\u0151s\u00e9g k\u00f6z\u00f6tt. Az intelligens akt\u00edv zajsz\u0171r\u00e9s\u00e9vel ezek a fejhallgat\u00f3k alkalmazkodnak a k\u00f6rnyezetedhez, optim\u00e1lis hallgat\u00e1si \u00e9lm\u00e9nyt biztos\u00edtva. A hangmin\u0151s\u00e9get tov\u00e1bb jav\u00edtj\u00e1k a 40 mm-es meghajt\u00f3k, amelyek gazdag \u00e9s mag\u00e1val ragad\u00f3 hangz\u00e1st ny\u00fajtanak.  <\/p>\n<p>Az egyik kiemelked\u0151 tulajdons\u00e1ga a leny\u0171g\u00f6z\u0151 akkumul\u00e1tor-\u00fczemid\u0151, amely t\u00f6bb mint 70 \u00f3ra lej\u00e1tsz\u00e1si id\u0151t biztos\u00edt. Az ergonomikus kialak\u00edt\u00e1s a Cloud Foam p\u00e1rn\u00e1kkal k\u00e9nyelmet biztos\u00edt a hossz\u00fa zenehallgat\u00e1si alkalmakkor. B\u00e1r tal\u00e1n nem rendelkezik a mi els\u0151 sz\u00e1m\u00fa v\u00e1laszt\u00e1sunk pr\u00e9mium kivitel\u00e9vel, \u00e1r-\u00e9rt\u00e9k ar\u00e1nya \u00e9s megb\u00edzhat\u00f3 teljes\u00edtm\u00e9nye kiv\u00e1l\u00f3 v\u00e1laszt\u00e1ss\u00e1 teszi a k\u00f6lts\u00e9gtudatos v\u00e1s\u00e1rl\u00f3k sz\u00e1m\u00e1ra.  <\/p>\n","text_after_product_box_2":"<p>Ahogy a vezet\u00e9k n\u00e9lk\u00fcli fejhallgat\u00f3k piaca folyamatosan fejl\u0151dik, a fogyaszt\u00f3k egyre ink\u00e1bb olyan term\u00e9keket keresnek, amelyek nemcsak nagyszer\u0171 hangz\u00e1st, hanem okos funkci\u00f3kat is k\u00edn\u00e1lnak, mint p\u00e9ld\u00e1ul a hangasszisztensek \u00e9s a t\u00f6bbpontos csatlakoz\u00e1s. Fejhallgat\u00f3 v\u00e1s\u00e1rl\u00e1sakor vedd figyelembe a specifikus ig\u00e9nyeidet, p\u00e9ld\u00e1ul a hossz\u00fa utaz\u00e1sokhoz sz\u00fcks\u00e9ges akkumul\u00e1tor-\u00fczemid\u0151t vagy a csendesebb munkak\u00f6rnyezethez sz\u00fcks\u00e9ges zajsz\u0171r\u00e9st. <\/p>\n<p>V\u00e1s\u00e1rl\u00e1s el\u0151tt ne felejtsd el ellen\u0151rizni a v\u00e1s\u00e1rl\u00f3i v\u00e9lem\u00e9nyeket \u00e9s a szak\u00e9rt\u0151i \u00e9rt\u00e9kel\u00e9seket. Ez \u00e9rt\u00e9kes betekint\u00e9st ny\u00fajthat a fejhallgat\u00f3k val\u00f3s teljes\u00edtm\u00e9ny\u00e9be, \u00e9s seg\u00edthet megalapozott d\u00f6nt\u00e9st hozni. <\/p>\n","product_3_text_after":"<p>A TOZO HT3 fejhallgat\u00f3k a harmadik helyet foglalj\u00e1k el, k\u00f6sz\u00f6nhet\u0151en leny\u0171g\u00f6z\u0151 funkci\u00f3list\u00e1juknak verhetetlen \u00e1ron. Az intelligens k\u00f6rnyezeti adapt\u00edv zajsz\u0171r\u00e9ssel \u00e9s kett\u0151s dinamikus meghajt\u00f3kkal ezek a fejhallgat\u00f3k kiv\u00e9teles hangtisztas\u00e1got \u00e9s basszust biztos\u00edtanak. <\/p>\n<p>A leny\u0171g\u00f6z\u0151, 90 \u00f3r\u00e1s akkumul\u00e1tor-\u00fczemid\u0151vel t\u00f6k\u00e9letesek hossz\u00fa utaz\u00e1sokhoz vagy hosszabb haszn\u00e1lathoz. A kett\u0151s Bluetooth-kapcsolat funkci\u00f3 z\u00f6kken\u0151mentes v\u00e1lt\u00e1st tesz lehet\u0151v\u00e9 az eszk\u00f6z\u00f6k k\u00f6z\u00f6tt, n\u00f6velve sokoldal\u00fas\u00e1gukat. B\u00e1r tal\u00e1n hi\u00e1nyzik bel\u0151l\u00fck a magasabb kateg\u00f3ri\u00e1s modellek m\u00e1rka preszt\u00edzse, teljes\u00edtm\u00e9ny\u00fck \u00e9s k\u00f6lts\u00e9ghat\u00e9konys\u00e1guk vonz\u00f3 opci\u00f3v\u00e1 teszi \u0151ket.  <\/p>\n","product_4_text_after":"<p>A GarageRock E7 fejhallgat\u00f3k fejlett ANC technol\u00f3gi\u00e1jukr\u00f3l \u00e9s pr\u00e9mium hangmin\u0151s\u00e9g\u00fckr\u0151l ismertek, \u00edgy szil\u00e1rd v\u00e1laszt\u00e1s azok sz\u00e1m\u00e1ra, akik \u00e9rt\u00e9kelik a hangprecizit\u00e1st. A 45 mm-es nagym\u00e9ret\u0171 meghajt\u00f3k biztos\u00edtj\u00e1k, hogy minden hang tiszta legyen. <\/p>\n<p>Ezeket a fejhallgat\u00f3kat tart\u00f3s k\u00e9nyelemre tervezt\u00e9k protein f\u00fclp\u00e1rn\u00e1kkal \u00e9s strapab\u00edr\u00f3 kivitellel. 30 \u00f3r\u00e1s lej\u00e1tsz\u00e1si id\u0151t k\u00edn\u00e1lva alkalmasak mindennapi haszn\u00e1latra \u00e9s utaz\u00e1sra. B\u00e1r alacsonyabban helyezkednek el a rangsorunkban, hangteljes\u00edtm\u00e9ny\u00fck \u00e9s k\u00e9nyelmi szintj\u00fck dics\u00e9retes az \u00e1rukhoz k\u00e9pest.  <\/p>\n","product_5_text_after":"<p>A Oneodio A6 ANC egy funkci\u00f3kban gazdag modell, amely 48 dB-es hibrid akt\u00edv zajsz\u0171r\u00e9st k\u00edn\u00e1l, \u00edgy ide\u00e1lis a zeneim\u00e1d\u00f3k sz\u00e1m\u00e1ra, akik mag\u00e1val ragad\u00f3 hallgat\u00e1si \u00e9lm\u00e9nyre v\u00e1gynak. A Hi-Res Audio \u00e9s az LDAC t\u00e1mogat\u00e1ssal ezek a fejhallgat\u00f3k st\u00fadi\u00f3min\u0151s\u00e9g\u0171 hangz\u00e1st biztos\u00edtanak, emelve a zenehallgat\u00e1si \u00e9lm\u00e9nyedet. <\/p>\n<p>Kialak\u00edt\u00e1sa be\u00e9p\u00edtett mikrofont \u00e9s alkalmaz\u00e1svez\u00e9rl\u00e9st tartalmaz, sokoldal\u00fas\u00e1got biztos\u00edtva a k\u00fcl\u00f6nb\u00f6z\u0151 felhaszn\u00e1l\u00e1sokhoz. Versenyk\u00e9pes \u00e1ron az A6 ANC er\u0151s versenyz\u0151 azok sz\u00e1m\u00e1ra, akik cs\u00facskateg\u00f3ri\u00e1s funkci\u00f3kat keresnek an\u00e9lk\u00fcl, hogy t\u00f6nkretenn\u00e9k a p\u00e9nzt\u00e1rc\u00e1jukat, b\u00e1r ebben a szakaszban m\u00e9g hi\u00e1nyoznak a felhaszn\u00e1l\u00f3i v\u00e9lem\u00e9nyek. <\/p>\n","product_6_text_after":"<p>A SOUNDPEATS fejhallgat\u00f3k Hi-Res Audio tan\u00fas\u00edtv\u00e1nyukkal t\u0171nnek ki, kiv\u00e9teles hangh\u0171s\u00e9get biztos\u00edtva. A kett\u0151s akt\u00edv zajsz\u0171r\u0151 funkci\u00f3 jelent\u0151sen cs\u00f6kkenti a k\u00f6rnyezeti zajt, fokozva a zenehallgat\u00e1si \u00e9lm\u00e9nyedet. <\/p>\n<p>40 \u00f3r\u00e1s akkumul\u00e1tor-\u00fczemid\u0151vel \u00e9s Bluetooth 5.0-val ezek a fejhallgat\u00f3k hossz\u00fa \u00e9lettartamot \u00e9s megb\u00edzhat\u00f3 csatlakoz\u00e1st biztos\u00edtanak. B\u00e1r tal\u00e1n nem k\u00edn\u00e1lj\u00e1k a cs\u00facskateg\u00f3ri\u00e1s modellek sz\u00e9lesk\u00f6r\u0171 funkci\u00f3it, nagyszer\u0171 v\u00e1laszt\u00e1s azoknak a felhaszn\u00e1l\u00f3knak, akik a hangmin\u0151s\u00e9get \u00e9s a zajszigetel\u00e9st helyezik el\u0151t\u00e9rbe. <\/p>\n","product_7_text_after":"<p>Az Xmenha vezet\u00e9k n\u00e9lk\u00fcli Bluetooth AI ford\u00edt\u00f3 f\u00fclhallgat\u00f3k egyed\u00fcl\u00e1ll\u00f3 aj\u00e1nlatot k\u00edn\u00e1lnak val\u00f3s idej\u0171 ford\u00edt\u00e1si k\u00e9pess\u00e9gekkel 150 nyelven. Ez k\u00fcl\u00f6n\u00f6sen vonz\u00f3v\u00e1 teszi \u0151ket a gyakran utaz\u00f3k \u00e9s a nemzetk\u00f6zi \u00fczleti szakemberek sz\u00e1m\u00e1ra. <\/p>\n<p>B\u00e1r hangteljes\u00edtm\u00e9ny\u00fck \u00e9s \u00e9p\u00edt\u00e9si min\u0151s\u00e9g\u00fck tal\u00e1n nem \u00e9ri el a magasabban rangsorolt modellek\u00e9t, az \u00e9rint\u0151k\u00e9perny\u0151s tok \u00e9s az ANC zajsz\u0171r\u00e9s hozz\u00e1adott funkcionalit\u00e1sa sokoldal\u00fa eszk\u00f6zz\u00e9 teszi \u0151ket a kommunik\u00e1ci\u00f3hoz \u00e9s a tanul\u00e1shoz.<\/p>\n"},"yoast_head":"<!-- This site is optimized with the Yoast SEO plugin v27.4 - https:\/\/yoast.com\/product\/yoast-seo-wordpress\/ -->\n<title>A 10 legjobb vezet\u00e9k n\u00e9lk\u00fcli fejhallgat\u00f3 - DJ Music Geek<\/title>\n<meta name=\"robots\" content=\"index, follow, max-snippet:-1, max-image-preview:large, max-video-preview:-1\" \/>\n<link rel=\"canonical\" href=\"https:\/\/djmusicgeek.com\/hu\/best-headphones-to-buy-today-en-gb\/\" \/>\n<meta property=\"og:locale\" content=\"hu_HU\" \/>\n<meta property=\"og:type\" content=\"article\" \/>\n<meta property=\"og:title\" content=\"A 10 legjobb vezet\u00e9k n\u00e9lk\u00fcli fejhallgat\u00f3 - DJ Music Geek\" \/>\n<meta property=\"og:url\" content=\"https:\/\/djmusicgeek.com\/hu\/best-headphones-to-buy-today-en-gb\/\" \/>\n<meta property=\"og:site_name\" content=\"DJ Music Geek\" \/>\n<meta property=\"article:modified_time\" content=\"2026-03-01T13:46:27+00:00\" \/>\n<meta name=\"twitter:card\" content=\"summary_large_image\" \/>\n<script type=\"application\/ld+json\" class=\"yoast-schema-graph\">{\"@context\":\"https:\\\/\\\/schema.org\",\"@graph\":[{\"@type\":\"WebPage\",\"@id\":\"https:\\\/\\\/djmusicgeek.com\\\/hu\\\/best-headphones-to-buy-today-en-gb\\\/\",\"url\":\"https:\\\/\\\/djmusicgeek.com\\\/hu\\\/best-headphones-to-buy-today-en-gb\\\/\",\"name\":\"A 10 legjobb vezet\u00e9k n\u00e9lk\u00fcli fejhallgat\u00f3 - DJ Music Geek\",\"isPartOf\":{\"@id\":\"https:\\\/\\\/djmusicgeek.com\\\/#website\"},\"datePublished\":\"2026-02-13T10:59:05+00:00\",\"dateModified\":\"2026-03-01T13:46:27+00:00\",\"breadcrumb\":{\"@id\":\"https:\\\/\\\/djmusicgeek.com\\\/hu\\\/best-headphones-to-buy-today-en-gb\\\/#breadcrumb\"},\"inLanguage\":\"hu\",\"potentialAction\":[{\"@type\":\"ReadAction\",\"target\":[\"https:\\\/\\\/djmusicgeek.com\\\/hu\\\/best-headphones-to-buy-today-en-gb\\\/\"]}]},{\"@type\":\"BreadcrumbList\",\"@id\":\"https:\\\/\\\/djmusicgeek.com\\\/hu\\\/best-headphones-to-buy-today-en-gb\\\/#breadcrumb\",\"itemListElement\":[{\"@type\":\"ListItem\",\"position\":1,\"name\":\"Kezd\u0151lap\",\"item\":\"https:\\\/\\\/djmusicgeek.com\\\/\"},{\"@type\":\"ListItem\",\"position\":2,\"name\":\"A 10 legjobb vezet\u00e9k n\u00e9lk\u00fcli fejhallgat\u00f3\"}]},{\"@type\":\"WebSite\",\"@id\":\"https:\\\/\\\/djmusicgeek.com\\\/#website\",\"url\":\"https:\\\/\\\/djmusicgeek.com\\\/\",\"name\":\"DJ Music Geek\",\"description\":\"\",\"potentialAction\":[{\"@type\":\"SearchAction\",\"target\":{\"@type\":\"EntryPoint\",\"urlTemplate\":\"https:\\\/\\\/djmusicgeek.com\\\/?s={search_term_string}\"},\"query-input\":{\"@type\":\"PropertyValueSpecification\",\"valueRequired\":true,\"valueName\":\"search_term_string\"}}],\"inLanguage\":\"hu\"}]}<\/script>\n<!-- \/ Yoast SEO plugin. -->","yoast_head_json":{"title":"A 10 legjobb vezet\u00e9k n\u00e9lk\u00fcli fejhallgat\u00f3 - DJ Music Geek","robots":{"index":"index","follow":"follow","max-snippet":"max-snippet:-1","max-image-preview":"max-image-preview:large","max-video-preview":"max-video-preview:-1"},"canonical":"https:\/\/djmusicgeek.com\/hu\/best-headphones-to-buy-today-en-gb\/","og_locale":"hu_HU","og_type":"article","og_title":"A 10 legjobb vezet\u00e9k n\u00e9lk\u00fcli fejhallgat\u00f3 - DJ Music Geek","og_url":"https:\/\/djmusicgeek.com\/hu\/best-headphones-to-buy-today-en-gb\/","og_site_name":"DJ Music Geek","article_modified_time":"2026-03-01T13:46:27+00:00","twitter_card":"summary_large_image","schema":{"@context":"https:\/\/schema.org","@graph":[{"@type":"WebPage","@id":"https:\/\/djmusicgeek.com\/hu\/best-headphones-to-buy-today-en-gb\/","url":"https:\/\/djmusicgeek.com\/hu\/best-headphones-to-buy-today-en-gb\/","name":"A 10 legjobb vezet\u00e9k n\u00e9lk\u00fcli fejhallgat\u00f3 - DJ Music Geek","isPartOf":{"@id":"https:\/\/djmusicgeek.com\/#website"},"datePublished":"2026-02-13T10:59:05+00:00","dateModified":"2026-03-01T13:46:27+00:00","breadcrumb":{"@id":"https:\/\/djmusicgeek.com\/hu\/best-headphones-to-buy-today-en-gb\/#breadcrumb"},"inLanguage":"hu","potentialAction":[{"@type":"ReadAction","target":["https:\/\/djmusicgeek.com\/hu\/best-headphones-to-buy-today-en-gb\/"]}]},{"@type":"BreadcrumbList","@id":"https:\/\/djmusicgeek.com\/hu\/best-headphones-to-buy-today-en-gb\/#breadcrumb","itemListElement":[{"@type":"ListItem","position":1,"name":"Kezd\u0151lap","item":"https:\/\/djmusicgeek.com\/"},{"@type":"ListItem","position":2,"name":"A 10 legjobb vezet\u00e9k n\u00e9lk\u00fcli fejhallgat\u00f3"}]},{"@type":"WebSite","@id":"https:\/\/djmusicgeek.com\/#website","url":"https:\/\/djmusicgeek.com\/","name":"DJ Music Geek","description":"","potentialAction":[{"@type":"SearchAction","target":{"@type":"EntryPoint","urlTemplate":"https:\/\/djmusicgeek.com\/?s={search_term_string}"},"query-input":{"@type":"PropertyValueSpecification","valueRequired":true,"valueName":"search_term_string"}}],"inLanguage":"hu"}]}},"_links":{"self":[{"href":"https:\/\/djmusicgeek.com\/hu\/wp-json\/wp\/v2\/pages\/17394","targetHints":{"allow":["GET"]}}],"collection":[{"href":"https:\/\/djmusicgeek.com\/hu\/wp-json\/wp\/v2\/pages"}],"about":[{"href":"https:\/\/djmusicgeek.com\/hu\/wp-json\/wp\/v2\/types\/page"}],"author":[{"embeddable":true,"href":"https:\/\/djmusicgeek.com\/hu\/wp-json\/wp\/v2\/users\/2"}],"replies":[{"embeddable":true,"href":"https:\/\/djmusicgeek.com\/hu\/wp-json\/wp\/v2\/comments?post=17394"}],"version-history":[{"count":1,"href":"https:\/\/djmusicgeek.com\/hu\/wp-json\/wp\/v2\/pages\/17394\/revisions"}],"predecessor-version":[{"id":17623,"href":"https:\/\/djmusicgeek.com\/hu\/wp-json\/wp\/v2\/pages\/17394\/revisions\/17623"}],"wp:attachment":[{"href":"https:\/\/djmusicgeek.com\/hu\/wp-json\/wp\/v2\/media?parent=17394"}],"curies":[{"name":"wp","href":"https:\/\/api.w.org\/{rel}","templated":true}]}}