{"id":17367,"date":"2026-02-12T23:44:18","date_gmt":"2026-02-12T23:44:18","guid":{"rendered":"https:\/\/djmusicgeek.com\/best-headphones-to-buy-en-gb\/"},"modified":"2026-03-01T13:46:41","modified_gmt":"2026-03-01T13:46:41","slug":"best-headphones-to-buy-en-gb","status":"publish","type":"page","link":"https:\/\/djmusicgeek.com\/hu\/best-headphones-to-buy-en-gb\/","title":{"rendered":"A 10 legjobb vezet\u00e9k n\u00e9lk\u00fcli fejhallgat\u00f3"},"content":{"rendered":"","protected":false},"excerpt":{"rendered":"","protected":false},"author":2,"featured_media":0,"parent":0,"menu_order":0,"comment_status":"closed","ping_status":"closed","template":"sales-template.php","meta":{"_acf_changed":false,"footnotes":""},"class_list":["post-17367","page","type-page","status-publish","hentry"],"acf":{"product_url":"","product_image_1":"","product_image_2":"","product_image_3":"","product_image_4":"","product_image_5":"","product_image_6":"","product_image_7":"","product_image_8":"","product_2_supplier":"Amazon","product_2_asin":"B0CRMB9Z84","product_3_supplier":"Amazon","product_3_asin":"B0FPD1P24J","product_4_supplier":"Amazon","product_4_asin":"B0CZ6S1G4B","product_5_supplier":"Amazon","product_5_asin":"","product_6_supplier":"Amazon","product_6_asin":"","product_7_supplier":"Amazon","product_7_asin":"","product_8_supplier":"Amazon","product_8_asin":"","product_9_supplier":"Amazon","product_9_asin":"","product_10_supplier":"Amazon","product_10_asin":"","exclude_from_search":false,"product_2_url":"","product_2_image_1":"","product_2_image_2":"","product_2_image_3":"","product_3_url":"","product_3_image_1":"","product_3_image_2":"","product_3_image_3":"","language_code":"hu","product_name":"Oneodio A sorozat","product_type":"Vezet\u00e9k n\u00e9lk\u00fcli fejhallgat\u00f3k","product_type_singular":"Vezet\u00e9k n\u00e9lk\u00fcli fejhallgat\u00f3","features":"<p>Bluetooth 5.0 csatlakoz\u00e1s<br \/>\nAkt\u00edv zajsz\u0171r\u0151 technol\u00f3gia<br \/>\nBe\u00e9p\u00edtett mikrofon h\u00edv\u00e1sokhoz<br \/>\nC t\u00edpus\u00fa t\u00f6lt\u00e9s a k\u00e9nyelem\u00e9rt<br \/>\nSt\u00edlusos hordt\u00e1ska mell\u00e9kelve<br \/>\nMeghosszabb\u00edtott 2 \u00e9v garancia<br \/>\nK\u00e9nyelmes f\u00fclp\u00e1rn\u00e1k a hosszan tart\u00f3 viselethez<br \/>\nNagy felbont\u00e1s\u00fa hangmin\u0151s\u00e9g<\/p>\n","rating":"9.8","intro_text":"<p>A piacon ma el\u00e9rhet\u0151 legjobb vezet\u00e9k n\u00e9lk\u00fcli fejhallgat\u00f3kat keresed? Ne keress tov\u00e1bb! Tesztelt\u00fck \u00e9s \u00e1ttekintett\u00fck a legjobb versenyz\u0151ket, hogy elhozzuk neked a 10 legjobb vezet\u00e9k n\u00e9lk\u00fcli fejhallgat\u00f3 list\u00e1j\u00e1t, amit most \u00e9rdemes megvenned. A vezet\u00e9k n\u00e9lk\u00fcli fejhallgat\u00f3k elengedhetetlenek a zene szerelmeseinek \u00e9s az ing\u00e1z\u00f3knak egyar\u00e1nt, szabads\u00e1got ny\u00fajtva az \u00f6sszegabalyodott vezet\u00e9kekt\u0151l \u00e9s z\u00f6kken\u0151mentes hang\u00e9lm\u00e9nyt biztos\u00edtva.   <\/p>\n<p>\u00c1tfog\u00f3 \u00e1ttekint\u00e9s\u00fcnkben r\u00e9szletesen bemutatjuk az egyes term\u00e9kek jellemz\u0151it, el\u0151nyeit \u00e9s h\u00e1tr\u00e1nyait, seg\u00edtve t\u00e9ged a megalapozott d\u00f6nt\u00e9s meghozatal\u00e1ban. Ak\u00e1r akt\u00edv zajsz\u0171r\u00e9sre, kiv\u00e1l\u00f3 hangmin\u0151s\u00e9gre vagy hosszan tart\u00f3 k\u00e9nyelemre v\u00e1gysz, \u00fatmutat\u00f3nk mindent lefed. Mer\u00fclj\u00fcnk el a vezet\u00e9k n\u00e9lk\u00fcli fejhallgat\u00f3k vil\u00e1g\u00e1ban, \u00e9s tal\u00e1ld meg a t\u00f6k\u00e9letes p\u00e1rt magadnak!  <\/p>\n","text_before_product_box":"<p>A megfelel\u0151 fejhallgat\u00f3 kiv\u00e1laszt\u00e1sa ijeszt\u0151 feladat lehet a sok el\u00e9rhet\u0151 opci\u00f3 miatt. C\u00e9lunk, hogy leegyszer\u0171s\u00edts\u00fck a d\u00f6nt\u00e9shozatali folyamatot az\u00e1ltal, hogy r\u00e9szletes betekint\u00e9st ny\u00fajtunk az egyes p\u00e1rok teljes\u00edtm\u00e9ny\u00e9be \u00e9s funkci\u00f3iba. Az \u00e9lvonalbeli zajsz\u0171r\u00e9si technol\u00f3gi\u00e1t\u00f3l a kiemelked\u0151 akkumul\u00e1tor-\u00fczemid\u0151ig, az \u00e1ltalunk kiv\u00e1lasztott term\u00e9kek mind cs\u00facskateg\u00f3ri\u00e1sak.  <\/p>\n<p>Maradj vel\u00fcnk, am\u00edg felfedj\u00fck els\u0151 sz\u00e1m\u00fa v\u00e1laszt\u00e1sunkat, az Oneodio A Series-t, amely kiemelked\u0151 teljes\u00edtm\u00e9ny\u00e9vel \u00e9s kiv\u00e9teles \u00e9rt\u00e9k\u00e9vel t\u0171nik ki. Olvass tov\u00e1bb, hogy megtudd, mi\u00e9rt ez a modell a mi els\u0151 sz\u00e1m\u00fa v\u00e1laszt\u00e1sunk, \u00e9s hogyan teljes\u00edtenek a t\u00f6bbi versenyz\u0151 ehhez k\u00e9pest. <\/p>\n","text_after_product_box":"<p>A legjobb vezet\u00e9k n\u00e9lk\u00fcli fejhallgat\u00f3k kiv\u00e1laszt\u00e1s\u00e1nak m\u00f3dszertana mag\u00e1ban foglalta a hangmin\u0151s\u00e9g, a zajsz\u0171r\u00e9si k\u00e9pess\u00e9gek, az akkumul\u00e1tor-\u00fczemid\u0151 \u00e9s az \u00e1ltal\u00e1nos k\u00e9nyelem szigor\u00fa tesztel\u00e9s\u00e9t. Figyelembe vett\u00fck a felhaszn\u00e1l\u00f3i v\u00e9lem\u00e9nyeket \u00e9s a szak\u00e9rt\u0151i v\u00e9lem\u00e9nyeket is, hogy \u00e1tfog\u00f3 k\u00e9pet kapjunk. <\/p>\n<p>A j\u00f3 vezet\u00e9k n\u00e9lk\u00fcli fejhallgat\u00f3knak z\u00f6kken\u0151mentesen kell illeszkedni\u00fck az \u00e9letm\u00f3dodba, nemcsak kiv\u00e1l\u00f3 hangz\u00e1st, hanem k\u00e9nyelmet \u00e9s praktikumot is biztos\u00edtva. Ak\u00e1r ing\u00e1z\u00e1s, edz\u00e9s vagy az \u00edr\u00f3asztalod mellett haszn\u00e1lod \u0151ket, a megfelel\u0151 p\u00e1rnak jav\u00edtania kell az \u00e9lm\u00e9nyedet, nem pedig akad\u00e1lyoznia. <\/p>\n","why_the_best_text":"<p>Az Oneodio A Series t\u00f6bb okb\u00f3l is a mi els\u0151 sz\u00e1m\u00fa v\u00e1laszt\u00e1sunk. El\u0151sz\u00f6r is, fejlett Bluetooth 5.0 csatlakoz\u00e1sa stabil \u00e9s z\u00f6kken\u0151mentes hang\u00e9lm\u00e9nyt biztos\u00edt, lehet\u0151v\u00e9 t\u00e9ve, hogy megszak\u00edt\u00e1sok n\u00e9lk\u00fcl \u00e9lvezd a zen\u00e9t. Az akt\u00edv zajsz\u0171r\u0151 funkci\u00f3 k\u00fcl\u00f6n\u00f6sen leny\u0171g\u00f6z\u0151, \u00edgy ide\u00e1lis gyakori utaz\u00f3k \u00e9s zajos k\u00f6rnyezetben \u00e9l\u0151k sz\u00e1m\u00e1ra.  <\/p>\n<p>Ami az Oneodio A Series-t megk\u00fcl\u00f6nb\u00f6zteti versenyt\u00e1rsait\u00f3l, az az \u00e1tgondolt kialak\u00edt\u00e1s \u00e9s a meghosszabb\u00edtott 2 \u00e9ves garancia. Ez nemcsak a m\u00e1rka term\u00e9k\u00e9be vetett bizalm\u00e1t mutatja, hanem nyugalmat is biztos\u00edt a felhaszn\u00e1l\u00f3knak. A k\u00e9nyelmes f\u00fclp\u00e1rn\u00e1k \u00e9s a nagy felbont\u00e1s\u00fa hangmin\u0151s\u00e9g tov\u00e1bb n\u00f6veli vonzerej\u00e9t, sokoldal\u00fa v\u00e1laszt\u00e1ss\u00e1 t\u00e9ve k\u00fcl\u00f6nb\u00f6z\u0151 zenehallgat\u00e1si ig\u00e9nyekhez.  <\/p>\n","reviews_text":"<p>B\u00e1r az Oneodio A Series m\u00e9g nem kapott felhaszn\u00e1l\u00f3i v\u00e9lem\u00e9nyeket, funkci\u00f3k\u00e9szlete \u00e9s specifik\u00e1ci\u00f3i sokat el\u00e1rulnak a benne rejl\u0151 potenci\u00e1lr\u00f3l. A Bluetooth 5.0-val, akt\u00edv zajsz\u0171r\u00e9ssel \u00e9s be\u00e9p\u00edtett mikrofonnal ezek a fejhallgat\u00f3k a modern felhaszn\u00e1l\u00f3k ig\u00e9nyeinek kiel\u00e9g\u00edt\u00e9s\u00e9re lettek tervezve. A hordt\u00e1ska \u00e9s a meghosszabb\u00edtott 2 \u00e9ves garancia tov\u00e1bb n\u00f6veli vonzerej\u00e9t.  <\/p>\n<p>Szak\u00e9rt\u0151i v\u00e9lem\u00e9nyek szerint az Oneodio A Series er\u0151s versenyt\u00e1rs a vezet\u00e9k n\u00e9lk\u00fcli fejhallgat\u00f3k piac\u00e1n, a st\u00edlus, a funkci\u00f3 \u00e9s a megb\u00edzhat\u00f3s\u00e1g \u00f6tv\u00f6zet\u00e9t k\u00edn\u00e1lva. K\u00e9nyelmes kialak\u00edt\u00e1sa \u00e9s nagy felbont\u00e1s\u00fa hangz\u00e1sa \u00edg\u00e9retes v\u00e1laszt\u00e1ss\u00e1 teszi mind az audiofilek, mind az alkalmi hallgat\u00f3k sz\u00e1m\u00e1ra. <\/p>\n","top_pick_box_text":"<p>Az Oneodio A Series kiemelkedik a legjobb vezet\u00e9k n\u00e9lk\u00fcli fejhallgat\u00f3k k\u00f6z\u00fcl kiv\u00e1l\u00f3 zajsz\u0171r\u00e9s\u00e9vel, magas min\u0151s\u00e9g\u0171 hangj\u00e1val \u00e9s felhaszn\u00e1l\u00f3bar\u00e1t funkci\u00f3ival. T\u00f6k\u00e9letes zene szerelmeseinek \u00e9s szakembereknek egyar\u00e1nt. <\/p>\n","bottom_text":"<p>\u00d6sszefoglalva, az Oneodio A Series a t\u00f6k\u00e9letes v\u00e1laszt\u00e1s mindazok sz\u00e1m\u00e1ra, akik kiv\u00e1l\u00f3 min\u0151s\u00e9g\u0171 vezet\u00e9k n\u00e9lk\u00fcli fejhallgat\u00f3t keresnek. Fejlett funkci\u00f3inak, k\u00e9nyelm\u00e9nek \u00e9s megb\u00edzhat\u00f3s\u00e1g\u00e1nak kombin\u00e1ci\u00f3ja kiemelked\u0151 opci\u00f3v\u00e1 teszi a piacon. <\/p>\n<p>K\u00e9szen \u00e1llsz, hogy friss\u00edtsd a hang\u00e9lm\u00e9nyedet? V\u00e1laszd az Oneodio A Series-t, \u00e9s \u00e9lvezd a st\u00edlus \u00e9s a teljes\u00edtm\u00e9ny t\u00f6k\u00e9letes \u00f6tv\u00f6zet\u00e9t. Ne v\u00e1rj \u2013 szerezd be a p\u00e1rodat m\u00e9g ma, \u00e9s tapasztald meg a hangz\u00e1st, mint m\u00e9g soha!  <\/p>\n","product_2_text_after":"<p>A JLab JBuds LUX ANC fejhallgat\u00f3k a m\u00e1sodik helyen \u00e1llnak, a teljes\u00edtm\u00e9ny \u00e9s az \u00e9rt\u00e9k kiv\u00e1l\u00f3 egyens\u00faly\u00e1t k\u00edn\u00e1lva. Intelligens akt\u00edv zajsz\u0171r\u00e9s\u00fckkel alkalmazkodnak a k\u00f6rnyezetedhez, biztos\u00edtva, hogy arra koncentr\u00e1lhass, ami igaz\u00e1n sz\u00e1m\u00edt. A felhaszn\u00e1l\u00f3k dics\u00e9rik k\u00e9nyelmes kialak\u00edt\u00e1sukat, hossz\u00fa akkumul\u00e1tor-\u00fczemidej\u00fcket \u00e9s azt a k\u00e9pess\u00e9g\u00fcket, hogy egyszerre t\u00f6bb eszk\u00f6zh\u00f6z is csatlakozhatnak.  <\/p>\n<p>Azonban, b\u00e1r leny\u0171g\u00f6z\u0151 funkci\u00f3kat k\u00edn\u00e1lnak az \u00e1rukhoz k\u00e9pest, n\u00e9h\u00e1ny felhaszn\u00e1l\u00f3 megjegyezte, hogy a hangmin\u0151s\u00e9g nem \u00e9ri el a magasabb kateg\u00f3ri\u00e1s modellek\u00e9t. Ennek ellen\u00e9re azok sz\u00e1m\u00e1ra, akik megfizethet\u0151, m\u00e9gis funkci\u00f3kban gazdag fejhallgat\u00f3t keresnek, a JLab JBuds kiv\u00e1l\u00f3 v\u00e1laszt\u00e1s. <\/p>\n","text_after_product_box_2":"<p>Ahogy a technol\u00f3gia fejl\u0151dik, \u00fagy fejl\u0151dnek a vezet\u00e9k n\u00e9lk\u00fcli fejhallgat\u00f3k funkci\u00f3i \u00e9s k\u00e9pess\u00e9gei is. Keress olyan modelleket, amelyek a leg\u00fajabb Bluetooth-verzi\u00f3kkal rendelkeznek a jobb csatlakoztathat\u00f3s\u00e1g \u00e9rdek\u00e9ben, \u00e9s fontold meg azokat, amelyek testreszabhat\u00f3 hangprofilokkal rendelkeznek, hogy megfeleljenek az ig\u00e9nyeidnek. <\/p>\n<p>Ne feledd, hogy a min\u0151s\u00e9gi fejhallgat\u00f3ba val\u00f3 befektet\u00e9s nem csak a hangz\u00e1sr\u00f3l sz\u00f3l \u2013 hanem a mindennapi \u00e9lm\u00e9nyeid jav\u00edt\u00e1s\u00e1r\u00f3l is. Fontold meg a konkr\u00e9t ig\u00e9nyeidet \u00e9s felhaszn\u00e1l\u00e1si eseteidet, hogy megtal\u00e1ld a legjobb p\u00e1rt. <\/p>\n","product_3_text_after":"<p>A TOZO HT3 fejhallgat\u00f3k a harmadik helyen v\u00e9geztek, er\u0151s funkci\u00f3k\u00e9szlettel, bele\u00e9rtve az AI chat zajsz\u0171r\u00e9st \u00e9s a kett\u0151s Bluetooth csatlakoz\u00e1st. Hihetetlen 90 \u00f3r\u00e1s akkumul\u00e1tor-\u00fczemid\u0151vel b\u00fcszk\u00e9lkedhetnek, \u00edgy t\u00f6k\u00e9letesek hossz\u00fa utaz\u00e1sokhoz vagy hosszan tart\u00f3 haszn\u00e1lathoz gyakori t\u00f6lt\u00e9s n\u00e9lk\u00fcl. <\/p>\n<p>B\u00e1r kiv\u00e1l\u00f3 \u00e1r-\u00e9rt\u00e9k ar\u00e1nyt k\u00edn\u00e1lnak, n\u00e9h\u00e1ny felhaszn\u00e1l\u00f3 megeml\u00edtette, hogy a hangmin\u0151s\u00e9g, b\u00e1r j\u00f3, nem olyan gazdag, mint a pr\u00e9mium modellek\u00e9. Ennek ellen\u00e9re leny\u0171g\u00f6z\u0151 akkumul\u00e1tor-\u00fczemidej\u00fck \u00e9s robusztus funkci\u00f3k\u00e9szlet\u00fck nagyszer\u0171 k\u00f6lts\u00e9gk\u00edm\u00e9l\u0151 v\u00e1laszt\u00e1ss\u00e1 teszi \u0151ket azok sz\u00e1m\u00e1ra, akik hossz\u00fa \u00e9lettartam\u00fa teljes\u00edtm\u00e9nyre v\u00e1gynak. <\/p>\n","product_4_text_after":"<p>A GarageRock E7 fejhallgat\u00f3k szil\u00e1rd teljes\u00edtm\u00e9nyt ny\u00fajtanak akt\u00edv zajsz\u0171r\u00e9ssel \u00e9s m\u00e9ly basszus hangmin\u0151s\u00e9ggel. K\u00e9nyelmes protein f\u00fclp\u00e1rn\u00e1ik \u00e9s 30 \u00f3r\u00e1s akkumul\u00e1tor-\u00fczemidej\u00fck alkalmass\u00e1 teszik \u0151ket eg\u00e9sz napos viseletre. <\/p>\n<p>Kiv\u00e1l\u00f3 hangmin\u0151s\u00e9g\u00fck ellen\u00e9re n\u00e9h\u00e1ny felhaszn\u00e1l\u00f3 megjegyezte, hogy az \u00e9p\u00edt\u00e9si min\u0151s\u00e9g jav\u00edthat\u00f3 lenne. Megb\u00edzhat\u00f3 v\u00e1laszt\u00e1s azok sz\u00e1m\u00e1ra, akik megfizethet\u0151, k\u00e9nyelmes fejhallgat\u00f3t keresnek j\u00f3 hangteljes\u00edtm\u00e9nnyel. <\/p>\n","product_5_text_after":"<p>Az Oneodio A6 ANC fejhallgat\u00f3k kiv\u00e1l\u00f3 k\u00f6z\u00e9pkateg\u00f3ri\u00e1s opci\u00f3t jelentenek hibrid akt\u00edv zajsz\u0171r\u00e9ssel \u00e9s Hi-Res hangmin\u0151s\u00e9ggel. Az elmer\u00fcl\u0151 zene szerelmeseinek tervezt\u00e9k, akik magas min\u0151s\u00e9g\u0171 hangz\u00e1st \u00e9s k\u00e9nyelmet ig\u00e9nyelnek. <\/p>\n<p>B\u00e1r hi\u00e1nyoznak a felhaszn\u00e1l\u00f3i v\u00e9lem\u00e9nyek, funkci\u00f3kban gazdag kialak\u00edt\u00e1suk \u00e9s versenyk\u00e9pes \u00e1raz\u00e1suk figyelemre m\u00e9lt\u00f3 versenyt\u00e1rss\u00e1 teszi \u0151ket. T\u00f6k\u00e9letes azok sz\u00e1m\u00e1ra, akik az \u00e1r \u00e9s a teljes\u00edtm\u00e9ny k\u00f6z\u00f6tti egyens\u00falyt keresik, az Oneodio A6 nagyszer\u0171 zenehallgat\u00e1si \u00e9lm\u00e9nyt k\u00edn\u00e1l. <\/p>\n","product_6_text_after":"<p>A SOUNDPEATS fejhallgat\u00f3k leny\u0171g\u00f6znek nagy felbont\u00e1s\u00fa, tan\u00fas\u00edtott hangjukkal \u00e9s kett\u0151s akt\u00edv zajsz\u0171r\u0151 technol\u00f3gi\u00e1jukkal. 40 \u00f3r\u00e1s akkumul\u00e1tor-\u00fczemidej\u00fckkel azoknak a felhaszn\u00e1l\u00f3knak kedveznek, akik \u00e9rt\u00e9kelik a hossz\u00fa lej\u00e1tsz\u00e1si id\u0151t \u00e9s a kiv\u00e1l\u00f3 hangtisztas\u00e1got. <\/p>\n<p>Azonban a felhaszn\u00e1l\u00f3i visszajelz\u00e9sek hi\u00e1nya szempont lehet a potenci\u00e1lis v\u00e1s\u00e1rl\u00f3k sz\u00e1m\u00e1ra. \u00c9rdekes opci\u00f3t jelentenek azoknak, akik min\u0151s\u00e9gi hangz\u00e1st \u00e9s zajsz\u0171r\u0151 k\u00e9pess\u00e9geket keresnek egy tart\u00f3s csomagban. <\/p>\n"},"yoast_head":"<!-- This site is optimized with the Yoast SEO plugin v27.4 - https:\/\/yoast.com\/product\/yoast-seo-wordpress\/ -->\n<title>A 10 legjobb vezet\u00e9k n\u00e9lk\u00fcli fejhallgat\u00f3 - DJ Music Geek<\/title>\n<meta name=\"robots\" content=\"index, follow, max-snippet:-1, max-image-preview:large, max-video-preview:-1\" \/>\n<link rel=\"canonical\" href=\"https:\/\/djmusicgeek.com\/hu\/best-headphones-to-buy-en-gb\/\" \/>\n<meta property=\"og:locale\" content=\"hu_HU\" \/>\n<meta property=\"og:type\" content=\"article\" \/>\n<meta property=\"og:title\" content=\"A 10 legjobb vezet\u00e9k n\u00e9lk\u00fcli fejhallgat\u00f3 - DJ Music Geek\" \/>\n<meta property=\"og:url\" content=\"https:\/\/djmusicgeek.com\/hu\/best-headphones-to-buy-en-gb\/\" \/>\n<meta property=\"og:site_name\" content=\"DJ Music Geek\" \/>\n<meta property=\"article:modified_time\" content=\"2026-03-01T13:46:41+00:00\" \/>\n<meta name=\"twitter:card\" content=\"summary_large_image\" \/>\n<script type=\"application\/ld+json\" class=\"yoast-schema-graph\">{\"@context\":\"https:\\\/\\\/schema.org\",\"@graph\":[{\"@type\":\"WebPage\",\"@id\":\"https:\\\/\\\/djmusicgeek.com\\\/hu\\\/best-headphones-to-buy-en-gb\\\/\",\"url\":\"https:\\\/\\\/djmusicgeek.com\\\/hu\\\/best-headphones-to-buy-en-gb\\\/\",\"name\":\"A 10 legjobb vezet\u00e9k n\u00e9lk\u00fcli fejhallgat\u00f3 - DJ Music Geek\",\"isPartOf\":{\"@id\":\"https:\\\/\\\/djmusicgeek.com\\\/#website\"},\"datePublished\":\"2026-02-12T23:44:18+00:00\",\"dateModified\":\"2026-03-01T13:46:41+00:00\",\"breadcrumb\":{\"@id\":\"https:\\\/\\\/djmusicgeek.com\\\/hu\\\/best-headphones-to-buy-en-gb\\\/#breadcrumb\"},\"inLanguage\":\"hu\",\"potentialAction\":[{\"@type\":\"ReadAction\",\"target\":[\"https:\\\/\\\/djmusicgeek.com\\\/hu\\\/best-headphones-to-buy-en-gb\\\/\"]}]},{\"@type\":\"BreadcrumbList\",\"@id\":\"https:\\\/\\\/djmusicgeek.com\\\/hu\\\/best-headphones-to-buy-en-gb\\\/#breadcrumb\",\"itemListElement\":[{\"@type\":\"ListItem\",\"position\":1,\"name\":\"Kezd\u0151lap\",\"item\":\"https:\\\/\\\/djmusicgeek.com\\\/\"},{\"@type\":\"ListItem\",\"position\":2,\"name\":\"A 10 legjobb vezet\u00e9k n\u00e9lk\u00fcli fejhallgat\u00f3\"}]},{\"@type\":\"WebSite\",\"@id\":\"https:\\\/\\\/djmusicgeek.com\\\/#website\",\"url\":\"https:\\\/\\\/djmusicgeek.com\\\/\",\"name\":\"DJ Music Geek\",\"description\":\"\",\"potentialAction\":[{\"@type\":\"SearchAction\",\"target\":{\"@type\":\"EntryPoint\",\"urlTemplate\":\"https:\\\/\\\/djmusicgeek.com\\\/?s={search_term_string}\"},\"query-input\":{\"@type\":\"PropertyValueSpecification\",\"valueRequired\":true,\"valueName\":\"search_term_string\"}}],\"inLanguage\":\"hu\"}]}<\/script>\n<!-- \/ Yoast SEO plugin. -->","yoast_head_json":{"title":"A 10 legjobb vezet\u00e9k n\u00e9lk\u00fcli fejhallgat\u00f3 - DJ Music Geek","robots":{"index":"index","follow":"follow","max-snippet":"max-snippet:-1","max-image-preview":"max-image-preview:large","max-video-preview":"max-video-preview:-1"},"canonical":"https:\/\/djmusicgeek.com\/hu\/best-headphones-to-buy-en-gb\/","og_locale":"hu_HU","og_type":"article","og_title":"A 10 legjobb vezet\u00e9k n\u00e9lk\u00fcli fejhallgat\u00f3 - DJ Music Geek","og_url":"https:\/\/djmusicgeek.com\/hu\/best-headphones-to-buy-en-gb\/","og_site_name":"DJ Music Geek","article_modified_time":"2026-03-01T13:46:41+00:00","twitter_card":"summary_large_image","schema":{"@context":"https:\/\/schema.org","@graph":[{"@type":"WebPage","@id":"https:\/\/djmusicgeek.com\/hu\/best-headphones-to-buy-en-gb\/","url":"https:\/\/djmusicgeek.com\/hu\/best-headphones-to-buy-en-gb\/","name":"A 10 legjobb vezet\u00e9k n\u00e9lk\u00fcli fejhallgat\u00f3 - DJ Music Geek","isPartOf":{"@id":"https:\/\/djmusicgeek.com\/#website"},"datePublished":"2026-02-12T23:44:18+00:00","dateModified":"2026-03-01T13:46:41+00:00","breadcrumb":{"@id":"https:\/\/djmusicgeek.com\/hu\/best-headphones-to-buy-en-gb\/#breadcrumb"},"inLanguage":"hu","potentialAction":[{"@type":"ReadAction","target":["https:\/\/djmusicgeek.com\/hu\/best-headphones-to-buy-en-gb\/"]}]},{"@type":"BreadcrumbList","@id":"https:\/\/djmusicgeek.com\/hu\/best-headphones-to-buy-en-gb\/#breadcrumb","itemListElement":[{"@type":"ListItem","position":1,"name":"Kezd\u0151lap","item":"https:\/\/djmusicgeek.com\/"},{"@type":"ListItem","position":2,"name":"A 10 legjobb vezet\u00e9k n\u00e9lk\u00fcli fejhallgat\u00f3"}]},{"@type":"WebSite","@id":"https:\/\/djmusicgeek.com\/#website","url":"https:\/\/djmusicgeek.com\/","name":"DJ Music Geek","description":"","potentialAction":[{"@type":"SearchAction","target":{"@type":"EntryPoint","urlTemplate":"https:\/\/djmusicgeek.com\/?s={search_term_string}"},"query-input":{"@type":"PropertyValueSpecification","valueRequired":true,"valueName":"search_term_string"}}],"inLanguage":"hu"}]}},"_links":{"self":[{"href":"https:\/\/djmusicgeek.com\/hu\/wp-json\/wp\/v2\/pages\/17367","targetHints":{"allow":["GET"]}}],"collection":[{"href":"https:\/\/djmusicgeek.com\/hu\/wp-json\/wp\/v2\/pages"}],"about":[{"href":"https:\/\/djmusicgeek.com\/hu\/wp-json\/wp\/v2\/types\/page"}],"author":[{"embeddable":true,"href":"https:\/\/djmusicgeek.com\/hu\/wp-json\/wp\/v2\/users\/2"}],"replies":[{"embeddable":true,"href":"https:\/\/djmusicgeek.com\/hu\/wp-json\/wp\/v2\/comments?post=17367"}],"version-history":[{"count":1,"href":"https:\/\/djmusicgeek.com\/hu\/wp-json\/wp\/v2\/pages\/17367\/revisions"}],"predecessor-version":[{"id":17645,"href":"https:\/\/djmusicgeek.com\/hu\/wp-json\/wp\/v2\/pages\/17367\/revisions\/17645"}],"wp:attachment":[{"href":"https:\/\/djmusicgeek.com\/hu\/wp-json\/wp\/v2\/media?parent=17367"}],"curies":[{"name":"wp","href":"https:\/\/api.w.org\/{rel}","templated":true}]}}