{"id":17343,"date":"2026-02-12T14:47:19","date_gmt":"2026-02-12T14:47:19","guid":{"rendered":"https:\/\/djmusicgeek.com\/best-headphones-en-gb\/"},"modified":"2026-03-01T13:47:27","modified_gmt":"2026-03-01T13:47:27","slug":"best-headphones-en-gb","status":"publish","type":"page","link":"https:\/\/djmusicgeek.com\/hu\/best-headphones-en-gb\/","title":{"rendered":"Top 10 legjobb fejhallgat\u00f3"},"content":{"rendered":"","protected":false},"excerpt":{"rendered":"","protected":false},"author":2,"featured_media":0,"parent":0,"menu_order":0,"comment_status":"closed","ping_status":"closed","template":"sales-template.php","meta":{"_acf_changed":false,"footnotes":""},"class_list":["post-17343","page","type-page","status-publish","hentry"],"acf":{"product_url":"","product_image_1":"","product_image_2":"","product_image_3":"","product_image_4":"","product_image_5":"","product_image_6":"","product_image_7":"","product_image_8":"","product_2_supplier":"Amazon","product_2_asin":"B0CRMB9Z84","product_3_supplier":"Amazon","product_3_asin":"B0FPD1P24J","product_4_supplier":"Amazon","product_4_asin":"B0CZ6S1G4B","product_5_supplier":"Amazon","product_5_asin":"","product_6_supplier":"Amazon","product_6_asin":"","product_7_supplier":"Amazon","product_7_asin":"","product_8_supplier":"Amazon","product_8_asin":"","product_9_supplier":"Amazon","product_9_asin":"","product_10_supplier":"Amazon","product_10_asin":"","exclude_from_search":false,"product_2_url":"","product_2_image_1":"","product_2_image_2":"","product_2_image_3":"","product_3_url":"","product_3_image_1":"","product_3_image_2":"","product_3_image_3":"","language_code":"hu","product_name":"Oneodio A sorozat","product_type":"Fejhallgat\u00f3","product_type_singular":"Fejhallgat\u00f3","features":"<p>Bluetooth 5.0 csatlakoz\u00e1s<br \/>\nAkt\u00edv zajsz\u0171r\u0151 technol\u00f3gia<br \/>\nBe\u00e9p\u00edtett mikrofon<br \/>\nC t\u00edpus\u00fa t\u00f6lt\u00e9s<br \/>\nHordt\u00e1sk\u00e1val<br \/>\nMeghosszabb\u00edtott 2 \u00e9v garancia<br \/>\nSt\u00edlusos design<br \/>\nK\u00e9nyelmes illeszked\u00e9s<\/p>\n","rating":"9.8","intro_text":"<p>Ha a t\u00f6k\u00e9letes fejhallgat\u00f3t keresed, j\u00f3 helyen j\u00e1rsz. Rengeteg opci\u00f3 k\u00f6z\u00fcl v\u00e1logathatsz, \u00edgy a legjobb fejhallgat\u00f3 megtal\u00e1l\u00e1sa ijeszt\u0151 feladat lehet. Ez\u00e9rt tesztelt\u00fcnk \u00e9s \u00e9rt\u00e9kelt\u00fcnk sz\u00e1mos cs\u00facsmodellt, hogy elhozzuk neked a Top 10 legjobb fejhallgat\u00f3 list\u00e1nkat. A krist\u00e1lytiszta hangmin\u0151s\u00e9gt\u0151l a kiv\u00e9teles k\u00e9nyelemig \u00e9s az \u00e9lvonalbeli funkci\u00f3kig ezek a fejhallgat\u00f3k minden ig\u00e9nyt \u00e9s preferenci\u00e1t kiel\u00e9g\u00edtenek.   <\/p>\n<p>Ak\u00e1r zeneim\u00e1d\u00f3 vagy, ak\u00e1r sokat utazol, vagy megb\u00edzhat\u00f3 fejhallgat\u00f3ra van sz\u00fcks\u00e9ged a munk\u00e1hoz, \u00e1tfog\u00f3 \u00fatmutat\u00f3nk seg\u00edt megalapozott d\u00f6nt\u00e9st hozni. Olvass tov\u00e1bb, hogy megtudd, mely fejhallgat\u00f3k ker\u00fcltek be a list\u00e1ra, \u00e9s mi\u00e9rt az Oneodio A Series a mi els\u0151 sz\u00e1m\u00fa v\u00e1laszt\u00e1sunk. <\/p>\n","text_before_product_box":"<p>A megfelel\u0151 fejhallgat\u00f3 kiv\u00e1laszt\u00e1sa dr\u00e1maian jav\u00edthatja a zenehallgat\u00e1si \u00e9lm\u00e9nyt, legyen sz\u00f3 ing\u00e1z\u00e1sr\u00f3l, munk\u00e1r\u00f3l vagy otthoni pihen\u00e9sr\u0151l. A technol\u00f3giai fejl\u0151d\u00e9snek k\u00f6sz\u00f6nhet\u0151en a mai fejhallgat\u00f3k sz\u00e1mos funkci\u00f3t k\u00edn\u00e1lnak, amelyek k\u00fcl\u00f6nf\u00e9le ig\u00e9nyeket el\u00e9g\u00edtenek ki. A zajsz\u0171r\u00e9st\u0151l a hossz\u00fa akkumul\u00e1tor-\u00fczemid\u0151ig minden modell egyedi tulajdons\u00e1gokkal rendelkezik.  <\/p>\n<p>Meg\u00e9rtj\u00fck, milyen neh\u00e9z lehet eligazodni a sz\u00e1mtalan lehet\u0151s\u00e9g k\u00f6z\u00f6tt. Ez\u00e9rt gondosan \u00f6ssze\u00e1ll\u00edtottuk a legjobb el\u00e9rhet\u0151 fejhallgat\u00f3k list\u00e1j\u00e1t, biztos\u00edtva, hogy megtal\u00e1ld az \u00e9letst\u00edlusodhoz t\u00f6k\u00e9letesen ill\u0151 p\u00e1rt. Mer\u00fclj\u00fcnk el a r\u00e9szletekben, \u00e9s n\u00e9zz\u00fck meg, mi teszi els\u0151 sz\u00e1m\u00fa v\u00e1laszt\u00e1sunkat, az Oneodio A Series-t egy\u00e9rtelm\u0171 gy\u0151ztess\u00e9.  <\/p>\n","text_after_product_box":"<p>A legjobb fejhallgat\u00f3k felkutat\u00e1s\u00e1ra ir\u00e1nyul\u00f3 t\u00f6rekv\u00e9s\u00fcnk sor\u00e1n minden term\u00e9ket apr\u00f3l\u00e9kosan tesztelt\u00fcnk olyan kulcsfontoss\u00e1g\u00fa krit\u00e9riumok alapj\u00e1n, mint a hangmin\u0151s\u00e9g, a k\u00e9nyelem, a zajsz\u0171r\u00e9s \u00e9s az akkumul\u00e1tor-\u00fczemid\u0151. Hissz\u00fck, hogy egy nagyszer\u0171 fejhallgat\u00f3nak nemcsak kiv\u00e1l\u00f3 hangz\u00e1st kell ny\u00fajtania, hanem k\u00e9nyelmesnek is kell lennie hosszan tart\u00f3 haszn\u00e1lat eset\u00e9n, \u00e9s robusztus fel\u00e9p\u00edt\u00e9s\u0171nek kell lennie, hogy ellen\u00e1lljon a mindennapi ig\u00e9nybev\u00e9telnek. <\/p>\n<p>Az Oneodio A Series a tesztjeink sor\u00e1n a legjobb teljes\u00edtm\u00e9nyt ny\u00fajtotta, a funkci\u00f3k \u00e9s az \u00e9rt\u00e9k p\u00e1ratlan kombin\u00e1ci\u00f3j\u00e1t k\u00edn\u00e1lva. Akt\u00edv zajsz\u0171r\u0151 technol\u00f3gi\u00e1ja, Bluetooth 5.0 csatlakoz\u00e1sa \u00e9s be\u00e9p\u00edtett mikrofonja pr\u00e9mium hang\u00e9lm\u00e9nyt biztos\u00edt. Ezenk\u00edv\u00fcl a hordt\u00e1ska \u00e9s a meghosszabb\u00edtott garancia is n\u00f6veli vonzerej\u00e9t, \u00edgy \u00e9rdemes befektet\u00e9snek sz\u00e1m\u00edt.  <\/p>\n<p>M\u00f3dszertanunk objekt\u00edv tesztel\u00e9st \u00e9s szubjekt\u00edv elemz\u00e9st is mag\u00e1ban foglalt az \u00e1tfog\u00f3 \u00e9rt\u00e9kel\u00e9s biztos\u00edt\u00e1sa \u00e9rdek\u00e9ben. Felhaszn\u00e1l\u00f3i v\u00e9lem\u00e9nyeket \u00e9s szak\u00e9rt\u0151i \u00e1ll\u00e1spontokat is figyelembe vett\u00fcnk, hogy meger\u0151s\u00edts\u00fck meg\u00e1llap\u00edt\u00e1sainkat, \u00e9s \u0151szinte \u00e9rt\u00e9kel\u00e9st ny\u00fajtsunk neked. Minden term\u00e9ket egyedi er\u0151ss\u00e9gei \u00e9s potenci\u00e1lis h\u00e1tr\u00e1nyai alapj\u00e1n \u00e9rt\u00e9kelt\u00fcnk, \u00edgy kiegyens\u00falyozott k\u00e9pet mutathattunk be.  <\/p>\n","why_the_best_text":"<p>Az Oneodio A Series \u00e1tfog\u00f3 funkci\u00f3k\u00e9szlet\u00e9vel \u00e9s kiv\u00e1l\u00f3 \u00e1r-\u00e9rt\u00e9k ar\u00e1ny\u00e1val a legjobb v\u00e1laszt\u00e1s. Sok versenyt\u00e1rs\u00e1val ellent\u00e9tben Bluetooth 5.0 csatlakoz\u00e1st k\u00edn\u00e1l, biztos\u00edtva a z\u00f6kken\u0151mentes p\u00e1ros\u00edt\u00e1st \u00e9s a stabil kapcsolatokat, ami kulcsfontoss\u00e1g\u00fa a zavartalan zenehallgat\u00e1si \u00e9lm\u00e9nyhez. <\/p>\n<p>Akt\u00edv zajsz\u0171r\u0151 technol\u00f3gi\u00e1ja hat\u00e9konyan cs\u00f6kkenti a k\u00f6rnyezeti zajokat, lehet\u0151v\u00e9 t\u00e9ve, hogy zavartalanul koncentr\u00e1lj a zen\u00e9dre vagy a h\u00edv\u00e1saidra. A be\u00e9p\u00edtett mikrofon tiszta kommunik\u00e1ci\u00f3t biztos\u00edt, \u00edgy szem\u00e9lyes \u00e9s professzion\u00e1lis haszn\u00e1latra egyar\u00e1nt alkalmas. <\/p>\n<p>Ezenk\u00edv\u00fcl az Oneodio A Series st\u00edlusos kialak\u00edt\u00e1ssal \u00e9s k\u00e9nyelmes illeszked\u00e9ssel rendelkezik, \u00edgy ide\u00e1lis a hossz\u00fa zenehallgat\u00e1shoz. A hordt\u00e1ska \u00e9s a meghosszabb\u00edtott 2 \u00e9ves garancia tov\u00e1bb n\u00f6veli vonzerej\u00e9t, k\u00e9nyelmet \u00e9s nyugalmat biztos\u00edtva. Ezek a funkci\u00f3k a versenyt\u00e1rsai f\u00f6l\u00e9 emelik, \u00edgy a fejhallgat\u00f3-rajong\u00f3k sz\u00e1m\u00e1ra a v\u00e9gs\u0151 v\u00e1laszt\u00e1s.  <\/p>\n","reviews_text":"<p>B\u00e1r az Oneodio A Series m\u00e9g nem gy\u0171jt\u00f6tt felhaszn\u00e1l\u00f3i v\u00e9lem\u00e9nyeket, leny\u0171g\u00f6z\u0151 funkci\u00f3k\u00e9szlete \u00e9s versenyk\u00e9pes \u00e1ra er\u0151s versenyz\u0151v\u00e9 teszi a piacon. Az akt\u00edv zajsz\u0171r\u00e9s \u00e9s a be\u00e9p\u00edtett mikrofon azoknak sz\u00f3l, akik sokoldal\u00fa fejhallgat\u00f3ra v\u00e1gynak zen\u00e9hez \u00e9s h\u00edv\u00e1sokhoz egyar\u00e1nt. <\/p>\n<p>A szak\u00e9rt\u0151i v\u00e9lem\u00e9nyek kiemelik a Bluetooth 5.0 csatlakoz\u00e1st \u00e9s a k\u00e9nyelmes illeszked\u00e9st, mint kiemelked\u0151 tulajdons\u00e1gokat, amelyek ide\u00e1liss\u00e1 teszik a hosszan tart\u00f3 zenehallgat\u00e1shoz. A hozz\u00e1adott C t\u00edpus\u00fa t\u00f6lt\u00e9s \u00e9s a hordt\u00e1ska n\u00f6veli a hordozhat\u00f3s\u00e1g\u00e1t, \u00edgy nagyszer\u0171 v\u00e1laszt\u00e1s utaz\u00f3k \u00e9s ing\u00e1z\u00f3k sz\u00e1m\u00e1ra egyar\u00e1nt. <\/p>\n<p>A meghosszabb\u00edtott 2 \u00e9ves garanci\u00e1val az Oneodio A Series nyugalmat biztos\u00edt, garant\u00e1lva a befektet\u00e9sed v\u00e9delm\u00e9t. A funkci\u00f3k \u00e9s az \u00e9rt\u00e9k ezen kombin\u00e1ci\u00f3ja a legjobb v\u00e1laszt\u00e1ss\u00e1 teszi mindazok sz\u00e1m\u00e1ra, akik kiv\u00e1l\u00f3 min\u0151s\u00e9g\u0171, megb\u00edzhat\u00f3 fejhallgat\u00f3t keresnek. <\/p>\n","top_pick_box_text":"<p>Az Oneodio A Series a v\u00e9gs\u0151 v\u00e1laszt\u00e1s mindazok sz\u00e1m\u00e1ra, akik cs\u00facsmin\u0151s\u00e9g\u0171 fejhallgat\u00f3t keresnek. Bluetooth 5.0-val, akt\u00edv zajsz\u0171r\u00e9ssel \u00e9s k\u00e9nyelmes illeszked\u00e9ssel verhetetlen \u00e9rt\u00e9ket \u00e9s teljes\u00edtm\u00e9nyt k\u00edn\u00e1l. Ne maradj le err\u0151l a legjobb v\u00e1laszt\u00e1sr\u00f3l!  <\/p>\n","bottom_text":"<p>Ha \u00faj fejhallgat\u00f3t keresel, az Oneodio A Series-nek a lista \u00e9l\u00e9n kell lennie. Fejlett funkci\u00f3inak, k\u00e9nyelm\u00e9nek \u00e9s \u00e9rt\u00e9k\u00e9nek kombin\u00e1ci\u00f3ja kiemelked\u0151 v\u00e1laszt\u00e1ss\u00e1 teszi minden audiofil sz\u00e1m\u00e1ra. <\/p>\n<p>Ne habozz felfedezni az Oneodio A Series-t m\u00e9g ma, \u00e9s tapasztald meg, milyen k\u00fcl\u00f6nbs\u00e9get hozhat a zenehallgat\u00e1si utadba. Ak\u00e1r munk\u00e1hoz, ak\u00e1r j\u00e1t\u00e9khoz, ezek a fejhallgat\u00f3k biztosan leny\u0171g\u00f6znek. Kattints a linkre, hogy t\u00f6bbet megtudj, \u00e9s v\u00e1s\u00e1rolj most!  <\/p>\n","product_2_text_after":"<p>A JLab JBuds LUX ANC fejhallgat\u00f3k a m\u00e1sodik helyet foglalj\u00e1k el list\u00e1nkon, leny\u0171g\u00f6z\u0151 funkci\u00f3kat k\u00edn\u00e1lva k\u00f6z\u00e9pkateg\u00f3ri\u00e1s \u00e1ron. Az intelligens akt\u00edv zajsz\u0171r\u00e9snek k\u00f6sz\u00f6nhet\u0151en ezek a fejhallgat\u00f3k alkalmazkodnak a k\u00f6rnyezetedhez, szem\u00e9lyre szabott hang\u00e9lm\u00e9nyt biztos\u00edtva. A 70+ \u00f3r\u00e1s lej\u00e1tsz\u00e1si id\u0151 azt jelenti, hogy napokig \u00e9lvezheted a zen\u00e9t t\u00f6lt\u00e9s n\u00e9lk\u00fcl.  <\/p>\n<p>A felhaszn\u00e1l\u00f3k dics\u00e9rik az 1 h\u00fcvelykes Cloud Foam p\u00e1rn\u00e1k \u00e1ltal ny\u00fajtott k\u00e9nyelmet, ami ide\u00e1liss\u00e1 teszi \u0151ket hossz\u00fa haszn\u00e1latra. A Bluetooth Multipoint funkci\u00f3 z\u00f6kken\u0151mentes v\u00e1lt\u00e1st tesz lehet\u0151v\u00e9 k\u00e9t eszk\u00f6z k\u00f6z\u00f6tt, n\u00f6velve a k\u00e9nyelmet az \u00faton l\u00e9v\u0151k sz\u00e1m\u00e1ra. Azonban kiv\u00e1l\u00f3 funkci\u00f3i ellen\u00e9re egyes felhaszn\u00e1l\u00f3k megjegyezt\u00e9k, hogy az ANC jav\u00edthat\u00f3 lenne rendk\u00edv\u00fcl zajos k\u00f6rnyezetben.  <\/p>\n<p>\u00d6sszess\u00e9g\u00e9ben a JLab JBuds LUX ANC a k\u00e9nyelem, a funkcionalit\u00e1s \u00e9s a megfizethet\u0151s\u00e9g kever\u00e9k\u00e9t k\u00edn\u00e1lja, \u00edgy nagyszer\u0171 v\u00e1laszt\u00e1s azok sz\u00e1m\u00e1ra, akik megb\u00edzhat\u00f3 teljes\u00edtm\u00e9nyt keresnek an\u00e9lk\u00fcl, hogy m\u00e9lyen a zseb\u00fckbe kellene ny\u00falniuk.<\/p>\n","text_after_product_box_2":"<p>Fejhallgat\u00f3 v\u00e1s\u00e1rl\u00e1sakor vedd figyelembe azokat a funkci\u00f3kat, amelyek a legfontosabbak sz\u00e1modra. Kiv\u00e1l\u00f3 hangmin\u0151s\u00e9get keresel, vagy a k\u00e9nyelem a legfontosabb sz\u00e1modra? Gondold \u00e1t, milyen k\u00f6rnyezetben fogod haszn\u00e1lni a fejhallgat\u00f3dat, mivel a zajsz\u0171r\u00e9s kulcsfontoss\u00e1g\u00fa lehet zs\u00fafolt ing\u00e1z\u00e1s vagy nyitott irodai terek eset\u00e9n.  <\/p>\n<p>Ne feledd, a sz\u00e1modra legjobb fejhallgat\u00f3 az, amelyik megfelel az egyedi ig\u00e9nyeidnek \u00e9s a k\u00f6lts\u00e9gvet\u00e9sednek. Ne habozz felfedezni k\u00fcl\u00f6nb\u00f6z\u0151 m\u00e1rk\u00e1kat \u00e9s modelleket, miel\u0151tt meghozod a v\u00e9gs\u0151 d\u00f6nt\u00e9st. Maradj naprak\u00e9sz a fejhallgat\u00f3-technol\u00f3gia leg\u00fajabb trendjeir\u0151l \u00e9s fejleszt\u00e9seir\u0151l, hogy a lehet\u0151 legjobb term\u00e9ket kapd.  <\/p>\n","product_3_text_after":"<p>A TOZO HT3 Bluetooth fejhallgat\u00f3k fantasztikus, k\u00f6lts\u00e9gk\u00edm\u00e9l\u0151 opci\u00f3t jelentenek, ezzel a harmadik helyet foglalj\u00e1k el list\u00e1nkon. Ezek a fejhallgat\u00f3k leny\u0171g\u00f6z\u0151 90 \u00f3r\u00e1s lej\u00e1tsz\u00e1si id\u0151t \u00e9s gyors t\u00f6lt\u00e9si funkci\u00f3t k\u00edn\u00e1lnak, \u00edgy t\u00f6k\u00e9letesek hossz\u00fa utaz\u00e1sokhoz vagy folyamatos haszn\u00e1lathoz. A kett\u0151s dinamikus meghajt\u00f3k gazdag hang\u00e9lm\u00e9nyt biztos\u00edtanak, amelyet hat\u00e9kony zajsz\u0171r\u00e9s eg\u00e9sz\u00edt ki.  <\/p>\n<p>A felhaszn\u00e1l\u00f3k \u00e9rt\u00e9kelik az egyszer\u0171 Bluetooth v\u00e1lt\u00e1st \u00e9s az olyan funkci\u00f3k be\u00e9p\u00edt\u00e9s\u00e9t, mint a t\u00e9rbeli hangz\u00e1s \u00e9s az AI zajcs\u00f6kkent\u00e9s h\u00edv\u00e1sok k\u00f6zben. A TOZO HT3-at az \u00e9rt\u00e9k\u00e9\u00e9rt dics\u00e9rik, mivel olyan funkci\u00f3kat k\u00edn\u00e1l, amelyek \u00e1ltal\u00e1ban dr\u00e1g\u00e1bb modellekben tal\u00e1lhat\u00f3k, t\u00f6red\u00e9k \u00e1ron. <\/p>\n<p>B\u00e1r kiv\u00e1l\u00f3ak az akkumul\u00e1tor-\u00fczemid\u0151 \u00e9s a hangmin\u0151s\u00e9g ter\u00e9n, egyes felhaszn\u00e1l\u00f3k kev\u00e9sb\u00e9 tart\u00f3snak tal\u00e1lt\u00e1k a fel\u00e9p\u00edt\u00e9s min\u0151s\u00e9g\u00e9t, mint a dr\u00e1g\u00e1bb modellek\u00e9t. Mindazon\u00e1ltal \u00e1rukhoz k\u00e9pest a TOZO HT3 kiv\u00e9teles teljes\u00edtm\u00e9nyt ny\u00fajt, k\u00fcl\u00f6n\u00f6sen a k\u00f6lts\u00e9gk\u00edm\u00e9l\u0151 v\u00e1s\u00e1rl\u00f3k sz\u00e1m\u00e1ra. <\/p>\n","product_4_text_after":"<p>A GarageRock E7 fejhallgat\u00f3k szil\u00e1rd v\u00e1laszt\u00e1st jelentenek azok sz\u00e1m\u00e1ra, akik a zajsz\u0171r\u00e9st \u00e9s a hangmin\u0151s\u00e9get helyezik el\u0151t\u00e9rbe. A negyedik helyen \u00e1ll\u00f3 fejhallgat\u00f3k fejlett ANC technol\u00f3gi\u00e1val rendelkeznek, amely jelent\u0151sen cs\u00f6kkenti a k\u00f6rnyezeti zajt, \u00edgy ide\u00e1lisak utaz\u00e1shoz vagy munkak\u00f6rnyezetbe. <\/p>\n<p>30 \u00f3r\u00e1s lej\u00e1tsz\u00e1si idej\u00fck tisztess\u00e9ges akkumul\u00e1tor-\u00fczemid\u0151t k\u00edn\u00e1l, \u00e9s a felhaszn\u00e1l\u00f3k kiemelt\u00e9k k\u00e9nyelm\u00fcket a protein f\u00fclp\u00e1rn\u00e1knak k\u00f6sz\u00f6nhet\u0151en. A hangmin\u0151s\u00e9g, m\u00e9ly basszussal \u00e9s tiszta hangz\u00e1ssal, egy m\u00e1sik er\u0151s pont, ami az E7-et \u00f6r\u00f6mteliv\u00e9 teszi a zeneim\u00e1d\u00f3k sz\u00e1m\u00e1ra. <\/p>\n<p>N\u00e9h\u00e1ny felhaszn\u00e1l\u00f3 azonban kiss\u00e9 terjedelmesnek tal\u00e1lta a fejhallgat\u00f3t, ami nem biztos, hogy mindenkinek megfelel. Ennek ellen\u00e9re a GarageRock E7 j\u00f3 v\u00e1laszt\u00e1s marad azok sz\u00e1m\u00e1ra, akik hat\u00e9kony zajsz\u0171r\u00e9st \u00e9s nagyszer\u0171 hangz\u00e1st keresnek elfogadhat\u00f3 \u00e1ron. <\/p>\n","product_5_text_after":"<p>Az Oneodio A6 ANC egy funkci\u00f3kban gazdag v\u00e1laszt\u00e1s az audiofilek sz\u00e1m\u00e1ra, \u00e9s az \u00f6t\u00f6dik helyen \u00e1ll list\u00e1nkon. A 48 dB-es hibrid akt\u00edv zajsz\u0171r\u00e9ssel \u00e9s LDAC t\u00e1mogat\u00e1ssal ezek a fejhallgat\u00f3k nagy felbont\u00e1s\u00fa hangot biztos\u00edtanak, ami t\u00f6k\u00e9letes az elm\u00e9ly\u00fclt zenehallgat\u00e1shoz. <\/p>\n<p>Ide\u00e1lis ing\u00e1z\u00e1shoz \u00e9s utaz\u00e1shoz, az Oneodio A6 k\u00e9nyelmes f\u00fclre illeszked\u0151 kialak\u00edt\u00e1ssal \u00e9s leny\u0171g\u00f6z\u0151 hangmin\u0151s\u00e9ggel rendelkezik. B\u00e1r m\u00e9g nincsenek felhaszn\u00e1l\u00f3i v\u00e9lem\u00e9nyek, a term\u00e9k a legmodernebb technol\u00f3gia \u00e9s a k\u00e9nyelem \u00f6tv\u00f6zet\u00e9t \u00edg\u00e9ri. <\/p>\n<p>B\u00e1r az \u00e1ra kiss\u00e9 magasabb, mint egyes versenyt\u00e1rsai\u00e9, ez t\u00fckr\u00f6zi a pr\u00e9mium funkci\u00f3kat \u00e9s a fel\u00e9p\u00edt\u00e9s min\u0151s\u00e9g\u00e9t. Az Oneodio A6 t\u00f6k\u00e9letes azok sz\u00e1m\u00e1ra, akik kiv\u00e1l\u00f3 hangz\u00e1st \u00e9s zajsz\u0171r\u00e9st szeretn\u00e9nek tapasztalni. <\/p>\n","product_6_text_after":"<p>A SOUNDPEATS akt\u00edv zajsz\u0171r\u0151 fejhallgat\u00f3k kiv\u00e1l\u00f3 lehet\u0151s\u00e9get k\u00edn\u00e1lnak azok sz\u00e1m\u00e1ra, akik nagy felbont\u00e1s\u00fa hangot keresnek, ezzel a hatodik helyet foglalj\u00e1k el k\u00edn\u00e1latunkban. Kett\u0151s ANC-vel \u00e9s 40 \u00f3r\u00e1s akkumul\u00e1tor-\u00fczemid\u0151vel hangmin\u0151s\u00e9get \u00e9s hossz\u00fa \u00e9lettartamot is biztos\u00edtanak. <\/p>\n<p>Ezek a fejhallgat\u00f3k Hi-Res Audio tan\u00fas\u00edtv\u00e1nnyal rendelkeznek, kiv\u00e9teles hangtisztas\u00e1got \u00e9s r\u00e9szletgazdags\u00e1got biztos\u00edtva, \u00edgy igazi csemege az audiofilek sz\u00e1m\u00e1ra. A mell\u00e9kelt v\u00e9d\u0151t\u00e1ska n\u00f6veli hordozhat\u00f3s\u00e1gukat, \u00edgy k\u00e9nyelmess\u00e9 teszi az utaz\u00e1st. <\/p>\n<p>Annak ellen\u00e9re, hogy \u00fajabb modellr\u0151l van sz\u00f3, felhaszn\u00e1l\u00f3i v\u00e9lem\u00e9nyek n\u00e9lk\u00fcl, a SOUNDPEATS fejhallgat\u00f3k pr\u00e9mium zenehallgat\u00e1si \u00e9lm\u00e9nyt \u00edg\u00e9rnek. J\u00f3l illeszkednek mindazokhoz, akik a kiv\u00e1l\u00f3 min\u0151s\u00e9g\u0171 hang \u00e9s a hat\u00e9kony zajsz\u0171r\u00e9s kombin\u00e1ci\u00f3j\u00e1t keresik. <\/p>\n"},"yoast_head":"<!-- This site is optimized with the Yoast SEO plugin v27.4 - https:\/\/yoast.com\/product\/yoast-seo-wordpress\/ -->\n<title>Top 10 legjobb fejhallgat\u00f3 - DJ Music Geek<\/title>\n<meta name=\"robots\" content=\"index, follow, max-snippet:-1, max-image-preview:large, max-video-preview:-1\" \/>\n<link rel=\"canonical\" href=\"https:\/\/djmusicgeek.com\/hu\/best-headphones-en-gb\/\" \/>\n<meta property=\"og:locale\" content=\"hu_HU\" \/>\n<meta property=\"og:type\" content=\"article\" \/>\n<meta property=\"og:title\" content=\"Top 10 legjobb fejhallgat\u00f3 - DJ Music Geek\" \/>\n<meta property=\"og:url\" content=\"https:\/\/djmusicgeek.com\/hu\/best-headphones-en-gb\/\" \/>\n<meta property=\"og:site_name\" content=\"DJ Music Geek\" \/>\n<meta property=\"article:modified_time\" content=\"2026-03-01T13:47:27+00:00\" \/>\n<meta name=\"twitter:card\" content=\"summary_large_image\" \/>\n<script type=\"application\/ld+json\" class=\"yoast-schema-graph\">{\"@context\":\"https:\\\/\\\/schema.org\",\"@graph\":[{\"@type\":\"WebPage\",\"@id\":\"https:\\\/\\\/djmusicgeek.com\\\/hu\\\/best-headphones-en-gb\\\/\",\"url\":\"https:\\\/\\\/djmusicgeek.com\\\/hu\\\/best-headphones-en-gb\\\/\",\"name\":\"Top 10 legjobb fejhallgat\u00f3 - DJ Music Geek\",\"isPartOf\":{\"@id\":\"https:\\\/\\\/djmusicgeek.com\\\/#website\"},\"datePublished\":\"2026-02-12T14:47:19+00:00\",\"dateModified\":\"2026-03-01T13:47:27+00:00\",\"breadcrumb\":{\"@id\":\"https:\\\/\\\/djmusicgeek.com\\\/hu\\\/best-headphones-en-gb\\\/#breadcrumb\"},\"inLanguage\":\"hu\",\"potentialAction\":[{\"@type\":\"ReadAction\",\"target\":[\"https:\\\/\\\/djmusicgeek.com\\\/hu\\\/best-headphones-en-gb\\\/\"]}]},{\"@type\":\"BreadcrumbList\",\"@id\":\"https:\\\/\\\/djmusicgeek.com\\\/hu\\\/best-headphones-en-gb\\\/#breadcrumb\",\"itemListElement\":[{\"@type\":\"ListItem\",\"position\":1,\"name\":\"Kezd\u0151lap\",\"item\":\"https:\\\/\\\/djmusicgeek.com\\\/\"},{\"@type\":\"ListItem\",\"position\":2,\"name\":\"Top 10 legjobb fejhallgat\u00f3\"}]},{\"@type\":\"WebSite\",\"@id\":\"https:\\\/\\\/djmusicgeek.com\\\/#website\",\"url\":\"https:\\\/\\\/djmusicgeek.com\\\/\",\"name\":\"DJ Music Geek\",\"description\":\"\",\"potentialAction\":[{\"@type\":\"SearchAction\",\"target\":{\"@type\":\"EntryPoint\",\"urlTemplate\":\"https:\\\/\\\/djmusicgeek.com\\\/?s={search_term_string}\"},\"query-input\":{\"@type\":\"PropertyValueSpecification\",\"valueRequired\":true,\"valueName\":\"search_term_string\"}}],\"inLanguage\":\"hu\"}]}<\/script>\n<!-- \/ Yoast SEO plugin. -->","yoast_head_json":{"title":"Top 10 legjobb fejhallgat\u00f3 - DJ Music Geek","robots":{"index":"index","follow":"follow","max-snippet":"max-snippet:-1","max-image-preview":"max-image-preview:large","max-video-preview":"max-video-preview:-1"},"canonical":"https:\/\/djmusicgeek.com\/hu\/best-headphones-en-gb\/","og_locale":"hu_HU","og_type":"article","og_title":"Top 10 legjobb fejhallgat\u00f3 - DJ Music Geek","og_url":"https:\/\/djmusicgeek.com\/hu\/best-headphones-en-gb\/","og_site_name":"DJ Music Geek","article_modified_time":"2026-03-01T13:47:27+00:00","twitter_card":"summary_large_image","schema":{"@context":"https:\/\/schema.org","@graph":[{"@type":"WebPage","@id":"https:\/\/djmusicgeek.com\/hu\/best-headphones-en-gb\/","url":"https:\/\/djmusicgeek.com\/hu\/best-headphones-en-gb\/","name":"Top 10 legjobb fejhallgat\u00f3 - DJ Music Geek","isPartOf":{"@id":"https:\/\/djmusicgeek.com\/#website"},"datePublished":"2026-02-12T14:47:19+00:00","dateModified":"2026-03-01T13:47:27+00:00","breadcrumb":{"@id":"https:\/\/djmusicgeek.com\/hu\/best-headphones-en-gb\/#breadcrumb"},"inLanguage":"hu","potentialAction":[{"@type":"ReadAction","target":["https:\/\/djmusicgeek.com\/hu\/best-headphones-en-gb\/"]}]},{"@type":"BreadcrumbList","@id":"https:\/\/djmusicgeek.com\/hu\/best-headphones-en-gb\/#breadcrumb","itemListElement":[{"@type":"ListItem","position":1,"name":"Kezd\u0151lap","item":"https:\/\/djmusicgeek.com\/"},{"@type":"ListItem","position":2,"name":"Top 10 legjobb fejhallgat\u00f3"}]},{"@type":"WebSite","@id":"https:\/\/djmusicgeek.com\/#website","url":"https:\/\/djmusicgeek.com\/","name":"DJ Music Geek","description":"","potentialAction":[{"@type":"SearchAction","target":{"@type":"EntryPoint","urlTemplate":"https:\/\/djmusicgeek.com\/?s={search_term_string}"},"query-input":{"@type":"PropertyValueSpecification","valueRequired":true,"valueName":"search_term_string"}}],"inLanguage":"hu"}]}},"_links":{"self":[{"href":"https:\/\/djmusicgeek.com\/hu\/wp-json\/wp\/v2\/pages\/17343","targetHints":{"allow":["GET"]}}],"collection":[{"href":"https:\/\/djmusicgeek.com\/hu\/wp-json\/wp\/v2\/pages"}],"about":[{"href":"https:\/\/djmusicgeek.com\/hu\/wp-json\/wp\/v2\/types\/page"}],"author":[{"embeddable":true,"href":"https:\/\/djmusicgeek.com\/hu\/wp-json\/wp\/v2\/users\/2"}],"replies":[{"embeddable":true,"href":"https:\/\/djmusicgeek.com\/hu\/wp-json\/wp\/v2\/comments?post=17343"}],"version-history":[{"count":1,"href":"https:\/\/djmusicgeek.com\/hu\/wp-json\/wp\/v2\/pages\/17343\/revisions"}],"predecessor-version":[{"id":17666,"href":"https:\/\/djmusicgeek.com\/hu\/wp-json\/wp\/v2\/pages\/17343\/revisions\/17666"}],"wp:attachment":[{"href":"https:\/\/djmusicgeek.com\/hu\/wp-json\/wp\/v2\/media?parent=17343"}],"curies":[{"name":"wp","href":"https:\/\/api.w.org\/{rel}","templated":true}]}}