{"id":12777,"date":"2024-06-14T21:53:57","date_gmt":"2024-06-14T21:53:57","guid":{"rendered":"https:\/\/djmusicgeek.com\/legjobb-jatek-jatekos-top-10-legjobb-jatekos-fejhallgato-vasarlasra-azert\/"},"modified":"2026-03-01T13:47:56","modified_gmt":"2026-03-01T13:47:56","slug":"legjobb-jatek-jatekos-top-10-legjobb-jatekos-fejhallgato-vasarlasra-azert","status":"publish","type":"page","link":"https:\/\/djmusicgeek.com\/hu\/legjobb-jatek-jatekos-top-10-legjobb-jatekos-fejhallgato-vasarlasra-azert\/","title":{"rendered":"A 10 legjobb gamer fejhallgat\u00f3 &#8211;"},"content":{"rendered":"","protected":false},"excerpt":{"rendered":"","protected":false},"author":2,"featured_media":0,"parent":0,"menu_order":0,"comment_status":"closed","ping_status":"closed","template":"sales-template.php","meta":{"_acf_changed":false,"footnotes":""},"class_list":["post-12777","page","type-page","status-publish","hentry"],"acf":{"product_3_supplier":"Amazon","product_4_supplier":"Amazon","product_5_supplier":"Amazon","product_6_supplier":"Amazon","product_7_supplier":"Amazon","product_8_supplier":"Amazon","product_9_supplier":"Amazon","product_10_supplier":"Amazon","product_3_url":"","exclude_from_search":true,"product_2_supplier":"Shopsta","product_price_shortcode":"\u20ac124.99","product_discount_price_shortcode":"\u20ac99.99","product_2_price":"\u20ac109.99","product_2_discount_price":"\u20ac87.99","product_3_image_1":"","product_3_image_2":"","product_3_image_3":"","product_3_asin":"B07B81D162","product_4_asin":"B07PRYFGXG","product_5_asin":"B08NTYB4M7","product_6_asin":"B07FZVXS8H","product_7_asin":"B09GW7NHL4","product_8_asin":"B07W5JKB8Z","product_2_asin":"","product_9_asin":"","product_10_asin":"","product_url":"products\/commander-g-series-wireless-edition","product_image_1":"https:\/\/www.shopsta.co.uk\/cdn\/shop\/files\/O1CN01ZcemJx1QlNZq4L8LS__2901482016-0-ampmedia_798x798.jpg?v=1764763575","product_image_2":"https:\/\/www.shopsta.co.uk\/cdn\/shop\/files\/O1CN01IR0kAX1QlNZrMlWQ4__2901482016-0-ampmedia_798x798.jpg?v=1764763575","product_image_3":"https:\/\/www.shopsta.co.uk\/cdn\/shop\/files\/O1CN01ofXqk01QlNZqNuSLV__2901482016-0-ampmedia_798x798.jpg?v=1764763575","product_image_4":"https:\/\/djmusicgeek.com\/wp-content\/uploads\/2025\/12\/commander-top-50.jpeg","product_image_5":"https:\/\/www.shopsta.co.uk\/cdn\/shop\/files\/O1CN01ZcemJx1QlNZq4L8LS__2901482016-0-ampmedia_798x798.jpg?v=1764763575","product_2_url":"products\/somic-g-series-wireless-gaming-headset","product_2_image_1":"https:\/\/djmusicgeek.com\/wp-content\/uploads\/2023\/02\/SOMIC-G760-Wireless-Gamer-Headset-Detachable-Mic-Bluetooth-2-4G-Wired-3in1-Headphone-for-PS5-PS4.jpg_Q90.jpg","product_2_image_2":"https:\/\/djmusicgeek.com\/wp-content\/uploads\/2023\/02\/8c6029491e9d78d6d7c55d6a97d52490_1600x1600_d063843b-7174-45e3-a17a-1f9f816a4166_1360x1360.webp","product_2_image_3":"https:\/\/djmusicgeek.com\/wp-content\/uploads\/2023\/02\/650d93954cd3914c2b7de270df928da5_1600x1600_256d8234-8373-4a0b-8fcc-eed1c89a1b70_1360x1360.webp","product_image_6":"","product_image_7":"","product_image_8":"","language_code":"hu","product_name":"Commander G sorozat","product_type":"J\u00e1t\u00e9kos fejhallgat\u00f3","product_type_singular":"J\u00e1t\u00e9kos fejhallgat\u00f3","product_full_name":"Commander G sorozat \u2013 160 \u00f3r\u00e1s \u00fczemid\u0151 \u2013 7.1 t\u00e9rhangz\u00e1s\u00fa vezet\u00e9k n\u00e9lk\u00fcli gamer fejhallgat\u00f3","bullet_points":"<ul>\n<li>J\u00c1T\u00c9K, MINT M\u00c9G SOHA: Hihetetlen ir\u00e1ny\u00edtott hangz\u00e1ssal \u00e9s elk\u00e9peszt\u0151 k\u00e9nyelemmel.<\/li>\n<li>BE\u00c9P\u00cdTETT 7.1 T\u00c9RHANGZ\u00c1S: \u00c9lvezd a kiv\u00e1l\u00f3, kiegyens\u00falyozott 7.1 t\u00e9rhangz\u00e1st a Commander G sorozat\u00fa t\u00e9rhangz\u00e1s\u00fa gamer fejhallgat\u00f3val.<\/li>\n<li>HOSSZ\u00da AKKUMUL\u00c1TOR-\u00dcZEMID\u0150: Hatalmas, 160+ \u00f3r\u00e1s akkumul\u00e1tor \u00e9s a 20 ms-os vezet\u00e9k n\u00e9lk\u00fcli k\u00e9sleltet\u00e9s hat\u00e9kony \u201eval\u00f3s idej\u0171\u201d hangz\u00e1st biztos\u00edt.<\/li>\n<li>PROFESSZION\u00c1LIS 50 MM-ES HANGSZ\u00d3R\u00d3K: A hatalmas, 50 millim\u00e9teres hangsz\u00f3r\u00f3egys\u00e9gek neod\u00edmium m\u00e1gnesekkel kombin\u00e1lva professzion\u00e1lis st\u00fadi\u00f3hangmin\u0151s\u00e9get biztos\u00edtanak er\u0151teljes basszusokkal, tiszta \u00e9nekhangokkal \u00e9s \u00e9les m\u00e9ly-, k\u00f6z\u00e9p- \u00e9s magas hangokkal a t\u00f6k\u00e9letes, kiegyens\u00falyozott hangz\u00e1s \u00e9rdek\u00e9ben.<\/li>\n<li>3 J\u00c1T\u00c9KM\u00d3D: V\u00e1lassza ki a megfelel\u0151 m\u00f3dot: a j\u00e1t\u00e9km\u00f3d, a filmm\u00f3d \u00e9s a zenei m\u00f3d seg\u00edts\u00e9g\u00e9vel kiv\u00e1laszthatja a j\u00e1t\u00e9kst\u00edlus\u00e1nak legmegfelel\u0151bb EQ-t.<\/li>\n<li>EGYEDI AUDIO CHIP: Az egyedi GS virtu\u00e1lis 7.1-es t\u00e9rhat\u00e1s\u00fa hangegys\u00e9g minden eddigin\u00e9l k\u00f6nnyebb\u00e9 teszi az ellens\u00e9ges l\u00e9p\u00e9sek k\u00f6vet\u00e9s\u00e9t az olyan j\u00e1t\u00e9kokban, mint a Call of Duty. Ez az egyedi chip minden ir\u00e1nyban t\u0171pontos hangpontoss\u00e1got biztos\u00edt, ami \u00faj el\u0151ny\u00f6ket biztos\u00edt a j\u00e1t\u00e9kban. <\/li>\n<li>KOMPATIBILIS MINDEN KONSOL\u00c1VAL: vezet\u00e9k n\u00e9lk\u00fcl m\u0171k\u00f6dik a PS5, PS4, PC \u00e9s Mac konzolokkal. Haszn\u00e1lja a 3,5 mm-es fejhallgat\u00f3-csatlakoz\u00f3t az Xbox \u00e9s m\u00e1s eszk\u00f6z\u00f6kh\u00f6z. <\/li>\n<li>CRYSTAL CLEAR MIC: Kifejezetten j\u00e1t\u00e9khoz k\u00e9sz\u00fclt, 160\u00b0-os forgathat\u00f3 karral, amely a hely\u00e9n marad, ha egyszer elhelyezt\u00fck. Ez a zajsz\u0171r\u0151 mikrofon lehet\u0151v\u00e9 teszi, hogy m\u00e9g er\u0151s h\u00e1tt\u00e9rzaj eset\u00e9n is tiszt\u00e1n hallhat\u00f3 legyen. <\/li>\n<\/ul>\n","features":"<p>7.1 virtu\u00e1lis t\u00e9rhangz\u00e1s<br \/>\nF\u00fclp\u00e1rn\u00e1k a k\u00e9nyelmes, hossz\u00fa j\u00e1t\u00e9khoz<br \/>\nTiszta mikrofon a cseveg\u00e9shez<br \/>\nRugalmas, \u00e1ll\u00edthat\u00f3, levehet\u0151 mikrofon<br \/>\nHatalmas, 160+ \u00f3r\u00e1s akkumul\u00e1tor-\u00fczemid\u0151<br \/>\nNagy, 50 mm-es dinamikus hangsz\u00f3r\u00f3k<br \/>\nVezet\u00e9k n\u00e9lk\u00fcli 2.4 GHz-es kapcsolat<br \/>\nZenehallgat\u00e1sra is alkalmas fejhallgat\u00f3k\u00e9nt<\/p>\n","rating":"9.8","intro_text":"<p>Itt a DJ Music Geekn\u00e9l minden audio megsz\u00e1llottjai vagyunk. Az audio ir\u00e1nti megsz\u00e1llotts\u00e1got \u00e9s a j\u00e1t\u00e9k szeretet\u00e9t \u00f6tv\u00f6zve tesztelt\u00fck a piacon kaphat\u00f3 legjobb gamer fejhallgat\u00f3kat, amiket megv\u00e1s\u00e1rolhatsz 2026. A j\u00e1t\u00e9k headsetek ma m\u00e1r nagyon fontos r\u00e9sz\u00e9t k\u00e9pezik a j\u00e1t\u00e9knak, ahol egy kiv\u00e1l\u00f3 min\u0151s\u00e9g\u0171 j\u00e1t\u00e9k headset birtokl\u00e1s\u00e1nak hatalmas el\u0151nyei vannak. Ez ma m\u00e1r elengedhetetlen r\u00e9sze annak, hogy j\u00f3l teljes\u00edts\u00fcnk olyan j\u00e1t\u00e9kokban, mint a Call of Duty, a Battlefield, a CS:GO, a PUBG \u00e9s a Rainbow Six, hogy csak n\u00e9h\u00e1nyat eml\u00edts\u00fcnk.   <\/p>\n<p>Egyszer\u0171en egy jobb headset birtokl\u00e1s\u00e1val el\u0151nybe ker\u00fcl versenyt\u00e1rsaival szemben, \u00e9s jobban \u00e9s nagyobb t\u00e1vols\u00e1gb\u00f3l is hallja \u0151ket. Nem csak ez, a bar\u00e1taiddal val\u00f3 k\u00f6nny\u0171 kommunik\u00e1ci\u00f3 \u00e9s a k\u00e9nyelem is fontos t\u00e9nyez\u0151, amit figyelembe kell venned. Ez az \u00fatmutat\u00f3 n\u00e9h\u00e1ny aj\u00e1nl\u00e1st ad a legkedveltebb, kiv\u00e1l\u00f3 min\u0151s\u00e9g\u0171, k\u00e9nyelmes \u00e9s legjobb fejhallgat\u00f3k k\u00f6z\u00fcl.  <\/p>\n","text_after_product_box":"<p>Mi\u00e9rt a Commander G sorozat a legjobb v\u00e1laszt\u00e1s az \u00f6sszes \u00e1ltalunk tesztelt fejhallgat\u00f3 k\u00f6z\u00fcl? El\u0151sz\u00f6r is, tesztjeink k\u00f6z\u00fcl ennek a fejhallgat\u00f3nak a t\u00e9rhat\u00e1s\u00fa hangz\u00e1si k\u00e9pess\u00e9gei voltak a legjobbak. A leg\u00fajabb Call of Duty-val tesztelt\u00fck a fejhallgat\u00f3kat, hogy mennyire k\u00f6nnyen tudtuk beazonos\u00edtani az ellens\u00e9ges poz\u00edci\u00f3kat. Tiszt\u00e1n hallhatod az ir\u00e1ny\u00edtott hangokat, amelyek seg\u00edtenek az ellens\u00e9get m\u00e9g azel\u0151tt kisz\u00farni, miel\u0151tt megl\u00e1tn\u00e1d \u0151ket. A hangmin\u0151s\u00e9g kiv\u00e9teles, \u00e9s t\u00f6bb j\u00e1t\u00e9kot nyert\u00fcnk.<\/p>\n<p>Az \u00faj Commander G sorozat a pr\u00e9mium kateg\u00f3ria cs\u00facs\u00e1t k\u00e9pvisel\u0151 gamer fejhallgat\u00f3, 160 \u00f3r\u00e1nyi 2.4 GHz-es vezet\u00e9k n\u00e9lk\u00fcli j\u00e1t\u00e9kid\u0151vel egyetlen t\u00f6lt\u00e9ssel. Megsz\u00fcnteti a konzolhoz vagy PC-hez csatlakoz\u00f3 vezet\u00e9kek sz\u00fcks\u00e9gess\u00e9g\u00e9t, \u00e9s \u00fajgener\u00e1ci\u00f3s, 2,4 GHz-es vezet\u00e9k n\u00e9lk\u00fcli j\u00e1t\u00e9kot biztos\u00edt. K\u00f6nny\u0171 \u00e9s szuper k\u00e9nyelmes, \u00e9s mindent tartalmaz, amit egy nagy teljes\u00edtm\u00e9ny\u0171 fejhallgat\u00f3t\u00f3l elv\u00e1rhatsz. A friss\u00edtett 7.1-es virtu\u00e1lis t\u00e9rhat\u00e1s\u00fa hangegys\u00e9g a friss\u00edtett meghajt\u00f3kkal val\u00f3ban a k\u00f6vetkez\u0151 szintre emeli a dolgokat. A G sorozat legjobb tulajdons\u00e1ga az \u00e1ra. Figyelembe v\u00e9ve, hogy a hasonl\u00f3 fejhallgat\u00f3k j\u00f3val 150 \u20ac felett vannak, ezt a modellt aj\u00e1nljuk a t\u00f6bbi helyett, mivel elker\u00fclheted a vezet\u00e9keket, kapsz egy hihetetlen, 160+ \u00f3r\u00e1s akkumul\u00e1tort, \u00e9s a hangz\u00e1s is tov\u00e1bbfejlesztett.     <\/p>\n<p>Ezt tartjuk a legjobb vezet\u00e9k n\u00e9lk\u00fcli fejhallgat\u00f3nak, amit megv\u00e1s\u00e1rolhatsz 2026.<\/p>\n<h2 class=\"\">Term\u00e9k \u00e1ttekint\u00e9se:<\/h2>\n<p>Mi\u00e9rt a Commander G sorozat a legjobb v\u00e1laszt\u00e1s az \u00f6sszes \u00e1ltalunk tesztelt fejhallgat\u00f3 k\u00f6z\u00fcl? \u00cdme 5 ok, ami\u00e9rt szerint\u00fcnk a G-k voltak a legjobbak: <\/p>\n<p><strong>1)<\/strong> El\u0151sz\u00f6r is, ennek a fejhallgat\u00f3nak a t\u00e9rhat\u00e1s\u00fa hangz\u00e1si k\u00e9pess\u00e9gei voltak a legjobbak a tesztjeink k\u00f6z\u00fcl. A leg\u00fajabb Call of Duty-val tesztelt\u00fck a fejhallgat\u00f3kat, hogy mennyire k\u00f6nnyen tudtuk beazonos\u00edtani az ellens\u00e9ges poz\u00edci\u00f3kat. Tiszt\u00e1n hallhatod az ir\u00e1ny\u00edtott hangokat, amelyek seg\u00edtenek az ellens\u00e9get m\u00e9g azel\u0151tt kisz\u00farni, miel\u0151tt megl\u00e1tn\u00e1d \u0151ket.  <\/p>\n<p><strong>2)<\/strong> A G sorozat nagyon k\u00e9nyelmes. T\u00f6bb 6 \u00f3r\u00e1s teszt\u00fcnk sor\u00e1n egy\u00e1ltal\u00e1n nem tapasztaltunk val\u00f3di kellemetlens\u00e9get. Nem nyomj\u00e1k a fejedet, hanem nagyon sz\u00e9pen \u00e9s k\u00e9nyelmesen \u00fclnek a fejeden. A G-k j\u00f3l p\u00e1rn\u00e1zottak a f\u00fclekn\u00e9l, \u00e9s sz\u00e9pen illeszkednek a fej tetej\u00e9re.   <\/p>\n<p><strong>3)<\/strong> Egy m\u00e1sik nagyszer\u0171 funkci\u00f3, amelyet a G sorozatba \u00e9p\u00edtettek, a meghajt\u00f3 n\u00e9lk\u00fcli be\u00e1ll\u00edt\u00e1s. Egyszer\u0171en csak csatlakoztathatja a vezet\u00e9k n\u00e9lk\u00fcli USB-dongle-on kereszt\u00fcl, \u00e9s m\u00e1ris teljes 7.1-es virtu\u00e1lis t\u00e9rhat\u00e1s\u00fa hangz\u00e1st \u00e9lvezhet. Nincs sz\u00fcks\u00e9g bonyolult illeszt\u0151programok \u00e9s jav\u00edt\u00e1sok telep\u00edt\u00e9s\u00e9re. Egyszer\u0171en csatlakoztassa \u00e9s mehet.   <\/p>\n","why_the_best_text":"<p>Tesztjeink sor\u00e1n azt tapasztaltuk, hogy a magasabb \u00e1r nem mindig jelentett magasabb min\u0151s\u00e9get. N\u00e9h\u00e1ny ismertebb m\u00e1rka, mint p\u00e9ld\u00e1ul a SteelSeries, az Astro \u00e9s a Logitech val\u00f3ban nagyon j\u00f3 fejhallgat\u00f3kat gy\u00e1rtott, de az \u00e1ruk a Commander G Series \u00e1r\u00e1nak dupl\u00e1ja vagy tripl\u00e1ja volt. Ha olyan szempontokat hasonl\u00edtottunk \u00f6ssze, mint a k\u00e9nyelem, a t\u00e9rhangz\u00e1s tisztas\u00e1ga \u00e9s az \u00e1ltal\u00e1nos funkci\u00f3k, azt tapasztaltuk, hogy a Commander G Series v\u00e9gzett az \u00e9len a legmagasabb \u00f6sszes\u00edtett pontsz\u00e1mmal, a 6 f\u0151 t\u00e9nyez\u0151nk alapj\u00e1n: hangz\u00e1s, k\u00e9nyelem, akkumul\u00e1tor-\u00fczemid\u0151, megb\u00edzhat\u00f3s\u00e1g, csatlakoztathat\u00f3s\u00e1g \u00e9s \u00e1r.  <\/p>\n","reviews_text":"<p>Fontos megn\u00e9zni, hogy mi sz\u00fcks\u00e9ges egy nagyszer\u0171 j\u00e1t\u00e9k headsethez. \u00d6sszegy\u0171jt\u00f6tt\u00fcnk 6 olyan alapvet\u0151 dolgot, amit minden fejhallgat\u00f3hoz felt\u00e9tlen\u00fcl figyelembe kell venned: <\/p>\n<p>1) Nagyszer\u0171 hangz\u00e1s &#8211; ez n\u00e9lk\u00fcl a n\u00e9lk\u00fcl\u00f6zhetetlen komponens n\u00e9lk\u00fcl nem megy\u00fcnk!<br \/>\n2) K\u00e9nyelem &#8211; tudunk \u00f3r\u00e1kig j\u00e1tszani k\u00e9nyelmetlens\u00e9g n\u00e9lk\u00fcl<br \/>\n3) Akkumul\u00e1tor \u00e9lettartam &#8211; meddig b\u00edrja az akkumul\u00e1tor, ha vezet\u00e9k n\u00e9lk\u00fcli?<br \/>\n4) Megb\u00edzhat\u00f3s\u00e1g &#8211; kell agg\u00f3dnom az \u00e9p\u00edt\u00e9si min\u0151s\u00e9g miatt?<br \/>\n5) Csatlakoztathat\u00f3s\u00e1g &#8211; mennyire k\u00f6nny\u0171 csatlakoztatni?<br \/>\n6) \u00c1r &#8211; megfizethet\u0151 vagy t\u00falfizetem?<\/p>\n<p>Ezen t\u00e9nyez\u0151k alapj\u00e1n fel\u00fclvizsg\u00e1ltuk \u00e9s rendelt\u00fck a fenti fejhallgat\u00f3kat. A headset kiv\u00e1laszt\u00e1sakor fontos, hogy minden alapot lefedjen, mivel el\u00e9g, ha csak egy szempont hagyja cserben, hogy t\u00f6nkretegye az \u00e9lm\u00e9nyt. Mindent \u00f6sszevetve, a legjobb v\u00e1laszt\u00e1sunk a Commander G sorozat.<\/p>\n","top_pick_box_text":"<p>Amikor egy j\u00e1t\u00e9k headsetr\u0151l van sz\u00f3, minden funkci\u00f3t egy nagyszer\u0171 kialak\u00edt\u00e1sba csomagolva szeretne l\u00e1tni. V\u00e9lem\u00e9ny\u00fcnk szerint a Commander G sorozat mindent ny\u00fajt, amit egy vezet\u00e9k n\u00e9lk\u00fcli gamer fejhallgat\u00f3t\u00f3l elv\u00e1rhatsz, fenomen\u00e1lis \u00e1ron. <\/p>\n<p>A magas \u00e9p\u00edt\u00e9si min\u0151s\u00e9g, a nagyszer\u0171 akkumul\u00e1tor-\u00fczemid\u0151, a rendk\u00edv\u00fcl megb\u00edzhat\u00f3 csatlakoztathat\u00f3s\u00e1g \u00e9s a konzolok k\u00f6z\u00f6tti kompatibilit\u00e1s miatt a G sorozatot 10-b\u0151l 9,8-ra \u00e9rt\u00e9kelj\u00fck.<\/p>\n<p>Miut\u00e1n a k\u00e9sz\u00fcl\u00e9ket m\u00e1r k\u00f6r\u00fclbel\u00fcl 5 h\u00f3napja haszn\u00e1ljuk napi haszn\u00e1lat mellett, nem l\u00e1tjuk magunkat egyhamar m\u00e1sik k\u00e9sz\u00fcl\u00e9kre v\u00e1ltani.<\/p>\n<p>Ingyenes kisz\u00e1ll\u00edt\u00e1s, ha a Shopsta-n\u00e1l v\u00e1s\u00e1rolod.<\/p>\n","bottom_text":"<p>A Commander G sorozat hatalmas, 50 mm-es dinamikus hangsz\u00f3r\u00f3 meghajt\u00f3kkal rendelkezik, ami t\u00f6bb mint el\u00e9g az \u00e1tlagos felhaszn\u00e1l\u00f3k sz\u00e1m\u00e1ra. Teljes hanger\u0151n a fejhallgat\u00f3 t\u00fal hangosnak tekinthet\u0151.  Ez az\u00e9rt nagyszer\u0171, mert a hangkimenetet az \u00d6n be\u00e1ll\u00edt\u00e1saihoz igaz\u00edthatja. Olyan egy\u00e9b funkci\u00f3kkal, mint a k\u00e9nyelmes f\u00fclp\u00e1rn\u00e1k, a 160 \u00f3r\u00e1s akkumul\u00e1tor \u00e9s a 3 j\u00e1t\u00e9kon bel\u00fcli EQ m\u00f3d, a Commander G sz\u00e9ria mindenk\u00e9ppen a t\u00f6k\u00e9letes j\u00e1t\u00e9k\u00e9lm\u00e9nyt biztos\u00edtja. Ha ezt a k\u00e9sz\u00fcl\u00e9ket v\u00e1lasztja, gy\u0151z\u0151dj\u00f6n meg r\u00f3la, hogy 20% kedvezm\u00e9nyt kap a kiskereskedelmi \u00e1rb\u00f3l, ha a p\u00e9nzt\u00e1rn\u00e1l haszn\u00e1lja a kedvezm\u00e9nyk\u00f3dot. K\u00f6sz\u00f6nj\u00fck, hogy elolvasta fenti v\u00e9lem\u00e9ny\u00fcnket, \u00e9s rem\u00e9lj\u00fck, hogy seg\u00edtett\u00fcnk megtal\u00e1lni az \u00d6n ig\u00e9nyeinek megfelel\u0151 headsetet.   <\/p>\n","product_2_full_name":"SOMiC G sorozat \u2013 Vezet\u00e9k n\u00e9lk\u00fcli 7.1 gamer fejhallgat\u00f3 levehet\u0151 mikrofonnal","product_2_bullet_points":"<ul>\n<li>LEGJOBB MEGFIZETHET\u0150 GAMER FEJHALLGAT\u00d3: A SOMiC G sorozat egy bestseller fejhallgat\u00f3, amely teljes\u00edtm\u00e9ny\u00e9r\u0151l \u00e9s diz\u00e1jnj\u00e1r\u00f3l ismert.<\/li>\n<li>BE\u00c9P\u00cdTETT 7.1 T\u00c9RHANGZ\u00c1S: \u00c9lvezd a kiv\u00e1l\u00f3, kiegyens\u00falyozott 7.1 t\u00e9rhangz\u00e1st a SOMiC G t\u00e9rhangz\u00e1s\u00fa gamer fejhallgat\u00f3val.<\/li>\n<li>PROFESSZION\u00c1LIS 50 MM-ES HANGSZ\u00d3R\u00d3K: A hatalmas, 50 millim\u00e9teres hangsz\u00f3r\u00f3egys\u00e9gek neod\u00edmium m\u00e1gnesekkel kombin\u00e1lva professzion\u00e1lis st\u00fadi\u00f3hangmin\u0151s\u00e9get biztos\u00edtanak er\u0151teljes basszusokkal, tiszta \u00e9nekhangokkal \u00e9s \u00e9les m\u00e9ly-, k\u00f6z\u00e9p- \u00e9s magas hangokkal a t\u00f6k\u00e9letes, kiegyens\u00falyozott hangz\u00e1s \u00e9rdek\u00e9ben.<\/li>\n<li>3 J\u00c1T\u00c9KM\u00d3D: V\u00e1lassza ki a megfelel\u0151 m\u00f3dot: a j\u00e1t\u00e9km\u00f3d, a filmm\u00f3d \u00e9s a zenei m\u00f3d seg\u00edts\u00e9g\u00e9vel kiv\u00e1laszthatja a j\u00e1t\u00e9kst\u00edlus\u00e1nak legmegfelel\u0151bb EQ-t.<\/li>\n<li>EGYEDI AUDIO CHIP: Az egyedi G sorozat\u00fa virtu\u00e1lis 7.1-es t\u00e9rhat\u00e1s\u00fa hangegys\u00e9g minden eddigin\u00e9l k\u00f6nnyebb\u00e9 teszi az ellens\u00e9ges l\u00e9p\u00e9sek k\u00f6vet\u00e9s\u00e9t az olyan j\u00e1t\u00e9kokban, mint a Call of Duty. Ez az egyedi chip minden ir\u00e1nyban t\u0171pontos hangpontoss\u00e1got biztos\u00edt, ami \u00faj el\u0151ny\u00f6ket biztos\u00edt a j\u00e1t\u00e9kban. <\/li>\n<li>KOMPATIBILIS MINDEN KONSOL\u00c1VAL: USB-n kereszt\u00fcl m\u0171k\u00f6dik PS5, PS4, PC \u00e9s Mac konzolokkal. Haszn\u00e1lja a 3,5 mm-es fejhallgat\u00f3-csatlakoz\u00f3t az Xbox \u00e9s m\u00e1s eszk\u00f6z\u00f6kh\u00f6z. <\/li>\n<li>CRYSTAL CLEAR MIC: Kifejezetten j\u00e1t\u00e9khoz k\u00e9sz\u00fclt, 160\u00b0-os forgathat\u00f3 karral, amely a hely\u00e9n marad, ha egyszer elhelyezt\u00fck. Ez a zajsz\u0171r\u0151 mikrofon lehet\u0151v\u00e9 teszi, hogy m\u00e9g er\u0151s h\u00e1tt\u00e9rzaj eset\u00e9n is tiszt\u00e1n hallhat\u00f3 legyen. <\/li>\n<\/ul>\n","text_after_product_box_2":"<p><strong>4)<\/strong> A mikrofon krist\u00e1lytiszta, m\u00e9g egy kett\u0151s zajsz\u0171r\u0151 mikrofonnal is rendelkezik, amely a f\u00fclhallgat\u00f3 k\u00fcls\u0151 oldal\u00e1n \u00fcl, hogy figyelje a h\u00e1tt\u00e9rzajt, \u00e9s kik\u00fcsz\u00f6b\u00f6lje azt a j\u00e1t\u00e9kbeli hangbesz\u00e9lget\u00e9sb\u0151l.<\/p>\n<p><strong>5<\/strong> ) A vezet\u00e9k n\u00e9lk\u00fcli fejhallgat\u00f3k eset\u00e9ben az akkumul\u00e1tor \u00e9lettartama nagy jelent\u0151s\u00e9ggel b\u00edr, ez\u00e9rt a legjobb, ha tisztess\u00e9ges kapacit\u00e1s\u00fa k\u00e9sz\u00fcl\u00e9ket v\u00e1lasztasz. A Commander G sorozat kiemelkedik az egyik legjobb fejhallgat\u00f3k\u00e9nt az akkumul\u00e1tor-\u00fczemid\u0151 tekintet\u00e9ben. Hatalmas, t\u00f6bb mint 160 teljes \u00f3ra t\u00f6lt\u00e9s n\u00e9lk\u00fcl.  \u00c9n magam is teszteltem ezt, \u00e9s val\u00f3ban \u00fagy gondolom, hogy tov\u00e1bb tartott, mint ez a hivatalos adat. De m\u00e9gis, 160 \u00f3ra nagyon hossz\u00fa id\u0151 \u00fajrat\u00f6lt\u00e9s n\u00e9lk\u00fcl, \u00e9s egy m\u00e1sik nagyszer\u0171 funkci\u00f3, hogy egyszerre t\u00f6ltheted \u00e9s j\u00e1tszhatsz, ami kellemes.<\/p>\n","product_2_full_name_new":"SOMiC G sorozat \u2013 Vezet\u00e9k n\u00e9lk\u00fcli 7.1 gamer fejhallgat\u00f3 levehet\u0151 mikrofonnal"},"yoast_head":"<!-- This site is optimized with the Yoast SEO plugin v27.3 - https:\/\/yoast.com\/product\/yoast-seo-wordpress\/ -->\n<title>A 10 legjobb gamer fejhallgat\u00f3 - DJ Music Geek<\/title>\n<meta name=\"robots\" content=\"index, follow, max-snippet:-1, max-image-preview:large, max-video-preview:-1\" \/>\n<link rel=\"canonical\" href=\"https:\/\/djmusicgeek.com\/hu\/legjobb-jatek-jatekos-top-10-legjobb-jatekos-fejhallgato-vasarlasra-azert\/\" \/>\n<meta property=\"og:locale\" content=\"hu_HU\" \/>\n<meta property=\"og:type\" content=\"article\" \/>\n<meta property=\"og:title\" content=\"A 10 legjobb gamer fejhallgat\u00f3 - DJ Music Geek\" \/>\n<meta property=\"og:url\" content=\"https:\/\/djmusicgeek.com\/hu\/legjobb-jatek-jatekos-top-10-legjobb-jatekos-fejhallgato-vasarlasra-azert\/\" \/>\n<meta property=\"og:site_name\" content=\"DJ Music Geek\" \/>\n<meta property=\"article:modified_time\" content=\"2026-03-01T13:47:56+00:00\" \/>\n<meta name=\"twitter:card\" content=\"summary_large_image\" \/>\n<script type=\"application\/ld+json\" class=\"yoast-schema-graph\">{\"@context\":\"https:\\\/\\\/schema.org\",\"@graph\":[{\"@type\":\"WebPage\",\"@id\":\"https:\\\/\\\/djmusicgeek.com\\\/hu\\\/legjobb-jatek-jatekos-top-10-legjobb-jatekos-fejhallgato-vasarlasra-azert\\\/\",\"url\":\"https:\\\/\\\/djmusicgeek.com\\\/hu\\\/legjobb-jatek-jatekos-top-10-legjobb-jatekos-fejhallgato-vasarlasra-azert\\\/\",\"name\":\"A 10 legjobb gamer fejhallgat\u00f3 - DJ Music Geek\",\"isPartOf\":{\"@id\":\"https:\\\/\\\/djmusicgeek.com\\\/#website\"},\"datePublished\":\"2024-06-14T21:53:57+00:00\",\"dateModified\":\"2026-03-01T13:47:56+00:00\",\"breadcrumb\":{\"@id\":\"https:\\\/\\\/djmusicgeek.com\\\/hu\\\/legjobb-jatek-jatekos-top-10-legjobb-jatekos-fejhallgato-vasarlasra-azert\\\/#breadcrumb\"},\"inLanguage\":\"hu\",\"potentialAction\":[{\"@type\":\"ReadAction\",\"target\":[\"https:\\\/\\\/djmusicgeek.com\\\/hu\\\/legjobb-jatek-jatekos-top-10-legjobb-jatekos-fejhallgato-vasarlasra-azert\\\/\"]}]},{\"@type\":\"BreadcrumbList\",\"@id\":\"https:\\\/\\\/djmusicgeek.com\\\/hu\\\/legjobb-jatek-jatekos-top-10-legjobb-jatekos-fejhallgato-vasarlasra-azert\\\/#breadcrumb\",\"itemListElement\":[{\"@type\":\"ListItem\",\"position\":1,\"name\":\"Kezd\u0151lap\",\"item\":\"https:\\\/\\\/djmusicgeek.com\\\/\"},{\"@type\":\"ListItem\",\"position\":2,\"name\":\"A 10 legjobb gamer fejhallgat\u00f3 &#8211;\"}]},{\"@type\":\"WebSite\",\"@id\":\"https:\\\/\\\/djmusicgeek.com\\\/#website\",\"url\":\"https:\\\/\\\/djmusicgeek.com\\\/\",\"name\":\"DJ Music Geek\",\"description\":\"\",\"potentialAction\":[{\"@type\":\"SearchAction\",\"target\":{\"@type\":\"EntryPoint\",\"urlTemplate\":\"https:\\\/\\\/djmusicgeek.com\\\/?s={search_term_string}\"},\"query-input\":{\"@type\":\"PropertyValueSpecification\",\"valueRequired\":true,\"valueName\":\"search_term_string\"}}],\"inLanguage\":\"hu\"}]}<\/script>\n<!-- \/ Yoast SEO plugin. -->","yoast_head_json":{"title":"A 10 legjobb gamer fejhallgat\u00f3 - DJ Music Geek","robots":{"index":"index","follow":"follow","max-snippet":"max-snippet:-1","max-image-preview":"max-image-preview:large","max-video-preview":"max-video-preview:-1"},"canonical":"https:\/\/djmusicgeek.com\/hu\/legjobb-jatek-jatekos-top-10-legjobb-jatekos-fejhallgato-vasarlasra-azert\/","og_locale":"hu_HU","og_type":"article","og_title":"A 10 legjobb gamer fejhallgat\u00f3 - DJ Music Geek","og_url":"https:\/\/djmusicgeek.com\/hu\/legjobb-jatek-jatekos-top-10-legjobb-jatekos-fejhallgato-vasarlasra-azert\/","og_site_name":"DJ Music Geek","article_modified_time":"2026-03-01T13:47:56+00:00","twitter_card":"summary_large_image","schema":{"@context":"https:\/\/schema.org","@graph":[{"@type":"WebPage","@id":"https:\/\/djmusicgeek.com\/hu\/legjobb-jatek-jatekos-top-10-legjobb-jatekos-fejhallgato-vasarlasra-azert\/","url":"https:\/\/djmusicgeek.com\/hu\/legjobb-jatek-jatekos-top-10-legjobb-jatekos-fejhallgato-vasarlasra-azert\/","name":"A 10 legjobb gamer fejhallgat\u00f3 - DJ Music Geek","isPartOf":{"@id":"https:\/\/djmusicgeek.com\/#website"},"datePublished":"2024-06-14T21:53:57+00:00","dateModified":"2026-03-01T13:47:56+00:00","breadcrumb":{"@id":"https:\/\/djmusicgeek.com\/hu\/legjobb-jatek-jatekos-top-10-legjobb-jatekos-fejhallgato-vasarlasra-azert\/#breadcrumb"},"inLanguage":"hu","potentialAction":[{"@type":"ReadAction","target":["https:\/\/djmusicgeek.com\/hu\/legjobb-jatek-jatekos-top-10-legjobb-jatekos-fejhallgato-vasarlasra-azert\/"]}]},{"@type":"BreadcrumbList","@id":"https:\/\/djmusicgeek.com\/hu\/legjobb-jatek-jatekos-top-10-legjobb-jatekos-fejhallgato-vasarlasra-azert\/#breadcrumb","itemListElement":[{"@type":"ListItem","position":1,"name":"Kezd\u0151lap","item":"https:\/\/djmusicgeek.com\/"},{"@type":"ListItem","position":2,"name":"A 10 legjobb gamer fejhallgat\u00f3 &#8211;"}]},{"@type":"WebSite","@id":"https:\/\/djmusicgeek.com\/#website","url":"https:\/\/djmusicgeek.com\/","name":"DJ Music Geek","description":"","potentialAction":[{"@type":"SearchAction","target":{"@type":"EntryPoint","urlTemplate":"https:\/\/djmusicgeek.com\/?s={search_term_string}"},"query-input":{"@type":"PropertyValueSpecification","valueRequired":true,"valueName":"search_term_string"}}],"inLanguage":"hu"}]}},"_links":{"self":[{"href":"https:\/\/djmusicgeek.com\/hu\/wp-json\/wp\/v2\/pages\/12777","targetHints":{"allow":["GET"]}}],"collection":[{"href":"https:\/\/djmusicgeek.com\/hu\/wp-json\/wp\/v2\/pages"}],"about":[{"href":"https:\/\/djmusicgeek.com\/hu\/wp-json\/wp\/v2\/types\/page"}],"author":[{"embeddable":true,"href":"https:\/\/djmusicgeek.com\/hu\/wp-json\/wp\/v2\/users\/2"}],"replies":[{"embeddable":true,"href":"https:\/\/djmusicgeek.com\/hu\/wp-json\/wp\/v2\/comments?post=12777"}],"version-history":[{"count":2,"href":"https:\/\/djmusicgeek.com\/hu\/wp-json\/wp\/v2\/pages\/12777\/revisions"}],"predecessor-version":[{"id":16707,"href":"https:\/\/djmusicgeek.com\/hu\/wp-json\/wp\/v2\/pages\/12777\/revisions\/16707"}],"wp:attachment":[{"href":"https:\/\/djmusicgeek.com\/hu\/wp-json\/wp\/v2\/media?parent=12777"}],"curies":[{"name":"wp","href":"https:\/\/api.w.org\/{rel}","templated":true}]}}