{"id":17718,"date":"2026-02-25T19:26:17","date_gmt":"2026-02-25T19:26:17","guid":{"rendered":"https:\/\/djmusicgeek.com\/best-running-shoes-2026-en\/"},"modified":"2026-02-25T19:26:17","modified_gmt":"2026-02-25T19:26:17","slug":"best-running-shoes-2026-en","status":"publish","type":"page","link":"https:\/\/djmusicgeek.com\/hr\/best-running-shoes-2026-en\/","title":{"rendered":"Top 10 najboljih tenisica za tr\u010danje"},"content":{"rendered":"","protected":false},"excerpt":{"rendered":"","protected":false},"author":2,"featured_media":0,"parent":0,"menu_order":0,"comment_status":"closed","ping_status":"closed","template":"sales-template.php","meta":{"_acf_changed":false,"footnotes":""},"class_list":["post-17718","page","type-page","status-publish","hentry"],"acf":{"product_2_supplier":"Amazon","product_2_asin":"B0D79LNLT7","product_3_supplier":"Amazon","product_3_asin":"B0D31VBRRP","product_4_supplier":"Amazon","product_4_asin":"B0FCMJ19N3","product_5_supplier":"Amazon","product_5_asin":"B0F9LH3TWT","product_6_supplier":"Amazon","product_6_asin":"B0D2BQQH3F","product_7_supplier":"Amazon","product_7_asin":"B0D2DGZNFR","product_8_supplier":"Amazon","product_8_asin":"B0BQNB7D8L","product_9_supplier":"Amazon","product_9_asin":"B0CL6Y7VG6","product_10_supplier":"Amazon","product_10_asin":"B0CF2QQZTT","exclude_from_search":true,"language_code":"hr","product_name":"adidas Adizero EVO SL","product_type":"Tenisice za tr\u010danje","product_type_singular":"Tenisica za tr\u010danje","features":"<p>Super lagana amortizacija s Lightstrike Pro<br \/>\nPovrat energije za pobolj\u0161anu brzinu<br \/>\nZa\u0161titni sustav vezivanja<br \/>\nSinteti\u010dki i tekstilni gornji dio<br \/>\nTekstilna podstava<br \/>\nIzdr\u017eljiv \u0111on<br \/>\nPrepoznatljiv dizajn s 3 pruge<br \/>\nIdealno za razne aktivnosti tr\u010danja<\/p>\n","rating":"9.8","intro_text":"<p>Dobrodo\u0161li u na\u0161 sveobuhvatni pregled Top 10 najboljih tenisica za tr\u010danje za 2026. Bilo da si iskusni maratonac ili povremeni trka\u010d, pravi par tenisica za tr\u010danje mo\u017ee napraviti veliku razliku u udobnosti i performansama. Testirali smo i pregledali izbor najboljih tenisica za tr\u010danje dostupnih na britanskom tr\u017ei\u0161tu, pokrivaju\u0107i raspon bud\u017eeta i potreba.  <\/p>\n<p>U ovom vodi\u010du provest \u0107emo te kroz istaknute zna\u010dajke svake tenisice, metrike performansi i odnos cijene i kvalitete. Od premium opcija koje nude najsuvremeniju tehnologiju do pristupa\u010dnih izbora koji ne \u017ertvuju kvalitetu, pokrili smo sve. Zaronimo u svijet tenisica za tr\u010danje i prona\u0111imo savr\u0161en par za tebe.  <\/p>\n","text_before_product_box":"<p>Odabir pravih tenisica za tr\u010danje klju\u010dan je i za performanse i za prevenciju ozljeda. S toliko dostupnih opcija, mo\u017ee biti te\u0161ko odlu\u010diti koji \u0107e par biti tvoj najbolji pratitelj na cesti. Na\u0161 izbor fokusira se na vrhunski ocijenjene tenisice koje pru\u017eaju udobnost, izdr\u017eljivost i ukupne performanse.  <\/p>\n<p>Prije nego \u0161to pre\u0111emo na detaljne preglede, postavimo scenu s nekoliko klju\u010dnih razmatranja. Udobnost, podr\u0161ka i amortizacija su bitni \u010dimbenici, ali ne zanemaruj va\u017enost prozra\u010dnosti i te\u017eine. Lagana tenisica mo\u017ee zna\u010dajno pobolj\u0161ati tvoje iskustvo tr\u010danja.  <\/p>\n","text_after_product_box":"<p>Na\u0161a metodologija u odabiru ovih vrhunskih tenisica za tr\u010danje uklju\u010divala je rigorozno testiranje i povratne informacije od povremenih i profesionalnih trka\u010da. Razmatrali smo \u010dimbenike poput amortizacije, podr\u0161ke, izdr\u017eljivosti i korisni\u010dkih recenzija. Bitno je zapamtiti da je najbolja tenisica za tr\u010danje ona koja savr\u0161eno odgovara obliku tvog stopala i stilu tr\u010danja.  <\/p>\n<p>Odli\u010dna tenisica za tr\u010danje pru\u017ea ravnote\u017eu udobnosti i performansi. Tra\u017ei zna\u010dajke poput responzivne amortizacije i prozra\u010dnih materijala. Ovi elementi ne samo da pobolj\u0161avaju tvoje iskustvo tr\u010danja, ve\u0107 tako\u0111er poma\u017eu u prevenciji uobi\u010dajenih ozljeda povezanih sa sportom.  <\/p>\n","why_the_best_text":"<p>adidas Adizero EVO SL isti\u010de se kao najbolji izbor za 2026. zbog svoje superiorne kombinacije udobnosti, stila i performansi. Lightstrike Pro tehnologija pru\u017ea nenadma\u0161nu amortizaciju i povrat energije, izdvajaju\u0107i je od konkurencije. <\/p>\n<p>Njegov lagani dizajn osigurava da mo\u017ee\u0161 odr\u017eavati brzinu bez \u017ertvovanja udobnosti, a siguran sustav vezivanja nudi \u010dvrsto pristajanje za svakog trka\u010da. Bilo da sprintera\u0161 na stazi ili tr\u010di\u0161 u parku, ove tenisice pru\u017eaju savr\u0161enu ravnote\u017eu podr\u0161ke i fleksibilnosti. <\/p>\n","reviews_text":"<p>adidas Adizero EVO SL dobiva odli\u010dne recenzije od trka\u010da koji cijene njegov lagani dizajn i impresivan povrat energije. Korisnici su pohvalili tenisicu za izvrsno prianjanje i udobnost, napominju\u0107i da iznimno dobro funkcionira na raznim terenima. <\/p>\n<p>Povratne informacije isti\u010du kako su ove tenisice prema\u0161ile o\u010dekivanja u smislu performansi i udobnosti, \u010dine\u0107i ih omiljenim izborom i za povremene tr\u010danja i za intenzivne treninge. Kombinacija inovativnih materijala i klasi\u010dnih dizajnerskih elemenata poput 3 pruge \u010dini ih istaknutim izborom. <\/p>\n","top_pick_box_text":"<p>adidas Adizero EVO SL je na\u0161 glavni izbor za najbolju tenisicu za tr\u010danje 2026. S najsuvremenijom Lightstrike Pro amortizacijom i povratom energije, nudi neusporedive performanse za ljubitelje brzine. Kombinacija stila i funkcionalnosti \u010dini je neophodnom za svakog ozbiljnog trka\u010da.  <\/p>\n<p>Idealna i za natjecateljske trka\u010de i za ljubitelje fitnessa, ova tenisica pru\u017ea iznimnu udobnost i podr\u0161ku. Njen lagani dizajn i sigurno pristajanje osiguravaju da se mo\u017ee\u0161 fokusirati na svoje tr\u010danje bez ometanja. Iskusi savr\u0161eno tr\u010danje s adidas Adizero EVO SL.  <\/p>\n","bottom_text":"<p>Nakon pregleda vrhunskih tenisica za tr\u010danje 2026., adidas Adizero EVO SL se izdvaja kao jasan pobjednik. Sa svojim inovativnim zna\u010dajkama i izvanrednim performansama, idealan je pratitelj za svakog trka\u010da. <\/p>\n<p>Ne \u010dekaj vi\u0161e da unapredi\u0161 svoju igru tr\u010danja. Odaberi adidas Adizero EVO SL i iskusi razliku sam. Sretno tr\u010danje!  <\/p>\n","product_2_text_after":"<p>ASICS Women&#8217;s Novablast 5 Sneaker je sna\u017ena opcija za one koji tra\u017ee glatku i energi\u010dnu vo\u017enju. Njen jedinstveni dizajn odgovara i treningu i utrkama na duge staze, osiguravaju\u0107i da ima\u0161 podr\u0161ku i udobnost potrebnu za produljena tr\u010danja. <\/p>\n<p>Iako mo\u017eda nema isti lagani osje\u0107aj kao adidas Adizero EVO SL, Novablast 5 izvrsno pru\u017ea ravnote\u017eu amortizacije i stabilnosti. Ova tenisica je savr\u0161ena za trka\u010de koji cijene robusnu strukturu pod stopalom, \u010dine\u0107i je solidnim izborom za one s problemima pronacije. <\/p>\n<p>Rangirana kao druga, izvrsna je opcija za one koji cijene ASICS pristup udobnosti i performansama, \u010dak i ako dolazi po malo vi\u0161oj cijeni. Ako tra\u017ei\u0161 pouzdanu tenisicu koja pru\u017ea na svim frontovima, Novablast 5 vrijedi razmotriti. <\/p>\n","text_after_product_box_2":"<p>Kao trend za 2026., tenisice za tr\u010danje postaju ekolo\u0161ki prihvatljivije s brendovima koji se fokusiraju na odr\u017eive materijale i proizvodne procese. Ova promjena ne samo da koristi okoli\u0161u, ve\u0107 \u010desto rezultira udobnijim i inovativnijim tenisicama. <\/p>\n<p>Prilikom kupnje tenisica za tr\u010danje, razmotri povr\u0161inu i udaljenost tr\u010danja. Trka\u010di na cesti mogu dati prioritet amortizaciji i laganom dizajnu, dok se trka\u010di na stazama mogu fokusirati na prianjanje i stabilnost. Ne zaboravi uzeti u obzir bilo koje specifi\u010dne potrebe poput podr\u0161ke svoda ili opcija za \u0161ire stopalo.  <\/p>\n","product_3_text_after":"<p>On Mens Cloudsurfer 2 dizajniran je za one koji \u017eude za udobno\u0161\u0107u i stilom. Poznata po svojoj prepoznatljivoj tehnologiji \u0111ona, ova tenisica nudi jedinstveno iskustvo tr\u010danja koje mnogi korisnici smatraju zaraznim. Sustav amortizacije prilago\u0111ava se tvom koraku, pru\u017eaju\u0107i personalizirano pristajanje i osje\u0107aj.  <\/p>\n<p>Iako je cijena vi\u0161a od nekih drugih modela, kvaliteta i udobnost Cloudsurfer 2 opravdavaju ulaganje. Posebno je prikladna za duge \u0161etnje i tr\u010danja gdje je udobnost najva\u017enija. Me\u0111utim, njene performanse mo\u017eda ne\u0107e odgovarati okretnosti prvoplasiranog adidas Adizero EVO SL.  <\/p>\n<p>Ako si spreman ulo\u017eiti u premium tenisicu koja obe\u0107ava udobnu vo\u017enju i modernu estetiku, On Mens Cloudsurfer 2 je pohvalan izbor.<\/p>\n","product_4_text_after":"<p>PUMA Velocity Nitro 4 je pristupa\u010dna opcija koja ne \u0161tedi na zna\u010dajkama. Sa svojim NITROFOAM me\u0111upotplatom i pobolj\u0161anom prozra\u010dno\u0161\u0107u, ova tenisica dizajnirana je za \u0161irok raspon trka\u010da. Nudi impresivno prianjanje zahvaljuju\u0107i PUMAGRIP \u0111onu, osiguravaju\u0107i stabilnost na raznim povr\u0161inama.  <\/p>\n<p>Iako mo\u017eda nema istu razinu povrata energije kao adidas Adizero EVO SL, Velocity Nitro 4 pru\u017ea pouzdano i udobno iskustvo za svakodnevno tr\u010danje. Izvrstan je izbor za one koji cijene odnos cijene i kvalitete u laganom paketu. <\/p>\n<p>PUMA fokus na svestranost i udobnost \u010dini ovu tenisicu odli\u010dnom opcijom za trka\u010de koji \u017eele pouzdanog partnera za razne udaljenosti i uvjete bez velikih tro\u0161kova.<\/p>\n","product_5_text_after":"<p>Saucony Ride 19 je svestrana tenisica za tr\u010danje koja nudi kombinaciju udobnosti i responzivnosti. Ova neutralna tenisica isti\u010de se u pru\u017eanju glatke vo\u017enje, \u010dine\u0107i je idealnim izborom za trka\u010de koji u\u017eivaju u uravnote\u017eenom osje\u0107aju. Njena lak\u0161a i mek\u0161a konstrukcija pobolj\u0161ava iskustvo tr\u010danja.  <\/p>\n<p>Iako izvrsno pru\u017ea udobnost, neki bi mogli smatrati da joj nedostaje najsuvremenija tehnologija vi\u0111ena u vi\u0161erangiranim tenisicama poput adidas Adizero EVO SL. Me\u0111utim, njena pristupa\u010dnost i pouzdanost \u010dine je popularnim izborom me\u0111u onima koji tra\u017ee pouzdan svakodnevni trener. <\/p>\n<p>Ako si trka\u010d koji cijeni udobnost i svestranost, Saucony Ride 19 je solidna opcija za razmatranje.<\/p>\n","product_6_text_after":"<p>New Balance Men&#8217;s Fresh Foam X 1080 V14 je dokaz New Balance predanosti udobnosti i performansama. Sa svojom Fresh Foam amortizacijom, ova tenisica pru\u017ea pli\u0161ano iskustvo tr\u010danja, idealno za one koji daju prioritet mekom slijetanju. <\/p>\n<p>Iako visoko ocijenjena, ne odgovara sasvim brzinskom dizajnu adidas Adizero EVO SL. Me\u0111utim, njeno savr\u0161eno pristajanje i superiorna amortizacija \u010dine je omiljenom me\u0111u trka\u010dima kojima je potrebna dodatna podr\u0161ka i udobnost na tr\u010danjima. <\/p>\n<p>Za one koji tra\u017ee tenisicu koja se osje\u0107a kao tr\u010danje na oblacima, Fresh Foam X 1080 V14 je izvrstan izbor, nude\u0107i i izdr\u017eljivost i udobnost po razumnoj cijeni.<\/p>\n","product_7_text_after":"<p>NIKE Men&#8217;s Pegasus 41 je klasi\u010dan izbor za trka\u010de koji cijene responzivnu vo\u017enju. Opremljena s dvije Air Zoom jedinice i ReactX pjenom me\u0111upotplata, nudi energi\u010dan osje\u0107aj koji mnogi trka\u010di vole. <\/p>\n<p>Iako pru\u017ea odli\u010dnu amortizaciju i odsko\u010dnost, mo\u017eda ne nudi istu laganu prednost kao adidas Adizero EVO SL. Me\u0111utim, njena pouzdanost i udobnost \u010dine je osnovom za mnoge svakodnevne trka\u010de. <\/p>\n<p>Za one koji \u017eele pouzdanu tenisicu s dokazanim u\u010dinkom, Pegasus 41 je dostojan kandidat, posebno za one koji tr\u010de po plo\u010dnicima i cestama.<\/p>\n","product_8_text_after":"<p>Mizuno Unisex Wave Prophecy 12 nudi jedinstvenu kombinaciju amortizacije i stabilnosti, dizajniranu za one koji preferiraju \u010dvr\u0161\u0107i osje\u0107aj. Njena dvostruka Wave platforma pru\u017ea maksimalnu podr\u0161ku, \u010dine\u0107i je prikladnom za trka\u010de kojima je potrebna dodatna stabilnost. <\/p>\n<p>Iako izvrsno pru\u017ea izdr\u017eljivost i podr\u0161ku, mo\u017eda ne odgovara laganom i energi\u010dnom osje\u0107aju prvoplasiranih tenisica poput adidas Adizero EVO SL. Me\u0111utim, njen ekolo\u0161ki prihvatljiv dizajn je plus za ekolo\u0161ki osvje\u0161tene trka\u010de. <\/p>\n<p>Ako je stabilnost tvoj prioritet i cijeni\u0161 odr\u017eive prakse, Wave Prophecy 12 je tenisica vrijedna razmatranja.<\/p>\n","product_9_text_after":"<p>Brooks Glycerin 20 slavi se po svojoj pli\u0161anoj amortizaciji i udobnosti, \u010dine\u0107i je izvrsnim izborom za trka\u010de na duge staze kojima je potrebna dodatna podr\u0161ka. Njena DNA LOFT amortizacija osigurava meku i glatku vo\u017enju, idealnu za one sa \u0161irim stopalima. <\/p>\n<p>Unato\u010d svojoj udobnosti, mo\u017eda ne nudi istu razinu pobolj\u0161anja brzine kao adidas Adizero EVO SL. Me\u0111utim, njena reputacija za udobnost i pristajanje \u010dini je pouzdanim izborom za mnoge. <\/p>\n<p>Ako tra\u017ei\u0161 tenisicu koja daje prioritet udobnosti i amortizaciji, Glycerin 20 je pouzdana i voljena opcija.<\/p>\n","product_10_text_after":"<p>Salomon Speedcross Peak dizajniran je za trka\u010de na stazama kojima je potrebna za\u0161tita i prianjanje. Njena Sensifit konstrukcija i Contagrip \u0111on pru\u017eaju sigurno pristajanje i izvrsno prianjanje na neravnom terenu. <\/p>\n<p>Iako je izvrstan izbor za staze, mo\u017eda ne\u0107e funkcionirati jednako dobro na cestama u usporedbi s adidas Adizero EVO SL. Me\u0111utim, njena izdr\u017eljivost i dizajn \u010dine je solidnim izborom za one koji \u010desto tr\u010de izvan ceste. <\/p>\n<p>Za ljubitelje staza koji tra\u017ee tenisicu koja mo\u017ee podnijeti zahtjevne staze, Speedcross Peak je pouzdana i pristupa\u010dna opcija.<\/p>\n"},"yoast_head":"<!-- This site is optimized with the Yoast SEO plugin v27.4 - https:\/\/yoast.com\/product\/yoast-seo-wordpress\/ -->\n<title>Top 10 najboljih tenisica za tr\u010danje - DJ Music Geek<\/title>\n<meta name=\"robots\" content=\"index, follow, max-snippet:-1, max-image-preview:large, max-video-preview:-1\" \/>\n<link rel=\"canonical\" href=\"https:\/\/djmusicgeek.com\/best-running-shoes-2026-en\/\" \/>\n<meta property=\"og:locale\" content=\"hr_HR\" \/>\n<meta property=\"og:type\" content=\"article\" \/>\n<meta property=\"og:title\" content=\"Top 10 najboljih tenisica za tr\u010danje - DJ Music Geek\" \/>\n<meta property=\"og:url\" content=\"https:\/\/djmusicgeek.com\/best-running-shoes-2026-en\/\" \/>\n<meta property=\"og:site_name\" content=\"DJ Music Geek\" \/>\n<meta name=\"twitter:card\" content=\"summary_large_image\" \/>\n<script type=\"application\/ld+json\" class=\"yoast-schema-graph\">{\"@context\":\"https:\\\/\\\/schema.org\",\"@graph\":[{\"@type\":\"WebPage\",\"@id\":\"https:\\\/\\\/djmusicgeek.com\\\/best-running-shoes-2026-en\\\/\",\"url\":\"https:\\\/\\\/djmusicgeek.com\\\/best-running-shoes-2026-en\\\/\",\"name\":\"Top 10 najboljih tenisica za tr\u010danje - DJ Music Geek\",\"isPartOf\":{\"@id\":\"https:\\\/\\\/djmusicgeek.com\\\/#website\"},\"datePublished\":\"2026-02-25T19:26:17+00:00\",\"breadcrumb\":{\"@id\":\"https:\\\/\\\/djmusicgeek.com\\\/best-running-shoes-2026-en\\\/#breadcrumb\"},\"inLanguage\":\"hr\",\"potentialAction\":[{\"@type\":\"ReadAction\",\"target\":[\"https:\\\/\\\/djmusicgeek.com\\\/best-running-shoes-2026-en\\\/\"]}]},{\"@type\":\"BreadcrumbList\",\"@id\":\"https:\\\/\\\/djmusicgeek.com\\\/best-running-shoes-2026-en\\\/#breadcrumb\",\"itemListElement\":[{\"@type\":\"ListItem\",\"position\":1,\"name\":\"Po\u010detna\",\"item\":\"https:\\\/\\\/djmusicgeek.com\\\/\"},{\"@type\":\"ListItem\",\"position\":2,\"name\":\"Top 10 najboljih tenisica za tr\u010danje\"}]},{\"@type\":\"WebSite\",\"@id\":\"https:\\\/\\\/djmusicgeek.com\\\/#website\",\"url\":\"https:\\\/\\\/djmusicgeek.com\\\/\",\"name\":\"DJ Music Geek\",\"description\":\"\",\"potentialAction\":[{\"@type\":\"SearchAction\",\"target\":{\"@type\":\"EntryPoint\",\"urlTemplate\":\"https:\\\/\\\/djmusicgeek.com\\\/?s={search_term_string}\"},\"query-input\":{\"@type\":\"PropertyValueSpecification\",\"valueRequired\":true,\"valueName\":\"search_term_string\"}}],\"inLanguage\":\"hr\"}]}<\/script>\n<!-- \/ Yoast SEO plugin. -->","yoast_head_json":{"title":"Top 10 najboljih tenisica za tr\u010danje - DJ Music Geek","robots":{"index":"index","follow":"follow","max-snippet":"max-snippet:-1","max-image-preview":"max-image-preview:large","max-video-preview":"max-video-preview:-1"},"canonical":"https:\/\/djmusicgeek.com\/best-running-shoes-2026-en\/","og_locale":"hr_HR","og_type":"article","og_title":"Top 10 najboljih tenisica za tr\u010danje - DJ Music Geek","og_url":"https:\/\/djmusicgeek.com\/best-running-shoes-2026-en\/","og_site_name":"DJ Music Geek","twitter_card":"summary_large_image","schema":{"@context":"https:\/\/schema.org","@graph":[{"@type":"WebPage","@id":"https:\/\/djmusicgeek.com\/best-running-shoes-2026-en\/","url":"https:\/\/djmusicgeek.com\/best-running-shoes-2026-en\/","name":"Top 10 najboljih tenisica za tr\u010danje - DJ Music Geek","isPartOf":{"@id":"https:\/\/djmusicgeek.com\/#website"},"datePublished":"2026-02-25T19:26:17+00:00","breadcrumb":{"@id":"https:\/\/djmusicgeek.com\/best-running-shoes-2026-en\/#breadcrumb"},"inLanguage":"hr","potentialAction":[{"@type":"ReadAction","target":["https:\/\/djmusicgeek.com\/best-running-shoes-2026-en\/"]}]},{"@type":"BreadcrumbList","@id":"https:\/\/djmusicgeek.com\/best-running-shoes-2026-en\/#breadcrumb","itemListElement":[{"@type":"ListItem","position":1,"name":"Po\u010detna","item":"https:\/\/djmusicgeek.com\/"},{"@type":"ListItem","position":2,"name":"Top 10 najboljih tenisica za tr\u010danje"}]},{"@type":"WebSite","@id":"https:\/\/djmusicgeek.com\/#website","url":"https:\/\/djmusicgeek.com\/","name":"DJ Music Geek","description":"","potentialAction":[{"@type":"SearchAction","target":{"@type":"EntryPoint","urlTemplate":"https:\/\/djmusicgeek.com\/?s={search_term_string}"},"query-input":{"@type":"PropertyValueSpecification","valueRequired":true,"valueName":"search_term_string"}}],"inLanguage":"hr"}]}},"_links":{"self":[{"href":"https:\/\/djmusicgeek.com\/hr\/wp-json\/wp\/v2\/pages\/17718","targetHints":{"allow":["GET"]}}],"collection":[{"href":"https:\/\/djmusicgeek.com\/hr\/wp-json\/wp\/v2\/pages"}],"about":[{"href":"https:\/\/djmusicgeek.com\/hr\/wp-json\/wp\/v2\/types\/page"}],"author":[{"embeddable":true,"href":"https:\/\/djmusicgeek.com\/hr\/wp-json\/wp\/v2\/users\/2"}],"replies":[{"embeddable":true,"href":"https:\/\/djmusicgeek.com\/hr\/wp-json\/wp\/v2\/comments?post=17718"}],"version-history":[{"count":0,"href":"https:\/\/djmusicgeek.com\/hr\/wp-json\/wp\/v2\/pages\/17718\/revisions"}],"wp:attachment":[{"href":"https:\/\/djmusicgeek.com\/hr\/wp-json\/wp\/v2\/media?parent=17718"}],"curies":[{"name":"wp","href":"https:\/\/api.w.org\/{rel}","templated":true}]}}