{"id":13044,"date":"2023-10-31T20:43:26","date_gmt":"2023-10-31T20:43:26","guid":{"rendered":"https:\/\/djmusicgeek.com\/top-10-najboljih-dronova-za-kupiti-u-irskoj-za-mjesec-godina-azurirano\/"},"modified":"2026-02-25T17:34:25","modified_gmt":"2026-02-25T17:34:25","slug":"top-10-najboljih-dronova-za-kupiti-u-irskoj-za-mjesec-godina-azurirano","status":"publish","type":"page","link":"https:\/\/djmusicgeek.com\/hr\/top-10-najboljih-dronova-za-kupiti-u-irskoj-za-mjesec-godina-azurirano\/","title":{"rendered":"Top 10 najboljih dronova za kupnju u Irskoj za April 2026 [A\u017eurirano]"},"content":{"rendered":"","protected":false},"excerpt":{"rendered":"","protected":false},"author":2,"featured_media":0,"parent":0,"menu_order":0,"comment_status":"closed","ping_status":"closed","template":"sales-template.php","meta":{"_acf_changed":false,"footnotes":""},"class_list":["post-13044","page","type-page","status-publish","hentry"],"acf":{"product_2_supplier":"Shopsta","product_3_supplier":"Amazon","product_4_supplier":"Amazon","product_5_supplier":"Shopsta","product_6_supplier":"Amazon","product_7_supplier":"Amazon","product_8_supplier":"Amazon","product_9_supplier":"Amazon","product_10_supplier":"Amazon","exclude_from_search":true,"product_3_price":"\u20ac69.99","product_price_shortcode":"199,99 \u20ac","product_discount_price_shortcode":"159,99 \u20ac","product_image_1":"https:\/\/cdn.shopify.com\/s\/files\/1\/0503\/4170\/7969\/products\/720ae794-ace9-4b5b-95c7-e496cc4521b8.jpg?v=1662413123","product_image_2":"https:\/\/djmusicgeek.com\/wp-content\/uploads\/2022\/09\/34a4b5c8-0cb9-484c-bb2f-c0f0fd4990ff.jpg.webp","product_image_3":"https:\/\/djmusicgeek.com\/wp-content\/uploads\/2022\/09\/4drc-f11.jpg","product_image_4":"https:\/\/djmusicgeek.com\/wp-content\/uploads\/2022\/09\/34a4b5c8-0cb9-484c-bb2f-c0f0fd4990ff.jpg.webp","product_image_5":"https:\/\/djmusicgeek.com\/wp-content\/uploads\/2022\/09\/4drc-f11.jpg","product_image_6":"https:\/\/imgaz.staticbg.com\/images\/oaupload\/banggood\/images\/CF\/3A\/771c533e-3f63-400e-b381-a126f6fbbeb0.jpg.webp","product_image_7":"https:\/\/imgaz.staticbg.com\/images\/oaupload\/banggood\/images\/6D\/8F\/f204aa95-4e5f-48db-a676-5df6614c1b85.jpg.webp","product_image_8":"https:\/\/imgaz.staticbg.com\/images\/oaupload\/banggood\/images\/03\/17\/434c53c6-77c2-4462-9876-5e3e474699a4.jpg.webp","product_3_asin":"B09WDBDGBZ","product_4_asin":"B0BKLCFY3J","product_6_asin":"B0CFF1SJ3P","product_7_asin":"B09VCCRRCH","product_8_asin":"B09MVYLN9L","product_9_asin":"B0B45CWJ5H","product_10_asin":"B0B21J2R92","product_2_image_1":"https:\/\/cdn.shopify.com\/s\/files\/1\/0503\/4170\/7969\/products\/4DRC-V4-WIFI-FPV-Drone-WiFi-live-video-FPV-4K-1080P-HD-Wide-Angle-Camera-Foldable_jpg_Q90_jpg_1483x1456_65162d87-3064-4360-bf51-a194c66e40ba.jpg?v=1672377201","product_2_image_2":"https:\/\/cdn.shopify.com\/s\/files\/1\/0503\/4170\/7969\/products\/4DRC-V4-WIFI-FPV-Drone-WiFi-live-video-FPV-4K-1080P-HD-Wide-Angle-Camera-Foldable.jpg_Q90.jpg__1.webp?v=1672377201","product_2_image_3":"https:\/\/cdn.shopify.com\/s\/files\/1\/0503\/4170\/7969\/products\/4DRC-V4-WIFI-FPV-Drone-WiFi-live-video-FPV-4K-1080P-HD-Wide-Angle-Camera-Foldable.jpg_Q90.jpg__2.webp?v=1672377201","product_2_price":"139,99 \u20ac","product_2_discount_price":"111,99 \u20ac","product_3_image_1":"https:\/\/www.shopsta.co.uk\/cdn\/shop\/files\/H9bd2e6933337414ca9080e6826e29fcaN_1000x1000.webp?v=1698783237","product_3_image_2":"https:\/\/www.shopsta.co.uk\/cdn\/shop\/files\/H747c6c365b134b6f89603c20492cc030S_800x800.webp?v=1698783238","product_3_image_3":"https:\/\/www.shopsta.co.uk\/cdn\/shop\/files\/Hd969eeab219042ac8f821e85075a3b26w_1000x1000.webp?v=1698783238","product_3_discount_price":"55,99 \u20ac","product_url":"products\/4drc-f11-pro-gps-5g-wifi-fpv-with-4k-esc-hd-dual-camera-3km-flight-range-brushless-rc-drone-quadcopter-rtf","product_2_asin":"","product_5_asin":"","product_2_url":"products\/4drc-v4-wifi-fpv-drone-with-dual-4k-camera","product_3_url":"products\/e88-pro-drone-4k-dual-camera-aerial-photography-toy-helicopter\/","language_code":"hr","product_name":"4DRC F11 PRO","product_type":"Dronovi","product_type_singular":"Dron za ve\u0107inu korisnika","product_full_name":"4DRC F11 PRO 4K dron s dvostrukom kamerom","bullet_points":"<ul>\n<li>BATERIJA VELIKOG KAPACITETA: dron dolazi s Lipo baterijom velikog kapaciteta od 7,4 V i 3000 mAh koja nudi znatno vrijeme leta od oko 30 minuta.<\/li>\n<li>VELIKA KONTROLNA UDALJENOST: Napravljen za kori\u0161tenje na velikim udaljenostima, mo\u017ee se kontrolirati do udaljenosti od nevjerojatnih 3000 m.<\/li>\n<li>KAMERE PROFESIONALNE KVALITETE: Opremljene visokokvalitetnom Real 4K ESC HD kamerom, plus sekundarnom donjom kamerom od 1080P za snimanje kvalitetnih videozapisa i slika iz kuta iz zraka.<\/li>\n<li>NAPREDNI SUSTAV NAVO\u0110ENJA: Sadr\u017ei napredni GPS sustav povratka jednim klju\u010dem plus GPS inteligentno pra\u0107enje za jednostavno upravljanje bez ruku.<\/li>\n<li>VI\u0160E NA\u010cINA LETA: mno\u0161tvo zna\u010dajki za razli\u010dita iskustva leta, uklju\u010duju\u0107i prepoznavanje fotografije gestama, planiranje leta u vi\u0161e to\u010daka, okru\u017eenje fiksne to\u010dke i funkciju vra\u0107anja zrakoplova.<\/li>\n<li>DIJELJENJE: Pru\u017eanje dijeljenja slika i videa za dru\u0161tveni zvuk kako biste odmah podijelili svoja avanturisti\u010dka putovanja.<\/li>\n<\/ul>\n","features":"<p>OPTIMALNO VRIJEME LETA: Ovaj dron pru\u017ea oko 30 minuta leta po punjenju, \u0161to omogu\u0107uje opse\u017enu upotrebu i snimanje leta prije nego \u0161to mu je potrebno ponovno punjenje.<br \/>\nUGRA\u0110ENA KAMERA: 4DRC F11 Pro opremljen je dvostrukim kamerama za snimanje visokokvalitetnih 4K slika i videozapisa, \u0161to ovaj dron \u010dini savr\u0161enim alatom za snimanje fotografija i videa iz zraka koji oduzimaju dah.<br \/>\nPRO\u0160IRENI DOSEG KONTROLE: Sa svojim frekvencijskim kapacitetom od 2,4 G, njime se mo\u017ee daljinski upravljati s impresivne udaljenosti do 3000 m.<br \/>\nOPCIJE STABILNOG LETA: \u017diroskopski stabilizator sa \u0161est osi osigurava stabilan i gladak let, omogu\u0107uju\u0107i precizno manevriranje i pouzdanu stabilnost u razli\u010ditim uvjetima.<br \/>\nGPS OMOGU\u0106EN: Ugra\u0111ena GPS zna\u010dajka pru\u017ea pobolj\u0161ane prednosti sigurnosti leta kao \u0161to su funkcije povratka na po\u010detnu stranicu kada je dron slabe snage ili gubi signal.<br \/>\nAUTONOMNI NA\u010cIN LETA: Upotrijebite na\u010din rada planiranja leta s vi\u0161e to\u010daka kako biste postavili odre\u0111enu stazu koju \u0107e dron samostalno slijediti, osloba\u0111aju\u0107i vas da se usredoto\u010dite na rad kamere.<br \/>\nPOTPUNO OPREMLJENA APLIKACIJA: Dron dolazi s aplikacijom jednostavnom za kori\u0161tenje koja omogu\u0107uje inteligentno pra\u0107enje putem GPS-a, prepoznavanje fotografije gestama, okru\u017eenje fiksne to\u010dke i funkciju vra\u0107anja zrakoplova.<br \/>\nNA\u010cIN BEZ GLAVE: Prakti\u010dan na\u010din rada bez glave osigurava lak\u0161i rad i kontrolu za korisnike, bez obzira na orijentaciju drona u zraku.<\/p>\n","rating":"9.8","intro_text":"<p>Mi u DJ Music Geeku ne brinemo samo o ritmovima, imamo i krila \u2013 krila dronova. Kao samopriznati entuzijasti dronova, razumijemo koliko zastra\u0161uju\u0107e mo\u017ee biti snala\u017eenje na ekspanzivnom tr\u017ei\u0161tu dronova. Postoji ogroman niz opcija, a pronala\u017eenje one prave \u010desto se mo\u017ee \u010diniti kao tra\u017eenje igle u plastu sijena. Kako bismo vam u\u0161tedjeli vrijeme i energiju, probrali smo more specifikacija i opisa prepunih po\u0161tarskih rije\u010di kako bismo vam pomogli prona\u0107i savr\u0161eni dron koji \u0107e pobolj\u0161ati va\u0161u igru.   <\/p>\n","text_before_product_box":"<p>U na\u0161em testiranju, dron s dvostrukom kamerom 4DRC F11 PRO 4K pokazao se izvanrednim izborom zbog svojih impresivnih zna\u010dajki i iznimne vrijednosti za novac. Ovaj kvadrokopter nudi pravu 4K ESC HD + 1080P kameru, GPS s povratnom tipkom i vrijeme leta od oko 30 minuta &#8211; vi\u0161e nego dovoljno za ve\u0107inu korisnika. Uz zna\u010dajke visoke kvalitete, ovaj dron ima razumnu cijenu, \u0161to ga \u010dini isplativim izborom za one koji tra\u017ee vrhunske performanse bez razbijanja novca.  <\/p>\n","text_after_product_box":"<p>4DRC F11 PRO 4K Dron s dvostrukom kamerom uzdi\u017ee se visoko u rang najbolje ocijenjenih dronova i odli\u010dan je izbor za entuzijaste. Ovaj dron pru\u017ea izvanrednu vrijednost za novac, nude\u0107i vrhunske zna\u010dajke po vrlo razumnoj cijeni. Njegov ugled robne marke i napredne specifikacije pe\u010date posao za one koji tra\u017ee kvalitetu, ali i trajnost.  <\/p>\n<p>Ovaj dron ima zna\u010dajke koje \u0107e impresionirati svakoga. Njegova prava 4K ESC HD + 1080P donja kamera osigurava snimanje videozapisa visoke razlu\u010divosti i slika s najve\u0107im detaljima. GPS pozicioniranje, FPV udaljenost od oko 2000 m i R\/C udaljenost od 3000 m otvaraju neograni\u010dene mogu\u0107nosti za istra\u017eivanje iz zraka. Dron dolazi s izdr\u017eljivom baterijom od 7,4 V i 3000 mAh koja obe\u0107ava vrijeme leta od oko 30 minuta, \u0161to je iznimno du\u017ee od ve\u0107ine njegove konkurencije. S podesivom HD \u0161irokokutnom kamerom od 90\u00b0 jam\u010dimo vam snimanje zadivljuju\u0107ih panorama.    <\/p>\n<p>4DRC F11 PRO 4K dron je ne\u0161to iznad ostalih s jedinstvenim zna\u010dajkama koje ga \u010dine jednostavnim za kori\u0161tenje i u\u010dinkovitim. Povratak pomo\u0107u jedne tipke GPS-a, prepoznavanje fotografije gestama, planiranje leta s vi\u0161e to\u010daka za rutu, okru\u017eenje s fiksnom to\u010dkom i funkcija vra\u0107anja zrakoplova pru\u017eit \u0107e svakom korisniku nezaboravno iskustvo letenja. \u0160tovi\u0161e, dolazi u sveobuhvatnom paketu koji uklju\u010duje daljinski upravlja\u010d, sna\u017enu LiPo bateriju, USB kabel za punjenje, za\u0161titne poklopce, rezervne o\u0161trice, odvija\u010d i korisni\u010dki priru\u010dnik. To je doista savr\u0161en spoj kvalitete, performansi i cijene!   <\/p>\n","why_the_best_text":"<p>Sa svojom vrijedno\u0161\u0107u za novac, 4DRC F11 PRO 4K dron s dvostrukom kamerom nedvojbeno je najbolji izbor me\u0111u suvremenim dronovima. Cijena nudi izvrsnu vrijednost kada uzmete u obzir izvanredne zna\u010dajke kao \u0161to je impresivna prava 4K ESC HD dvostruka kamera. To omogu\u0107uje o\u0161tre, visokokvalitetne snimke iz zraka, a sa \u0161irokim kutom od 120\u00b0 za \u0161iri pogled, va\u0161e slike ili videozapisi ne\u0107e razo\u010darati. FPV udaljenost je oko 2000 m, \u0161to osigurava veliki opseg u snimanju slikovitih terena.   <\/p>\n<p>Dodaju\u0107i svojim zna\u010dajkama, ovaj dron mo\u017ee letjeti na udaljenost do 3000 m, zadr\u017eavaju\u0107i kontrolu i ima izdr\u017eljivo vrijeme leta koje traje otprilike 30 minuta s punim punjenjem od samo 250 minuta. Njegovo GPS pozicioniranje i atributi opti\u010dkog protoka \u010dine F11 PRO idealnim za one kojima je potrebna to\u010dnost u navigaciji. Dron uklju\u010duje pametne funkcije kao \u0161to su vra\u0107anje jedne tipke, zna\u010dajka Prati me i let po me\u0111uto\u010dkama, \u0161to ga \u010dini jednostavnim za kori\u0161tenje i savr\u0161enim \u010dak i za po\u010detnike. Uz to, 4DRC F11 PRO dolazi s jedinstvenim i interaktivnim zna\u010dajkama kao \u0161to su prepoznavanje fotografije gesta i planiranje leta u vi\u0161e to\u010daka za rutu. Bez sumnje, 4DRC F11 PRO 4K dron s dvostrukom kamerom je sofisticirani dron koji nudi spoj performansi, kvalitetnih vizualnih prikaza i kontrola jednostavnih za kori\u0161tenje po vrlo razumnoj cijeni.    <\/p>\n","reviews_text":"<p>Kretanje tr\u017ei\u0161tem bespilotnih letjelica mo\u017ee biti te\u0161ko, ali znati \u0161to tra\u017eiti u smislu funkcionalnosti i vrijednosti mo\u017ee biti od velike pomo\u0107i. Evo \u0161est stvari koje biste trebali uzeti u obzir kada kupujete dron: <\/p>\n<ol>\n<li><b>Kvaliteta kamere:<\/b> jedan od glavnih razloga za\u0161to mnogi ljudi kupuju dronove je mogu\u0107nost snimanja fotografija iz zraka i videozapisa. Potra\u017eite dronove s kamerama visoke razlu\u010divosti ili barem mogu\u0107no\u0161\u0107u postavljanja visokokvalitetne kamere. <\/li>\n<li><b>Trajanje baterije:<\/b> poku\u0161ajte prona\u0107i dron s dugim vijekom trajanja baterije za dulje letove. Kao \u0161to se vidi u gornjem primjeru, F11 PRO tvrtke 4DRC ima vrijeme leta od oko 30 minuta, \u0161to je prili\u010dno impresivno na tr\u017ei\u0161tu. <\/li>\n<li><b>Domet:<\/b> Provjerite koliko daleko dron mo\u017ee prije\u0107i prije nego \u0161to izgubi signal. Neki dronovi imaju domet od nekoliko kilometara, kao \u0161to je domet od 3 km drona F11 PRO. <\/li>\n<li><b>Cijena:<\/b> Dronovi mogu zna\u010dajno varirati u cijeni, a klju\u010dno je prona\u0107i onaj koji odgovara va\u0161em bud\u017eetu. Skuplji dronovi obi\u010dno imaju naprednije zna\u010dajke kao \u0161to su kamere ve\u0107e rezolucije ili du\u017ee vrijeme leta. <\/li>\n<li><b>GPS zna\u010dajke:<\/b> Neki dronovi dolaze s naprednim GPS zna\u010dajkama poput mogu\u0107nosti programiranja putanje leta. Ove dodatne zna\u010dajke mogu biti korisne za posebne namjene poput kartiranja ili potrage i spa\u0161avanja. <\/li>\n<li><b>Trajnost:<\/b> Potra\u017eite dronove koji su izra\u0111eni od izdr\u017eljivih materijala, posebno ako ste po\u010detnik jer mo\u017ee do\u0107i do padova i udaraca. Ve\u0107ina visokokvalitetnih bespilotnih letjelica izra\u0111ena je od izdr\u017eljive plastike, metala i elektroni\u010dkih komponenti, \u0161to rezultira proizvodom koji mo\u017ee izdr\u017eati malo zlouporabe, a opet ostati funkcionalan. <\/li>\n<\/ol>\n","top_pick_box_text":"<p>4DRC F11 PRO 4K Dron s dvostrukom kamerom isti\u010de se kao najbolji izbor za ljubitelje dronova zbog svojih izvanrednih mogu\u0107nosti u kombinaciji s povoljnim cjenovnim rasponom. Mo\u017ee se pohvaliti impresivnom 4K ESC HD+1080p donjom kamerom i ogromnom R\/C udaljeno\u0161\u0107u do 3000 m. Njegove zna\u010dajke vrijedne pa\u017enje uklju\u010duju GPS pozicioniranje, 5G WiFi FPV do 2000 m, vi\u0161e na\u010dina letenja uklju\u010duju\u0107i let prema putnoj to\u010dki i na\u010din rada Prati me.  <\/p>\n<p>Naime, ovaj dron nudi izvrsnu vrijednost za novac s obzirom na \u0161iroku lepezu naprednih zna\u010dajki koje se obi\u010dno nalaze na skupljim dronovima. Od dugog vremena leta od oko 30 minuta, jedne tipke s povratkom, potpuno podesive kamere do prepoznavanja pokreta za jednostavno fotografiranje, ovaj dron nudi iznad o\u010dekivanja za svoju cijenu. Povrh svega, dolazi s uklju\u010denom baterijom od 7,4 V i 3000 mAh, koja obe\u0107ava dugotrajnu zabavu.  <\/p>\n","bottom_text":"<p>4DRC F11 PRO prikazuje impresivne zna\u010dajke po kojima se isti\u010de na tr\u017ei\u0161tu. S iznimnim vremenom leta, naprednom GPS tehnologijom i najsuvremenijim sustavima kamera, ovaj dron pru\u017ea vrhunske performanse i visokokvalitetne snimke. 4DRC F11 PRO tako\u0111er se isti\u010de u pogledu jednostavnosti kori\u0161tenja, s kontrolama koje su jednostavne za kori\u0161tenje i intuitivnim na\u010dinima letenja, \u0161to ga \u010dini prikladnim za korisnike dronova svih razina iskustva. Nudi podesive brzine i precizno pra\u0107enje, osiguravaju\u0107i gladak, jednostavan za upravljanje i stabilan let svaki put. Nadamo se da su na\u0161e opse\u017ene recenzije bile pronicljive i korisne u va\u0161oj potrazi za savr\u0161enim dronom.    <\/p>\n","product_2_full_name":"4DRC V serije WIFI FPV dron s dvostrukom 4K kamerom - sklopivi RC dron Quadcopter","product_3_full_name":"E88 Pro 4k dron - profesionalni 4k dron na daljinsko upravljanje","product_2_bullet_points":"<ul>\n<li>KAMERA VISOKE KVALITETE: Opremljena dvostrukom 4K kamerom ultra visoke razlu\u010divosti, omogu\u0107uje snimanje nevjerojatno o\u0161trih i \u017eivopisnih slika i videozapisa iz jedinstvene perspektive iz zraka.<\/li>\n<li>STABILAN LET: \u017diroskop od 6 A XIS i funkcija visokog dr\u017eanja osiguravaju stabilan i gladak let, \u0161to po\u010detnicima olak\u0161ava kontrolu i snimanje kvalitetnih snimaka.<\/li>\n<li>NAPREDNE ZNA\u010cAJKE: Zna\u010dajke kao \u0161to su povratak jednom tipkom, na\u010din rada bez glave i let po putanji omogu\u0107uju jednostavnu navigaciju, \u0161to ga \u010dini prikladnim za sve razine korisnika, od po\u010detnika do iskusnih ljubitelja dronova.<\/li>\n<li>SKLOPIV I LAGAN: Sklopivi dizajn ovog kvadrokoptera \u010dini ga vrlo prenosivim i lakim za no\u0161enje. Uz to, njegovo lagano plasti\u010dno ku\u0107i\u0161te visoke \u010dvrsto\u0107e otporno na in\u017eenjering osigurava izdr\u017eljivost. <\/li>\n<li>DUGO VRIJEME LETA: Sa sna\u017enom litijskom baterijom od 3,7 V i 1600 mAh, omogu\u0107uje dugo vrijeme leta od 15-20 minuta, \u0161to vam omogu\u0107uje da du\u017ee vrijeme u\u017eivate u letu.<\/li>\n<li>PRIJENOS U STVARNOM VREMENU: dron podr\u017eava WiFi FPV (First Person View) prijenos koji omogu\u0107uje gledanje snimke u stvarnom vremenu u prvom licu izravno na va\u0161em pametnom telefonu putem povezane aplikacije.<\/li>\n<\/ul>\n","product_3_bullet_points":"<ul>\n<li>Dron E88Pro unapre\u0111uje pustolovine na otvorenom svojom visokokvalitetnom fotografijom iz zraka i mehanikom leta kojom se lako upravlja, a izra\u0111en je od izdr\u017eljive, lagane in\u017eenjerske plastike visoke \u010dvrsto\u0107e.<\/li>\n<li>Sadr\u017ei 4K Ultra HD kameru s dvostrukim sustavom kamera s izborom prekida\u010da za \u0161irokokutne snimke, zajedno s jedinstvenom funkcijom glazbenog zumiranja za pobolj\u0161anje kinematografske kvalitete videozapisa i fotografija.<\/li>\n<li>Dizajniran za hobiste i entuzijaste, dron nudi \u010detverokanalnu kontrolu za precizne manevre uklju\u010duju\u0107i okomite, vodoravne i okretne pokrete od 360\u00b0 za dinami\u010dke panoramske snimke.<\/li>\n<li>E88 Pro Drone uklju\u010duje 3-razinski prekida\u010d brzine leta prikladan za razli\u010dite razine vje\u0161tina, tehnologiju od 2,4 GHz za smanjene smetnje i vi\u0161e zna\u010dajki poput LED svjetla i zadr\u017eavanja visine za sigurnije i ugla\u0111enije letove.<\/li>\n<li>Svaki paket drona E88Pro dolazi s dronom, daljinskim oda\u0161ilja\u010dem, Lipo baterijom od 3,7 V 1800 mAh, USB kabelom za punjenje, za\u0161titnim poklopcima i rezervnim ventilatorima, iako baterije oda\u0161ilja\u010da nisu uklju\u010dene.<\/li>\n<li>Omogu\u0107uje do 20 minuta leta s jednim punjenjem s dometom daljinskog upravlja\u010da od 100 metara i potpuno se puni za samo 100 minuta, osiguravaju\u0107i produljena, neprekinuta iskustva letenja.<\/li>\n<li>Njegov izdr\u017eljiv dizajn, izra\u0111en od plastike visoke \u010dvrsto\u0107e, osigurava da dron mo\u017ee izdr\u017eati razli\u010dite vanjske uvjete za dugotrajnu upotrebu.<\/li>\n<li>\u0160irok izbor zna\u010dajki drona E88Pro, uklju\u010duju\u0107i Wi-Fi FPV i let po putanji, zadovoljava i po\u010detnike i iskusne pilote, pru\u017eaju\u0107i sveobuhvatno iskustvo letenja.<\/li>\n<\/ul>\n","product_2_full_name_new":"4DRC V serije WIFI FPV dron s dvostrukom 4K kamerom - sklopivi RC dron Quadcopter","product_3_full_name_new":"E88 Pro 4k dron - profesionalni 4k dron na daljinsko upravljanje"},"yoast_head":"<!-- This site is optimized with the Yoast SEO plugin v27.3 - https:\/\/yoast.com\/product\/yoast-seo-wordpress\/ -->\n<title>Top 10 najboljih dronova za kupnju u Irskoj za [month_year] [A\u017eurirano] - DJ Music Geek<\/title>\n<meta name=\"robots\" content=\"index, follow, max-snippet:-1, max-image-preview:large, max-video-preview:-1\" \/>\n<link rel=\"canonical\" href=\"https:\/\/djmusicgeek.com\/hr\/top-10-najboljih-dronova-za-kupiti-u-irskoj-za-mjesec-godina-azurirano\/\" \/>\n<meta property=\"og:locale\" content=\"hr_HR\" \/>\n<meta property=\"og:type\" content=\"article\" \/>\n<meta property=\"og:title\" content=\"Top 10 najboljih dronova za kupnju u Irskoj za [month_year] [A\u017eurirano] - DJ Music Geek\" \/>\n<meta property=\"og:url\" content=\"https:\/\/djmusicgeek.com\/hr\/top-10-najboljih-dronova-za-kupiti-u-irskoj-za-mjesec-godina-azurirano\/\" \/>\n<meta property=\"og:site_name\" content=\"DJ Music Geek\" \/>\n<meta property=\"article:modified_time\" content=\"2026-02-25T17:34:25+00:00\" \/>\n<meta name=\"twitter:card\" content=\"summary_large_image\" \/>\n<script type=\"application\/ld+json\" class=\"yoast-schema-graph\">{\"@context\":\"https:\\\/\\\/schema.org\",\"@graph\":[{\"@type\":\"WebPage\",\"@id\":\"https:\\\/\\\/djmusicgeek.com\\\/hr\\\/top-10-najboljih-dronova-za-kupiti-u-irskoj-za-mjesec-godina-azurirano\\\/\",\"url\":\"https:\\\/\\\/djmusicgeek.com\\\/hr\\\/top-10-najboljih-dronova-za-kupiti-u-irskoj-za-mjesec-godina-azurirano\\\/\",\"name\":\"Top 10 najboljih dronova za kupnju u Irskoj za [month_year] [A\u017eurirano] - DJ Music Geek\",\"isPartOf\":{\"@id\":\"https:\\\/\\\/djmusicgeek.com\\\/#website\"},\"datePublished\":\"2023-10-31T20:43:26+00:00\",\"dateModified\":\"2026-02-25T17:34:25+00:00\",\"breadcrumb\":{\"@id\":\"https:\\\/\\\/djmusicgeek.com\\\/hr\\\/top-10-najboljih-dronova-za-kupiti-u-irskoj-za-mjesec-godina-azurirano\\\/#breadcrumb\"},\"inLanguage\":\"hr\",\"potentialAction\":[{\"@type\":\"ReadAction\",\"target\":[\"https:\\\/\\\/djmusicgeek.com\\\/hr\\\/top-10-najboljih-dronova-za-kupiti-u-irskoj-za-mjesec-godina-azurirano\\\/\"]}]},{\"@type\":\"BreadcrumbList\",\"@id\":\"https:\\\/\\\/djmusicgeek.com\\\/hr\\\/top-10-najboljih-dronova-za-kupiti-u-irskoj-za-mjesec-godina-azurirano\\\/#breadcrumb\",\"itemListElement\":[{\"@type\":\"ListItem\",\"position\":1,\"name\":\"Po\u010detna\",\"item\":\"https:\\\/\\\/djmusicgeek.com\\\/\"},{\"@type\":\"ListItem\",\"position\":2,\"name\":\"Top 10 najboljih dronova za kupnju u Irskoj za February 2026 [A\u017eurirano]\"}]},{\"@type\":\"WebSite\",\"@id\":\"https:\\\/\\\/djmusicgeek.com\\\/#website\",\"url\":\"https:\\\/\\\/djmusicgeek.com\\\/\",\"name\":\"DJ Music Geek\",\"description\":\"\",\"potentialAction\":[{\"@type\":\"SearchAction\",\"target\":{\"@type\":\"EntryPoint\",\"urlTemplate\":\"https:\\\/\\\/djmusicgeek.com\\\/?s={search_term_string}\"},\"query-input\":{\"@type\":\"PropertyValueSpecification\",\"valueRequired\":true,\"valueName\":\"search_term_string\"}}],\"inLanguage\":\"hr\"}]}<\/script>\n<!-- \/ Yoast SEO plugin. -->","yoast_head_json":{"title":"Top 10 najboljih dronova za kupnju u Irskoj za [month_year] [A\u017eurirano] - DJ Music Geek","robots":{"index":"index","follow":"follow","max-snippet":"max-snippet:-1","max-image-preview":"max-image-preview:large","max-video-preview":"max-video-preview:-1"},"canonical":"https:\/\/djmusicgeek.com\/hr\/top-10-najboljih-dronova-za-kupiti-u-irskoj-za-mjesec-godina-azurirano\/","og_locale":"hr_HR","og_type":"article","og_title":"Top 10 najboljih dronova za kupnju u Irskoj za [month_year] [A\u017eurirano] - DJ Music Geek","og_url":"https:\/\/djmusicgeek.com\/hr\/top-10-najboljih-dronova-za-kupiti-u-irskoj-za-mjesec-godina-azurirano\/","og_site_name":"DJ Music Geek","article_modified_time":"2026-02-25T17:34:25+00:00","twitter_card":"summary_large_image","schema":{"@context":"https:\/\/schema.org","@graph":[{"@type":"WebPage","@id":"https:\/\/djmusicgeek.com\/hr\/top-10-najboljih-dronova-za-kupiti-u-irskoj-za-mjesec-godina-azurirano\/","url":"https:\/\/djmusicgeek.com\/hr\/top-10-najboljih-dronova-za-kupiti-u-irskoj-za-mjesec-godina-azurirano\/","name":"Top 10 najboljih dronova za kupnju u Irskoj za [month_year] [A\u017eurirano] - DJ Music Geek","isPartOf":{"@id":"https:\/\/djmusicgeek.com\/#website"},"datePublished":"2023-10-31T20:43:26+00:00","dateModified":"2026-02-25T17:34:25+00:00","breadcrumb":{"@id":"https:\/\/djmusicgeek.com\/hr\/top-10-najboljih-dronova-za-kupiti-u-irskoj-za-mjesec-godina-azurirano\/#breadcrumb"},"inLanguage":"hr","potentialAction":[{"@type":"ReadAction","target":["https:\/\/djmusicgeek.com\/hr\/top-10-najboljih-dronova-za-kupiti-u-irskoj-za-mjesec-godina-azurirano\/"]}]},{"@type":"BreadcrumbList","@id":"https:\/\/djmusicgeek.com\/hr\/top-10-najboljih-dronova-za-kupiti-u-irskoj-za-mjesec-godina-azurirano\/#breadcrumb","itemListElement":[{"@type":"ListItem","position":1,"name":"Po\u010detna","item":"https:\/\/djmusicgeek.com\/"},{"@type":"ListItem","position":2,"name":"Top 10 najboljih dronova za kupnju u Irskoj za February 2026 [A\u017eurirano]"}]},{"@type":"WebSite","@id":"https:\/\/djmusicgeek.com\/#website","url":"https:\/\/djmusicgeek.com\/","name":"DJ Music Geek","description":"","potentialAction":[{"@type":"SearchAction","target":{"@type":"EntryPoint","urlTemplate":"https:\/\/djmusicgeek.com\/?s={search_term_string}"},"query-input":{"@type":"PropertyValueSpecification","valueRequired":true,"valueName":"search_term_string"}}],"inLanguage":"hr"}]}},"_links":{"self":[{"href":"https:\/\/djmusicgeek.com\/hr\/wp-json\/wp\/v2\/pages\/13044","targetHints":{"allow":["GET"]}}],"collection":[{"href":"https:\/\/djmusicgeek.com\/hr\/wp-json\/wp\/v2\/pages"}],"about":[{"href":"https:\/\/djmusicgeek.com\/hr\/wp-json\/wp\/v2\/types\/page"}],"author":[{"embeddable":true,"href":"https:\/\/djmusicgeek.com\/hr\/wp-json\/wp\/v2\/users\/2"}],"replies":[{"embeddable":true,"href":"https:\/\/djmusicgeek.com\/hr\/wp-json\/wp\/v2\/comments?post=13044"}],"version-history":[{"count":2,"href":"https:\/\/djmusicgeek.com\/hr\/wp-json\/wp\/v2\/pages\/13044\/revisions"}],"predecessor-version":[{"id":17310,"href":"https:\/\/djmusicgeek.com\/hr\/wp-json\/wp\/v2\/pages\/13044\/revisions\/17310"}],"wp:attachment":[{"href":"https:\/\/djmusicgeek.com\/hr\/wp-json\/wp\/v2\/media?parent=13044"}],"curies":[{"name":"wp","href":"https:\/\/api.w.org\/{rel}","templated":true}]}}