{"id":12769,"date":"2024-06-14T21:53:57","date_gmt":"2024-06-14T21:53:57","guid":{"rendered":"https:\/\/djmusicgeek.com\/najbolje-igre-top-10-najboljih-slusalica-za-igre-za-kupiti\/"},"modified":"2026-03-01T13:48:01","modified_gmt":"2026-03-01T13:48:01","slug":"najbolje-igre-top-10-najboljih-slusalica-za-igre-za-kupiti","status":"publish","type":"page","link":"https:\/\/djmusicgeek.com\/hr\/najbolje-igre-top-10-najboljih-slusalica-za-igre-za-kupiti\/","title":{"rendered":"Top 10 najboljih gaming slu\u0161alica &#8211;"},"content":{"rendered":"","protected":false},"excerpt":{"rendered":"","protected":false},"author":2,"featured_media":0,"parent":0,"menu_order":0,"comment_status":"closed","ping_status":"closed","template":"sales-template.php","meta":{"_acf_changed":false,"footnotes":""},"class_list":["post-12769","page","type-page","status-publish","hentry"],"acf":{"product_3_supplier":"Amazon","product_4_supplier":"Amazon","product_5_supplier":"Amazon","product_6_supplier":"Amazon","product_7_supplier":"Amazon","product_8_supplier":"Amazon","product_9_supplier":"Amazon","product_10_supplier":"Amazon","product_3_url":"","exclude_from_search":true,"product_2_supplier":"Shopsta","product_price_shortcode":"124,99 \u20ac","product_discount_price_shortcode":"99,99 \u20ac","product_2_price":"109,99 \u20ac","product_2_discount_price":"87,99 \u20ac","product_3_image_1":"","product_3_image_2":"","product_3_image_3":"","product_3_asin":"B07B81D162","product_4_asin":"B07PRYFGXG","product_5_asin":"B08NTYB4M7","product_6_asin":"B07FZVXS8H","product_7_asin":"B09GW7NHL4","product_8_asin":"B07W5JKB8Z","product_2_asin":"","product_9_asin":"","product_10_asin":"","product_url":"products\/commander-g-series-wireless-edition","product_image_1":"https:\/\/www.shopsta.co.uk\/cdn\/shop\/files\/O1CN01ZcemJx1QlNZq4L8LS__2901482016-0-ampmedia_798x798.jpg?v=1764763575","product_image_2":"https:\/\/www.shopsta.co.uk\/cdn\/shop\/files\/O1CN01IR0kAX1QlNZrMlWQ4__2901482016-0-ampmedia_798x798.jpg?v=1764763575","product_image_3":"https:\/\/www.shopsta.co.uk\/cdn\/shop\/files\/O1CN01ofXqk01QlNZqNuSLV__2901482016-0-ampmedia_798x798.jpg?v=1764763575","product_image_4":"https:\/\/djmusicgeek.com\/wp-content\/uploads\/2025\/12\/commander-top-50.jpeg","product_image_5":"https:\/\/www.shopsta.co.uk\/cdn\/shop\/files\/O1CN01ZcemJx1QlNZq4L8LS__2901482016-0-ampmedia_798x798.jpg?v=1764763575","product_2_url":"products\/somic-g-series-wireless-gaming-headset","product_2_image_1":"https:\/\/djmusicgeek.com\/wp-content\/uploads\/2023\/02\/SOMIC-G760-Wireless-Gamer-Headset-Detachable-Mic-Bluetooth-2-4G-Wired-3in1-Headphone-for-PS5-PS4.jpg_Q90.jpg","product_2_image_2":"https:\/\/djmusicgeek.com\/wp-content\/uploads\/2023\/02\/8c6029491e9d78d6d7c55d6a97d52490_1600x1600_d063843b-7174-45e3-a17a-1f9f816a4166_1360x1360.webp","product_2_image_3":"https:\/\/djmusicgeek.com\/wp-content\/uploads\/2023\/02\/650d93954cd3914c2b7de270df928da5_1600x1600_256d8234-8373-4a0b-8fcc-eed1c89a1b70_1360x1360.webp","product_image_6":"","product_image_7":"","product_image_8":"","language_code":"hr","product_name":"Zapovjednik serije G","product_type":"Slu\u0161alice za igrice","product_type_singular":"Slu\u0161alice za igrice","product_full_name":"Commander G Series - 160 sati trajanja baterije - 7.1 Surround Sound be\u017ei\u010dne slu\u0161alice za igranje","bullet_points":"<ul>\n<li>IGRAJTE KAO NIKAD PRIJE: Dolje na\u0161e najbolje odabrane be\u017ei\u010dne slu\u0161alice za igranje s nevjerojatnim usmjerenim zvukom i nevjerojatnom udobno\u0161\u0107u.<\/li>\n<li>UGRA\u0110ENI 7.1 SURROUND ZVUK: U\u017eivajte u vrhunskom, uravnote\u017eenom 7.1 surround zvuku s Commander G Series surround sound slu\u0161alicama za igranje.<\/li>\n<li>DUGO TRAJANJE BATERIJE: Ogromna baterija od 160+ sati i be\u017ei\u010dno ka\u0161njenje od 20 ms pru\u017eaju vam u\u010dinkovit zvuk &#8216;u stvarnom vremenu&#8217;.<\/li>\n<li>PROFESIONALNI ZVU\u010cNICI OD 50 MM: Ogromne jedinice zvu\u010dnika od 50 milimetara u kombinaciji s neodimijskim magnetima pru\u017eaju profesionalnu studijsku kvalitetu zvuka sa sna\u017enim basom, \u010distim vokalima i o\u0161trim niskim, srednjim i visokim tonovima za savr\u0161eno uravnote\u017een zvuk.<\/li>\n<li>3 NA\u010cINA IGRANJA: Odaberite pravi na\u010din za sebe, s na\u010dinom igre, filmom i glazbom mo\u017eete odabrati najbolji EQ koji odgovara va\u0161em stilu igre.<\/li>\n<li>PRILAGO\u0110ENI AUDIO \u010cIP: Prilago\u0111ena jedinica GS virtualnog 7.1 surround zvuka \u010dini pra\u0107enje koraka neprijatelja u igrama kao \u0161to je Call of Duty lak\u0161im nego ikad prije. Ovaj prilago\u0111eni \u010dip daje vrhunsku to\u010dnost zvuka u svim smjerovima, daju\u0107i vam nove prednosti u igri. <\/li>\n<li>KOMPATIBILNO SA SVIM KONZOLAMA: be\u017ei\u010dno radi s PS5, PS4, PC i Mac. Koristite 3,5 mm priklju\u010dak za slu\u0161alice za Xbox i druge ure\u0111aje. <\/li>\n<li>CRYSTAL CLEAR MIC: Napravljen posebno za igranje s ru\u010dicom zakretnom za 160\u00b0 koja ostaje na mjestu nakon postavljanja. Ovaj mikrofon za poni\u0161tavanje buke omogu\u0107uje vam da se jasno \u010dujete \u010dak i uz jaku pozadinsku buku. <\/li>\n<\/ul>\n","features":"<p>7.1 Virtual Surround Sound<br \/>\nJastu\u010di\u0107i za u\u0161i za udobno dugotrajno igranje<br \/>\nJasan mikrofon za razgovor<br \/>\nFleksibilan podesivi odvojivi mikrofon<br \/>\nOgromno trajanje baterije od 160+ sati<br \/>\nVeliki dinami\u010dki zvu\u010dnici od 50 mm<br \/>\nBe\u017ei\u010dna veza od 2,4 GHz<br \/>\nRadi kao slu\u0161alice za glazbu<\/p>\n","rating":"9.8","intro_text":"<p>Ovdje u DJ Music Geeku, opsjednuti smo svim zvukom. Kombiniraju\u0107i opsesiju zvukom i ljubav prema igranju, testirali smo najbolje slu\u0161alice za igranje dostupne na tr\u017ei\u0161tu za kupnju 2026. Slu\u0161alice za igranje sada su vrlo va\u017ean dio igranja, gdje postoje ogromne prednosti posjedovanja slu\u0161alica za igranje izvrsne kvalitete. Sada je vitalni dio dobrog igranja u igrama kao \u0161to su Call of Duty, Battlefield, CS:GO, PUBG i Rainbow Six da spomenemo samo neke.   <\/p>\n<p>Samim time \u0161to imate bolje slu\u0161alice, imat \u0107ete prednost u odnosu na svoje konkurente i mo\u0107i \u0107ete ih \u010duti bolje i na ve\u0107im udaljenostima. I ne samo to, laka komunikacija s prijateljima i osje\u0107aj udobnosti su jo\u0161 nekoliko va\u017enih \u010dimbenika koje treba uzeti u obzir. Ovaj vodi\u010d \u0107e vam dati neke preporuke na\u0161ih najpo\u017eeljnijih, visokokvalitetnih, udobnih i najboljih slu\u0161alica koje mo\u017eete izabrati.  <\/p>\n","text_after_product_box":"<p>Dakle, za\u0161to je Commander G Series najbolji izbor od svih slu\u0161alica koje smo testirali? Kao prvo, mogu\u0107nosti surround zvuka ovih slu\u0161alica bile su najbolje od svih na\u0161ih testova. Testirali smo slu\u0161alice koriste\u0107i najnoviji Call of Duty kako bismo provjerili koliko lako mo\u017eemo locirati neprijatelje. Mo\u017eete jasno \u010duti usmjereni zvuk koji vam poma\u017ee da odredite neprijatelje prije nego \u0161to ih vidite. Kvaliteta zvuka je iznimna i dobili smo vi\u0161e igara.<\/p>\n<p>Novi Commander G Series je vrhunska linija vrhunskih slu\u0161alica za igranje sa 160 sati be\u017ei\u010dnog igranja na 2,4 GHz po punjenju. Uklanja potrebu za \u017eicama koje vas povezuju s va\u0161om konzolom ili ra\u010dunalom i omogu\u0107uje be\u017ei\u010dno igranje nove generacije na 2,4 GHz. Lagan i super udoban, sadr\u017ei sve \u0161to mo\u017eete zamisliti u smislu slu\u0161alica visokih performansi. Nadogra\u0111ena jedinica virtualnog surround zvuka 7.1 s a\u017euriranim upravlja\u010dkim programima podi\u017ee stvari doista na vi\u0161u razinu. Najbolja stvar kod serije G je cijena. S obzirom na to da su sli\u010dne slu\u0161alice znatno iznad 150 eura, preporu\u010dujemo ovaj model u odnosu na druge jer preska\u010dete \u017eice, dobivate nevjerojatnu bateriju od 160+ sati i imate nadogra\u0111eni zvuk.     <\/p>\n<p>Ovo ocjenjujemo kao na\u0161e najbolje be\u017ei\u010dne slu\u0161alice za kupnju u 2026.<\/p>\n<h2 class=\"\">Pregled proizvoda:<\/h2>\n<p>Dakle, za\u0161to je Commander G Series najbolji izbor od svih slu\u0161alica koje smo testirali? Evo 5 razloga za\u0161to mislimo da su G najbolji: <\/p>\n<p><strong>1)<\/strong> Kao prvo, mogu\u0107nosti surround zvuka ovih slu\u0161alica bile su najbolje od svih na\u0161ih testova. Testirali smo slu\u0161alice koriste\u0107i najnoviji Call of Duty kako bismo provjerili koliko lako mo\u017eemo locirati neprijatelje. Mo\u017eete jasno \u010duti usmjereni zvuk koji vam poma\u017ee da odredite neprijatelje prije nego \u0161to ih vidite.  <\/p>\n<p><strong>2)<\/strong> Serija G stvarno je udobna. U na\u0161im vi\u0161estrukim 6-satnim testovima nismo iskusili nikakvu stvarnu nelagodu. Ne sti\u0161\u0107u vam glavu, ve\u0107 sjedaju na vrhu jako lijepo i udobno. G-ovi su dobro podstavljeni na u\u0161ima i lijepo pristaju na vrh glave.   <\/p>\n<p><strong>3)<\/strong> Jo\u0161 jedna sjajna zna\u010dajka koju su ugradili u G seriju je postavljanje bez voza\u010da. Mo\u017eete se jednostavno priklju\u010diti putem be\u017ei\u010dnog USB klju\u010da i idete s punim 7.1 virtualnim surround zvukom. Nema potrebe za instaliranjem kompliciranih upravlja\u010dkih programa i zakrpa. Jednostavno priklju\u010dite i krenite.   <\/p>\n","why_the_best_text":"<p>U na\u0161im testovima otkrili smo da vi\u0161a cijena ne zna\u010di uvijek i vi\u0161u kvalitetu. Neki od poznatijih brendova poput SteelSeries, Astro i Logitech proizveli su zaista dobre slu\u0161alice, ali ih je cijena stavila na dvostruko ili trostruko ve\u0107u cijenu od Commander G serije. Uspore\u0111uju\u0107i stvari poput udobnosti, jasno\u0107e surround zvuka i ukupnih zna\u010dajki, otkrili smo da je Commander G serija sveukupno bila najbolja s najvi\u0161om ukupnom ocjenom na temelju na\u0161ih 6 glavnih faktora: zvuka, udobnosti, trajanja baterije, pouzdanosti, povezivosti i cijene.  <\/p>\n","reviews_text":"<p>Va\u017eno je pogledati \u0161to je potrebno za izvrsne slu\u0161alice za igranje. Osmislili smo 6 obaveznih stvari za sve slu\u0161alice koje morate uzeti u obzir: <\/p>\n<p>1) Sjajan zvuk &#8211; ne mo\u017eemo bez ove bitne komponente!<br \/>\n 2) Udobnost &#8211; mo\u017eemo li igrati satima bez ikakve nelagode<br \/>\n 3) Trajanje baterije &#8211; koliko dugo traje baterija ako je be\u017ei\u010dna?<br \/>\n 4) Pouzdanost &#8211; trebam li brinuti o kvaliteti izrade?<br \/>\n 5) Povezivost &#8211; koliko je lako povezati se?<br \/>\n 6) Cijena &#8211; je li prihvatljiva ili prepla\u0107ujem?<\/p>\n<p>Pregledali smo i naru\u010dili gore navedene slu\u0161alice na temelju ovih \u010dimbenika. Pokrivanje svih osnova va\u017eno je pri odabiru slu\u0161alica jer vam je potreban samo jedan aspekt koji \u0107e vas iznevjeriti i uni\u0161titi va\u0161e iskustvo. Sve u svemu, na\u0161 najbolji izbor je serija Commander G.<\/p>\n","top_pick_box_text":"<p>Kada su u pitanju slu\u0161alice za igranje, \u017eelite sve zna\u010dajke upakirane u izvrstan dizajn. Po na\u0161em mi\u0161ljenju, Commander G Series pru\u017ea sve \u0161to biste mogli po\u017eeljeti u be\u017ei\u010dnim slu\u0161alicama za igranje po fenomenalnoj cijeni. <\/p>\n<p>Uz visoku kvalitetu izrade, dugo trajanje baterije, ultra pouzdanu povezanost i kompatibilnost na svim konzolama, ocjenjujemo G seriju s 9,8 od 10.<\/p>\n<p>Nakon \u0161to smo jedinicu koristili otprilike 5 mjeseci uz svakodnevnu upotrebu, ne mo\u017eemo vidjeti da \u0107emo uskoro prije\u0107i na drugu jedinicu.<\/p>\n<p>Ostvarite besplatnu dostavu prilikom kupnje na Shopsta.<\/p>\n","bottom_text":"<p>Serija Commander G ima ogromne dinami\u010dke zvu\u010dnike od 50 mm, \u0161to je vi\u0161e nego dovoljno za prosje\u010dnog korisnika. Pri punoj glasno\u0107i slu\u0161alice se mogu smatrati preglasnima.  Ovo je ipak sjajno jer izlaz zvuka mo\u017eete prilagoditi svojim postavkama. S drugim zna\u010dajkama kao \u0161to su udobni jastu\u010di\u0107i za u\u0161i, baterija od 160 sati i 3 EQ moda u igri, Commander G Series definitivno omogu\u0107uje vrhunsko iskustvo igranja. Ako se odlu\u010dite za ovaj ure\u0111aj, obavezno ostvarite 20% popusta na maloprodajnu cijenu kada iskoristite kod za popust prilikom pla\u0107anja. Hvala \u0161to ste pro\u010ditali na\u0161e gornje recenzije i nadamo se da smo vam pomogli da prona\u0111ete prave slu\u0161alice koje odgovaraju va\u0161im potrebama.   <\/p>\n","product_2_full_name":"SOMiC G Series - Be\u017ei\u010dne 7.1 slu\u0161alice za igranje s odvojivim mikrofonom","product_2_bullet_points":"<ul>\n<li>NAJBOLJE PRISTUPA\u010cNE SLU\u0160ALICE ZA IGRANJE: SOMiC G Series su najprodavanije slu\u0161alice poznate po svojim performansama i dizajnu.<\/li>\n<li>UGRA\u0110ENI 7.1 SURROUND ZVUK: U\u017eivajte u vrhunskom, uravnote\u017eenom 7.1 surround zvuku s SOMiC G surround sound slu\u0161alicama za igranje.<\/li>\n<li>PROFESIONALNI ZVU\u010cNICI OD 50 MM: Ogromne jedinice zvu\u010dnika od 50 milimetara u kombinaciji s neodimijskim magnetima pru\u017eaju profesionalnu studijsku kvalitetu zvuka sa sna\u017enim basom, \u010distim vokalima i o\u0161trim niskim, srednjim i visokim tonovima za savr\u0161eno uravnote\u017een zvuk.<\/li>\n<li>3 NA\u010cINA IGRANJA: Odaberite pravi na\u010din za sebe, s na\u010dinom igre, filmom i glazbom mo\u017eete odabrati najbolji EQ koji odgovara va\u0161em stilu igre.<\/li>\n<li>PRILAGO\u0110ENI AUDIO \u010cIP: Prilago\u0111ena virtualna 7.1 surround zvu\u010dna jedinica serije G \u010dini pra\u0107enje koraka neprijatelja u igrama poput Call of Duty lak\u0161im nego ikad prije. Ovaj prilago\u0111eni \u010dip daje vrhunsku to\u010dnost zvuka u svim smjerovima, daju\u0107i vam nove prednosti u igri. <\/li>\n<li>KOMPATIBILNO SA SVIM KONZOLAMA: Radi s PS5, PS4, PC i Mac putem USB-a. Koristite 3,5 mm priklju\u010dak za slu\u0161alice za Xbox i druge ure\u0111aje. <\/li>\n<li>CRYSTAL CLEAR MIC: Napravljen posebno za igranje s ru\u010dicom zakretnom za 160\u00b0 koja ostaje na mjestu nakon postavljanja. Ovaj mikrofon za poni\u0161tavanje buke omogu\u0107uje vam da se jasno \u010dujete \u010dak i uz jaku pozadinsku buku. <\/li>\n<\/ul>\n","text_after_product_box_2":"<p><strong>4)<\/strong> Mikrofon je kristalno \u010dist, ima \u010dak i dvostruki mikrofon za poni\u0161tavanje buke koji se nalazi na vanjskoj strani slu\u0161alice za slu\u0161anje pozadinske buke i eliminira je iz va\u0161eg glasovnog razgovora u igri.<\/p>\n<p><strong>5)<\/strong> Trajanje baterije je velika stvar za be\u017ei\u010dne slu\u0161alice, pa je najbolje nabaviti one pristojnog kapaciteta. Commander G Series isti\u010de se kao jedne od najboljih slu\u0161alica po trajanju baterije. Ogromnih 160+ punih sati bez punjenja.  Sam sam ovo testirao i zapravo vjerujem da je trajalo dulje od ove slu\u017ebene brojke. Ali ipak, 160 sati je jako dugo vremena bez potrebe za ponovnim punjenjem, a jo\u0161 jedna sjajna zna\u010dajka je da mo\u017eete puniti i igrati u isto vrijeme, \u0161to je lijepo.<\/p>\n","product_2_full_name_new":"SOMiC G Series - Be\u017ei\u010dne 7.1 slu\u0161alice za igranje s odvojivim mikrofonom"},"yoast_head":"<!-- This site is optimized with the Yoast SEO plugin v27.3 - https:\/\/yoast.com\/product\/yoast-seo-wordpress\/ -->\n<title>Top 10 najboljih gaming slu\u0161alica - DJ Music Geek<\/title>\n<meta name=\"robots\" content=\"index, follow, max-snippet:-1, max-image-preview:large, max-video-preview:-1\" \/>\n<link rel=\"canonical\" href=\"https:\/\/djmusicgeek.com\/hr\/najbolje-igre-top-10-najboljih-slusalica-za-igre-za-kupiti\/\" \/>\n<meta property=\"og:locale\" content=\"hr_HR\" \/>\n<meta property=\"og:type\" content=\"article\" \/>\n<meta property=\"og:title\" content=\"Top 10 najboljih gaming slu\u0161alica - DJ Music Geek\" \/>\n<meta property=\"og:url\" content=\"https:\/\/djmusicgeek.com\/hr\/najbolje-igre-top-10-najboljih-slusalica-za-igre-za-kupiti\/\" \/>\n<meta property=\"og:site_name\" content=\"DJ Music Geek\" \/>\n<meta property=\"article:modified_time\" content=\"2026-03-01T13:48:01+00:00\" \/>\n<meta name=\"twitter:card\" content=\"summary_large_image\" \/>\n<script type=\"application\/ld+json\" class=\"yoast-schema-graph\">{\"@context\":\"https:\\\/\\\/schema.org\",\"@graph\":[{\"@type\":\"WebPage\",\"@id\":\"https:\\\/\\\/djmusicgeek.com\\\/hr\\\/najbolje-igre-top-10-najboljih-slusalica-za-igre-za-kupiti\\\/\",\"url\":\"https:\\\/\\\/djmusicgeek.com\\\/hr\\\/najbolje-igre-top-10-najboljih-slusalica-za-igre-za-kupiti\\\/\",\"name\":\"Top 10 najboljih gaming slu\u0161alica - DJ Music Geek\",\"isPartOf\":{\"@id\":\"https:\\\/\\\/djmusicgeek.com\\\/#website\"},\"datePublished\":\"2024-06-14T21:53:57+00:00\",\"dateModified\":\"2026-03-01T13:48:01+00:00\",\"breadcrumb\":{\"@id\":\"https:\\\/\\\/djmusicgeek.com\\\/hr\\\/najbolje-igre-top-10-najboljih-slusalica-za-igre-za-kupiti\\\/#breadcrumb\"},\"inLanguage\":\"hr\",\"potentialAction\":[{\"@type\":\"ReadAction\",\"target\":[\"https:\\\/\\\/djmusicgeek.com\\\/hr\\\/najbolje-igre-top-10-najboljih-slusalica-za-igre-za-kupiti\\\/\"]}]},{\"@type\":\"BreadcrumbList\",\"@id\":\"https:\\\/\\\/djmusicgeek.com\\\/hr\\\/najbolje-igre-top-10-najboljih-slusalica-za-igre-za-kupiti\\\/#breadcrumb\",\"itemListElement\":[{\"@type\":\"ListItem\",\"position\":1,\"name\":\"Po\u010detna\",\"item\":\"https:\\\/\\\/djmusicgeek.com\\\/\"},{\"@type\":\"ListItem\",\"position\":2,\"name\":\"Top 10 najboljih gaming slu\u0161alica &#8211;\"}]},{\"@type\":\"WebSite\",\"@id\":\"https:\\\/\\\/djmusicgeek.com\\\/#website\",\"url\":\"https:\\\/\\\/djmusicgeek.com\\\/\",\"name\":\"DJ Music Geek\",\"description\":\"\",\"potentialAction\":[{\"@type\":\"SearchAction\",\"target\":{\"@type\":\"EntryPoint\",\"urlTemplate\":\"https:\\\/\\\/djmusicgeek.com\\\/?s={search_term_string}\"},\"query-input\":{\"@type\":\"PropertyValueSpecification\",\"valueRequired\":true,\"valueName\":\"search_term_string\"}}],\"inLanguage\":\"hr\"}]}<\/script>\n<!-- \/ Yoast SEO plugin. -->","yoast_head_json":{"title":"Top 10 najboljih gaming slu\u0161alica - DJ Music Geek","robots":{"index":"index","follow":"follow","max-snippet":"max-snippet:-1","max-image-preview":"max-image-preview:large","max-video-preview":"max-video-preview:-1"},"canonical":"https:\/\/djmusicgeek.com\/hr\/najbolje-igre-top-10-najboljih-slusalica-za-igre-za-kupiti\/","og_locale":"hr_HR","og_type":"article","og_title":"Top 10 najboljih gaming slu\u0161alica - DJ Music Geek","og_url":"https:\/\/djmusicgeek.com\/hr\/najbolje-igre-top-10-najboljih-slusalica-za-igre-za-kupiti\/","og_site_name":"DJ Music Geek","article_modified_time":"2026-03-01T13:48:01+00:00","twitter_card":"summary_large_image","schema":{"@context":"https:\/\/schema.org","@graph":[{"@type":"WebPage","@id":"https:\/\/djmusicgeek.com\/hr\/najbolje-igre-top-10-najboljih-slusalica-za-igre-za-kupiti\/","url":"https:\/\/djmusicgeek.com\/hr\/najbolje-igre-top-10-najboljih-slusalica-za-igre-za-kupiti\/","name":"Top 10 najboljih gaming slu\u0161alica - DJ Music Geek","isPartOf":{"@id":"https:\/\/djmusicgeek.com\/#website"},"datePublished":"2024-06-14T21:53:57+00:00","dateModified":"2026-03-01T13:48:01+00:00","breadcrumb":{"@id":"https:\/\/djmusicgeek.com\/hr\/najbolje-igre-top-10-najboljih-slusalica-za-igre-za-kupiti\/#breadcrumb"},"inLanguage":"hr","potentialAction":[{"@type":"ReadAction","target":["https:\/\/djmusicgeek.com\/hr\/najbolje-igre-top-10-najboljih-slusalica-za-igre-za-kupiti\/"]}]},{"@type":"BreadcrumbList","@id":"https:\/\/djmusicgeek.com\/hr\/najbolje-igre-top-10-najboljih-slusalica-za-igre-za-kupiti\/#breadcrumb","itemListElement":[{"@type":"ListItem","position":1,"name":"Po\u010detna","item":"https:\/\/djmusicgeek.com\/"},{"@type":"ListItem","position":2,"name":"Top 10 najboljih gaming slu\u0161alica &#8211;"}]},{"@type":"WebSite","@id":"https:\/\/djmusicgeek.com\/#website","url":"https:\/\/djmusicgeek.com\/","name":"DJ Music Geek","description":"","potentialAction":[{"@type":"SearchAction","target":{"@type":"EntryPoint","urlTemplate":"https:\/\/djmusicgeek.com\/?s={search_term_string}"},"query-input":{"@type":"PropertyValueSpecification","valueRequired":true,"valueName":"search_term_string"}}],"inLanguage":"hr"}]}},"_links":{"self":[{"href":"https:\/\/djmusicgeek.com\/hr\/wp-json\/wp\/v2\/pages\/12769","targetHints":{"allow":["GET"]}}],"collection":[{"href":"https:\/\/djmusicgeek.com\/hr\/wp-json\/wp\/v2\/pages"}],"about":[{"href":"https:\/\/djmusicgeek.com\/hr\/wp-json\/wp\/v2\/types\/page"}],"author":[{"embeddable":true,"href":"https:\/\/djmusicgeek.com\/hr\/wp-json\/wp\/v2\/users\/2"}],"replies":[{"embeddable":true,"href":"https:\/\/djmusicgeek.com\/hr\/wp-json\/wp\/v2\/comments?post=12769"}],"version-history":[{"count":2,"href":"https:\/\/djmusicgeek.com\/hr\/wp-json\/wp\/v2\/pages\/12769\/revisions"}],"predecessor-version":[{"id":16693,"href":"https:\/\/djmusicgeek.com\/hr\/wp-json\/wp\/v2\/pages\/12769\/revisions\/16693"}],"wp:attachment":[{"href":"https:\/\/djmusicgeek.com\/hr\/wp-json\/wp\/v2\/media?parent=12769"}],"curies":[{"name":"wp","href":"https:\/\/api.w.org\/{rel}","templated":true}]}}