{"id":12429,"date":"2024-01-19T02:13:41","date_gmt":"2024-01-19T02:13:41","guid":{"rendered":"https:\/\/djmusicgeek.com\/najbolje-bezicne-slusalice-za-kupiti-2024\/"},"modified":"2026-03-01T13:46:18","modified_gmt":"2026-03-01T13:46:18","slug":"najbolje-bezicne-slusalice-za-kupiti-2024","status":"publish","type":"page","link":"https:\/\/djmusicgeek.com\/hr\/najbolje-bezicne-slusalice-za-kupiti-2024\/","title":{"rendered":"10 najboljih be\u017ei\u010dnih slu\u0161alica za kupnju u Velikoj Britaniji za April 2026 [A\u017eurirano]"},"content":{"rendered":"","protected":false},"excerpt":{"rendered":"","protected":false},"author":2,"featured_media":0,"parent":0,"menu_order":0,"comment_status":"closed","ping_status":"closed","template":"sales-template.php","meta":{"_acf_changed":false,"footnotes":""},"class_list":["post-12429","page","type-page","status-publish","hentry"],"acf":{"product_2_supplier":"Amazon","product_3_supplier":"Amazon","product_4_supplier":"Amazon","product_5_supplier":"Amazon","product_6_supplier":"Amazon","product_7_supplier":"Amazon","product_8_supplier":"Amazon","product_9_supplier":"Amazon","product_10_supplier":"Amazon","exclude_from_search":true,"product_3_price":"","product_3_url":"","product_url":"https:\/\/www.shopsta.co.uk\/products\/soundpeats-mini-pro-hs-wireless-earbuds-bluetooth-anc-hi-res-sound","product_2_url":"https:\/\/www.shopsta.co.uk\/products\/tribit-flybuds-c2-wireless-bluetooth-earphones-4-mics-call-noise-canceling-crystal-clear-calls-earbuds-32h-playtime-headphones","product_price_shortcode":"\u00a379,99","product_discount_price_shortcode":"\u00a364,00","product_image_1":"https:\/\/cdn.shopify.com\/s\/files\/1\/0503\/4170\/7969\/files\/S01dda507573846b8bf7dfef5c3e59319p.webp?v=1705589004","product_image_2":"https:\/\/cdn.shopify.com\/s\/files\/1\/0503\/4170\/7969\/files\/Sa889552a83924fdb874785ba30cf9192a.webp?v=1705589004","product_image_3":"https:\/\/cdn.shopify.com\/s\/files\/1\/0503\/4170\/7969\/files\/S26bef3b5f5c54c1f9a6041ef40166764p.webp?v=1705589004","product_image_4":"https:\/\/cdn.shopify.com\/s\/files\/1\/0503\/4170\/7969\/files\/S2ab9ef8c42524edaae083d7cdd7137e1r.webp?v=1705589005","product_image_5":"https:\/\/cdn.shopify.com\/s\/files\/1\/0503\/4170\/7969\/files\/Scb1eb558b35d4f34871e168f74f908efC.webp?v=1705589005","product_image_6":"https:\/\/www.shopsta.co.uk\/cdn\/shop\/files\/Sa889552a83924fdb874785ba30cf9192a_1400x1400.webp?v=1705589004","product_image_7":"https:\/\/www.shopsta.co.uk\/cdn\/shop\/files\/S26bef3b5f5c54c1f9a6041ef40166764p_1400x1400.webp?v=1705589004","product_image_8":"https:\/\/www.shopsta.co.uk\/cdn\/shop\/files\/Scb1eb558b35d4f34871e168f74f908efC_1400x1400.webp?v=1705589005","product_2_asin":"B0CHWZ9TZS","product_3_asin":"B0B4KHCQ96","product_4_asin":"B0979QQHFG","product_5_asin":"B09D7PXZV7","product_6_asin":"B09RZKHSD6","product_7_asin":"B09JQQDLXF","product_8_asin":"B095DNPH4R","product_9_asin":"B09RZJZ7YW","product_10_asin":"B0C9NGNBPG","product_2_image_1":"https:\/\/cdn.shopify.com\/s\/files\/1\/0503\/4170\/7969\/files\/Sb63526d4600f46848fe7de0e077cc862U.jpg?v=1695677154","product_2_image_2":"https:\/\/cdn.shopify.com\/s\/files\/1\/0503\/4170\/7969\/files\/Sc78e0c14e4e64fd58f35cba2ded94ad9r.jpg?v=1695677153","product_2_image_3":"https:\/\/cdn.shopify.com\/s\/files\/1\/0503\/4170\/7969\/files\/Seaaf380b94f049b4b91eb37d65f0c0b1L.jpg?v=1695677153","product_2_price":"\u00a347,99","product_2_discount_price":"38,39 funti","product_3_image_1":"","product_3_image_2":"","product_3_image_3":"","product_3_discount_price":"","language_code":"hr","product_name":"SOUNDPEATS\u00ae Mini Pro","product_type":"Be\u017ei\u010dne slu\u0161alice","product_type_singular":"Be\u017ei\u010dne slu\u0161alice za kupnju","product_full_name":"SOUNDPEATS\u00ae Mini Pro istinske be\u017ei\u010dne slu\u0161alice","bullet_points":"<ul>\n<li>NEVJEROJATNA KVALITETA ZVUKA: Ove slu\u0161alice isporu\u010duju zvuk bogatih detalja, superiorniji od CD-a, sa \u0161irokim pojasom reprodukcije od 20Hz do 40kHz. U\u017eivajte u zvuku najbli\u017eem izvornoj snimci za oboga\u0107eno i impresivno audio iskustvo. <\/li>\n<li>TEHNOLOGIJA LDAC KODEK: Iskusite besprijekoran prijenos zvuka s trostrukom koli\u010dinom informacija u usporedbi s tradicionalnim Bluetooth SBC kodekom. Cijenite nijanse u glasovima i instrumentima, uz izlaz blizak izvornoj namjeri kreatora. <\/li>\n<li>NAPREDNO PONI\u0160TAVANJE BUKE: Uz hibridnu tehnologiju aktivnog poni\u0161tavanja buke za smanjenje do 40 dB, neutralizira vanjske zvukove, omogu\u0107uju\u0107i nesmetan zvuk \u010dak i u bu\u010dnim okru\u017eenjima.<\/li>\n<li>PREMIUM DINAMI\u010cKI DRAJVER: Uklju\u010duje 10 mm dinami\u010dki drajver za osiguravanje dubine i dinami\u010dnosti prirodnih zvukova, donose\u0107i nevjerojatno uravnote\u017een niskofrekventni audio do\u017eivljaj \u0161to je mogu\u0107e bli\u017ee izvornom zvuku.<\/li>\n<li>POUZDANO TRAJANJE BATERIJE: u\u017eivajte u do 8 sati kontinuirane reprodukcije glazbe samo sa slu\u0161alicama i do 28 sati s ku\u0107i\u0161tem za punjenje. Idealno za duga putovanja, u\u017eurbane radne dane i produ\u017eenu audio zabavu. <\/li>\n<li>OPTIMIZIRAN ZA KONFERENCIJE: Sadr\u017ei ENC funkciju poni\u0161tavanja buke poziva i 6 mikrofona za filtriranje okolne buke, osiguravaju\u0107i jasnu kvalitetu glasa tijekom razgovora. Savr\u0161eno za rad na daljinu i web konferencije. <\/li>\n<\/ul>\n","features":"<p>NEVJEROJATNA KVALITETA ZVUKA: U\u017eivajte u zvuku kakav je namijenjen da se \u010duje. Slu\u0161alice reproduciraju zvuk visoke razlu\u010divosti koji je bogat, detaljan i vjeran \u017eivotu. \u0160iroki pojas reprodukcije od 20Hz do 40kHz omogu\u0107uje vam da uhvatite svaku nijansu, stvaraju\u0107i istinski impresivno audio iskustvo.  <\/p>\n<p>VRHUNSKI PRIJENOS ZVUKA: Zahvaljuju\u0107i tehnologiji LDAC kodeka, ove be\u017ei\u010dne slu\u0161alice mogu prenijeti 3 puta vi\u0161e podataka od tradicionalnog Bluetooth SBC kodeka, omogu\u0107uju\u0107i vam da cijenite svaki detalj u glazbi.  <\/p>\n<p>NAPREDNO PONI\u0160TAVANJE BUKE: Hibridna tehnologija aktivnog poni\u0161tavanja buke pru\u017ea smanjenje do 40 dB, u\u010dinkovito uklanjaju\u0107i pozadinsku buku. U\u017eivajte u neprekinutom i mirnom audio iskustvu, gdje god se nalazili. <\/p>\n<p>PREMIUM 10MM DINAMI\u010cKI DRAJVER: S 10 mm dinami\u010dkim drajverom, ove slu\u0161alice jam\u010de dubinu zvukova srednjeg niskog raspona i dinami\u010dnost prirodnih zvukova. Rezultat je zbirka frekvencija koja je dobro uravnote\u017eena i nevjerojatno bliska izvornoj snimci. <\/p>\n<p>POUZDANO TRAJANJE BATERIJE: Unato\u010d svom kompaktnom dizajnu, ove slu\u0161alice imaju do 8 sati kontinuirane reprodukcije i dodatnih 20 sati s ku\u0107i\u0161tem za punjenje. To ih \u010dini savr\u0161enima za duga putovanja na posao, kontinuirane radne dane ili produ\u017eene sesije audio zabave. <\/p>\n<p>OPTIMIZIRANE ZA POZIVE: Opremljene ENC funkcijom za uklanjanje buke poziva i 6 mikrofona &#8211; 3 u svakoj slu\u0161alici &#8211; SOUNDPEATS Mini Pro slu\u0161alice dizajnirane su za pobolj\u0161anje va\u0161eg glasa tijekom poziva filtriranjem okolne buke. Idealno za rad na daljinu i web konferencije. <\/p>\n<p>VRHUNSKE SPECIFIKACIJE: Ove slu\u0161alice dolaze s nizom vrhunskih zna\u010dajki uklju\u010duju\u0107i Bluetooth \u010dipset WQ7033AR, otpornost od 32 \u03a9, raspon frekvencije od 20-40 000 Hz, AAC, SBC, LDAC kodeke, aktivno poni\u0161tavanje buke i Bluetooth verzija 5.3.<\/p>\n<p>SADR\u017dAJ KUTIJE: Uz dvije Mini Pro HS Bluetooth slu\u0161alice, kutija uklju\u010duje Type-C kabel za punjenje, 6 izmjenjivih slu\u0161alica, kutiju za punjenje i korisni\u010dki priru\u010dnik.<\/p>\n","rating":"9.8","intro_text":"<p>Dobro do\u0161li u DJ Music Geek, va\u0161 glavni izvor najnovije i najbolje audio opreme. Ako tra\u017eite besprijekornu kvalitetu zvuka, sigurno pristajanje, impresivno trajanje baterije i besprijekorno be\u017ei\u010dno iskustvo, na pravom ste mjestu. Kao posve\u0107eni audiofili i tehnolo\u0161ki entuzijasti, donosimo vam detaljne, autoritativne recenzije i preporuke za najbolje be\u017ei\u010dne slu\u0161alice na tr\u017ei\u0161tu. Od jeftinih kupnji do skupih kupnji, sve smo isprobali i testirali kako bismo vam pru\u017eili informacije koje su vam potrebne da napravite pravi izbor. Pripremite se da nadogradite svoje iskustvo slu\u0161anja be\u017ei\u010dnim slu\u0161alicama koje doista daju pravu notu.    <\/p>\n","text_before_product_box":"<p>Prave be\u017ei\u010dne slu\u0161alice SOUNDPEATS\u00ae Mini Pro dobile su najvi\u0161e ocjene u na\u0161em testiranju za njihov nenadma\u0161an spoj kvalitete zvuka, vrijednosti i inovativnih zna\u010dajki. Ove slu\u0161alice nadma\u0161uju konkurenciju svojom reprodukcijom zvuka visoke razlu\u010divosti i ekskluzivnim LDAC kodekom za vrhunski prijenos zvuka. Po pristupa\u010dnoj cijeni tako\u0111er pru\u017eaju odli\u010dan povrat ulaganja, uklju\u010duju\u0107i zna\u010dajke poput hibridnog aktivnog uklanjanja buke i do 28 sati trajanja baterije.  <\/p>\n","text_after_product_box":"<p>Kada se radi o odabiru be\u017ei\u010dnih slu\u0161alica, vrijednost za novac je od velike va\u017enosti. SOUNDPEATS Mini Pro be\u017ei\u010dne slu\u0161alice nude upravo to. Nakon testiranja ovog proizvoda, mo\u017eemo vam jam\u010diti da ovaj proizvod pru\u017ea neusporedivu kvalitetu zvuka, napredne zna\u010dajke i izvrsnu dugovje\u010dnost po vrlo konkurentnoj cijeni.    <\/p>\n<p>Uz reprodukciju izvora zvuka visoke razlu\u010divosti i vrhunsku tehnologiju LDAC kodeka, impresionirao nas je bogat, detaljan i realisti\u010dan audio izlaz. Proizvod pru\u017ea oboga\u0107eno i impresivno audio iskustvo koje je daleko superiornije u odnosu na CD-ove. \u0160tovi\u0161e, slu\u0161alice imaju aktivno poni\u0161tavanje buke, koje u\u010dinkovito neutralizira vanjske zvukove &#8211; prava prednost u bu\u010dnim okru\u017eenjima.  <\/p>\n<p>SOUNDPEATS Mini Pro slu\u0161alice mogu se pohvaliti pouzdanim trajanjem baterije koje se produljuje do 8 sati sa samim slu\u0161alicama i 28 sati s ku\u0107i\u0161tem za punjenje, \u0161to ih \u010dini savr\u0161enim za duga putovanja i opse\u017enu audio zabavu. Nadalje, otkrili smo da je ovaj model s ugra\u0111enom ENC funkcijom za uklanjanje buke poziva i \u0161est mikrofona izvrstan za rad na daljinu i web konferencije. Dakle, ako tra\u017eite proizvod koji posti\u017ee najbolju ravnote\u017eu izme\u0111u vrhunskih zna\u010dajki i pristupa\u010dne cijene, SOUNDPEATS Mini Pro je pravi izbor.  <\/p>\n","why_the_best_text":"<p>Kada je rije\u010d o pronala\u017eenju kompleta be\u017ei\u010dnih slu\u0161alica koje nude visoku vrijednost za va\u0161 novac, vjerujemo da se prave be\u017ei\u010dne slu\u0161alice SOUNDPEATS\u00ae Mini Pro isti\u010du me\u0111u ostalima. S obzirom na njegovu konkurentnu cijenu, dolazi prepun zna\u010dajki koje smo osobno testirali i utvrdili da pru\u017eaju iznimne performanse. <\/p>\n<p>Jedna od najistaknutijih zna\u010dajki ovih slu\u0161alica je njihova briljantna kvaliteta zvuka. Zahvaljuju\u0107i reprodukciji visoke razlu\u010divosti koja nudi vrhunski zvuk u usporedbi s CD-ima, korisnici mogu u\u017eivati \u200b\u200bu oboga\u0107enom i impresivnom audio iskustvu. Njegova \u0161irokopojasna reprodukcija u rasponu od 20Hz do 40kHz osigurava zvuk koji je najbli\u017ei izvornoj snimci. \u0160tovi\u0161e, opremljen naprednom tehnologijom poni\u0161tavanja buke, u\u010dinkovito smanjuje buku iz okoli\u0161a, omogu\u0107uju\u0107i nesmetano audio iskustvo.   <\/p>\n<p>Tako\u0111er smo bili impresionirani impresivnim vijekom trajanja baterije, izdr\u017eav\u0161i do 8 sati kontinuirane igre sa slu\u0161alicama i ukupno 28 sati s ku\u0107i\u0161tem za punjenje &#8211; \u0161to ga \u010dini savr\u0161enim za duga putovanja ili produ\u017eene sesije audio zabave. Uklju\u010divanje ugra\u0111ene ENC funkcije za uklanjanje buke poziva i \u0161est mikrofona dodatno optimizira ove slu\u0161alice za jasne razgovore, \u0161to ih \u010dini prakti\u010dnim izborom za rad na daljinu ili web konferencije. Sve u svemu, vjerujemo da SOUNDPEATS\u00ae Mini Pro nudi izuzetnu vrijednost za svoju cijenu.  <\/p>\n","reviews_text":"<p>Odabir najboljih be\u017ei\u010dnih slu\u0161alica mo\u017ee biti te\u017eak s obzirom na ogroman broj opcija dostupnih na tr\u017ei\u0161tu. Evo klju\u010dnih \u010dimbenika koje biste trebali uzeti u obzir kako biste napravili najbolji izbor. <\/p>\n<ol>\n<li>Kvaliteta zvuka: Slu\u0161alice bi trebale nuditi vrhunsku kvalitetu zvuka s mogu\u0107no\u0161\u0107u isporu\u010divanja \u0161irokog raspona audio frekvencija, omogu\u0107uju\u0107i vam u\u017eivanje u bogatom i impresivnom audio iskustvu.<\/li>\n<li>Zna\u010dajka poni\u0161tavanja buke: visokokvalitetne slu\u0161alice dolaze s naprednom tehnologijom poni\u0161tavanja buke za neutralizaciju vanjskih zvukova, omogu\u0107uju\u0107i vam da u\u017eivate u glazbi bez ometanja.<\/li>\n<li>Trajanje baterije: najbolje slu\u0161alice za u\u0161i pru\u017eaju pouzdano trajanje baterije koje mo\u017ee izdr\u017eati cijeli dan ili dugo putovanje.<\/li>\n<li>Udobnost: Slu\u0161alice bi trebale biti udobne za dulje vrijeme i sigurno stajati u va\u0161im u\u0161ima.<\/li>\n<li>Vrhunske zna\u010dajke: Razmotrite zna\u010dajke poput Bluetooth \u010dipseta i reprodukcije izvora zvuka visoke razlu\u010divosti. Oni doprinose ukupnoj u\u010dinkovitosti slu\u0161alica. <\/li>\n<li>Cijena: Uvijek uzmite u obzir cijenu. Najbolje slu\u0161alice nude izvrsne zna\u010dajke, izdr\u017eljivost i kvalitetu zvuka po cijeni koju ste spremni platiti. <\/li>\n<\/ol>\n","top_pick_box_text":"<p>SOUNDPEATS\u00ae Mini Pro True Wireless Earbuds spajaju napredne zna\u010dajke u pristupa\u010dnu cijenu, \u0161to ih \u010dini izvrsnim izborom za potro\u0161a\u010de koji vode ra\u010duna o vrijednosti. Od kvalitete zvuka visoke razlu\u010divosti, LDAC kodeka za vrhunski prijenos zvuka, do napredne tehnologije poni\u0161tavanja buke, ove slu\u0161alice bez napora pru\u017eaju vrhunsku audio izvedbu. \u0160tovi\u0161e, dolaze s pouzdanim vijekom trajanja baterije do 28 sati s ku\u0107i\u0161tem za punjenje, \u0161to osigurava da imate dovoljno energije za dulja razdoblja audio zabave.  <\/p>\n<p>Ove se slu\u0161alice isti\u010du ne samo svojom nevjerojatnom kvalitetom zvuka, ve\u0107 i svojom funkcionalno\u0161\u0107u u razgovorima i konferencijama &#8211; zahvaljuju\u0107i ENC zna\u010dajki za uklanjanje buke poziva i \u0161est ugra\u0111enih mikrofona. Nude nenadma\u0161nu ravnote\u017eu cijene, performansi i dodatnih zna\u010dajki, \u0161to ih \u010dini solidnim izborom za svaki \u017eivotni stil i priliku. Ove SOUNDPEATS\u00ae be\u017ei\u010dne slu\u0161alice s vrijedno\u0161\u0107u za novac uistinu pru\u017eaju osobno i impresivno iskustvo zvuka.  <\/p>\n","bottom_text":"<p>Zaklju\u010dno, be\u017ei\u010dne slu\u0161alice SOUNDPEATS\u00ae Mini Pro izvrstan su proizvod i izvrsna kupnja. Kroz na\u0161e opse\u017eno testiranje, dosljedno su dokazivali svoju vrijednost, hvale\u0107i se vrhunskim zna\u010dajkama koje ih stavljaju ispred konkurencije.   <\/p>\n<p>Njihova vrhunska kvaliteta zvuka je izvanredna, sa reprodukcijom zvuka tako bogatom i detaljnom da mo\u017eete uhvatiti svaku glazbenu nijansu. Tehnologija LDAC kodeka za slu\u0161alice osigurava tri puta ve\u0107i prijenos podataka od tradicionalnih Bluetooth kodeka, intenziviraju\u0107i va\u0161e audio iskustvo. U kombinaciji s naprednom zna\u010dajkom poni\u0161tavanja buke, ove slu\u0161alice bez napora prigu\u0161uju pozadinsku buku, stvaraju\u0107i neprekinuto audio okru\u017eenje.    <\/p>\n<p>Dinami\u010dki drajveri od 10 mm jam\u010de uravnote\u017een frekvencijski raspon koji odgovara izvornoj snimci, dok velikodu\u0161no trajanje baterije pru\u017ea do 8 sati neprekidne reprodukcije zvuka, produ\u017eeno na 20 sati s ku\u0107i\u0161tem za punjenje. Ove karakteristike \u010dine ga savr\u0161enim suputnikom za duge radne dane i putovanja.   <\/p>\n<p>Nadalje, ove slu\u0161alice su optimizirane za pozive, osiguravaju\u0107i jasnu i jasnu kvalitetu glasa na va\u0161im video konferencijama i pozivima. Njegove specifikacije, uklju\u010duju\u0107i verziju Bluetooth 5.3, a\u017eurirane su, a sadr\u017eaj kutije uklju\u010duje sve potrebne dodatke za trenutnu upotrebu. <\/p>\n<p>Sve u svemu, od svih be\u017ei\u010dnih slu\u0161alica koje smo testirali, SOUNDPEATS\u00ae Mini Pro slu\u0161alice iza\u0161le su kao neupitni pobjednici zahvaljuju\u0107i svojim izvanrednim performansama, vrhunskim zna\u010dajkama i briljantnoj kvaliteti zvuka. Njihovi impresivni atributi doista ih izdvajaju i jam\u010de doista impresivno iskustvo slu\u0161anja. <\/p>\n","product_2_full_name":"Tribit FlyBuds C2 Bluetooth be\u017ei\u010dne slu\u0161alice s 4 mikrofona, poni\u0161tavanjem buke, 32 sata reprodukcije.","product_2_bullet_points":"<ul>\n<li>KRISTALNO \u010cISTI POZIVI: Projektiran za izvrsnu kvalitetu poziva, \u010dak i u bu\u010dnim okru\u017eenjima, zahvaljuju\u0107i jedinstvenoj tehnologiji za uklanjanje buke Qualcomm 4-Mic CVC 8.0.<\/li>\n<li>IZVANREDAN ZVUK: Qualcomm QCC3040 \u010dip slu\u0161alice, 13 mm veliki dinami\u010dki pokreta\u010d i APTX visokokvalitetno dekodiranje zvuka osiguravaju pobolj\u0161anu jasno\u0107u i vjernost zvuka.<\/li>\n<li>PODESIVE POSTAVKE EQ: S aplikacijom Tribit mo\u017eete jednostavno birati izme\u0111u 24 razli\u010dita stila ekvilajzera kao \u0161to su jazz, bas, ACG, itd. kako biste bili sigurni da je va\u0161e iskustvo slu\u0161anja savr\u0161eno prilago\u0111eno va\u0161im \u017eeljama.<\/li>\n<li>PRODU\u017dENO VRIJEME REPRODUKCIJE: Opremljene impresivnom baterijom, svaka slu\u0161alica pru\u017ea 8 sati reprodukcije po punjenju, a uz prilo\u017eenu kutiju za punjenje dobivate ukupno 32 sata be\u017ei\u010dnog zvuka.<\/li>\n<li>PRAVA BE\u017dI\u010cNA I BRZA POVEZIVOST: Pokretane najnovijom tehnologijom Bluetooth 5.2, ove slu\u0161alice osiguravaju ja\u010du i stabilniju vezu za nesmetanu reprodukciju zvuka.<\/li>\n<li>UDOBNE I LAGE: Svaka slu\u0161alica te\u017ei samo 4 g, nude\u0107i ugodno iskustvo slu\u0161anja bez pritiska, savr\u0161eno za dugotrajno kori\u0161tenje.<\/li>\n<\/ul>","product_2_text_after":"Tribit FlyBuds C2 na\u0161 je drugi izbor zbog svojih izvanrednih zna\u010dajki i velike vrijednosti za novac. Nakon testiranja, cijenili smo njegov najnoviji \u010dip Qualcomm QCC3040, koji pru\u017ea vrhunsko dekodiranje zvuka, i jedinstvenu tehnologiju Qualcomm 4-Mic CVC 8.0, koja zna\u010dajno smanjuje pozadinsku buku tijekom poziva. Najnoviji Bluetooth 5.2 osigurava stabilnu i sna\u017enu vezu, a produljeno trajanje baterije od 32 sata idealno je za dulju upotrebu. Unato\u010d tome \u0161to nema upravlja\u010dku tipku ili vodootporne zna\u010dajke, istinska be\u017ei\u010dna pogodnost i prakti\u010dna kutija za punjenje \u010dine ovaj proizvod dostojnim konkurentom. Dodatno, slu\u0161alice podr\u017eava aplikacija Tribit, koja nudi 24 razli\u010dita stila EQ-a za odabir, dodatno pobolj\u0161avaju\u0107i svestranost proizvoda. Uz izvrsnu vrijednost za cijenu, ove slu\u0161alice slu\u017ee korisnicima koji tra\u017ee kvalitetnu izvedbu, a da pritom ne razbiju novac.     "},"yoast_head":"<!-- This site is optimized with the Yoast SEO plugin v27.3 - https:\/\/yoast.com\/product\/yoast-seo-wordpress\/ -->\n<title>10 najboljih be\u017ei\u010dnih slu\u0161alica za kupnju u Velikoj Britaniji za [month_year] [A\u017eurirano] - DJ Music Geek<\/title>\n<meta name=\"robots\" content=\"index, follow, max-snippet:-1, max-image-preview:large, max-video-preview:-1\" \/>\n<link rel=\"canonical\" href=\"https:\/\/djmusicgeek.com\/hr\/najbolje-bezicne-slusalice-za-kupiti-2024\/\" \/>\n<meta property=\"og:locale\" content=\"hr_HR\" \/>\n<meta property=\"og:type\" content=\"article\" \/>\n<meta property=\"og:title\" content=\"10 najboljih be\u017ei\u010dnih slu\u0161alica za kupnju u Velikoj Britaniji za [month_year] [A\u017eurirano] - DJ Music Geek\" \/>\n<meta property=\"og:url\" content=\"https:\/\/djmusicgeek.com\/hr\/najbolje-bezicne-slusalice-za-kupiti-2024\/\" \/>\n<meta property=\"og:site_name\" content=\"DJ Music Geek\" \/>\n<meta property=\"article:modified_time\" content=\"2026-03-01T13:46:18+00:00\" \/>\n<meta name=\"twitter:card\" content=\"summary_large_image\" \/>\n<script type=\"application\/ld+json\" class=\"yoast-schema-graph\">{\"@context\":\"https:\\\/\\\/schema.org\",\"@graph\":[{\"@type\":\"WebPage\",\"@id\":\"https:\\\/\\\/djmusicgeek.com\\\/hr\\\/najbolje-bezicne-slusalice-za-kupiti-2024\\\/\",\"url\":\"https:\\\/\\\/djmusicgeek.com\\\/hr\\\/najbolje-bezicne-slusalice-za-kupiti-2024\\\/\",\"name\":\"10 najboljih be\u017ei\u010dnih slu\u0161alica za kupnju u Velikoj Britaniji za [month_year] [A\u017eurirano] - DJ Music Geek\",\"isPartOf\":{\"@id\":\"https:\\\/\\\/djmusicgeek.com\\\/#website\"},\"datePublished\":\"2024-01-19T02:13:41+00:00\",\"dateModified\":\"2026-03-01T13:46:18+00:00\",\"breadcrumb\":{\"@id\":\"https:\\\/\\\/djmusicgeek.com\\\/hr\\\/najbolje-bezicne-slusalice-za-kupiti-2024\\\/#breadcrumb\"},\"inLanguage\":\"hr\",\"potentialAction\":[{\"@type\":\"ReadAction\",\"target\":[\"https:\\\/\\\/djmusicgeek.com\\\/hr\\\/najbolje-bezicne-slusalice-za-kupiti-2024\\\/\"]}]},{\"@type\":\"BreadcrumbList\",\"@id\":\"https:\\\/\\\/djmusicgeek.com\\\/hr\\\/najbolje-bezicne-slusalice-za-kupiti-2024\\\/#breadcrumb\",\"itemListElement\":[{\"@type\":\"ListItem\",\"position\":1,\"name\":\"Po\u010detna\",\"item\":\"https:\\\/\\\/djmusicgeek.com\\\/\"},{\"@type\":\"ListItem\",\"position\":2,\"name\":\"10 najboljih be\u017ei\u010dnih slu\u0161alica za kupnju u Velikoj Britaniji za March 2026 [A\u017eurirano]\"}]},{\"@type\":\"WebSite\",\"@id\":\"https:\\\/\\\/djmusicgeek.com\\\/#website\",\"url\":\"https:\\\/\\\/djmusicgeek.com\\\/\",\"name\":\"DJ Music Geek\",\"description\":\"\",\"potentialAction\":[{\"@type\":\"SearchAction\",\"target\":{\"@type\":\"EntryPoint\",\"urlTemplate\":\"https:\\\/\\\/djmusicgeek.com\\\/?s={search_term_string}\"},\"query-input\":{\"@type\":\"PropertyValueSpecification\",\"valueRequired\":true,\"valueName\":\"search_term_string\"}}],\"inLanguage\":\"hr\"}]}<\/script>\n<!-- \/ Yoast SEO plugin. -->","yoast_head_json":{"title":"10 najboljih be\u017ei\u010dnih slu\u0161alica za kupnju u Velikoj Britaniji za [month_year] [A\u017eurirano] - DJ Music Geek","robots":{"index":"index","follow":"follow","max-snippet":"max-snippet:-1","max-image-preview":"max-image-preview:large","max-video-preview":"max-video-preview:-1"},"canonical":"https:\/\/djmusicgeek.com\/hr\/najbolje-bezicne-slusalice-za-kupiti-2024\/","og_locale":"hr_HR","og_type":"article","og_title":"10 najboljih be\u017ei\u010dnih slu\u0161alica za kupnju u Velikoj Britaniji za [month_year] [A\u017eurirano] - DJ Music Geek","og_url":"https:\/\/djmusicgeek.com\/hr\/najbolje-bezicne-slusalice-za-kupiti-2024\/","og_site_name":"DJ Music Geek","article_modified_time":"2026-03-01T13:46:18+00:00","twitter_card":"summary_large_image","schema":{"@context":"https:\/\/schema.org","@graph":[{"@type":"WebPage","@id":"https:\/\/djmusicgeek.com\/hr\/najbolje-bezicne-slusalice-za-kupiti-2024\/","url":"https:\/\/djmusicgeek.com\/hr\/najbolje-bezicne-slusalice-za-kupiti-2024\/","name":"10 najboljih be\u017ei\u010dnih slu\u0161alica za kupnju u Velikoj Britaniji za [month_year] [A\u017eurirano] - DJ Music Geek","isPartOf":{"@id":"https:\/\/djmusicgeek.com\/#website"},"datePublished":"2024-01-19T02:13:41+00:00","dateModified":"2026-03-01T13:46:18+00:00","breadcrumb":{"@id":"https:\/\/djmusicgeek.com\/hr\/najbolje-bezicne-slusalice-za-kupiti-2024\/#breadcrumb"},"inLanguage":"hr","potentialAction":[{"@type":"ReadAction","target":["https:\/\/djmusicgeek.com\/hr\/najbolje-bezicne-slusalice-za-kupiti-2024\/"]}]},{"@type":"BreadcrumbList","@id":"https:\/\/djmusicgeek.com\/hr\/najbolje-bezicne-slusalice-za-kupiti-2024\/#breadcrumb","itemListElement":[{"@type":"ListItem","position":1,"name":"Po\u010detna","item":"https:\/\/djmusicgeek.com\/"},{"@type":"ListItem","position":2,"name":"10 najboljih be\u017ei\u010dnih slu\u0161alica za kupnju u Velikoj Britaniji za March 2026 [A\u017eurirano]"}]},{"@type":"WebSite","@id":"https:\/\/djmusicgeek.com\/#website","url":"https:\/\/djmusicgeek.com\/","name":"DJ Music Geek","description":"","potentialAction":[{"@type":"SearchAction","target":{"@type":"EntryPoint","urlTemplate":"https:\/\/djmusicgeek.com\/?s={search_term_string}"},"query-input":{"@type":"PropertyValueSpecification","valueRequired":true,"valueName":"search_term_string"}}],"inLanguage":"hr"}]}},"_links":{"self":[{"href":"https:\/\/djmusicgeek.com\/hr\/wp-json\/wp\/v2\/pages\/12429","targetHints":{"allow":["GET"]}}],"collection":[{"href":"https:\/\/djmusicgeek.com\/hr\/wp-json\/wp\/v2\/pages"}],"about":[{"href":"https:\/\/djmusicgeek.com\/hr\/wp-json\/wp\/v2\/types\/page"}],"author":[{"embeddable":true,"href":"https:\/\/djmusicgeek.com\/hr\/wp-json\/wp\/v2\/users\/2"}],"replies":[{"embeddable":true,"href":"https:\/\/djmusicgeek.com\/hr\/wp-json\/wp\/v2\/comments?post=12429"}],"version-history":[{"count":2,"href":"https:\/\/djmusicgeek.com\/hr\/wp-json\/wp\/v2\/pages\/12429\/revisions"}],"predecessor-version":[{"id":17332,"href":"https:\/\/djmusicgeek.com\/hr\/wp-json\/wp\/v2\/pages\/12429\/revisions\/17332"}],"wp:attachment":[{"href":"https:\/\/djmusicgeek.com\/hr\/wp-json\/wp\/v2\/media?parent=12429"}],"curies":[{"name":"wp","href":"https:\/\/api.w.org\/{rel}","templated":true}]}}