{"id":12388,"date":"2024-05-05T01:37:26","date_gmt":"2024-05-05T01:37:26","guid":{"rendered":"https:\/\/djmusicgeek.com\/top-10-najboljih-bezicnih-bluetooth-zvucnika-za-kupiti-za-mjesec-godine-eu-azurirano\/"},"modified":"2026-03-01T13:48:24","modified_gmt":"2026-03-01T13:48:24","slug":"top-10-najboljih-bezicnih-bluetooth-zvucnika-za-kupiti-za-mjesec-godine-eu-azurirano","status":"publish","type":"page","link":"https:\/\/djmusicgeek.com\/hr\/top-10-najboljih-bezicnih-bluetooth-zvucnika-za-kupiti-za-mjesec-godine-eu-azurirano\/","title":{"rendered":"10 najboljih be\u017ei\u010dnih Bluetooth zvu\u010dnika za kupovinu"},"content":{"rendered":"","protected":false},"excerpt":{"rendered":"","protected":false},"author":2,"featured_media":0,"parent":0,"menu_order":0,"comment_status":"closed","ping_status":"closed","template":"sales-template.php","meta":{"_acf_changed":false,"footnotes":""},"class_list":["post-12388","page","type-page","status-publish","hentry"],"acf":{"product_2_supplier":"Shopsta","product_3_supplier":"Amazon","product_4_supplier":"Amazon","product_5_supplier":"Amazon","product_6_supplier":"Amazon","product_7_supplier":"Amazon","product_8_supplier":"Amazon","product_9_supplier":"Amazon","product_10_supplier":"Amazon","exclude_from_search":true,"product_3_price":"","product_3_url":"","product_2_url":"products\/500lk-100w-bluetooth-speaker-portable-speakers-quad-drivers-dual-diaphragm-deep-bass-rgb-light-tws-5000mah-outdoors-wireless-speaker-1","product_price_shortcode":"109,00 \u20ac","product_discount_price_shortcode":"87,20 \u20ac","product_image_1":"https:\/\/djmusicgeek.com\/wp-content\/uploads\/2021\/11\/bw-w-series-2-a.jpeg","product_image_2":"https:\/\/djmusicgeek.com\/wp-content\/uploads\/2022\/05\/69378614-8e6b-40ca-85b0-d8e5c32f0356_1000x1000-1.jpg","product_image_3":"https:\/\/djmusicgeek.com\/wp-content\/uploads\/2022\/07\/450acb13-537b-4d2d-9cdb-23d03d1847c2_1000x1000_f5bbaa83-9489-44e2-9679-c0f7576f17cc_1000x1000.jpeg","product_image_4":"https:\/\/djmusicgeek.com\/wp-content\/uploads\/2022\/05\/450acb13-537b-4d2d-9cdb-23d03d1847c2_1000x1000.jpeg","product_image_5":"https:\/\/djmusicgeek.com\/wp-content\/uploads\/2022\/07\/two-w-series-768x709.jpg","product_image_6":"https:\/\/djmusicgeek.com\/wp-content\/uploads\/2022\/06\/xdobo1-3.jpg","product_image_7":"https:\/\/djmusicgeek.com\/wp-content\/uploads\/2022\/07\/c14b9410-6ea7-4111-9fb8-8f2814d297b0-408x510.jpeg","product_image_8":"https:\/\/djmusicgeek.com\/wp-content\/uploads\/2022\/01\/Screenshot-2021-11-20-at-13.55.52-1024x994-1-525x510.jpg","product_3_asin":"B09HGRXXTM","product_4_asin":"B099T738ZC","product_5_asin":"B08YXBSP6X","product_6_asin":"B08GKVL7FN","product_7_asin":"B08YRT9T38","product_8_asin":"B08XYY43ZF","product_9_asin":"B08VDNCZT9","product_10_asin":"B0CD263FWB","product_2_image_1":"https:\/\/djmusicgeek.com\/wp-content\/uploads\/2022\/10\/500-1.jpg","product_2_image_2":"https:\/\/djmusicgeek.com\/wp-content\/uploads\/2022\/05\/ebc28331-c863-45fa-880d-6040d1d82804.jpg.webp","product_2_image_3":"https:\/\/djmusicgeek.com\/wp-content\/uploads\/2022\/10\/500-2-1.jpg","product_2_price":"179,00 \u20ac","product_2_discount_price":"143,20 \u20ac","product_url":"products\/blitzwolf-w-series-2nd-generation-speaker","product_3_image_1":"","product_3_image_2":"","product_3_image_3":"","product_2_asin":"","product_3_discount_price":"","language_code":"hr","product_name":"BlitzWolf\u00ae W serija","product_type":"Bluetooth zvu\u010dnik","product_type_singular":"Bluetooth zvu\u010dnik","product_full_name":"BlitzWolf\u00ae W serija be\u017ei\u010dnih vodootpornih Bluetooth zvu\u010dnika","bullet_points":"<ul>\n<li>IZLAZNA SNAGE OD 30 W: Ogromni dvostruki pogonski ure\u0111aji omogu\u0107uju vam da u\u017eivate u dubokom pobolj\u0161anom basu i briljantnom zvuku.<\/li>\n<li>PUNITE U KRETU: prijenosno punjenje za va\u0161e ure\u0111aje s ugra\u0111enom baterijom velikog kapaciteta od 4000 mAh.<\/li>\n<li>IPX6 VODOOTPORNOST: U\u017eivajte u kori\u0161tenju zvu\u010dnika na mokrom koliko god \u017eelite. Ovaj zvu\u010dnik napravljen je da izdr\u017ei mlazove vode pod pritiskom, pa ga bez brige koristite pod ki\u0161om, pod tu\u0161em ili u blizini vode.<\/li>\n<li>PRAVA BE\u017dI\u010cNA POVEZIVOST: be\u017ei\u010dno uparite 2 zvu\u010dnika za dvostruku zabavu. Uz Bluetooth 5.0 povezivanje, serija W ima domet do 240 metara za povezivanje s va\u0161im ure\u0111ajem uz brzo i jednostavno povezivanje.<\/li>\n<li>VI\u0160E POVEZIVANJA: Pove\u017eite svoju seriju W putem Bluetootha, koristite Micro SD karticu na koju je unaprijed u\u010ditana glazba ili koristite AUX kabel.<\/li>\n<li>ULTRA PRIJENOSIV: Kompaktan, prenosiv i jednostavan za no\u0161enje, prijenosni bluetooth zvu\u010dnik serije W lako se sprema u va\u0161 ruksak, u\u017eivajte u glazbi dok se penjete, vozite bicikl, kampirate ili ste na pla\u017ei.<\/li>\n<li>20 SATI TRAJANJE BATERIJE: U\u017eivajte u glazbi do 20 sati bez potrebe za ponovnim punjenjem. Do\u017eivite sna\u017ean bas i detaljan zvuk u pokretu bez brige o trajanju baterije.<\/li>\n<\/ul>\n","rating":"9.8","intro_text":"<p>Kad je rije\u010d o prijenosnim zvu\u010dnicima, testirali smo ih na desetke tijekom godina. Testiraju\u0107i sve modele u svim oblicima, veli\u010dinama i specifikacijama, ovdje smo da vam pomognemo odabrati model koji je pravi za vas, pa bilo da tra\u017eite izvrstan svestrani zvu\u010dnik, veliki zvu\u010dnik za zabave ili mini prijenosni ure\u0111aj za slu\u0161anje podcasta, pokrivamo vas. Bez obzira na to \u0161to slu\u0161ate, gdje slu\u0161ate ili koji su va\u0161i zahtjevi, ovdje \u0107ete prona\u0107i najbolje bluetooth zvu\u010dnike.<\/p>\n","text_before_product_box":"<p>Serija W pru\u017ea nevjerojatan zvuk, dugo trajanje baterije, jednostavnu prenosivost i vodootporan dizajn, a sve to po iznimnoj cijeni. Besplatna i brza dostava bilo gdje u EU plus nema uvoznih poreza.<\/p>\n","text_after_product_box":"<p>Dakle, za\u0161to je BlitzWolf\u00ae W serija na\u0161 najbolji izbor od svih vanjskih zvu\u010dnika koje smo testirali? Uspore\u0111uju\u0107i zvu\u010dnik s markama kao \u0161to su Bose i Sony, nije bilo primjetne razlike u zvuku. Testirali smo svaki od zvu\u010dnika u ovoj recenziji slu\u0161aju\u0107i raznoliku glazbu, od rocka, R&#038;B-a, jazza i rapa. Serija W pru\u017eala je jasan, o\u0161tar zvuk koji se nije pogor\u0161ao kad smo pove\u0107ali glasno\u0107u na maks. Bilo da tra\u017eite rashla\u0111enu hranu u vrtu ili potpunu ku\u0107nu zabavu, W serija je za vas.<\/p>\n<h2>Prenosivost<\/h2>\n<p>Serija W duga je 21 cm, visoka 5,5 cm i \u0161iroka 7 cm. Jedinica tako\u0111er te\u017ei samo 689 g \u0161to je svrstava u podru\u010dje ultra-prijenosnih ure\u0111aja. Sve u svemu, dosta smo testirali prenosivost serije W. Nosim ga u parkove, bacam u torbu, igram se s njim u autu i nosim ga u stra\u017enji vrt. Osobno mislim da je to savr\u0161ena veli\u010dina za be\u017ei\u010dni zvu\u010dnik, ne premalen da bi bio kompromitovan zvuk, ali ni prevelik da ga ne mo\u017eete nositi nigdje!<\/p>\n<h2>\u017divot baterije<\/h2>\n<p>Baterija je jako va\u017ena kada gledamo be\u017ei\u010dne zvu\u010dnike. Osim kvalitete zvuka, mislim da je to drugi najva\u017eniji \u010dimbenik u va\u0161oj odluci o kupnji. BlitzWolf W serija ima smije\u0161nu bateriju od 4000 mAh ugra\u0111enu u jedinicu \u0161to zna\u010di da mo\u017eete reproducirati glazbu do 18 sati s jednim punjenjem. Jedinica dolazi s 3 glavna priklju\u010dka, USB-C, Micro SD karticom (za reprodukciju pjesama izravno s kartice) i priklju\u010dkom za AUX kabel. USB se lako mo\u017ee koristiti za punjenje bilo kojeg ure\u0111aja koji \u017eelite, a AUX se mo\u017ee koristiti za povezivanje sa bilo kojom starijom tehnologijom koju \u017eelite koristiti.<\/p>\n<p>Sve u svemu, mo\u017eete dobiti impresivnih 18 sati igranja iz serije BlitzWolf W!<\/p>\n","why_the_best_text":"<p>U na\u0161im testovima otkrili smo da vi\u0161a cijena nije uvijek jednaka vi\u0161oj kvaliteti. Neki od poznatijih brendova kao \u0161to su JBL, Sony i Bose proizvodili su stvarno dobre zvu\u010dnike, ali su zbog cijene dvostruko ili trostruko skuplji od BlitzWolf\u00ae W serije. Uspore\u0111uju\u0107i stvari kao \u0161to su bas, jasno\u0107a zvuka i zna\u010dajke, otkrili smo da nema zna\u010dajnih razlika ili ih nema.<\/p>\n","reviews_text":"<p>Va\u017eno je pogledati \u0161to je potrebno za odli\u010dan be\u017ei\u010dni zvu\u010dnik. Osmislili smo 7 obaveznih stvari za svaki be\u017ei\u010dni zvu\u010dnik koje trebate uzeti u obzir:<\/p>\n<p>1) Sjajan zvuk &#8211; ne mo\u017eemo bez ove bitne komponente!<br \/>\n2) Prenosivost &#8211; je li ga lako nositi?<br \/>\n3) Trajanje baterije &#8211; koliko dugo baterija traje?<br \/>\n4) Pouzdanost &#8211; trebam li brinuti o kvaliteti izrade?<br \/>\n5) Povezivost &#8211; koliko je lako povezati se?<br \/>\n6) Hidroizolacija &#8211; trebam li brinuti o ki\u0161i?<br \/>\n7) Cijena &#8211; je li pristupa\u010dna ili prepla\u0107ujem?<\/p>\n<p>Pregledali smo i naru\u010dili gore navedene zvu\u010dnike na temelju ovih \u010dimbenika. Pokrivanje svih osnova va\u017eno je pri odabiru bluetooth zvu\u010dnika jer vam je potreban samo jedan aspekt zvu\u010dnika koji \u0107e vas iznevjeriti i uni\u0161titi va\u0161e iskustvo. Sve u svemu, na\u0161 najbolji izbor je BlitzWolf W serija koju mo\u017eete prona\u0107i ovdje: https:\/\/www.shopsta.co\/hr\/products\/blitzwolf-w-series-2nd-generation-speaker<\/p>\n","top_pick_box_text":"<p>Kada je rije\u010d o bluetooth zvu\u010dniku, \u017eelite sve zna\u010dajke upakirane u izvrstan dizajn. BlitzWolf\u00ae W serija po na\u0161em mi\u0161ljenju pru\u017ea sve \u0161to mo\u017eete po\u017eeljeti od be\u017ei\u010dnog zvu\u010dnika po fenomenalnoj cijeni.<\/p>\n<p>Uz visoku kvalitetu izrade, dugo trajanje baterije, ultra pouzdanu povezanost i kompatibilnost na svim ure\u0111ajima, ocjenjujemo W seriju s 9,8 od 10.<\/p>\n<p>Nakon \u0161to smo jedinicu koristili otprilike 4 mjeseca uz svakodnevnu upotrebu, ne mo\u017eemo vidjeti da \u0107emo uskoro prije\u0107i na drugu jedinicu.<\/p>\n<p>Ostvarite besplatnu dostavu prilikom kupnje na Shopsta.<\/p>\n","bottom_text":"<p>Serija W ima izlaznu snagu zvu\u010dnika od 30 W, \u0161to je vi\u0161e nego dovoljno za prosje\u010dnog korisnika. Pri punoj glasno\u0107i, zvu\u010dnik bi se mogao smatrati preglasnim u manjim prostorijama. Ovo je ipak sjajno jer izlaz zvuka mo\u017eete prilagoditi svojim postavkama. S ostalim zna\u010dajkama poput glasovne aktivacije, baterije od 4000 mAh i robusnog vanjskog ku\u0107i\u0161ta, serija W definitivno omogu\u0107uje ultra prenosivost, izvrstan zvuk i izvrsnu cijenu.<\/p>\n","product_2_full_name":"500LK 100W Bluetooth be\u017ei\u010dni zvu\u010dnik s baterijom od 5000mAh","product_2_bullet_points":"<ul>\n<li>SNAGA IZLAZA OD 100 W: Pobolj\u0161an sna\u017enim drajverom od 100 W i DSP tehnologijom, zvu\u010dnik 500LK pru\u017ea stereo zvuk s bogatim basom, \u010dvrstim srednjim i kristalno \u010distim visokim tonovima. Ekspanzivan zvuk dovoljno je sna\u017ean da ispuni svaki prostor. <\/li>\n<li>QUAD DRIVERS: Kristalno \u010disti visoki tonovi s o\u0161trim i dubokim basom isporu\u010duju se uz iznimnu jasno\u0107u i bez izobli\u010denja pomo\u0107u najboljih audio komponenti.<\/li>\n<li>VELIKA BATERIJA OD 5000 mAh: Dugo trajanje baterije i podr\u0161ka za hitno punjenje putem USB-a, dovoljno dugo za sve aktivnosti na otvorenom. Be\u017ei\u010dni prijenosni bluetooth zvu\u010dnici trebali bi biti dio va\u0161eg \u017eivota. <\/li>\n<li>GLASOVNI POMO\u0106NIK: Jednostavno upravljajte svojim pametnim telefonom koriste\u0107i Google, Siri itd&#8230;<\/li>\n<li>JEDNOSTAVNO UPARIVANJE: be\u017ei\u010dno uparite dva zvu\u010dnika za dvostruku glasno\u0107u ili impresivan stereo zvuk, istinski u\u017eivajte u surround zvuku kina, to je zvu\u010dno iskustvo koje je doista bez premca.<\/li>\n<li>RGB SVJETLO: Svjetlo u obliku duge koje pulsira, mijenja faze i svijetli u ritmu va\u0161e glazbe. Dok u\u017eivate u glazbi, gradijentna svjetla doista \u0107e vam donijeti atmosferu zabave. Ili ga isklju\u010dite ako ne osje\u0107ate vibraciju.  <\/li>\n<li>TRI NA\u010cINA EQ: Prebacite se izme\u0111u tri na\u010dina (Standardni, Lagani, Jaki bas) pritiskom na gumb EQ kako biste zadovoljili svoj glazbeni ukus.<\/li>\n<li>IPX5 VODOOTPORNO: Savr\u0161eno za tu\u0161iranje, planinarenje, kampiranje. Bez brige o vremenu i vanjskim uvjetima, budite Rocker na svom putovanju. <\/li>\n<\/ul>\n","text_after_product_box_2":"<h2>Kvaliteta izrade<\/h2>\n<p>Jedinica djeluje vrhunski &#8211; ali bez cijene. Kvaliteta izrade zvu\u010dnika je izvrsna, nema jeftine savitljive plastike. Gumbi na vrhu jedinice lako se pritiskaju i \u010dvrsti su. Vanjski omota\u010d zvu\u010dnika je stvarno \u010dvrst, a tu su i 4 protuklizna silikonska jastu\u010di\u0107a na svakom kutu baze. Oni stvarno dobro dr\u017ee zvu\u010dnik na mjestu i jedinica se ne mi\u010de kada se glazba pu\u0161ta punom glasno\u0107om.<\/p>\n<h2>Povezivost<\/h2>\n<p>Ovdje nemate problema jer \u0107e se W serija spojiti gotovo sa svime. Imate svoju standardnu \u200b\u200bi naj\u010de\u0161\u0107e kori\u0161tenu Bluetooth vezu, AUX kabel za dobru mjeru i tako\u0111er impresivnu novu zna\u010dajku pod nazivom NFC. Ovo je tehnologija koja se koristi u Apple Payu gdje va\u0161 telefon mo\u017ee komunicirati s drugim ure\u0111ajem radi slanja informacija. Jedno jednostavno postavljanje va\u0161eg iPhone ili Android telefona i mo\u0107i \u0107ete se povezati na W seriju u djeli\u0107u vremena koje bi vam trebalo prije. Ovo je zna\u010dajka koju nisam mogao prestati koristiti jednom kada sam po\u010deo!<\/p>\n<h2>Hidroizolacija<\/h2>\n<p>BlitzWolf W serija potpuno je testiran IPX6 vodootporan be\u017ei\u010dni zvu\u010dnik. \u0160to to zna\u010di? To je standardizirani test koji pokazuje koliko je ure\u0111aj otporan na vodu. IPX6 je zapravo stvarno impresivan, to zna\u010di da je ure\u0111aj &#8220;Za\u0161ti\u0107en od vode pod visokim pritiskom iz bilo kojeg kuta&#8221;. To zna\u010di da ki\u0161a ili ki\u0161na oluja ne\u0107e imati \u0161tetnih u\u010dinaka na jedinicu. Ovdje dane najvi\u0161e ocjene.<\/p>\n<h2>Sa\u017eetak<\/h2>\n<p>Svodi se na cijenu i prakti\u010dnost za\u0161to su na vrhu na\u0161eg popisa. Za\u0161to pla\u0107ati vi\u0161e? Kada je rije\u010d o izvrsnom vanjskom bluetooth zvu\u010dniku, mogli biste odabrati skupu alternativu kao \u0161to je Bose, ali kada serija W dolazi s OGROMNOM baterijom od 4000 mAh koja omogu\u0107uje nesmetanu reprodukciju 18 sati i IPX6 je vodootporan za manje od \u00a3100, stvarno dobivate odli\u010dan dogovor.<\/p>\n<p>Jesmo li spomenuli da su zvu\u010dnici dovoljno glasni da popune polje od 100 \u010detvornih metara? Bez obzira \u017eelite li se opustiti u vrtu, izle\u017eavati se na pla\u017ei ili se zabavljati u polju, ovi zvu\u010dnici omogu\u0107it \u0107e vam slu\u0161anje svih va\u0161ih omiljenih pjesama gdje god se nalazili.<\/p>\n","product_2_full_name_new":"500LK 100W Bluetooth be\u017ei\u010dni zvu\u010dnik s baterijom od 5000mAh","product_3_text_after":"<p>JBL je izvrsna marka zvu\u010dnika, a Flip 6 je fantasti\u010dan bluetooth zvu\u010dnik koji pru\u017ea jasan, o\u0161tar zvuk po srednjoj do vi\u0161oj cijeni. Opet, smatramo da je trajanje baterije jedna stvar koja bi se mogla pobolj\u0161ati s ovom jedinicom. \u0160to se ti\u010de cijene ove jedinice, to nije najskuplji zvu\u010dnik koji smo testirali u ovoj recenziji, iako s obzirom da 500LK ima sli\u010dnu cijenu, za novac dobivate manje mogu\u0107nosti.<\/p>\n","product_4_text_after":"<p>Bose proizvodi stvarno dobre zvu\u010dnike, zbog \u010dega je SoundLink Flex dospio na \u010detvrto mjesto na popisu. Na\u017ealost, ne mislimo ba\u0161 da ovdje dobivate tako veliku vrijednost za novac budu\u0107i da oni ko\u0161taju oko 150 eura, a s obzirom na specifikacije jedinice, smatramo da pla\u0107ate otprilike 50-70 eura vi\u0161e samo za ime marke. Novac na stranu, SoundLink Flex je izvrstan zvu\u010dnik i za one koji u\u017eivaju u ovoj marki ovo bi mogao biti pravi za vas. Naposljetku, smatramo da Bose treba pobolj\u0161ati samo 12 sati trajanja baterije na ovoj jedinici, naravno da je to dovoljno za cijeli dan igranja, ali kada druge marke poput BlitzWolfa koriste baterije koje traju do 20 sati, te\u0161ko nam je vidjeti za\u0161to &#8216;premium&#8217; marka ne slijedi taj primjer.<\/p>\n","product_5_text_after":"<p>Izvrstan za vrt \/ vanjska podru\u010dja i pru\u017ea dobar \u010dist zvuk za oko 200 \u20ac. Vizualno, zvu\u010dnik je prili\u010dno atraktivan i dobro bi se uklopio u ve\u0107inu postavki. Visoka cijena, ali op\u0107enito odli\u010dan zvuk uz dobro trajanje baterije. Dizajn je prili\u010dno ugla\u0111en i sli\u010dan BlitzWolf W seriji. <\/p>\n","product_6_text_after":"<p>Sli\u010dno gore navedenom, B&#038;O Beolit \u200b\u200b20 zapravo nije toliko prenosiv, ali pru\u017ea izniman zvuk. Ipak, kada potro\u0161ite oko \u00a3450, o\u010dekivali biste barem odli\u010dan zvuk. Ako tra\u017eite najbolju jasno\u0107u zvuka, onda je ovaj ure\u0111aj za vas. Samo budite spremni nositi se sa trajanjem baterije od 7 sati.<\/p>\n","product_7_text_after":"<p>Ako tra\u017eite high-end i spremni ste za to platiti, Beosound Explore je izvrsna opcija. U usporedbi s B&#038;O Beolitom 20, s ovom jedinicom zapravo dobivate ne\u0161to prenosivosti. Jo\u0161 uvijek pru\u017ea izvrstan zvuk po cijeni od oko 175 eura, Explore stvarno zaostaje kada je u pitanju cijena. Otprilike 80-100 \u20ac vi\u0161e od na\u0161eg broja jedan, BlitzWolf W serije, \u010dini se da ne mo\u017eemo opravdati za\u0161to biste odabrali ovaj model osim ako niste ozbiljan B&#038;O fan. <\/p>\n","product_8_text_after":"<p>Vi\u0161e kao boombox zvu\u010dnik, ovo je prili\u010dno velik zvu\u010dnik i pru\u017ea 70 W izlaznog zvuka pa je vrlo glasan. Njegov najbli\u017ei konkurent na na\u0161em popisu bio bi 500LK, koji ima dodatnih 30 W snage i bolji vijek trajanja baterije. Op\u0107enito, W-KING je izvrstan, iako vrlo glomazan. S obzirom na cijenu od oko 95-100 eura, mislimo da bi se dodatnih 10 funti za 500LK isplatilo s obzirom na dodatnu snagu i trajanje baterije.<\/p>\n","product_9_text_after":"<p>JBL Charge 5 ko\u0161ta oko \u00a3130. Posljednji je na na\u0161em popisu iz samo jednog razloga: trajanje baterije tvrdi se do 20 sati, au na\u0161im smo testovima uspjeli posti\u0107i samo izme\u0111u 4-8 sati s razli\u010ditim glasno\u0107ama zvuka. Osim toga, Charge 5 bi se nalazio na broju 3 ili 4 na na\u0161oj listi. Sveukupno izvrsna kvaliteta zvuka i basa, ali kada uspore\u0111ujemo zvu\u010dnik sa sli\u010dnim konkurentima kao \u0161to su BlitzWolf i Bose, smatramo da postoje bolje opcije koje treba razmotriti kada uspore\u0111ujete zna\u010dajke proizvoda, cijene i kvalitetu zvuka za novac.<\/p>\n","product_10_text_after":"<p>Skupo, ali fantasti\u010dan izbor za one s ve\u0107im bud\u017eetom. Visoka kvaliteta izrade i op\u0107enito dobro trajanje baterije za izlaznu snagu. Preporu\u010damo da potro\u0161ite ne\u0161to manje jer vjerojatno ne vrijedi oko 300 eura za dobar bluetooth zvu\u010dnik. Pristojan prora\u010dun za izvla\u010denje ve\u0107ine vrijednosti iz jedinice bio bi oko 100-150 \u20ac.   <\/p>\n"},"yoast_head":"<!-- This site is optimized with the Yoast SEO plugin v27.4 - https:\/\/yoast.com\/product\/yoast-seo-wordpress\/ -->\n<title>10 najboljih be\u017ei\u010dnih Bluetooth zvu\u010dnika za kupovinu - DJ Music Geek<\/title>\n<meta name=\"robots\" content=\"index, follow, max-snippet:-1, max-image-preview:large, max-video-preview:-1\" \/>\n<link rel=\"canonical\" href=\"https:\/\/djmusicgeek.com\/hr\/top-10-najboljih-bezicnih-bluetooth-zvucnika-za-kupiti-za-mjesec-godine-eu-azurirano\/\" \/>\n<meta property=\"og:locale\" content=\"hr_HR\" \/>\n<meta property=\"og:type\" content=\"article\" \/>\n<meta property=\"og:title\" content=\"10 najboljih be\u017ei\u010dnih Bluetooth zvu\u010dnika za kupovinu - DJ Music Geek\" \/>\n<meta property=\"og:url\" content=\"https:\/\/djmusicgeek.com\/hr\/top-10-najboljih-bezicnih-bluetooth-zvucnika-za-kupiti-za-mjesec-godine-eu-azurirano\/\" \/>\n<meta property=\"og:site_name\" content=\"DJ Music Geek\" \/>\n<meta property=\"article:modified_time\" content=\"2026-03-01T13:48:24+00:00\" \/>\n<meta name=\"twitter:card\" content=\"summary_large_image\" \/>\n<script type=\"application\/ld+json\" class=\"yoast-schema-graph\">{\"@context\":\"https:\\\/\\\/schema.org\",\"@graph\":[{\"@type\":\"WebPage\",\"@id\":\"https:\\\/\\\/djmusicgeek.com\\\/hr\\\/top-10-najboljih-bezicnih-bluetooth-zvucnika-za-kupiti-za-mjesec-godine-eu-azurirano\\\/\",\"url\":\"https:\\\/\\\/djmusicgeek.com\\\/hr\\\/top-10-najboljih-bezicnih-bluetooth-zvucnika-za-kupiti-za-mjesec-godine-eu-azurirano\\\/\",\"name\":\"10 najboljih be\u017ei\u010dnih Bluetooth zvu\u010dnika za kupovinu - DJ Music Geek\",\"isPartOf\":{\"@id\":\"https:\\\/\\\/djmusicgeek.com\\\/#website\"},\"datePublished\":\"2024-05-05T01:37:26+00:00\",\"dateModified\":\"2026-03-01T13:48:24+00:00\",\"breadcrumb\":{\"@id\":\"https:\\\/\\\/djmusicgeek.com\\\/hr\\\/top-10-najboljih-bezicnih-bluetooth-zvucnika-za-kupiti-za-mjesec-godine-eu-azurirano\\\/#breadcrumb\"},\"inLanguage\":\"hr\",\"potentialAction\":[{\"@type\":\"ReadAction\",\"target\":[\"https:\\\/\\\/djmusicgeek.com\\\/hr\\\/top-10-najboljih-bezicnih-bluetooth-zvucnika-za-kupiti-za-mjesec-godine-eu-azurirano\\\/\"]}]},{\"@type\":\"BreadcrumbList\",\"@id\":\"https:\\\/\\\/djmusicgeek.com\\\/hr\\\/top-10-najboljih-bezicnih-bluetooth-zvucnika-za-kupiti-za-mjesec-godine-eu-azurirano\\\/#breadcrumb\",\"itemListElement\":[{\"@type\":\"ListItem\",\"position\":1,\"name\":\"Po\u010detna\",\"item\":\"https:\\\/\\\/djmusicgeek.com\\\/\"},{\"@type\":\"ListItem\",\"position\":2,\"name\":\"10 najboljih be\u017ei\u010dnih Bluetooth zvu\u010dnika za kupovinu\"}]},{\"@type\":\"WebSite\",\"@id\":\"https:\\\/\\\/djmusicgeek.com\\\/#website\",\"url\":\"https:\\\/\\\/djmusicgeek.com\\\/\",\"name\":\"DJ Music Geek\",\"description\":\"\",\"potentialAction\":[{\"@type\":\"SearchAction\",\"target\":{\"@type\":\"EntryPoint\",\"urlTemplate\":\"https:\\\/\\\/djmusicgeek.com\\\/?s={search_term_string}\"},\"query-input\":{\"@type\":\"PropertyValueSpecification\",\"valueRequired\":true,\"valueName\":\"search_term_string\"}}],\"inLanguage\":\"hr\"}]}<\/script>\n<!-- \/ Yoast SEO plugin. -->","yoast_head_json":{"title":"10 najboljih be\u017ei\u010dnih Bluetooth zvu\u010dnika za kupovinu - DJ Music Geek","robots":{"index":"index","follow":"follow","max-snippet":"max-snippet:-1","max-image-preview":"max-image-preview:large","max-video-preview":"max-video-preview:-1"},"canonical":"https:\/\/djmusicgeek.com\/hr\/top-10-najboljih-bezicnih-bluetooth-zvucnika-za-kupiti-za-mjesec-godine-eu-azurirano\/","og_locale":"hr_HR","og_type":"article","og_title":"10 najboljih be\u017ei\u010dnih Bluetooth zvu\u010dnika za kupovinu - DJ Music Geek","og_url":"https:\/\/djmusicgeek.com\/hr\/top-10-najboljih-bezicnih-bluetooth-zvucnika-za-kupiti-za-mjesec-godine-eu-azurirano\/","og_site_name":"DJ Music Geek","article_modified_time":"2026-03-01T13:48:24+00:00","twitter_card":"summary_large_image","schema":{"@context":"https:\/\/schema.org","@graph":[{"@type":"WebPage","@id":"https:\/\/djmusicgeek.com\/hr\/top-10-najboljih-bezicnih-bluetooth-zvucnika-za-kupiti-za-mjesec-godine-eu-azurirano\/","url":"https:\/\/djmusicgeek.com\/hr\/top-10-najboljih-bezicnih-bluetooth-zvucnika-za-kupiti-za-mjesec-godine-eu-azurirano\/","name":"10 najboljih be\u017ei\u010dnih Bluetooth zvu\u010dnika za kupovinu - DJ Music Geek","isPartOf":{"@id":"https:\/\/djmusicgeek.com\/#website"},"datePublished":"2024-05-05T01:37:26+00:00","dateModified":"2026-03-01T13:48:24+00:00","breadcrumb":{"@id":"https:\/\/djmusicgeek.com\/hr\/top-10-najboljih-bezicnih-bluetooth-zvucnika-za-kupiti-za-mjesec-godine-eu-azurirano\/#breadcrumb"},"inLanguage":"hr","potentialAction":[{"@type":"ReadAction","target":["https:\/\/djmusicgeek.com\/hr\/top-10-najboljih-bezicnih-bluetooth-zvucnika-za-kupiti-za-mjesec-godine-eu-azurirano\/"]}]},{"@type":"BreadcrumbList","@id":"https:\/\/djmusicgeek.com\/hr\/top-10-najboljih-bezicnih-bluetooth-zvucnika-za-kupiti-za-mjesec-godine-eu-azurirano\/#breadcrumb","itemListElement":[{"@type":"ListItem","position":1,"name":"Po\u010detna","item":"https:\/\/djmusicgeek.com\/"},{"@type":"ListItem","position":2,"name":"10 najboljih be\u017ei\u010dnih Bluetooth zvu\u010dnika za kupovinu"}]},{"@type":"WebSite","@id":"https:\/\/djmusicgeek.com\/#website","url":"https:\/\/djmusicgeek.com\/","name":"DJ Music Geek","description":"","potentialAction":[{"@type":"SearchAction","target":{"@type":"EntryPoint","urlTemplate":"https:\/\/djmusicgeek.com\/?s={search_term_string}"},"query-input":{"@type":"PropertyValueSpecification","valueRequired":true,"valueName":"search_term_string"}}],"inLanguage":"hr"}]}},"_links":{"self":[{"href":"https:\/\/djmusicgeek.com\/hr\/wp-json\/wp\/v2\/pages\/12388","targetHints":{"allow":["GET"]}}],"collection":[{"href":"https:\/\/djmusicgeek.com\/hr\/wp-json\/wp\/v2\/pages"}],"about":[{"href":"https:\/\/djmusicgeek.com\/hr\/wp-json\/wp\/v2\/types\/page"}],"author":[{"embeddable":true,"href":"https:\/\/djmusicgeek.com\/hr\/wp-json\/wp\/v2\/users\/2"}],"replies":[{"embeddable":true,"href":"https:\/\/djmusicgeek.com\/hr\/wp-json\/wp\/v2\/comments?post=12388"}],"version-history":[{"count":1,"href":"https:\/\/djmusicgeek.com\/hr\/wp-json\/wp\/v2\/pages\/12388\/revisions"}],"predecessor-version":[{"id":12469,"href":"https:\/\/djmusicgeek.com\/hr\/wp-json\/wp\/v2\/pages\/12388\/revisions\/12469"}],"wp:attachment":[{"href":"https:\/\/djmusicgeek.com\/hr\/wp-json\/wp\/v2\/media?parent=12388"}],"curies":[{"name":"wp","href":"https:\/\/api.w.org\/{rel}","templated":true}]}}