{"id":10919,"date":"2017-01-07T03:50:15","date_gmt":"2017-01-07T03:50:15","guid":{"rendered":"https:\/\/djmusicgeek.com\/conditions-generales\/"},"modified":"2017-01-07T03:50:15","modified_gmt":"2017-01-07T03:50:15","slug":"conditions-generales","status":"publish","type":"page","link":"https:\/\/djmusicgeek.com\/fr\/conditions-generales\/","title":{"rendered":"Termes et conditions"},"content":{"rendered":"<h3>1. Conditions d&rsquo;utilisation<\/h3>\n<p>En acc\u00e9dant au site web <a href=\"https:\/\/djmusicgeek.com\">https:\/\/djmusicgeek.com,<\/a> vous acceptez d&rsquo;\u00eatre li\u00e9 par les pr\u00e9sentes conditions de service, par toutes les lois et r\u00e9glementations applicables, et vous acceptez d&rsquo;\u00eatre responsable du respect de toutes les lois locales applicables. Si vous n&rsquo;\u00eates pas d&rsquo;accord avec l&rsquo;une de ces conditions, il vous est interdit d&rsquo;utiliser ce site ou d&rsquo;y acc\u00e9der. Le mat\u00e9riel contenu dans ce site web est prot\u00e9g\u00e9 par la l\u00e9gislation applicable en mati\u00e8re de droits d&rsquo;auteur et de marques d\u00e9pos\u00e9es.<\/p>\n<h3>2. Utiliser la licence<\/h3>\n<ol type=\"a\">\n<li>Il est permis de t\u00e9l\u00e9charger temporairement une copie du mat\u00e9riel (informations ou logiciels) sur le site web de DJ Music Geek pour une consultation transitoire personnelle et non commerciale uniquement. Il s&rsquo;agit de l&rsquo;octroi d&rsquo;une licence et non d&rsquo;un transfert de titre, et en vertu de cette licence, vous ne pouvez pas.. :\n<ol type=\"i\">\n<li>modifier ou copier le mat\u00e9riel ;<\/li>\n<li>utiliser le mat\u00e9riel \u00e0 des fins commerciales ou pour une pr\u00e9sentation publique (commerciale ou non) ;<\/li>\n<li>tenter de d\u00e9compiler ou d&rsquo;inverser l&rsquo;ing\u00e9nierie de tout logiciel contenu sur le site Web de DJ Music Geek ;<\/li>\n<li>supprimer toute mention de droit d&rsquo;auteur ou autre mention de propri\u00e9t\u00e9 du mat\u00e9riel ; ou<\/li>\n<li>de transf\u00e9rer le mat\u00e9riel \u00e0 une autre personne ou de cr\u00e9er un \u00ab\u00a0miroir\u00a0\u00bb du mat\u00e9riel sur un autre serveur.<\/li>\n<\/ol>\n<\/li>\n<li>Cette licence sera automatiquement r\u00e9sili\u00e9e si vous violez l&rsquo;une de ces restrictions et peut \u00eatre r\u00e9sili\u00e9e par DJ Music Geek \u00e0 tout moment. Lorsque vous cessez de consulter ces documents ou lorsque la pr\u00e9sente licence prend fin, vous devez d\u00e9truire tous les documents t\u00e9l\u00e9charg\u00e9s en votre possession, qu&rsquo;ils soient sous forme \u00e9lectronique ou imprim\u00e9e.<\/li>\n<\/ol>\n<h3>3. Clause de non-responsabilit\u00e9<\/h3>\n<ol type=\"a\">\n<li>Les documents figurant sur le site web de DJ Music Geek sont fournis \u00ab\u00a0tels quels\u00a0\u00bb. DJ Music Geek ne donne aucune garantie, expresse ou implicite, et rejette par la pr\u00e9sente toutes les autres garanties, y compris, sans limitation, les garanties ou conditions implicites de qualit\u00e9 marchande, d&rsquo;ad\u00e9quation \u00e0 un usage particulier, ou de non-violation de la propri\u00e9t\u00e9 intellectuelle ou d&rsquo;autres violations des droits.<\/li>\n<li>En outre, DJ Music Geek ne garantit pas l&rsquo;exactitude, les r\u00e9sultats probables ou la fiabilit\u00e9 de l&rsquo;utilisation du mat\u00e9riel sur son site Web ou de tout autre mat\u00e9riel li\u00e9 \u00e0 ce mat\u00e9riel ou \u00e0 tout autre site li\u00e9 \u00e0 ce site.<\/li>\n<\/ol>\n<h3>4. Limites<\/h3>\n<p>En aucun cas DJ Music Geek ou ses fournisseurs ne seront responsables des dommages (y compris, mais sans s&rsquo;y limiter, les dommages pour perte de donn\u00e9es ou de profit, ou pour interruption d&rsquo;activit\u00e9) r\u00e9sultant de l&rsquo;utilisation ou de l&rsquo;impossibilit\u00e9 d&rsquo;utiliser le mat\u00e9riel sur le site Web de DJ Music Geek, m\u00eame si DJ Music Geek ou un repr\u00e9sentant autoris\u00e9 de DJ Music Geek a \u00e9t\u00e9 inform\u00e9 oralement ou par \u00e9crit de la possibilit\u00e9 d&rsquo;un tel dommage. Comme certaines juridictions n&rsquo;autorisent pas les limitations sur les garanties implicites ou les limitations de responsabilit\u00e9 pour les dommages cons\u00e9cutifs ou accidentels, ces limitations peuvent ne pas s&rsquo;appliquer \u00e0 vous.<\/p>\n<h3>5. Pr\u00e9cision des mat\u00e9riaux<\/h3>\n<p>Les documents figurant sur le site web de DJ Music Geek peuvent contenir des erreurs techniques, typographiques ou photographiques. DJ Music Geek ne garantit pas que les documents figurant sur son site Web sont exacts, complets ou \u00e0 jour. DJ Music Geek peut apporter des modifications aux documents contenus sur son site web \u00e0 tout moment et sans pr\u00e9avis. Toutefois, DJ Music Geek ne s&rsquo;engage pas \u00e0 mettre \u00e0 jour le mat\u00e9riel.<\/p>\n<h3>6. Liens<\/h3>\n<p>DJ Music Geek n&rsquo;a pas examin\u00e9 tous les sites li\u00e9s \u00e0 son site Web et n&rsquo;est pas responsable du contenu de ces sites. L&rsquo;inclusion d&rsquo;un lien n&rsquo;implique pas l&rsquo;approbation du site par DJ Music Geek. L&rsquo;utilisation d&rsquo;un tel site est aux risques et p\u00e9rils de l&rsquo;utilisateur.<\/p>\n<h3>7. Modifications<\/h3>\n<p>DJ Music Geek peut r\u00e9viser ces conditions de service pour son site Web \u00e0 tout moment sans pr\u00e9avis. En utilisant ce site web, vous acceptez d&rsquo;\u00eatre li\u00e9 par la version actuelle de ces conditions de service.<\/p>\n<h3>8. Droit applicable<\/h3>\n<p>Les pr\u00e9sentes conditions g\u00e9n\u00e9rales sont r\u00e9gies et interpr\u00e9t\u00e9es conform\u00e9ment aux lois des \u00c9tats-Unis et vous vous soumettez irr\u00e9vocablement \u00e0 la comp\u00e9tence exclusive des tribunaux de cet \u00c9tat ou de ce lieu.<\/p>\n","protected":false},"excerpt":{"rendered":"<p>1. Conditions d&rsquo;utilisation En acc\u00e9dant au site web https:\/\/djmusicgeek.com, vous acceptez d&rsquo;\u00eatre li\u00e9 par les pr\u00e9sentes conditions de service, par toutes les lois et r\u00e9glementations applicables, et vous acceptez d&rsquo;\u00eatre responsable du respect de toutes les lois locales applicables. Si vous n&rsquo;\u00eates pas d&rsquo;accord avec l&rsquo;une de ces conditions, il vous est interdit d&rsquo;utiliser ce [&hellip;]<\/p>\n","protected":false},"author":2,"featured_media":0,"parent":0,"menu_order":0,"comment_status":"closed","ping_status":"closed","template":"","meta":{"_acf_changed":false,"footnotes":""},"class_list":["post-10919","page","type-page","status-publish","hentry"],"acf":[],"yoast_head":"<!-- This site is optimized with the Yoast SEO plugin v27.4 - https:\/\/yoast.com\/product\/yoast-seo-wordpress\/ -->\n<title>Conditions d&#039;utilisation - DJ Music Geek<\/title>\n<meta name=\"description\" content=\"En acc\u00e9dant au site web https:\/\/djmusicgeek.com, vous acceptez d&#039;\u00eatre li\u00e9 par les pr\u00e9sentes conditions de service, ainsi que par toutes les lois et r\u00e9glementations applicables.\" \/>\n<meta name=\"robots\" content=\"index, follow, max-snippet:-1, max-image-preview:large, max-video-preview:-1\" \/>\n<link rel=\"canonical\" href=\"https:\/\/djmusicgeek.com\/fr\/conditions-generales\/\" \/>\n<meta property=\"og:locale\" content=\"fr_FR\" \/>\n<meta property=\"og:type\" content=\"article\" \/>\n<meta property=\"og:title\" content=\"Conditions d&#039;utilisation - DJ Music Geek\" \/>\n<meta property=\"og:description\" content=\"En acc\u00e9dant au site web https:\/\/djmusicgeek.com, vous acceptez d&#039;\u00eatre li\u00e9 par les pr\u00e9sentes conditions de service, ainsi que par toutes les lois et r\u00e9glementations applicables.\" \/>\n<meta property=\"og:url\" content=\"https:\/\/djmusicgeek.com\/fr\/conditions-generales\/\" \/>\n<meta property=\"og:site_name\" content=\"DJ Music Geek\" \/>\n<meta name=\"twitter:card\" content=\"summary_large_image\" \/>\n<meta name=\"twitter:label1\" content=\"Dur\u00e9e de lecture estim\u00e9e\" \/>\n\t<meta name=\"twitter:data1\" content=\"4 minutes\" \/>\n<script type=\"application\/ld+json\" class=\"yoast-schema-graph\">{\"@context\":\"https:\\\/\\\/schema.org\",\"@graph\":[{\"@type\":\"WebPage\",\"@id\":\"https:\\\/\\\/djmusicgeek.com\\\/fr\\\/conditions-generales\\\/\",\"url\":\"https:\\\/\\\/djmusicgeek.com\\\/fr\\\/conditions-generales\\\/\",\"name\":\"Conditions d'utilisation - DJ Music Geek\",\"isPartOf\":{\"@id\":\"https:\\\/\\\/djmusicgeek.com\\\/#website\"},\"datePublished\":\"2017-01-07T03:50:15+00:00\",\"description\":\"En acc\u00e9dant au site web https:\\\/\\\/djmusicgeek.com, vous acceptez d'\u00eatre li\u00e9 par les pr\u00e9sentes conditions de service, ainsi que par toutes les lois et r\u00e9glementations applicables.\",\"breadcrumb\":{\"@id\":\"https:\\\/\\\/djmusicgeek.com\\\/fr\\\/conditions-generales\\\/#breadcrumb\"},\"inLanguage\":\"fr-FR\",\"potentialAction\":[{\"@type\":\"ReadAction\",\"target\":[\"https:\\\/\\\/djmusicgeek.com\\\/fr\\\/conditions-generales\\\/\"]}]},{\"@type\":\"BreadcrumbList\",\"@id\":\"https:\\\/\\\/djmusicgeek.com\\\/fr\\\/conditions-generales\\\/#breadcrumb\",\"itemListElement\":[{\"@type\":\"ListItem\",\"position\":1,\"name\":\"Accueil\",\"item\":\"https:\\\/\\\/djmusicgeek.com\\\/\"},{\"@type\":\"ListItem\",\"position\":2,\"name\":\"Termes et conditions\"}]},{\"@type\":\"WebSite\",\"@id\":\"https:\\\/\\\/djmusicgeek.com\\\/#website\",\"url\":\"https:\\\/\\\/djmusicgeek.com\\\/\",\"name\":\"DJ Music Geek\",\"description\":\"\",\"potentialAction\":[{\"@type\":\"SearchAction\",\"target\":{\"@type\":\"EntryPoint\",\"urlTemplate\":\"https:\\\/\\\/djmusicgeek.com\\\/?s={search_term_string}\"},\"query-input\":{\"@type\":\"PropertyValueSpecification\",\"valueRequired\":true,\"valueName\":\"search_term_string\"}}],\"inLanguage\":\"fr-FR\"}]}<\/script>\n<!-- \/ Yoast SEO plugin. -->","yoast_head_json":{"title":"Conditions d'utilisation - DJ Music Geek","description":"En acc\u00e9dant au site web https:\/\/djmusicgeek.com, vous acceptez d'\u00eatre li\u00e9 par les pr\u00e9sentes conditions de service, ainsi que par toutes les lois et r\u00e9glementations applicables.","robots":{"index":"index","follow":"follow","max-snippet":"max-snippet:-1","max-image-preview":"max-image-preview:large","max-video-preview":"max-video-preview:-1"},"canonical":"https:\/\/djmusicgeek.com\/fr\/conditions-generales\/","og_locale":"fr_FR","og_type":"article","og_title":"Conditions d'utilisation - DJ Music Geek","og_description":"En acc\u00e9dant au site web https:\/\/djmusicgeek.com, vous acceptez d'\u00eatre li\u00e9 par les pr\u00e9sentes conditions de service, ainsi que par toutes les lois et r\u00e9glementations applicables.","og_url":"https:\/\/djmusicgeek.com\/fr\/conditions-generales\/","og_site_name":"DJ Music Geek","twitter_card":"summary_large_image","twitter_misc":{"Dur\u00e9e de lecture estim\u00e9e":"4 minutes"},"schema":{"@context":"https:\/\/schema.org","@graph":[{"@type":"WebPage","@id":"https:\/\/djmusicgeek.com\/fr\/conditions-generales\/","url":"https:\/\/djmusicgeek.com\/fr\/conditions-generales\/","name":"Conditions d'utilisation - DJ Music Geek","isPartOf":{"@id":"https:\/\/djmusicgeek.com\/#website"},"datePublished":"2017-01-07T03:50:15+00:00","description":"En acc\u00e9dant au site web https:\/\/djmusicgeek.com, vous acceptez d'\u00eatre li\u00e9 par les pr\u00e9sentes conditions de service, ainsi que par toutes les lois et r\u00e9glementations applicables.","breadcrumb":{"@id":"https:\/\/djmusicgeek.com\/fr\/conditions-generales\/#breadcrumb"},"inLanguage":"fr-FR","potentialAction":[{"@type":"ReadAction","target":["https:\/\/djmusicgeek.com\/fr\/conditions-generales\/"]}]},{"@type":"BreadcrumbList","@id":"https:\/\/djmusicgeek.com\/fr\/conditions-generales\/#breadcrumb","itemListElement":[{"@type":"ListItem","position":1,"name":"Accueil","item":"https:\/\/djmusicgeek.com\/"},{"@type":"ListItem","position":2,"name":"Termes et conditions"}]},{"@type":"WebSite","@id":"https:\/\/djmusicgeek.com\/#website","url":"https:\/\/djmusicgeek.com\/","name":"DJ Music Geek","description":"","potentialAction":[{"@type":"SearchAction","target":{"@type":"EntryPoint","urlTemplate":"https:\/\/djmusicgeek.com\/?s={search_term_string}"},"query-input":{"@type":"PropertyValueSpecification","valueRequired":true,"valueName":"search_term_string"}}],"inLanguage":"fr-FR"}]}},"_links":{"self":[{"href":"https:\/\/djmusicgeek.com\/fr\/wp-json\/wp\/v2\/pages\/10919","targetHints":{"allow":["GET"]}}],"collection":[{"href":"https:\/\/djmusicgeek.com\/fr\/wp-json\/wp\/v2\/pages"}],"about":[{"href":"https:\/\/djmusicgeek.com\/fr\/wp-json\/wp\/v2\/types\/page"}],"author":[{"embeddable":true,"href":"https:\/\/djmusicgeek.com\/fr\/wp-json\/wp\/v2\/users\/2"}],"replies":[{"embeddable":true,"href":"https:\/\/djmusicgeek.com\/fr\/wp-json\/wp\/v2\/comments?post=10919"}],"version-history":[{"count":0,"href":"https:\/\/djmusicgeek.com\/fr\/wp-json\/wp\/v2\/pages\/10919\/revisions"}],"wp:attachment":[{"href":"https:\/\/djmusicgeek.com\/fr\/wp-json\/wp\/v2\/media?parent=10919"}],"curies":[{"name":"wp","href":"https:\/\/api.w.org\/{rel}","templated":true}]}}