{"id":10908,"date":"2017-01-07T03:49:47","date_gmt":"2017-01-07T03:49:47","guid":{"rendered":"https:\/\/djmusicgeek.com\/a-propos-de\/"},"modified":"2017-01-07T03:49:47","modified_gmt":"2017-01-07T03:49:47","slug":"a-propos-de","status":"publish","type":"page","link":"https:\/\/djmusicgeek.com\/fr\/a-propos-de\/","title":{"rendered":"\u00c0 propos de DJ Music Geek"},"content":{"rendered":"<div id=\"attachment_633\" style=\"width: 505px\" class=\"wp-caption alignright\"><img loading=\"lazy\" decoding=\"async\" aria-describedby=\"caption-attachment-633\" class=\"wp-image-633\" src=\"https:\/\/djmusicgeek.com\/wp-content\/uploads\/2019\/11\/dj-music-geek-logo.png\" alt=\"Logo DJ Music Geek\" width=\"495\" height=\"35\"><p id=\"caption-attachment-633\" class=\"wp-caption-text\">Logo DJ Music Geek<\/p><\/div>\n<p>Ce site web a pour but d&rsquo;aider les personnes passionn\u00e9es par le mixage de musique \u00e0 trouver leur \u00e9quipement optimal. Vous trouverez de nombreux avis sur les produits dans les sections du site, ce qui devrait aider les lecteurs \u00e0 prendre une d\u00e9cision pour leur prochaine pi\u00e8ce. Les produits \u00e9num\u00e9r\u00e9s ici sont consid\u00e9r\u00e9s comme faisant partie des unit\u00e9s les plus appr\u00e9ci\u00e9es de l&rsquo;industrie DJ d&rsquo;aujourd&rsquo;hui.<\/p>\n<p>\u00catre <a href=\"https:\/\/djmusicgeek.com\/\">DJ<\/a> n&rsquo;est pas une t\u00e2che facile, et si vous voulez le devenir, vous devez vous assurer de bien conna\u00eetre les faits : les informations sur les divers appareils, logiciels et syst\u00e8mes, avant de prendre toute d\u00e9cision. Il est tr\u00e8s facile de se tromper, car la technologie d&rsquo;aujourd&rsquo;hui nous offre diff\u00e9rents moyens de cr\u00e9er <a href=\"https:\/\/djmusicgeek.com\/best-dj-mixers\/\">nos m\u00e9langes<\/a>. Il est donc judicieux de savoir dans quelle direction vous voulez aller et ce dont vous avez besoin pour \u00eatre pr\u00eat \u00e0 emprunter la voie que vous avez choisie.<\/p>\n<p>En tant que DJ, vous aurez besoin d&rsquo;un ensemble d&rsquo;appareils pour \u00eatre pr\u00eat \u00e0 vous endormir. Cependant, avant cela, vous devez r\u00e9pondre \u00e0 la question \u00ab\u00a0Quel son dois-je donner \u00e0 mes mixages ? Apr\u00e8s vous \u00eatre donn\u00e9 une r\u00e9ponse plus ou moins d\u00e9taill\u00e9e et pr\u00e9cise, vous serez en mesure de prendre des d\u00e9cisions sobres, sur les logiciels et les dispositifs dont vous avez besoin. Voulez-vous cr\u00e9er de la musique ou simplement mixer des pistes ? De quels genres musicaux vos mixes se rapprochent-ils le plus ? Vous voulez devenir professionnel ou vous voulez simplement vous amuser ? Les r\u00e9ponses \u00e0 ces questions requi\u00e8rent votre int\u00e9r\u00eat et votre temps, et notre site web vous aidera \u00e0 prendre une d\u00e9cision, si vous \u00eates confus ou si vous cherchez simplement une nouvelle pi\u00e8ce.<\/p>\n<p>Nos r\u00e9ponses aux questions fr\u00e9quemment pos\u00e9es vous donneront peut-\u00eatre un aper\u00e7u de vos projets futurs, que vous trouverez dans la section blog. Les informations sur les produits r\u00e9pertori\u00e9s sont destin\u00e9es \u00e0 vous aider \u00e0 choisir l&rsquo;\u00e9quipement ad\u00e9quat en fonction de vos go\u00fbts personnels.<\/p>\n<p>Dans les sections des sites qui vont des <a href=\"https:\/\/djmusicgeek.com\/best-dj-software\/\">logiciels de DJ<\/a> aux cartes son, vous trouverez des informations utiles sur les \u00e9quipements d\u00e9finis et sur ceux qui constituent les meilleures alternatives en fonction des diff\u00e9rents environnements, de la situation financi\u00e8re et des pr\u00e9f\u00e9rences personnelles.<\/p>\n<p>Certains DJ&rsquo;s avanc\u00e9s pourraient y trouver des conseils utiles sur des sujets tels que la mani\u00e8re de proc\u00e9der si vous ne voulez pas vous s\u00e9parer de vos appareils analogiques et ce qu&rsquo;il faut faire lorsque vos choix sont limit\u00e9s, entre autres. Le m\u00e9tier de DJ peut <a href=\"https:\/\/djmusicgeek.com\/do-djs-make-a-lot-of-money\/\">s&rsquo;av\u00e9rer co\u00fbteux<\/a>, compte tenu des pi\u00e8ces qu&rsquo;il faut acqu\u00e9rir pour pouvoir travailler correctement. Cependant, ce n&rsquo;est pas toujours le cas, car \u00e0 la lecture de nos critiques, vous pouvez tomber sur des dispositifs pratiques, tels que des contr\u00f4leurs group\u00e9s, dont certains sont fournis avec le logiciel \u00e0 des prix abordables.<\/p>\n<p>Que vous soyez perplexe quant \u00e0 l&rsquo;\u00e9quipement dont vous avez besoin, que vous ayez besoin d&rsquo;un changement radical de vos appareils ou que vous souhaitiez simplement vous informer sur ce dont un DJ a besoin pour cr\u00e9er ses mixes en utilisant son potentiel maximum, vous \u00eates au bon endroit ! Profitez de votre s\u00e9jour et continuez \u00e0 m\u00e9langer !<\/p>\n","protected":false},"excerpt":{"rendered":"<p>Ce site web a pour but d&rsquo;aider les personnes passionn\u00e9es par le mixage de musique \u00e0 trouver leur \u00e9quipement optimal. Vous trouverez de nombreux avis sur les produits dans les sections du site, ce qui devrait aider les lecteurs \u00e0 prendre une d\u00e9cision pour leur prochaine pi\u00e8ce. Les produits \u00e9num\u00e9r\u00e9s ici sont consid\u00e9r\u00e9s comme faisant [&hellip;]<\/p>\n","protected":false},"author":2,"featured_media":0,"parent":0,"menu_order":0,"comment_status":"closed","ping_status":"closed","template":"","meta":{"_acf_changed":false,"footnotes":""},"class_list":["post-10908","page","type-page","status-publish","hentry"],"acf":[],"yoast_head":"<!-- This site is optimized with the Yoast SEO plugin v27.5 - https:\/\/yoast.com\/product\/yoast-seo-wordpress\/ -->\n<title>A propos de notre site - Notre histoire - DJ Music Geek<\/title>\n<meta name=\"description\" content=\"Le site web DJ Music Geek a pour but d&#039;aider les personnes passionn\u00e9es par le mixage de musique \u00e0 trouver leur \u00e9quipement optimal, qu&#039;il s&#039;agisse de logiciels ou de mat\u00e9riel.\" \/>\n<meta name=\"robots\" content=\"index, follow, max-snippet:-1, max-image-preview:large, max-video-preview:-1\" \/>\n<link rel=\"canonical\" href=\"https:\/\/djmusicgeek.com\/fr\/a-propos-de\/\" \/>\n<meta property=\"og:locale\" content=\"fr_FR\" \/>\n<meta property=\"og:type\" content=\"article\" \/>\n<meta property=\"og:title\" content=\"A propos de notre site - Notre histoire - DJ Music Geek\" \/>\n<meta property=\"og:description\" content=\"Le site web DJ Music Geek a pour but d&#039;aider les personnes passionn\u00e9es par le mixage de musique \u00e0 trouver leur \u00e9quipement optimal, qu&#039;il s&#039;agisse de logiciels ou de mat\u00e9riel.\" \/>\n<meta property=\"og:url\" content=\"https:\/\/djmusicgeek.com\/fr\/a-propos-de\/\" \/>\n<meta property=\"og:site_name\" content=\"DJ Music Geek\" \/>\n<meta property=\"og:image\" content=\"https:\/\/djmusicgeek.com\/wp-content\/uploads\/2019\/11\/dj-music-geek-logo.png\" \/>\n<meta name=\"twitter:card\" content=\"summary_large_image\" \/>\n<meta name=\"twitter:label1\" content=\"Dur\u00e9e de lecture estim\u00e9e\" \/>\n\t<meta name=\"twitter:data1\" content=\"3 minutes\" \/>\n<script type=\"application\/ld+json\" class=\"yoast-schema-graph\">{\"@context\":\"https:\\\/\\\/schema.org\",\"@graph\":[{\"@type\":\"WebPage\",\"@id\":\"https:\\\/\\\/djmusicgeek.com\\\/fr\\\/a-propos-de\\\/\",\"url\":\"https:\\\/\\\/djmusicgeek.com\\\/fr\\\/a-propos-de\\\/\",\"name\":\"A propos de notre site - Notre histoire - DJ Music Geek\",\"isPartOf\":{\"@id\":\"https:\\\/\\\/djmusicgeek.com\\\/#website\"},\"primaryImageOfPage\":{\"@id\":\"https:\\\/\\\/djmusicgeek.com\\\/fr\\\/a-propos-de\\\/#primaryimage\"},\"image\":{\"@id\":\"https:\\\/\\\/djmusicgeek.com\\\/fr\\\/a-propos-de\\\/#primaryimage\"},\"thumbnailUrl\":\"https:\\\/\\\/djmusicgeek.com\\\/wp-content\\\/uploads\\\/2019\\\/11\\\/dj-music-geek-logo.png\",\"datePublished\":\"2017-01-07T03:49:47+00:00\",\"description\":\"Le site web DJ Music Geek a pour but d'aider les personnes passionn\u00e9es par le mixage de musique \u00e0 trouver leur \u00e9quipement optimal, qu'il s'agisse de logiciels ou de mat\u00e9riel.\",\"breadcrumb\":{\"@id\":\"https:\\\/\\\/djmusicgeek.com\\\/fr\\\/a-propos-de\\\/#breadcrumb\"},\"inLanguage\":\"fr-FR\",\"potentialAction\":[{\"@type\":\"ReadAction\",\"target\":[\"https:\\\/\\\/djmusicgeek.com\\\/fr\\\/a-propos-de\\\/\"]}]},{\"@type\":\"ImageObject\",\"inLanguage\":\"fr-FR\",\"@id\":\"https:\\\/\\\/djmusicgeek.com\\\/fr\\\/a-propos-de\\\/#primaryimage\",\"url\":\"https:\\\/\\\/djmusicgeek.com\\\/wp-content\\\/uploads\\\/2019\\\/11\\\/dj-music-geek-logo.png\",\"contentUrl\":\"https:\\\/\\\/djmusicgeek.com\\\/wp-content\\\/uploads\\\/2019\\\/11\\\/dj-music-geek-logo.png\"},{\"@type\":\"BreadcrumbList\",\"@id\":\"https:\\\/\\\/djmusicgeek.com\\\/fr\\\/a-propos-de\\\/#breadcrumb\",\"itemListElement\":[{\"@type\":\"ListItem\",\"position\":1,\"name\":\"Accueil\",\"item\":\"https:\\\/\\\/djmusicgeek.com\\\/\"},{\"@type\":\"ListItem\",\"position\":2,\"name\":\"\u00c0 propos de DJ Music Geek\"}]},{\"@type\":\"WebSite\",\"@id\":\"https:\\\/\\\/djmusicgeek.com\\\/#website\",\"url\":\"https:\\\/\\\/djmusicgeek.com\\\/\",\"name\":\"DJ Music Geek\",\"description\":\"\",\"potentialAction\":[{\"@type\":\"SearchAction\",\"target\":{\"@type\":\"EntryPoint\",\"urlTemplate\":\"https:\\\/\\\/djmusicgeek.com\\\/?s={search_term_string}\"},\"query-input\":{\"@type\":\"PropertyValueSpecification\",\"valueRequired\":true,\"valueName\":\"search_term_string\"}}],\"inLanguage\":\"fr-FR\"}]}<\/script>\n<!-- \/ Yoast SEO plugin. -->","yoast_head_json":{"title":"A propos de notre site - Notre histoire - DJ Music Geek","description":"Le site web DJ Music Geek a pour but d'aider les personnes passionn\u00e9es par le mixage de musique \u00e0 trouver leur \u00e9quipement optimal, qu'il s'agisse de logiciels ou de mat\u00e9riel.","robots":{"index":"index","follow":"follow","max-snippet":"max-snippet:-1","max-image-preview":"max-image-preview:large","max-video-preview":"max-video-preview:-1"},"canonical":"https:\/\/djmusicgeek.com\/fr\/a-propos-de\/","og_locale":"fr_FR","og_type":"article","og_title":"A propos de notre site - Notre histoire - DJ Music Geek","og_description":"Le site web DJ Music Geek a pour but d'aider les personnes passionn\u00e9es par le mixage de musique \u00e0 trouver leur \u00e9quipement optimal, qu'il s'agisse de logiciels ou de mat\u00e9riel.","og_url":"https:\/\/djmusicgeek.com\/fr\/a-propos-de\/","og_site_name":"DJ Music Geek","og_image":[{"url":"https:\/\/djmusicgeek.com\/wp-content\/uploads\/2019\/11\/dj-music-geek-logo.png","type":"","width":"","height":""}],"twitter_card":"summary_large_image","twitter_misc":{"Dur\u00e9e de lecture estim\u00e9e":"3 minutes"},"schema":{"@context":"https:\/\/schema.org","@graph":[{"@type":"WebPage","@id":"https:\/\/djmusicgeek.com\/fr\/a-propos-de\/","url":"https:\/\/djmusicgeek.com\/fr\/a-propos-de\/","name":"A propos de notre site - Notre histoire - DJ Music Geek","isPartOf":{"@id":"https:\/\/djmusicgeek.com\/#website"},"primaryImageOfPage":{"@id":"https:\/\/djmusicgeek.com\/fr\/a-propos-de\/#primaryimage"},"image":{"@id":"https:\/\/djmusicgeek.com\/fr\/a-propos-de\/#primaryimage"},"thumbnailUrl":"https:\/\/djmusicgeek.com\/wp-content\/uploads\/2019\/11\/dj-music-geek-logo.png","datePublished":"2017-01-07T03:49:47+00:00","description":"Le site web DJ Music Geek a pour but d'aider les personnes passionn\u00e9es par le mixage de musique \u00e0 trouver leur \u00e9quipement optimal, qu'il s'agisse de logiciels ou de mat\u00e9riel.","breadcrumb":{"@id":"https:\/\/djmusicgeek.com\/fr\/a-propos-de\/#breadcrumb"},"inLanguage":"fr-FR","potentialAction":[{"@type":"ReadAction","target":["https:\/\/djmusicgeek.com\/fr\/a-propos-de\/"]}]},{"@type":"ImageObject","inLanguage":"fr-FR","@id":"https:\/\/djmusicgeek.com\/fr\/a-propos-de\/#primaryimage","url":"https:\/\/djmusicgeek.com\/wp-content\/uploads\/2019\/11\/dj-music-geek-logo.png","contentUrl":"https:\/\/djmusicgeek.com\/wp-content\/uploads\/2019\/11\/dj-music-geek-logo.png"},{"@type":"BreadcrumbList","@id":"https:\/\/djmusicgeek.com\/fr\/a-propos-de\/#breadcrumb","itemListElement":[{"@type":"ListItem","position":1,"name":"Accueil","item":"https:\/\/djmusicgeek.com\/"},{"@type":"ListItem","position":2,"name":"\u00c0 propos de DJ Music Geek"}]},{"@type":"WebSite","@id":"https:\/\/djmusicgeek.com\/#website","url":"https:\/\/djmusicgeek.com\/","name":"DJ Music Geek","description":"","potentialAction":[{"@type":"SearchAction","target":{"@type":"EntryPoint","urlTemplate":"https:\/\/djmusicgeek.com\/?s={search_term_string}"},"query-input":{"@type":"PropertyValueSpecification","valueRequired":true,"valueName":"search_term_string"}}],"inLanguage":"fr-FR"}]}},"_links":{"self":[{"href":"https:\/\/djmusicgeek.com\/fr\/wp-json\/wp\/v2\/pages\/10908","targetHints":{"allow":["GET"]}}],"collection":[{"href":"https:\/\/djmusicgeek.com\/fr\/wp-json\/wp\/v2\/pages"}],"about":[{"href":"https:\/\/djmusicgeek.com\/fr\/wp-json\/wp\/v2\/types\/page"}],"author":[{"embeddable":true,"href":"https:\/\/djmusicgeek.com\/fr\/wp-json\/wp\/v2\/users\/2"}],"replies":[{"embeddable":true,"href":"https:\/\/djmusicgeek.com\/fr\/wp-json\/wp\/v2\/comments?post=10908"}],"version-history":[{"count":0,"href":"https:\/\/djmusicgeek.com\/fr\/wp-json\/wp\/v2\/pages\/10908\/revisions"}],"wp:attachment":[{"href":"https:\/\/djmusicgeek.com\/fr\/wp-json\/wp\/v2\/media?parent=10908"}],"curies":[{"name":"wp","href":"https:\/\/api.w.org\/{rel}","templated":true}]}}