{"id":17738,"date":"2026-02-25T18:59:55","date_gmt":"2026-02-25T18:59:55","guid":{"rendered":"https:\/\/djmusicgeek.com\/best-cordless-vacuum-2026-en\/"},"modified":"2026-02-25T18:59:55","modified_gmt":"2026-02-25T18:59:55","slug":"best-cordless-vacuum-2026-en","status":"publish","type":"page","link":"https:\/\/djmusicgeek.com\/fi\/best-cordless-vacuum-2026-en\/","title":{"rendered":"Top 10 parhaat akku-imurit"},"content":{"rendered":"","protected":false},"excerpt":{"rendered":"","protected":false},"author":2,"featured_media":0,"parent":0,"menu_order":0,"comment_status":"closed","ping_status":"closed","template":"sales-template.php","meta":{"_acf_changed":false,"footnotes":""},"class_list":["post-17738","page","type-page","status-publish","hentry"],"acf":{"product_3_supplier":"Amazon","product_3_asin":"B0FXFKVQNS","product_4_supplier":"Amazon","product_4_asin":"B09JLQBQ8P","product_5_supplier":"Amazon","product_5_asin":"B0DQ8CTY5L","product_6_supplier":"Amazon","product_6_asin":"B0DK7HR2JV","product_7_supplier":"Amazon","product_7_asin":"B0FGQD117X","product_8_supplier":"Amazon","product_8_asin":"B0F12D639Z","product_9_supplier":"Amazon","product_9_asin":"B0G4PGZSBV","product_10_supplier":"Amazon","product_10_asin":"B0D1QXN6C1","exclude_from_search":true,"language_code":"fi","product_name":"Andeman 3500PA Mini langaton k\u00e4si-imuri","product_type":"Akku-imurit","product_type_singular":"Akku-imuri","features":"<p>Kannettava ja kevyt muotoilu<br \/>\nVoimakas 3500PA imuteho<br \/>\nLadattava akku<br \/>\n120W korkean suorituskyvyn moottori<br \/>\nHelppo k\u00e4ytt\u00e4\u00e4<br \/>\nKompakti s\u00e4ilytyst\u00e4 varten<br \/>\nEdullinen hinta<br \/>\nMonipuoliset siivousominaisuudet<\/p>\n","rating":"9.8","intro_text":"<p>Tervetuloa kattavaan katsaukseemme vuoden 2026 Top 10 parhaista akku-imureista. Olemme huolellisesti testanneet ja arvioineet uusimmat mallit tuodaksemme sinulle parhaan mukavuuden ja tehokkuuden. Akku-imurit ovat mullistaneet siivoamisen tarjoamalla vertaansa vailla olevaa vapautta johdoista ja erinomaista imutehoa.  <\/p>\n<p>T\u00e4n\u00e4 vuonna olemme n\u00e4hneet merkitt\u00e4vi\u00e4 innovaatioita akku-imurien teknologiassa, mik\u00e4 tekee tahraattoman kodin yll\u00e4pit\u00e4misest\u00e4 helpompaa kuin koskaan. Olitpa sitten taistelemassa lemmikkien karvoja vastaan tai tarvitsetpa vain monipuolisen ty\u00f6kalun jokap\u00e4iv\u00e4iseen siivoukseen, listaltamme l\u00f6ytyy jokaiselle jotakin. <\/p>\n","text_before_product_box":"<p>T\u00e4ydellisen akku-imurin valitseminen voi olla haastavaa, kun vaihtoehtoja on niin paljon saatavilla. Olemme tehneet raskaan ty\u00f6n vertailemalla huippumerkkej\u00e4 kuten Dyson, Shark ja Vax keskittyen suorituskykyyn, akun kestoon ja k\u00e4yt\u00f6n helppouteen. Oppaastamme l\u00f6yd\u00e4t parhaan akku-imurin tarpeisiisi ja budjettiisi.  <\/p>\n<p>Pysy kuulolla, kun paljastamme huippuvalintamme, joka erottuu poikkeuksellisella hinta-laatusuhteellaan ja suorituskyvyll\u00e4\u00e4n, erityisesti Yhdistyneess\u00e4 kuningaskunnassa. Olitpa etsim\u00e4ss\u00e4 edullista vaihtoehtoa tai ominaisuuksilla ladattua tehopakettia, meill\u00e4 on sinulle ratkaisu. <\/p>\n","text_after_product_box":"<p>Valitessamme parhaita akku-imureja otimme huomioon useita tekij\u00f6it\u00e4, kuten imutehon, akun keston, k\u00e4yt\u00f6n helppouden ja lis\u00e4ominaisuudet. Loistavan akku-imurin tulisi tarjota tehokas siivouskyky ilman johdoista aiheutuvaa vaivaa, tarjoten maksimaalista joustavuutta ja mukavuutta. <\/p>\n<p>Huippuvalintamme, Andeman 3500PA Mini langaton k\u00e4si-imuri, loistaa kaikilla n\u00e4ill\u00e4 osa-alueilla tarjoten erinomaisen siivoustehon ly\u00f6m\u00e4tt\u00f6m\u00e4\u00e4n hintaan. Sen kompakti muotoilu ja voimakas imuteho tekev\u00e4t siit\u00e4 t\u00e4ydellisen valinnan nopeisiin siivouksiin ja vaikeap\u00e4\u00e4syisiin paikkoihin. <\/p>\n<p>Arvioidessamme n\u00e4it\u00e4 imureita otimme my\u00f6s huomioon k\u00e4ytt\u00e4j\u00e4arvostelut ja tosiel\u00e4m\u00e4n testit varmistaaksemme, ett\u00e4 jokainen tuote t\u00e4ytt\u00e4\u00e4 korkeimmat laatu- ja luotettavuusstandardit. Yksityiskohtainen analyysimme auttaa sinua tekem\u00e4\u00e4n tietoisen p\u00e4\u00e4t\u00f6ksen ja varmistaa, ett\u00e4 valitset kotiisi oikean imurin. <\/p>\n","why_the_best_text":"<p>Andeman 3500PA Mini langaton k\u00e4si-imuri erottuu parhaana valintana edullisuuden, tehon ja mukavuuden yhdistelm\u00e4ll\u00e4\u00e4n. Toisin kuin kilpailijansa, se tarjoaa korkean suorituskyvyn moottorin ja voimakkaan imutehon murto-osalla hinnasta, mik\u00e4 tekee siit\u00e4 t\u00e4ydellisen vaihtoehdon budjettitietoisille ostajille. <\/p>\n<p>Sen kannettavuus ja helppok\u00e4ytt\u00f6isyys tekev\u00e4t siit\u00e4 ihanteellisen nopeisiin siivouksiin ja vaikeiden alueiden tavoittamiseen, joissa suuremmat imurit saattavat kamppailla. Lis\u00e4ksi sen ladattava akku varmistaa pitk\u00e4aikaisen k\u00e4yt\u00f6n ilman johdoista aiheutuvaa vaivaa, tarjoten vertaansa vailla olevaa joustavuutta siivouksessa. <\/p>\n<p>Verrattuna kalliimpiin malleihin Andeman tarjoaa samankaltaiset suorituskykytasot tinkim\u00e4tt\u00e4 laadusta, mik\u00e4 tekee siit\u00e4 \u00e4lykk\u00e4imm\u00e4n valinnan niille, jotka etsiv\u00e4t arvoa ja tehokkuutta yhdess\u00e4 kompaktissa paketissa.<\/p>\n","reviews_text":"<p>Andeman 3500PA Mini langaton k\u00e4si-imuri on her\u00e4tt\u00e4nyt huomiota vaikuttavalla muotoilullaan ja toiminnallisuudellaan. Vaikka k\u00e4ytt\u00e4j\u00e4arvostelut ovat viel\u00e4 tulossa, tuotteen tekniset tiedot viittaavat luotettavaan ja tehokkaaseen siivousty\u00f6kaluun. Sen kompakti koko ja kevyt rakenne tekev\u00e4t siit\u00e4 ihanteellisen nopeisiin siivouksiin ja ahtaisiin tiloihin.  <\/p>\n<p>Asiantuntijat ylist\u00e4v\u00e4t sen 3500PA imutehoa, joka kilpailee kalliimpien mallien kanssa tarjoten erinomaista vastinetta rahoille. Ladattava akku varmistaa, ett\u00e4 voit suorittaa useita siivousteht\u00e4vi\u00e4 ilman keskeytyksi\u00e4, mik\u00e4 tekee siit\u00e4 k\u00e4yt\u00e4nn\u00f6llisen valinnan kiireisille kotitalouksille. <\/p>\n","top_pick_box_text":"<p>Andeman 3500PA Mini langaton k\u00e4si-imuri on huippuvalintamme vuodelle 2026 t\u00e4ydellisen suorituskyvyn ja edullisuuden tasapainon ansiosta. Voimakkaalla 3500PA imuteholla ja kompaktilla, kannettavalla muotoilulla se tarjoaa poikkeuksellisen siivoustehon ilman ett\u00e4 kukkarosi k\u00e4rsii. Ihanteellinen nopeisiin siivouksiin ja ahtaisiin tiloihin, sen ladattava akku varmistaa, ettet ole koskaan johdoista riippuvainen.  <\/p>\n<p>T\u00e4m\u00e4 imuri on t\u00e4ydellinen yksityishenkil\u00f6ille ja perheille, jotka tarvitsevat luotettavan, tehokkaan siivousty\u00f6kalun jokap\u00e4iv\u00e4isiin roiskeisiin ja sotkeisiin. Sen kevyt ja helposti s\u00e4ilytett\u00e4v\u00e4 muotoilu tekee siit\u00e4 k\u00e4yt\u00e4nn\u00f6llisen valinnan mihin tahansa kotiin, tarjoten loistavaa vastinetta kaikille, jotka haluavat p\u00e4ivitt\u00e4\u00e4 siivousrutiininsa kuluttamatta liikaa. <\/p>\n","bottom_text":"<p>Yhteenvetona Andeman 3500PA Mini langaton k\u00e4si-imuri on erinomainen valinta kaikille, jotka etsiv\u00e4t tehokasta ja edullista siivousratkaisua. Sen voimakas imuteho ja k\u00e4tev\u00e4 muotoilu tekev\u00e4t siit\u00e4 erottuvan akku-imurien maailmassa. <\/p>\n<p>\u00c4l\u00e4 odota kokeaksesi langattoman siivouksen vapautta ja tehokkuutta. Osta Andeman 3500PA t\u00e4n\u00e4\u00e4n ja muuta siivousrutiinisi. Uusimmat hinnat ja tarjoukset saat napsauttamalla alla olevaa linkki\u00e4 ostaaksesi nyt!  <\/p>\n","product_2_bullet_points":"<ul><li>Nopea 2500rpm moottori tehokkaaseen siivoukseen.<\/li><li>Ladattava akku pitk\u00e4kestoisella teholla.<\/li><li>Sis\u00e4lt\u00e4\u00e4 lis\u00e4varusteita monipuolisiin siivousvaihtoehtoihin.<\/li><li>Tyylik\u00e4s vihre\u00e4 muotoilu tuo tyyli\u00e4 siivousrutiiniisi.<\/li><li>Kevyt ja helppo liikutella ymp\u00e4ri kotia.<\/li><li>Loistava vastine ominaisuuksilla varustetulle akku-imurille.<\/li><\/ul>","product_2_text_after":"<p>Cordless Stick Vacuum Cleaner 2500rpm tarjoaa vankan suorituskyvyn tyylikk\u00e4\u00e4ll\u00e4 muotoilulla ja ladattavalla akulla. Hintaan 98,99 GBP se sijoittuu mukavasti keskihintaiseen kategoriaan tarjoten hyv\u00e4n tasapainon tehon ja edullisuuden v\u00e4lill\u00e4. Nopean moottorinsa ansiosta t\u00e4m\u00e4 imuri pystyy k\u00e4sittelem\u00e4\u00e4n monenlaisia siivousteht\u00e4vi\u00e4, mik\u00e4 tekee siit\u00e4 monipuolisen valinnan mihin tahansa kotitalouteen.  <\/p>\n<p>Sen korkeampi hinta verrattuna Andeman 3500PA:han saattaa kuitenkin olla harkittava seikka budjettitietoisille ostajille. Vaikka se sis\u00e4lt\u00e4\u00e4 lis\u00e4varusteita parempaa toiminnallisuutta varten, jotkut k\u00e4ytt\u00e4j\u00e4t saattavat pit\u00e4\u00e4 tietyn merkkituen puutetta haittapuolena. Kaiken kaikkiaan se on luotettava vaihtoehto niille, jotka etsiv\u00e4t keppi-imuria kohtuullisella teholla ja monipuolisuudella.  <\/p>\n","text_after_product_box_2":"<p>Edetess\u00e4mme on t\u00e4rke\u00e4\u00e4 ottaa huomioon uusimmat trendit akku-imurien teknologiassa. Ominaisuudet kuten \u00e4lykk\u00e4\u00e4t anturit, edistyneet suodatusj\u00e4rjestelm\u00e4t ja pidennetty akun kesto ovat yleistym\u00e4ss\u00e4, parantaen kokonaisk\u00e4ytt\u00f6kokemusta. <\/p>\n<p>Ostaessasi akku-imuria ota huomioon erityistarpeesi, kuten lemmikkien karvojen poisto, alueen koko ja puhdistettavien pintojen tyypit. Oppaastamme l\u00f6yd\u00e4t n\u00e4kemyksi\u00e4 ja vinkkej\u00e4, jotka auttavat sinua valitsemaan el\u00e4m\u00e4ntyyliisi ja budjettiisi t\u00e4ydellisesti sopivan imurin. <\/p>\n","product_3_text_after":"<p>IP3251UKT-suodatin Shark PowerDetect Clean &#038; Empty -imurin, hintaan 27,99 GBP, on v\u00e4ltt\u00e4m\u00e4t\u00f6n huoltotarvike eik\u00e4 itse imuri. Se sis\u00e4lt\u00e4\u00e4 t\u00e4ydellisen suodatinsarjan, joka on tarpeen Shark PowerDetect -mallin optimaaliselle suorituskyvylle. T\u00e4m\u00e4 tuote on korkeasti arvostettu tarkan yhteensopivuutensa ja edistyneen HEPA-suodatusteknologiansa ansiosta, joka ker\u00e4\u00e4 yli 99 % p\u00f6lyst\u00e4 ja allergeeneista.  <\/p>\n<p>Vaikka kyseess\u00e4 on suodatinsarja, sen korkea arvosana ja my\u00f6nteiset arvostelut tekev\u00e4t siit\u00e4 arvokkaan oston Shark-imurin omistajille. Se varmistaa imurisi pitk\u00e4ik\u00e4isyyden ja tehokkuuden tarjoten kustannustehokkaan ratkaisun korkean imutehon ja ilmanlaadun yll\u00e4pit\u00e4miseen. Sen pest\u00e4v\u00e4 ja uudelleenk\u00e4ytett\u00e4v\u00e4 muotoilu parantaa entisest\u00e4\u00e4n sen arvoa.  <\/p>\n","product_4_text_after":"<p>CHAIN PEAKin V15-suodatinvaihtoehdot Dysonille, hintaan 20,99 GBP, tarjoavat taloudellisen vaihtoehdon Dyson V15 Detect- ja V11-malleille. Vahvalla 4,4\/5 arvosanalla 497 arvostelun perusteella on selv\u00e4\u00e4, ett\u00e4 k\u00e4ytt\u00e4j\u00e4t arvostavat n\u00e4iden suodattimien yhteensopivuutta ja suorituskyky\u00e4. Ne ker\u00e4\u00e4v\u00e4t tehokkaasti hienon p\u00f6lyn ja allergeenit, mik\u00e4 tekee niist\u00e4 loistavan valinnan puhtaan ymp\u00e4rist\u00f6n yll\u00e4pit\u00e4miseen.  <\/p>\n<p>Jotkut k\u00e4ytt\u00e4j\u00e4t ovat kuitenkin raportoineet ongelmista istuvuuden ja yhteensopivuuden kanssa, mik\u00e4 viittaa siihen, ett\u00e4 yhteensopivuus kannattaa tarkistaa ennen ostoa. T\u00e4st\u00e4 huolimatta kokonaispalaute on my\u00f6nteist\u00e4, ja suodattimet korostuvat kustannustehokkaana tapana pit\u00e4\u00e4 Dysonisi toiminnassa sujuvasti. <\/p>\n","product_5_text_after":"<p>YSKMLOLP Gen5 -suodatinvaihtoehdot Dysonille, hintaan 17,99 GBP, tarjoavat edullisen vaihtoehdon Dyson Gen5 -mallien yll\u00e4pitoon. 3,9\/5 arvosanalla n\u00e4m\u00e4 suodattimet ovat arvostettuja yhteensopivuutensa ja suorituskykyns\u00e4 ansiosta. Ne lupaavat suodattaa jopa 99,9 % p\u00f6lyst\u00e4 ja hajuista varmistaen terveellisemm\u00e4n kotiymp\u00e4rist\u00f6n.  <\/p>\n<p>Vaikka jotkut k\u00e4ytt\u00e4j\u00e4t ovat huomauttaneet lyhyemm\u00e4st\u00e4 k\u00e4ytt\u00f6i\u00e4st\u00e4 verrattuna alkuper\u00e4isiin suodattimiin, kustannuss\u00e4\u00e4st\u00f6t ja tyydytt\u00e4v\u00e4 suorituskyky tekev\u00e4t n\u00e4ist\u00e4 suodattimista k\u00e4yt\u00e4nn\u00f6llisen valinnan Dyson-omistajille. Se on erinomainen vaihtoehto niille, jotka haluavat pident\u00e4\u00e4 imureidensa k\u00e4ytt\u00f6ik\u00e4\u00e4 ilman korkeita kustannuksia. <\/p>\n","product_6_text_after":"<p>Vax HomePro Pet Cordless Stick Vacuum Cleaner erottuu tehokkaalla siivoussuorituksellaan ja lemmikkikohtaisilla ty\u00f6kaluillaan. Hintaan 102,51 GBP se on suunniteltu k\u00e4sittelem\u00e4\u00e4n lemmikkien karvoja HairWrap Resist -teknologiallaan tarjoten jopa 45 minuutin k\u00e4ytt\u00f6ajan. T\u00e4m\u00e4 tekee siit\u00e4 ihanteellisen lemmikkien omistajille, jotka etsiv\u00e4t tehokasta ja k\u00e4tev\u00e4\u00e4 siivousratkaisua.  <\/p>\n<p>Vakaalla 4,1\/5 arvosanalla 3703 arvostelun perusteella k\u00e4ytt\u00e4j\u00e4t ylist\u00e4v\u00e4t sen voimakasta imutehoa ja monipuolisia lis\u00e4varusteita. Sen hieman raskaampi rakenne ei kuitenkaan v\u00e4ltt\u00e4m\u00e4tt\u00e4 sovi kaikille. Kaiken kaikkiaan se on loistava vaihtoehto lemmikkien omistajille, jotka tarvitsevat vankan imurin lemmikkien karvojen ja muiden vaativien siivousteht\u00e4vien k\u00e4sittelyyn.  <\/p>\n","product_7_text_after":"<p>KFD-akkulaturi Henry Quick Prolle on erikoistunut lis\u00e4varuste Henry Quick -imurisarjalle. Hintaan 16,99 GBP se tarjoaa luotettavat latausominaisuudet vankan muotoilunsa ansiosta. T\u00e4ydellisell\u00e4 5\/5 arvosanalla k\u00e4ytt\u00e4j\u00e4t ovat tyytyv\u00e4isi\u00e4 sen suorituskykyyn ja kest\u00e4vyyteen varmistaen, ett\u00e4 heid\u00e4n imurinsa ovat aina valmiina toimintaan.  <\/p>\n<p>Vaikka t\u00e4m\u00e4 ei ole itse imuri, t\u00e4m\u00e4 laturi on v\u00e4ltt\u00e4m\u00e4t\u00f6n komponentti Henry Quick -sarjaa k\u00e4ytt\u00e4ville varmistaen langattoman imurisi pitk\u00e4aikaisen toiminnan ja mukavuuden. Se on ihanteellinen valinta akku-imurisi tehokkuuden ja valmiuden yll\u00e4pit\u00e4miseen. <\/p>\n","product_8_text_after":"<p>BATTOOL 21.6V 8000mAh V8 -akkuvaihtoehto on suunniteltu Dyson V8 -malleille tarjoten p\u00e4ivityksen kapasiteettiin ja k\u00e4ytt\u00f6aikaan. Hintaan 27,19 GBP se tarjoaa kustannustehokkaan vaihtoehdon alkuper\u00e4isille akuille, vaikka sill\u00e4 on vaihteleva 3,5\/5 arvosana 9 arvostelun perusteella. <\/p>\n<p>K\u00e4ytt\u00e4j\u00e4t arvostavat lis\u00e4\u00e4ntynytt\u00e4 kapasiteettia ja pidemp\u00e4\u00e4 k\u00e4ytt\u00f6aikaa, mutta jotkut ovat kokeneet ongelmia akun keston kanssa. Se on hyv\u00e4 vaihtoehto niille, jotka tarvitsevat nopean vaihdon, mutta se ei v\u00e4ltt\u00e4m\u00e4tt\u00e4 tarjoa samaa k\u00e4ytt\u00f6ik\u00e4\u00e4 kuin alkuper\u00e4iset Dyson-akut. Budjettitietoisille Dyson-k\u00e4ytt\u00e4jille se on harkitsemisen arvoinen v\u00e4liaikaisena ratkaisuna tai varaakkuna.  <\/p>\n","product_9_text_after":"<p>BildeeMait-sein\u00e4kiinnike on k\u00e4yt\u00e4nn\u00f6llinen lis\u00e4varuste eri merkkien akku-imureille, hintaan 6,59 GBP. Sen muotoilu auttaa j\u00e4rjest\u00e4m\u00e4\u00e4n ja s\u00e4ilytt\u00e4m\u00e4\u00e4n imurit turvallisesti est\u00e4en vaurioita ja sotkua. 3\/5 arvosanalla k\u00e4ytt\u00e4jill\u00e4 on kuitenkin ristiriitaisia tunteita sen lujuudesta.  <\/p>\n<p>Vaikka se tarjoaa k\u00e4tev\u00e4n s\u00e4ilytysratkaisun, jotkut k\u00e4ytt\u00e4j\u00e4t ovat ilmaisseet huolensa sen vahvuudesta ja kest\u00e4vyydest\u00e4. Edullisena vaihtoehtona se sopii niille, jotka haluavat siisti\u00e4 s\u00e4ilytystilansa, mutta se ei v\u00e4ltt\u00e4m\u00e4tt\u00e4 tue raskaampia imureita tehokkaasti. <\/p>\n","product_10_text_after":"<p>Tineco Cordless Vacuum Cleaner Pure One A30S tarjoaa voimakkaan 160AW imutehon ja jopa 60 minuutin k\u00e4ytt\u00f6ajan. 3,9\/5 arvosanalla sit\u00e4 ylistet\u00e4\u00e4n suorituskyvyst\u00e4\u00e4n ja edistyneist\u00e4 ominaisuuksistaan kuten ZeroTangle-harjasta ja PureCyclone-teknologiasta. Se on vahva kilpailija niille, jotka etsiv\u00e4t monipuolista ja tehokasta imuria.  <\/p>\n<p>Voimakkaasta imutehostaan ja innovatiivisesta teknologiastaan huolimatta sen korkeampi hinta ja erityinen muotoilu koviin lattioihin eiv\u00e4t v\u00e4ltt\u00e4m\u00e4tt\u00e4 sovi kaikille, mik\u00e4 sijoittaa sen listamme viimeiseksi. Se on sopiva valinta niille, jotka asettavat etusijalle tehon ja edistyneet ominaisuudet, erityisesti kovilla pinnoilla. <\/p>\n"},"yoast_head":"<!-- This site is optimized with the Yoast SEO plugin v27.4 - https:\/\/yoast.com\/product\/yoast-seo-wordpress\/ -->\n<title>Top 10 parhaat akku-imurit - DJ Music Geek<\/title>\n<meta name=\"robots\" content=\"index, follow, max-snippet:-1, max-image-preview:large, max-video-preview:-1\" \/>\n<link rel=\"canonical\" href=\"https:\/\/djmusicgeek.com\/best-cordless-vacuum-2026-en\/\" \/>\n<meta property=\"og:locale\" content=\"fi_FI\" \/>\n<meta property=\"og:type\" content=\"article\" \/>\n<meta property=\"og:title\" content=\"Top 10 parhaat akku-imurit - DJ Music Geek\" \/>\n<meta property=\"og:url\" content=\"https:\/\/djmusicgeek.com\/best-cordless-vacuum-2026-en\/\" \/>\n<meta property=\"og:site_name\" content=\"DJ Music Geek\" \/>\n<meta name=\"twitter:card\" content=\"summary_large_image\" \/>\n<script type=\"application\/ld+json\" class=\"yoast-schema-graph\">{\"@context\":\"https:\\\/\\\/schema.org\",\"@graph\":[{\"@type\":\"WebPage\",\"@id\":\"https:\\\/\\\/djmusicgeek.com\\\/best-cordless-vacuum-2026-en\\\/\",\"url\":\"https:\\\/\\\/djmusicgeek.com\\\/best-cordless-vacuum-2026-en\\\/\",\"name\":\"Top 10 parhaat akku-imurit - DJ Music Geek\",\"isPartOf\":{\"@id\":\"https:\\\/\\\/djmusicgeek.com\\\/#website\"},\"datePublished\":\"2026-02-25T18:59:55+00:00\",\"breadcrumb\":{\"@id\":\"https:\\\/\\\/djmusicgeek.com\\\/best-cordless-vacuum-2026-en\\\/#breadcrumb\"},\"inLanguage\":\"fi\",\"potentialAction\":[{\"@type\":\"ReadAction\",\"target\":[\"https:\\\/\\\/djmusicgeek.com\\\/best-cordless-vacuum-2026-en\\\/\"]}]},{\"@type\":\"BreadcrumbList\",\"@id\":\"https:\\\/\\\/djmusicgeek.com\\\/best-cordless-vacuum-2026-en\\\/#breadcrumb\",\"itemListElement\":[{\"@type\":\"ListItem\",\"position\":1,\"name\":\"Etusivu\",\"item\":\"https:\\\/\\\/djmusicgeek.com\\\/\"},{\"@type\":\"ListItem\",\"position\":2,\"name\":\"Top 10 parhaat akku-imurit\"}]},{\"@type\":\"WebSite\",\"@id\":\"https:\\\/\\\/djmusicgeek.com\\\/#website\",\"url\":\"https:\\\/\\\/djmusicgeek.com\\\/\",\"name\":\"DJ Music Geek\",\"description\":\"\",\"potentialAction\":[{\"@type\":\"SearchAction\",\"target\":{\"@type\":\"EntryPoint\",\"urlTemplate\":\"https:\\\/\\\/djmusicgeek.com\\\/?s={search_term_string}\"},\"query-input\":{\"@type\":\"PropertyValueSpecification\",\"valueRequired\":true,\"valueName\":\"search_term_string\"}}],\"inLanguage\":\"fi\"}]}<\/script>\n<!-- \/ Yoast SEO plugin. -->","yoast_head_json":{"title":"Top 10 parhaat akku-imurit - DJ Music Geek","robots":{"index":"index","follow":"follow","max-snippet":"max-snippet:-1","max-image-preview":"max-image-preview:large","max-video-preview":"max-video-preview:-1"},"canonical":"https:\/\/djmusicgeek.com\/best-cordless-vacuum-2026-en\/","og_locale":"fi_FI","og_type":"article","og_title":"Top 10 parhaat akku-imurit - DJ Music Geek","og_url":"https:\/\/djmusicgeek.com\/best-cordless-vacuum-2026-en\/","og_site_name":"DJ Music Geek","twitter_card":"summary_large_image","schema":{"@context":"https:\/\/schema.org","@graph":[{"@type":"WebPage","@id":"https:\/\/djmusicgeek.com\/best-cordless-vacuum-2026-en\/","url":"https:\/\/djmusicgeek.com\/best-cordless-vacuum-2026-en\/","name":"Top 10 parhaat akku-imurit - DJ Music Geek","isPartOf":{"@id":"https:\/\/djmusicgeek.com\/#website"},"datePublished":"2026-02-25T18:59:55+00:00","breadcrumb":{"@id":"https:\/\/djmusicgeek.com\/best-cordless-vacuum-2026-en\/#breadcrumb"},"inLanguage":"fi","potentialAction":[{"@type":"ReadAction","target":["https:\/\/djmusicgeek.com\/best-cordless-vacuum-2026-en\/"]}]},{"@type":"BreadcrumbList","@id":"https:\/\/djmusicgeek.com\/best-cordless-vacuum-2026-en\/#breadcrumb","itemListElement":[{"@type":"ListItem","position":1,"name":"Etusivu","item":"https:\/\/djmusicgeek.com\/"},{"@type":"ListItem","position":2,"name":"Top 10 parhaat akku-imurit"}]},{"@type":"WebSite","@id":"https:\/\/djmusicgeek.com\/#website","url":"https:\/\/djmusicgeek.com\/","name":"DJ Music Geek","description":"","potentialAction":[{"@type":"SearchAction","target":{"@type":"EntryPoint","urlTemplate":"https:\/\/djmusicgeek.com\/?s={search_term_string}"},"query-input":{"@type":"PropertyValueSpecification","valueRequired":true,"valueName":"search_term_string"}}],"inLanguage":"fi"}]}},"_links":{"self":[{"href":"https:\/\/djmusicgeek.com\/fi\/wp-json\/wp\/v2\/pages\/17738","targetHints":{"allow":["GET"]}}],"collection":[{"href":"https:\/\/djmusicgeek.com\/fi\/wp-json\/wp\/v2\/pages"}],"about":[{"href":"https:\/\/djmusicgeek.com\/fi\/wp-json\/wp\/v2\/types\/page"}],"author":[{"embeddable":true,"href":"https:\/\/djmusicgeek.com\/fi\/wp-json\/wp\/v2\/users\/2"}],"replies":[{"embeddable":true,"href":"https:\/\/djmusicgeek.com\/fi\/wp-json\/wp\/v2\/comments?post=17738"}],"version-history":[{"count":0,"href":"https:\/\/djmusicgeek.com\/fi\/wp-json\/wp\/v2\/pages\/17738\/revisions"}],"wp:attachment":[{"href":"https:\/\/djmusicgeek.com\/fi\/wp-json\/wp\/v2\/media?parent=17738"}],"curies":[{"name":"wp","href":"https:\/\/api.w.org\/{rel}","templated":true}]}}