{"id":17695,"date":"2026-02-25T21:29:14","date_gmt":"2026-02-25T21:29:14","guid":{"rendered":"https:\/\/djmusicgeek.com\/best-cordless-vacuum-2026-en-2\/"},"modified":"2026-02-25T21:29:14","modified_gmt":"2026-02-25T21:29:14","slug":"best-cordless-vacuum-2026-en-2","status":"publish","type":"page","link":"https:\/\/djmusicgeek.com\/fi\/best-cordless-vacuum-2026-en-2\/","title":{"rendered":"10 parasta langatonta p\u00f6lynimuria"},"content":{"rendered":"","protected":false},"excerpt":{"rendered":"","protected":false},"author":2,"featured_media":0,"parent":0,"menu_order":0,"comment_status":"closed","ping_status":"closed","template":"sales-template.php","meta":{"_acf_changed":false,"footnotes":""},"class_list":["post-17695","page","type-page","status-publish","hentry"],"acf":{"product_3_supplier":"Amazon","product_3_asin":"B0979R48CX","product_4_supplier":"Amazon","product_4_asin":"B0C55RP9QP","product_5_supplier":"Amazon","product_5_asin":"B0DK7GHJTX","product_6_supplier":"Amazon","product_6_asin":"B0DCGLPW84","product_7_supplier":"Amazon","product_7_asin":"B0CMDFZ213","product_8_supplier":"Amazon","product_8_asin":"B0D1QXN6C1","product_9_supplier":"Amazon","product_9_asin":"B0B42P2TXX","product_10_supplier":"Amazon","product_10_asin":"B0DZXXWJMH","exclude_from_search":true,"language_code":"fi","product_name":"Andeman 3500PA Mini","product_type":"Langattomat p\u00f6lynimurit","product_type_singular":"Langaton p\u00f6lynimuri","features":"<p>Kannettava ja kevyt muotoilu<br \/>\nTehokas 3500PA imu<br \/>\nLadattava litiumioniakku<br \/>\nKompakti ja helppo s\u00e4ilytt\u00e4\u00e4<br \/>\n120W:n tehokas moottori<br \/>\nIhanteellinen auton sis\u00e4tiloihin ja pieniin tiloihin<br \/>\nPest\u00e4v\u00e4 ja uudelleenk\u00e4ytett\u00e4v\u00e4 suodatin<br \/>\nPikalataustekniikka<\/p>\n","rating":"9.8","intro_text":"<p>Tervetuloa kattavaan katsaukseemme vuoden 2026 10 parhaasta langattomasta p\u00f6lynimuriista. T\u00e4ss\u00e4 oppaassa olemme huolellisesti testanneet ja arvioineet laajan valikoiman malleja tuodaksemme sinulle parhaat vaihtoehdot, joita Britannian markkinoilla on t\u00e4n\u00e4\u00e4n tarjolla. Olitpa sitten etsim\u00e4ss\u00e4 uusinta Dyson-innovaatiota, edullista vaihtoehtoa tai lemmikkiel\u00e4inten omistajille suunniteltua p\u00f6lynimuria, meill\u00e4 on sinulle sopiva vaihtoehto.  <\/p>\n<p>Langattomat p\u00f6lynimurit ovat mullistaneet siivoamisen tarjoamalla vertaansa vailla olevaa mukavuutta ja liikkuvuutta. Lue lis\u00e4\u00e4 selvitt\u00e4\u00e4ksesi, mitk\u00e4 mallit erottuivat vaativissa testeiss\u00e4mme, ja l\u00f6yd\u00e4 t\u00e4ydellinen langaton p\u00f6lynimuri tarpeisiisi. <\/p>\n","text_before_product_box":"<p>Matkamme l\u00f6yt\u00e4\u00e4 vuoden 2026 parhaat langattomat p\u00f6lynimurit on vienyt meid\u00e4t l\u00e4pi useiden mallien, joista jokaisella on omat ainutlaatuiset ominaisuutensa ja kykyns\u00e4. Keskityimme seikkoihin kuten imutehoon, akun kestoon, k\u00e4yt\u00f6n helppouteen ja monipuolisuuteen erilaisissa siivoustilanteissa. <\/p>\n<p>Olemme ker\u00e4nneet n\u00e4kemyksi\u00e4 sek\u00e4 k\u00e4ytt\u00e4j\u00e4arvosteluista ett\u00e4 asiantuntijoiden mielipiteist\u00e4 varmistaaksemme, ett\u00e4 parhaat valintamme eiv\u00e4t ainoastaan suoriudu hyvin testeiss\u00e4, vaan my\u00f6s t\u00e4ytt\u00e4v\u00e4t tosiel\u00e4m\u00e4n vaatimukset. Valmistaudu tutustumaan parhaisiin valintoihimme ja n\u00e4kem\u00e4\u00e4n, miksi Andeman 3500PA Mini on ykk\u00f6svalintamme. <\/p>\n","text_after_product_box":"<p>Parhaiden langattomien p\u00f6lynimureiden tunnistamiseksi k\u00e4ytimme perusteellista menetelm\u00e4\u00e4, joka sis\u00e4lsi k\u00e4yt\u00e4nn\u00f6n testauksen ja asiakaspalautteen analysoinnin. Arvioimme jokaisen mallin imutehon, akun keston, huollon helppouden ja kokonaisarvon perusteella. <\/p>\n<p>Mik\u00e4 tekee langattomasta p\u00f6lynimuriista loistavan? Se on yhdistelm\u00e4 tehokasta imua, pitk\u00e4ik\u00e4ist\u00e4 akkua, ergonomista muotoilua ja sopeutumiskyky\u00e4 erilaisille pinnoille. N\u00e4m\u00e4 tekij\u00e4t varmistavat, ett\u00e4 siivouskokemus on paitsi tehokas my\u00f6s miellytt\u00e4v\u00e4.  <\/p>\n","why_the_best_text":"<p>Andeman 3500PA Mini erottuu vuoden 2026 parhaana langattomana p\u00f6lynimurina poikkeuksellisen tasapainonsa ansiosta tehon, kannettavuuden ja hinnan v\u00e4lill\u00e4. Toisin kuin suuremmat mallit, t\u00e4m\u00e4 k\u00e4simalli tarjoaa huomattavan imutehon ilman suurta kokoa, mik\u00e4 tekee siit\u00e4 ihanteellisen nopeisiin siivouksiin ja auton sisustuksen puhdistukseen. <\/p>\n<p>Sen edullinen hinta 39,99 GBP yhdistettyn\u00e4 edistyneisiin ominaisuuksiin, kuten 120W:n moottoriin ja pikalataustekniikkaan, varmistaa erinomaisen vastineen rahalle. Verrattuna kalliimpiin malleihin Andeman 3500PA Mini tarjoaa vastaavan suorituskyvyn, mik\u00e4 tekee siit\u00e4 selv\u00e4n voittajan budjettitietoisille kuluttajille. <\/p>\n","reviews_text":"<p>Andeman 3500PA Mini langaton k\u00e4sip\u00f6lynimuri on nopeasti saavuttanut suosiota vaikuttavan kannettavuutensa ja tehonsa ansiosta. K\u00e4ytt\u00e4j\u00e4t arvostavat sen kyky\u00e4 liikkua helposti ahtaissa tiloissa ja tehokasta suorituskyky\u00e4 auton sis\u00e4tiloissa. <\/p>\n<p>Asiantuntija-arvostelut korostavat p\u00f6lynimurin vahvaa imutehoa, mik\u00e4 on yll\u00e4tt\u00e4v\u00e4\u00e4 sen kompaktiin kokoon n\u00e4hden. Lis\u00e4ksi pikalataustekniikka ja uudelleenk\u00e4ytett\u00e4v\u00e4 suodatin tekev\u00e4t siit\u00e4 k\u00e4yt\u00e4nn\u00f6llisen valinnan niille, jotka etsiv\u00e4t v\u00e4h\u00e4n huoltoa vaativaa siivousv\u00e4linett\u00e4. <\/p>\n","top_pick_box_text":"<p>Andeman 3500PA Mini langaton k\u00e4sip\u00f6lynimuri on ykk\u00f6svalintamme vuodelle 2026, tarjoten ly\u00f6m\u00e4t\u00f6nt\u00e4 vastinetta rahalle ja k\u00e4yt\u00e4nn\u00f6llisyytt\u00e4. Tehokkaalla 3500PA imullaan, kannettavalla muotoilullaan ja pikalataustekniikallaan se on t\u00e4ydellinen liikkeell\u00e4 tapahtuvaan siivoukseen ja pieniin tiloihin. <\/p>\n<p>T\u00e4m\u00e4 p\u00f6lynimuri on ihanteellinen auton omistajille ja pieniss\u00e4 asunnoissa asuville, sill\u00e4 se yhdist\u00e4\u00e4 vaikuttavan tehon helppok\u00e4ytt\u00f6isyyteen. Olipa kyse lemmikkiel\u00e4inten karvoista tai arkip\u00e4iv\u00e4n p\u00f6lyst\u00e4, Andeman 3500PA Mini tarjoaa tasaisia tuloksia ilman ett\u00e4 kukkarosi k\u00e4rsii. <\/p>\n","bottom_text":"<p>Yhteenvetona Andeman 3500PA Mini langaton k\u00e4sip\u00f6lynimuri on erinomainen valinta kaikille, jotka etsiv\u00e4t tehokasta, edullista siivousratkaisua. Sen yhdistelm\u00e4 tehosta ja mukavuudesta tekee siit\u00e4 huippusuosituksen vuodelle 2026. <\/p>\n<p>\u00c4l\u00e4 j\u00e4\u00e4 paitsi t\u00e4st\u00e4 poikkeuksellisesta p\u00f6lynimuriista. Klikkaa alla olevaa linkki\u00e4 ostaaksesi ja koe vaivaton siivous jo t\u00e4n\u00e4\u00e4n! <\/p>\n","product_2_bullet_points":"<ul><li>Tyylik\u00e4s, moderni muotoilu silmiinpist\u00e4v\u00e4ll\u00e4 vihre\u00e4ll\u00e4 viimeistelyll\u00e4, joka erottuu joukosta.<\/li><li>Tarjoaa tehokasta siivousta 2500rpm moottorilla, ihanteellinen arkip\u00e4iv\u00e4n sotkuihin.<\/li><li>Sis\u00e4lt\u00e4\u00e4 k\u00e4tev\u00e4t lis\u00e4varusteet monipuoliseen siivoukseen eri pinnoilla.<\/li><li>Ladattava akku varmistaa langattoman mukavuuden ja joustavuuden.<\/li><li>Kevyt ja helppo ohjata, t\u00e4ydellinen nopeaan siivoukseen.<\/li><li>Suunniteltu tehokkuutta ajatellen, mik\u00e4 tekee siit\u00e4 erinomaisen valinnan kiireisille kotitalouksille.<\/li><\/ul>","product_2_text_after":"<p>Langaton sauvamainen p\u00f6lynimuri 2500rpm tarjoaa vankan suorituskyvyn vaikuttavalla py\u00f6rimisnopeudellaan ja k\u00e4tev\u00e4ll\u00e4 lis\u00e4varusteillaan. K\u00e4ytt\u00e4j\u00e4t arvostavat erityisesti sen tyylik\u00e4st\u00e4 vihre\u00e4\u00e4 viimeistely\u00e4 ja langattoman k\u00e4yt\u00f6n mukavuutta. <\/p>\n<p>Vaikka se ei aivan yll\u00e4 ykk\u00f6svalintamme tehoon, sen monipuolisuus ja tyylik\u00e4s muotoilu tekev\u00e4t siit\u00e4 arvokkaan kilpailijan, erityisesti niille, jotka arvostavat esteettist\u00e4 vetovoimaa toiminnallisuuden ohella. Se on t\u00e4ydellinen arkip\u00e4iv\u00e4n siivousteht\u00e4viin, mutta saattaa kamppailla raskaiden lian kanssa suuremmissa kodeissa. <\/p>\n","text_after_product_box_2":"<p>Langattomien p\u00f6lynimureiden trendit kehittyv\u00e4t jatkuvasti, ja valmistajat pyrkiv\u00e4t parantamaan tehokkuutta ja kest\u00e4vyytt\u00e4. Ominaisuudet kuten HEPA-suodattimet, edistyneet akkuteknologiat ja \u00e4lyk\u00e4s yhdistett\u00e4vyys ovat yleistym\u00e4ss\u00e4. <\/p>\n<p>Langattoman p\u00f6lynimurin ostaessa ota huomioon kotisi koko, usein siivottavat pintatyypit ja mahdolliset erityistarpeet, kuten lemmikkiel\u00e4inten karvojen poisto. N\u00e4m\u00e4 tekij\u00e4t ohjaavat sinua malliin, joka sopii parhaiten el\u00e4m\u00e4ntapaasi. <\/p>\n","product_3_text_after":"<p>Dyson V15 Detect langaton sauvamainen p\u00f6lynimuri on premium-vaihtoehto, joka yhdist\u00e4\u00e4 huipputeknologian poikkeukselliseen siivoustehoon. Siin\u00e4 on laser piilotetun p\u00f6lyn havaitsemiseen, mik\u00e4 tekee siit\u00e4 loistavan valinnan huolellisille siivoojille. <\/p>\n<p>Vaikka sen hinta on korkeammalla tasolla, edistyneet ominaisuudet ja luotettava suorituskyky oikeuttavat investoinnin niille, jotka etsiv\u00e4t parasta langattomassa siivousteknologiassa. Se on kuitenkin v\u00e4hemm\u00e4n budjettiystav\u00e4llinen verrattuna muihin listamme malleihin. <\/p>\n","product_4_text_after":"<p>Dyson Gen5detect langaton p\u00f6lynimuri tarjoaa uuden sukupolven teknologiaa, mukaan lukien tehokkaan moottorin ja \u00e4lykk\u00e4\u00e4t anturit. Se on suunniteltu niille, jotka vaativat korkeinta puhtauden tasoa kodeissaan. <\/p>\n<p>T\u00e4m\u00e4 malli on ihanteellinen tekniikkaharrastajille ja niille, joilla on suuremmat siivoustarpeet. Sen korkeampi hinta saattaa kuitenkin karkottaa budjettitietoiset ostajat, mik\u00e4 tekee siit\u00e4 v\u00e4hemm\u00e4n saavutettavan huolimatta sen ylivertaisista kyvyist\u00e4. <\/p>\n","product_5_text_after":"<p>Vax HomePro Pet-Design langaton sauvamainen p\u00f6lynimuri on r\u00e4\u00e4t\u00e4l\u00f6ity erityisesti lemmikkiel\u00e4inten omistajille tarjoten tehokasta karvojen poistoa ja allergeenien hallintaa. Sen erikoisty\u00f6kalut ja vankka imuteho tekev\u00e4t siit\u00e4 lujan valinnan lemmikkiyst\u00e4v\u00e4llisiin kotitalouksiin. <\/p>\n<p>Vaikka se ei ole halvin listassamme, sen keskittyminen lemmikkiel\u00e4imiin liittyviin siivoushasteisiin tarjoaa erinomaista vastinetta niille, jotka tarvitsevat omistetun lemmikkiel\u00e4inten karvojen ratkaisun.<\/p>\n","product_6_text_after":"<p>Dyson V8 Advanced langaton p\u00f6lynimuri on luotettava valinta niille, jotka etsiv\u00e4t tasapainoa suorituskyvyn ja hinnan v\u00e4lill\u00e4. Tunnettu tehokkaasta imustaan ja monipuolisuudestaan, se sopii hyvin erilaisiin siivousteht\u00e4viin. <\/p>\n<p>Vaikka siin\u00e4 ei ole uusimmissa Dyson-malleissa olevia uusimpia teknologioita, sen todistettu menestys ja kohtuuhintaisuus tekev\u00e4t siit\u00e4 suositun valinnan monille kotitalouksille.<\/p>\n","product_7_text_after":"<p>Dyson V8 Absolute langaton p\u00f6lynimuri tarjoaa vahvan suorituskyvyn ja valikoiman lis\u00e4osia eri pinnoille. Se on loistava keskihintaluokan vaihtoehto niille, jotka haluavat Dyson-laatua ilman premium-hintalappua. <\/p>\n<p>T\u00e4m\u00e4 malli on t\u00e4ydellinen arkip\u00e4iv\u00e4n kotitalouden siivoukseen, vaikka siit\u00e4 saattaa puuttua joitakin edistyneit\u00e4 ominaisuuksia, joita n\u00e4hd\u00e4\u00e4n kalliimmissa Dyson-malleissa.<\/p>\n","product_8_text_after":"<p>Tineco langaton p\u00f6lynimuri Pure One A30S tunnetaan \u00e4lykk\u00e4\u00e4st\u00e4 teknologiastaan ja tehokkaista siivousominaisuuksistaan. K\u00e4ytt\u00e4j\u00e4t arvostavat sen intuitiivisia ohjaimia ja tyylik\u00e4st\u00e4 muotoilua. <\/p>\n<p>Vaikka se tarjoaa hyv\u00e4n tasapainon ominaisuuksien ja kohtuuhintaisuuden v\u00e4lill\u00e4, se ei ehk\u00e4 yll\u00e4 joidenkin kalliimpien kilpailijoiden syv\u00e4\u00e4n siivoustehoon, mik\u00e4 tekee siit\u00e4 paremman valinnan pienempiin koteihin tai asuntoihin.<\/p>\n","product_9_text_after":"<p>Shark Stratos langaton sauvamainen p\u00f6lynimuri Pet Pro on suunniteltu k\u00e4sittelem\u00e4\u00e4n lemmikkiel\u00e4inten karvoja helposti. Sen tehokas imu ja erikoisty\u00f6kalut tekev\u00e4t siit\u00e4 lemmikkiel\u00e4inten omistajien suosikkivalinnan. <\/p>\n<p>Vaikka se on varsin kykenev\u00e4, sen hieman korkeampi hinta verrattuna vastaaviin malleihin saattaa olla harkittava seikka niille, joilla on tiukka budjetti.<\/p>\n","product_10_text_after":"<p>Hoover HF1 Plus langaton sauvamainen p\u00f6lynimuri on budjettiystav\u00e4llinen vaihtoehto, joka tarjoaa kohtuullisen suorituskyvyn hintaansa n\u00e4hden. Se on kevyt ja helppo ohjata, mik\u00e4 tekee siit\u00e4 sopivan nopeisiin siivouksiin. <\/p>\n<p>Vaikka se ei tarjoa kalliimpien mallien tehoa tai ominaisuuksia, se on erinomainen aloitustason valinta niille, jotka ovat uusia langattomien p\u00f6lynimureiden parissa.<\/p>\n"},"yoast_head":"<!-- This site is optimized with the Yoast SEO plugin v27.4 - https:\/\/yoast.com\/product\/yoast-seo-wordpress\/ -->\n<title>10 parasta langatonta p\u00f6lynimuria - DJ Music Geek<\/title>\n<meta name=\"robots\" content=\"index, follow, max-snippet:-1, max-image-preview:large, max-video-preview:-1\" \/>\n<link rel=\"canonical\" href=\"https:\/\/djmusicgeek.com\/best-cordless-vacuum-2026-en-2\/\" \/>\n<meta property=\"og:locale\" content=\"fi_FI\" \/>\n<meta property=\"og:type\" content=\"article\" \/>\n<meta property=\"og:title\" content=\"10 parasta langatonta p\u00f6lynimuria - DJ Music Geek\" \/>\n<meta property=\"og:url\" content=\"https:\/\/djmusicgeek.com\/best-cordless-vacuum-2026-en-2\/\" \/>\n<meta property=\"og:site_name\" content=\"DJ Music Geek\" \/>\n<meta name=\"twitter:card\" content=\"summary_large_image\" \/>\n<script type=\"application\/ld+json\" class=\"yoast-schema-graph\">{\"@context\":\"https:\\\/\\\/schema.org\",\"@graph\":[{\"@type\":\"WebPage\",\"@id\":\"https:\\\/\\\/djmusicgeek.com\\\/best-cordless-vacuum-2026-en-2\\\/\",\"url\":\"https:\\\/\\\/djmusicgeek.com\\\/best-cordless-vacuum-2026-en-2\\\/\",\"name\":\"10 parasta langatonta p\u00f6lynimuria - DJ Music Geek\",\"isPartOf\":{\"@id\":\"https:\\\/\\\/djmusicgeek.com\\\/#website\"},\"datePublished\":\"2026-02-25T21:29:14+00:00\",\"breadcrumb\":{\"@id\":\"https:\\\/\\\/djmusicgeek.com\\\/best-cordless-vacuum-2026-en-2\\\/#breadcrumb\"},\"inLanguage\":\"fi\",\"potentialAction\":[{\"@type\":\"ReadAction\",\"target\":[\"https:\\\/\\\/djmusicgeek.com\\\/best-cordless-vacuum-2026-en-2\\\/\"]}]},{\"@type\":\"BreadcrumbList\",\"@id\":\"https:\\\/\\\/djmusicgeek.com\\\/best-cordless-vacuum-2026-en-2\\\/#breadcrumb\",\"itemListElement\":[{\"@type\":\"ListItem\",\"position\":1,\"name\":\"Etusivu\",\"item\":\"https:\\\/\\\/djmusicgeek.com\\\/\"},{\"@type\":\"ListItem\",\"position\":2,\"name\":\"10 parasta langatonta p\u00f6lynimuria\"}]},{\"@type\":\"WebSite\",\"@id\":\"https:\\\/\\\/djmusicgeek.com\\\/#website\",\"url\":\"https:\\\/\\\/djmusicgeek.com\\\/\",\"name\":\"DJ Music Geek\",\"description\":\"\",\"potentialAction\":[{\"@type\":\"SearchAction\",\"target\":{\"@type\":\"EntryPoint\",\"urlTemplate\":\"https:\\\/\\\/djmusicgeek.com\\\/?s={search_term_string}\"},\"query-input\":{\"@type\":\"PropertyValueSpecification\",\"valueRequired\":true,\"valueName\":\"search_term_string\"}}],\"inLanguage\":\"fi\"}]}<\/script>\n<!-- \/ Yoast SEO plugin. -->","yoast_head_json":{"title":"10 parasta langatonta p\u00f6lynimuria - DJ Music Geek","robots":{"index":"index","follow":"follow","max-snippet":"max-snippet:-1","max-image-preview":"max-image-preview:large","max-video-preview":"max-video-preview:-1"},"canonical":"https:\/\/djmusicgeek.com\/best-cordless-vacuum-2026-en-2\/","og_locale":"fi_FI","og_type":"article","og_title":"10 parasta langatonta p\u00f6lynimuria - DJ Music Geek","og_url":"https:\/\/djmusicgeek.com\/best-cordless-vacuum-2026-en-2\/","og_site_name":"DJ Music Geek","twitter_card":"summary_large_image","schema":{"@context":"https:\/\/schema.org","@graph":[{"@type":"WebPage","@id":"https:\/\/djmusicgeek.com\/best-cordless-vacuum-2026-en-2\/","url":"https:\/\/djmusicgeek.com\/best-cordless-vacuum-2026-en-2\/","name":"10 parasta langatonta p\u00f6lynimuria - DJ Music Geek","isPartOf":{"@id":"https:\/\/djmusicgeek.com\/#website"},"datePublished":"2026-02-25T21:29:14+00:00","breadcrumb":{"@id":"https:\/\/djmusicgeek.com\/best-cordless-vacuum-2026-en-2\/#breadcrumb"},"inLanguage":"fi","potentialAction":[{"@type":"ReadAction","target":["https:\/\/djmusicgeek.com\/best-cordless-vacuum-2026-en-2\/"]}]},{"@type":"BreadcrumbList","@id":"https:\/\/djmusicgeek.com\/best-cordless-vacuum-2026-en-2\/#breadcrumb","itemListElement":[{"@type":"ListItem","position":1,"name":"Etusivu","item":"https:\/\/djmusicgeek.com\/"},{"@type":"ListItem","position":2,"name":"10 parasta langatonta p\u00f6lynimuria"}]},{"@type":"WebSite","@id":"https:\/\/djmusicgeek.com\/#website","url":"https:\/\/djmusicgeek.com\/","name":"DJ Music Geek","description":"","potentialAction":[{"@type":"SearchAction","target":{"@type":"EntryPoint","urlTemplate":"https:\/\/djmusicgeek.com\/?s={search_term_string}"},"query-input":{"@type":"PropertyValueSpecification","valueRequired":true,"valueName":"search_term_string"}}],"inLanguage":"fi"}]}},"_links":{"self":[{"href":"https:\/\/djmusicgeek.com\/fi\/wp-json\/wp\/v2\/pages\/17695","targetHints":{"allow":["GET"]}}],"collection":[{"href":"https:\/\/djmusicgeek.com\/fi\/wp-json\/wp\/v2\/pages"}],"about":[{"href":"https:\/\/djmusicgeek.com\/fi\/wp-json\/wp\/v2\/types\/page"}],"author":[{"embeddable":true,"href":"https:\/\/djmusicgeek.com\/fi\/wp-json\/wp\/v2\/users\/2"}],"replies":[{"embeddable":true,"href":"https:\/\/djmusicgeek.com\/fi\/wp-json\/wp\/v2\/comments?post=17695"}],"version-history":[{"count":0,"href":"https:\/\/djmusicgeek.com\/fi\/wp-json\/wp\/v2\/pages\/17695\/revisions"}],"wp:attachment":[{"href":"https:\/\/djmusicgeek.com\/fi\/wp-json\/wp\/v2\/media?parent=17695"}],"curies":[{"name":"wp","href":"https:\/\/api.w.org\/{rel}","templated":true}]}}