{"id":17393,"date":"2026-02-13T10:59:05","date_gmt":"2026-02-13T10:59:05","guid":{"rendered":"https:\/\/djmusicgeek.com\/best-headphones-to-buy-today-en-gb\/"},"modified":"2026-03-01T13:46:31","modified_gmt":"2026-03-01T13:46:31","slug":"best-headphones-to-buy-today-en-gb","status":"publish","type":"page","link":"https:\/\/djmusicgeek.com\/fi\/best-headphones-to-buy-today-en-gb\/","title":{"rendered":"Top 10 parhaat langattomat kuulokkeet"},"content":{"rendered":"","protected":false},"excerpt":{"rendered":"","protected":false},"author":2,"featured_media":0,"parent":0,"menu_order":0,"comment_status":"closed","ping_status":"closed","template":"sales-template.php","meta":{"_acf_changed":false,"footnotes":""},"class_list":["post-17393","page","type-page","status-publish","hentry"],"acf":{"product_url":"","product_image_1":"","product_image_2":"","product_image_3":"","product_image_4":"","product_image_5":"","product_image_6":"","product_image_7":"","product_image_8":"","product_2_supplier":"Amazon","product_2_asin":"B0CRMB9Z84","product_3_supplier":"Amazon","product_3_asin":"B0FPD1P24J","product_4_supplier":"Amazon","product_4_asin":"B0CZ6S1G4B","product_5_supplier":"Amazon","product_5_asin":"","product_6_supplier":"Amazon","product_6_asin":"","product_7_supplier":"Amazon","product_7_asin":"B0DQ833QW9","product_8_supplier":"Amazon","product_8_asin":"","product_9_supplier":"Amazon","product_9_asin":"","product_10_supplier":"Amazon","product_10_asin":"","exclude_from_search":false,"product_2_url":"","product_2_image_1":"","product_2_image_2":"","product_2_image_3":"","product_3_url":"","product_3_image_1":"","product_3_image_2":"","product_3_image_3":"","language_code":"fi","product_name":"Oneodio A-sarja","product_type":"Langattomat kuulokkeet","product_type_singular":"Langaton kuuloke","features":"<p>Bluetooth 5.0 -yhteys<br \/>\nAktiivinen melunvaimennus<br \/>\nLangaton toiminnallisuus<br \/>\nSis\u00e4\u00e4nrakennettu mikrofoni<br \/>\nType C -lataus<br \/>\nKuljetuskotelo mukana<br \/>\nLaajennettu 2 vuoden takuu<br \/>\nKorkealaatuinen \u00e4\u00e4nentoisto<\/p>\n","rating":"9.8","intro_text":"<p>Tervetuloa kattavaan katsaukseemme 10 parhaasta langattomasta kuulokkeesta, joita voit ostaa t\u00e4n\u00e4\u00e4n. Olemme huolellisesti testanneet ja arvioineet jokaisen tuotteen tuodaksemme sinulle parhaat vaihtoehdot \u00e4\u00e4nentarpeisiisi. Olitpa sitten audiofiili tai etsit vain luotettavaa kuulokeparia p\u00e4ivitt\u00e4iseen k\u00e4ytt\u00f6\u00f6n, valikoimamme kattaa laajan valikoiman ominaisuuksia ja budjetteja.  <\/p>\n<p>T\u00e4ss\u00e4 artikkelissa perehdymme jokaisen tuotteen suorituskykyyn, mukavuuteen ja hinta-laatusuhteeseen. Edistyneest\u00e4 melunvaimennusteknologiasta vaikuttavaan akunkestoon \u2013 parhaat valintamme erottuvat langattomien kuulokkeiden ruuhkaisilla markkinoilla. Tutustu kanssamme ominaisuuksiin, jotka tekev\u00e4t n\u00e4ist\u00e4 kuulokkeista todella poikkeuksellisia.  <\/p>\n","text_before_product_box":"<p>Teknologian kehittyess\u00e4 korkealaatuisten langattomien kuulokkeiden kysynt\u00e4 on suurempaa kuin koskaan. Oletpa matkalla, t\u00f6iss\u00e4 tai rentoutumassa kotona, loistavat kuulokkeet voivat muuttaa \u00e4\u00e4niel\u00e4myksesi. T\u00e4ss\u00e4 oppaassa olemme listanneet t\u00e4n\u00e4\u00e4n saatavilla olevat parhaat vaihtoehdot ja korostaneet niiden keskeisi\u00e4 ominaisuuksia ja etuja.  <\/p>\n<p>Ykk\u00f6svalintamme, Oneodio A Series, johtaa joukkoa edistyneill\u00e4 ominaisuuksillaan ja poikkeuksellisella suorituskyvyll\u00e4\u00e4n. Tutkitaan, miksi t\u00e4m\u00e4 tuote erottuu kilpailijoistaan. <\/p>\n","text_after_product_box":"<p>Arvioidessamme parhaita langattomia kuulokkeita otimme huomioon useita tekij\u00f6it\u00e4, kuten \u00e4\u00e4nenlaadun, mukavuuden, akunkeston ja lis\u00e4ominaisuudet, kuten melunvaimennuksen ja yhteysvaihtoehtojen. Jokaista tuotetta testattiin tosiel\u00e4m\u00e4n tilanteissa varmistaaksemme, ett\u00e4 tarjoamme sinulle luotettavia suosituksia. <\/p>\n<p>Loistavien langattomien kuulokkeiden tulisi tarjota saumaton yhdistelm\u00e4 mukavuutta, \u00e4\u00e4nenlaatua ja toiminnallisuutta. Oneodio A Series loistaa kaikilla n\u00e4ill\u00e4 osa-alueilla tarjoten k\u00e4ytt\u00e4jille vertaansa vailla olevan kuuntelukokemuksen. Sen huippuluokan melunvaimennusteknologia ja vankka Bluetooth-yhteys tekev\u00e4t siit\u00e4 t\u00e4ydellisen valinnan jokaiselle audiofiilille.  <\/p>\n","why_the_best_text":"<p>Oneodio A Series on paras langaton kuulokevalinta poikkeuksellisen ominaisuuksien ja suorituskyvyn yhdistelm\u00e4ns\u00e4 ansiosta. Toisin kuin monet kilpailijat, se tarjoaa sek\u00e4 edistyneen aktiivisen melunvaimennuksen ett\u00e4 Bluetooth 5.0:n keskeytym\u00e4tt\u00f6miin kuuntelukokemuksiin. Sen korkealaatuinen \u00e4\u00e4ni varmistaa, ett\u00e4 jokainen nuotti on ter\u00e4v\u00e4 ja kirkas, kuuntelitpa sitten musiikkia tai soitat puheluita.  <\/p>\n<p>Toinen merkitt\u00e4v\u00e4 etu on Type C -lataus, joka mahdollistaa nopean ja k\u00e4tev\u00e4n lataamisen. Kuljetuskotelon ja laajennetun 2 vuoden takuun sis\u00e4llytt\u00e4minen lis\u00e4\u00e4 sen arvoa tehden siit\u00e4 paitsi huippusuorittajan \u00e4\u00e4nenlaadun my\u00f6s kest\u00e4vyyden ja luotettavuuden osalta. <\/p>\n","reviews_text":"<p>Vaikka Oneodio A Seriesill\u00e4 ei viel\u00e4 ole paljon k\u00e4ytt\u00e4j\u00e4arvosteluja, sen vaikuttavat tekniset tiedot ja kattava ominaisuusvalikoima ovat jo tehneet siit\u00e4 erottuvan valinnan. Bluetooth 5.0:n integrointi takaa saumattoman yhteyden, kun taas aktiivinen melunvaimennus on suunniteltu tarjoamaan mukaansatempaava \u00e4\u00e4niel\u00e4mys v\u00e4hent\u00e4m\u00e4ll\u00e4 ei-toivottuja tausta\u00e4\u00e4ni\u00e4. <\/p>\n<p>Sen sis\u00e4\u00e4nrakennettu mikrofoni mahdollistaa selke\u00e4n viestinn\u00e4n, mik\u00e4 tekee siit\u00e4 erinomaisen valinnan sek\u00e4 musiikin yst\u00e4ville ett\u00e4 ammattilaisille, jotka tarvitsevat luotettavaa \u00e4\u00e4nenlaatua puheluihin. Laajennettu 2 vuoden takuu lis\u00e4\u00e4 sen vetovoimaa tarjoten k\u00e4ytt\u00e4jille mielenrauhaa. <\/p>\n","top_pick_box_text":"<p>Oneodio A Series erottuu lopullisena valintana langattomille kuulokkeille tarjoten edistyneen melunvaimennuksen, ylivoimaisen \u00e4\u00e4nenlaadun ja luotettavan suorituskyvyn. Se on t\u00e4ydellinen yhdistelm\u00e4 teknologiaa ja mukavuutta, mik\u00e4 tekee siit\u00e4 v\u00e4ltt\u00e4m\u00e4tt\u00f6m\u00e4n jokaiselle \u00e4\u00e4nenharrastajalle. <\/p>\n","bottom_text":"<p>Yhteenvetona Oneodio A Series on esimerkillinen malli, joka m\u00e4\u00e4rittelee uudelleen, mit\u00e4 k\u00e4ytt\u00e4j\u00e4t voivat odottaa langattomilta kuulokkeilta. Sen vaikuttava ominaisuusvalikoima ja vankka suorituskyky tekev\u00e4t siit\u00e4 arvokkaan sijoituksen kaikille, jotka suhtautuvat vakavasti \u00e4\u00e4nenlaatua. <\/p>\n<p>\u00c4l\u00e4 j\u00e4\u00e4 paitsi huippuluokan \u00e4\u00e4nest\u00e4 ja mukavuudesta. Valitse Oneodio A Series ja nosta kuuntelukokemuksesi uudelle tasolle t\u00e4n\u00e4\u00e4n! <\/p>\n","product_2_text_after":"<p>Toiseksi sijoittuva JLab JBuds LUX ANC tarjoaa huomattavan tasapainon suorituskyvyn ja kohtuuhintaisuuden v\u00e4lill\u00e4. \u00c4lyk\u00e4s aktiivinen melunvaimennus mukautuu ymp\u00e4rist\u00f6\u00f6si varmistaen optimaalisen kuuntelukokemuksen. \u00c4\u00e4nenlaatua parantavat entisest\u00e4\u00e4n 40 mm elementit, jotka tuottavat rikkaan ja mukaansatempaavan \u00e4\u00e4nen.  <\/p>\n<p>Yksi erottuvista ominaisuuksista on sen vaikuttava akunkesto, joka tarjoaa yli 70 tuntia toistoaikaa. Ergonominen muotoilu Cloud Foam -tyynyill\u00e4 takaa mukavuuden pitkien kuuntelutuokioiden aikana. Vaikka sill\u00e4 ei ole ykk\u00f6svalintamme premium-rakennetta, sen hinta-laatusuhde ja luotettava suorituskyky tekev\u00e4t siit\u00e4 erinomaisen valinnan budjettitietoisille ostajille.  <\/p>\n","text_after_product_box_2":"<p>Langattomien kuulokkeiden markkinoiden jatkuvasti kehittyess\u00e4 kuluttajat etsiv\u00e4t yh\u00e4 enemm\u00e4n tuotteita, jotka tarjoavat pelk\u00e4n loistavan \u00e4\u00e4nenlaadun lis\u00e4ksi my\u00f6s \u00e4lykk\u00e4it\u00e4 ominaisuuksia, kuten \u00e4\u00e4niavustajia ja monipisteyhteyden. Kuulokkeita ostaessasi harkitse erityistarpeita, kuten akunkestoa pitkille matkoille tai melunvaimennusta hiljaisempaan ty\u00f6ymp\u00e4rist\u00f6\u00f6n. <\/p>\n<p>Muista tarkistaa asiakasarvostelut ja asiantuntijoiden mielipiteet ennen ostop\u00e4\u00e4t\u00f6st\u00e4. T\u00e4m\u00e4 voi tarjota arvokkaita n\u00e4kemyksi\u00e4 kuulokkeiden tosiel\u00e4m\u00e4n suorituskyvyst\u00e4 ja auttaa sinua tekem\u00e4\u00e4n tietoon perustuvan p\u00e4\u00e4t\u00f6ksen. <\/p>\n","product_3_text_after":"<p>TOZO HT3 -kuulokkeet valtaavat kolmannen sijan vaikuttavan ominaisuusluettelonsa ansiosta ly\u00f6m\u00e4tt\u00f6m\u00e4\u00e4n hintaan. \u00c4lyk\u00e4s ymp\u00e4rist\u00f6\u00f6n mukautuva melunvaimennus ja kaksoisdynaamiset elementit tarjoavat poikkeuksellisen \u00e4\u00e4nenkirkkauksen ja basson. <\/p>\n<p>H\u00e4mm\u00e4stytt\u00e4v\u00e4n 90 tunnin akunkeston ansiosta ne ovat t\u00e4ydellisi\u00e4 pitkille matkoille tai pitk\u00e4aikaiseen k\u00e4ytt\u00f6\u00f6n. Kaksois-Bluetooth-yhteysominaisuus mahdollistaa saumattoman vaihtamisen laitteiden v\u00e4lill\u00e4 lis\u00e4ten niiden monipuolisuutta. Vaikka niilt\u00e4 saattaa puuttua kalliimpien mallien br\u00e4ndiarvostus, niiden suorituskyky ja kustannustehokkuus tekev\u00e4t niist\u00e4 houkuttelevan vaihtoehdon.  <\/p>\n","product_4_text_after":"<p>GarageRock E7 -kuulokkeet tunnetaan edistyneest\u00e4 ANC-teknologiastaan ja premium-\u00e4\u00e4nenlaadusta, mik\u00e4 tekee niist\u00e4 vankan valinnan niille, jotka arvostavat \u00e4\u00e4nen tarkkuutta. 45 mm suuriaukkoiset elementit varmistavat, ett\u00e4 jokainen nuotti toimitetaan kirkkaasti. <\/p>\n<p>N\u00e4m\u00e4 kuulokkeet on suunniteltu pitk\u00e4kestoiseen mukavuuteen proteiinikorvatyynyill\u00e4 ja kest\u00e4v\u00e4ll\u00e4 rakenteella. 30 tunnin toistoajan tarjoavat ne sopivat p\u00e4ivitt\u00e4iseen k\u00e4ytt\u00f6\u00f6n ja matkustamiseen. Vaikka ne sijoittuvat alemmaksi listauksessamme, niiden \u00e4\u00e4nentoisto ja mukavuustaso ovat kiitett\u00e4vi\u00e4 hintaansa n\u00e4hden.  <\/p>\n","product_5_text_after":"<p>Oneodio A6 ANC on ominaisuusrikas malli, joka tarjoaa 48 dB hybridisen aktiivisen melunvaimennuksen, mik\u00e4 tekee siit\u00e4 ihanteellisen musiikin yst\u00e4ville, jotka haluavat mukaansatempaavan kuuntelukokemuksen. Hi-Res Audio- ja LDAC-tuen ansiosta n\u00e4m\u00e4 kuulokkeet tuottavat studiolaatuista \u00e4\u00e4nt\u00e4 nostaen \u00e4\u00e4nituokiosi uudelle tasolle. <\/p>\n<p>Sen muotoiluun kuuluu sis\u00e4\u00e4nrakennettu mikrofoni ja sovelluksen ohjaus, jotka tarjoavat monipuolisuutta erilaisiin k\u00e4ytt\u00f6tarkoituksiin. Kilpailukykyisesti hinnoiteltu A6 ANC on vahva ehdokas niille, jotka etsiv\u00e4t huippuluokan ominaisuuksia ilman pankkia rikkomatta, vaikka silt\u00e4 puuttuukin k\u00e4ytt\u00e4j\u00e4arvosteluja t\u00e4ss\u00e4 vaiheessa. <\/p>\n","product_6_text_after":"<p>SOUNDPEATS-kuulokkeet erottuvat Hi-Res Audio -sertifioinnillaan, joka takaa poikkeuksellisen \u00e4\u00e4nenuskollisuuden. Kaksinkertainen aktiivinen melunvaimennus v\u00e4hent\u00e4\u00e4 merkitt\u00e4v\u00e4sti taustamelua parantaen kuuntelunautintoa. <\/p>\n<p>40 tunnin akunkeston ja Bluetooth 5.0:n ansiosta n\u00e4m\u00e4 kuulokkeet tarjoavat pitk\u00e4ik\u00e4isyytt\u00e4 ja luotettavan yhteyden. Vaikka ne eiv\u00e4t tarjoa huippumallien laajoja ominaisuuksia, ne ovat loistava vaihtoehto k\u00e4ytt\u00e4jille, jotka asettavat etusijalle \u00e4\u00e4nenlaadun ja melueristyksen. <\/p>\n","product_7_text_after":"<p>Xmenha Wireless Bluetooth AI Translation Earbuds tarjoavat ainutlaatuisen ehdotuksen reaaliaikaisella k\u00e4\u00e4nn\u00f6skyvyll\u00e4 150 kielelle. T\u00e4m\u00e4 tekee niist\u00e4 erityisen houkuttelevia usein matkustaville ja kansainv\u00e4lisille liike-el\u00e4m\u00e4n ammattilaisille. <\/p>\n<p>Vaikka niiden \u00e4\u00e4nentoisto ja rakennuslaatu eiv\u00e4t v\u00e4ltt\u00e4m\u00e4tt\u00e4 vastaa korkeammalle sijoittuneita malleja, kosketusn\u00e4ytt\u00f6kotelon ja ANC-melunvaimennuksen lis\u00e4toiminnallisuus tekee niist\u00e4 monipuolisen ty\u00f6kalun viestint\u00e4\u00e4n ja oppimiseen.<\/p>\n"},"yoast_head":"<!-- This site is optimized with the Yoast SEO plugin v27.4 - https:\/\/yoast.com\/product\/yoast-seo-wordpress\/ -->\n<title>Top 10 parhaat langattomat kuulokkeet - DJ Music Geek<\/title>\n<meta name=\"robots\" content=\"index, follow, max-snippet:-1, max-image-preview:large, max-video-preview:-1\" \/>\n<link rel=\"canonical\" href=\"https:\/\/djmusicgeek.com\/fi\/best-headphones-to-buy-today-en-gb\/\" \/>\n<meta property=\"og:locale\" content=\"fi_FI\" \/>\n<meta property=\"og:type\" content=\"article\" \/>\n<meta property=\"og:title\" content=\"Top 10 parhaat langattomat kuulokkeet - DJ Music Geek\" \/>\n<meta property=\"og:url\" content=\"https:\/\/djmusicgeek.com\/fi\/best-headphones-to-buy-today-en-gb\/\" \/>\n<meta property=\"og:site_name\" content=\"DJ Music Geek\" \/>\n<meta property=\"article:modified_time\" content=\"2026-03-01T13:46:31+00:00\" \/>\n<meta name=\"twitter:card\" content=\"summary_large_image\" \/>\n<script type=\"application\/ld+json\" class=\"yoast-schema-graph\">{\"@context\":\"https:\\\/\\\/schema.org\",\"@graph\":[{\"@type\":\"WebPage\",\"@id\":\"https:\\\/\\\/djmusicgeek.com\\\/fi\\\/best-headphones-to-buy-today-en-gb\\\/\",\"url\":\"https:\\\/\\\/djmusicgeek.com\\\/fi\\\/best-headphones-to-buy-today-en-gb\\\/\",\"name\":\"Top 10 parhaat langattomat kuulokkeet - DJ Music Geek\",\"isPartOf\":{\"@id\":\"https:\\\/\\\/djmusicgeek.com\\\/#website\"},\"datePublished\":\"2026-02-13T10:59:05+00:00\",\"dateModified\":\"2026-03-01T13:46:31+00:00\",\"breadcrumb\":{\"@id\":\"https:\\\/\\\/djmusicgeek.com\\\/fi\\\/best-headphones-to-buy-today-en-gb\\\/#breadcrumb\"},\"inLanguage\":\"fi\",\"potentialAction\":[{\"@type\":\"ReadAction\",\"target\":[\"https:\\\/\\\/djmusicgeek.com\\\/fi\\\/best-headphones-to-buy-today-en-gb\\\/\"]}]},{\"@type\":\"BreadcrumbList\",\"@id\":\"https:\\\/\\\/djmusicgeek.com\\\/fi\\\/best-headphones-to-buy-today-en-gb\\\/#breadcrumb\",\"itemListElement\":[{\"@type\":\"ListItem\",\"position\":1,\"name\":\"Etusivu\",\"item\":\"https:\\\/\\\/djmusicgeek.com\\\/\"},{\"@type\":\"ListItem\",\"position\":2,\"name\":\"Top 10 parhaat langattomat kuulokkeet\"}]},{\"@type\":\"WebSite\",\"@id\":\"https:\\\/\\\/djmusicgeek.com\\\/#website\",\"url\":\"https:\\\/\\\/djmusicgeek.com\\\/\",\"name\":\"DJ Music Geek\",\"description\":\"\",\"potentialAction\":[{\"@type\":\"SearchAction\",\"target\":{\"@type\":\"EntryPoint\",\"urlTemplate\":\"https:\\\/\\\/djmusicgeek.com\\\/?s={search_term_string}\"},\"query-input\":{\"@type\":\"PropertyValueSpecification\",\"valueRequired\":true,\"valueName\":\"search_term_string\"}}],\"inLanguage\":\"fi\"}]}<\/script>\n<!-- \/ Yoast SEO plugin. -->","yoast_head_json":{"title":"Top 10 parhaat langattomat kuulokkeet - DJ Music Geek","robots":{"index":"index","follow":"follow","max-snippet":"max-snippet:-1","max-image-preview":"max-image-preview:large","max-video-preview":"max-video-preview:-1"},"canonical":"https:\/\/djmusicgeek.com\/fi\/best-headphones-to-buy-today-en-gb\/","og_locale":"fi_FI","og_type":"article","og_title":"Top 10 parhaat langattomat kuulokkeet - DJ Music Geek","og_url":"https:\/\/djmusicgeek.com\/fi\/best-headphones-to-buy-today-en-gb\/","og_site_name":"DJ Music Geek","article_modified_time":"2026-03-01T13:46:31+00:00","twitter_card":"summary_large_image","schema":{"@context":"https:\/\/schema.org","@graph":[{"@type":"WebPage","@id":"https:\/\/djmusicgeek.com\/fi\/best-headphones-to-buy-today-en-gb\/","url":"https:\/\/djmusicgeek.com\/fi\/best-headphones-to-buy-today-en-gb\/","name":"Top 10 parhaat langattomat kuulokkeet - DJ Music Geek","isPartOf":{"@id":"https:\/\/djmusicgeek.com\/#website"},"datePublished":"2026-02-13T10:59:05+00:00","dateModified":"2026-03-01T13:46:31+00:00","breadcrumb":{"@id":"https:\/\/djmusicgeek.com\/fi\/best-headphones-to-buy-today-en-gb\/#breadcrumb"},"inLanguage":"fi","potentialAction":[{"@type":"ReadAction","target":["https:\/\/djmusicgeek.com\/fi\/best-headphones-to-buy-today-en-gb\/"]}]},{"@type":"BreadcrumbList","@id":"https:\/\/djmusicgeek.com\/fi\/best-headphones-to-buy-today-en-gb\/#breadcrumb","itemListElement":[{"@type":"ListItem","position":1,"name":"Etusivu","item":"https:\/\/djmusicgeek.com\/"},{"@type":"ListItem","position":2,"name":"Top 10 parhaat langattomat kuulokkeet"}]},{"@type":"WebSite","@id":"https:\/\/djmusicgeek.com\/#website","url":"https:\/\/djmusicgeek.com\/","name":"DJ Music Geek","description":"","potentialAction":[{"@type":"SearchAction","target":{"@type":"EntryPoint","urlTemplate":"https:\/\/djmusicgeek.com\/?s={search_term_string}"},"query-input":{"@type":"PropertyValueSpecification","valueRequired":true,"valueName":"search_term_string"}}],"inLanguage":"fi"}]}},"_links":{"self":[{"href":"https:\/\/djmusicgeek.com\/fi\/wp-json\/wp\/v2\/pages\/17393","targetHints":{"allow":["GET"]}}],"collection":[{"href":"https:\/\/djmusicgeek.com\/fi\/wp-json\/wp\/v2\/pages"}],"about":[{"href":"https:\/\/djmusicgeek.com\/fi\/wp-json\/wp\/v2\/types\/page"}],"author":[{"embeddable":true,"href":"https:\/\/djmusicgeek.com\/fi\/wp-json\/wp\/v2\/users\/2"}],"replies":[{"embeddable":true,"href":"https:\/\/djmusicgeek.com\/fi\/wp-json\/wp\/v2\/comments?post=17393"}],"version-history":[{"count":1,"href":"https:\/\/djmusicgeek.com\/fi\/wp-json\/wp\/v2\/pages\/17393\/revisions"}],"predecessor-version":[{"id":17631,"href":"https:\/\/djmusicgeek.com\/fi\/wp-json\/wp\/v2\/pages\/17393\/revisions\/17631"}],"wp:attachment":[{"href":"https:\/\/djmusicgeek.com\/fi\/wp-json\/wp\/v2\/media?parent=17393"}],"curies":[{"name":"wp","href":"https:\/\/api.w.org\/{rel}","templated":true}]}}