{"id":17375,"date":"2026-02-12T23:44:18","date_gmt":"2026-02-12T23:44:18","guid":{"rendered":"https:\/\/djmusicgeek.com\/best-headphones-to-buy-en-gb\/"},"modified":"2026-03-01T13:46:40","modified_gmt":"2026-03-01T13:46:40","slug":"best-headphones-to-buy-en-gb","status":"publish","type":"page","link":"https:\/\/djmusicgeek.com\/fi\/best-headphones-to-buy-en-gb\/","title":{"rendered":"Top 10 parhaat langattomat kuulokkeet"},"content":{"rendered":"","protected":false},"excerpt":{"rendered":"","protected":false},"author":2,"featured_media":0,"parent":0,"menu_order":0,"comment_status":"closed","ping_status":"closed","template":"sales-template.php","meta":{"_acf_changed":false,"footnotes":""},"class_list":["post-17375","page","type-page","status-publish","hentry"],"acf":{"product_url":"","product_image_1":"","product_image_2":"","product_image_3":"","product_image_4":"","product_image_5":"","product_image_6":"","product_image_7":"","product_image_8":"","product_2_supplier":"Amazon","product_2_asin":"B0CRMB9Z84","product_3_supplier":"Amazon","product_3_asin":"B0FPD1P24J","product_4_supplier":"Amazon","product_4_asin":"B0CZ6S1G4B","product_5_supplier":"Amazon","product_5_asin":"","product_6_supplier":"Amazon","product_6_asin":"","product_7_supplier":"Amazon","product_7_asin":"","product_8_supplier":"Amazon","product_8_asin":"","product_9_supplier":"Amazon","product_9_asin":"","product_10_supplier":"Amazon","product_10_asin":"","exclude_from_search":false,"product_2_url":"","product_2_image_1":"","product_2_image_2":"","product_2_image_3":"","product_3_url":"","product_3_image_1":"","product_3_image_2":"","product_3_image_3":"","language_code":"fi","product_name":"Oneodio A-sarja","product_type":"Langattomat kuulokkeet","product_type_singular":"Langaton kuuloke","features":"<p>Bluetooth 5.0 -yhteys<br \/>\nAktiivinen melunvaimennusteknologia<br \/>\nSis\u00e4\u00e4nrakennettu mikrofoni puheluita varten<br \/>\nType C -lataus k\u00e4ytt\u00f6mukavuuden vuoksi<br \/>\nTyylik\u00e4s kuljetuskotelo mukana<br \/>\nPidennetty 2 vuoden takuu<br \/>\nMukavat kuulokekorvakkeet pitk\u00e4aikaiseen k\u00e4ytt\u00f6\u00f6n<br \/>\nTer\u00e4v\u00e4piirtoinen \u00e4\u00e4nenlaatu<\/p>\n","rating":"9.8","intro_text":"<p>Etsitk\u00f6 parhaita langattomia kuulokkeita, joita markkinoilla on t\u00e4ll\u00e4 hetkell\u00e4 tarjolla? \u00c4l\u00e4 etsi pidemm\u00e4lle! Olemme testanneet ja arvioineet parhaat vaihtoehdot tuodaksemme sinulle listamme 10 parhaasta langattomasta kuulokkeesta, jotka kannattaa ostaa juuri nyt. Langattomat kuulokkeet ovat v\u00e4ltt\u00e4m\u00e4tt\u00f6mi\u00e4 niin musiikin yst\u00e4ville kuin ty\u00f6matkalaisiinkin, sill\u00e4 ne tarjoavat vapauden sotkuisista johdoista ja saumattoman \u00e4\u00e4nikokemuksen.   <\/p>\n<p>Kattavassa arvioissamme perehdymme kunkin tuotteen ominaisuuksiin, etuihin ja haittoihin, jotta voit tehd\u00e4 tietoisen p\u00e4\u00e4t\u00f6ksen. Olitpa sitten aktiivisen melunvaimennuksen, erinomaisen \u00e4\u00e4nenlaadun tai pitk\u00e4kestoisen mukavuuden per\u00e4ss\u00e4, oppaassamme k\u00e4sitell\u00e4\u00e4n kaikki. Sukeltakaamme langattomien kuulokkeiden maailmaan ja l\u00f6ydet\u00e4\u00e4n sinulle t\u00e4ydellinen pari!  <\/p>\n","text_before_product_box":"<p>Oikeiden kuulokkeiden valitseminen voi olla haastavaa, kun vaihtoehtoja on niin paljon tarjolla. Tavoitteenamme on yksinkertaistaa p\u00e4\u00e4t\u00f6ksentekoprosessiasi tarjoamalla yksityiskohtaisia n\u00e4kemyksi\u00e4 kunkin parin suorituskyvyst\u00e4 ja ominaisuuksista. Huippuluokan melunvaimennusteknologiasta erinomaiseen akunkestoon \u2013 valitsemamme tuotteet ovat huippuluokkaa.  <\/p>\n<p>Pysy kuulolla, kun paljastamme ykk\u00f6svaltimme, Oneodio A Seriesin, joka erottuu erinomaisella suorituskyvyll\u00e4\u00e4n ja poikkeuksellisella hinta-laatusuhteellaan. Lue eteenp\u00e4in ja selvit\u00e4, miksi t\u00e4m\u00e4 malli on paras valintamme ja miten muut kilpailijat p\u00e4rj\u00e4\u00e4v\u00e4t vertailussa. <\/p>\n","text_after_product_box":"<p>Menetelm\u00e4mme parhaiden langattomien kuulokkeiden valitsemiseksi sis\u00e4lsi tiukan testauksen \u00e4\u00e4nenlaadusta, melunvaimennuskyvyist\u00e4, akunkestosta ja yleisest\u00e4 mukavuudesta. Otimme huomioon my\u00f6s k\u00e4ytt\u00e4j\u00e4arvostelut ja asiantuntijoiden mielipiteet varmistaaksemme monipuolisen n\u00e4k\u00f6kulman. <\/p>\n<p>Hyvien langattomien kuulokkeiden tulisi sulautua saumattomasti el\u00e4m\u00e4ntapaasi tarjoten paitsi erinomaista \u00e4\u00e4nt\u00e4 my\u00f6s mukavuutta ja k\u00e4ytt\u00f6mukavuutta. K\u00e4ytitp\u00e4 niit\u00e4 ty\u00f6matkalla, treeniss\u00e4 tai ty\u00f6p\u00f6yd\u00e4ll\u00e4si, oikean parin tulisi parantaa kokemustasi, ei haitata sit\u00e4. <\/p>\n","why_the_best_text":"<p>Oneodio A Series on ykk\u00f6svaltimme useista syist\u00e4. Ensinn\u00e4kin sen edistynyt Bluetooth 5.0 -yhteys takaa vakaan ja sujuvan \u00e4\u00e4nikokemuksen, jolloin voit nauttia musiikistasi ilman keskeytyksi\u00e4. Aktiivinen melunvaimennusominaisuus on erityisen vaikuttava, mik\u00e4 tekee siit\u00e4 ihanteellisen usein matkustaville ja meluisissa ymp\u00e4rist\u00f6iss\u00e4 oleville.  <\/p>\n<p>Se, mik\u00e4 erottaa Oneodio A Seriesin kilpailijoistaan, on sen harkittu muotoilu ja pidennetty 2 vuoden takuu. T\u00e4m\u00e4 ei ainoastaan osoita br\u00e4ndin luottamusta tuotteeseensa, vaan tarjoaa my\u00f6s mielenrauhan k\u00e4ytt\u00e4jille. Mukavat kuulokekorvakkeet ja ter\u00e4v\u00e4piirtoinen \u00e4\u00e4nenlaatu parantavat entisest\u00e4\u00e4n sen vetovoimaa tehden siit\u00e4 monipuolisen valinnan erilaisiin kuuntelutarpeisiin.  <\/p>\n","reviews_text":"<p>Vaikka Oneodio A Series ei ole viel\u00e4 saanut k\u00e4ytt\u00e4j\u00e4arvosteluja, sen ominaisuudet ja tekniset tiedot kertovat paljon sen potentiaalista. Bluetooth 5.0:n, aktiivisen melunvaimennuksen ja sis\u00e4\u00e4nrakennetun mikrofonin ansiosta n\u00e4m\u00e4 kuulokkeet on suunniteltu vastaamaan nykyaikaisten k\u00e4ytt\u00e4jien tarpeita. Kuljetuskotelon ja pidennetyn 2 vuoden takuun sis\u00e4llytt\u00e4minen lis\u00e4\u00e4 entisest\u00e4\u00e4n niiden vetovoimaa.  <\/p>\n<p>Asiantuntijoiden mielipiteiden mukaan Oneodio A Series on vahva kilpailija langattomien kuulokkeiden markkinoilla tarjoten yhdistelm\u00e4n tyyli\u00e4, toiminnallisuutta ja luotettavuutta. Sen mukava muotoilu ja ter\u00e4v\u00e4piirtoinen \u00e4\u00e4ni tekev\u00e4t siit\u00e4 lupaavan valinnan niin audiofiileille kuin satunnaisille kuuntelijoillekin. <\/p>\n","top_pick_box_text":"<p>Oneodio A Series erottuu parhaana langattomana kuulokkeena ylivoimaisen melunvaimennuksen, korkealaatuisen \u00e4\u00e4nen ja k\u00e4ytt\u00e4j\u00e4yst\u00e4v\u00e4llisten ominaisuuksien ansiosta. T\u00e4ydellinen niin musiikin yst\u00e4ville kuin ammattilaisillekin. <\/p>\n","bottom_text":"<p>Yhteenvetona Oneodio A Series on lopullinen valinta kaikille, jotka etsiv\u00e4t korkealaatuisia langattomia kuulokkeita. Sen yhdistelm\u00e4 edistyneit\u00e4 ominaisuuksia, mukavuutta ja luotettavuutta tekee siit\u00e4 erottuvan vaihtoehdon markkinoilla. <\/p>\n<p>Oletko valmis p\u00e4ivitt\u00e4m\u00e4\u00e4n \u00e4\u00e4nikokemuksesi? Valitse Oneodio A Series ja nauti t\u00e4ydellisest\u00e4 yhdistelm\u00e4st\u00e4 tyyli\u00e4 ja suorituskyky\u00e4. \u00c4l\u00e4 odota \u2013 hanki parisi t\u00e4n\u00e4\u00e4n ja koe \u00e4\u00e4ni kuten ei koskaan ennen!  <\/p>\n","product_2_text_after":"<p>JLab JBuds LUX ANC -kuulokkeet sijoittuvat toiseksi tarjoten erinomaisen tasapainon suorituskyvyn ja hinta-laatusuhteen v\u00e4lill\u00e4. \u00c4lykk\u00e4\u00e4n aktiivisen melunvaimennuksen ansiosta ne mukautuvat ymp\u00e4rist\u00f6\u00f6si varmistaen, ett\u00e4 voit keskitty\u00e4 olennaiseen. K\u00e4ytt\u00e4j\u00e4t kehuvat niiden mukavaa muotoilua, pitk\u00e4\u00e4 akunkestoa ja kyky\u00e4 yhdist\u00e4\u00e4 useisiin laitteisiin samanaikaisesti.  <\/p>\n<p>Vaikka ne tarjoavat vaikuttavia ominaisuuksia hintaansa n\u00e4hden, jotkut k\u00e4ytt\u00e4j\u00e4t ovat huomauttaneet, ett\u00e4 \u00e4\u00e4nenlaatu ei aivan vastaa kalliimpia malleja. Siit\u00e4 huolimatta niille, jotka etsiv\u00e4t edullisia mutta ominaisuuksiltaan rikkaita kuulokkeita, JLab JBuds on erinomainen vaihtoehto. <\/p>\n","text_after_product_box_2":"<p>Teknologian kehittyess\u00e4 my\u00f6s langattomien kuulokkeiden ominaisuudet ja kyvyt kehittyv\u00e4t. Etsi malleja, joissa on uusimmat Bluetooth-versiot paremman yhteyden takaamiseksi, ja harkitse niit\u00e4, joissa on mukautettavat \u00e4\u00e4niprofilit mieltymystesi mukaan. <\/p>\n<p>Muista, ett\u00e4 laadukkaisiin kuulokkeisiin sijoittaminen ei ole vain \u00e4\u00e4nt\u00e4 \u2013 kyse on jokap\u00e4iv\u00e4isten kokemustesi parantamisesta. Harkitse erityistarpeita ja k\u00e4ytt\u00f6tapauksia l\u00f6yt\u00e4\u00e4ksesi parhaan vaihtoehdon. <\/p>\n","product_3_text_after":"<p>TOZO HT3 -kuulokkeet tulevat kolmanneksi vahvalla ominaisuuspaketilla, johon kuuluu AI-chat-melunvaimennus ja kaksois-Bluetooth-yhteys. Ne tarjoavat uskomattoman 90 tunnin akunkeston, mik\u00e4 tekee niist\u00e4 t\u00e4ydellisi\u00e4 pitkille matkoille tai pitk\u00e4aikaiseen k\u00e4ytt\u00f6\u00f6n ilman tihe\u00e4\u00e4 lataamista. <\/p>\n<p>Vaikka ne tarjoavat erinomaista vastinetta rahalle, jotkut k\u00e4ytt\u00e4j\u00e4t mainitsivat, ett\u00e4 \u00e4\u00e4nenlaatu, vaikka hyv\u00e4, ei ole yht\u00e4 rikas kuin premium-malleissa. Siit\u00e4 huolimatta niiden vaikuttava akunkesto ja vankka ominaisuuspaketti tekev\u00e4t niist\u00e4 loistavan budjettiyst\u00e4v\u00e4llisen valinnan niille, jotka tarvitsevat pitk\u00e4kestoista suorituskyky\u00e4. <\/p>\n","product_4_text_after":"<p>GarageRock E7 -kuulokkeet tarjoavat vankan suorituskyvyn aktiivisella melunvaimennuksella ja syv\u00e4ll\u00e4 basso\u00e4\u00e4nell\u00e4. Niiden mukavat proteiinikorvapehmusteet ja 30 tunnin akunkesto tekev\u00e4t niist\u00e4 sopivat koko p\u00e4iv\u00e4n k\u00e4ytt\u00f6\u00f6n. <\/p>\n<p>Erinomaisesta \u00e4\u00e4nenlaadustaan huolimatta jotkut k\u00e4ytt\u00e4j\u00e4t huomauttivat, ett\u00e4 rakennuslaatua voisi parantaa. Ne ovat luotettava valinta niille, jotka etsiv\u00e4t edullisia, mukavia kuulokkeita hyv\u00e4ll\u00e4 \u00e4\u00e4nenlaadulla. <\/p>\n","product_5_text_after":"<p>Oneodio A6 ANC -kuulokkeet ovat erinomainen keskihintaluokan vaihtoehto hybridisell\u00e4 aktiivisella melunvaimennuksella ja Hi-Res-\u00e4\u00e4nenlaadulla. Ne on suunniteltu mukaansatempaavaa musiikkia rakastaville, jotka vaativat korkealaatuista \u00e4\u00e4nt\u00e4 ja mukavuutta. <\/p>\n<p>Vaikka niilt\u00e4 puuttuu k\u00e4ytt\u00e4j\u00e4arvosteluja, niiden ominaisuuksiltaan rikas muotoilu ja kilpailukykyinen hinnoittelu tekev\u00e4t niist\u00e4 huomionarvoisen kilpailijan. T\u00e4ydellinen niille, jotka haluavat tasapainon hinnan ja suorituskyvyn v\u00e4lill\u00e4 \u2013 Oneodio A6 tarjoaa loistavan kuuntelukokemuksen. <\/p>\n","product_6_text_after":"<p>SOUNDPEATS-kuulokkeet tekev\u00e4t vaikutuksen korkearesoluutioisella sertifioidulla \u00e4\u00e4nell\u00e4 ja kaksinkertaisella aktiivisella melunvaimennusteknologialla. 40 tunnin akunkeston ansiosta ne palvelevat k\u00e4ytt\u00e4ji\u00e4, jotka arvostavat pitk\u00e4kestoista toistoaikaa ja ylivoimaista \u00e4\u00e4nenkirkkautta. <\/p>\n<p>K\u00e4ytt\u00e4j\u00e4palautteen puute saattaa kuitenkin olla harkittava seikka potentiaalisille ostajille. Ne pysyv\u00e4t mielenkiintoisena vaihtoehtona niille, jotka etsiv\u00e4t laadukasta \u00e4\u00e4nt\u00e4 ja melunvaimennusominaisuuksia kest\u00e4v\u00e4ss\u00e4 paketissa. <\/p>\n"},"yoast_head":"<!-- This site is optimized with the Yoast SEO plugin v27.4 - https:\/\/yoast.com\/product\/yoast-seo-wordpress\/ -->\n<title>Top 10 parhaat langattomat kuulokkeet - DJ Music Geek<\/title>\n<meta name=\"robots\" content=\"index, follow, max-snippet:-1, max-image-preview:large, max-video-preview:-1\" \/>\n<link rel=\"canonical\" href=\"https:\/\/djmusicgeek.com\/fi\/best-headphones-to-buy-en-gb\/\" \/>\n<meta property=\"og:locale\" content=\"fi_FI\" \/>\n<meta property=\"og:type\" content=\"article\" \/>\n<meta property=\"og:title\" content=\"Top 10 parhaat langattomat kuulokkeet - DJ Music Geek\" \/>\n<meta property=\"og:url\" content=\"https:\/\/djmusicgeek.com\/fi\/best-headphones-to-buy-en-gb\/\" \/>\n<meta property=\"og:site_name\" content=\"DJ Music Geek\" \/>\n<meta property=\"article:modified_time\" content=\"2026-03-01T13:46:40+00:00\" \/>\n<meta name=\"twitter:card\" content=\"summary_large_image\" \/>\n<script type=\"application\/ld+json\" class=\"yoast-schema-graph\">{\"@context\":\"https:\\\/\\\/schema.org\",\"@graph\":[{\"@type\":\"WebPage\",\"@id\":\"https:\\\/\\\/djmusicgeek.com\\\/fi\\\/best-headphones-to-buy-en-gb\\\/\",\"url\":\"https:\\\/\\\/djmusicgeek.com\\\/fi\\\/best-headphones-to-buy-en-gb\\\/\",\"name\":\"Top 10 parhaat langattomat kuulokkeet - DJ Music Geek\",\"isPartOf\":{\"@id\":\"https:\\\/\\\/djmusicgeek.com\\\/#website\"},\"datePublished\":\"2026-02-12T23:44:18+00:00\",\"dateModified\":\"2026-03-01T13:46:40+00:00\",\"breadcrumb\":{\"@id\":\"https:\\\/\\\/djmusicgeek.com\\\/fi\\\/best-headphones-to-buy-en-gb\\\/#breadcrumb\"},\"inLanguage\":\"fi\",\"potentialAction\":[{\"@type\":\"ReadAction\",\"target\":[\"https:\\\/\\\/djmusicgeek.com\\\/fi\\\/best-headphones-to-buy-en-gb\\\/\"]}]},{\"@type\":\"BreadcrumbList\",\"@id\":\"https:\\\/\\\/djmusicgeek.com\\\/fi\\\/best-headphones-to-buy-en-gb\\\/#breadcrumb\",\"itemListElement\":[{\"@type\":\"ListItem\",\"position\":1,\"name\":\"Etusivu\",\"item\":\"https:\\\/\\\/djmusicgeek.com\\\/\"},{\"@type\":\"ListItem\",\"position\":2,\"name\":\"Top 10 parhaat langattomat kuulokkeet\"}]},{\"@type\":\"WebSite\",\"@id\":\"https:\\\/\\\/djmusicgeek.com\\\/#website\",\"url\":\"https:\\\/\\\/djmusicgeek.com\\\/\",\"name\":\"DJ Music Geek\",\"description\":\"\",\"potentialAction\":[{\"@type\":\"SearchAction\",\"target\":{\"@type\":\"EntryPoint\",\"urlTemplate\":\"https:\\\/\\\/djmusicgeek.com\\\/?s={search_term_string}\"},\"query-input\":{\"@type\":\"PropertyValueSpecification\",\"valueRequired\":true,\"valueName\":\"search_term_string\"}}],\"inLanguage\":\"fi\"}]}<\/script>\n<!-- \/ Yoast SEO plugin. -->","yoast_head_json":{"title":"Top 10 parhaat langattomat kuulokkeet - DJ Music Geek","robots":{"index":"index","follow":"follow","max-snippet":"max-snippet:-1","max-image-preview":"max-image-preview:large","max-video-preview":"max-video-preview:-1"},"canonical":"https:\/\/djmusicgeek.com\/fi\/best-headphones-to-buy-en-gb\/","og_locale":"fi_FI","og_type":"article","og_title":"Top 10 parhaat langattomat kuulokkeet - DJ Music Geek","og_url":"https:\/\/djmusicgeek.com\/fi\/best-headphones-to-buy-en-gb\/","og_site_name":"DJ Music Geek","article_modified_time":"2026-03-01T13:46:40+00:00","twitter_card":"summary_large_image","schema":{"@context":"https:\/\/schema.org","@graph":[{"@type":"WebPage","@id":"https:\/\/djmusicgeek.com\/fi\/best-headphones-to-buy-en-gb\/","url":"https:\/\/djmusicgeek.com\/fi\/best-headphones-to-buy-en-gb\/","name":"Top 10 parhaat langattomat kuulokkeet - DJ Music Geek","isPartOf":{"@id":"https:\/\/djmusicgeek.com\/#website"},"datePublished":"2026-02-12T23:44:18+00:00","dateModified":"2026-03-01T13:46:40+00:00","breadcrumb":{"@id":"https:\/\/djmusicgeek.com\/fi\/best-headphones-to-buy-en-gb\/#breadcrumb"},"inLanguage":"fi","potentialAction":[{"@type":"ReadAction","target":["https:\/\/djmusicgeek.com\/fi\/best-headphones-to-buy-en-gb\/"]}]},{"@type":"BreadcrumbList","@id":"https:\/\/djmusicgeek.com\/fi\/best-headphones-to-buy-en-gb\/#breadcrumb","itemListElement":[{"@type":"ListItem","position":1,"name":"Etusivu","item":"https:\/\/djmusicgeek.com\/"},{"@type":"ListItem","position":2,"name":"Top 10 parhaat langattomat kuulokkeet"}]},{"@type":"WebSite","@id":"https:\/\/djmusicgeek.com\/#website","url":"https:\/\/djmusicgeek.com\/","name":"DJ Music Geek","description":"","potentialAction":[{"@type":"SearchAction","target":{"@type":"EntryPoint","urlTemplate":"https:\/\/djmusicgeek.com\/?s={search_term_string}"},"query-input":{"@type":"PropertyValueSpecification","valueRequired":true,"valueName":"search_term_string"}}],"inLanguage":"fi"}]}},"_links":{"self":[{"href":"https:\/\/djmusicgeek.com\/fi\/wp-json\/wp\/v2\/pages\/17375","targetHints":{"allow":["GET"]}}],"collection":[{"href":"https:\/\/djmusicgeek.com\/fi\/wp-json\/wp\/v2\/pages"}],"about":[{"href":"https:\/\/djmusicgeek.com\/fi\/wp-json\/wp\/v2\/types\/page"}],"author":[{"embeddable":true,"href":"https:\/\/djmusicgeek.com\/fi\/wp-json\/wp\/v2\/users\/2"}],"replies":[{"embeddable":true,"href":"https:\/\/djmusicgeek.com\/fi\/wp-json\/wp\/v2\/comments?post=17375"}],"version-history":[{"count":1,"href":"https:\/\/djmusicgeek.com\/fi\/wp-json\/wp\/v2\/pages\/17375\/revisions"}],"predecessor-version":[{"id":17644,"href":"https:\/\/djmusicgeek.com\/fi\/wp-json\/wp\/v2\/pages\/17375\/revisions\/17644"}],"wp:attachment":[{"href":"https:\/\/djmusicgeek.com\/fi\/wp-json\/wp\/v2\/media?parent=17375"}],"curies":[{"name":"wp","href":"https:\/\/api.w.org\/{rel}","templated":true}]}}