{"id":12781,"date":"2024-06-14T21:53:57","date_gmt":"2024-06-14T21:53:57","guid":{"rendered":"https:\/\/djmusicgeek.com\/paras-pelaaminen-top-10-parasta-pelikuuloketta-ostettavaksi-pelaamiseen\/"},"modified":"2026-03-01T13:47:55","modified_gmt":"2026-03-01T13:47:55","slug":"paras-pelaaminen-top-10-parasta-pelikuuloketta-ostettavaksi-pelaamiseen","status":"publish","type":"page","link":"https:\/\/djmusicgeek.com\/fi\/paras-pelaaminen-top-10-parasta-pelikuuloketta-ostettavaksi-pelaamiseen\/","title":{"rendered":"Top 10 parhaat pelikuulokkeet &#8211;"},"content":{"rendered":"","protected":false},"excerpt":{"rendered":"","protected":false},"author":2,"featured_media":0,"parent":0,"menu_order":0,"comment_status":"closed","ping_status":"closed","template":"sales-template.php","meta":{"_acf_changed":false,"footnotes":""},"class_list":["post-12781","page","type-page","status-publish","hentry"],"acf":{"product_3_supplier":"Amazon","product_4_supplier":"Amazon","product_5_supplier":"Amazon","product_6_supplier":"Amazon","product_7_supplier":"Amazon","product_8_supplier":"Amazon","product_9_supplier":"Amazon","product_10_supplier":"Amazon","product_3_url":"","exclude_from_search":true,"product_2_supplier":"Shopsta","product_price_shortcode":"\u20ac124.99","product_discount_price_shortcode":"\u20ac99.99","product_2_price":"\u20ac109.99","product_2_discount_price":"\u20ac87.99","product_3_image_1":"","product_3_image_2":"","product_3_image_3":"","product_3_asin":"B07B81D162","product_4_asin":"B07PRYFGXG","product_5_asin":"B08NTYB4M7","product_6_asin":"B07FZVXS8H","product_7_asin":"B09GW7NHL4","product_8_asin":"B07W5JKB8Z","product_2_asin":"","product_9_asin":"","product_10_asin":"","product_url":"products\/commander-g-series-wireless-edition","product_image_1":"https:\/\/www.shopsta.co.uk\/cdn\/shop\/files\/O1CN01ZcemJx1QlNZq4L8LS__2901482016-0-ampmedia_798x798.jpg?v=1764763575","product_image_2":"https:\/\/www.shopsta.co.uk\/cdn\/shop\/files\/O1CN01IR0kAX1QlNZrMlWQ4__2901482016-0-ampmedia_798x798.jpg?v=1764763575","product_image_3":"https:\/\/www.shopsta.co.uk\/cdn\/shop\/files\/O1CN01ofXqk01QlNZqNuSLV__2901482016-0-ampmedia_798x798.jpg?v=1764763575","product_image_4":"https:\/\/djmusicgeek.com\/wp-content\/uploads\/2025\/12\/commander-top-50.jpeg","product_image_5":"https:\/\/www.shopsta.co.uk\/cdn\/shop\/files\/O1CN01ZcemJx1QlNZq4L8LS__2901482016-0-ampmedia_798x798.jpg?v=1764763575","product_2_url":"products\/somic-g-series-wireless-gaming-headset","product_2_image_1":"https:\/\/djmusicgeek.com\/wp-content\/uploads\/2023\/02\/SOMIC-G760-Wireless-Gamer-Headset-Detachable-Mic-Bluetooth-2-4G-Wired-3in1-Headphone-for-PS5-PS4.jpg_Q90.jpg","product_2_image_2":"https:\/\/djmusicgeek.com\/wp-content\/uploads\/2023\/02\/8c6029491e9d78d6d7c55d6a97d52490_1600x1600_d063843b-7174-45e3-a17a-1f9f816a4166_1360x1360.webp","product_2_image_3":"https:\/\/djmusicgeek.com\/wp-content\/uploads\/2023\/02\/650d93954cd3914c2b7de270df928da5_1600x1600_256d8234-8373-4a0b-8fcc-eed1c89a1b70_1360x1360.webp","product_image_6":"","product_image_7":"","product_image_8":"","language_code":"fi","product_name":"Commander G-sarja","product_type":"Pelikuulokkeet","product_type_singular":"Pelikuulokkeet","product_full_name":"Commander G -sarja - 160 tunnin akku - 7.1 surround-\u00e4\u00e4ni langaton pelikuulokemikrofoni","bullet_points":"<ul>\n<li>PELI\u00c4 KUIN KOSKAAN ENNEN: Uskomattoman suuntautuneen \u00e4\u00e4nen ja h\u00e4mm\u00e4stytt\u00e4v\u00e4n mukavuuden ansiosta.<\/li>\n<li>SIS\u00c4\u00c4NRAKENNETTU 7.1 SURROUND-\u00c4\u00c4NI: Nauti erinomaisesta, tasapainoisesta 7.1 surround-\u00e4\u00e4nest\u00e4 Commander G -sarjan surround-\u00e4\u00e4ni pelikuulokemikrofonilla.<\/li>\n<li>PITK\u00c4 AKUNKESTO: Valtava 160+ tunnin akku ja 20 ms:n langaton viive tarjoavat tehokkaan &#8217;reaaliaikaisen&#8217; \u00e4\u00e4nen.<\/li>\n<li>AMMATTIMAISET 50MM KAIUTTIMET: Valtavat, 50 millimetrin kaiutinyksik\u00f6t yhdistettyn\u00e4 neodyymimagneetteihin tuottavat ammattimaisen studio\u00e4\u00e4nenlaadun, jossa on voimakas basso, selke\u00e4 laulu\u00e4\u00e4ni ja ter\u00e4v\u00e4t matalat, keski- ja korkeat \u00e4\u00e4net, jotka muodostavat t\u00e4ydellisen tasapainoisen \u00e4\u00e4nen.<\/li>\n<li>3 PELITILAA: Valitse itsellesi sopiva tila: pelitilan, elokuvatilan ja musiikkitilan avulla voit valita parhaan EQ:n, joka sopii pelityyliisi.<\/li>\n<li>CUSTOM AUDIO CHIP: Mukautettu GS:n virtuaalinen 7.1 surround-\u00e4\u00e4niyksikk\u00f6 tekee vihollisen askelten seuraamisesta Call of Dutyn kaltaisissa peleiss\u00e4 helpompaa kuin koskaan ennen. T\u00e4m\u00e4 mukautettu siru antaa tarkan \u00e4\u00e4nitarkkuuden kaikkiin suuntiin, mik\u00e4 antaa sinulle uusia etuja peliss\u00e4. <\/li>\n<li>YHTEENSOPIVA KAIKKIEN KONSOLIEN KANSSA: Toimii langattomasti PS5:n, PS4:n, PC:n ja Macin kanssa. K\u00e4yt\u00e4 3,5 mm:n kuulokeliit\u00e4nt\u00e4\u00e4 Xboxille ja muille laitteille. <\/li>\n<li>CRYSTAL CLEAR MIC: Rakennettu erityisesti pelaamista varten 160\u00b0 k\u00e4\u00e4ntyv\u00e4ll\u00e4 varrella, joka pysyy paikallaan, kun se on kerran asetettu. T\u00e4m\u00e4n melua vaimentavan mikrofonin ansiosta kuulet selv\u00e4sti my\u00f6s voimakkaassa taustamelussa. <\/li>\n<\/ul>\n","features":"<p>7.1 Virtuaalinen surround-\u00e4\u00e4ni<br \/>\nKorvatyynyt mukavaan pitk\u00e4aikaiseen k\u00e4ytt\u00f6\u00f6n<br \/>\nSelke\u00e4 mikrofoni keskustelua varten<br \/>\nJoustava s\u00e4\u00e4dett\u00e4v\u00e4 irrotettava mikrofoni<br \/>\nValtava 160+ tunnin akunkesto<br \/>\nSuuret 50 mm:n dynaamiset kaiuttimet<br \/>\nLangaton 2,4 GHz:n yhteys<br \/>\nToimii kuulokkeina musiikille<\/p>\n","rating":"9.8","intro_text":"<p>T\u00e4\u00e4ll\u00e4 DJ Music Geekiss\u00e4 meill\u00e4 on pakkomielle kaikkeen \u00e4\u00e4nentoistoon. Yhdist\u00e4m\u00e4ll\u00e4 intohimon \u00e4\u00e4neen ja rakkauden pelaamiseen olemme testanneet parhaat markkinoilla saatavilla olevat pelikuulokemikrofonit ostettavaksi 2026. Pelikuulokkeet ovat nyky\u00e4\u00e4n eritt\u00e4in t\u00e4rke\u00e4 osa pelaamista, ja laadukkaiden pelikuulokkeiden omistamisesta on valtavia etuja. Se on nyky\u00e4\u00e4n olennainen osa menestyst\u00e4 esimerkiksi Call of Duty-, Battlefield-, CS:GO-, PUBG- ja Rainbow Six -peleiss\u00e4, vain muutamia mainitakseni.   <\/p>\n<p>Kun sinulla on yksinkertaisesti paremmat kuulokkeet, sinulla on etuly\u00f6ntiasema kilpailijoihisi n\u00e4hden ja pystyt kuulemaan heid\u00e4t paremmin ja kauempaa. Sen lis\u00e4ksi, ett\u00e4 voit kommunikoida yst\u00e4viesi kanssa helposti ja viihty\u00e4 mukavasti, on muutamia muita t\u00e4rkeit\u00e4 tekij\u00f6it\u00e4, jotka on otettava huomioon. T\u00e4m\u00e4 opas antaa sinulle suosituksia suosituimmista, laadukkaimmista, mukavimmista ja parhaista kuulokkeista, joista voit valita.  <\/p>\n","text_after_product_box":"<p>Miksi Commander G -sarja on siis paras valinta kaikista testaamistamme kuulokemikrofoneista? Ensinn\u00e4kin t\u00e4m\u00e4n kuulokkeen surround-\u00e4\u00e4niominaisuudet olivat testiemme parhaat. Testasimme kuulokemikrofoneja uusimmalla Call of Dutylla selvitt\u00e4\u00e4ksemme, kuinka helposti pystyimme paikantamaan vihollisten sijainnit. Kuulet selv\u00e4sti suunta\u00e4\u00e4nen, joka auttaa sinua paikallistamaan viholliset ennen kuin n\u00e4et ne. \u00c4\u00e4nenlaatu on poikkeuksellinen, ja voitimme enemm\u00e4n pelej\u00e4.<\/p>\n<p>Uusi Commander G -sarja on huippuluokan premium-pelikuulokemikrofoni, jossa on 160 tuntia 2,4 GHz:n langatonta pelaamista yhdell\u00e4 latauksella. Se poistaa johdon, joka yhdist\u00e4\u00e4 sinut konsoliin tai tietokoneeseen, ja tarjoaa uuden sukupolven 2,4 GHz:n langatonta pelaamista. Kevyet ja eritt\u00e4in mukavat kuulokkeet sis\u00e4lt\u00e4v\u00e4t kaiken, mit\u00e4 voit ajatella suorituskykyisten kuulokkeiden suhteen. P\u00e4ivitetty 7.1-virtuaalisen surround-\u00e4\u00e4nentoiston yksikk\u00f6, jossa on p\u00e4ivitetyt ajurit, vie asiat todella uudelle tasolle. Parasta G-sarjassa on hinta. Ottaen huomioon, ett\u00e4 vastaavat kuulokemikrofonit maksavat reilusti yli 150 \u20ac, suosittelisimme t\u00e4t\u00e4 mallia muiden sijaan, sill\u00e4 v\u00e4lt\u00e4t johdot, saat uskomattoman 160+ tunnin akun ja my\u00f6s p\u00e4ivitetyn \u00e4\u00e4nen.     <\/p>\n<p>Arvioimme t\u00e4m\u00e4n parhaaksi langattomaksi kuulokemikrofoniksi ostettavaksi 2026.<\/p>\n<h2 class=\"\">Tuotteen yleiskatsaus:<\/h2>\n<p>Miksi Commander G -sarja on siis paras valinta kaikista testaamistamme kuulokemikrofoneista? T\u00e4ss\u00e4 on 5 syyt\u00e4, miksi G:t olivat mielest\u00e4mme parhaat: <\/p>\n<p><strong>1)<\/strong> Ensinn\u00e4kin t\u00e4m\u00e4n kuulokkeen surround-\u00e4\u00e4niominaisuudet olivat testiemme parhaat. Testasimme kuulokemikrofoneja uusimmalla Call of Dutylla selvitt\u00e4\u00e4ksemme, kuinka helposti pystyimme paikantamaan vihollisten sijainnit. Kuulet selv\u00e4sti suunta\u00e4\u00e4nen, joka auttaa sinua paikallistamaan viholliset ennen kuin n\u00e4et ne.  <\/p>\n<p><strong>2<\/strong> ) G-sarja on todella mukava. Useissa 6 tunnin testeiss\u00e4mme emme kokeneet lainkaan todellista ep\u00e4mukavuutta. Ne eiv\u00e4t purista p\u00e4\u00e4t\u00e4, vaan istuvat p\u00e4\u00e4h\u00e4n todella mukavasti ja mukavasti. G-korvikset ovat hyvin pehmustetut korvien kohdalla ja ne istuvat hyvin p\u00e4\u00e4n yl\u00e4osaan.   <\/p>\n<p><strong>3<\/strong> ) Toinen hieno ominaisuus, joka G-sarjaan on rakennettu, on kuljettajaton asennus. Voit vain liitt\u00e4\u00e4 laitteen langattomalla USB-donglella, ja voit nauttia t\u00e4ydest\u00e4 7.1-virtuaalisesta surround-\u00e4\u00e4nest\u00e4. Ei tarvitse asentaa monimutkaisia ajureita ja korjauksia. Kytke vain pistoke ja k\u00e4ynnist\u00e4.   <\/p>\n","why_the_best_text":"<p>Testeiss\u00e4mme huomasimme, ett\u00e4 korkeampi hinta ei aina tarkoittanut parempaa laatua. Jotkut tunnetuimmista merkeist\u00e4, kuten SteelSeries, Astro ja Logitech, tuottivat kyll\u00e4 todella hyvi\u00e4 kuulokemikrofoneja, mutta niiden hinta oli kaksi tai kolme kertaa Commander G -sarjan hinnan. Kun vertailimme asioita, kuten mukavuutta, tila\u00e4\u00e4nen selkeytt\u00e4 ja yleisi\u00e4 ominaisuuksia, huomasimme, ett\u00e4 Commander G -sarja oli kokonaisuudessaan paras ja sai korkeimman kokonaisarvosanan kuuden p\u00e4\u00e4tekij\u00e4mme perusteella: \u00e4\u00e4ni, mukavuus, akun kesto, luotettavuus, liitett\u00e4vyys ja hinta.  <\/p>\n","reviews_text":"<p>On t\u00e4rke\u00e4\u00e4 tarkastella, mit\u00e4 hienoilta pelikuulokkeilta vaaditaan. Olemme keksineet 6 v\u00e4ltt\u00e4m\u00e4t\u00f6nt\u00e4 kuulokemikrofonin tarviketta, jotka sinun on otettava huomioon: <\/p>\n<p>1) Loistava \u00e4\u00e4ni &#8211; emme voi menn\u00e4 ilman t\u00e4t\u00e4 olennaista komponenttia!<br \/>\n2) Mukavuus &#8211; voimmeko pelata tuntikausia ilman mink\u00e4\u00e4nlaista ep\u00e4mukavuutta<br \/>\n3) Akun kesto &#8211; kuinka kauan akku kest\u00e4\u00e4, jos se on langaton?<br \/>\n4) Luotettavuus &#8211; tarvitseeko minun olla huolissani rakenteen laadusta?<br \/>\n5) Liitett\u00e4vyys &#8211; kuinka helppoa se on kytke\u00e4?<br \/>\n6) Hinta &#8211; onko se edullinen vai maksanko liikaa?<\/p>\n<p>Olemme tarkastaneet ja tilanneet edell\u00e4 mainitut kuulokkeet n\u00e4iden tekij\u00f6iden perusteella. Kuulokkeita valittaessa on t\u00e4rke\u00e4\u00e4 kattaa kaikki osa-alueet, sill\u00e4 riitt\u00e4\u00e4, ett\u00e4 vain yksi osa-alue pett\u00e4\u00e4 ja pilaa kokemuksesi. Kaiken kaikkiaan paras valintamme on Commander G -sarja.<\/p>\n","top_pick_box_text":"<p>Kun kyseess\u00e4 on pelikuulokkeet, haluat kaikki ominaisuudet pakattuna upeaan muotoiluun. Commander G -sarja tarjoaa mielest\u00e4mme kaiken, mit\u00e4 voit haluta langattomalta pelikuulokemikrofonilta, uskomattomaan hintaan. <\/p>\n<p>G-sarja on laadukas, akun kesto on loistava, liitett\u00e4vyys on eritt\u00e4in luotettava ja se on yhteensopiva kaikkien konsolien kanssa, joten annamme sille arvosanan 9,8\/10.<\/p>\n<p>Kun olemme k\u00e4ytt\u00e4neet laitetta nyt noin 5 kuukautta p\u00e4ivitt\u00e4isess\u00e4 k\u00e4yt\u00f6ss\u00e4, emme n\u00e4e vaihtavansa toiseen laitteeseen l\u00e4hiaikoina.<\/p>\n<p>Saat ilmaisen toimituksen, kun ostat Shopstasta.<\/p>\n","bottom_text":"<p>Commander G -sarjassa on valtavat 50 mm:n dynaamiset kaiutinohjaimet, mik\u00e4 on enemm\u00e4n kuin tarpeeksi keskivertok\u00e4ytt\u00e4j\u00e4lle. T\u00e4ydell\u00e4 \u00e4\u00e4nenvoimakkuudella kuulokkeita voidaan pit\u00e4\u00e4 liian kovina.  T\u00e4m\u00e4 on kuitenkin hienoa, koska voit r\u00e4\u00e4t\u00e4l\u00f6id\u00e4 \u00e4\u00e4nil\u00e4ht\u00f6si asetusten mukaan. Muiden ominaisuuksien, kuten mukavien korvatyynyjens\u00e4, 160 tunnin akunkeston ja kolmen pelinsis\u00e4isen taajuuskorjaustilan ansiosta Commander G -sarja tarjoaa ehdottomasti parhaan mahdollisen pelikokemuksen. Jos aiot valita t\u00e4m\u00e4n laitteen, varmista, ett\u00e4 saat 20 % alennuksen v\u00e4hitt\u00e4ishinnasta, kun k\u00e4yt\u00e4t alennuskoodia kassalla. Kiitos, ett\u00e4 luit edell\u00e4 olevat arvostelumme, ja toivomme, ett\u00e4 olemme auttaneet sinua l\u00f6yt\u00e4m\u00e4\u00e4n oikeat kuulokkeet tarpeisiisi.   <\/p>\n","product_2_full_name":"SOMiC G -sarja - Langaton 7.1 pelikuulokemikrofoni irrotettavalla mikrofonilla","product_2_bullet_points":"<ul>\n<li>PARAS EDULLINEN PELIKUULOKEMIKROFONI: SOMiC G -sarja on myydyin kuulokemikrofoni, joka tunnetaan suorituskyvyst\u00e4\u00e4n ja muotoilustaan.<\/li>\n<li>SIS\u00c4\u00c4NRAKENNETTU 7.1 SURROUND-\u00c4\u00c4NI: Nauti erinomaisesta, tasapainoisesta 7.1 surround-\u00e4\u00e4nest\u00e4 SOMiC G surround-\u00e4\u00e4ni pelikuulokemikrofonilla.<\/li>\n<li>AMMATTIMAISET 50MM KAIUTTIMET: Valtavat, 50 millimetrin kaiutinyksik\u00f6t yhdistettyn\u00e4 neodyymimagneetteihin tuottavat ammattimaisen studio\u00e4\u00e4nenlaadun, jossa on voimakas basso, selke\u00e4 laulu\u00e4\u00e4ni ja ter\u00e4v\u00e4t matalat, keski- ja korkeat \u00e4\u00e4net, jotka muodostavat t\u00e4ydellisen tasapainoisen \u00e4\u00e4nen.<\/li>\n<li>3 PELITILAA: Valitse itsellesi sopiva tila: pelitilan, elokuvatilan ja musiikkitilan avulla voit valita parhaan EQ:n, joka sopii pelityyliisi.<\/li>\n<li>OMA AUDIOSIIPI: Mukautettu G-sarjan virtuaalinen 7.1 surround-\u00e4\u00e4niyksikk\u00f6 tekee vihollisen askelten seuraamisesta Call of Dutyn kaltaisissa peleiss\u00e4 helpompaa kuin koskaan ennen. T\u00e4m\u00e4 mukautettu siru tarjoaa tarkan \u00e4\u00e4nen kaikista suunnista ja antaa sinulle uusia etuja peliss\u00e4.<\/li>\n<li>YHTEENSOPIVA KAIKKIEN KONSOLIEN KANSSA: Toimii PS5:n, PS4:n, PC:n ja Macin kanssa USB:n kautta. K\u00e4yt\u00e4 3,5 mm:n kuulokeliit\u00e4nt\u00e4\u00e4 Xboxiin ja muihin laitteisiin.<\/li>\n<li>CRYSTAL CLEAR MIC: Rakennettu erityisesti pelaamista varten 160\u00b0 k\u00e4\u00e4ntyv\u00e4ll\u00e4 varrella, joka pysyy paikallaan, kun se on kerran asetettu. T\u00e4m\u00e4n melua vaimentavan mikrofonin ansiosta kuulet selv\u00e4sti my\u00f6s voimakkaassa taustamelussa. <\/li>\n<\/ul>\n","text_after_product_box_2":"<p><strong>4)<\/strong> Mikrofoni on kristallinkirkas, siin\u00e4 on jopa kaksinkertainen melua vaimentava mikrofoni, joka istuu korvakupin ulkopuolella kuuntelemaan taustamelua ja poistamaan sen pelin sis\u00e4isest\u00e4 \u00e4\u00e4nikeskustelusta.<\/p>\n<p><strong>5<\/strong> ) Akun kesto on t\u00e4rke\u00e4 seikka langattomien kuulokkeiden kohdalla, joten kannattaa hankkia sellainen, jossa on kunnon kapasiteetti. Commander G -sarja erottuu yhten\u00e4 parhaista kuulokemikrofoneista akunkeston suhteen. Valtavat 160+ t\u00e4ytt\u00e4 tuntia ilman latausta.  Olen testannut t\u00e4t\u00e4 itse ja uskon, ett\u00e4 se on kest\u00e4nyt kauemmin kuin t\u00e4m\u00e4 virallinen luku. Silti 160 tuntia on eritt\u00e4in pitk\u00e4 aika ilman lataustarvetta, ja toinen hieno ominaisuus on, ett\u00e4 voit ladata ja pelata samanaikaisesti, mik\u00e4 on mukavaa.<\/p>\n","product_2_full_name_new":"SOMiC G -sarja - Langaton 7.1 pelikuulokemikrofoni irrotettavalla mikrofonilla"},"yoast_head":"<!-- This site is optimized with the Yoast SEO plugin v27.3 - https:\/\/yoast.com\/product\/yoast-seo-wordpress\/ -->\n<title>Top 10 parhaat pelikuulokkeet - DJ Music Geek<\/title>\n<meta name=\"robots\" content=\"index, follow, max-snippet:-1, max-image-preview:large, max-video-preview:-1\" \/>\n<link rel=\"canonical\" href=\"https:\/\/djmusicgeek.com\/fi\/paras-pelaaminen-top-10-parasta-pelikuuloketta-ostettavaksi-pelaamiseen\/\" \/>\n<meta property=\"og:locale\" content=\"fi_FI\" \/>\n<meta property=\"og:type\" content=\"article\" \/>\n<meta property=\"og:title\" content=\"Top 10 parhaat pelikuulokkeet - DJ Music Geek\" \/>\n<meta property=\"og:url\" content=\"https:\/\/djmusicgeek.com\/fi\/paras-pelaaminen-top-10-parasta-pelikuuloketta-ostettavaksi-pelaamiseen\/\" \/>\n<meta property=\"og:site_name\" content=\"DJ Music Geek\" \/>\n<meta property=\"article:modified_time\" content=\"2026-03-01T13:47:55+00:00\" \/>\n<meta name=\"twitter:card\" content=\"summary_large_image\" \/>\n<script type=\"application\/ld+json\" class=\"yoast-schema-graph\">{\"@context\":\"https:\\\/\\\/schema.org\",\"@graph\":[{\"@type\":\"WebPage\",\"@id\":\"https:\\\/\\\/djmusicgeek.com\\\/fi\\\/paras-pelaaminen-top-10-parasta-pelikuuloketta-ostettavaksi-pelaamiseen\\\/\",\"url\":\"https:\\\/\\\/djmusicgeek.com\\\/fi\\\/paras-pelaaminen-top-10-parasta-pelikuuloketta-ostettavaksi-pelaamiseen\\\/\",\"name\":\"Top 10 parhaat pelikuulokkeet - DJ Music Geek\",\"isPartOf\":{\"@id\":\"https:\\\/\\\/djmusicgeek.com\\\/#website\"},\"datePublished\":\"2024-06-14T21:53:57+00:00\",\"dateModified\":\"2026-03-01T13:47:55+00:00\",\"breadcrumb\":{\"@id\":\"https:\\\/\\\/djmusicgeek.com\\\/fi\\\/paras-pelaaminen-top-10-parasta-pelikuuloketta-ostettavaksi-pelaamiseen\\\/#breadcrumb\"},\"inLanguage\":\"fi\",\"potentialAction\":[{\"@type\":\"ReadAction\",\"target\":[\"https:\\\/\\\/djmusicgeek.com\\\/fi\\\/paras-pelaaminen-top-10-parasta-pelikuuloketta-ostettavaksi-pelaamiseen\\\/\"]}]},{\"@type\":\"BreadcrumbList\",\"@id\":\"https:\\\/\\\/djmusicgeek.com\\\/fi\\\/paras-pelaaminen-top-10-parasta-pelikuuloketta-ostettavaksi-pelaamiseen\\\/#breadcrumb\",\"itemListElement\":[{\"@type\":\"ListItem\",\"position\":1,\"name\":\"Etusivu\",\"item\":\"https:\\\/\\\/djmusicgeek.com\\\/\"},{\"@type\":\"ListItem\",\"position\":2,\"name\":\"Top 10 parhaat pelikuulokkeet &#8211;\"}]},{\"@type\":\"WebSite\",\"@id\":\"https:\\\/\\\/djmusicgeek.com\\\/#website\",\"url\":\"https:\\\/\\\/djmusicgeek.com\\\/\",\"name\":\"DJ Music Geek\",\"description\":\"\",\"potentialAction\":[{\"@type\":\"SearchAction\",\"target\":{\"@type\":\"EntryPoint\",\"urlTemplate\":\"https:\\\/\\\/djmusicgeek.com\\\/?s={search_term_string}\"},\"query-input\":{\"@type\":\"PropertyValueSpecification\",\"valueRequired\":true,\"valueName\":\"search_term_string\"}}],\"inLanguage\":\"fi\"}]}<\/script>\n<!-- \/ Yoast SEO plugin. -->","yoast_head_json":{"title":"Top 10 parhaat pelikuulokkeet - DJ Music Geek","robots":{"index":"index","follow":"follow","max-snippet":"max-snippet:-1","max-image-preview":"max-image-preview:large","max-video-preview":"max-video-preview:-1"},"canonical":"https:\/\/djmusicgeek.com\/fi\/paras-pelaaminen-top-10-parasta-pelikuuloketta-ostettavaksi-pelaamiseen\/","og_locale":"fi_FI","og_type":"article","og_title":"Top 10 parhaat pelikuulokkeet - DJ Music Geek","og_url":"https:\/\/djmusicgeek.com\/fi\/paras-pelaaminen-top-10-parasta-pelikuuloketta-ostettavaksi-pelaamiseen\/","og_site_name":"DJ Music Geek","article_modified_time":"2026-03-01T13:47:55+00:00","twitter_card":"summary_large_image","schema":{"@context":"https:\/\/schema.org","@graph":[{"@type":"WebPage","@id":"https:\/\/djmusicgeek.com\/fi\/paras-pelaaminen-top-10-parasta-pelikuuloketta-ostettavaksi-pelaamiseen\/","url":"https:\/\/djmusicgeek.com\/fi\/paras-pelaaminen-top-10-parasta-pelikuuloketta-ostettavaksi-pelaamiseen\/","name":"Top 10 parhaat pelikuulokkeet - DJ Music Geek","isPartOf":{"@id":"https:\/\/djmusicgeek.com\/#website"},"datePublished":"2024-06-14T21:53:57+00:00","dateModified":"2026-03-01T13:47:55+00:00","breadcrumb":{"@id":"https:\/\/djmusicgeek.com\/fi\/paras-pelaaminen-top-10-parasta-pelikuuloketta-ostettavaksi-pelaamiseen\/#breadcrumb"},"inLanguage":"fi","potentialAction":[{"@type":"ReadAction","target":["https:\/\/djmusicgeek.com\/fi\/paras-pelaaminen-top-10-parasta-pelikuuloketta-ostettavaksi-pelaamiseen\/"]}]},{"@type":"BreadcrumbList","@id":"https:\/\/djmusicgeek.com\/fi\/paras-pelaaminen-top-10-parasta-pelikuuloketta-ostettavaksi-pelaamiseen\/#breadcrumb","itemListElement":[{"@type":"ListItem","position":1,"name":"Etusivu","item":"https:\/\/djmusicgeek.com\/"},{"@type":"ListItem","position":2,"name":"Top 10 parhaat pelikuulokkeet &#8211;"}]},{"@type":"WebSite","@id":"https:\/\/djmusicgeek.com\/#website","url":"https:\/\/djmusicgeek.com\/","name":"DJ Music Geek","description":"","potentialAction":[{"@type":"SearchAction","target":{"@type":"EntryPoint","urlTemplate":"https:\/\/djmusicgeek.com\/?s={search_term_string}"},"query-input":{"@type":"PropertyValueSpecification","valueRequired":true,"valueName":"search_term_string"}}],"inLanguage":"fi"}]}},"_links":{"self":[{"href":"https:\/\/djmusicgeek.com\/fi\/wp-json\/wp\/v2\/pages\/12781","targetHints":{"allow":["GET"]}}],"collection":[{"href":"https:\/\/djmusicgeek.com\/fi\/wp-json\/wp\/v2\/pages"}],"about":[{"href":"https:\/\/djmusicgeek.com\/fi\/wp-json\/wp\/v2\/types\/page"}],"author":[{"embeddable":true,"href":"https:\/\/djmusicgeek.com\/fi\/wp-json\/wp\/v2\/users\/2"}],"replies":[{"embeddable":true,"href":"https:\/\/djmusicgeek.com\/fi\/wp-json\/wp\/v2\/comments?post=12781"}],"version-history":[{"count":2,"href":"https:\/\/djmusicgeek.com\/fi\/wp-json\/wp\/v2\/pages\/12781\/revisions"}],"predecessor-version":[{"id":16696,"href":"https:\/\/djmusicgeek.com\/fi\/wp-json\/wp\/v2\/pages\/12781\/revisions\/16696"}],"wp:attachment":[{"href":"https:\/\/djmusicgeek.com\/fi\/wp-json\/wp\/v2\/media?parent=12781"}],"curies":[{"name":"wp","href":"https:\/\/api.w.org\/{rel}","templated":true}]}}