{"id":12589,"date":"2023-08-15T16:46:18","date_gmt":"2023-08-15T16:46:18","guid":{"rendered":"https:\/\/djmusicgeek.com\/top-10-paras-drones-ostaa-yhdistyneessa-kuningaskunnassa-varten\/"},"modified":"2026-02-25T17:34:33","modified_gmt":"2026-02-25T17:34:33","slug":"top-10-paras-drones-ostaa-yhdistyneessa-kuningaskunnassa-varten","status":"publish","type":"page","link":"https:\/\/djmusicgeek.com\/fi\/top-10-paras-drones-ostaa-yhdistyneessa-kuningaskunnassa-varten\/","title":{"rendered":"Top 10 Paras Drones ostaa Yhdistyneess\u00e4 kuningaskunnassa varten"},"content":{"rendered":"","protected":false},"excerpt":{"rendered":"","protected":false},"author":2,"featured_media":0,"parent":0,"menu_order":0,"comment_status":"closed","ping_status":"closed","template":"sales-template.php","meta":{"_acf_changed":false,"footnotes":""},"class_list":["post-12589","page","type-page","status-publish","hentry"],"acf":{"product_2_supplier":"Shopsta","product_3_supplier":"Amazon","product_4_supplier":"Amazon","product_5_supplier":"Shopsta","product_6_supplier":"Amazon","product_7_supplier":"Amazon","product_8_supplier":"Amazon","product_9_supplier":"Amazon","product_10_supplier":"Amazon","exclude_from_search":true,"product_2_url":"\/products\/4drc-v4-wifi-fpv-drone-with-dual-4k-camera","product_3_url":"\/products\/e88-pro-drone-4k-dual-camera-aerial-photography-toy-helicopter\/","product_3_price":"\u00a369.99","product_price_shortcode":"\u00a3199.99","product_discount_price_shortcode":"\u00a3159.99","product_image_1":"https:\/\/cdn.shopify.com\/s\/files\/1\/0503\/4170\/7969\/products\/720ae794-ace9-4b5b-95c7-e496cc4521b8.jpg?v=1662413123","product_image_2":"https:\/\/djmusicgeek.com\/wp-content\/uploads\/2022\/09\/34a4b5c8-0cb9-484c-bb2f-c0f0fd4990ff.jpg.webp","product_image_3":"https:\/\/djmusicgeek.com\/wp-content\/uploads\/2022\/09\/4drc-f11.jpg","product_image_4":"https:\/\/djmusicgeek.com\/wp-content\/uploads\/2022\/09\/34a4b5c8-0cb9-484c-bb2f-c0f0fd4990ff.jpg.webp","product_image_5":"https:\/\/djmusicgeek.com\/wp-content\/uploads\/2022\/09\/4drc-f11.jpg","product_image_6":"https:\/\/imgaz.staticbg.com\/images\/oaupload\/banggood\/images\/CF\/3A\/771c533e-3f63-400e-b381-a126f6fbbeb0.jpg.webp","product_image_7":"https:\/\/imgaz.staticbg.com\/images\/oaupload\/banggood\/images\/6D\/8F\/f204aa95-4e5f-48db-a676-5df6614c1b85.jpg.webp","product_image_8":"https:\/\/imgaz.staticbg.com\/images\/oaupload\/banggood\/images\/03\/17\/434c53c6-77c2-4462-9876-5e3e474699a4.jpg.webp","product_3_asin":"B09WDBDGBZ","product_4_asin":"B0BKLCFY3J","product_6_asin":"B0CFF1SJ3P","product_7_asin":"B09NDYV9P1","product_8_asin":"B0CXJBF6NQ","product_9_asin":"B0BWF4Y1TK","product_10_asin":"B0B21J2R92","product_2_image_1":"https:\/\/cdn.shopify.com\/s\/files\/1\/0503\/4170\/7969\/products\/4DRC-V4-WIFI-FPV-Drone-WiFi-live-video-FPV-4K-1080P-HD-Wide-Angle-Camera-Foldable_jpg_Q90_jpg_1483x1456_65162d87-3064-4360-bf51-a194c66e40ba.jpg?v=1672377201","product_2_image_2":"https:\/\/cdn.shopify.com\/s\/files\/1\/0503\/4170\/7969\/products\/4DRC-V4-WIFI-FPV-Drone-WiFi-live-video-FPV-4K-1080P-HD-Wide-Angle-Camera-Foldable.jpg_Q90.jpg__1.webp?v=1672377201","product_2_image_3":"https:\/\/cdn.shopify.com\/s\/files\/1\/0503\/4170\/7969\/products\/4DRC-V4-WIFI-FPV-Drone-WiFi-live-video-FPV-4K-1080P-HD-Wide-Angle-Camera-Foldable.jpg_Q90.jpg__2.webp?v=1672377201","product_2_price":"\u00a3124.99","product_2_discount_price":"\u00a399.99","product_3_image_1":"https:\/\/www.shopsta.co.uk\/cdn\/shop\/files\/H9bd2e6933337414ca9080e6826e29fcaN_1000x1000.webp?v=1698783237","product_3_image_2":"https:\/\/www.shopsta.co.uk\/cdn\/shop\/files\/H747c6c365b134b6f89603c20492cc030S_800x800.webp?v=1698783238","product_3_image_3":"https:\/\/www.shopsta.co.uk\/cdn\/shop\/files\/Hd969eeab219042ac8f821e85075a3b26w_1000x1000.webp?v=1698783238","product_3_discount_price":"\u00a355.99","product_url":"products\/4drc-f11-pro-gps-5g-wifi-fpv-with-4k-esc-hd-dual-camera-3km-flight-range-brushless-rc-drone-quadcopter-rtf","product_2_asin":"","product_5_asin":"","language_code":"uk","product_name":"4DRC F11 PRO","product_type":"Drones","product_type_singular":"Drone useimmille k\u00e4ytt\u00e4jille","product_full_name":"4DRC F11 PRO 4K-kaksoiskamera-droni","bullet_points":"<ul>\n<li>KORKEAKAPASITEETTINEN AKKU: Lennokissa on suurikapasiteettinen 7,4 V 3000 mAh Lipo-akku, joka tarjoaa huomattavan, noin 30 minuutin lentoaikaa.<\/li>\n<li>PITK\u00c4 OHJAUS ET\u00c4ISYYS: Tehty pitk\u00e4n kantaman k\u00e4ytt\u00f6\u00f6n, voidaan ohjata jopa 3000 metrin et\u00e4isyydelle.<\/li>\n<li>AMMATTILAISTASON KAMERAT: Varustettu korkealaatuisella Real 4K ESC HD -kameralla sek\u00e4 toissijaisella 1080P-alakameralla, jolla voit kuvata laadukkaita videoita ja kuvia ilmakulmista.<\/li>\n<li>EDISTYKSELLINEN OHJAUSJ\u00c4RJESTELM\u00c4: Sis\u00e4lt\u00e4\u00e4 kehittyneen GPS-palautusj\u00e4rjestelm\u00e4n ja GPS-\u00e4lykk\u00e4\u00e4n seurantaj\u00e4rjestelm\u00e4n, joka mahdollistaa helpon, k\u00e4det vapaan ohjauksen.<\/li>\n<li>MONIPUOLISET LENTOMODIT: Monipuolisia lentokokemuksia tarjoavia ominaisuuksia, mukaan lukien elekuvantunnistus, monipisteinen lentosuunnittelu, kiinte\u00e4n pisteen ymp\u00e4rist\u00f6 ja lentokoneen hakutoiminto.<\/li>\n<li>JAKAMINEN: Kuvien ja videoiden jakaminen sosiaalista \u00e4\u00e4nentoistoa varten, jotta voit jakaa seikkailumatkasi v\u00e4litt\u00f6m\u00e4sti.<\/li>\n<\/ul>\n","features":"<p>OPTIMAALINEN LENTOAIKA: T\u00e4m\u00e4 lennokki tarjoaa noin 30 minuuttia lentoaikaa yhdell\u00e4 latauksella, mik\u00e4 mahdollistaa laajamittaisen k\u00e4yt\u00f6n ja lentomateriaalin tallentamisen ennen kuin se tarvitsee latauksen.<br \/>\nSis\u00e4\u00e4nrakennettu kamera: 4DRC F11 Pro on varustettu kaksoiskameralla korkealaatuisten 4K-kuvien ja -videoiden ottamiseen, joten t\u00e4m\u00e4 lennokki on t\u00e4ydellinen v\u00e4line henke\u00e4salpaavaan ilmakuvaukseen ja videokuvaukseen.<br \/>\nLAAJENNETTU OHJAUSALUE: 2,4G-taajuuskapasiteetin ansiosta sit\u00e4 voidaan ohjata et\u00e4n\u00e4 jopa 3000 metrin et\u00e4isyydelt\u00e4.<br \/>\nVAKAAT LENTOVAIHTOEHDOT: Se mahdollistaa tarkan ohjailun ja luotettavan vakauden erilaisissa olosuhteissa: kuuden akselin hyrr\u00e4vakaaja takaa tasaisen ja pehme\u00e4n lennon, joka mahdollistaa tarkan ohjailun ja luotettavan vakauden erilaisissa olosuhteissa.<br \/>\nGPS P\u00c4\u00c4LL\u00c4: Sis\u00e4\u00e4nrakennettu GPS-ominaisuus tarjoaa parannettuja lentoturvallisuushy\u00f6tyj\u00e4, kuten paluu kotiin -toiminnot, kun lennokin virta on v\u00e4hiss\u00e4 tai signaali katkeaa.<br \/>\nAUTONOMINEN LENTOTILA: Hy\u00f6dynn\u00e4 monipisteist\u00e4 lentosuunnittelureittitilaa asettaaksesi tietyn reitin, jota lennokki seuraa itsen\u00e4isesti, jolloin voit keskitty\u00e4 kameran toimintaan.<br \/>\nT\u00c4YDELLISESTI FATUROITU APP: Dronen mukana tulee k\u00e4ytt\u00e4j\u00e4yst\u00e4v\u00e4llinen sovellus, joka mahdollistaa GPS-\u00e4lykk\u00e4\u00e4n seurannan, elekuvantunnistuksen, kiintopisteen ymp\u00e4rysk\u00e4yt\u00f6n ja lentokoneen hakutoiminnon.<br \/>\nHEADLESS-TILA: K\u00e4yt\u00e4nn\u00f6llinen headless-tila takaa k\u00e4ytt\u00e4jille helpomman k\u00e4yt\u00f6n ja hallinnan riippumatta lennokin suunnasta ilmassa.<\/p>\n","rating":"9.8","intro_text":"<p>Me DJ Music Geekill\u00e4 emme ole vain biittej\u00e4, vaan meill\u00e4 on my\u00f6s siivet &#8211; nimitt\u00e4in drone-siivet. Tunnustettuina drone-harrastajina ymm\u00e4rr\u00e4mme, kuinka pelottavaa voi olla suunnistaa laajoilla drone-markkinoilla. Vaihtoehtoja on valtava m\u00e4\u00e4r\u00e4, ja oikean vaihtoehdon l\u00f6yt\u00e4minen voi usein tuntua kuin etsisi neulaa hein\u00e4suovasta. S\u00e4\u00e4st\u00e4\u00e4ksesi aikaa ja energiaa olemme seuloneet l\u00e4pi merellisen m\u00e4\u00e4r\u00e4n tietoja ja kuvauksia, jotta voit l\u00f6yt\u00e4\u00e4 t\u00e4ydellisen lennokin, joka parantaa peli\u00e4si.   <\/p>\n","text_before_product_box":"<p>Testauksessamme 4DRC F11 PRO 4K Dual Camera Drone osoittautui erinomaiseksi valinnaksi vaikuttavien ominaisuuksiensa ja erinomaisen hinta-laatusuhteensa ansiosta. T\u00e4m\u00e4 nelikopteri tarjoaa todellisen 4K ESC HD + 1080P-kameran, GPS yhden n\u00e4pp\u00e4imen paluun ja noin 30 minuutin lentoaika &#8211; enemm\u00e4n kuin tarpeeksi useimmille k\u00e4ytt\u00e4jille. Laadukkaiden ominaisuuksiensa lis\u00e4ksi t\u00e4m\u00e4 lennokki on kohtuuhintainen, joten se on kustannustehokas valinta niille, jotka etsiv\u00e4t huippuluokan suorituskyky\u00e4 rikkomatta pankkia.  <\/p>\n","text_after_product_box":"<p>4DRC F11 PRO 4K Dual Camera Drone nousee korkealle huippuluokiteltujen lennokkien listalla ja on erinomainen valinta harrastajille. T\u00e4m\u00e4 lennokki tarjoaa erinomaista vastinetta rahalle, sill\u00e4 se tarjoaa huippuluokan ominaisuuksia eritt\u00e4in kohtuulliseen hintaan. Sen tuotemerkin maine ja edistykselliset tekniset tiedot ovat valttikortti niille, jotka etsiv\u00e4t laatua ja kest\u00e4vyytt\u00e4.  <\/p>\n<p>T\u00e4m\u00e4 lennokki on t\u00e4ynn\u00e4 ominaisuuksia, jotka tekev\u00e4t vaikutuksen keneen tahansa. Sen aito 4K ESC HD + 1080P alakamera takaa, ett\u00e4 voit tallentaa ter\u00e4v\u00e4piirtovideoita ja -kuvia suurimmilla yksityiskohdilla. GPS-paikannus, noin 2000 metrin FPV-et\u00e4isyys ja 3000 metrin R\/C-et\u00e4isyys avaavat rajattomat mahdollisuudet ilmatutkimukseen. Lennokissa on kest\u00e4v\u00e4 7,4 V:n 3000 mAh:n akku, joka lupaa noin 30 minuutin lentoaikaa, mik\u00e4 on poikkeuksellisen pidempi kuin useimpien kilpailijoidensa. S\u00e4\u00e4dett\u00e4v\u00e4n, HD-laajakulmaisen 90\u00b0-kameran ansiosta voit taatusti kuvata upeita panoraamakuvia.    <\/p>\n<p>4DRC F11 PRO 4K Drone on ylitse muiden ainutlaatuisilla ominaisuuksilla, jotka tekev\u00e4t siit\u00e4 k\u00e4ytt\u00e4j\u00e4yst\u00e4v\u00e4llisen ja tehokkaan. GPS yhden n\u00e4pp\u00e4imen paluu, elekuvantunnistus, reitin monipisteinen lentosuunnittelu, kiintopisteen ymp\u00e4rys ja lentokoneen hakutoiminto tarjoavat jokaiselle k\u00e4ytt\u00e4j\u00e4lle unohtumattoman lentokokemuksen. Lis\u00e4ksi se toimitetaan kattavassa paketissa, joka sis\u00e4lt\u00e4\u00e4 kaukos\u00e4\u00e4timen, tehokkaan LiPo-akun, USB-latauskaapelin, suojakannet, varater\u00e4t, ruuvimeisselin ja k\u00e4ytt\u00f6ohjeen. Se on todellakin t\u00e4ydellinen yhdistelm\u00e4 laatua, suorituskyky\u00e4 ja hintaa!   <\/p>\n","why_the_best_text":"<p>Hinta-laatusuhteeltaan 4DRC F11 PRO 4K Dual Camera Drone on kiistatta paras valinta nykyaikaisten lennokkiensa joukossa. Hinta on erinomainen, kun otetaan huomioon merkitt\u00e4v\u00e4t ominaisuudet, kuten vaikuttava todellinen 4K ESC HD -kaksoiskamera. T\u00e4m\u00e4 mahdollistaa ter\u00e4v\u00e4t ja laadukkaat ilmakuvat, ja 120\u00b0 laajakulma mahdollistaa laajemman n\u00e4kym\u00e4n, joten kuvasi tai videosi eiv\u00e4t tuota pettymyst\u00e4. FPV-et\u00e4isyys on noin 2000 metri\u00e4, mik\u00e4 takaa valtavan laajuuden maalauksellisten maastojen kuvaamisessa.   <\/p>\n<p>Ominaisuuksiensa lis\u00e4ksi t\u00e4m\u00e4 lennokki voi lent\u00e4\u00e4 jopa 3000 metrin et\u00e4isyydelle pysyen hallinnassa, ja sen kest\u00e4v\u00e4 lentoaika kest\u00e4\u00e4 noin 30 minuuttia t\u00e4ydell\u00e4 latauksella, joka kest\u00e4\u00e4 vain 250 minuuttia. GPS-paikannus ja optinen virtaus tekev\u00e4t F11 PRO:sta ihanteellisen niille, jotka tarvitsevat tarkkuutta navigoinnissa. Dronessa on \u00e4lykk\u00e4it\u00e4 toimintoja, kuten yhden n\u00e4pp\u00e4imen paluu, follow me -toiminto ja reittipistekohtainen lento, mik\u00e4 tekee siit\u00e4 k\u00e4ytt\u00e4j\u00e4yst\u00e4v\u00e4llisen ja t\u00e4ydellisen my\u00f6s aloittelijoille. Lis\u00e4ksi 4DRC F11 PRO:ssa on ainutlaatuisia ja interaktiivisia ominaisuuksia, kuten elekuvantunnistus ja reitin monipisteinen lentosuunnittelu. Ep\u00e4ilem\u00e4tt\u00e4 4DRC F11 PRO 4K Dual Camera Drone on hienostunut lennokki, joka tarjoaa yhdistelm\u00e4n suorituskyky\u00e4, laadukasta visuaalista kuvaa ja helppok\u00e4ytt\u00f6isi\u00e4 hallintalaitteita eritt\u00e4in kohtuulliseen hintaan.    <\/p>\n","reviews_text":"<p>Dronemarkkinoilla liikkuminen voi olla hankalaa, mutta tiet\u00e4minen siit\u00e4, mit\u00e4 etsi\u00e4 toiminnallisuuden ja arvon kannalta, voi olla suureksi avuksi. Seuraavassa on kuusi asiaa, jotka sinun kannattaa ottaa huomioon dronea ostaessasi: <\/p>\n<ol>\n<li><b>Kameran laatu:<\/b> Yksi t\u00e4rkeimmist\u00e4 syist\u00e4, miksi monet ihmiset ostavat lennokkeja, on niiden ilmakuvaus- ja video-ominaisuudet. Etsi lennokkeja, joissa on korkearesoluutioinen kamera tai ainakin mahdollisuus asentaa laadukas kamera. <\/li>\n<li><b>Akun kesto:<\/b> Pidempi\u00e4 lentoja varten yrit\u00e4 l\u00f6yt\u00e4\u00e4 lennokki, jossa on pitk\u00e4 akun kesto. Kuten yll\u00e4 olevasta esimerkist\u00e4 n\u00e4hd\u00e4\u00e4n, 4DRC:n F11 PRO:n lentoaika on noin 30 minuuttia, mik\u00e4 on varsin vaikuttavaa markkinoilla. <\/li>\n<li><b>Kantama:<\/b> Tarkista, kuinka pitk\u00e4lle lennokki voi matkustaa ennen signaalin katoamista. Joidenkin lennokkien kantama on useita kilometrej\u00e4, kuten F11 PRO Drone -lennokin 3 kilometrin kantama. <\/li>\n<li><b>Hinta:<\/b> Dronen hinta voi vaihdella huomattavasti, ja on t\u00e4rke\u00e4\u00e4 l\u00f6yt\u00e4\u00e4 sellainen, joka sopii budjettiisi. Kalliimmissa droneissa on yleens\u00e4 kehittyneempi\u00e4 ominaisuuksia, kuten korkeamman resoluution kamerat tai pidemm\u00e4t lentoajat. <\/li>\n<li><b>GPS-ominaisuudet:<\/b> Joidenkin lennokkien mukana tulee kehittyneit\u00e4 GPS-ominaisuuksia, kuten kyky ohjelmoida lentoreitti. N\u00e4m\u00e4 lis\u00e4ominaisuudet voivat olla arvokkaita erityisk\u00e4yt\u00f6ss\u00e4, kuten kartoituksessa tai etsint\u00e4- ja pelastustoiminnassa. <\/li>\n<li><b>Kest\u00e4vyys:<\/b> Etenkin, jos olet aloittelija, koska t\u00f6rm\u00e4yksi\u00e4 ja kolhuja voi sattua. Useimmat laadukkaat lennokit on valmistettu kest\u00e4v\u00e4st\u00e4 muovista, metallista ja elektroniikkakomponenteista, joten tuote kest\u00e4\u00e4 hieman v\u00e4\u00e4rink\u00e4ytt\u00f6\u00e4 ja pysyy silti toimivana. <\/li>\n<\/ol>\n","top_pick_box_text":"<p>4DRC F11 PRO 4K Dual Camera Drone erottuu drone-harrastajien parhaaksi valinnaksi sen huomattavien ominaisuuksien ja edullisen hintaluokan ansiosta. Siin\u00e4 on vaikuttava 4K ESC HD+1080p alakamera ja jopa 3000 metrin R\/C-et\u00e4isyys. Sen merkitt\u00e4viin ominaisuuksiin kuuluvat GPS-paikannus, 5G WiFi FPV jopa 2000 metrin et\u00e4isyydelle, useita lentotiloja, mukaan lukien reittipistelento ja follow me -tila.  <\/p>\n<p>T\u00e4m\u00e4 lennokki tarjoaa erinomaista vastinetta rahalle, kun otetaan huomioon sen laaja valikoima kehittyneit\u00e4 ominaisuuksia, joita tavallisesti l\u00f6ytyy kalliimmista lennokeista. Pitk\u00e4n, noin 30 minuutin lentoaika, yhden n\u00e4pp\u00e4imen palautus, t\u00e4ysin s\u00e4\u00e4dett\u00e4v\u00e4 kamera ja sen eleiden tunnistus helppoa valokuvausta varten, t\u00e4m\u00e4 lennokki tarjoaa yli odotusten hintaansa n\u00e4hden. Kaiken kukkuraksi siin\u00e4 on mukana 7,4 V:n 3000 mAh:n akku, joka lupaa kest\u00e4v\u00e4\u00e4 viihdett\u00e4.  <\/p>\n","bottom_text":"<p>4DRC F11 PRO esittelee vaikuttavia ominaisuuksia, jotka tekev\u00e4t siit\u00e4 markkinoilla erottuvan. Poikkeuksellisen pitk\u00e4n lentoaikansa, kehittyneen GPS-teknologian ja huippuluokan kameraj\u00e4rjestelmien ansiosta t\u00e4m\u00e4 lennokki tarjoaa erinomaisen suorituskyvyn ja laadukasta kuvamateriaalia. 4DRC F11 PRO on erinomainen my\u00f6s k\u00e4ytt\u00e4j\u00e4yst\u00e4v\u00e4llisyydelt\u00e4\u00e4n, sill\u00e4 sen ohjaimet ovat helppok\u00e4ytt\u00f6iset ja lentotilat intuitiiviset, joten se sopii kaikentasoisille drone-k\u00e4ytt\u00e4jille. Se tarjoaa s\u00e4\u00e4dett\u00e4v\u00e4t nopeudet ja tarkan seurannan, mik\u00e4 takaa tasaisen, helposti ohjattavan ja vakaan lennon joka kerta. Toivomme, ett\u00e4 kattavat arvostelumme ovat olleet oivaltavia ja hy\u00f6dyllisi\u00e4 etsiess\u00e4si t\u00e4ydellist\u00e4 dronea.    <\/p>\n","product_2_full_name":"4DRC V-sarjan WIFI FPV Drone Dual 4K-kameralla - kokoontaitettava RC Drone Quadcopter -lennokki","product_3_full_name":"E88 Pro 4k Drone - Ammattimainen 4k-kauko-ohjauslennokki","product_2_bullet_points":"<ul>\n<li>KORKEALAATUINEN KAMERA: Varustettu kahdella 4K ultra-high definition -kameralla, jonka avulla voit ottaa h\u00e4mm\u00e4stytt\u00e4v\u00e4n ter\u00e4vi\u00e4 ja el\u00e4vi\u00e4 kuvia ja videoita ainutlaatuisista ilmaperspektiivist\u00e4.<\/li>\n<li>VAKAA LENT\u00c4MINEN: 6 A XIS-hyrr\u00e4kuvauslaite ja korkean pitotilan toiminto takaavat tasaisen ja pehme\u00e4n lennon, mik\u00e4 helpottaa aloittelijoiden ohjausta ja laadukkaan kuvamateriaalin kuvaamista.<\/li>\n<li>KEHITTYNEET OMINAISUUDET: Se sopii kaikentasoisille k\u00e4ytt\u00e4jille aloittelijoista kokeneisiin drone-harrastajiin.<\/li>\n<li>TAITETTAVA JA KEVYT: T\u00e4m\u00e4n nelikopterin kokoontaitettava muotoilu tekee siit\u00e4 eritt\u00e4in kannettavan ja helpon kuljettaa. Lis\u00e4ksi sen kevyt, luja ja tekniikkaa kest\u00e4v\u00e4 muovirunko takaa kest\u00e4vyyden. <\/li>\n<li>PITK\u00c4 LENTOAIKA: Tehokkaan 3,7 V 1600 mAh litiumakun ansiosta se tarjoaa pitk\u00e4n, 15-20 minuutin lentoaikaa, jolloin voit nauttia lennosta pidemp\u00e4\u00e4n.<\/li>\n<li>REAALIAIKAINEN L\u00c4HETYS: Droni tukee WiFi FPV (First Person View) -l\u00e4hetyst\u00e4, joka mahdollistaa reaaliaikaisen, ensimm\u00e4isen persoonan kuvamateriaalin suoraan \u00e4lypuhelimeesi liitetyn sovelluksen kautta.<\/li>\n<\/ul>\n","product_3_bullet_points":"<ul>\n<li>E88Pro Drone parantaa ulkoilmael\u00e4myksi\u00e4 laadukkailla ilmakuvauksilla ja helposti hallittavilla lentomekanismeilla, jotka on valmistettu kest\u00e4v\u00e4st\u00e4, kevyest\u00e4 ja lujasta teknisest\u00e4 muovista.<\/li>\n<li>Siin\u00e4 on 4K Ultra HD -kamera, jossa on kytkimell\u00e4 valittavissa oleva kaksoiskameraj\u00e4rjestelm\u00e4 laajakulmakuvia varten ja ainutlaatuinen musiikkizoom-toiminto, joka parantaa videoiden ja valokuvien elokuvamaista laatua.<\/li>\n<li>Harrastajille ja harrastajille suunniteltu lennokki tarjoaa nelikanavaisen ohjauksen tarkkuusliikkeisiin, mukaan lukien pysty-, vaaka- ja 360\u00b0:n vieritysliikkeet dynaamisia panoraamakuvia varten.<\/li>\n<li>E88 Pro Drone sis\u00e4lt\u00e4\u00e4 3-tasoisen lentonopeuskytkimen, joka sopii eri taitotasoille, 2,4 GHz:n tekniikan h\u00e4iri\u00f6iden v\u00e4hent\u00e4miseksi ja useita ominaisuuksia, kuten LED-valo ja korkeuden pito, jotka takaavat turvallisemmat ja tasaisemmat lennot.<\/li>\n<li>Jokaisen E88Pro Drone -paketin mukana toimitetaan lennokki, kaukos\u00e4\u00e4din, 3,7 V 1800 mAh Lipo-akku, USB-latauskaapeli, suojakuoret ja varatuulettimet, mutta l\u00e4hettimen akut eiv\u00e4t sis\u00e4lly pakettiin.<\/li>\n<li>Se tarjoaa jopa 20 minuuttia lentoaikaa yhdell\u00e4 latauksella ja 100 metrin et\u00e4isyysalueen kauko-ohjaimella, ja se latautuu t\u00e4yteen vain 100 minuutissa, mik\u00e4 takaa pitk\u00e4t, keskeytym\u00e4tt\u00f6m\u00e4t lentokokemukset.<\/li>\n<li>Sen kest\u00e4v\u00e4 rakenne, joka on valmistettu lujatekoisesta muovista, takaa, ett\u00e4 lennokki kest\u00e4\u00e4 erilaisia ulko-olosuhteita pitk\u00e4aikaisessa k\u00e4yt\u00f6ss\u00e4.<\/li>\n<li>E88Pro Drone -lennokin monipuoliset ominaisuudet, kuten Wi-Fi FPV ja lentoratalento, sopivat sek\u00e4 aloitteleville ett\u00e4 kokeneille lent\u00e4jille ja tarjoavat kattavan lentokokemuksen.<\/li>\n<\/ul>\n","product_2_full_name_new":"4DRC V-sarjan WIFI FPV Drone Dual 4K-kameralla - kokoontaitettava RC Drone Quadcopter -lennokki","product_3_full_name_new":"E88 Pro 4k Drone - Ammattimainen 4k-kauko-ohjauslennokki"},"yoast_head":"<!-- This site is optimized with the Yoast SEO plugin v27.3 - https:\/\/yoast.com\/product\/yoast-seo-wordpress\/ -->\n<title>Top 10 Paras Drones ostaa Yhdistyneess\u00e4 kuningaskunnassa varten - DJ Music Geek<\/title>\n<meta name=\"robots\" content=\"index, follow, max-snippet:-1, max-image-preview:large, max-video-preview:-1\" \/>\n<link rel=\"canonical\" href=\"https:\/\/djmusicgeek.com\/fi\/top-10-paras-drones-ostaa-yhdistyneessa-kuningaskunnassa-varten\/\" \/>\n<meta property=\"og:locale\" content=\"fi_FI\" \/>\n<meta property=\"og:type\" content=\"article\" \/>\n<meta property=\"og:title\" content=\"Top 10 Paras Drones ostaa Yhdistyneess\u00e4 kuningaskunnassa varten - DJ Music Geek\" \/>\n<meta property=\"og:url\" content=\"https:\/\/djmusicgeek.com\/fi\/top-10-paras-drones-ostaa-yhdistyneessa-kuningaskunnassa-varten\/\" \/>\n<meta property=\"og:site_name\" content=\"DJ Music Geek\" \/>\n<meta property=\"article:modified_time\" content=\"2026-02-25T17:34:33+00:00\" \/>\n<meta name=\"twitter:card\" content=\"summary_large_image\" \/>\n<script type=\"application\/ld+json\" class=\"yoast-schema-graph\">{\"@context\":\"https:\\\/\\\/schema.org\",\"@graph\":[{\"@type\":\"WebPage\",\"@id\":\"https:\\\/\\\/djmusicgeek.com\\\/fi\\\/top-10-paras-drones-ostaa-yhdistyneessa-kuningaskunnassa-varten\\\/\",\"url\":\"https:\\\/\\\/djmusicgeek.com\\\/fi\\\/top-10-paras-drones-ostaa-yhdistyneessa-kuningaskunnassa-varten\\\/\",\"name\":\"Top 10 Paras Drones ostaa Yhdistyneess\u00e4 kuningaskunnassa varten - DJ Music Geek\",\"isPartOf\":{\"@id\":\"https:\\\/\\\/djmusicgeek.com\\\/#website\"},\"datePublished\":\"2023-08-15T16:46:18+00:00\",\"dateModified\":\"2026-02-25T17:34:33+00:00\",\"breadcrumb\":{\"@id\":\"https:\\\/\\\/djmusicgeek.com\\\/fi\\\/top-10-paras-drones-ostaa-yhdistyneessa-kuningaskunnassa-varten\\\/#breadcrumb\"},\"inLanguage\":\"fi\",\"potentialAction\":[{\"@type\":\"ReadAction\",\"target\":[\"https:\\\/\\\/djmusicgeek.com\\\/fi\\\/top-10-paras-drones-ostaa-yhdistyneessa-kuningaskunnassa-varten\\\/\"]}]},{\"@type\":\"BreadcrumbList\",\"@id\":\"https:\\\/\\\/djmusicgeek.com\\\/fi\\\/top-10-paras-drones-ostaa-yhdistyneessa-kuningaskunnassa-varten\\\/#breadcrumb\",\"itemListElement\":[{\"@type\":\"ListItem\",\"position\":1,\"name\":\"Etusivu\",\"item\":\"https:\\\/\\\/djmusicgeek.com\\\/\"},{\"@type\":\"ListItem\",\"position\":2,\"name\":\"Top 10 Paras Drones ostaa Yhdistyneess\u00e4 kuningaskunnassa varten\"}]},{\"@type\":\"WebSite\",\"@id\":\"https:\\\/\\\/djmusicgeek.com\\\/#website\",\"url\":\"https:\\\/\\\/djmusicgeek.com\\\/\",\"name\":\"DJ Music Geek\",\"description\":\"\",\"potentialAction\":[{\"@type\":\"SearchAction\",\"target\":{\"@type\":\"EntryPoint\",\"urlTemplate\":\"https:\\\/\\\/djmusicgeek.com\\\/?s={search_term_string}\"},\"query-input\":{\"@type\":\"PropertyValueSpecification\",\"valueRequired\":true,\"valueName\":\"search_term_string\"}}],\"inLanguage\":\"fi\"}]}<\/script>\n<!-- \/ Yoast SEO plugin. -->","yoast_head_json":{"title":"Top 10 Paras Drones ostaa Yhdistyneess\u00e4 kuningaskunnassa varten - DJ Music Geek","robots":{"index":"index","follow":"follow","max-snippet":"max-snippet:-1","max-image-preview":"max-image-preview:large","max-video-preview":"max-video-preview:-1"},"canonical":"https:\/\/djmusicgeek.com\/fi\/top-10-paras-drones-ostaa-yhdistyneessa-kuningaskunnassa-varten\/","og_locale":"fi_FI","og_type":"article","og_title":"Top 10 Paras Drones ostaa Yhdistyneess\u00e4 kuningaskunnassa varten - DJ Music Geek","og_url":"https:\/\/djmusicgeek.com\/fi\/top-10-paras-drones-ostaa-yhdistyneessa-kuningaskunnassa-varten\/","og_site_name":"DJ Music Geek","article_modified_time":"2026-02-25T17:34:33+00:00","twitter_card":"summary_large_image","schema":{"@context":"https:\/\/schema.org","@graph":[{"@type":"WebPage","@id":"https:\/\/djmusicgeek.com\/fi\/top-10-paras-drones-ostaa-yhdistyneessa-kuningaskunnassa-varten\/","url":"https:\/\/djmusicgeek.com\/fi\/top-10-paras-drones-ostaa-yhdistyneessa-kuningaskunnassa-varten\/","name":"Top 10 Paras Drones ostaa Yhdistyneess\u00e4 kuningaskunnassa varten - DJ Music Geek","isPartOf":{"@id":"https:\/\/djmusicgeek.com\/#website"},"datePublished":"2023-08-15T16:46:18+00:00","dateModified":"2026-02-25T17:34:33+00:00","breadcrumb":{"@id":"https:\/\/djmusicgeek.com\/fi\/top-10-paras-drones-ostaa-yhdistyneessa-kuningaskunnassa-varten\/#breadcrumb"},"inLanguage":"fi","potentialAction":[{"@type":"ReadAction","target":["https:\/\/djmusicgeek.com\/fi\/top-10-paras-drones-ostaa-yhdistyneessa-kuningaskunnassa-varten\/"]}]},{"@type":"BreadcrumbList","@id":"https:\/\/djmusicgeek.com\/fi\/top-10-paras-drones-ostaa-yhdistyneessa-kuningaskunnassa-varten\/#breadcrumb","itemListElement":[{"@type":"ListItem","position":1,"name":"Etusivu","item":"https:\/\/djmusicgeek.com\/"},{"@type":"ListItem","position":2,"name":"Top 10 Paras Drones ostaa Yhdistyneess\u00e4 kuningaskunnassa varten"}]},{"@type":"WebSite","@id":"https:\/\/djmusicgeek.com\/#website","url":"https:\/\/djmusicgeek.com\/","name":"DJ Music Geek","description":"","potentialAction":[{"@type":"SearchAction","target":{"@type":"EntryPoint","urlTemplate":"https:\/\/djmusicgeek.com\/?s={search_term_string}"},"query-input":{"@type":"PropertyValueSpecification","valueRequired":true,"valueName":"search_term_string"}}],"inLanguage":"fi"}]}},"_links":{"self":[{"href":"https:\/\/djmusicgeek.com\/fi\/wp-json\/wp\/v2\/pages\/12589","targetHints":{"allow":["GET"]}}],"collection":[{"href":"https:\/\/djmusicgeek.com\/fi\/wp-json\/wp\/v2\/pages"}],"about":[{"href":"https:\/\/djmusicgeek.com\/fi\/wp-json\/wp\/v2\/types\/page"}],"author":[{"embeddable":true,"href":"https:\/\/djmusicgeek.com\/fi\/wp-json\/wp\/v2\/users\/2"}],"replies":[{"embeddable":true,"href":"https:\/\/djmusicgeek.com\/fi\/wp-json\/wp\/v2\/comments?post=12589"}],"version-history":[{"count":1,"href":"https:\/\/djmusicgeek.com\/fi\/wp-json\/wp\/v2\/pages\/12589\/revisions"}],"predecessor-version":[{"id":12610,"href":"https:\/\/djmusicgeek.com\/fi\/wp-json\/wp\/v2\/pages\/12589\/revisions\/12610"}],"wp:attachment":[{"href":"https:\/\/djmusicgeek.com\/fi\/wp-json\/wp\/v2\/media?parent=12589"}],"curies":[{"name":"wp","href":"https:\/\/api.w.org\/{rel}","templated":true}]}}