{"id":12425,"date":"2024-01-19T02:13:41","date_gmt":"2024-01-19T02:13:41","guid":{"rendered":"https:\/\/djmusicgeek.com\/parhaat-langattomat-korvanapit-ostettavaksi-2024\/"},"modified":"2026-03-01T13:46:18","modified_gmt":"2026-03-01T13:46:18","slug":"parhaat-langattomat-korvanapit-ostettavaksi-2024","status":"publish","type":"page","link":"https:\/\/djmusicgeek.com\/fi\/parhaat-langattomat-korvanapit-ostettavaksi-2024\/","title":{"rendered":"10 parasta langatonta nappikuuloketta ostettavaksi Isossa-Britanniassa vuodelle April 2026 [P\u00e4ivitetty]"},"content":{"rendered":"","protected":false},"excerpt":{"rendered":"","protected":false},"author":2,"featured_media":0,"parent":0,"menu_order":0,"comment_status":"closed","ping_status":"closed","template":"sales-template.php","meta":{"_acf_changed":false,"footnotes":""},"class_list":["post-12425","page","type-page","status-publish","hentry"],"acf":{"product_2_supplier":"Amazon","product_3_supplier":"Amazon","product_4_supplier":"Amazon","product_5_supplier":"Amazon","product_6_supplier":"Amazon","product_7_supplier":"Amazon","product_8_supplier":"Amazon","product_9_supplier":"Amazon","product_10_supplier":"Amazon","exclude_from_search":true,"product_3_price":"","product_3_url":"","product_url":"https:\/\/www.shopsta.co.uk\/products\/soundpeats-mini-pro-hs-wireless-earbuds-bluetooth-anc-hi-res-sound","product_2_url":"https:\/\/www.shopsta.co.uk\/products\/tribit-flybuds-c2-wireless-bluetooth-earphones-4-mics-call-noise-canceling-crystal-clear-calls-earbuds-32h-playtime-headphones","product_price_shortcode":"\u00a379.99","product_discount_price_shortcode":"\u00a364.00","product_image_1":"https:\/\/cdn.shopify.com\/s\/files\/1\/0503\/4170\/7969\/files\/S01dda507573846b8bf7dfef5c3e59319p.webp?v=1705589004","product_image_2":"https:\/\/cdn.shopify.com\/s\/files\/1\/0503\/4170\/7969\/files\/Sa889552a83924fdb874785ba30cf9192a.webp?v=1705589004","product_image_3":"https:\/\/cdn.shopify.com\/s\/files\/1\/0503\/4170\/7969\/files\/S26bef3b5f5c54c1f9a6041ef40166764p.webp?v=1705589004","product_image_4":"https:\/\/cdn.shopify.com\/s\/files\/1\/0503\/4170\/7969\/files\/S2ab9ef8c42524edaae083d7cdd7137e1r.webp?v=1705589005","product_image_5":"https:\/\/cdn.shopify.com\/s\/files\/1\/0503\/4170\/7969\/files\/Scb1eb558b35d4f34871e168f74f908efC.webp?v=1705589005","product_image_6":"https:\/\/www.shopsta.co.uk\/cdn\/shop\/files\/Sa889552a83924fdb874785ba30cf9192a_1400x1400.webp?v=1705589004","product_image_7":"https:\/\/www.shopsta.co.uk\/cdn\/shop\/files\/S26bef3b5f5c54c1f9a6041ef40166764p_1400x1400.webp?v=1705589004","product_image_8":"https:\/\/www.shopsta.co.uk\/cdn\/shop\/files\/Scb1eb558b35d4f34871e168f74f908efC_1400x1400.webp?v=1705589005","product_2_asin":"B0CHWZ9TZS","product_3_asin":"B0B4KHCQ96","product_5_asin":"B09D7PXZV7","product_6_asin":"B09RZKHSD6","product_7_asin":"B09JQQDLXF","product_8_asin":"B095DNPH4R","product_9_asin":"B09RZJZ7YW","product_10_asin":"B0C9NGNBPG","product_2_image_1":"https:\/\/cdn.shopify.com\/s\/files\/1\/0503\/4170\/7969\/files\/Sb63526d4600f46848fe7de0e077cc862U.jpg?v=1695677154","product_2_image_2":"https:\/\/cdn.shopify.com\/s\/files\/1\/0503\/4170\/7969\/files\/Sc78e0c14e4e64fd58f35cba2ded94ad9r.jpg?v=1695677153","product_2_image_3":"https:\/\/cdn.shopify.com\/s\/files\/1\/0503\/4170\/7969\/files\/Seaaf380b94f049b4b91eb37d65f0c0b1L.jpg?v=1695677153","product_2_price":"\u00a347.99","product_2_discount_price":"\u00a338.39","product_4_asin":"B0979QQHFG","product_3_image_1":"","product_3_image_2":"","product_3_image_3":"","product_3_discount_price":"","language_code":"fi","product_name":"SOUNDPEATS\u00ae Mini Pro","product_type":"Langattomat kuulokkeet","product_type_singular":"Langattomat kuulokkeet ostaa","product_full_name":"SOUNDPEATS\u00ae Mini Pro True Wireless -kuulokkeet","bullet_points":"<ul>\n<li>UPEA \u00c4\u00c4NENLAATU: N\u00e4m\u00e4 kuulokkeet tuottavat CD-levyj\u00e4 paremman, yksityiskohtaisen \u00e4\u00e4nen, jolla on laaja toistokaista 20 Hz:st\u00e4 40 kHz:iin. Nauti \u00e4\u00e4nest\u00e4, joka on l\u00e4himp\u00e4n\u00e4 alkuper\u00e4ist\u00e4 \u00e4\u00e4nitett\u00e4, ja saat rikastuneen ja syv\u00e4llisen \u00e4\u00e4nikokemuksen. <\/li>\n<li>LDAC CODEC-TEKNOLOGIA: Koe saumaton \u00e4\u00e4nensiirto kolminkertaisella tietom\u00e4\u00e4r\u00e4ll\u00e4 verrattuna perinteiseen Bluetooth SBC -koodekkiin. Arvosta \u00e4\u00e4nien ja instrumenttien vivahteita, ja tuotos on l\u00e4hell\u00e4 luojansa alkuper\u00e4ist\u00e4 tarkoitusta. <\/li>\n<li>EDIST\u00c4V\u00c4 MELUNPOISTO: Jopa 40 dB:n melunvaimennuksen mahdollistava aktiivinen hybridimelunvaimennustekniikka neutraloi ulkoiset \u00e4\u00e4net, mik\u00e4 mahdollistaa h\u00e4iri\u00f6tt\u00f6m\u00e4n \u00e4\u00e4nentoiston my\u00f6s meluisissa ymp\u00e4rist\u00f6iss\u00e4.<\/li>\n<li>PREMIUM DYNAMIC DRIVER: Sis\u00e4lt\u00e4\u00e4 10 mm:n dynaamisen ohjaimen, joka takaa luonnollisten \u00e4\u00e4nien syvyyden ja dynaamisuuden ja tuo uskomattoman tasapainoisen matalien taajuuksien \u00e4\u00e4nikokemuksen mahdollisimman l\u00e4helle alkuper\u00e4ist\u00e4 \u00e4\u00e4nt\u00e4.<\/li>\n<li>Luotettava akun kesto: Nauti jopa 8 tunnin yht\u00e4jaksoisesta musiikin toistosta pelkill\u00e4 kuulokkeilla ja jopa 28 tuntia latauskotelon kanssa. Ihanteellinen pitkille matkoille, kiireisiin ty\u00f6p\u00e4iviin ja pitk\u00e4kestoiseen \u00e4\u00e4niviihteeseen. <\/li>\n<li>OPTIMOITU KONFERENSSEJA VARTEN: 6 mikrofonia, jotka suodattavat ymp\u00e4rist\u00f6melun ja takaavat selke\u00e4n \u00e4\u00e4nenlaadun keskustelujen aikana. T\u00e4ydellinen et\u00e4ty\u00f6skentelyyn ja verkkokonferensseihin. <\/li>\n<\/ul>\n","features":"<p>UPEA \u00c4\u00c4NENLAATU: Nauti \u00e4\u00e4nest\u00e4 sellaisena kuin se on tarkoitettu kuultavaksi. Kuulokkeet toistavat korkearesoluutioisen \u00e4\u00e4nen, joka on rikas, yksityiskohtainen ja todenmukainen. Laajan, 20 Hz:n ja 40 kHz:n v\u00e4lisen toistokaistan ansiosta voit vangita jokaisen vivahteen, mik\u00e4 tarjoaa todella upean \u00e4\u00e4nikokemuksen.  <\/p>\n<p>SUPERIOR SOUND TRANSMISSION: LDAC-koodekkitekniikan ansiosta n\u00e4m\u00e4 langattomat kuulokkeet voivat siirt\u00e4\u00e4 3 kertaa enemm\u00e4n dataa kuin perinteinen Bluetooth SBC -koodekki, joten voit arvostaa musiikin jokaista yksityiskohtaa.  <\/p>\n<p>EDIST\u00c4V\u00c4 MELUNPOISTO: Aktiivinen hybridi-melunvaimennustekniikka tarjoaa jopa 40 dB:n vaimennuksen, joka poistaa tehokkaasti taustamelun. Nauti keskeytym\u00e4tt\u00f6m\u00e4st\u00e4 ja rauhallisesta \u00e4\u00e4nikokemuksesta, miss\u00e4 tahansa oletkin. <\/p>\n<p>PREMIUM 10MM DYNAMIC DRIVER: 10 mm:n dynaamisella ohjaimella n\u00e4m\u00e4 kuulokkeet takaavat syvyytt\u00e4 keski- ja matalien \u00e4\u00e4nien v\u00e4liss\u00e4 ja luonnollisten \u00e4\u00e4nien dynaamisuuden. Tuloksena on hyvin tasapainoinen ja uskomattoman l\u00e4hell\u00e4 alkuper\u00e4ist\u00e4 \u00e4\u00e4nitett\u00e4 oleva taajuuksien kokoelma. <\/p>\n<p>LUOTETTAVA AKUN ELINKAARI: Kompaktista muotoilustaan huolimatta n\u00e4iss\u00e4 korvakuulokkeissa on jopa 8 tunnin yht\u00e4jaksoinen soittoaika ja 20 tunnin lis\u00e4aika latauskotelon kanssa. Siksi ne sopivat erinomaisesti pitkiin ty\u00f6matkoihin, jatkuviin ty\u00f6p\u00e4iviin tai pitkiin audio-viihdeistuntoihin. <\/p>\n<p>OPTIMOITU PUHELUILLE: SOUNDPEATS Mini Pro -korvakuulokkeet on varustettu ENC-puhelujen melunvaimennustoiminnolla ja kuudella mikrofonilla &#8211; 3 kussakin korvalaudassa &#8211; ja ne on suunniteltu parantamaan \u00e4\u00e4nt\u00e4si puheluiden aikana suodattamalla ymp\u00e4rist\u00f6n melua. Ihanteellinen et\u00e4ty\u00f6h\u00f6n ja verkkokonferensseihin. <\/p>\n<p>HUIPPULUOKAN TEKNISET TIEDOT: AAC-, SBC- ja LDAC-koodekit, aktiivinen melunvaimennus ja Bluetooth-versio 5.3. N\u00e4iss\u00e4 kuulokkeissa on useita huippuluokan ominaisuuksia, kuten Bluetooth-piirisarja WQ7033AR, 32\u03a9:n vastus, taajuusvastealue 20-40 000 Hz, AAC-, SBC- ja LDAC-koodekit, aktiivinen melunvaimennus.<\/p>\n<p>PAKKAUKSEN SIS\u00c4LT\u00d6: Pakkaus sis\u00e4lt\u00e4\u00e4 kahden Mini Pro HS Bluetooth -kuulokkeen lis\u00e4ksi C-tyypin latauskaapelin, 6 vaihdettavaa korvak\u00e4rke\u00e4, latauskotelon ja k\u00e4ytt\u00f6ohjeen.<\/p>\n","rating":"9.8","intro_text":"<p>Tervetuloa DJ Music Geek -palveluun, joka on paras ja uusin \u00e4\u00e4nentoistolaitteiden l\u00e4hde. Jos etsit moitteetonta \u00e4\u00e4nenlaatua, turvallista istuvuutta, vaikuttavaa akun kestoa ja saumatonta langatonta kokemusta, olet oikeassa paikassa. Koska olemme omistautuneita audiofiilej\u00e4 ja tekniikan harrastajia, tarjoamme sinulle perusteellisia ja arvovaltaisia arvosteluja ja suosituksia markkinoiden parhaista langattomista kuulokkeista. Olemme kokeilleet ja testanneet kaikkia tuotteita aina edullisista hankinnoista kalliisiin ostoksiin, jotta saat tarvitsemasi tiedot oikean valinnan tekemist\u00e4 varten. Valmistaudu p\u00e4ivitt\u00e4m\u00e4\u00e4n kuuntelukokemuksesi langattomilla kuulokkeilla, jotka todella iskev\u00e4t oikeaan s\u00e4vyyn.    <\/p>\n","text_before_product_box":"<p>SOUNDPEATS\u00ae Mini Pro True Wireless Earbuds -kuulokkeet ansaitsevat testeiss\u00e4mme parhaat arvosanat ly\u00f6m\u00e4tt\u00f6m\u00e4st\u00e4 \u00e4\u00e4nenlaadun, arvon ja innovatiivisten ominaisuuksien yhdistelm\u00e4st\u00e4. N\u00e4m\u00e4 kuulokkeet p\u00e4ihitt\u00e4v\u00e4t kilpailijat korkearesoluutioisella \u00e4\u00e4nentoistollaan ja erinomaisen \u00e4\u00e4nensiirron mahdollistavalla LDAC-koodekilla. Edulliseen hintaan ne tarjoavat my\u00f6s erinomaisen vastineen sijoitetulle p\u00e4\u00e4omalle, ja niihin sis\u00e4ltyy ominaisuuksia, kuten aktiivinen hybridi\u00e4\u00e4nenvaimennus ja jopa 28 tunnin akunkesto.  <\/p>\n","text_after_product_box":"<p>Kun valitset langattomia kuulokkeita, hinta-laatusuhde on eritt\u00e4in t\u00e4rke\u00e4. Langattomat SOUNDPEATS Mini Pro -kuulokkeet tarjoavat juuri sen. Testattuamme t\u00e4t\u00e4 tuotetta voimme taata, ett\u00e4 t\u00e4m\u00e4 tuote tarjoaa vertaansa vailla olevaa \u00e4\u00e4nenlaatua, edistyksellisi\u00e4 ominaisuuksia ja erinomaista pitk\u00e4ik\u00e4isyytt\u00e4 eritt\u00e4in kilpailukykyiseen hintaan.    <\/p>\n<p>Korkean resoluution \u00e4\u00e4nil\u00e4hteiden toisto ja ylivoimainen LDAC-koodekkitekniikka tekiv\u00e4t meihin vaikutuksen rikkaalla, yksityiskohtaisella ja el\u00e4v\u00e4isell\u00e4 \u00e4\u00e4nentoistolla. Tuote tarjoaa rikastuneen ja syv\u00e4llisen \u00e4\u00e4nikokemuksen, joka on paljon parempi kuin CD-levyjen \u00e4\u00e4nikokemus. Lis\u00e4ksi kuulokkeissa on aktiivinen melunvaimennus, joka neutralisoi tehokkaasti ulkoiset \u00e4\u00e4net &#8211; todellinen etu meluisissa ymp\u00e4rist\u00f6iss\u00e4.  <\/p>\n<p>SOUNDPEATS Mini Pro -kuulokkeet ylpeilev\u00e4t luotettavalla akun kestolla, joka kest\u00e4\u00e4 jopa 8 tuntia pelkill\u00e4 kuulokkeilla ja 28 tuntia latauskotelon kanssa, joten ne sopivat erinomaisesti pitkille matkoille ja laajaan \u00e4\u00e4niviihteeseen. Lis\u00e4ksi huomasimme, ett\u00e4 sis\u00e4\u00e4nrakennetun ENC-puhelujen melunvaimennustoiminnon ja kuuden mikrofonin ansiosta t\u00e4m\u00e4 malli soveltuu erinomaisesti et\u00e4ty\u00f6h\u00f6n ja verkkokonferensseihin. Jos siis etsit tuotetta, jossa huipputason ominaisuudet ja kohtuuhintaisuus ovat parhaassa tasapainossa, SOUNDPEATS Mini Pro on oikea valinta.  <\/p>\n","why_the_best_text":"<p>Kun haluat l\u00f6yt\u00e4\u00e4 langattomat kuulokkeet, jotka tarjoavat hyv\u00e4\u00e4 vastinetta rahoillesi, uskomme, ett\u00e4 SOUNDPEATS\u00ae Mini Pro True Wireless -kuulokkeet erottuvat edukseen muiden joukosta. Kilpailukykyiseen hintaansa n\u00e4hden se on t\u00e4ynn\u00e4 ominaisuuksia, jotka olemme henkil\u00f6kohtaisesti testanneet ja todenneet poikkeuksellisen suorituskykyisiksi. <\/p>\n<p>Yksi n\u00e4iden kuulokkeiden erityispiirteist\u00e4 on niiden loistava \u00e4\u00e4nenlaatu. Korkean resoluution toisto tarjoaa CD-levyj\u00e4 paremman \u00e4\u00e4nen, joten k\u00e4ytt\u00e4j\u00e4t voivat nauttia rikastuneesta ja upeasta \u00e4\u00e4nikokemuksesta. Sen laajakaistainen toisto 20 Hz:st\u00e4 40 kHz:iin takaa \u00e4\u00e4nen, joka on l\u00e4himp\u00e4n\u00e4 alkuper\u00e4ist\u00e4 \u00e4\u00e4nitett\u00e4. Lis\u00e4ksi se on varustettu kehittyneell\u00e4 melunvaimennustekniikalla, joka v\u00e4hent\u00e4\u00e4 tehokkaasti ymp\u00e4rist\u00f6melua ja mahdollistaa keskeytym\u00e4tt\u00f6m\u00e4n \u00e4\u00e4nikokemuksen.   <\/p>\n<p>Olimme my\u00f6s vaikuttuneita sen vaikuttavasta akun kestosta, joka kest\u00e4\u00e4 jopa 8 tuntia jatkuvaa soittoa kuulokkeilla ja yhteens\u00e4 28 tuntia latauskotelon kanssa &#8211; joten se sopii t\u00e4ydellisesti pitkille matkoille tai pitkiin \u00e4\u00e4niviihde-istuntoihin. Sis\u00e4\u00e4nrakennettu ENC-puhelujen melunvaimennustoiminto ja kuusi mikrofonia optimoivat n\u00e4m\u00e4 kuulokkeet selkeisiin keskusteluihin, joten ne ovat k\u00e4yt\u00e4nn\u00f6llinen valinta et\u00e4ty\u00f6h\u00f6n tai verkkoneuvotteluihin. Kaiken kaikkiaan uskomme, ett\u00e4 SOUNDPEATS\u00ae Mini Pro tarjoaa huomattavaa vastinetta hinnalleen.  <\/p>\n","reviews_text":"<p>Parhaiden langattomien kuulokkeiden valitseminen voi olla hankalaa, kun otetaan huomioon markkinoilla olevien vaihtoehtojen suuri m\u00e4\u00e4r\u00e4. Seuraavassa luetellaan t\u00e4rkeimm\u00e4t tekij\u00e4t, jotka sinun tulisi ottaa huomioon, jotta voit tehd\u00e4 parhaan valinnan. <\/p>\n<ol>\n<li>\u00c4\u00e4nenlaatu: Kuulokkeiden tulisi tarjota erinomainen \u00e4\u00e4nenlaatu ja kyky tuottaa laaja valikoima \u00e4\u00e4nitaajuuksia, jotta voit nauttia rikkaasta ja upottavasta \u00e4\u00e4nikokemuksesta.<\/li>\n<li>Melunvaimennusominaisuus: Laadukkaat korvanapit ovat varustettu kehittyneell\u00e4 melunvaimennustekniikalla, joka neutralisoi ulkoiset \u00e4\u00e4net, jolloin voit nauttia musiikista ilman h\u00e4iri\u00f6tekij\u00f6it\u00e4.<\/li>\n<li>Akun kesto: Parhaat kuulokkeet tarjoavat luotettavan akun, joka kest\u00e4\u00e4 koko p\u00e4iv\u00e4n tai pitk\u00e4n matkan.<\/li>\n<li>Mukavuus: Korvanappien on oltava mukavat k\u00e4ytt\u00e4\u00e4 pitki\u00e4 aikoja, ja niiden on istuttava tukevasti korviin.<\/li>\n<li>Upper-end Ominaisuudet: Harkitse ominaisuuksia, kuten Bluetooth-piirisarja ja korkearesoluutioisen \u00e4\u00e4nil\u00e4hteen toisto. N\u00e4m\u00e4 vaikuttavat osaltaan kuulokkeiden kokonaissuorituskykyyn. <\/li>\n<li>Hinta: Hinta: Ota aina huomioon hinta. Parhaat kuulokkeet tarjoavat erinomaiset ominaisuudet, kest\u00e4vyyden ja \u00e4\u00e4nenlaadun hintaan, jonka voit maksaa. <\/li>\n<\/ol>\n","top_pick_box_text":"<p>SOUNDPEATS\u00ae Mini Pro True Wireless -kuulokkeet tarjoavat edistyksellisi\u00e4 ominaisuuksia edulliseen hintaan, joten ne ovat erinomainen valinta arvotietoisille kuluttajille. Korkean resoluution \u00e4\u00e4nenlaadusta, LDAC-koodekista, joka takaa erinomaisen \u00e4\u00e4nensiirron, ja kehittyneest\u00e4 melunvaimennustekniikasta n\u00e4m\u00e4 kuulokkeet tarjoavat vaivattomasti huippuluokan \u00e4\u00e4nentoiston. Lis\u00e4ksi niiss\u00e4 on luotettava, jopa 28 tunnin akunkesto latauskotelon kanssa, mik\u00e4 takaa, ett\u00e4 sinulla on riitt\u00e4v\u00e4sti virtaa pitkiinkin \u00e4\u00e4niviihteen jaksoihin.  <\/p>\n<p>N\u00e4m\u00e4 kuulokkeet erottuvat edukseen paitsi h\u00e4mm\u00e4stytt\u00e4v\u00e4n \u00e4\u00e4nenlaatunsa my\u00f6s toimivuutensa ansiosta keskusteluissa ja konferensseissa ENC-puhelun melunvaimennusominaisuuden ja kuuden upotetun mikrofonin ansiosta. Ne tarjoavat vertaansa vailla olevan tasapainon hinnan, suorituskyvyn ja lis\u00e4ominaisuuksien v\u00e4lill\u00e4, joten ne ovat hyv\u00e4 valinta jokaiseen el\u00e4m\u00e4ntyyliin ja tilaisuuteen. N\u00e4m\u00e4 SOUNDPEATS\u00ae:n edulliset langattomat korvakuulokkeet tarjoavat todella henkil\u00f6kohtaisen ja upottavan \u00e4\u00e4nikokemuksen.  <\/p>\n","bottom_text":"<p>Yhteenvetona voidaan todeta, ett\u00e4 langattomat SOUNDPEATS\u00ae Mini Pro -kuulokkeet ovat erinomainen tuote ja hyv\u00e4 ostos. Laajoissa testeiss\u00e4mme ne ovat jatkuvasti osoittaneet arvonsa ja ylpeilev\u00e4t huippuluokan ominaisuuksillaan, jotka asettavat ne kilpailijoiden edelle.   <\/p>\n<p>Niiden ylivoimainen \u00e4\u00e4nenlaatu on merkitt\u00e4v\u00e4, ja niiden \u00e4\u00e4nentoisto on niin rikas ja yksityiskohtainen, ett\u00e4 voit vangita jokaisen musiikillisen vivahteen. Kuulokkeiden LDAC-koodekkitekniikka takaa kolme kertaa suuremman tiedonsiirron kuin perinteiset Bluetooth-koodekit, mik\u00e4 tehostaa \u00e4\u00e4nikokemusta. Yhdess\u00e4 kehittyneen melunvaimennusominaisuuden kanssa n\u00e4m\u00e4 kuulokkeet peitt\u00e4v\u00e4t vaivattomasti taustamelun ja luovat keskeytym\u00e4tt\u00f6m\u00e4n \u00e4\u00e4niymp\u00e4rist\u00f6n.    <\/p>\n<p>10 mm:n dynaamiset ohjaimet takaavat tasapainoisen taajuusalueen, joka vastaa alkuper\u00e4ist\u00e4 tallennetta, ja runsas akun kesto tarjoaa jopa 8 tuntia taukoamatonta \u00e4\u00e4nentoistoa, joka latauskotelon kanssa voi kest\u00e4\u00e4 jopa 20 tuntia. N\u00e4iden ominaisuuksien ansiosta se on t\u00e4ydellinen kumppani pitkiin ty\u00f6p\u00e4iviin ja matkoille.   <\/p>\n<p>Lis\u00e4ksi n\u00e4m\u00e4 kuulokkeet on optimoitu puheluita varten, mik\u00e4 takaa selke\u00e4n ja ter\u00e4v\u00e4n \u00e4\u00e4nenlaadun videokonferensseissa ja puheluissa. Sen tekniset tiedot, mukaan lukien Bluetooth 5.3 -versio, ovat ajan tasalla, ja pakkauksen sis\u00e4lt\u00f6 sis\u00e4lt\u00e4\u00e4 kaikki tarvittavat lis\u00e4varusteet v\u00e4lit\u00f6nt\u00e4 k\u00e4ytt\u00f6\u00e4 varten. <\/p>\n<p>Kaiken kaikkiaan kaikista testaamistamme langattomista korvakuulokkeista SOUNDPEATS\u00ae Mini Pro -kuulokkeet ovat nousseet kiistattomiksi voittajiksi erinomaisen suorituskykyns\u00e4, ylivoimaisten ominaisuuksiensa ja loistavan \u00e4\u00e4nenlaatunsa ansiosta. Niiden vaikuttavat ominaisuudet erottavat ne todella muista ja takaavat todella upean kuuntelukokemuksen. <\/p>\n","product_2_full_name":"Tribit FlyBuds C2 langattomat Bluetooth-kuulokkeet, joissa on 4 mikrofonia, melunvaimennus, 32 tunnin soittoaika.","product_2_bullet_points":"<ul>\n<li>Kristallinkirkkaat puhelut: Ainutlaatuisen Qualcomm 4-Mic CVC 8.0 -melunvaimennustekniikan ansiosta puheluiden laatu on huippuluokkaa my\u00f6s meluisissa ymp\u00e4rist\u00f6iss\u00e4.<\/li>\n<li>ERINOMAINEN \u00c4\u00c4NI: Kuulokkeiden Qualcomm QCC3040 -j\u00e4rjestelm\u00e4piiri, 13 mm:n suuri dynaaminen ohjain ja APTX-\u00e4\u00e4nen laadukas dekoodaus takaavat entist\u00e4 selke\u00e4mm\u00e4n ja uskollisemman \u00e4\u00e4nen.<\/li>\n<li>S\u00c4\u00c4DETT\u00c4V\u00c4T EQ-ASETUKSET: Tribit-sovelluksen avulla voit helposti valita 24 eri eq-tyylist\u00e4, kuten jazz, basso, ACG jne., varmistaaksesi, ett\u00e4 kuuntelukokemuksesi on t\u00e4ydellisesti r\u00e4\u00e4t\u00e4l\u00f6ity mieltymystesi mukaan.<\/li>\n<li>PIDENNETTY LEIKKIAIKA: Mukana tulevan latauskotelon kanssa saat yhteens\u00e4 32 tuntia langatonta \u00e4\u00e4nentoistoa.<\/li>\n<li>TODELLINEN LANGATON JA NOPEA YHTEYS: Uusimman Bluetooth 5.2 -tekniikan avulla n\u00e4m\u00e4 kuulokkeet takaavat vahvemman ja vakaamman yhteyden keskeytym\u00e4t\u00f6nt\u00e4 \u00e4\u00e4nentoistoa varten.<\/li>\n<li>MUKAVA JA KEVYT: Kukin kuuloke painaa vain 4 g, joten se tarjoaa mukavan ja paineettoman kuuntelukokemuksen, joka sopii t\u00e4ydellisesti pitkiin k\u00e4ytt\u00f6tunteihin.<\/li>\n<\/ul>","product_2_text_after":"Tribit FlyBuds C2 on toinen valintamme sen merkitt\u00e4vien ominaisuuksien ja hyv\u00e4n hinta-laatusuhteen ansiosta. Testauksen j\u00e4lkeen arvostimme sen uusinta Qualcomm QCC3040 -sirua, joka tarjoaa ylivoimaisen \u00e4\u00e4nen dekoodauksen, ja ainutlaatuista Qualcomm 4-Mic CVC 8.0 -tekniikkaa, joka v\u00e4hent\u00e4\u00e4 merkitt\u00e4v\u00e4sti taustamelua puheluiden aikana. Uusin Bluetooth 5.2 takaa vakaan ja tehokkaan yhteyden, ja 32 tuntia kest\u00e4v\u00e4 akku on ihanteellinen pitk\u00e4aikaiseen k\u00e4ytt\u00f6\u00f6n. Huolimatta siit\u00e4, ett\u00e4 t\u00e4ss\u00e4 tuotteessa ei ole ohjauspainiketta tai vedenpit\u00e4vi\u00e4 ominaisuuksia, todellinen langaton k\u00e4ytt\u00f6mukavuus ja k\u00e4tev\u00e4 latauskotelo tekev\u00e4t t\u00e4st\u00e4 tuotteesta varteenotettavan kilpailijan. Lis\u00e4ksi kuulokkeita tukee Tribit App, joka tarjoaa 24 erilaista EQ-tyyli\u00e4, mik\u00e4 lis\u00e4\u00e4 entisest\u00e4\u00e4n tuotteen monipuolisuutta. Hyv\u00e4n hinta-laatusuhteen ansiosta n\u00e4m\u00e4 kuulokkeet sopivat k\u00e4ytt\u00e4jille, jotka etsiv\u00e4t laadukasta suorituskyky\u00e4 rikkomatta pankkia.     "},"yoast_head":"<!-- This site is optimized with the Yoast SEO plugin v27.3 - https:\/\/yoast.com\/product\/yoast-seo-wordpress\/ -->\n<title>10 parasta langatonta nappikuuloketta ostettavaksi Isossa-Britanniassa vuodelle [month_year] [P\u00e4ivitetty] - DJ Music Geek<\/title>\n<meta name=\"robots\" content=\"index, follow, max-snippet:-1, max-image-preview:large, max-video-preview:-1\" \/>\n<link rel=\"canonical\" href=\"https:\/\/djmusicgeek.com\/fi\/parhaat-langattomat-korvanapit-ostettavaksi-2024\/\" \/>\n<meta property=\"og:locale\" content=\"fi_FI\" \/>\n<meta property=\"og:type\" content=\"article\" \/>\n<meta property=\"og:title\" content=\"10 parasta langatonta nappikuuloketta ostettavaksi Isossa-Britanniassa vuodelle [month_year] [P\u00e4ivitetty] - DJ Music Geek\" \/>\n<meta property=\"og:url\" content=\"https:\/\/djmusicgeek.com\/fi\/parhaat-langattomat-korvanapit-ostettavaksi-2024\/\" \/>\n<meta property=\"og:site_name\" content=\"DJ Music Geek\" \/>\n<meta property=\"article:modified_time\" content=\"2026-03-01T13:46:18+00:00\" \/>\n<meta name=\"twitter:card\" content=\"summary_large_image\" \/>\n<script type=\"application\/ld+json\" class=\"yoast-schema-graph\">{\"@context\":\"https:\\\/\\\/schema.org\",\"@graph\":[{\"@type\":\"WebPage\",\"@id\":\"https:\\\/\\\/djmusicgeek.com\\\/fi\\\/parhaat-langattomat-korvanapit-ostettavaksi-2024\\\/\",\"url\":\"https:\\\/\\\/djmusicgeek.com\\\/fi\\\/parhaat-langattomat-korvanapit-ostettavaksi-2024\\\/\",\"name\":\"10 parasta langatonta nappikuuloketta ostettavaksi Isossa-Britanniassa vuodelle [month_year] [P\u00e4ivitetty] - DJ Music Geek\",\"isPartOf\":{\"@id\":\"https:\\\/\\\/djmusicgeek.com\\\/#website\"},\"datePublished\":\"2024-01-19T02:13:41+00:00\",\"dateModified\":\"2026-03-01T13:46:18+00:00\",\"breadcrumb\":{\"@id\":\"https:\\\/\\\/djmusicgeek.com\\\/fi\\\/parhaat-langattomat-korvanapit-ostettavaksi-2024\\\/#breadcrumb\"},\"inLanguage\":\"fi\",\"potentialAction\":[{\"@type\":\"ReadAction\",\"target\":[\"https:\\\/\\\/djmusicgeek.com\\\/fi\\\/parhaat-langattomat-korvanapit-ostettavaksi-2024\\\/\"]}]},{\"@type\":\"BreadcrumbList\",\"@id\":\"https:\\\/\\\/djmusicgeek.com\\\/fi\\\/parhaat-langattomat-korvanapit-ostettavaksi-2024\\\/#breadcrumb\",\"itemListElement\":[{\"@type\":\"ListItem\",\"position\":1,\"name\":\"Etusivu\",\"item\":\"https:\\\/\\\/djmusicgeek.com\\\/\"},{\"@type\":\"ListItem\",\"position\":2,\"name\":\"10 parasta langatonta nappikuuloketta ostettavaksi Isossa-Britanniassa vuodelle March 2026 [P\u00e4ivitetty]\"}]},{\"@type\":\"WebSite\",\"@id\":\"https:\\\/\\\/djmusicgeek.com\\\/#website\",\"url\":\"https:\\\/\\\/djmusicgeek.com\\\/\",\"name\":\"DJ Music Geek\",\"description\":\"\",\"potentialAction\":[{\"@type\":\"SearchAction\",\"target\":{\"@type\":\"EntryPoint\",\"urlTemplate\":\"https:\\\/\\\/djmusicgeek.com\\\/?s={search_term_string}\"},\"query-input\":{\"@type\":\"PropertyValueSpecification\",\"valueRequired\":true,\"valueName\":\"search_term_string\"}}],\"inLanguage\":\"fi\"}]}<\/script>\n<!-- \/ Yoast SEO plugin. -->","yoast_head_json":{"title":"10 parasta langatonta nappikuuloketta ostettavaksi Isossa-Britanniassa vuodelle [month_year] [P\u00e4ivitetty] - DJ Music Geek","robots":{"index":"index","follow":"follow","max-snippet":"max-snippet:-1","max-image-preview":"max-image-preview:large","max-video-preview":"max-video-preview:-1"},"canonical":"https:\/\/djmusicgeek.com\/fi\/parhaat-langattomat-korvanapit-ostettavaksi-2024\/","og_locale":"fi_FI","og_type":"article","og_title":"10 parasta langatonta nappikuuloketta ostettavaksi Isossa-Britanniassa vuodelle [month_year] [P\u00e4ivitetty] - DJ Music Geek","og_url":"https:\/\/djmusicgeek.com\/fi\/parhaat-langattomat-korvanapit-ostettavaksi-2024\/","og_site_name":"DJ Music Geek","article_modified_time":"2026-03-01T13:46:18+00:00","twitter_card":"summary_large_image","schema":{"@context":"https:\/\/schema.org","@graph":[{"@type":"WebPage","@id":"https:\/\/djmusicgeek.com\/fi\/parhaat-langattomat-korvanapit-ostettavaksi-2024\/","url":"https:\/\/djmusicgeek.com\/fi\/parhaat-langattomat-korvanapit-ostettavaksi-2024\/","name":"10 parasta langatonta nappikuuloketta ostettavaksi Isossa-Britanniassa vuodelle [month_year] [P\u00e4ivitetty] - DJ Music Geek","isPartOf":{"@id":"https:\/\/djmusicgeek.com\/#website"},"datePublished":"2024-01-19T02:13:41+00:00","dateModified":"2026-03-01T13:46:18+00:00","breadcrumb":{"@id":"https:\/\/djmusicgeek.com\/fi\/parhaat-langattomat-korvanapit-ostettavaksi-2024\/#breadcrumb"},"inLanguage":"fi","potentialAction":[{"@type":"ReadAction","target":["https:\/\/djmusicgeek.com\/fi\/parhaat-langattomat-korvanapit-ostettavaksi-2024\/"]}]},{"@type":"BreadcrumbList","@id":"https:\/\/djmusicgeek.com\/fi\/parhaat-langattomat-korvanapit-ostettavaksi-2024\/#breadcrumb","itemListElement":[{"@type":"ListItem","position":1,"name":"Etusivu","item":"https:\/\/djmusicgeek.com\/"},{"@type":"ListItem","position":2,"name":"10 parasta langatonta nappikuuloketta ostettavaksi Isossa-Britanniassa vuodelle March 2026 [P\u00e4ivitetty]"}]},{"@type":"WebSite","@id":"https:\/\/djmusicgeek.com\/#website","url":"https:\/\/djmusicgeek.com\/","name":"DJ Music Geek","description":"","potentialAction":[{"@type":"SearchAction","target":{"@type":"EntryPoint","urlTemplate":"https:\/\/djmusicgeek.com\/?s={search_term_string}"},"query-input":{"@type":"PropertyValueSpecification","valueRequired":true,"valueName":"search_term_string"}}],"inLanguage":"fi"}]}},"_links":{"self":[{"href":"https:\/\/djmusicgeek.com\/fi\/wp-json\/wp\/v2\/pages\/12425","targetHints":{"allow":["GET"]}}],"collection":[{"href":"https:\/\/djmusicgeek.com\/fi\/wp-json\/wp\/v2\/pages"}],"about":[{"href":"https:\/\/djmusicgeek.com\/fi\/wp-json\/wp\/v2\/types\/page"}],"author":[{"embeddable":true,"href":"https:\/\/djmusicgeek.com\/fi\/wp-json\/wp\/v2\/users\/2"}],"replies":[{"embeddable":true,"href":"https:\/\/djmusicgeek.com\/fi\/wp-json\/wp\/v2\/comments?post=12425"}],"version-history":[{"count":2,"href":"https:\/\/djmusicgeek.com\/fi\/wp-json\/wp\/v2\/pages\/12425\/revisions"}],"predecessor-version":[{"id":17321,"href":"https:\/\/djmusicgeek.com\/fi\/wp-json\/wp\/v2\/pages\/12425\/revisions\/17321"}],"wp:attachment":[{"href":"https:\/\/djmusicgeek.com\/fi\/wp-json\/wp\/v2\/media?parent=12425"}],"curies":[{"name":"wp","href":"https:\/\/api.w.org\/{rel}","templated":true}]}}