{"id":12335,"date":"2024-05-12T15:00:55","date_gmt":"2024-05-12T15:00:55","guid":{"rendered":"https:\/\/djmusicgeek.com\/top-10-parasta-langatonta-bluetooth-kaiutinta-ostettavaksi-kuukaudeksi-vuodeksi-eu-paivitetty-2\/"},"modified":"2026-03-01T13:48:09","modified_gmt":"2026-03-01T13:48:09","slug":"top-10-parasta-langatonta-bluetooth-kaiutinta-ostettavaksi-kuukaudeksi-vuodeksi-eu-paivitetty-2","status":"publish","type":"page","link":"https:\/\/djmusicgeek.com\/fi\/top-10-parasta-langatonta-bluetooth-kaiutinta-ostettavaksi-kuukaudeksi-vuodeksi-eu-paivitetty-2\/","title":{"rendered":"Top 10 Parhaat langattomat Bluetooth-kaiuttimet ostaa varten"},"content":{"rendered":"","protected":false},"excerpt":{"rendered":"","protected":false},"author":2,"featured_media":0,"parent":0,"menu_order":0,"comment_status":"closed","ping_status":"closed","template":"sales-template.php","meta":{"_acf_changed":false,"footnotes":""},"class_list":["post-12335","page","type-page","status-publish","hentry"],"acf":{"product_2_supplier":"Shopsta","product_3_supplier":"Amazon","product_4_supplier":"Amazon","product_5_supplier":"Amazon","product_6_supplier":"Amazon","product_7_supplier":"Amazon","product_8_supplier":"Amazon","product_9_supplier":"Amazon","product_10_supplier":"Amazon","exclude_from_search":true,"product_3_url":"","product_3_price":"","product_url":"products\/blitzwolf-w-series-2nd-generation-speaker\/","product_2_url":"products\/500lk-100w-bluetooth-speaker-portable-speakers-quad-drivers-dual-diaphragm-deep-bass-rgb-light-tws-5000mah-outdoors-wireless-speaker-1","product_price_shortcode":"\u20ac109.00","product_discount_price_shortcode":"\u20ac87.20","product_image_1":"https:\/\/djmusicgeek.com\/wp-content\/uploads\/2021\/11\/bw-w-series-2-a.jpeg","product_image_2":"https:\/\/djmusicgeek.com\/wp-content\/uploads\/2022\/05\/69378614-8e6b-40ca-85b0-d8e5c32f0356_1000x1000-1.jpg","product_image_3":"https:\/\/djmusicgeek.com\/wp-content\/uploads\/2022\/07\/450acb13-537b-4d2d-9cdb-23d03d1847c2_1000x1000_f5bbaa83-9489-44e2-9679-c0f7576f17cc_1000x1000.jpeg","product_image_4":"https:\/\/djmusicgeek.com\/wp-content\/uploads\/2022\/05\/450acb13-537b-4d2d-9cdb-23d03d1847c2_1000x1000.jpeg","product_image_5":"https:\/\/djmusicgeek.com\/wp-content\/uploads\/2022\/07\/two-w-series-768x709.jpg","product_image_6":"https:\/\/djmusicgeek.com\/wp-content\/uploads\/2022\/06\/xdobo1-3.jpg","product_image_7":"https:\/\/djmusicgeek.com\/wp-content\/uploads\/2022\/07\/c14b9410-6ea7-4111-9fb8-8f2814d297b0-408x510.jpeg","product_image_8":"https:\/\/djmusicgeek.com\/wp-content\/uploads\/2022\/01\/Screenshot-2021-11-20-at-13.55.52-1024x994-1-525x510.jpg","product_3_asin":"B09HGRXXTM","product_4_asin":"B099T738ZC","product_5_asin":"B08YXBSP6X","product_6_asin":"B08GKVL7FN","product_7_asin":"B08YRT9T38","product_8_asin":"B08XYY43ZF","product_9_asin":"B08VDNCZT9","product_10_asin":"B0CD263FWB","product_2_image_1":"https:\/\/djmusicgeek.com\/wp-content\/uploads\/2022\/10\/500-1.jpg","product_2_image_2":"https:\/\/djmusicgeek.com\/wp-content\/uploads\/2022\/05\/ebc28331-c863-45fa-880d-6040d1d82804.jpg.webp","product_2_image_3":"https:\/\/djmusicgeek.com\/wp-content\/uploads\/2022\/10\/500-2-1.jpg","product_2_price":"\u20ac179.00","product_2_discount_price":"\u20ac143.20","product_2_asin":"","product_3_image_1":"","product_3_image_2":"","product_3_image_3":"","product_3_discount_price":"","language_code":"fi","product_name":"BlitzWolf\u00ae W-sarja","product_type":"Bluetooth-kaiutin","product_type_singular":"Bluetooth-kaiutin","product_full_name":"BlitzWolf\u00ae W-sarjan langaton vedenpit\u00e4v\u00e4 Bluetooth-kaiutin","bullet_points":"<ul>\n<li>30W TEHONL\u00c4HT\u00d6: Valtavat kaksoisohjaimet antavat sinulle mahdollisuuden nauttia syv\u00e4st\u00e4, tehostetusta bassosta ja loistavasta \u00e4\u00e4nest\u00e4.<\/li>\n<li>LATAA MATKALLA: Kannettava lataus laitteillesi sis\u00e4\u00e4nrakennetulla 4000 mAh:n suurikapasiteettisella akulla.<\/li>\n<li>IPX6 WATERPROOF: Nauti kaiuttimen k\u00e4yt\u00f6st\u00e4 m\u00e4r\u00e4ss\u00e4 niin paljon kuin haluat. T\u00e4m\u00e4 kaiutin on rakennettu kest\u00e4m\u00e4\u00e4n paineellisia vesisuihkuja, joten voit k\u00e4ytt\u00e4\u00e4 sit\u00e4 huoletta sateessa, suihkussa tai veden \u00e4\u00e4rell\u00e4.<\/li>\n<li>TODELLINEN LANGATON YHDIST\u00c4MINEN: Yhdist\u00e4 2 kaiutinta langattomasti, niin saat tuplahupia. W-sarjan Bluetooth 5.0 -yhteyden ansiosta sen kantama on jopa 240 metri\u00e4, ja yhteys laitteeseen on nopea ja helppo muodostaa.<\/li>\n<li>USEITA YHTEYKSI\u00c4: Liit\u00e4 W-sarja Bluetoothilla, k\u00e4yt\u00e4 Micro SD-korttia, johon on ladattu valmiiksi musiikkia, tai k\u00e4yt\u00e4 AUX-kaapelia.<\/li>\n<li>ULTRA PORTABLE: Kompakti, kannettava ja helppo kuljettaa, W-sarjan kannettava bluetooth-kaiutin mahtuu helposti reppuun, nauti musiikista kiipeilless\u00e4si, py\u00f6r\u00e4illess\u00e4si, retkeilless\u00e4si tai rannalla.<\/li>\n<li>20 TUNNIN AKUN KEST\u00c4VYYS: Nauti musiikista jopa 20 tuntia ilman latausta. Koe reipas basso ja yksityiskohtainen \u00e4\u00e4ni tien p\u00e4\u00e4ll\u00e4 ilman huolta akun kestosta.<\/li>\n<\/ul>\n","rating":"9.8","intro_text":"<p>Olemme testanneet kymmeni\u00e4 kannettavia kaiuttimia vuosien varrella. Testaamme kaikkia malleja kaikissa muodoissa, koossa ja spekseiss\u00e4, ja autamme sinua valitsemaan juuri sinulle sopivan mallin, joten meill\u00e4 on kaikki mit\u00e4 tarvitset, etsitp\u00e4 sitten loistavaa monitoimilaitetta, suurta juhlakaiutinta tai minikannettavaa podcastien kuunteluun. Riippumatta siit\u00e4, mit\u00e4 kuuntelet, miss\u00e4 kuuntelet tai mitk\u00e4 ovat vaatimuksesi, l\u00f6yd\u00e4t parhaat bluetooth-kaiuttimet t\u00e4\u00e4lt\u00e4.<\/p>\n","text_before_product_box":"<p>W-sarja tarjoaa valtavan \u00e4\u00e4nentoiston, loistavan akun keston, helpon siirrett\u00e4vyyden ja vedenpit\u00e4v\u00e4n muotoilun poikkeukselliseen hintaan. Ilmainen ja nopea toimitus kaikkialle EU:n alueelle eik\u00e4 tuontiveroja.<\/p>\n","text_after_product_box":"<p>Miksi BlitzWolf\u00ae W -sarja on paras valinta kaikista testaamistamme ulkokaiuttimista? Verrattaessa kaiutinta nimimerkkeihin, kuten Boseen ja Sonyyn, \u00e4\u00e4ni ei eroa ollut havaittavissa. Testasimme kaikkia t\u00e4m\u00e4n arvostelun kaiuttimia kuunnellen monenlaista musiikkia, rockia, R&#038;B:t\u00e4, jazzia ja rapia. W-sarjan \u00e4\u00e4ni oli selke\u00e4 ja ter\u00e4v\u00e4, eik\u00e4 se heikentynyt, kun lis\u00e4simme \u00e4\u00e4nenvoimakkuutta maksimiin. Halusitpa sitten viett\u00e4\u00e4 viile\u00e4n illan puutarhassa tai j\u00e4rjest\u00e4\u00e4 t\u00e4ydet kotibileet, W-sarja kattaa kaiken.<\/p>\n<h2>Siirrett\u00e4vyys<\/h2>\n<p>W-sarja on 21 cm pitk\u00e4, 5,5 cm korkea ja 7 cm leve\u00e4. Laite painaa vain 689 g, mik\u00e4 tekee siit\u00e4 eritt\u00e4in kannettavan. Kaiken kaikkiaan testasimme W-sarjan kannettavuutta melko paljon. Otan sen mukaan puistoihin, heit\u00e4n sen laukkuuni, soitan sit\u00e4 autossa ja vien sen takapihalle. Minusta se on t\u00e4ydellinen koko langattomalle kaiuttimelle, ei liian pieni, jotta \u00e4\u00e4ni heikkenisi, mutta ei liian suuri, jotta et voisi ottaa sit\u00e4 mukaan mihink\u00e4\u00e4n!<\/p>\n<h2>Akun k\u00e4ytt\u00f6ik\u00e4<\/h2>\n<p>Akku on todella t\u00e4rke\u00e4, kun tarkastelemme langattomia kaiuttimia. \u00c4\u00e4nenlaadun lis\u00e4ksi t\u00e4m\u00e4 on mielest\u00e4ni toiseksi t\u00e4rkein tekij\u00e4 ostop\u00e4\u00e4t\u00f6ksess\u00e4si. BlitzWolf W -sarjan laitteessa on naurettava 4000 mAh:n akku, joka tarkoittaa, ett\u00e4 voit soittaa musiikkia jopa 18 tuntia yhdell\u00e4 latauksella. Laitteessa on kolme p\u00e4\u00e4porttia, USB-C, Micro SD-kortti (kappaleiden toistamiseen suoraan kortilta) ja AUX-kaapeliportti. USB-liit\u00e4nt\u00e4\u00e4 voidaan helposti k\u00e4ytt\u00e4\u00e4 mink\u00e4 tahansa haluamasi laitteen lataamiseen, ja AUX-liit\u00e4nt\u00e4\u00e4 voidaan k\u00e4ytt\u00e4\u00e4 mink\u00e4 tahansa vanhemman tekniikan liitt\u00e4miseen, jota haluat k\u00e4ytt\u00e4\u00e4.<\/p>\n<p>Kaiken kaikkiaan saat BlitzWolf W -sarjan peliaikaa 18 tuntia!<\/p>\n","why_the_best_text":"<p>Testeiss\u00e4mme havaitsimme, ett\u00e4 korkeampi hinta ei aina merkitse korkeampaa laatua. Jotkin tunnetuimmista tuotemerkeist\u00e4, kuten JBL, Sony ja Bose, valmistivat todella hyvi\u00e4 kaiuttimia, mutta niiden hinta oli kaksinkertainen tai kolminkertainen BlitzWolf\u00ae W -sarjaan verrattuna. Kun vertailimme esimerkiksi bassoa, \u00e4\u00e4nen selkeytt\u00e4 ja ominaisuuksia, havaitsimme, ett\u00e4 niiss\u00e4 ei ollut juuri mit\u00e4\u00e4n merkitt\u00e4v\u00e4\u00e4 eroa.<\/p>\n","reviews_text":"<p>On t\u00e4rke\u00e4\u00e4 tarkastella, mit\u00e4 hyv\u00e4lt\u00e4 langattomalta kaiuttimelta vaaditaan. Olemme keksineet 7 langattomaan kaiuttimeen kuuluvaa v\u00e4ltt\u00e4m\u00e4t\u00f6nt\u00e4 tarviketta, jotka sinun on otettava huomioon:<\/p>\n<p>1) Loistava \u00e4\u00e4ni &#8211; emme voi menn\u00e4 ilman t\u00e4t\u00e4 olennaista komponenttia!<br \/>\n2) Kannettavuus &#8211; onko se helppo kuljettaa mukana?<br \/>\n3) Akun kesto &#8211; kuinka kauan akku kest\u00e4\u00e4?<br \/>\n4) Luotettavuus &#8211; tarvitseeko minun olla huolissani rakenteen laadusta?<br \/>\n5) Liitett\u00e4vyys &#8211; kuinka helppoa yhteyden muodostaminen on?<br \/>\n6) Vedenpit\u00e4vyys &#8211; tarvitseeko minun huolehtia sateesta?<br \/>\n7) Hinta &#8211; onko se edullinen vai maksanko liikaa?<\/p>\n<p>Olemme tarkistaneet ja tilanneet edell\u00e4 mainitut kaiuttimet n\u00e4iden tekij\u00f6iden perusteella. Kaikkien perusteiden kattaminen on t\u00e4rke\u00e4\u00e4, kun valitset bluetooth-kaiutinta, sill\u00e4 riitt\u00e4\u00e4, ett\u00e4 vain yksi kaiuttimen osa-alue pett\u00e4\u00e4 ja pilaa kokemuksesi. Kaiken kaikkiaan paras valintamme on BlitzWolf W -sarja, joka l\u00f6ytyy t\u00e4\u00e4lt\u00e4: https:\/\/www.shopsta.co\/products\/blitzwolf-w-series-2nd-generation-speaker.<\/p>\n","top_pick_box_text":"<p>Bluetooth-kaiuttimessa haluat, ett\u00e4 kaikki ominaisuudet on pakattu upeaan muotoiluun. BlitzWolf\u00ae W-sarja tarjoaa mielest\u00e4mme kaiken, mit\u00e4 langattomalta kaiuttimelta voi toivoa ilmi\u00f6m\u00e4iseen hintaan.<\/p>\n<p>W-sarja on laadukas, akun kesto on erinomainen, liitett\u00e4vyys on eritt\u00e4in luotettava ja se on yhteensopiva kaikkien laitteiden kanssa, joten annamme sille arvosanan 9,8\/10.<\/p>\n<p>Kun olemme k\u00e4ytt\u00e4neet laitetta nyt noin 4 kuukautta p\u00e4ivitt\u00e4isess\u00e4 k\u00e4yt\u00f6ss\u00e4, emme n\u00e4e vaihtavansa toiseen laitteeseen l\u00e4hiaikoina.<\/p>\n<p>Saat ilmaisen toimituksen, kun ostat Shopstasta.<\/p>\n","bottom_text":"<p>W-sarjan kaiuttimien teho on 30 wattia, mik\u00e4 on enemm\u00e4n kuin tarpeeksi keskivertok\u00e4ytt\u00e4j\u00e4lle. T\u00e4ydell\u00e4 \u00e4\u00e4nenvoimakkuudella kaiutinta voidaan pit\u00e4\u00e4 liian kovana pieniss\u00e4 huoneissa. T\u00e4m\u00e4 on kuitenkin hienoa, koska voit r\u00e4\u00e4t\u00e4l\u00f6id\u00e4 \u00e4\u00e4nil\u00e4ht\u00f6si asetusten mukaan. Muiden ominaisuuksien, kuten \u00e4\u00e4niaktivoinnin, 4000 mAh:n akun ja kest\u00e4v\u00e4n ulkokuoren ansiosta W-sarja mahdollistaa ehdottomasti eritt\u00e4in hyv\u00e4n siirrett\u00e4vyyden, loistavan \u00e4\u00e4nen ja my\u00f6s hyv\u00e4n hinnan.<\/p>\n","product_2_full_name":"500LK 100W langaton Bluetooth-kaiutin, jossa on 5000mAh akku","product_2_bullet_points":"<ul>\n<li>100W TEHOKAS TEHO: 500LK-kaiutin tuottaa stereo\u00e4\u00e4nen, jossa on t\u00e4ytel\u00e4inen basso, tiukat keski\u00e4\u00e4net ja kristallinkirkkaat korkeat \u00e4\u00e4net. Laajamittainen \u00e4\u00e4ni on tarpeeksi voimakas t\u00e4ytt\u00e4m\u00e4\u00e4n mink\u00e4 tahansa tilan. <\/li>\n<li>QUAD DRIVERS: Kristallinkirkkaat korkeat \u00e4\u00e4net ja voimakas ja syv\u00e4 basso toimitetaan poikkeuksellisen selke\u00e4sti ja ilman v\u00e4\u00e4ristymi\u00e4 parhaiden \u00e4\u00e4nikomponenttien avulla.<\/li>\n<li>5000mAh LARGE BATTERY: Pitk\u00e4 akun k\u00e4ytt\u00f6ik\u00e4 ja tuki USB-h\u00e4t\u00e4lataus, joka riitt\u00e4\u00e4 pitk\u00e4\u00e4n kaikkiin ulkoilma-aktiviteetteihin. Langattomien kannettavien bluetooth-kaiuttimien pit\u00e4isi olla ehdoton osa el\u00e4m\u00e4\u00e4si. <\/li>\n<li>\u00c4\u00c4NIASSISTENTTI: Ohjaa \u00e4lypuhelintasi helposti Googlen, Sirin jne. avulla&#8230;.<\/li>\n<li>HELPPO YHDIST\u00c4MINEN: Nauti aidosti elokuvateatterin surround-\u00e4\u00e4nest\u00e4, se on todella vertaansa vailla oleva kuulokokemus.<\/li>\n<li>RGB-VALO: Sateenkaarivaloshow, joka sykkii, vaiheistuu ja loistaa musiikin tahtiin. Kun nautit musiikista, valojen s\u00e4vyasteet tuovat todella juhlatunnelmaa. Tai sammuta se, jos et tunne tunnelmaa.  <\/li>\n<li>KOLME EQ-TILAA: Vaihda kolmen tilan v\u00e4lill\u00e4 (Standard, Light, Heavy Bass) painamalla EQ-painiketta musiikkimakusi mukaan.<\/li>\n<li>IPX5 WATERPROOF: T\u00e4ydellinen suihkussa, retkeilyyn, retkeilyyn. Ei huolta s\u00e4\u00e4st\u00e4 ja ulkoilmasta, ole rokkari matkallasi. <\/li>\n<\/ul>\n","text_after_product_box_2":"<h2>Rakennuslaatu<\/h2>\n<p>Laite tuntuu ensiluokkaiselta &#8211; mutta ilman hintalappua. Kaiuttimen rakennelaatu on erinomainen, ei mit\u00e4\u00e4n halpaa taipuvaa muovia. Laitteen yl\u00e4osassa olevia painikkeita on helppo painaa ja ne ovat tukevia. Kaiuttimen ulkokuori on todella vahva, ja sen pohjan jokaisessa kulmassa on my\u00f6s 4 liukumista est\u00e4v\u00e4\u00e4 silikonityyny\u00e4. Ne pit\u00e4v\u00e4t kaiuttimen todella hyvin paikallaan, eik\u00e4 laite liiku, kun musiikkia pauhataan t\u00e4ydell\u00e4 \u00e4\u00e4nenvoimakkuudella.<\/p>\n<h2>Liitett\u00e4vyys<\/h2>\n<p>T\u00e4ss\u00e4 ei ole ongelmia, sill\u00e4 W-sarja yhdist\u00e4\u00e4 l\u00e4hes mihin tahansa. K\u00e4yt\u00f6ss\u00e4si on tavallinen ja useimmin k\u00e4ytetty Bluetooth-yhteys, AUX-kaapeli ja my\u00f6s vaikuttava uusi ominaisuus nimelt\u00e4 NFC. T\u00e4t\u00e4 tekniikkaa k\u00e4ytet\u00e4\u00e4n Apple Payss\u00e4, jossa puhelimesi voi kommunikoida toisen laitteen kanssa tietojen l\u00e4hett\u00e4miseksi. Yksi yksinkertainen asennus iPhonella tai Android-puhelimella, ja voit muodostaa yhteyden W-sarjaan murto-osassa siit\u00e4 ajasta, joka sinulta olisi aiemmin kulunut. T\u00e4t\u00e4 ominaisuutta en voinut lopettaa k\u00e4ytt\u00e4m\u00e4st\u00e4, kun aloitin!<\/p>\n<h2>Vedeneristys<\/h2>\n<p>BlitzWolf W -sarja on t\u00e4ysin testattu IPX6-luokan vedenpit\u00e4v\u00e4 langaton kaiutin. Mit\u00e4 t\u00e4m\u00e4 tarkoittaa? Kyseess\u00e4 on standardoitu testi, joka osoittaa, kuinka hyvin laite kest\u00e4\u00e4 vett\u00e4. IPX6 on todella vaikuttava, mik\u00e4 tarkoittaa, ett\u00e4 laite on &#8221;suojattu korkeapaineista vesivirtaa vastaan mist\u00e4 tahansa kulmasta&#8221;. T\u00e4m\u00e4 tarkoittaa, ett\u00e4 sateella tai sadekuurolla ei ole haitallisia vaikutuksia laitteeseen. T\u00e4lt\u00e4 osin parhaat arvosanat.<\/p>\n<h2>Yhteenveto<\/h2>\n<p>Hinnan ja k\u00e4yt\u00e4nn\u00f6llisyyden vuoksi n\u00e4m\u00e4 ovat listamme k\u00e4rjess\u00e4. Miksi maksaa enemm\u00e4n? Kun se tulee ottaa suuri ulkona bluetooth-kaiutin, voit valita tyyris vaihtoehto, kuten Bose, mutta kun W-sarjan mukana tulee valtava 4000mAh akku mahdollistaa keskeytym\u00e4tt\u00f6m\u00e4n toiston 18 tuntia ja on IPX6 vedenpit\u00e4v\u00e4 alle \u00a3 100, olet todella saada paljon.<\/p>\n<p>Mainitsimmeko jo, ett\u00e4 kaiuttimet ovat niin kova\u00e4\u00e4niset, ett\u00e4 ne t\u00e4ytt\u00e4v\u00e4t 100 neli\u00f6metrin kent\u00e4n? Halusitpa sitten rentoutua puutarhassa, loikoilla rannalla tai juhlia pellolla, n\u00e4iden kaiuttimien avulla voit kuunnella kaikkia suosikkikappaleitasi miss\u00e4 tahansa oletkin.<\/p>\n","product_2_full_name_new":"500LK 100W langaton Bluetooth-kaiutin, jossa on 5000mAh akku","product_3_text_after":"<p>JBL on loistava kaiutinmerkki, ja Flip 6 on loistava bluetooth-kaiutin, joka tarjoaa selke\u00e4n ja ter\u00e4v\u00e4n \u00e4\u00e4nen keskihintaiseen tai korkeampaan hintaan. Akun kesto on mielest\u00e4mme yksi asia, jota voisi parantaa t\u00e4ss\u00e4 laitteessa. Mit\u00e4 tulee t\u00e4m\u00e4n laitteen hintaan, se ei ole kallein testaamamme kaiutin t\u00e4ss\u00e4 arvostelussa, vaikka 500LK:n hinta on samansuuruinen, mutta rahalla saa v\u00e4hemm\u00e4n ominaisuuksia.<\/p>\n","product_4_text_after":"<p>Bose valmistaa todella hyvi\u00e4 kaiuttimia, mink\u00e4 vuoksi SoundLink Flex on listan sijalla 4. Valitettavasti emme usko, ett\u00e4 saat niin paljon vastinetta rahoillesi, sill\u00e4 n\u00e4m\u00e4 ovat noin 150 euroa, ja kun otetaan huomioon laitteen tekniset tiedot, meist\u00e4 tuntuu, ett\u00e4 maksat noin 50-70 euroa lis\u00e4\u00e4 vain tuotenimen vuoksi. Rahasta huolimatta SoundLink Flex on loistava kaiutin, ja niille, jotka nauttivat tuotemerkist\u00e4, t\u00e4m\u00e4 voi olla oikea kaiutin sinulle. Lopuksi meist\u00e4 tuntuu, ett\u00e4 Bosen on parannettava vain 12 tunnin akunkestoa t\u00e4ss\u00e4 laitteessa. Toki se riitt\u00e4\u00e4 p\u00e4iv\u00e4n peliaikaan, mutta kun muut tuotemerkit, kuten BlitzWolf, k\u00e4ytt\u00e4v\u00e4t akkuja, jotka kest\u00e4v\u00e4t jopa 20 tuntia, emme ymm\u00e4rr\u00e4, miksi premium-br\u00e4ndi ei seuraa esimerkki\u00e4.<\/p>\n","product_5_text_after":"<p>Sopii erinomaisesti puutarhaan \/ ulkoalueille ja tarjoaa hyv\u00e4n ja selke\u00e4n \u00e4\u00e4nen noin 200 eurolla. Visuaalisesti kaiutin on varsin vieh\u00e4tt\u00e4v\u00e4, ja se sopii hyvin useimpiin ymp\u00e4rist\u00f6ihin. Korkea hinta, mutta kokonaisuutena hyv\u00e4 \u00e4\u00e4nentoisto ja hyv\u00e4 akun kesto. Muotoilu on varsin tyylik\u00e4s ja samanlainen kuin BlitzWolf W -sarjassa. <\/p>\n","product_6_text_after":"<p>Samoin kuin edell\u00e4, B&#038;O Beolit 20 ei ole kovinkaan kannettava, mutta se tarjoaa poikkeuksellisen hyv\u00e4n \u00e4\u00e4nen. Kun olet viett\u00e4\u00e4 noin \u00a3 450 vaikka, voit odottaa ainakin hyv\u00e4 \u00e4\u00e4ni. Jos etsit parasta \u00e4\u00e4nen selkeytt\u00e4, t\u00e4m\u00e4 laite on sinua varten. Varaudu vain siihen, ett\u00e4 akun kesto on 7 tuntia.<\/p>\n","product_7_text_after":"<p>Jos etsit huippuluokkaa ja olet valmis maksamaan siit\u00e4, Beosound Explore on erinomainen vaihtoehto. Verrattuna B&#038;O Beolit 20:een, t\u00e4m\u00e4 laite on oikeastaan kannettava. Explore tarjoaa edelleen loistavan \u00e4\u00e4nen noin 175 euron hintaan, ja se j\u00e4\u00e4 j\u00e4lkeen vain hinnoittelussa. Se on noin 80-100 euroa kalliimpi kuin ykk\u00f6smallimme BlitzWolf W -sarja, emmek\u00e4 pysty perustelemaan, miksi valitsisit t\u00e4m\u00e4n mallin, ellet ole vakava B&#038;O-fani. <\/p>\n","product_8_text_after":"<p>Enemm\u00e4nkin boombox-kaiutin on melko suuri kaiutin, ja se tuottaa 70 W:n \u00e4\u00e4nitehon, joten se on eritt\u00e4in \u00e4\u00e4nek\u00e4s. Sen l\u00e4hin kilpailija listallamme on 500LK, jossa on 30 W lis\u00e4\u00e4 tehoa ja parempi akun kesto. Kaiken kaikkiaan W-KING on hieno, vaikkakin eritt\u00e4in tilaa viev\u00e4. Istuu noin \u20ac 95-\u20ac 100, ajattelemme ylim\u00e4\u00e4r\u00e4inen \u00a3 10 tai niin ylim\u00e4\u00e4r\u00e4ist\u00e4 500LK olisi sen arvoista ottaen huomioon lis\u00e4tyn tehon ja akun kesto.<\/p>\n","product_9_text_after":"<p>Istuu noin \u00a3 130 on JBL Charge 5. Viimeisen\u00e4 listallamme vain yhdest\u00e4 syyst\u00e4: akun kestoajaksi ilmoitettiin jopa 20 tuntia, mutta testeiss\u00e4mme saavutimme vain 4-8 tuntia vaihtelevilla \u00e4\u00e4nenvoimakkuuksilla. T\u00e4t\u00e4 lukuun ottamatta Charge 5 olisi listallamme sijalla 3 tai 4. Kaiken kaikkiaan laadukas \u00e4\u00e4ni ja basso, mutta kun verrataan kaiutinta vastaaviin kilpailijoihin, kuten BlitzWolfiin ja Boseen, meist\u00e4 tuntuu, ett\u00e4 on olemassa parempia vaihtoehtoja, kun verrataan tuotteen ominaisuuksia, hinnoittelua ja \u00e4\u00e4nenlaatua rahaan n\u00e4hden.<\/p>\n","product_10_text_after":"<p>Kallis, mutta loistava valinta niille, joilla on suurempi budjetti. Korkea rakennuslaatu ja yleisesti ottaen hyv\u00e4 akun kesto tehoon n\u00e4hden. Suosittelemme k\u00e4ytt\u00e4m\u00e4\u00e4n hieman v\u00e4hemm\u00e4n rahaa, sill\u00e4 hyv\u00e4n bluetooth-kaiuttimen hankkiminen ei varmaankaan ole noin 300 euron arvoista. Kunnollinen budjetti, jolla saat laitteesta suurimman mahdollisen hy\u00f6dyn irti, olisi noin 100-150 euroa.   <\/p>\n"},"yoast_head":"<!-- This site is optimized with the Yoast SEO plugin v27.4 - https:\/\/yoast.com\/product\/yoast-seo-wordpress\/ -->\n<title>Top 10 Parhaat langattomat Bluetooth-kaiuttimet ostaa varten - DJ Music Geek<\/title>\n<meta name=\"robots\" content=\"index, follow, max-snippet:-1, max-image-preview:large, max-video-preview:-1\" \/>\n<link rel=\"canonical\" href=\"https:\/\/djmusicgeek.com\/fi\/top-10-parasta-langatonta-bluetooth-kaiutinta-ostettavaksi-kuukaudeksi-vuodeksi-eu-paivitetty-2\/\" \/>\n<meta property=\"og:locale\" content=\"fi_FI\" \/>\n<meta property=\"og:type\" content=\"article\" \/>\n<meta property=\"og:title\" content=\"Top 10 Parhaat langattomat Bluetooth-kaiuttimet ostaa varten - DJ Music Geek\" \/>\n<meta property=\"og:url\" content=\"https:\/\/djmusicgeek.com\/fi\/top-10-parasta-langatonta-bluetooth-kaiutinta-ostettavaksi-kuukaudeksi-vuodeksi-eu-paivitetty-2\/\" \/>\n<meta property=\"og:site_name\" content=\"DJ Music Geek\" \/>\n<meta property=\"article:modified_time\" content=\"2026-03-01T13:48:09+00:00\" \/>\n<meta name=\"twitter:card\" content=\"summary_large_image\" \/>\n<script type=\"application\/ld+json\" class=\"yoast-schema-graph\">{\"@context\":\"https:\\\/\\\/schema.org\",\"@graph\":[{\"@type\":\"WebPage\",\"@id\":\"https:\\\/\\\/djmusicgeek.com\\\/fi\\\/top-10-parasta-langatonta-bluetooth-kaiutinta-ostettavaksi-kuukaudeksi-vuodeksi-eu-paivitetty-2\\\/\",\"url\":\"https:\\\/\\\/djmusicgeek.com\\\/fi\\\/top-10-parasta-langatonta-bluetooth-kaiutinta-ostettavaksi-kuukaudeksi-vuodeksi-eu-paivitetty-2\\\/\",\"name\":\"Top 10 Parhaat langattomat Bluetooth-kaiuttimet ostaa varten - DJ Music Geek\",\"isPartOf\":{\"@id\":\"https:\\\/\\\/djmusicgeek.com\\\/#website\"},\"datePublished\":\"2024-05-12T15:00:55+00:00\",\"dateModified\":\"2026-03-01T13:48:09+00:00\",\"breadcrumb\":{\"@id\":\"https:\\\/\\\/djmusicgeek.com\\\/fi\\\/top-10-parasta-langatonta-bluetooth-kaiutinta-ostettavaksi-kuukaudeksi-vuodeksi-eu-paivitetty-2\\\/#breadcrumb\"},\"inLanguage\":\"fi\",\"potentialAction\":[{\"@type\":\"ReadAction\",\"target\":[\"https:\\\/\\\/djmusicgeek.com\\\/fi\\\/top-10-parasta-langatonta-bluetooth-kaiutinta-ostettavaksi-kuukaudeksi-vuodeksi-eu-paivitetty-2\\\/\"]}]},{\"@type\":\"BreadcrumbList\",\"@id\":\"https:\\\/\\\/djmusicgeek.com\\\/fi\\\/top-10-parasta-langatonta-bluetooth-kaiutinta-ostettavaksi-kuukaudeksi-vuodeksi-eu-paivitetty-2\\\/#breadcrumb\",\"itemListElement\":[{\"@type\":\"ListItem\",\"position\":1,\"name\":\"Etusivu\",\"item\":\"https:\\\/\\\/djmusicgeek.com\\\/\"},{\"@type\":\"ListItem\",\"position\":2,\"name\":\"Top 10 Parhaat langattomat Bluetooth-kaiuttimet ostaa varten\"}]},{\"@type\":\"WebSite\",\"@id\":\"https:\\\/\\\/djmusicgeek.com\\\/#website\",\"url\":\"https:\\\/\\\/djmusicgeek.com\\\/\",\"name\":\"DJ Music Geek\",\"description\":\"\",\"potentialAction\":[{\"@type\":\"SearchAction\",\"target\":{\"@type\":\"EntryPoint\",\"urlTemplate\":\"https:\\\/\\\/djmusicgeek.com\\\/?s={search_term_string}\"},\"query-input\":{\"@type\":\"PropertyValueSpecification\",\"valueRequired\":true,\"valueName\":\"search_term_string\"}}],\"inLanguage\":\"fi\"}]}<\/script>\n<!-- \/ Yoast SEO plugin. -->","yoast_head_json":{"title":"Top 10 Parhaat langattomat Bluetooth-kaiuttimet ostaa varten - DJ Music Geek","robots":{"index":"index","follow":"follow","max-snippet":"max-snippet:-1","max-image-preview":"max-image-preview:large","max-video-preview":"max-video-preview:-1"},"canonical":"https:\/\/djmusicgeek.com\/fi\/top-10-parasta-langatonta-bluetooth-kaiutinta-ostettavaksi-kuukaudeksi-vuodeksi-eu-paivitetty-2\/","og_locale":"fi_FI","og_type":"article","og_title":"Top 10 Parhaat langattomat Bluetooth-kaiuttimet ostaa varten - DJ Music Geek","og_url":"https:\/\/djmusicgeek.com\/fi\/top-10-parasta-langatonta-bluetooth-kaiutinta-ostettavaksi-kuukaudeksi-vuodeksi-eu-paivitetty-2\/","og_site_name":"DJ Music Geek","article_modified_time":"2026-03-01T13:48:09+00:00","twitter_card":"summary_large_image","schema":{"@context":"https:\/\/schema.org","@graph":[{"@type":"WebPage","@id":"https:\/\/djmusicgeek.com\/fi\/top-10-parasta-langatonta-bluetooth-kaiutinta-ostettavaksi-kuukaudeksi-vuodeksi-eu-paivitetty-2\/","url":"https:\/\/djmusicgeek.com\/fi\/top-10-parasta-langatonta-bluetooth-kaiutinta-ostettavaksi-kuukaudeksi-vuodeksi-eu-paivitetty-2\/","name":"Top 10 Parhaat langattomat Bluetooth-kaiuttimet ostaa varten - DJ Music Geek","isPartOf":{"@id":"https:\/\/djmusicgeek.com\/#website"},"datePublished":"2024-05-12T15:00:55+00:00","dateModified":"2026-03-01T13:48:09+00:00","breadcrumb":{"@id":"https:\/\/djmusicgeek.com\/fi\/top-10-parasta-langatonta-bluetooth-kaiutinta-ostettavaksi-kuukaudeksi-vuodeksi-eu-paivitetty-2\/#breadcrumb"},"inLanguage":"fi","potentialAction":[{"@type":"ReadAction","target":["https:\/\/djmusicgeek.com\/fi\/top-10-parasta-langatonta-bluetooth-kaiutinta-ostettavaksi-kuukaudeksi-vuodeksi-eu-paivitetty-2\/"]}]},{"@type":"BreadcrumbList","@id":"https:\/\/djmusicgeek.com\/fi\/top-10-parasta-langatonta-bluetooth-kaiutinta-ostettavaksi-kuukaudeksi-vuodeksi-eu-paivitetty-2\/#breadcrumb","itemListElement":[{"@type":"ListItem","position":1,"name":"Etusivu","item":"https:\/\/djmusicgeek.com\/"},{"@type":"ListItem","position":2,"name":"Top 10 Parhaat langattomat Bluetooth-kaiuttimet ostaa varten"}]},{"@type":"WebSite","@id":"https:\/\/djmusicgeek.com\/#website","url":"https:\/\/djmusicgeek.com\/","name":"DJ Music Geek","description":"","potentialAction":[{"@type":"SearchAction","target":{"@type":"EntryPoint","urlTemplate":"https:\/\/djmusicgeek.com\/?s={search_term_string}"},"query-input":{"@type":"PropertyValueSpecification","valueRequired":true,"valueName":"search_term_string"}}],"inLanguage":"fi"}]}},"_links":{"self":[{"href":"https:\/\/djmusicgeek.com\/fi\/wp-json\/wp\/v2\/pages\/12335","targetHints":{"allow":["GET"]}}],"collection":[{"href":"https:\/\/djmusicgeek.com\/fi\/wp-json\/wp\/v2\/pages"}],"about":[{"href":"https:\/\/djmusicgeek.com\/fi\/wp-json\/wp\/v2\/types\/page"}],"author":[{"embeddable":true,"href":"https:\/\/djmusicgeek.com\/fi\/wp-json\/wp\/v2\/users\/2"}],"replies":[{"embeddable":true,"href":"https:\/\/djmusicgeek.com\/fi\/wp-json\/wp\/v2\/comments?post=12335"}],"version-history":[{"count":1,"href":"https:\/\/djmusicgeek.com\/fi\/wp-json\/wp\/v2\/pages\/12335\/revisions"}],"predecessor-version":[{"id":12367,"href":"https:\/\/djmusicgeek.com\/fi\/wp-json\/wp\/v2\/pages\/12335\/revisions\/12367"}],"wp:attachment":[{"href":"https:\/\/djmusicgeek.com\/fi\/wp-json\/wp\/v2\/media?parent=12335"}],"curies":[{"name":"wp","href":"https:\/\/api.w.org\/{rel}","templated":true}]}}