{"id":17391,"date":"2026-02-13T10:59:05","date_gmt":"2026-02-13T10:59:05","guid":{"rendered":"https:\/\/djmusicgeek.com\/best-headphones-to-buy-today-en-gb\/"},"modified":"2026-03-01T13:46:27","modified_gmt":"2026-03-01T13:46:27","slug":"best-headphones-to-buy-today-en-gb","status":"publish","type":"page","link":"https:\/\/djmusicgeek.com\/et\/best-headphones-to-buy-today-en-gb\/","title":{"rendered":"10 parimat juhtmevaba k\u00f5rvaklappi"},"content":{"rendered":"","protected":false},"excerpt":{"rendered":"","protected":false},"author":2,"featured_media":0,"parent":0,"menu_order":0,"comment_status":"closed","ping_status":"closed","template":"sales-template.php","meta":{"_acf_changed":false,"footnotes":""},"class_list":["post-17391","page","type-page","status-publish","hentry"],"acf":{"product_url":"","product_image_1":"","product_image_2":"","product_image_3":"","product_image_4":"","product_image_5":"","product_image_6":"","product_image_7":"","product_image_8":"","product_2_supplier":"Amazon","product_2_asin":"B0CRMB9Z84","product_3_supplier":"Amazon","product_3_asin":"B0FPD1P24J","product_4_supplier":"Amazon","product_4_asin":"B0CZ6S1G4B","product_5_supplier":"Amazon","product_5_asin":"","product_6_supplier":"Amazon","product_6_asin":"","product_7_supplier":"Amazon","product_7_asin":"B0DQ833QW9","product_8_supplier":"Amazon","product_8_asin":"","product_9_supplier":"Amazon","product_9_asin":"","product_10_supplier":"Amazon","product_10_asin":"","exclude_from_search":false,"product_2_url":"","product_2_image_1":"","product_2_image_2":"","product_2_image_3":"","product_3_url":"","product_3_image_1":"","product_3_image_2":"","product_3_image_3":"","language_code":"et","product_name":"Oneodio A-seeria","product_type":"Juhtmevabad k\u00f5rvaklapid","product_type_singular":"Juhtmevaba k\u00f5rvaklapp","features":"<p>Bluetooth 5.0 \u00fchenduvus<br \/>\nAktiivne m\u00fcrasummutus<br \/>\nJuhtmevaba funktsionaalsus<br \/>\nSisseehitatud mikrofon<br \/>\nType-C laadimine<br \/>\nKandekott komplektis<br \/>\nPikendatud 2-aastane garantii<br \/>\nKvaliteetne heli\u00fclekanne<\/p>\n","rating":"9.8","intro_text":"<p>Tere tulemast meie p\u00f5hjaliku \u00fclevaate juurde k\u00fcmnest parimast juhtmevabast k\u00f5rvaklapist, mida t\u00e4na osta saab. Oleme iga toodet hoolikalt testinud ja arvustanud, et tuua sinuni parimad valikud sinu helivajaduste jaoks. Oled sa siis audiofiil v\u00f5i otsid lihtsalt usaldusv\u00e4\u00e4rseid k\u00f5rvaklappe igap\u00e4evaseks kasutamiseks, meie valik katab laia valiku funktsioone ja eelarveid.  <\/p>\n<p>Selles artiklis s\u00fcveneme iga toote j\u00f5udlusse, mugavusse ja v\u00e4\u00e4rtusesse. Alates t\u00e4iustatud m\u00fcrasummutustehnoloogiast kuni muljetavaldava akukestvuseni \u2013 meie parimad valikud paistavad juhtmevabade k\u00f5rvaklappide tihedal turul silma. Tule meiega ja avasta omadused, mis teevad need k\u00f5rvaklapid t\u00f5eliselt erakordseks.  <\/p>\n","text_before_product_box":"<p>Tehnoloogia arenedes pole n\u00f5udlus kvaliteetsete juhtmevabade k\u00f5rvaklappide j\u00e4rele kunagi olnud suurem. \u00dcksk\u00f5ik, kas oled teel t\u00f6\u00f6le, t\u00f6\u00f6tad v\u00f5i l\u00f5\u00f5gastud kodus, head k\u00f5rvaklapid v\u00f5ivad sinu helikogemust t\u00e4ielikult muuta. Selles juhendis oleme ritta pannud t\u00e4nased parimad valikud, t\u00f5stes esile nende peamised omadused ja eelised.  <\/p>\n<p>Meie esikohavalik, Oneodio A-seeria, juhib v\u00e4ge oma t\u00e4iustatud funktsioonide ja erakordse j\u00f5udlusega. Uurime l\u00e4hemalt, miks see toode konkurentide seas silma paistab. <\/p>\n","text_after_product_box":"<p>Parimate juhtmevabade k\u00f5rvaklappide hindamisel v\u00f5tsime arvesse mitmeid tegureid, nagu helikvaliteet, mugavus, akukestvus ning lisafunktsioonid nagu m\u00fcrasummutus ja \u00fchenduvusv\u00f5imalused. Iga toodet testiti reaalsetes olukordades, et tagada sulle usaldusv\u00e4\u00e4rsed soovitused. <\/p>\n<p>Head juhtmevabad k\u00f5rvaklapid peaksid pakkuma sujuvat segu mugavusest, helikvaliteedist ja funktsionaalsusest. Oneodio A-seeria on k\u00f5igis neis valdkondades suurep\u00e4rane, pakkudes kasutajatele v\u00f5rratut kuulamiskogemust. Selle tipptasemel m\u00fcrasummutustehnoloogia ja kindel Bluetooth-\u00fchendus teevad sellest t\u00e4iusliku valiku igale audiofiilile.  <\/p>\n","why_the_best_text":"<p>Oneodio A-seeria on parim valik juhtmevabade k\u00f5rvaklappide seas t\u00e4nu oma erakordsele funktsioonide ja j\u00f5udluse kombinatsioonile. Erinevalt paljudest konkurentidest pakub see nii t\u00e4iustatud aktiivset m\u00fcrasummutust kui ka Bluetooth 5.0 \u00fchendust katkematuks kuulamiseks. Selle kvaliteetne heli tagab, et iga noot on puhas ja selge, olenemata sellest, kas kuulad muusikat v\u00f5i vastad k\u00f5nedele.  <\/p>\n<p>Teine suur eelis on Type-C laadimine, mis v\u00f5imaldab kiiret ja mugavat toite lisamist. Kandekoti lisamine ja pikendatud 2-aastane garantii t\u00f5stavad selle v\u00e4\u00e4rtust veelgi, tehes sellest tipptegija mitte ainult helikvaliteedi, vaid ka vastupidavuse ja usaldusv\u00e4\u00e4rsuse poolest. <\/p>\n","reviews_text":"<p>Kuigi Oneodio A-seerial pole veel palju kasutajate arvustusi, on selle muljetavaldavad tehnilised andmed ja p\u00f5hjalik funktsioonide komplekt teinud sellest juba silmapaistva valiku. Bluetooth 5.0 integratsioon tagab sujuva \u00fchenduse, samas kui aktiivne m\u00fcrasummutus on loodud pakkuma kaasahaaravat helikogemust, v\u00e4hendades soovimatuid \u00fcmbritsevaid helisid. <\/p>\n<p>Selle sisseehitatud mikrofon v\u00f5imaldab selget suhtlust, muutes selle suurep\u00e4raseks valikuks nii muusikahuvilistele kui ka professionaalidele, kes vajavad k\u00f5nedeks usaldusv\u00e4\u00e4rset helikvaliteeti. Pikendatud 2-aastane garantii suurendab veelgi selle atraktiivsust, pakkudes kasutajatele meelerahu. <\/p>\n","top_pick_box_text":"<p>Oneodio A-seeria paistab silma kui \u00fclim valik juhtmevabade k\u00f5rvaklappide seas, pakkudes t\u00e4iustatud m\u00fcrasummutust, \u00fclimat helikvaliteeti ja usaldusv\u00e4\u00e4rset j\u00f5udlust. See on t\u00e4iuslik segu tehnoloogiast ja mugavusest, olles kohustuslik ese igale helientusiastile. <\/p>\n","bottom_text":"<p>Kokkuv\u00f5tteks v\u00f5ib \u00f6elda, et Oneodio A-seeria on eeskujulik mudel, mis m\u00e4\u00e4ratleb uuesti selle, mida kasutajad juhtmevabadelt k\u00f5rvaklappidelt oodata v\u00f5ivad. Selle muljetavaldav funktsioonide kogum ja j\u00f5uline esitus teevad sellest v\u00e4\u00e4rt investeeringu k\u00f5igile, kes suhtuvad helikvaliteeti t\u00f5siselt. <\/p>\n<p>\u00c4ra maga maha v\u00f5imalust kogeda tipptasemel heli ja mugavust. Vali Oneodio A-seeria ja t\u00e4iusta oma kuulamiskogemust juba t\u00e4na! <\/p>\n","product_2_text_after":"<p>Teisel kohal olev JLab JBuds LUX ANC pakub m\u00e4rkimisv\u00e4\u00e4rset tasakaalu j\u00f5udluse ja taskukohasuse vahel. Oma nutika aktiivse m\u00fcrasummutusega kohanduvad need k\u00f5rvaklapid sinu \u00fcmbrusega, tagades optimaalse kuulamiskogemuse. Helikvaliteeti t\u00e4iustavad veelgi 40 mm draiverid, mis edastavad rikkalikku ja kaasahaaravat heli.  <\/p>\n<p>\u00dcks silmapaistvamaid omadusi on selle muljetavaldav akukestvus, pakkudes \u00fcle 70 tunni m\u00e4nguaega. Ergonoomiline disain koos Cloud Foam patjadega tagab mugavuse pikkade kuulamissessioonide ajal. Kuigi sellel ei pruugi olla meie esikohavaliku premium-klassi koostekvaliteeti, teevad selle hinna ja kvaliteedi suhe ning usaldusv\u00e4\u00e4rne j\u00f5udlus sellest suurep\u00e4rase valiku s\u00e4\u00e4stlikule ostjale.  <\/p>\n","text_after_product_box_2":"<p>Kuna juhtmevabade k\u00f5rvaklappide turg areneb pidevalt, otsivad tarbijad \u00fcha enam tooteid, mis ei paku ainult head heli, vaid ka nutikaid funktsioone, nagu h\u00e4\u00e4lassistendid ja mitmik\u00fchendus. K\u00f5rvaklappe ostes m\u00f5tle oma konkreetsetele vajadustele, n\u00e4iteks akukestvusele pikkadeks reisideks v\u00f5i m\u00fcrasummutusele vaiksema t\u00f6\u00f6keskkonna jaoks. <\/p>\n<p>Enne ostu sooritamist vaata kindlasti ka klientide arvustusi ja ekspertide arvamusi. See v\u00f5ib anda v\u00e4\u00e4rtuslikku teavet k\u00f5rvaklappide tegeliku j\u00f5udluse kohta ja aidata sul teha teadliku otsuse. <\/p>\n","product_3_text_after":"<p>TOZO HT3 k\u00f5rvaklapid kindlustavad kolmanda positsiooni t\u00e4nu oma muljetavaldavale funktsioonide loetelule ja \u00fcletamatule hinnale. Nutika keskkonnaga kohanduva m\u00fcrasummutuse ja topelt d\u00fcnaamiliste draiveritega pakuvad need k\u00f5rvaklapid erakordset heliselgust ja bassi. <\/p>\n<p>Vapustava 90-tunnise akukestvusega on need ideaalsed pikkadeks reisideks v\u00f5i pikaajaliseks kasutamiseks. Kahe Bluetooth-\u00fchenduse funktsioon v\u00f5imaldab sujuvat \u00fcmberl\u00fclitumist seadmete vahel, lisades neile mitmek\u00fclgsust. Kuigi neil v\u00f5ib puududa k\u00f5rgema klassi mudelite br\u00e4ndi prestii\u017e, teevad nende j\u00f5udlus ja tasuvus neist veenva valiku.  <\/p>\n","product_4_text_after":"<p>GarageRock E7 k\u00f5rvaklapid on tuntud oma t\u00e4iustatud ANC-tehnoloogia ja esmaklassilise helikvaliteedi poolest, olles kindel valik neile, kes v\u00e4\u00e4rtustavad heli t\u00e4psust. 45 mm suure avaga draiverid tagavad, et iga noot edastatakse selgelt. <\/p>\n<p>Need k\u00f5rvaklapid on loodud kestvaks mugavuseks proteiinnahast k\u00f5rvapatjade ja vastupidava konstruktsiooniga. Pakkudes 30 tundi m\u00e4nguaega, sobivad need igap\u00e4evaseks kasutamiseks ja reisimiseks. Ehkki need asuvad meie edetabelis madalamal, on nende heliesitus ja mugavustase oma hinnaklassi kohta kiiduv\u00e4\u00e4rt.  <\/p>\n","product_5_text_after":"<p>Oneodio A6 ANC on funktsioonirikas mudel, mis pakub 48 dB h\u00fcbriidset aktiivset m\u00fcrasummutust, olles ideaalne muusikas\u00f5pradele, kes soovivad s\u00fcvenenud kuulamiskogemust. Hi-Res Audio ja LDAC toega pakuvad need k\u00f5rvaklapid stuudiokvaliteediga heli, t\u00f5stes sinu heliseansid uuele tasemele. <\/p>\n<p>Selle disain sisaldab sisseehitatud mikrofoni ja rakenduse kaudu juhtimist, pakkudes mitmek\u00fclgsust erinevateks kasutusteks. Konkurentsiv\u00f5imelise hinnaga A6 ANC on tugev kandidaat neile, kes otsivad tipptasemel funktsioone ilma varandust kulutamata, kuigi selles etapis napib veel kasutajate arvustusi. <\/p>\n","product_6_text_after":"<p>SOUNDPEATS k\u00f5rvaklapid paistavad silma oma Hi-Res Audio sertifikaadiga, tagades erakordse helit\u00e4psuse. Kahekordne aktiivne m\u00fcrasummutus v\u00e4hendab m\u00e4rkimisv\u00e4\u00e4rselt \u00fcmbritsevat m\u00fcra, suurendades sinu kuulamisnaudingut. <\/p>\n<p>40-tunnise akukestvuse ja Bluetooth 5.0-ga pakuvad need k\u00f5rvaklapid pikaealisust ja usaldusv\u00e4\u00e4rset \u00fchendust. Kuigi need ei pruugi pakkuda tipptasemel mudelite ulatuslikke funktsioone, on need suurep\u00e4rane valik kasutajatele, kes prioritiseerivad helikvaliteeti ja m\u00fcra isoleerimist. <\/p>\n","product_7_text_after":"<p>Xmenha Wireless Bluetooth AI Translation k\u00f5rvaklapid pakuvad unikaalset v\u00f5imalust reaalajas t\u00f5lkeks 150 keeles. See teeb need eriti atraktiivseks sagedastele reisijatele ja rahvusvahelistele \u00e4riprofessionaalidele. <\/p>\n<p>Kuigi nende helij\u00f5udlus ja koostekvaliteet ei pruugi \u00fchtida k\u00f5rgemalt reastatud mudelitega, teeb puuteekraaniga \u00fcmbrise ja ANC m\u00fcrasummutuse lisafunktsionaalsus neist mitmek\u00fclgse t\u00f6\u00f6riista suhtlemiseks ja \u00f5ppimiseks.<\/p>\n"},"yoast_head":"<!-- This site is optimized with the Yoast SEO plugin v27.4 - https:\/\/yoast.com\/product\/yoast-seo-wordpress\/ -->\n<title>10 parimat juhtmevaba k\u00f5rvaklappi - DJ Music Geek<\/title>\n<meta name=\"robots\" content=\"index, follow, max-snippet:-1, max-image-preview:large, max-video-preview:-1\" \/>\n<link rel=\"canonical\" href=\"https:\/\/djmusicgeek.com\/et\/best-headphones-to-buy-today-en-gb\/\" \/>\n<meta property=\"og:locale\" content=\"et_EE\" \/>\n<meta property=\"og:type\" content=\"article\" \/>\n<meta property=\"og:title\" content=\"10 parimat juhtmevaba k\u00f5rvaklappi - DJ Music Geek\" \/>\n<meta property=\"og:url\" content=\"https:\/\/djmusicgeek.com\/et\/best-headphones-to-buy-today-en-gb\/\" \/>\n<meta property=\"og:site_name\" content=\"DJ Music Geek\" \/>\n<meta property=\"article:modified_time\" content=\"2026-03-01T13:46:27+00:00\" \/>\n<meta name=\"twitter:card\" content=\"summary_large_image\" \/>\n<script type=\"application\/ld+json\" class=\"yoast-schema-graph\">{\"@context\":\"https:\\\/\\\/schema.org\",\"@graph\":[{\"@type\":\"WebPage\",\"@id\":\"https:\\\/\\\/djmusicgeek.com\\\/et\\\/best-headphones-to-buy-today-en-gb\\\/\",\"url\":\"https:\\\/\\\/djmusicgeek.com\\\/et\\\/best-headphones-to-buy-today-en-gb\\\/\",\"name\":\"10 parimat juhtmevaba k\u00f5rvaklappi - DJ Music Geek\",\"isPartOf\":{\"@id\":\"https:\\\/\\\/djmusicgeek.com\\\/#website\"},\"datePublished\":\"2026-02-13T10:59:05+00:00\",\"dateModified\":\"2026-03-01T13:46:27+00:00\",\"breadcrumb\":{\"@id\":\"https:\\\/\\\/djmusicgeek.com\\\/et\\\/best-headphones-to-buy-today-en-gb\\\/#breadcrumb\"},\"inLanguage\":\"et\",\"potentialAction\":[{\"@type\":\"ReadAction\",\"target\":[\"https:\\\/\\\/djmusicgeek.com\\\/et\\\/best-headphones-to-buy-today-en-gb\\\/\"]}]},{\"@type\":\"BreadcrumbList\",\"@id\":\"https:\\\/\\\/djmusicgeek.com\\\/et\\\/best-headphones-to-buy-today-en-gb\\\/#breadcrumb\",\"itemListElement\":[{\"@type\":\"ListItem\",\"position\":1,\"name\":\"Avaleht\",\"item\":\"https:\\\/\\\/djmusicgeek.com\\\/\"},{\"@type\":\"ListItem\",\"position\":2,\"name\":\"10 parimat juhtmevaba k\u00f5rvaklappi\"}]},{\"@type\":\"WebSite\",\"@id\":\"https:\\\/\\\/djmusicgeek.com\\\/#website\",\"url\":\"https:\\\/\\\/djmusicgeek.com\\\/\",\"name\":\"DJ Music Geek\",\"description\":\"\",\"potentialAction\":[{\"@type\":\"SearchAction\",\"target\":{\"@type\":\"EntryPoint\",\"urlTemplate\":\"https:\\\/\\\/djmusicgeek.com\\\/?s={search_term_string}\"},\"query-input\":{\"@type\":\"PropertyValueSpecification\",\"valueRequired\":true,\"valueName\":\"search_term_string\"}}],\"inLanguage\":\"et\"}]}<\/script>\n<!-- \/ Yoast SEO plugin. -->","yoast_head_json":{"title":"10 parimat juhtmevaba k\u00f5rvaklappi - DJ Music Geek","robots":{"index":"index","follow":"follow","max-snippet":"max-snippet:-1","max-image-preview":"max-image-preview:large","max-video-preview":"max-video-preview:-1"},"canonical":"https:\/\/djmusicgeek.com\/et\/best-headphones-to-buy-today-en-gb\/","og_locale":"et_EE","og_type":"article","og_title":"10 parimat juhtmevaba k\u00f5rvaklappi - DJ Music Geek","og_url":"https:\/\/djmusicgeek.com\/et\/best-headphones-to-buy-today-en-gb\/","og_site_name":"DJ Music Geek","article_modified_time":"2026-03-01T13:46:27+00:00","twitter_card":"summary_large_image","schema":{"@context":"https:\/\/schema.org","@graph":[{"@type":"WebPage","@id":"https:\/\/djmusicgeek.com\/et\/best-headphones-to-buy-today-en-gb\/","url":"https:\/\/djmusicgeek.com\/et\/best-headphones-to-buy-today-en-gb\/","name":"10 parimat juhtmevaba k\u00f5rvaklappi - DJ Music Geek","isPartOf":{"@id":"https:\/\/djmusicgeek.com\/#website"},"datePublished":"2026-02-13T10:59:05+00:00","dateModified":"2026-03-01T13:46:27+00:00","breadcrumb":{"@id":"https:\/\/djmusicgeek.com\/et\/best-headphones-to-buy-today-en-gb\/#breadcrumb"},"inLanguage":"et","potentialAction":[{"@type":"ReadAction","target":["https:\/\/djmusicgeek.com\/et\/best-headphones-to-buy-today-en-gb\/"]}]},{"@type":"BreadcrumbList","@id":"https:\/\/djmusicgeek.com\/et\/best-headphones-to-buy-today-en-gb\/#breadcrumb","itemListElement":[{"@type":"ListItem","position":1,"name":"Avaleht","item":"https:\/\/djmusicgeek.com\/"},{"@type":"ListItem","position":2,"name":"10 parimat juhtmevaba k\u00f5rvaklappi"}]},{"@type":"WebSite","@id":"https:\/\/djmusicgeek.com\/#website","url":"https:\/\/djmusicgeek.com\/","name":"DJ Music Geek","description":"","potentialAction":[{"@type":"SearchAction","target":{"@type":"EntryPoint","urlTemplate":"https:\/\/djmusicgeek.com\/?s={search_term_string}"},"query-input":{"@type":"PropertyValueSpecification","valueRequired":true,"valueName":"search_term_string"}}],"inLanguage":"et"}]}},"_links":{"self":[{"href":"https:\/\/djmusicgeek.com\/et\/wp-json\/wp\/v2\/pages\/17391","targetHints":{"allow":["GET"]}}],"collection":[{"href":"https:\/\/djmusicgeek.com\/et\/wp-json\/wp\/v2\/pages"}],"about":[{"href":"https:\/\/djmusicgeek.com\/et\/wp-json\/wp\/v2\/types\/page"}],"author":[{"embeddable":true,"href":"https:\/\/djmusicgeek.com\/et\/wp-json\/wp\/v2\/users\/2"}],"replies":[{"embeddable":true,"href":"https:\/\/djmusicgeek.com\/et\/wp-json\/wp\/v2\/comments?post=17391"}],"version-history":[{"count":1,"href":"https:\/\/djmusicgeek.com\/et\/wp-json\/wp\/v2\/pages\/17391\/revisions"}],"predecessor-version":[{"id":17624,"href":"https:\/\/djmusicgeek.com\/et\/wp-json\/wp\/v2\/pages\/17391\/revisions\/17624"}],"wp:attachment":[{"href":"https:\/\/djmusicgeek.com\/et\/wp-json\/wp\/v2\/media?parent=17391"}],"curies":[{"name":"wp","href":"https:\/\/api.w.org\/{rel}","templated":true}]}}