{"id":13039,"date":"2023-10-31T20:43:26","date_gmt":"2023-10-31T20:43:26","guid":{"rendered":"https:\/\/djmusicgeek.com\/top-10-parimaid-droonide-ostmiseks-iiirimaal-kuu-aastaks-uuendatud\/"},"modified":"2026-02-25T17:34:21","modified_gmt":"2026-02-25T17:34:21","slug":"top-10-parimaid-droonide-ostmiseks-iiirimaal-kuu-aastaks-uuendatud","status":"publish","type":"page","link":"https:\/\/djmusicgeek.com\/et\/top-10-parimaid-droonide-ostmiseks-iiirimaal-kuu-aastaks-uuendatud\/","title":{"rendered":"Top 10 parimad droonid, mida Iirimaal osta April 2026 [Uuendatud]"},"content":{"rendered":"","protected":false},"excerpt":{"rendered":"","protected":false},"author":2,"featured_media":0,"parent":0,"menu_order":0,"comment_status":"closed","ping_status":"closed","template":"sales-template.php","meta":{"_acf_changed":false,"footnotes":""},"class_list":["post-13039","page","type-page","status-publish","hentry"],"acf":{"product_2_supplier":"Shopsta","product_3_supplier":"Amazon","product_4_supplier":"Amazon","product_5_supplier":"Shopsta","product_6_supplier":"Amazon","product_7_supplier":"Amazon","product_8_supplier":"Amazon","product_9_supplier":"Amazon","product_10_supplier":"Amazon","exclude_from_search":true,"product_3_price":"\u20ac69.99","product_price_shortcode":"\u20ac199.99","product_discount_price_shortcode":"\u20ac159.99","product_image_1":"https:\/\/cdn.shopify.com\/s\/files\/1\/0503\/4170\/7969\/products\/720ae794-ace9-4b5b-95c7-e496cc4521b8.jpg?v=1662413123","product_image_2":"https:\/\/djmusicgeek.com\/wp-content\/uploads\/2022\/09\/34a4b5c8-0cb9-484c-bb2f-c0f0fd4990ff.jpg.webp","product_image_3":"https:\/\/djmusicgeek.com\/wp-content\/uploads\/2022\/09\/4drc-f11.jpg","product_image_4":"https:\/\/djmusicgeek.com\/wp-content\/uploads\/2022\/09\/34a4b5c8-0cb9-484c-bb2f-c0f0fd4990ff.jpg.webp","product_image_5":"https:\/\/djmusicgeek.com\/wp-content\/uploads\/2022\/09\/4drc-f11.jpg","product_image_6":"https:\/\/imgaz.staticbg.com\/images\/oaupload\/banggood\/images\/CF\/3A\/771c533e-3f63-400e-b381-a126f6fbbeb0.jpg.webp","product_image_7":"https:\/\/imgaz.staticbg.com\/images\/oaupload\/banggood\/images\/6D\/8F\/f204aa95-4e5f-48db-a676-5df6614c1b85.jpg.webp","product_image_8":"https:\/\/imgaz.staticbg.com\/images\/oaupload\/banggood\/images\/03\/17\/434c53c6-77c2-4462-9876-5e3e474699a4.jpg.webp","product_3_asin":"B09WDBDGBZ","product_4_asin":"B0BKLCFY3J","product_6_asin":"B0CFF1SJ3P","product_7_asin":"B09VCCRRCH","product_8_asin":"B09MVYLN9L","product_9_asin":"B0B45CWJ5H","product_10_asin":"B0B21J2R92","product_2_image_1":"https:\/\/cdn.shopify.com\/s\/files\/1\/0503\/4170\/7969\/products\/4DRC-V4-WIFI-FPV-Drone-WiFi-live-video-FPV-4K-1080P-HD-Wide-Angle-Camera-Foldable_jpg_Q90_jpg_1483x1456_65162d87-3064-4360-bf51-a194c66e40ba.jpg?v=1672377201","product_2_image_2":"https:\/\/cdn.shopify.com\/s\/files\/1\/0503\/4170\/7969\/products\/4DRC-V4-WIFI-FPV-Drone-WiFi-live-video-FPV-4K-1080P-HD-Wide-Angle-Camera-Foldable.jpg_Q90.jpg__1.webp?v=1672377201","product_2_image_3":"https:\/\/cdn.shopify.com\/s\/files\/1\/0503\/4170\/7969\/products\/4DRC-V4-WIFI-FPV-Drone-WiFi-live-video-FPV-4K-1080P-HD-Wide-Angle-Camera-Foldable.jpg_Q90.jpg__2.webp?v=1672377201","product_2_price":"\u20ac139.99","product_2_discount_price":"\u20ac111.99","product_3_image_1":"https:\/\/www.shopsta.co.uk\/cdn\/shop\/files\/H9bd2e6933337414ca9080e6826e29fcaN_1000x1000.webp?v=1698783237","product_3_image_2":"https:\/\/www.shopsta.co.uk\/cdn\/shop\/files\/H747c6c365b134b6f89603c20492cc030S_800x800.webp?v=1698783238","product_3_image_3":"https:\/\/www.shopsta.co.uk\/cdn\/shop\/files\/Hd969eeab219042ac8f821e85075a3b26w_1000x1000.webp?v=1698783238","product_3_discount_price":"\u20ac55.99","product_url":"products\/4drc-f11-pro-gps-5g-wifi-fpv-with-4k-esc-hd-dual-camera-3km-flight-range-brushless-rc-drone-quadcopter-rtf","product_2_asin":"","product_5_asin":"","product_2_url":"products\/4drc-v4-wifi-fpv-drone-with-dual-4k-camera","product_3_url":"products\/e88-pro-drone-4k-dual-camera-aerial-photography-toy-helicopter\/","language_code":"et","product_name":"4DRC F11 PRO","product_type":"Droonid","product_type_singular":"Droon enamiku kasutajate jaoks","product_full_name":"4DRC F11 PRO 4K kahe kaameraga droon","bullet_points":"<ul>\n<li>K\u00d5RGAS V\u00d5IMALUSAKU: Droon on varustatud suure v\u00f5imsusega 7,4V 3000mAh Lipo akuga, mis pakub m\u00e4rkimisv\u00e4\u00e4rset lennuaega umbes 30 minutit.<\/li>\n<li>PIIRKONTROLLI KAUGUS: Valmistatud pika ulatusega kasutamiseks, seda saab juhtida kuni 3000 m kaugusele.<\/li>\n<li>PROFIKVALITEEDIGA KAAMERAD: Varustatud kvaliteetse Real 4K ESC HD kaameraga, millele lisandub sekundaarne 1080P alumine kaamera, et j\u00e4\u00e4dvustada kvaliteetseid videoid ja pilte \u00f5hust.<\/li>\n<li>ETTEVALMISTATUD GUIDANCE S\u00dcSTEEM: sisaldab t\u00e4iustatud GPS-i \u00fche klahviga tagasip\u00f6\u00f6rdumiss\u00fcsteemi ja GPS-i intelligentset j\u00e4lgimist, mis v\u00f5imaldab lihtsat, k\u00e4ed-k\u00e4ed-v\u00e4lja juhtimist.<\/li>\n<li>Mitmesugused lennumoodused: Mitmesugused funktsioonid mitmekesiste lennukogemuste jaoks, sealhulgas \u017eestide abil pildistamise tuvastamine, mitme punkti lennuplaanimine, fikseeritud punkti \u00fcmbritsemine ja \u00f5hus\u00f5iduki otsimisfunktsioon.<\/li>\n<li>JAGAMINE: Piltide ja videote jagamine sotsiaalseks kuulutamiseks, et jagada oma seikluslikke reise kohe.<\/li>\n<\/ul>\n","features":"<p>OPTIMAALNE LENNUAEG: See droon pakub umbes 30 minutit lennuaega \u00fche laadimisega, mis v\u00f5imaldab ulatuslikku kasutamist ja lennufilmide j\u00e4\u00e4dvustamist enne laadimise vajadust.<br \/>\nSISSEEHITATUD KAAMERA: 4DRC F11 Pro on varustatud kahe kaameraga kvaliteetsete 4K-piltide ja -videote j\u00e4\u00e4dvustamiseks, mis teeb sellest droonist t\u00e4iusliku t\u00f6\u00f6riista hingematva \u00f5hufotograafia ja videograafia tegemiseks.<br \/>\nLAIENDATUD KONTROLLIMISALA: T\u00e4nu 2,4G sagedusele saab seda kaugjuhtida kuni 3000 m kauguselt.<br \/>\nSTABIILSED LENNUV\u00d5IMALUSED: Kuueteljeline g\u00fcroskoopiline stabilisaator tagab stabiilse ja sujuva lennu, v\u00f5imaldades t\u00e4pset man\u00f6\u00f6verdamist ja usaldusv\u00e4\u00e4rset stabiilsust erinevates tingimustes.<br \/>\nGPS ON SISSE L\u00dcLITATUD: Sisseehitatud GPS-funktsioon pakub t\u00e4iustatud lennuohutuse eeliseid, nagu n\u00e4iteks koju tagasip\u00f6\u00f6rdumise funktsioonid, kui drooni toide on madal v\u00f5i kui see kaotab signaali.<br \/>\nAUTONOOMNE LENNURE\u017dIIM: Kasutage mitmepunktilise lennuplaani marsruudire\u017eiimi, et m\u00e4\u00e4rata droonile konkreetne tee, mida see j\u00e4rgib autonoomselt, vabastades teid, et keskenduda kaamera juhtimisele.<br \/>\nT\u00e4ielikult varustatud rakendus: drooniga on kaasas kasutajas\u00f5bralik rakendus, mis v\u00f5imaldab GPS-i intelligentset j\u00e4lgimist, \u017eestidega pildistamise tuvastamist, fikseeritud punkti \u00fcmbritsemist ja \u00f5hus\u00f5iduki tagasisaatmisfunktsiooni.<br \/>\nHEADLESS MODE: Praktiline peata re\u017eiim tagab kasutajatele lihtsama juhtimise ja juhtimise, s\u00f5ltumata drooni orientatsioonist \u00f5hus.<\/p>\n","rating":"9.8","intro_text":"<p>Meil DJ Music Geekil ei ole ainult biidid, meil on ka tiivad &#8211; nimelt droonitiivad. Enesestm\u00f5istetavate droonihuvilistena m\u00f5istame, kui hirmutav v\u00f5ib olla ekspansiivsel drooniturul orienteerumine. Valikuid on tohutult palju ja \u00f5ige valiku leidmine v\u00f5ib sageli tunduda nagu n\u00f5ela otsimine heinakuhjast. Et s\u00e4\u00e4sta teie aega ja energiat, s\u00f5elusime l\u00e4bi mere spetsifikatsioonide ja s\u00f5nadega koormatud kirjelduste, et aidata teil leida t\u00e4iuslik droon, mis teie m\u00e4ngu t\u00f5stab.   <\/p>\n","text_before_product_box":"<p>Meie testimisel osutus 4DRC F11 PRO 4K Dual Camera Drone suurep\u00e4raseks valikuks t\u00e4nu oma muljetavaldavatele omadustele ja erakordsele hinna ja kvaliteedi suhtele. See kvadkopter pakub t\u00f5elist 4K ESC HD + 1080P kaamerat, GPS-i \u00fche klahviga tagastamist ja lennuaega umbes 30 minutit &#8211; enamiku kasutajate jaoks enam kui piisav. Lisaks oma kvaliteetsetele omadustele on see droon m\u00f5istliku hinnaga, mis muudab selle kulut\u00f5husaks valikuks neile, kes otsivad tipptasemel j\u00f5udlust, ilma et nad panga peale murduksid.  <\/p>\n","text_after_product_box":"<p>4DRC F11 PRO 4K Dual Camera Drone t\u00f5useb k\u00f5rgele tippklassi droonide seas ja on suurep\u00e4rane valik entusiastidele. See droon pakub silmapaistvat hinna ja kvaliteedi suhet, pakkudes tipptasemel funktsioone v\u00e4ga m\u00f5istliku hinnaga. Selle br\u00e4ndi maine ja t\u00e4iustatud tehnilised n\u00e4itajad kinnitavad tehingu neile, kes otsivad kvaliteeti ja vastupidavust.  <\/p>\n<p>See droon on t\u00e4is funktsioone, mis avaldavad k\u00f5igile muljet. Selle t\u00f5eline 4K ESC HD + 1080P alumine kaamera tagab, et saate j\u00e4\u00e4dvustada k\u00f5rglahutusega videoid ja pilte suurima detailsusega. GPS-positsioneerimine, FPV-kaugus umbes 2000m ja R\/C-kaugus 3000m avavad piiramatud v\u00f5imalused \u00f5hust uurimiseks. Droon on varustatud vastupidava 7,4 V 3000 mAh akuga, mis lubab lennuaega umbes 30 minutit, mis on erakordselt pikem kui enamik konkurentidest. Reguleeritava, 90\u00b0 HD-lairenurgaga kaamera abil saate garanteeritult j\u00e4\u00e4dvustada suurep\u00e4raseid panoraamv\u00f5tteid.    <\/p>\n<p>4DRC F11 PRO 4K Drone on teistest k\u00f5rgemal, kuna selle ainulaadsed funktsioonid muudavad selle kasutajas\u00f5bralikuks ja t\u00f5husaks. GPS-i \u00fche klahviga tagasip\u00f6\u00f6rdumine, \u017eestidega pildistamise \u00e4ratundmine, marsruudi mitmepunktiline lennuplaanimine, fikseeritud punktide \u00fcmbrus ja \u00f5hus\u00f5iduki otsimise funktsioon v\u00f5imaldavad igale kasutajale unustamatut lennukogemust. Lisaks on see komplektis, mis sisaldab kaugjuhtimispulti, v\u00f5imsat LiPo akut, USB-laadimiskaablit, kaitsekatteid, varutera, kruvikeerajat ja kasutusjuhendit. See on t\u00f5epoolest t\u00e4iuslik segu kvaliteedist, j\u00f5udlusest ja hinnast!   <\/p>\n","why_the_best_text":"<p>Oma hinna ja kvaliteedi suhtega on 4DRC F11 PRO 4K Dual Camera Drone vaieldamatult parim valik oma kaasaegsete droonide seas. Hinnaklass pakub suurep\u00e4rast v\u00e4\u00e4rtust, kui arvestada t\u00e4helepanuv\u00e4\u00e4rseid omadusi, nagu n\u00e4iteks muljetavaldav t\u00f5eline 4K ESC HD kaksikkaamera. See v\u00f5imaldab teravaid ja kvaliteetseid \u00f5hukaadreid ning t\u00e4nu 120\u00b0 laiale vaatenurgale, mis v\u00f5imaldab laiemat vaadet, ei valmista teie pildid v\u00f5i videod pettumust. FPV kaugus on umbes 2000m, mis tagab tohutu ulatuse maaliliste maastike j\u00e4\u00e4dvustamisel.   <\/p>\n<p>Lisaks oma omadustele suudab see droon lennata kuni 3000 m kaugusele, j\u00e4\u00e4des samal ajal kontrolli alla ja tal on vastupidav lennuaeg, mis kestab umbes 30 minutit t\u00e4islaadimisega vaid 250 minutit. GPS-positsioneerimise ja optilise voo omaduste t\u00f5ttu on F11 PRO ideaalne neile, kes vajavad t\u00e4pset navigatsiooni. Droonil on nutikad funktsioonid, nagu \u00fche klahviga tagasip\u00f6\u00f6rdumine, j\u00e4lgimisfunktsioon ja teekonnapunktilend, mis muudab selle kasutajas\u00f5bralikuks ja t\u00e4iuslikuks isegi algajatele. Lisaks on 4DRC F11 PRO varustatud ainulaadsete ja interaktiivsete funktsioonidega, nagu \u017eestidega fotode tuvastamine ja marsruudi mitmepunktiline lennuplaanimine. Kahtlemata on 4DRC F11 PRO 4K Dual Camera Drone keerukas droon, mis pakub v\u00e4ga m\u00f5istliku hinnaga segu j\u00f5udlusest, kvaliteetsest visuaalist ja lihtsalt kasutatavast juhtimisest.    <\/p>\n","reviews_text":"<p>Droonide turul orienteerumine v\u00f5ib olla keeruline, kuid teadmine, mida funktsionaalsuse ja v\u00e4\u00e4rtuse osas otsida, v\u00f5ib olla suureks abiks. Siin on kuus asja, mida v\u00f5iksite drooni ostmisel arvesse v\u00f5tta: <\/p>\n<ol>\n<li><b>Kaamera kvaliteet:<\/b> \u00dcks peamisi p\u00f5hjusi, miks paljud inimesed ostavad droone, on \u00f5hust pildistamise ja videote tegemise v\u00f5imalused. Otsige droone, millel on suure eraldusv\u00f5imega kaamerad v\u00f5i v\u00e4hemalt v\u00f5imalus paigaldada kvaliteetne kaamera. <\/li>\n<li><b>Aku eluiga:<\/b> P\u00fc\u00fca leida droon, mille aku kestab kauem. Nagu \u00fclaltoodud n\u00e4itest n\u00e4ha, on 4DRC F11 PRO lennuaeg umbes 30 minutit, mis on turul \u00fcsna muljetavaldav. <\/li>\n<li><b>Vahemik:<\/b> Kontrollige, kui kaugele saab droon s\u00f5ita enne signaali kaotamist. M\u00f5nede droonide laskekaugus on mitu kilomeetrit, n\u00e4iteks F11 PRO drooni 3 km. <\/li>\n<li><b>Hind:<\/b> Droonid v\u00f5ivad olla v\u00e4ga erineva hinnaga ja on v\u00e4ga oluline leida selline, mis sobib teie eelarvesse. Kallimatel droonidel on tavaliselt rohkem t\u00e4iustatud funktsioone, n\u00e4iteks suurema resolutsiooniga kaamerad v\u00f5i pikem lennuaeg. <\/li>\n<li><b>GPS-funktsioonid:<\/b> M\u00f5ned droonid on varustatud t\u00e4iustatud GPS-funktsioonidega, n\u00e4iteks lennutee programmeerimise v\u00f5imalusega. Need lisafunktsioonid v\u00f5ivad olla v\u00e4\u00e4rtuslikud konkreetsete kasutusviiside puhul, n\u00e4iteks kaardistamise v\u00f5i otsingu- ja p\u00e4\u00e4stet\u00f6\u00f6de puhul. <\/li>\n<li><b>Vastupidavus:<\/b> Otsige droone, mis on valmistatud vastupidavast materjalist, eriti kui olete algaja, sest kokkup\u00f5rked ja p\u00f5rutused v\u00f5ivad esineda. Enamik kvaliteetseid droone on valmistatud vastupidavast plastikust, metallist ja elektroonilistest komponentidest, mille tulemuseks on toode, mis kannatab ka m\u00f5ningast v\u00e4\u00e4rkasutust ja j\u00e4\u00e4b endiselt toimivaks. <\/li>\n<\/ol>\n","top_pick_box_text":"<p>4DRC F11 PRO 4K Dual Camera Drone paistab silma tippvalikuna drooni entusiastide jaoks t\u00e4nu oma m\u00e4rkimisv\u00e4\u00e4rsetele v\u00f5imetele, mis on sobitatud soodsa hinnaklassiga. Sellel on muljetavaldav 4K ESC HD+1080p alumine kaamera ja suur R\/C kaugus kuni 3000m. Selle m\u00e4rkimisv\u00e4\u00e4rsete funktsioonide hulka kuuluvad GPS-positsioneerimine, 5G WiFi FPV kuni 2000 m kaugusele, mitu lennure\u017eiimi, sealhulgas marsruudipunktilend ja j\u00e4lgimisre\u017eiim.  <\/p>\n<p>Eelk\u00f5ige pakub see droon suurep\u00e4rase hinna ja kvaliteedi suhtega, arvestades selle suurt hulka t\u00e4iustatud funktsioone, mida tavaliselt leidub kallimatel droonidel. Alates pikast lennuaeg umbes 30 minutit, \u00fche v\u00f5tme tagasip\u00f6\u00f6rdumine, t\u00e4ielikult reguleeritav kaamera oma \u017eestide tuvastamine lihtne pildistamine, see droon pakub \u00fcle ootuste oma hinda. K\u00f5igele lisaks on kaasas 7,4 V 3000 mAh aku, mis lubab kestvat meelelahutust.  <\/p>\n","bottom_text":"<p>4DRC F11 PRO pakub muljetavaldavaid omadusi, mis teevad selle turul silmapaistvaks. T\u00e4nu erakordsele lennuaegadele, t\u00e4iustatud GPS-tehnoloogiale ja tipptasemel kaameras\u00fcsteemidele pakub see droon suurep\u00e4raseid tulemusi ja kvaliteetset pildistamist. 4DRC F11 PRO paistab silma ka kasutajas\u00f5bralikkuse poolest, kuna selle juhtimispuldid ja intuitiivsed lennure\u017eiimid on lihtsasti kasutatavad, mist\u00f5ttu sobib see drooni kasutajatele igasuguse kogemustasemega. See pakub reguleeritavat kiirust ja t\u00e4pset j\u00e4lgimist, tagades iga kord sujuva, h\u00f5lpsasti juhitava ja stabiilse lennu. Loodame, et meie p\u00f5hjalikud \u00fclevaated on olnud teile ideaalset drooni otsides kasulikud ja arusaadavad.    <\/p>\n","product_2_full_name":"4DRC V seeria WIFI FPV droon kahe 4K-kaameraga - kokkupandav RC-droon-kvadkopter","product_3_full_name":"E88 Pro 4k Drone - professionaalne 4k kaugjuhtimisega droon","product_2_bullet_points":"<ul>\n<li>K\u00d5RGUSKASVATUSKAMERA: varustatud kahekordse 4K \u00fclik\u00f5rglahutusega kaameraga, mis v\u00f5imaldab j\u00e4\u00e4dvustada h\u00e4mmastavalt teravaid ja elavaid pilte ja videoid unikaalsetest \u00f5huperspektiividest.<\/li>\n<li>STABIILNE LEND: 6 A XIS g\u00fcroskoop ja k\u00f5rge hoidmisre\u017eiimi funktsioon tagavad stabiilse ja sujuva lennu, mis lihtsustab algajatele kontrollimist ja kvaliteetsete filmide j\u00e4\u00e4dvustamist.<\/li>\n<li>T\u00c4IUSTATUD FUNKTSIOONID: Funktsioonid, nagu \u00fche klahviga tagasip\u00f6\u00f6rdumine, peata re\u017eiim ja trajektooriga lendamine, v\u00f5imaldavad lihtsat navigeerimist, mist\u00f5ttu sobib see k\u00f5ikidele kasutajatasemetele, alates algajatest kuni kogenud droonihuvilisteni.<\/li>\n<li>Kokkupandav ja kerge: Selle kvadkopteri kokkupandav disain muudab selle v\u00e4ga kaasaskantavaks ja kergesti kaasaskantavaks. Lisaks tagab selle kerge, suure tugevusega ja insenerikindel plastikust korpus vastupidavuse. <\/li>\n<li>PIKK LENNUAEG: V\u00f5imas 3,7V 1600mAh liitiumaku tagab pika lennuaja 15-20 minutit, mis v\u00f5imaldab teil nautida lendu pikema aja jooksul.<\/li>\n<li>REAALAJALINE \u00dcLEVIIMISTLUS: droon toetab WiFi FPV (First Person View) \u00fclekannet, mis v\u00f5imaldab reaalajas esimese isiku vaate salvestamist otse teie nutitelefoni \u00fchendatud rakenduse kaudu.<\/li>\n<\/ul>\n","product_3_bullet_points":"<ul>\n<li>E88Pro Drone t\u00f5stab \u00f5ues seiklusi k\u00f5rgekvaliteedilise \u00f5hufotograafia ja kergesti juhitava lennumehaanika abil, mis on valmistatud vastupidavast ja kergest, suure tugevusega tehnilisest plastist.<\/li>\n<li>Sellel on 4K Ultra HD kaamera, millel on l\u00fclitatav topeltkaameras\u00fcsteem lainurkkaadrite jaoks, koos ainulaadse muusikasuumifunktsiooniga, mis parandab videote ja fotode filmikvaliteeti.<\/li>\n<li>Harrastajatele ja entusiastidele m\u00f5eldud droon pakub neljakanalilist juhtimist t\u00e4psete man\u00f6\u00f6vrite tegemiseks, sealhulgas vertikaalseid, horisontaalseid ja 360\u00b0 liikumisi d\u00fcnaamiliste panoraamv\u00f5tete tegemiseks.<\/li>\n<li>E88 Pro Drone sisaldab 3-tasemelist lennukiiruse l\u00fclitit, mis sobib erinevatele oskuste tasemetele, 2,4 GHz tehnoloogiat, mis v\u00e4hendab h\u00e4ireid, ning mitmeid funktsioone, nagu LED-valgustus ja k\u00f5rguse hoidmine, mis tagavad turvalisemad ja sujuvamad lennud.<\/li>\n<li>Iga E88Pro Drone pakett sisaldab drooni, kaugsaatjat, 3.7V 1800mAh Lipo akut, USB laadimiskaablit, kaitsekatteid ja varuventilaatoreid, kuigi saatja akud ei kuulu komplekti.<\/li>\n<li>See pakub kuni 20 minutit lennuaega \u00fche laadimisega ja 100-meetrise kaugjuhtimispiirkonna ning laeb t\u00e4ielikult \u00fcles vaid 100 minutiga, tagades pikemaajalise, katkematu lennukogemuse.<\/li>\n<li>Selle vastupidav disain, mis on valmistatud \u00fclitugevast plastist, tagab, et droon peab vastu erinevates v\u00e4listingimustes pikaajaliseks kasutamiseks.<\/li>\n<li>E88Pro Drone&#8217;i mitmesugused funktsioonid, sealhulgas Wi-Fi FPV ja trajektoorilend, sobivad nii algajatele kui ka kogenud pilootidele, pakkudes terviklikku lennukogemust.<\/li>\n<\/ul>\n","product_2_full_name_new":"4DRC V seeria WIFI FPV droon kahe 4K-kaameraga - kokkupandav RC-droon-kvadkopter","product_3_full_name_new":"E88 Pro 4k Drone - professionaalne 4k kaugjuhtimisega droon"},"yoast_head":"<!-- This site is optimized with the Yoast SEO plugin v27.3 - https:\/\/yoast.com\/product\/yoast-seo-wordpress\/ -->\n<title>Top 10 parimad droonid, mida Iirimaal osta [month_year] [Uuendatud] - DJ Music Geek<\/title>\n<meta name=\"robots\" content=\"index, follow, max-snippet:-1, max-image-preview:large, max-video-preview:-1\" \/>\n<link rel=\"canonical\" href=\"https:\/\/djmusicgeek.com\/et\/top-10-parimaid-droonide-ostmiseks-iiirimaal-kuu-aastaks-uuendatud\/\" \/>\n<meta property=\"og:locale\" content=\"et_EE\" \/>\n<meta property=\"og:type\" content=\"article\" \/>\n<meta property=\"og:title\" content=\"Top 10 parimad droonid, mida Iirimaal osta [month_year] [Uuendatud] - DJ Music Geek\" \/>\n<meta property=\"og:url\" content=\"https:\/\/djmusicgeek.com\/et\/top-10-parimaid-droonide-ostmiseks-iiirimaal-kuu-aastaks-uuendatud\/\" \/>\n<meta property=\"og:site_name\" content=\"DJ Music Geek\" \/>\n<meta property=\"article:modified_time\" content=\"2026-02-25T17:34:21+00:00\" \/>\n<meta name=\"twitter:card\" content=\"summary_large_image\" \/>\n<script type=\"application\/ld+json\" class=\"yoast-schema-graph\">{\"@context\":\"https:\\\/\\\/schema.org\",\"@graph\":[{\"@type\":\"WebPage\",\"@id\":\"https:\\\/\\\/djmusicgeek.com\\\/et\\\/top-10-parimaid-droonide-ostmiseks-iiirimaal-kuu-aastaks-uuendatud\\\/\",\"url\":\"https:\\\/\\\/djmusicgeek.com\\\/et\\\/top-10-parimaid-droonide-ostmiseks-iiirimaal-kuu-aastaks-uuendatud\\\/\",\"name\":\"Top 10 parimad droonid, mida Iirimaal osta [month_year] [Uuendatud] - DJ Music Geek\",\"isPartOf\":{\"@id\":\"https:\\\/\\\/djmusicgeek.com\\\/#website\"},\"datePublished\":\"2023-10-31T20:43:26+00:00\",\"dateModified\":\"2026-02-25T17:34:21+00:00\",\"breadcrumb\":{\"@id\":\"https:\\\/\\\/djmusicgeek.com\\\/et\\\/top-10-parimaid-droonide-ostmiseks-iiirimaal-kuu-aastaks-uuendatud\\\/#breadcrumb\"},\"inLanguage\":\"et\",\"potentialAction\":[{\"@type\":\"ReadAction\",\"target\":[\"https:\\\/\\\/djmusicgeek.com\\\/et\\\/top-10-parimaid-droonide-ostmiseks-iiirimaal-kuu-aastaks-uuendatud\\\/\"]}]},{\"@type\":\"BreadcrumbList\",\"@id\":\"https:\\\/\\\/djmusicgeek.com\\\/et\\\/top-10-parimaid-droonide-ostmiseks-iiirimaal-kuu-aastaks-uuendatud\\\/#breadcrumb\",\"itemListElement\":[{\"@type\":\"ListItem\",\"position\":1,\"name\":\"Avaleht\",\"item\":\"https:\\\/\\\/djmusicgeek.com\\\/\"},{\"@type\":\"ListItem\",\"position\":2,\"name\":\"Top 10 parimad droonid, mida Iirimaal osta February 2026 [Uuendatud]\"}]},{\"@type\":\"WebSite\",\"@id\":\"https:\\\/\\\/djmusicgeek.com\\\/#website\",\"url\":\"https:\\\/\\\/djmusicgeek.com\\\/\",\"name\":\"DJ Music Geek\",\"description\":\"\",\"potentialAction\":[{\"@type\":\"SearchAction\",\"target\":{\"@type\":\"EntryPoint\",\"urlTemplate\":\"https:\\\/\\\/djmusicgeek.com\\\/?s={search_term_string}\"},\"query-input\":{\"@type\":\"PropertyValueSpecification\",\"valueRequired\":true,\"valueName\":\"search_term_string\"}}],\"inLanguage\":\"et\"}]}<\/script>\n<!-- \/ Yoast SEO plugin. -->","yoast_head_json":{"title":"Top 10 parimad droonid, mida Iirimaal osta [month_year] [Uuendatud] - DJ Music Geek","robots":{"index":"index","follow":"follow","max-snippet":"max-snippet:-1","max-image-preview":"max-image-preview:large","max-video-preview":"max-video-preview:-1"},"canonical":"https:\/\/djmusicgeek.com\/et\/top-10-parimaid-droonide-ostmiseks-iiirimaal-kuu-aastaks-uuendatud\/","og_locale":"et_EE","og_type":"article","og_title":"Top 10 parimad droonid, mida Iirimaal osta [month_year] [Uuendatud] - DJ Music Geek","og_url":"https:\/\/djmusicgeek.com\/et\/top-10-parimaid-droonide-ostmiseks-iiirimaal-kuu-aastaks-uuendatud\/","og_site_name":"DJ Music Geek","article_modified_time":"2026-02-25T17:34:21+00:00","twitter_card":"summary_large_image","schema":{"@context":"https:\/\/schema.org","@graph":[{"@type":"WebPage","@id":"https:\/\/djmusicgeek.com\/et\/top-10-parimaid-droonide-ostmiseks-iiirimaal-kuu-aastaks-uuendatud\/","url":"https:\/\/djmusicgeek.com\/et\/top-10-parimaid-droonide-ostmiseks-iiirimaal-kuu-aastaks-uuendatud\/","name":"Top 10 parimad droonid, mida Iirimaal osta [month_year] [Uuendatud] - DJ Music Geek","isPartOf":{"@id":"https:\/\/djmusicgeek.com\/#website"},"datePublished":"2023-10-31T20:43:26+00:00","dateModified":"2026-02-25T17:34:21+00:00","breadcrumb":{"@id":"https:\/\/djmusicgeek.com\/et\/top-10-parimaid-droonide-ostmiseks-iiirimaal-kuu-aastaks-uuendatud\/#breadcrumb"},"inLanguage":"et","potentialAction":[{"@type":"ReadAction","target":["https:\/\/djmusicgeek.com\/et\/top-10-parimaid-droonide-ostmiseks-iiirimaal-kuu-aastaks-uuendatud\/"]}]},{"@type":"BreadcrumbList","@id":"https:\/\/djmusicgeek.com\/et\/top-10-parimaid-droonide-ostmiseks-iiirimaal-kuu-aastaks-uuendatud\/#breadcrumb","itemListElement":[{"@type":"ListItem","position":1,"name":"Avaleht","item":"https:\/\/djmusicgeek.com\/"},{"@type":"ListItem","position":2,"name":"Top 10 parimad droonid, mida Iirimaal osta February 2026 [Uuendatud]"}]},{"@type":"WebSite","@id":"https:\/\/djmusicgeek.com\/#website","url":"https:\/\/djmusicgeek.com\/","name":"DJ Music Geek","description":"","potentialAction":[{"@type":"SearchAction","target":{"@type":"EntryPoint","urlTemplate":"https:\/\/djmusicgeek.com\/?s={search_term_string}"},"query-input":{"@type":"PropertyValueSpecification","valueRequired":true,"valueName":"search_term_string"}}],"inLanguage":"et"}]}},"_links":{"self":[{"href":"https:\/\/djmusicgeek.com\/et\/wp-json\/wp\/v2\/pages\/13039","targetHints":{"allow":["GET"]}}],"collection":[{"href":"https:\/\/djmusicgeek.com\/et\/wp-json\/wp\/v2\/pages"}],"about":[{"href":"https:\/\/djmusicgeek.com\/et\/wp-json\/wp\/v2\/types\/page"}],"author":[{"embeddable":true,"href":"https:\/\/djmusicgeek.com\/et\/wp-json\/wp\/v2\/users\/2"}],"replies":[{"embeddable":true,"href":"https:\/\/djmusicgeek.com\/et\/wp-json\/wp\/v2\/comments?post=13039"}],"version-history":[{"count":2,"href":"https:\/\/djmusicgeek.com\/et\/wp-json\/wp\/v2\/pages\/13039\/revisions"}],"predecessor-version":[{"id":17300,"href":"https:\/\/djmusicgeek.com\/et\/wp-json\/wp\/v2\/pages\/13039\/revisions\/17300"}],"wp:attachment":[{"href":"https:\/\/djmusicgeek.com\/et\/wp-json\/wp\/v2\/media?parent=13039"}],"curies":[{"name":"wp","href":"https:\/\/api.w.org\/{rel}","templated":true}]}}