{"id":12775,"date":"2024-06-14T21:53:57","date_gmt":"2024-06-14T21:53:57","guid":{"rendered":"https:\/\/djmusicgeek.com\/parimad-mangimine-top-10-parimat-mangimise-peakomplekti-ostmiseks-peakomplekti-ostmiseks\/"},"modified":"2026-03-01T13:47:56","modified_gmt":"2026-03-01T13:47:56","slug":"parimad-mangimine-top-10-parimat-mangimise-peakomplekti-ostmiseks-peakomplekti-ostmiseks","status":"publish","type":"page","link":"https:\/\/djmusicgeek.com\/et\/parimad-mangimine-top-10-parimat-mangimise-peakomplekti-ostmiseks-peakomplekti-ostmiseks\/","title":{"rendered":"10 parimat m\u00e4ngurikomplekti &#8211;"},"content":{"rendered":"","protected":false},"excerpt":{"rendered":"","protected":false},"author":2,"featured_media":0,"parent":0,"menu_order":0,"comment_status":"closed","ping_status":"closed","template":"sales-template.php","meta":{"_acf_changed":false,"footnotes":""},"class_list":["post-12775","page","type-page","status-publish","hentry"],"acf":{"product_3_supplier":"Amazon","product_4_supplier":"Amazon","product_5_supplier":"Amazon","product_6_supplier":"Amazon","product_7_supplier":"Amazon","product_8_supplier":"Amazon","product_9_supplier":"Amazon","product_10_supplier":"Amazon","product_3_url":"","exclude_from_search":true,"product_2_supplier":"Shopsta","product_price_shortcode":"\u20ac124.99","product_discount_price_shortcode":"\u20ac99.99","product_2_price":"\u20ac109.99","product_2_discount_price":"\u20ac87.99","product_3_image_1":"","product_3_image_2":"","product_3_image_3":"","product_3_asin":"B07B81D162","product_4_asin":"B07PRYFGXG","product_5_asin":"B08NTYB4M7","product_6_asin":"B07FZVXS8H","product_7_asin":"B09GW7NHL4","product_8_asin":"B07W5JKB8Z","product_2_asin":"","product_9_asin":"","product_10_asin":"","product_url":"products\/commander-g-series-wireless-edition","product_image_1":"https:\/\/www.shopsta.co.uk\/cdn\/shop\/files\/O1CN01ZcemJx1QlNZq4L8LS__2901482016-0-ampmedia_798x798.jpg?v=1764763575","product_image_2":"https:\/\/www.shopsta.co.uk\/cdn\/shop\/files\/O1CN01IR0kAX1QlNZrMlWQ4__2901482016-0-ampmedia_798x798.jpg?v=1764763575","product_image_3":"https:\/\/www.shopsta.co.uk\/cdn\/shop\/files\/O1CN01ofXqk01QlNZqNuSLV__2901482016-0-ampmedia_798x798.jpg?v=1764763575","product_image_4":"https:\/\/djmusicgeek.com\/wp-content\/uploads\/2025\/12\/commander-top-50.jpeg","product_image_5":"https:\/\/www.shopsta.co.uk\/cdn\/shop\/files\/O1CN01ZcemJx1QlNZq4L8LS__2901482016-0-ampmedia_798x798.jpg?v=1764763575","product_2_url":"products\/somic-g-series-wireless-gaming-headset","product_2_image_1":"https:\/\/djmusicgeek.com\/wp-content\/uploads\/2023\/02\/SOMIC-G760-Wireless-Gamer-Headset-Detachable-Mic-Bluetooth-2-4G-Wired-3in1-Headphone-for-PS5-PS4.jpg_Q90.jpg","product_2_image_2":"https:\/\/djmusicgeek.com\/wp-content\/uploads\/2023\/02\/8c6029491e9d78d6d7c55d6a97d52490_1600x1600_d063843b-7174-45e3-a17a-1f9f816a4166_1360x1360.webp","product_2_image_3":"https:\/\/djmusicgeek.com\/wp-content\/uploads\/2023\/02\/650d93954cd3914c2b7de270df928da5_1600x1600_256d8234-8373-4a0b-8fcc-eed1c89a1b70_1360x1360.webp","product_image_6":"","product_image_7":"","product_image_8":"","language_code":"et","product_name":"Commander G seeria","product_type":"M\u00e4ngude peakomplektid","product_type_singular":"M\u00e4ngude peakomplektid","product_full_name":"Commander G seeria - 160-tunnine aku - 7.1 ruumilise heliga juhtmevaba m\u00e4ngurikomplekt","bullet_points":"<ul>\n<li>M\u00c4NG NAGU KUNAGI VAREM: Meie parim valik traadita m\u00e4ngukomplektid, millel on uskumatu suunatav heli ja h\u00e4mmastav mugavus.<\/li>\n<li>SISSEEHITATUD 7.1 RUUMILINE HELI: Naudi suurep\u00e4rast, tasakaalustatud 7.1 ruumilist heli Commander G seeria ruumilise heliga m\u00e4ngurikomplektiga.<\/li>\n<li>PIKK AKUKESTVUS: V\u00f5imas 160+ tunnine aku ja 20 ms juhtmevaba viivitus annavad sulle t\u00f5husa &#8216;reaalajas&#8217; heli.<\/li>\n<li>PROFESSIONAALSED 50 MM K\u00d5LARID: Hiiglaslikud 50-millimeetrised k\u00f5larid koos neod\u00fc\u00fcmimagnetitega tagavad professionaalse stuudio helikvaliteedi koos v\u00f5imsa bassi, selge vokaali ja teravate madalate, keskmiste ja k\u00f5rgete toonidega, mis moodustavad t\u00e4iusliku tasakaalustatud heli.<\/li>\n<li>3 m\u00e4ngure\u017eiimi: Valige endale sobiv re\u017eiim, m\u00e4ngure\u017eiimi, filmire\u017eiimi ja muusikare\u017eiimi abil saate valida oma m\u00e4ngustiilile sobivaima EQ.<\/li>\n<li>T\u00d6\u00d6STATUD AUDIOKIRI: kohandatud GS virtuaalne 7.1 ruumilise heli seade muudab vaenlase sammude j\u00e4lgimise sellistes m\u00e4ngudes nagu Call of Duty lihtsamaks kui kunagi varem. See kohandatud kiip annab t\u00e4pse heli t\u00e4psuse k\u00f5ikides suundades, andes teile uusi eeliseid m\u00e4ngus. <\/li>\n<li>KOMPATIBLEERIB K\u00d5IKIDE KONSOLIDEGA: t\u00f6\u00f6tab juhtmevabalt PS5, PS4, PC ja Maciga. Kasutage 3,5 mm k\u00f5rvaklapipesa Xboxi ja muude seadmete jaoks. <\/li>\n<li>CRYSTAL CLEAR MIC: ehitatud spetsiaalselt m\u00e4ngude jaoks 160\u00b0 p\u00f6\u00f6rleva varrega, mis j\u00e4\u00e4b paigale, kui see on paigutatud. See m\u00fcrasummutusmikrofon v\u00f5imaldab teid selgelt kuulda isegi tugeva taustam\u00fcra korral. <\/li>\n<\/ul>\n","features":"<p>7.1 Virtuaalne Ruumiline Heli<br \/>\nK\u00f5rvapadjad mugavaks pikaks m\u00e4ngimiseks<br \/>\nSelge mikrofon vestluseks<br \/>\nPaindlik reguleeritav eemaldatav mikrofon<br \/>\nTohutu 160+ tunnine akukestvus<br \/>\nSuured 50 mm d\u00fcnaamilised k\u00f5larid<br \/>\nJuhtmevaba 2.4GHz \u00fchendus<br \/>\nT\u00f6\u00f6tab k\u00f5rvaklappidena muusika jaoks<\/p>\n","rating":"9.8","intro_text":"<p>Siin DJ Music Geek&#8217;is on meil kinnisidee k\u00f5igest, mis puudutab heli. Kombineerides kirge heli vastu ja armastust m\u00e4ngimise vastu, oleme testinud parimaid turul saadaolevaid m\u00e4ngurikomplekte, mida osta 2026. M\u00e4ngukomplektid on n\u00fc\u00fcdseks v\u00e4ga oluline osa m\u00e4ngimisest, kus suurep\u00e4rase kvaliteediga m\u00e4ngukomplektide omamisest on tohutuid eeliseid. See on n\u00fc\u00fcd oluline osa, et saavutada edu sellistes m\u00e4ngudes nagu Call of Duty, Battlefield, CS:GO, PUBG ja Rainbow Six, kui nimetada vaid m\u00f5ned.   <\/p>\n<p>Kui teil on lihtsalt paremad peakomplektid, on teil konkurentide ees eelis ja te saate neid paremini ja kaugemalt kuulda. Lisaks sellele on s\u00f5pradega lihtne suhtlemine ja mugavus veel m\u00f5ned olulised tegurid, mida tuleks arvesse v\u00f5tta. See juhend annab teile m\u00f5ned soovitused meie k\u00f5ige eelistatumate, kvaliteetsete, mugavate ja parimate k\u00f5rvaklappide kohta, mille hulgast valida.  <\/p>\n","text_after_product_box":"<p>Miks on siis Commander G seeria parim valik k\u00f5igist testitud komplektidest? Esiteks olid selle peakomplekti ruumilise heli v\u00f5imalused meie testidest parimad. Testisime k\u00f5rvaklappe uusima Call of Duty abil, et kontrollida, kui lihtsalt suudame vaenlase asukohti m\u00e4\u00e4rata. Saate selgelt kuulda suunda, mis aitab teil vaenlasi enne nende n\u00e4gemist t\u00e4pselt kindlaks teha. Helikvaliteet on erakordne ja me leidsime, et v\u00f5itsime rohkem m\u00e4nge.<\/p>\n<p>Uus Commander G seeria on tippklassi m\u00e4ngurikomplekt, mis pakub 160 tundi 2.4GHz juhtmevaba m\u00e4ngimist \u00fche laadimisega. See kaotab vajaduse juhtmete j\u00e4rele, mis \u00fchendavad teid teie konsooli v\u00f5i arvutiga, ja pakub j\u00e4rgmise p\u00f5lvkonna 2,4 GHz traadita m\u00e4ngimist. See on kerge ja \u00fclimugav ning sellel on k\u00f5ik, mida sa v\u00f5id suure j\u00f5udlusega peakomplektide puhul ette kujutada. Uuendatud 7.1 virtuaalne ruumilise heli seade koos uuendatud draiveritega viib asjad t\u00f5eliselt j\u00e4rgmisele tasemele. Parim asi G-seeria puhul on hind. Arvestades, et sarnased komplektid maksavad \u00fcle 150 \u20ac, soovitame seda mudelit teistele, kuna v\u00e4ldid juhtmeid, saad uskumatult 160+ tunnise aku ja ka t\u00e4iustatud heli.     <\/p>\n<p>Hindame seda oma parimaks juhtmevabaks komplektiks, mida osta 2026.<\/p>\n<h2 class=\"\">Toote \u00fclevaade:<\/h2>\n<p>Miks on siis Commander G seeria parim valik k\u00f5igist testitud komplektidest? Siin on 5 p\u00f5hjust, miks meie arvates olid G-d parimad: <\/p>\n<p><strong>1)<\/strong> Esiteks olid selle peakomplekti ruumilise heli v\u00f5imalused meie testidest parimad. Testisime k\u00f5rvaklappe uusima Call of Duty abil, et kontrollida, kui lihtsalt suudame vaenlase asukohti m\u00e4\u00e4rata. Saate selgelt kuulda suunda, mis aitab teil vaenlasi enne nende n\u00e4gemist t\u00e4pselt kindlaks teha.  <\/p>\n<p><strong>2<\/strong> ) G-seeria mudelid on t\u00f5esti mugavad. Meie mitmetes 6-tunnistes testides ei kogenud me \u00fcldse mingit t\u00f5elist ebamugavustunnet. Need ei pigista su pead, vaid istuvad peal v\u00e4ga kenasti ja mugavalt. G-korvid on k\u00f5rvadel h\u00e4sti polsterdatud ja sobivad kenasti \u00fcle pea.   <\/p>\n<p><strong>3)<\/strong> Veel \u00fcks suurep\u00e4rane funktsioon, mille nad G-seeriasse sisse ehitasid, on juhita seadistus. Saate lihtsalt juhtmevaba USB-dongle&#8217;i kaudu \u00fchendada ja juba saate kasutada t\u00e4ielikku 7.1 virtuaalset ruumilist heli. Ei ole vaja paigaldada keerulisi draivereid ja parandusi. Lihtsalt \u00fchenda ja mine.   <\/p>\n","why_the_best_text":"<p>Meie testides selgus, et k\u00f5rgem hind ei t\u00e4henda alati k\u00f5rgemat kvaliteeti. M\u00f5ned tuntud kaubam\u00e4rgid nagu SteelSeries, Astro ja Logitech tootsid t\u00f5esti h\u00e4id k\u00f5rvaklappe, kuid nende hind oli kahekordne v\u00f5i kolmekordne Commander G Series omast. Kui v\u00f5rrelda mugavust, ruumilise heli selgust ja \u00fcldisi omadusi, siis leidsime, et Commander G Series saavutas parima \u00fcldhinnangu, tuginedes meie kuuele peamisele tegurile: heli, mugavus, aku kestvus, t\u00f6\u00f6kindlus, \u00fchenduvus ja hind.  <\/p>\n","reviews_text":"<p>Oluline on vaadata, mida on vaja suurep\u00e4rase m\u00e4ngukomplekti puhul. Oleme v\u00e4lja toonud 6 h\u00e4davajalikku esmatarbekaupu, mida pead arvestama: <\/p>\n<p>1) Hea heli &#8211; me ei saa ilma selle olulise komponendita!<br \/>\n2) Mugavus &#8211; kas me saame m\u00e4ngida tundide kaupa ilma ebamugavustundeta<br \/>\n3) Aku kestvus &#8211; kui kaua kestab aku, kui see on juhtmevaba?<br \/>\n4) Usaldusv\u00e4\u00e4rsus &#8211; kas ma pean muretsema ehituskvaliteedi p\u00e4rast?<br \/>\n5) \u00dchendatavus &#8211; kui lihtne on \u00fchendada?<br \/>\n6) Hind &#8211; kas see on taskukohane v\u00f5i maksan ma \u00fcle?<\/p>\n<p>Nende tegurite p\u00f5hjal oleme \u00fclaltoodud k\u00f5rvaklapid l\u00e4bi vaadanud ja tellinud. Peakomplekti valimisel on oluline katta k\u00f5ik alused, sest piisab vaid \u00fchest aspektist, mis teid alt veab, et rikkuda teie kogemus. Kokkuv\u00f5ttes on meie parim valik Commander G-seeria.<\/p>\n","top_pick_box_text":"<p>Kui tegemist on m\u00e4ngukomplektiga, siis tahad, et k\u00f5ik funktsioonid oleksid pakitud suurep\u00e4rase disainiga. Meie arvates pakub Commander G seeria k\u00f5ike, mida v\u00f5iksid juhtmevabalt m\u00e4ngurikomplektilt soovida, fenomenaalse hinnaga. <\/p>\n<p>T\u00e4nu k\u00f5rgele ehituskvaliteedile, suurep\u00e4rasele aku kestvusele, \u00fclimalt usaldusv\u00e4\u00e4rsele \u00fchenduvusele ja \u00fchilduvusele k\u00f5igi konsoolide vahel, hindame G-seeria mudelile 9,8 punkti 10-st.<\/p>\n<p>P\u00e4rast seda, kui oleme kasutanud seadet n\u00fc\u00fcd umbes 5 kuud igap\u00e4evaselt, ei n\u00e4e me ennast niipea teise seadme vastu vahetamas.<\/p>\n<p>Shopstast ostes saad tasuta kohaletoimetamise.<\/p>\n","bottom_text":"<p>Commander G-seeria k\u00f5larid on varustatud suurte 50 mm d\u00fcnaamiliste k\u00f5larite draiveritega, mis on keskmisele kasutajale enam kui piisav. T\u00e4ielikul helitugevusel v\u00f5ib k\u00f5rvaklappe pidada liiga valjuks.  See on suurep\u00e4rane, sest saate kohandada heliv\u00e4ljundit vastavalt oma seadistusele. Koos teiste funktsioonidega nagu mugavad k\u00f5rvapadjad, 160-tunnine aku ja 3 m\u00e4ngusisest EQ-re\u017eiimi v\u00f5imaldab Commander G seeria kindlasti \u00fclima m\u00e4ngukogemuse. Kui te kavatsete selle seadme osta, veenduge, et saate 20% allahindlust jaehinnast, kui kasutate kassas allahindluskoodi. T\u00e4name, et lugesid meie \u00fclaltoodud \u00fclevaateid ja loodame, et oleme aidanud sul leida \u00f5ige peakomplekti, mis vastab sinu vajadustele.   <\/p>\n","product_2_full_name":"SOMiC G seeria - juhtmevaba 7.1 m\u00e4ngurikomplekt eemaldatava mikrofoniga","product_2_bullet_points":"<ul>\n<li>PARIM TASKUKOHANE M\u00c4NGURIKOMPLEKT: SOMiC G seeria on enimm\u00fc\u00fcdud komplekt, mis on tuntud oma j\u00f5udluse ja disaini poolest.<\/li>\n<li>SISSEEHITATUD 7.1 RUUMILINE HELI: Naudi suurep\u00e4rast, tasakaalustatud 7.1 ruumilist heli SOMiC G ruumilise heliga m\u00e4ngurikomplektiga.<\/li>\n<li>PROFESSIONAALSED 50 MM K\u00d5LARID: Hiiglaslikud 50-millimeetrised k\u00f5larid koos neod\u00fc\u00fcmimagnetitega tagavad professionaalse stuudio helikvaliteedi koos v\u00f5imsa bassi, selge vokaali ja teravate madalate, keskmiste ja k\u00f5rgete toonidega, mis moodustavad t\u00e4iusliku tasakaalustatud heli.<\/li>\n<li>3 m\u00e4ngure\u017eiimi: Valige endale sobiv re\u017eiim, m\u00e4ngure\u017eiimi, filmire\u017eiimi ja muusikare\u017eiimi abil saate valida oma m\u00e4ngustiilile sobivaima EQ.<\/li>\n<li>TELLITUD AUDIOKIIP: kohandatud G-seeria virtuaalne 7.1 ruumilise heli seade muudab vaenlase sammude j\u00e4lgimise sellistes m\u00e4ngudes nagu Call of Duty lihtsamaks kui kunagi varem. See kohandatud kiip annab t\u00e4pse heli t\u00e4psuse k\u00f5ikides suundades, andes teile uusi eeliseid m\u00e4ngus. <\/li>\n<li>KOMPATIBLEERIB K\u00d5IKIDE KONSOLIDEGA: t\u00f6\u00f6tab USB kaudu PS5, PS4, PC ja Maciga. Kasutage 3,5 mm k\u00f5rvaklapipesa Xboxi ja muude seadmete jaoks. <\/li>\n<li>CRYSTAL CLEAR MIC: ehitatud spetsiaalselt m\u00e4ngude jaoks 160\u00b0 p\u00f6\u00f6rleva varrega, mis j\u00e4\u00e4b paigale, kui see on paigutatud. See m\u00fcrasummutusmikrofon v\u00f5imaldab teid selgelt kuulda isegi tugeva taustam\u00fcra korral. <\/li>\n<\/ul>\n","text_after_product_box_2":"<p><strong>4)<\/strong> Mikrofon on kristallselge, sellel on isegi kahekordne m\u00fcra t\u00fchistav mikrofon, mis asub k\u00f5rvaklapi v\u00e4lisk\u00fcljel, et kuulata taustam\u00fcra ja k\u00f5rvaldada see m\u00e4ngusisesest h\u00e4\u00e4litsemisest.<\/p>\n<p><strong>5<\/strong> ) Juhtmevabade k\u00f5rvaklappide puhul on aku kestvus v\u00e4ga oluline, seega on k\u00f5ige parem hankida korraliku mahutavusega aku. Commander G seeria paistab silma \u00fche parima akukestvusega komplektina. Tohutud 160+ t\u00e4istundi ilma laadimiseta.  Olen seda ise katsetanud ja usun, et see on tegelikult kestnud kauem kui see ametlik n\u00e4itaja. Kuid siiski, 160 tundi on v\u00e4ga pikk aeg ilma laadimiseta ja veel \u00fcks suurep\u00e4rane omadus on see, et saad laadida ja m\u00e4ngida samal ajal, mis on tore.<\/p>\n","product_2_full_name_new":"SOMiC G seeria - juhtmevaba 7.1 m\u00e4ngurikomplekt eemaldatava mikrofoniga"},"yoast_head":"<!-- This site is optimized with the Yoast SEO plugin v27.3 - https:\/\/yoast.com\/product\/yoast-seo-wordpress\/ -->\n<title>10 parimat m\u00e4ngurikomplekti - DJ Music Geek<\/title>\n<meta name=\"robots\" content=\"index, follow, max-snippet:-1, max-image-preview:large, max-video-preview:-1\" \/>\n<link rel=\"canonical\" href=\"https:\/\/djmusicgeek.com\/et\/parimad-mangimine-top-10-parimat-mangimise-peakomplekti-ostmiseks-peakomplekti-ostmiseks\/\" \/>\n<meta property=\"og:locale\" content=\"et_EE\" \/>\n<meta property=\"og:type\" content=\"article\" \/>\n<meta property=\"og:title\" content=\"10 parimat m\u00e4ngurikomplekti - DJ Music Geek\" \/>\n<meta property=\"og:url\" content=\"https:\/\/djmusicgeek.com\/et\/parimad-mangimine-top-10-parimat-mangimise-peakomplekti-ostmiseks-peakomplekti-ostmiseks\/\" \/>\n<meta property=\"og:site_name\" content=\"DJ Music Geek\" \/>\n<meta property=\"article:modified_time\" content=\"2026-03-01T13:47:56+00:00\" \/>\n<meta name=\"twitter:card\" content=\"summary_large_image\" \/>\n<script type=\"application\/ld+json\" class=\"yoast-schema-graph\">{\"@context\":\"https:\\\/\\\/schema.org\",\"@graph\":[{\"@type\":\"WebPage\",\"@id\":\"https:\\\/\\\/djmusicgeek.com\\\/et\\\/parimad-mangimine-top-10-parimat-mangimise-peakomplekti-ostmiseks-peakomplekti-ostmiseks\\\/\",\"url\":\"https:\\\/\\\/djmusicgeek.com\\\/et\\\/parimad-mangimine-top-10-parimat-mangimise-peakomplekti-ostmiseks-peakomplekti-ostmiseks\\\/\",\"name\":\"10 parimat m\u00e4ngurikomplekti - DJ Music Geek\",\"isPartOf\":{\"@id\":\"https:\\\/\\\/djmusicgeek.com\\\/#website\"},\"datePublished\":\"2024-06-14T21:53:57+00:00\",\"dateModified\":\"2026-03-01T13:47:56+00:00\",\"breadcrumb\":{\"@id\":\"https:\\\/\\\/djmusicgeek.com\\\/et\\\/parimad-mangimine-top-10-parimat-mangimise-peakomplekti-ostmiseks-peakomplekti-ostmiseks\\\/#breadcrumb\"},\"inLanguage\":\"et\",\"potentialAction\":[{\"@type\":\"ReadAction\",\"target\":[\"https:\\\/\\\/djmusicgeek.com\\\/et\\\/parimad-mangimine-top-10-parimat-mangimise-peakomplekti-ostmiseks-peakomplekti-ostmiseks\\\/\"]}]},{\"@type\":\"BreadcrumbList\",\"@id\":\"https:\\\/\\\/djmusicgeek.com\\\/et\\\/parimad-mangimine-top-10-parimat-mangimise-peakomplekti-ostmiseks-peakomplekti-ostmiseks\\\/#breadcrumb\",\"itemListElement\":[{\"@type\":\"ListItem\",\"position\":1,\"name\":\"Avaleht\",\"item\":\"https:\\\/\\\/djmusicgeek.com\\\/\"},{\"@type\":\"ListItem\",\"position\":2,\"name\":\"10 parimat m\u00e4ngurikomplekti &#8211;\"}]},{\"@type\":\"WebSite\",\"@id\":\"https:\\\/\\\/djmusicgeek.com\\\/#website\",\"url\":\"https:\\\/\\\/djmusicgeek.com\\\/\",\"name\":\"DJ Music Geek\",\"description\":\"\",\"potentialAction\":[{\"@type\":\"SearchAction\",\"target\":{\"@type\":\"EntryPoint\",\"urlTemplate\":\"https:\\\/\\\/djmusicgeek.com\\\/?s={search_term_string}\"},\"query-input\":{\"@type\":\"PropertyValueSpecification\",\"valueRequired\":true,\"valueName\":\"search_term_string\"}}],\"inLanguage\":\"et\"}]}<\/script>\n<!-- \/ Yoast SEO plugin. -->","yoast_head_json":{"title":"10 parimat m\u00e4ngurikomplekti - DJ Music Geek","robots":{"index":"index","follow":"follow","max-snippet":"max-snippet:-1","max-image-preview":"max-image-preview:large","max-video-preview":"max-video-preview:-1"},"canonical":"https:\/\/djmusicgeek.com\/et\/parimad-mangimine-top-10-parimat-mangimise-peakomplekti-ostmiseks-peakomplekti-ostmiseks\/","og_locale":"et_EE","og_type":"article","og_title":"10 parimat m\u00e4ngurikomplekti - DJ Music Geek","og_url":"https:\/\/djmusicgeek.com\/et\/parimad-mangimine-top-10-parimat-mangimise-peakomplekti-ostmiseks-peakomplekti-ostmiseks\/","og_site_name":"DJ Music Geek","article_modified_time":"2026-03-01T13:47:56+00:00","twitter_card":"summary_large_image","schema":{"@context":"https:\/\/schema.org","@graph":[{"@type":"WebPage","@id":"https:\/\/djmusicgeek.com\/et\/parimad-mangimine-top-10-parimat-mangimise-peakomplekti-ostmiseks-peakomplekti-ostmiseks\/","url":"https:\/\/djmusicgeek.com\/et\/parimad-mangimine-top-10-parimat-mangimise-peakomplekti-ostmiseks-peakomplekti-ostmiseks\/","name":"10 parimat m\u00e4ngurikomplekti - DJ Music Geek","isPartOf":{"@id":"https:\/\/djmusicgeek.com\/#website"},"datePublished":"2024-06-14T21:53:57+00:00","dateModified":"2026-03-01T13:47:56+00:00","breadcrumb":{"@id":"https:\/\/djmusicgeek.com\/et\/parimad-mangimine-top-10-parimat-mangimise-peakomplekti-ostmiseks-peakomplekti-ostmiseks\/#breadcrumb"},"inLanguage":"et","potentialAction":[{"@type":"ReadAction","target":["https:\/\/djmusicgeek.com\/et\/parimad-mangimine-top-10-parimat-mangimise-peakomplekti-ostmiseks-peakomplekti-ostmiseks\/"]}]},{"@type":"BreadcrumbList","@id":"https:\/\/djmusicgeek.com\/et\/parimad-mangimine-top-10-parimat-mangimise-peakomplekti-ostmiseks-peakomplekti-ostmiseks\/#breadcrumb","itemListElement":[{"@type":"ListItem","position":1,"name":"Avaleht","item":"https:\/\/djmusicgeek.com\/"},{"@type":"ListItem","position":2,"name":"10 parimat m\u00e4ngurikomplekti &#8211;"}]},{"@type":"WebSite","@id":"https:\/\/djmusicgeek.com\/#website","url":"https:\/\/djmusicgeek.com\/","name":"DJ Music Geek","description":"","potentialAction":[{"@type":"SearchAction","target":{"@type":"EntryPoint","urlTemplate":"https:\/\/djmusicgeek.com\/?s={search_term_string}"},"query-input":{"@type":"PropertyValueSpecification","valueRequired":true,"valueName":"search_term_string"}}],"inLanguage":"et"}]}},"_links":{"self":[{"href":"https:\/\/djmusicgeek.com\/et\/wp-json\/wp\/v2\/pages\/12775","targetHints":{"allow":["GET"]}}],"collection":[{"href":"https:\/\/djmusicgeek.com\/et\/wp-json\/wp\/v2\/pages"}],"about":[{"href":"https:\/\/djmusicgeek.com\/et\/wp-json\/wp\/v2\/types\/page"}],"author":[{"embeddable":true,"href":"https:\/\/djmusicgeek.com\/et\/wp-json\/wp\/v2\/users\/2"}],"replies":[{"embeddable":true,"href":"https:\/\/djmusicgeek.com\/et\/wp-json\/wp\/v2\/comments?post=12775"}],"version-history":[{"count":2,"href":"https:\/\/djmusicgeek.com\/et\/wp-json\/wp\/v2\/pages\/12775\/revisions"}],"predecessor-version":[{"id":16697,"href":"https:\/\/djmusicgeek.com\/et\/wp-json\/wp\/v2\/pages\/12775\/revisions\/16697"}],"wp:attachment":[{"href":"https:\/\/djmusicgeek.com\/et\/wp-json\/wp\/v2\/media?parent=12775"}],"curies":[{"name":"wp","href":"https:\/\/api.w.org\/{rel}","templated":true}]}}