{"id":12422,"date":"2024-01-19T02:13:41","date_gmt":"2024-01-19T02:13:41","guid":{"rendered":"https:\/\/djmusicgeek.com\/top-10-parimad-juhtmevabad-korvaklapid-mida-osta-uhendkuningriigis-jaoks\/"},"modified":"2026-03-01T13:46:19","modified_gmt":"2026-03-01T13:46:19","slug":"top-10-parimad-juhtmevabad-korvaklapid-mida-osta-uhendkuningriigis-jaoks","status":"publish","type":"page","link":"https:\/\/djmusicgeek.com\/et\/top-10-parimad-juhtmevabad-korvaklapid-mida-osta-uhendkuningriigis-jaoks\/","title":{"rendered":"10 parimat juhtmevaba k\u00f5rvaklappi, mida \u00dchendkuningriigis osta April 2026 [Uuendatud]"},"content":{"rendered":"","protected":false},"excerpt":{"rendered":"","protected":false},"author":2,"featured_media":0,"parent":0,"menu_order":0,"comment_status":"closed","ping_status":"closed","template":"sales-template.php","meta":{"_acf_changed":false,"footnotes":""},"class_list":["post-12422","page","type-page","status-publish","hentry"],"acf":{"product_2_supplier":"Amazon","product_3_supplier":"Amazon","product_4_supplier":"Amazon","product_5_supplier":"Amazon","product_6_supplier":"Amazon","product_7_supplier":"Amazon","product_8_supplier":"Amazon","product_9_supplier":"Amazon","product_10_supplier":"Amazon","exclude_from_search":true,"product_3_price":"","product_3_url":"","product_url":"https:\/\/www.shopsta.co.uk\/products\/soundpeats-mini-pro-hs-wireless-earbuds-bluetooth-anc-hi-res-sound","product_2_url":"https:\/\/www.shopsta.co.uk\/products\/tribit-flybuds-c2-wireless-bluetooth-earphones-4-mics-call-noise-canceling-crystal-clear-calls-earbuds-32h-playtime-headphones","product_price_shortcode":"\u00a379.99","product_discount_price_shortcode":"\u00a364.00","product_image_1":"https:\/\/cdn.shopify.com\/s\/files\/1\/0503\/4170\/7969\/files\/S01dda507573846b8bf7dfef5c3e59319p.webp?v=1705589004","product_image_2":"https:\/\/cdn.shopify.com\/s\/files\/1\/0503\/4170\/7969\/files\/Sa889552a83924fdb874785ba30cf9192a.webp?v=1705589004","product_image_3":"https:\/\/cdn.shopify.com\/s\/files\/1\/0503\/4170\/7969\/files\/S26bef3b5f5c54c1f9a6041ef40166764p.webp?v=1705589004","product_image_4":"https:\/\/cdn.shopify.com\/s\/files\/1\/0503\/4170\/7969\/files\/S2ab9ef8c42524edaae083d7cdd7137e1r.webp?v=1705589005","product_image_5":"https:\/\/cdn.shopify.com\/s\/files\/1\/0503\/4170\/7969\/files\/Scb1eb558b35d4f34871e168f74f908efC.webp?v=1705589005","product_image_6":"https:\/\/www.shopsta.co.uk\/cdn\/shop\/files\/Sa889552a83924fdb874785ba30cf9192a_1400x1400.webp?v=1705589004","product_image_7":"https:\/\/www.shopsta.co.uk\/cdn\/shop\/files\/S26bef3b5f5c54c1f9a6041ef40166764p_1400x1400.webp?v=1705589004","product_image_8":"https:\/\/www.shopsta.co.uk\/cdn\/shop\/files\/Scb1eb558b35d4f34871e168f74f908efC_1400x1400.webp?v=1705589005","product_2_asin":"B0CHWZ9TZS","product_3_asin":"B0B4KHCQ96","product_5_asin":"B09D7PXZV7","product_6_asin":"B09RZKHSD6","product_8_asin":"B095DNPH4R","product_9_asin":"B09RZJZ7YW","product_10_asin":"B0C9NGNBPG","product_2_image_1":"https:\/\/cdn.shopify.com\/s\/files\/1\/0503\/4170\/7969\/files\/Sb63526d4600f46848fe7de0e077cc862U.jpg?v=1695677154","product_2_image_2":"https:\/\/cdn.shopify.com\/s\/files\/1\/0503\/4170\/7969\/files\/Sc78e0c14e4e64fd58f35cba2ded94ad9r.jpg?v=1695677153","product_2_image_3":"https:\/\/cdn.shopify.com\/s\/files\/1\/0503\/4170\/7969\/files\/Seaaf380b94f049b4b91eb37d65f0c0b1L.jpg?v=1695677153","product_2_price":"\u00a347.99","product_2_discount_price":"\u00a338.39","product_4_asin":"B0979QQHFG","product_7_asin":"B09JQQDLXF","product_3_image_1":"","product_3_image_2":"","product_3_image_3":"","product_3_discount_price":"","language_code":"et","product_name":"SOUNDPEATS\u00ae Mini Pro","product_type":"Juhtmevabad k\u00f5rvaklapid","product_type_singular":"Traadita k\u00f5rvaklapid osta","product_full_name":"SOUNDPEATS\u00ae Mini Pro True Wireless k\u00f5rvaklapid","bullet_points":"<ul>\n<li>H\u00e4mmastav helikvaliteet: Need k\u00f5rvaklapid pakuvad rikkalikult \u00fcksikasjalikku heli, mis on parem kui CD-del, laia esitusribaga 20 Hz kuni 40 kHz. Nautige originaalsele salvestusele k\u00f5ige l\u00e4hemal olevat heli, et saada rikkalik ja kaasahaarav helikogemus. <\/li>\n<li>LDAC CODEC TEHNOLOOGIA: kogege sujuvat heli\u00fclekannet kolmekordse infokogusega v\u00f5rreldes traditsioonilise Bluetooth SBC koodekiga. Hinnake h\u00e4\u00e4le ja instrumentide n\u00fcansse, mille v\u00e4ljund on l\u00e4hedane looja algsele kavatsusele. <\/li>\n<li>ETTEVALMISTATUD M\u00dcRAKIIRUTUS: H\u00fcbriidse aktiivse m\u00fcrasummutustehnoloogiaga, mis v\u00e4hendab m\u00fcra kuni 40 dB, neutraliseerib v\u00e4liseid helisid, v\u00f5imaldades h\u00e4ireteta heli isegi m\u00fcrarikkas keskkonnas.<\/li>\n<li>PREMIUM D\u00dcNAAMILINE DIIVRIJA: sisaldab 10 mm d\u00fcnaamilist draiverit, mis tagab looduslike helide s\u00fcgavuse ja d\u00fcnaamilisuse, tuues uskumatult tasakaalustatud madalaid sagedusi sisaldava helikogemuse v\u00f5imalikult l\u00e4hedale originaalhinnale.<\/li>\n<li>Usaldusv\u00e4\u00e4rne aku eluiga: Nautige kuni 8 tundi pidevat muusikam\u00e4ngu ainult k\u00f5rvaklappidega ja kuni 28 tundi koos laadimiskohvriga. Ideaalne pikkade reiside, tihedate t\u00f6\u00f6p\u00e4evade ja pikemaajalise audiomeeleolu jaoks. <\/li>\n<li>OPTIMEERITUD KONVERENTSIDE JAOKS: Omadused: ENC-k\u00f5ne m\u00fcra t\u00fchistamise funktsioon ja 6 mikrofoni \u00fcmbritseva m\u00fcra v\u00e4lja filtreerimiseks, tagades vestluste ajal selge k\u00f5nekvaliteedi. Sobib ideaalselt kaugt\u00f6\u00f6ks ja veebikonverentsideks. <\/li>\n<\/ul>\n","features":"<p>H\u00e4mmastav helikvaliteet: Nautige heli nii, nagu see on m\u00f5eldud kuulamiseks. K\u00f5rvaklapid m\u00e4ngivad k\u00f5rgresolutsiooniga heli, mis on rikkalik, \u00fcksikasjalik ja elutruu. Lai taasesitusala 20 Hz kuni 40 kHz v\u00f5imaldab teil j\u00e4\u00e4dvustada iga n\u00fcanssi, pakkudes t\u00f5eliselt kaasahaaravat helikogemust.  <\/p>\n<p>\u00dcLEMP\u00c4RASTE H\u00c4\u00c4LTE\u00dcLEANDMINE: T\u00e4nu LDAC-koodekile suudavad need juhtmevabad k\u00f5rvaklapid edastada 3 korda rohkem andmeid kui traditsiooniline Bluetooth SBC-koodek, mis v\u00f5imaldab teil hinnata iga muusikalist detaili.  <\/p>\n<p>ETTEVALMISTATUD M\u00dcRAKATKEMINE: H\u00fcbriidne aktiivne m\u00fcrasummutustehnoloogia v\u00e4hendab m\u00fcra kuni 40 dB, v\u00e4hendades t\u00f5husalt taustam\u00fcra. Nautige katkematut ja rahulikku helikogemust, kus iganes te ka ei viibiksite. <\/p>\n<p>PREMIUM 10MM D\u00dcNAAMILINE DISAATOR: 10mm d\u00fcnaamilise draiveriga tagavad need k\u00f5rvaklapid s\u00fcgavuse keskmise-madalate helide ja loomulike helide d\u00fcnaamilisuse. Tulemuseks on h\u00e4sti tasakaalustatud ja originaalsele salvestusele uskumatult l\u00e4hedane sageduste kogumik. <\/p>\n<p>Usaldusv\u00e4\u00e4rne aku eluiga: Vaatamata oma kompaktsele disainile on need k\u00f5rvaklapid varustatud kuni 8 tundi pidevat m\u00e4nguaega ja t\u00e4iendavalt 20 tundi koos laadimiskohvriga. Seet\u00f5ttu sobivad need ideaalselt pikkadeks pendelr\u00e4nneteks, pidevateks t\u00f6\u00f6p\u00e4evadeks v\u00f5i pikemateks audio- ja meelelahutussessioonideks. <\/p>\n<p>Optimeeritud k\u00f5nedeks: SOUNDPEATS Mini Pro k\u00f5rvaklapid on varustatud ENC-k\u00f5ne m\u00fcrasummutusfunktsiooniga ja 6 mikrofoniga &#8211; 3 igas k\u00f5rvaklapis -, mis on m\u00f5eldud teie h\u00e4\u00e4le parandamiseks k\u00f5nede ajal, filtreerides v\u00e4lja \u00fcmbritseva m\u00fcra. Ideaalne kaugt\u00f6\u00f6ks ja veebikonverentsideks. <\/p>\n<p>TIPPTASEMEL SPETSIFIKATSIOONID: Need k\u00f5rvaklapid on varustatud paljude tipptasemel funktsioonidega, sealhulgas Bluetooth-kiibistikuga WQ7033AR, 32\u03a9 vastupidavusega, sagedusvahemikuga 20-40 000 Hz, AAC, SBC, LDAC koodekitega, aktiivse m\u00fcrasummutusega ja Bluetooth-versiooniga 5.3.<\/p>\n<p>KARBI SISU: Lisaks kahele Mini Pro HS Bluetooth-k\u00f5rvaklappidele on karbis C-t\u00fc\u00fcpi laadimiskaabel, 6 vahetatavat k\u00f5rvaklappi, laadimiskohver ja kasutusjuhend.<\/p>\n","rating":"9.8","intro_text":"<p>Tere tulemast DJ Music Geek&#8217;ile, teie uuemate ja parimate heliseadmete allikale. Kui otsite laitmatut helikvaliteeti, turvalist istuvust, muljetavaldavat aku kestvust ja sujuvat juhtmevaba kogemust, siis olete \u00f5iges kohas. P\u00fchendunud audiofiilide ja tehnoloogiaentusiastidena toome teile p\u00f5hjalikud ja autoriteetsed \u00fclevaated ning soovitused turu parimate juhtmevabade k\u00f5rvaklappide kohta. Oleme proovinud ja katsetanud k\u00f5ike, alates soodsatest ostudest kuni k\u00f5rgekvaliteediliste ostudeni, et anda teile teavet, mida vajate \u00f5ige valiku tegemiseks. Ole valmis uuendama oma kuulamiskogemust juhtmevabade k\u00f5rvaklappidega, mis tabavad t\u00f5eliselt \u00f5iget nooti.    <\/p>\n","text_before_product_box":"<p>SOUNDPEATS\u00ae Mini Pro True Wireless k\u00f5rvaklapid teenivad meie testides parimad hinded oma v\u00f5rratu helikvaliteedi, v\u00e4\u00e4rtuse ja innovaatiliste funktsioonide kombinatsiooni eest. Need k\u00f5rvaklapid \u00fcletavad konkurente oma suure eraldusv\u00f5imega heli taasesituse ja eksklusiivse LDAC-koodekiga, mis tagab suurep\u00e4rase heli edastamise. Need on taskukohase hinnaga, kuid pakuvad ka suurep\u00e4rast investeeringutasuvust, sealhulgas selliseid funktsioone nagu h\u00fcbriidne aktiivne m\u00fcrasummutus ja kuni 28-tunnine aku kestvus.  <\/p>\n","text_after_product_box":"<p>Juhtmevabade k\u00f5rvaklappide valimisel on v\u00e4ga oluline hinna ja kvaliteedi suhe. SOUNDPEATS Mini Pro juhtmevabad k\u00f5rvaklapid pakuvad just seda. P\u00e4rast selle toote testimist saame teile garanteerida, et see toode pakub v\u00f5rratut helikvaliteeti, t\u00e4iustatud funktsioone ja suurep\u00e4rast pikaealisust v\u00e4ga konkurentsiv\u00f5imelise hinnaga.    <\/p>\n<p>T\u00e4nu suure eraldusv\u00f5imega heliallika taasesitusele ja suurep\u00e4rasele LDAC-koodekitehnoloogiale avaldas meile muljet rikkalik, \u00fcksikasjalik ja elutruu heliv\u00e4ljund. Toode pakub rikastatud ja kaasahaaravat helikogemust, mis on CD-dest palju parem. Lisaks on k\u00f5rvaklappidel aktiivne m\u00fcrasummutus, mis neutraliseerib t\u00f5husalt v\u00e4liseid helisid &#8211; t\u00f5eline eelis m\u00fcrarikkas keskkonnas.  <\/p>\n<p>SOUNDPEATS Mini Pro k\u00f5rvaklappide aku kestab usaldusv\u00e4\u00e4rselt kuni 8 tundi ainult k\u00f5rvaklappidega ja 28 tundi koos laadimiskohvriga, mist\u00f5ttu sobivad need ideaalselt pikkadeks reisideks ja ulatuslikuks audiomeelelahutuseks. Lisaks leidsime, et t\u00e4nu sisseehitatud ENC-k\u00f5ne m\u00fcrasummutusfunktsioonile ja kuuele mikrofonile on see mudel suurep\u00e4rane kaugt\u00f6\u00f6ks ja veebikonverentsideks. Seega, kui otsite toodet, mis pakub parimat tasakaalu tipptasemel funktsioonide ja taskukohasuse vahel, siis SOUNDPEATS Mini Pro on \u00f5ige valik.  <\/p>\n","why_the_best_text":"<p>Kui on vaja leida juhtmevabade k\u00f5rvaklappide komplekt, mis pakub raha eest k\u00f5rget v\u00e4\u00e4rtust, siis usume, et SOUNDPEATS\u00ae Mini Pro True Wireless Earbuds paistavad teiste seast silma. Arvestades selle konkurentsiv\u00f5imelist hinda, on see t\u00e4is funktsioone, mida oleme isiklikult testinud ja leidnud, et see pakub erakordset j\u00f5udlust. <\/p>\n<p>Nende k\u00f5rvaklappide \u00fcks k\u00f5ige erilisemaid omadusi on nende suurep\u00e4rane helikvaliteet. K\u00f5rgresolutsioonilise taasesituse, mis pakub CD-dega v\u00f5rreldes paremat heli, v\u00f5imaldab kasutajatel nautida rikastatud ja kaasahaaravat helikogemust. Selle laia sagedusalaga taasesitus, mis ulatub 20 Hz kuni 40 kHz, tagab heli, mis on k\u00f5ige l\u00e4hemal originaalsalvestusele. Lisaks on see varustatud t\u00e4iustatud m\u00fcrasummutustehnoloogiaga, mis v\u00e4hendab t\u00f5husalt keskkonnam\u00fcra, v\u00f5imaldades katkematut helikogemust.   <\/p>\n<p>Meile avaldas muljet ka selle muljetavaldav aku kestvus, mis kestab k\u00f5rvaklappidega kuni 8 tundi pidevat m\u00e4ngimist ja kokku 28 tundi koos laadimiskohvriga &#8211; seega sobib see ideaalselt pikkadeks reisideks v\u00f5i pikemateks audio- ja meelelahutussessioonideks. Sisseehitatud ENC-k\u00f5ne m\u00fcrasummutusfunktsioon ja kuus mikrofoni optimeerivad neid k\u00f5rvaklappe veelgi selgeteks vestlusteks, muutes need praktiliseks valikuks kaugt\u00f6\u00f6 v\u00f5i veebikonverentside pidamiseks. \u00dcldiselt usume, et SOUNDPEATS\u00ae Mini Pro pakub oma hinna eest m\u00e4rkimisv\u00e4\u00e4rset v\u00e4\u00e4rtust.  <\/p>\n","reviews_text":"<p>Parimate juhtmevabade k\u00f5rvaklappide valimine v\u00f5ib olla keeruline, arvestades turul saadaolevate v\u00f5imaluste suurt hulka. Siin on peamised tegurid, mida peaksite parima valiku tegemiseks arvesse v\u00f5tma. <\/p>\n<ol>\n<li>Heli kvaliteet: K\u00f5rvaklapid peaksid pakkuma suurep\u00e4rast helikvaliteeti, mis v\u00f5imaldab edastada laia helisageduste vahemikku, v\u00f5imaldades nautida rikkalikku ja kaasahaaravat helikogemust.<\/li>\n<li>M\u00fcra t\u00fchistamise funktsioon: K\u00f5rgekvaliteedilised k\u00f5rvaklapid on varustatud t\u00e4iustatud m\u00fcrasummutustehnoloogiaga, mis neutraliseerib v\u00e4liseid helisid, v\u00f5imaldades teil nautida muusikat ilma h\u00e4ireteta.<\/li>\n<li>Aku eluiga: Parimad k\u00f5rvaklapid pakuvad usaldusv\u00e4\u00e4rset aku kestvust, mis v\u00f5ib kesta terve p\u00e4eva v\u00f5i pika reisi.<\/li>\n<li>Mugavus: K\u00f5rvaklapid peaksid olema mugavad pikema aja jooksul kanda ja sobima kindlalt k\u00f5rvadesse.<\/li>\n<li>\u00dclemiste funktsioonid: Kaaluge selliseid funktsioone nagu Bluetooth-kiibistik ja k\u00f5rge resolutsiooniga heliallikate taasesitus. Need aitavad kaasa k\u00f5rvaklappide \u00fcldisele j\u00f5udlusele. <\/li>\n<li>Hind: Hind: Arvestage alati hinnapoliitikaga. Parimad k\u00f5rvaklapid pakuvad suurep\u00e4raseid omadusi, vastupidavust ja helikvaliteeti hinnaga, mida on mugav maksta. <\/li>\n<\/ol>\n","top_pick_box_text":"<p>SOUNDPEATS\u00ae Mini Pro True Wireless k\u00f5rvaklapid pakuvad t\u00e4iustatud funktsioone taskukohase hinnaga, mis teeb neist suurep\u00e4rase valiku v\u00e4\u00e4rtustundlikele tarbijatele. Alates k\u00f5rgresolutsioonilisest helikvaliteedist, LDAC-koodekist suurep\u00e4rase heli edastamiseks kuni t\u00e4iustatud m\u00fcrasummutustehnoloogiani pakuvad need k\u00f5rvaklapid vaevata tipptasemel heliv\u00f5imsust. Lisaks sellele on neil usaldusv\u00e4\u00e4rne aku, mille kestus koos laadimiskohvriga on kuni 28 tundi, mis tagab, et teil on piisavalt energiat pikemaks ajaks audio-meelelahutuseks.  <\/p>\n<p>Need k\u00f5rvaklapid paistavad silma mitte ainult h\u00e4mmastava helikvaliteedi, vaid ka funktsionaalsuse poolest vestlustes ja konverentsidel &#8211; t\u00e4nu ENC-k\u00f5ne m\u00fcrasummutusfunktsioonile ja kuuele sisseehitatud mikrofonile. Nad pakuvad v\u00f5rratut tasakaalu hinna, j\u00f5udluse ja lisafunktsioonide vahel, mis teeb neist kindla valiku igaks elustiiliks ja juhuks. Need SOUNDPEATS\u00ae-i taskukohased juhtmevabad k\u00f5rvaklapid pakuvad t\u00f5eliselt isiklikku ja kaasahaaravat helikogemust.  <\/p>\n","bottom_text":"<p>Kokkuv\u00f5ttes on SOUNDPEATS\u00ae Mini Pro juhtmevabad k\u00f5rvaklapid silmapaistev toode ja suurep\u00e4rane ost. L\u00e4bi meie ulatusliku testimise on nad j\u00e4rjekindlalt t\u00f5estanud oma v\u00e4\u00e4rtust, uhkeldades tipptasemel funktsioonidega, mis asetavad nad konkurentidest ettepoole.   <\/p>\n<p>Nende suurep\u00e4rane helikvaliteet on t\u00e4helepanuv\u00e4\u00e4rne, heli taasesitus on nii rikkalik ja \u00fcksikasjalik, et saate tabada iga muusikalise n\u00fcansi. K\u00f5rvaklappide LDAC-koodekitehnoloogia tagab kolm korda suurema andmeedastuse kui traditsioonilised Bluetooth-koodekid, intensiivistades teie helikogemust. Koos t\u00e4iustatud m\u00fcrasummutusfunktsiooniga summutavad need k\u00f5rvaklapid vaevata taustam\u00fcra, luues katkematu helikeskkonna.    <\/p>\n<p>10 mm d\u00fcnaamilised draiverid tagavad tasakaalustatud sagedusvahemiku, mis vastab originaalsalvestusele, samal ajal kui rikkalik aku tagab kuni 8 tundi katkematut heli taasesitust, mis koos laadimiskohvriga pikeneb kuni 20 tunnini. T\u00e4nu nendele omadustele on see ideaalne kaaslane pikkadeks t\u00f6\u00f6p\u00e4evadeks ja reisimiseks.   <\/p>\n<p>Lisaks on need k\u00f5rvaklapid optimeeritud k\u00f5nede jaoks, tagades selge ja terava k\u00f5nekvaliteedi videokonverentsidel ja k\u00f5nedel. Selle tehnilised andmed, sealhulgas Bluetooth 5.3 versioon, on ajakohased ja karbi sisu sisaldab k\u00f5iki vajalikke tarvikuid koheseks kasutamiseks. <\/p>\n<p>Kokkuv\u00f5ttes on SOUNDPEATS\u00ae Mini Pro k\u00f5rvaklapid meie poolt testitud juhtmevabade k\u00f5rvaklappide hulgast vaieldamatult v\u00f5itnud t\u00e4nu nende silmapaistvale j\u00f5udlusele, suurep\u00e4rastele omadustele ja suurep\u00e4rasele helikvaliteedile. Nende muljetavaldavad omadused eristavad neid t\u00f5eliselt ja tagavad t\u00f5eliselt kaasahaarava kuulamiskogemuse. <\/p>\n","product_2_full_name":"Tribit FlyBuds C2 Bluetoothi juhtmevabad k\u00f5rvaklapid 4 mikrofoniga, m\u00fcrasummutus, 32h m\u00e4nguaeg.","product_2_bullet_points":"<ul>\n<li>KRISTALLIKLAARNE K\u00d5NNE: T\u00e4nu unikaalsele Qualcomm 4-Mic CVC 8.0 m\u00fcrasummutustehnoloogiale on k\u00f5ne kvaliteet suurep\u00e4rane isegi m\u00fcrarikkas keskkonnas.<\/li>\n<li>\u00dcLILINE H\u00c4\u00c4L: K\u00f5rvaklappide Qualcomm QCC3040 kiip, 13 mm suur d\u00fcnaamiline draiver ja APTX-kvaliteetne heli dekodeerimine tagavad t\u00e4iustatud heli selguse ja t\u00f5ep\u00e4rasuse.<\/li>\n<li>REGULEERITAVAD EQ SEADED: Tribiti rakendusega saate h\u00f5lpsasti valida 24 erineva eq-stiili vahel, nagu jazz, bass, ACG jne, et tagada teie kuulamiskogemus, mis on ideaalselt kohandatud teie eelistustele.<\/li>\n<li>PIKENDATUD M\u00c4NGUAEG: Iga k\u00f5rvaklapp pakub 8 tundi m\u00e4nguaega \u00fche laadimisega ja koos kaasasoleva laadimiskohvriga saate kokku 32 tundi juhtmevaba heli.<\/li>\n<li>T\u00f5eline juhtmeta ja kiire \u00fchendus: uusima Bluetooth 5.2 tehnoloogiaga varustatud k\u00f5rvaklapid tagavad tugevama ja stabiilsema \u00fchenduse katkematu heli taasesituse jaoks.<\/li>\n<li>MUGAVAD JA KERGE: Iga k\u00f5rvaklapp kaalub vaid 4 g, pakkudes mugavat ja survevaba kuulamiskogemust, mis sobib ideaalselt pikaajaliseks kasutamiseks.<\/li>\n<\/ul>","product_2_text_after":"Tribit FlyBuds C2 on meie teine valik t\u00e4nu oma m\u00e4rkimisv\u00e4\u00e4rsetele omadustele ja suurep\u00e4rasele hinna ja kvaliteedi suhtele. P\u00e4rast testimist hindasime k\u00f5rgelt selle uusimat Qualcomm QCC3040 kiipi, mis pakub suurep\u00e4rast heli dekodeerimist, ja ainulaadset Qualcomm 4-Mic CVC 8.0 tehnoloogiat, mis v\u00e4hendab m\u00e4rkimisv\u00e4\u00e4rselt taustam\u00fcra k\u00f5nede ajal. Uusim Bluetooth 5.2 tagab stabiilse ja v\u00f5imsa \u00fchenduse ning 32-tunnine pikendatud aku on ideaalne pikaajaliseks kasutamiseks. Vaatamata sellele, et sellel puudub juhtnupp v\u00f5i veekindel funktsioon, teevad t\u00f5eline traadita mugavus ja mugav laadimiskohver sellest tootest v\u00e4\u00e4rilise konkurendi. Lisaks toetab k\u00f5rvaklappe Tribit App, mis pakub y 24 erinevat EQ-stiili, mille hulgast valida, suurendades veelgi toote mitmek\u00fclgsust. Suurep\u00e4rase hinna ja kvaliteedi suhtega k\u00f5rvaklapid sobivad kasutajatele, kes otsivad kvaliteetset j\u00f5udlust, ilma et nad panga l\u00f5hkumata.     "},"yoast_head":"<!-- This site is optimized with the Yoast SEO plugin v27.3 - https:\/\/yoast.com\/product\/yoast-seo-wordpress\/ -->\n<title>10 parimat juhtmevaba k\u00f5rvaklappi, mida \u00dchendkuningriigis osta [month_year] [Uuendatud] - DJ Music Geek<\/title>\n<meta name=\"robots\" content=\"index, follow, max-snippet:-1, max-image-preview:large, max-video-preview:-1\" \/>\n<link rel=\"canonical\" href=\"https:\/\/djmusicgeek.com\/et\/top-10-parimad-juhtmevabad-korvaklapid-mida-osta-uhendkuningriigis-jaoks\/\" \/>\n<meta property=\"og:locale\" content=\"et_EE\" \/>\n<meta property=\"og:type\" content=\"article\" \/>\n<meta property=\"og:title\" content=\"10 parimat juhtmevaba k\u00f5rvaklappi, mida \u00dchendkuningriigis osta [month_year] [Uuendatud] - DJ Music Geek\" \/>\n<meta property=\"og:url\" content=\"https:\/\/djmusicgeek.com\/et\/top-10-parimad-juhtmevabad-korvaklapid-mida-osta-uhendkuningriigis-jaoks\/\" \/>\n<meta property=\"og:site_name\" content=\"DJ Music Geek\" \/>\n<meta property=\"article:modified_time\" content=\"2026-03-01T13:46:19+00:00\" \/>\n<meta name=\"twitter:card\" content=\"summary_large_image\" \/>\n<script type=\"application\/ld+json\" class=\"yoast-schema-graph\">{\"@context\":\"https:\\\/\\\/schema.org\",\"@graph\":[{\"@type\":\"WebPage\",\"@id\":\"https:\\\/\\\/djmusicgeek.com\\\/et\\\/top-10-parimad-juhtmevabad-korvaklapid-mida-osta-uhendkuningriigis-jaoks\\\/\",\"url\":\"https:\\\/\\\/djmusicgeek.com\\\/et\\\/top-10-parimad-juhtmevabad-korvaklapid-mida-osta-uhendkuningriigis-jaoks\\\/\",\"name\":\"10 parimat juhtmevaba k\u00f5rvaklappi, mida \u00dchendkuningriigis osta [month_year] [Uuendatud] - DJ Music Geek\",\"isPartOf\":{\"@id\":\"https:\\\/\\\/djmusicgeek.com\\\/#website\"},\"datePublished\":\"2024-01-19T02:13:41+00:00\",\"dateModified\":\"2026-03-01T13:46:19+00:00\",\"breadcrumb\":{\"@id\":\"https:\\\/\\\/djmusicgeek.com\\\/et\\\/top-10-parimad-juhtmevabad-korvaklapid-mida-osta-uhendkuningriigis-jaoks\\\/#breadcrumb\"},\"inLanguage\":\"et\",\"potentialAction\":[{\"@type\":\"ReadAction\",\"target\":[\"https:\\\/\\\/djmusicgeek.com\\\/et\\\/top-10-parimad-juhtmevabad-korvaklapid-mida-osta-uhendkuningriigis-jaoks\\\/\"]}]},{\"@type\":\"BreadcrumbList\",\"@id\":\"https:\\\/\\\/djmusicgeek.com\\\/et\\\/top-10-parimad-juhtmevabad-korvaklapid-mida-osta-uhendkuningriigis-jaoks\\\/#breadcrumb\",\"itemListElement\":[{\"@type\":\"ListItem\",\"position\":1,\"name\":\"Avaleht\",\"item\":\"https:\\\/\\\/djmusicgeek.com\\\/\"},{\"@type\":\"ListItem\",\"position\":2,\"name\":\"10 parimat juhtmevaba k\u00f5rvaklappi, mida \u00dchendkuningriigis osta March 2026 [Uuendatud]\"}]},{\"@type\":\"WebSite\",\"@id\":\"https:\\\/\\\/djmusicgeek.com\\\/#website\",\"url\":\"https:\\\/\\\/djmusicgeek.com\\\/\",\"name\":\"DJ Music Geek\",\"description\":\"\",\"potentialAction\":[{\"@type\":\"SearchAction\",\"target\":{\"@type\":\"EntryPoint\",\"urlTemplate\":\"https:\\\/\\\/djmusicgeek.com\\\/?s={search_term_string}\"},\"query-input\":{\"@type\":\"PropertyValueSpecification\",\"valueRequired\":true,\"valueName\":\"search_term_string\"}}],\"inLanguage\":\"et\"}]}<\/script>\n<!-- \/ Yoast SEO plugin. -->","yoast_head_json":{"title":"10 parimat juhtmevaba k\u00f5rvaklappi, mida \u00dchendkuningriigis osta [month_year] [Uuendatud] - DJ Music Geek","robots":{"index":"index","follow":"follow","max-snippet":"max-snippet:-1","max-image-preview":"max-image-preview:large","max-video-preview":"max-video-preview:-1"},"canonical":"https:\/\/djmusicgeek.com\/et\/top-10-parimad-juhtmevabad-korvaklapid-mida-osta-uhendkuningriigis-jaoks\/","og_locale":"et_EE","og_type":"article","og_title":"10 parimat juhtmevaba k\u00f5rvaklappi, mida \u00dchendkuningriigis osta [month_year] [Uuendatud] - DJ Music Geek","og_url":"https:\/\/djmusicgeek.com\/et\/top-10-parimad-juhtmevabad-korvaklapid-mida-osta-uhendkuningriigis-jaoks\/","og_site_name":"DJ Music Geek","article_modified_time":"2026-03-01T13:46:19+00:00","twitter_card":"summary_large_image","schema":{"@context":"https:\/\/schema.org","@graph":[{"@type":"WebPage","@id":"https:\/\/djmusicgeek.com\/et\/top-10-parimad-juhtmevabad-korvaklapid-mida-osta-uhendkuningriigis-jaoks\/","url":"https:\/\/djmusicgeek.com\/et\/top-10-parimad-juhtmevabad-korvaklapid-mida-osta-uhendkuningriigis-jaoks\/","name":"10 parimat juhtmevaba k\u00f5rvaklappi, mida \u00dchendkuningriigis osta [month_year] [Uuendatud] - DJ Music Geek","isPartOf":{"@id":"https:\/\/djmusicgeek.com\/#website"},"datePublished":"2024-01-19T02:13:41+00:00","dateModified":"2026-03-01T13:46:19+00:00","breadcrumb":{"@id":"https:\/\/djmusicgeek.com\/et\/top-10-parimad-juhtmevabad-korvaklapid-mida-osta-uhendkuningriigis-jaoks\/#breadcrumb"},"inLanguage":"et","potentialAction":[{"@type":"ReadAction","target":["https:\/\/djmusicgeek.com\/et\/top-10-parimad-juhtmevabad-korvaklapid-mida-osta-uhendkuningriigis-jaoks\/"]}]},{"@type":"BreadcrumbList","@id":"https:\/\/djmusicgeek.com\/et\/top-10-parimad-juhtmevabad-korvaklapid-mida-osta-uhendkuningriigis-jaoks\/#breadcrumb","itemListElement":[{"@type":"ListItem","position":1,"name":"Avaleht","item":"https:\/\/djmusicgeek.com\/"},{"@type":"ListItem","position":2,"name":"10 parimat juhtmevaba k\u00f5rvaklappi, mida \u00dchendkuningriigis osta March 2026 [Uuendatud]"}]},{"@type":"WebSite","@id":"https:\/\/djmusicgeek.com\/#website","url":"https:\/\/djmusicgeek.com\/","name":"DJ Music Geek","description":"","potentialAction":[{"@type":"SearchAction","target":{"@type":"EntryPoint","urlTemplate":"https:\/\/djmusicgeek.com\/?s={search_term_string}"},"query-input":{"@type":"PropertyValueSpecification","valueRequired":true,"valueName":"search_term_string"}}],"inLanguage":"et"}]}},"_links":{"self":[{"href":"https:\/\/djmusicgeek.com\/et\/wp-json\/wp\/v2\/pages\/12422","targetHints":{"allow":["GET"]}}],"collection":[{"href":"https:\/\/djmusicgeek.com\/et\/wp-json\/wp\/v2\/pages"}],"about":[{"href":"https:\/\/djmusicgeek.com\/et\/wp-json\/wp\/v2\/types\/page"}],"author":[{"embeddable":true,"href":"https:\/\/djmusicgeek.com\/et\/wp-json\/wp\/v2\/users\/2"}],"replies":[{"embeddable":true,"href":"https:\/\/djmusicgeek.com\/et\/wp-json\/wp\/v2\/comments?post=12422"}],"version-history":[{"count":2,"href":"https:\/\/djmusicgeek.com\/et\/wp-json\/wp\/v2\/pages\/12422\/revisions"}],"predecessor-version":[{"id":17323,"href":"https:\/\/djmusicgeek.com\/et\/wp-json\/wp\/v2\/pages\/12422\/revisions\/17323"}],"wp:attachment":[{"href":"https:\/\/djmusicgeek.com\/et\/wp-json\/wp\/v2\/media?parent=12422"}],"curies":[{"name":"wp","href":"https:\/\/api.w.org\/{rel}","templated":true}]}}